{"id":18138,"date":"2022-11-09T16:28:54","date_gmt":"2022-11-09T14:28:54","guid":{"rendered":"https:\/\/www.bdesign-floors.com\/zubehoer-pflege\/"},"modified":"2022-11-09T16:28:54","modified_gmt":"2022-11-09T14:28:54","slug":"zubehoer-pflege","status":"publish","type":"page","link":"https:\/\/www.bdesign-floors.com\/at\/zubehoer-pflege\/","title":{"rendered":"Zubeh\u00f6r &amp; Pflege"},"content":{"rendered":"<div id=\"bdesign2022_pageheader_block_62dfd623856fa\" class=\"bdesign2022_block bdesign2022_block--bdesign2022_pageheader\">\n    <div class=\"bdesign2022_block--wrapper\">\n                                    <div class=\"bdesign2022_ph-wrap is-single\">\n                    <div class=\"bdesign2022_ph-slide slidestyle-is-black orig-is-black active\">\n                        <div class=\"slide-image\">\n                            <img decoding=\"async\" class=\"img-fluid logo\" src=\"https:\/\/www.bdesign-floors.com\/wp-content\/uploads\/2022\/09\/zubehoer-pflege-boden-b-design.jpg\" srcset=\"https:\/\/www.bdesign-floors.com\/wp-content\/uploads\/2022\/09\/zubehoer-pflege-boden-b-design.jpg 1110w, https:\/\/www.bdesign-floors.com\/wp-content\/uploads\/2022\/09\/zubehoer-pflege-boden-b-design-768x521.jpg 768w, https:\/\/www.bdesign-floors.com\/wp-content\/uploads\/2022\/09\/zubehoer-pflege-boden-b-design-442x300.jpg 442w\">                        <\/div>\n                        <div class=\"slide-area\">\n                            <div class=\"slide-area-wrapper\">\n                                <h1>Schutz und Pflege f\u00fcr Ihren Traumboden<\/h1>\n                                <h6>Hier finden Sie hochwertiges Zubeh\u00f6r und die passende Pflege, mit der Sie Ihre B\u00f6den effektiv reinigen und sch\u00fctzen k\u00f6nnen.<\/h6>\n                                                                    <a class=\"cta_first btn btn-bdesign2022 btn-primary\" href=\"https:\/\/www.bdesign-floors.com\/wo-kaufen\/\">Wo kaufen<\/a>\n                                                                                            <\/div>\n                            <div class=\"slide-image-mobile d-md-none\">\n                                <img decoding=\"async\" class=\"img-fluid logo\" src=\"https:\/\/www.bdesign-floors.com\/wp-content\/uploads\/2022\/09\/zubehoer-pflege-boden-b-design.jpg\" srcset=\"https:\/\/www.bdesign-floors.com\/wp-content\/uploads\/2022\/09\/zubehoer-pflege-boden-b-design.jpg 1110w, https:\/\/www.bdesign-floors.com\/wp-content\/uploads\/2022\/09\/zubehoer-pflege-boden-b-design-768x521.jpg 768w, https:\/\/www.bdesign-floors.com\/wp-content\/uploads\/2022\/09\/zubehoer-pflege-boden-b-design-442x300.jpg 442w\">                            <\/div>\n                        <\/div>\n                    <\/div>\n                <\/div>\n                        <\/div>\n<\/div>\n<div id=\"bdesign2022_headline_block_62ea833e526c0\" class=\"bdesign2022_block bdesign2022_block--bdesign2022_headline\">\n    <div class=\"bdesign2022_block--wrapper\">\n        <div class=\"container my-4\">\n            \n                                    <h5 class=\"h5 text-start mt-5 mb-3\">Zubeh\u00f6r &amp; Pflege<\/h5>\n                                                    <h2 class=\"h2 text-start mt-2 mb-4\">Pflege und Zubeh\u00f6r zum Verlegen<\/h2>\n                                \n                        <\/div>\n    <\/div>\n<\/div>\n<div id=\"bdesign2022_2columntext_block_62ea8358526c1\" class=\"bdesign2022_block bdesign2022_block--bdesign2022_2columntext\">\n    <div class=\"bdesign2022_block--wrapper\">\n        <div class=\"container my-4\">\n            <div class=\"row align-items-start\">\n                <div class=\"col-12 col-xxl-4 offset-0 offset-xxl-2 my-3\">\n                    <p>Egal, ob Unterlegematte, Sockelleisten oder Reiniger \u2013 hier finden Sie, was Ihrem Designboden guttut. So erreichen Sie nicht nur eine ansprechendere Optik, sondern k\u00f6nnen auch den Wert Ihres Bodens dauerhaft erhalten. Je nach Ihren individuellen Bed\u00fcrfnissen k\u00f6nnen Sie zwischen hochwertigen<\/p>\n                <\/div>\n                <div class=\"c0l-12 col-xxl-4 xxl-3 my-3\">\n                    <p>Unterlagen und speziellen Reinigern w\u00e4hlen. Es stehen Ihnen ein Grundreiniger als Basispflege, Wischpflege f\u00fcr die nat\u00fcrliche Erhaltung Ihres Bodens und unser Auffrischer zum Schutz Ihrer B\u00f6den zur Auswahl. Entdecken Sie jetzt Zubeh\u00f6r und Pflegeprodukte von b!design.<\/p>\n                <\/div>\n            <\/div>\n        <\/div>\n    <\/div>\n<\/div>\n<div id=\"bdesign2022_imagetext_block_62e799efe8da2\" class=\"bdesign2022_block bdesign2022_block--bdesign2022_imagetext\">\n    <div class=\"bdesign2022_block--wrapper\">\n        <div class=\"container\">\n            <div class=\"row align-items-center align-items-xxl-start align-items-xxxl-center\">\n                <div class=\"d-block d-md-block col-md-7 col-xl-4 col-xxl-5 col-xxxl-7 col-type-is-image col-count-is-1\"><img decoding=\"async\" class=\"img-fluid col-img\" src=\"https:\/\/www.bdesign-floors.com\/wp-content\/uploads\/2022\/09\/unterlagsmatte-zubehoer-pflege-boden-b-design.jpg\" srcset=\"https:\/\/www.bdesign-floors.com\/wp-content\/uploads\/2022\/09\/unterlagsmatte-zubehoer-pflege-boden-b-design.jpg 1110w, https:\/\/www.bdesign-floors.com\/wp-content\/uploads\/2022\/09\/unterlagsmatte-zubehoer-pflege-boden-b-design-768x510.jpg 768w, https:\/\/www.bdesign-floors.com\/wp-content\/uploads\/2022\/09\/unterlagsmatte-zubehoer-pflege-boden-b-design-452x300.jpg 452w\"><\/div><div class=\"col-12 col-xl-7 col-xxl-6 col-xxxl-4 col-type-is-imagetext col-count-is-2\"><h3>Warum die b!design Unterlagsmatte?<\/h3><p>Die b!design Unterlagsmatte verf\u00fcgt \u00fcber eine ausgezeichnete Langzeitstabilit\u00e4t, sowie eine hohe Druckfestigkeit. Diese sch\u00fctzt die Klickverbindung vor Besch\u00e4digung oder Fugenbildung bei hoher Belastung. Dielen schwimmend verlegen? Klappt auch! Die Unterlagsmatte gleicht bei Temperaturwechsel ungehindert aus. Sie reduziert Schall, damit Ger\u00e4usche f\u00fcr Nachbarn unter Ihnen vermindert werden und Gehschall in Ihren R\u00e4umen verringert wird.<\/p>\n<p>Einen kalten Boden m\u00f6chte niemand. Darum verhindert die Matte auch das Abflie\u00dfen von W\u00e4rmeenergie \u00fcber den Boden. Und \u00fcber Schimmel m\u00fcssen Sie sich dank unserer Unterlagsmatte auch keine Sorgen machen, denn sie erm\u00f6glicht die Luftzirkulation direkt \u00fcber der Feuchtigkeitsbarriere.<\/p>\n<a class=\"btn btn-bdesign2022 btn-pagelink\" href=\"https:\/\/www.bauhaus.info\/trittschalldaemmung-unterlagsware\/bdesign-unterlagsmatte-db1510\/p\/22648264\" target=\"_blank\">Zum Shop<\/a><\/div>            <\/div>\n        <\/div>\n    <\/div>\n<\/div>\n<div id=\"bdesign2022_imagetext_block_62e79a3be8da5\" class=\"bdesign2022_block bdesign2022_block--bdesign2022_imagetext\">\n    <div class=\"bdesign2022_block--wrapper\">\n        <div class=\"container\">\n            <div class=\"row align-items-center align-items-xxl-start align-items-xxxl-center\">\n                <div class=\"col-12 col-xl-7 col-xxl-6 col-xxxl-4 col-type-is-imagetext col-count-is-1\"><h3>Schlagklotz f\u00fcr Vinylb\u00f6den mit Clic-Verbindung<\/h3><p>Dieser Schlagklotz ist speziell f\u00fcr die b!design Design-Bodenbel\u00e4ge mit Clic-Verbindung entwickelt. Er ist universell einsetzbar, sch\u00fctzt die Kante beim Verlegen und unterst\u00fctzt eine perfekte Installation. Der Klotz aus wei\u00dfem Kunststoff ist leicht zu handhaben und hilft Ihnen dabei, eine makellose und langlebige Montage zu erzielen.<\/p>\n<a class=\"btn btn-bdesign2022 btn-pagelink\" href=\"https:\/\/www.bauhaus.info\/bodenverlegewerkzeuge\/schlagklotz\/p\/22716693\" target=\"_blank\">Zum Shop<\/a><\/div><div class=\"d-block d-md-block col-md-7 col-xl-4 col-xxl-5 col-xxxl-7 col-type-is-image col-count-is-2\"><img decoding=\"async\" class=\"img-fluid col-img\" src=\"https:\/\/www.bdesign-floors.com\/wp-content\/uploads\/2022\/09\/schlagklotz-zubehoer-pflege-boden-b-design.jpg\" srcset=\"https:\/\/www.bdesign-floors.com\/wp-content\/uploads\/2022\/09\/schlagklotz-zubehoer-pflege-boden-b-design.jpg 1110w, https:\/\/www.bdesign-floors.com\/wp-content\/uploads\/2022\/09\/schlagklotz-zubehoer-pflege-boden-b-design-768x510.jpg 768w, https:\/\/www.bdesign-floors.com\/wp-content\/uploads\/2022\/09\/schlagklotz-zubehoer-pflege-boden-b-design-452x300.jpg 452w\"><\/div>            <\/div>\n        <\/div>\n    <\/div>\n<\/div>\n<div id=\"bdesign2022_imagetext_block_63186497b5d1a\" class=\"bdesign2022_block bdesign2022_block--bdesign2022_imagetext\">\n    <div class=\"bdesign2022_block--wrapper\">\n        <div class=\"container\">\n            <div class=\"row align-items-center align-items-xxl-start align-items-xxxl-center\">\n                <div class=\"d-block d-md-block col-md-7 col-xl-4 col-xxl-5 col-xxxl-7 col-type-is-image col-count-is-1\"><img decoding=\"async\" class=\"img-fluid col-img\" src=\"https:\/\/www.bdesign-floors.com\/wp-content\/uploads\/2022\/09\/scratchfix-zubehoer-pflege-boden-b-design.jpg\" srcset=\"https:\/\/www.bdesign-floors.com\/wp-content\/uploads\/2022\/09\/scratchfix-zubehoer-pflege-boden-b-design.jpg 1110w, https:\/\/www.bdesign-floors.com\/wp-content\/uploads\/2022\/09\/scratchfix-zubehoer-pflege-boden-b-design-768x510.jpg 768w, https:\/\/www.bdesign-floors.com\/wp-content\/uploads\/2022\/09\/scratchfix-zubehoer-pflege-boden-b-design-452x300.jpg 452w\"><\/div><div class=\"col-12 col-xl-7 col-xxl-6 col-xxxl-4 col-type-is-imagetext col-count-is-2\"><h3>Dr.Schutz Reperatur-Set: ScratchFix<\/h3><p>Hat Ihr Boden ein paar Gebrauchsspuren? Kein Problem: Das Scratchfix-Floor-Repair-Set von Dr. Schutz ist die ideale L\u00f6sung f\u00fcr die partielle Sanierung von Kratzern und Wei\u00dfbruch auf Designb\u00f6den und anderen elastischen Bodenbel\u00e4gen. Es umfasst das PU Repair Spray zur Sanierung feinerer Oberfl\u00e4chenverkratzungen und den PU Repair Stift zur Ausbesserung tiefergehender Kratzer. Au\u00dferdem beinhaltet es ein komplettes Zubeh\u00f6rpaket mit Verarbeitungsanleitung. Alles optimal abgestimmt im Glanzgrad auf moderne Designb\u00f6den.<\/p>\n<a class=\"btn btn-bdesign2022 btn-pagelink\" href=\"https:\/\/www.bauhaus.info\/suche\/produkte?text=ScratchFix\" target=\"_blank\">Zum Shop<\/a><\/div>            <\/div>\n        <\/div>\n    <\/div>\n<\/div>\n<div id=\"bdesign2022_imagetext_block_631985a118e97\" class=\"bdesign2022_block bdesign2022_block--bdesign2022_imagetext\">\n    <div class=\"bdesign2022_block--wrapper\">\n        <div class=\"container\">\n            <div class=\"row align-items-center align-items-xxl-start align-items-xxxl-center\">\n                <div class=\"col-12 col-xl-7 col-xxl-6 col-xxxl-4 col-type-is-imagetext col-count-is-1\"><h3>Pflege: Vom Grundreiniger bis hin zum Auffrischer<\/h3><p>Mit unseren drei Pflegeprodukten sieht Ihr Boden im Handumdrehen wieder frisch und strahlend aus: Entdecken Sie unseren Auffrischer, die Wischpflege und den Grundreiniger.<\/p>\n<a class=\"btn btn-bdesign2022 btn-pagelink\" href=\"https:\/\/www.bauhaus.info\/bodenreiniger\/c\/10000742?q=%3Abrands%3Ab%5C%21design\" target=\"_blank\">Zum Shop<\/a><\/div><div class=\"d-block d-md-block col-md-7 col-xl-4 col-xxl-5 col-xxxl-7 col-type-is-image col-count-is-2\"><img decoding=\"async\" class=\"img-fluid col-img\" src=\"https:\/\/www.bdesign-floors.com\/wp-content\/uploads\/2022\/09\/pflegemittel-zubehoer-pflege-boden-b-design.jpg\" srcset=\"https:\/\/www.bdesign-floors.com\/wp-content\/uploads\/2022\/09\/pflegemittel-zubehoer-pflege-boden-b-design.jpg 1110w, https:\/\/www.bdesign-floors.com\/wp-content\/uploads\/2022\/09\/pflegemittel-zubehoer-pflege-boden-b-design-768x510.jpg 768w, https:\/\/www.bdesign-floors.com\/wp-content\/uploads\/2022\/09\/pflegemittel-zubehoer-pflege-boden-b-design-452x300.jpg 452w\"><\/div>            <\/div>\n        <\/div>\n    <\/div>\n<\/div>\n","protected":false},"excerpt":{"rendered":"","protected":false},"author":8,"featured_media":0,"parent":0,"menu_order":3,"comment_status":"closed","ping_status":"closed","template":"","meta":{"_acf_changed":false,"footnotes":""},"class_list":["post-18138","page","type-page","status-publish","hentry"],"acf":[],"yoast_head":"<!-- This site is optimized with the Yoast SEO plugin v24.2 - https:\/\/yoast.com\/wordpress\/plugins\/seo\/ -->\n<title>Zubeh\u00f6r und Pflege | b!design<\/title>\n<meta name=\"description\" content=\"Die richtigen Reinigungs- und Pflegemittel f\u00fcr Ihren neuen Boden finden Sie ebenfalls bei b!design. Entdecken Sie jetzt unsere Auswahl an hochwertigem Zubeh\u00f6r!\" \/>\n<meta name=\"robots\" content=\"index, follow, max-snippet:-1, max-image-preview:large, max-video-preview:-1\" \/>\n<link rel=\"canonical\" href=\"https:\/\/www.bdesign-floors.com\/at\/zubehoer-pflege\/\" \/>\n<meta property=\"og:locale\" content=\"de_DE\" \/>\n<meta property=\"og:type\" content=\"article\" \/>\n<meta property=\"og:title\" content=\"Zubeh\u00f6r und Pflege | b!design\" \/>\n<meta property=\"og:description\" content=\"Die richtigen Reinigungs- und Pflegemittel f\u00fcr Ihren neuen Boden finden Sie ebenfalls bei b!design. Entdecken Sie jetzt unsere Auswahl an hochwertigem Zubeh\u00f6r!\" \/>\n<meta property=\"og:url\" content=\"https:\/\/www.bdesign-floors.com\/at\/zubehoer-pflege\/\" \/>\n<meta property=\"og:site_name\" content=\"b!design\" \/>\n<meta name=\"twitter:card\" content=\"summary_large_image\" \/>\n<script type=\"application\/ld+json\" class=\"yoast-schema-graph\">{\"@context\":\"https:\/\/schema.org\",\"@graph\":[{\"@type\":\"WebPage\",\"@id\":\"https:\/\/www.bdesign-floors.com\/at\/zubehoer-pflege\/\",\"url\":\"https:\/\/www.bdesign-floors.com\/at\/zubehoer-pflege\/\",\"name\":\"Zubeh\u00f6r und Pflege | b!design\",\"isPartOf\":{\"@id\":\"https:\/\/bdesign.wp.factory.blim-dev.com\/#website\"},\"datePublished\":\"2022-11-09T14:28:54+00:00\",\"dateModified\":\"2022-11-09T14:28:54+00:00\",\"description\":\"Die richtigen Reinigungs- und Pflegemittel f\u00fcr Ihren neuen Boden finden Sie ebenfalls bei b!design. Entdecken Sie jetzt unsere Auswahl an hochwertigem Zubeh\u00f6r!\",\"breadcrumb\":{\"@id\":\"https:\/\/www.bdesign-floors.com\/at\/zubehoer-pflege\/#breadcrumb\"},\"inLanguage\":\"de-AT\",\"potentialAction\":[{\"@type\":\"ReadAction\",\"target\":[\"https:\/\/www.bdesign-floors.com\/at\/zubehoer-pflege\/\"]}]},{\"@type\":\"BreadcrumbList\",\"@id\":\"https:\/\/www.bdesign-floors.com\/at\/zubehoer-pflege\/#breadcrumb\",\"itemListElement\":[{\"@type\":\"ListItem\",\"position\":1,\"name\":\"Home\",\"item\":\"https:\/\/www.bdesign-floors.com\/at\/\"},{\"@type\":\"ListItem\",\"position\":2,\"name\":\"Zubeh\u00f6r &amp; Pflege\"}]},{\"@type\":\"WebSite\",\"@id\":\"https:\/\/bdesign.wp.factory.blim-dev.com\/#website\",\"url\":\"https:\/\/bdesign.wp.factory.blim-dev.com\/\",\"name\":\"b!design\",\"description\":\"Just another WordPress site\",\"potentialAction\":[{\"@type\":\"SearchAction\",\"target\":{\"@type\":\"EntryPoint\",\"urlTemplate\":\"https:\/\/bdesign.wp.factory.blim-dev.com\/?s={search_term_string}\"},\"query-input\":{\"@type\":\"PropertyValueSpecification\",\"valueRequired\":true,\"valueName\":\"search_term_string\"}}],\"inLanguage\":\"de-AT\"}]}<\/script>\n<!-- \/ Yoast SEO plugin. -->","yoast_head_json":{"title":"Zubeh\u00f6r und Pflege | b!design","description":"Die richtigen Reinigungs- und Pflegemittel f\u00fcr Ihren neuen Boden finden Sie ebenfalls bei b!design. Entdecken Sie jetzt unsere Auswahl an hochwertigem Zubeh\u00f6r!","robots":{"index":"index","follow":"follow","max-snippet":"max-snippet:-1","max-image-preview":"max-image-preview:large","max-video-preview":"max-video-preview:-1"},"canonical":"https:\/\/www.bdesign-floors.com\/at\/zubehoer-pflege\/","og_locale":"de_DE","og_type":"article","og_title":"Zubeh\u00f6r und Pflege | b!design","og_description":"Die richtigen Reinigungs- und Pflegemittel f\u00fcr Ihren neuen Boden finden Sie ebenfalls bei b!design. Entdecken Sie jetzt unsere Auswahl an hochwertigem Zubeh\u00f6r!","og_url":"https:\/\/www.bdesign-floors.com\/at\/zubehoer-pflege\/","og_site_name":"b!design","twitter_card":"summary_large_image","schema":{"@context":"https:\/\/schema.org","@graph":[{"@type":"WebPage","@id":"https:\/\/www.bdesign-floors.com\/at\/zubehoer-pflege\/","url":"https:\/\/www.bdesign-floors.com\/at\/zubehoer-pflege\/","name":"Zubeh\u00f6r und Pflege | b!design","isPartOf":{"@id":"https:\/\/bdesign.wp.factory.blim-dev.com\/#website"},"datePublished":"2022-11-09T14:28:54+00:00","dateModified":"2022-11-09T14:28:54+00:00","description":"Die richtigen Reinigungs- und Pflegemittel f\u00fcr Ihren neuen Boden finden Sie ebenfalls bei b!design. Entdecken Sie jetzt unsere Auswahl an hochwertigem Zubeh\u00f6r!","breadcrumb":{"@id":"https:\/\/www.bdesign-floors.com\/at\/zubehoer-pflege\/#breadcrumb"},"inLanguage":"de-AT","potentialAction":[{"@type":"ReadAction","target":["https:\/\/www.bdesign-floors.com\/at\/zubehoer-pflege\/"]}]},{"@type":"BreadcrumbList","@id":"https:\/\/www.bdesign-floors.com\/at\/zubehoer-pflege\/#breadcrumb","itemListElement":[{"@type":"ListItem","position":1,"name":"Home","item":"https:\/\/www.bdesign-floors.com\/at\/"},{"@type":"ListItem","position":2,"name":"Zubeh\u00f6r &amp; Pflege"}]},{"@type":"WebSite","@id":"https:\/\/bdesign.wp.factory.blim-dev.com\/#website","url":"https:\/\/bdesign.wp.factory.blim-dev.com\/","name":"b!design","description":"Just another WordPress site","potentialAction":[{"@type":"SearchAction","target":{"@type":"EntryPoint","urlTemplate":"https:\/\/bdesign.wp.factory.blim-dev.com\/?s={search_term_string}"},"query-input":{"@type":"PropertyValueSpecification","valueRequired":true,"valueName":"search_term_string"}}],"inLanguage":"de-AT"}]}},"_links":{"self":[{"href":"https:\/\/www.bdesign-floors.com\/at\/wp-json\/wp\/v2\/pages\/18138","targetHints":{"allow":["GET"]}}],"collection":[{"href":"https:\/\/www.bdesign-floors.com\/at\/wp-json\/wp\/v2\/pages"}],"about":[{"href":"https:\/\/www.bdesign-floors.com\/at\/wp-json\/wp\/v2\/types\/page"}],"author":[{"embeddable":true,"href":"https:\/\/www.bdesign-floors.com\/at\/wp-json\/wp\/v2\/users\/8"}],"replies":[{"embeddable":true,"href":"https:\/\/www.bdesign-floors.com\/at\/wp-json\/wp\/v2\/comments?post=18138"}],"version-history":[{"count":1,"href":"https:\/\/www.bdesign-floors.com\/at\/wp-json\/wp\/v2\/pages\/18138\/revisions"}],"predecessor-version":[{"id":18144,"href":"https:\/\/www.bdesign-floors.com\/at\/wp-json\/wp\/v2\/pages\/18138\/revisions\/18144"}],"wp:attachment":[{"href":"https:\/\/www.bdesign-floors.com\/at\/wp-json\/wp\/v2\/media?parent=18138"}],"curies":[{"name":"wp","href":"https:\/\/api.w.org\/{rel}","templated":true}]}}