{"id":18181,"date":"2022-11-09T16:31:24","date_gmt":"2022-11-09T14:31:24","guid":{"rendered":"https:\/\/www.bdesign-floors.com\/wissenswertes\/gesundes-wohnen\/"},"modified":"2022-11-09T16:31:25","modified_gmt":"2022-11-09T14:31:25","slug":"gesundes-wohnen","status":"publish","type":"page","link":"https:\/\/www.bdesign-floors.com\/at\/wissenswertes\/gesundes-wohnen\/","title":{"rendered":"Gesundes Wohnen"},"content":{"rendered":"<div id=\"bdesign2022_pageheader_block_62dfd623856fa\" class=\"bdesign2022_block bdesign2022_block--bdesign2022_pageheader\">\n    <div class=\"bdesign2022_block--wrapper\">\n                                    <div class=\"bdesign2022_ph-wrap is-single\">\n                    <div class=\"bdesign2022_ph-slide slidestyle-is-black orig-is-black active\">\n                        <div class=\"slide-image\">\n                            <img decoding=\"async\" class=\"img-fluid logo\" src=\"https:\/\/www.bdesign-floors.com\/wp-content\/uploads\/2022\/08\/sentinel-haus-zertifikat-gesund-wohnen-b-design.jpg\" srcset=\"https:\/\/www.bdesign-floors.com\/wp-content\/uploads\/2022\/08\/sentinel-haus-zertifikat-gesund-wohnen-b-design.jpg 1110w, https:\/\/www.bdesign-floors.com\/wp-content\/uploads\/2022\/08\/sentinel-haus-zertifikat-gesund-wohnen-b-design-768x521.jpg 768w, https:\/\/www.bdesign-floors.com\/wp-content\/uploads\/2022\/08\/sentinel-haus-zertifikat-gesund-wohnen-b-design-442x300.jpg 442w\">                        <\/div>\n                        <div class=\"slide-area\">\n                            <div class=\"slide-area-wrapper\">\n                                <h1>Gesundes Wohnen \u2013 zertifiziert schadstoffarm<\/h1>\n                                <h6>b!design setzt auf den nachhaltigen Umgang mit Rohstoffen f\u00fcr eine langfristig gesunde Umwelt, das best\u00e4tigt auch das Sentinel Haus Institut.<\/h6>\n                                                                                            <\/div>\n                            <div class=\"slide-image-mobile d-md-none\">\n                                <img decoding=\"async\" class=\"img-fluid logo\" src=\"https:\/\/www.bdesign-floors.com\/wp-content\/uploads\/2022\/08\/sentinel-haus-zertifikat-gesund-wohnen-b-design.jpg\" srcset=\"https:\/\/www.bdesign-floors.com\/wp-content\/uploads\/2022\/08\/sentinel-haus-zertifikat-gesund-wohnen-b-design.jpg 1110w, https:\/\/www.bdesign-floors.com\/wp-content\/uploads\/2022\/08\/sentinel-haus-zertifikat-gesund-wohnen-b-design-768x521.jpg 768w, https:\/\/www.bdesign-floors.com\/wp-content\/uploads\/2022\/08\/sentinel-haus-zertifikat-gesund-wohnen-b-design-442x300.jpg 442w\">                            <\/div>\n                        <\/div>\n                    <\/div>\n                <\/div>\n                        <\/div>\n<\/div>\n<div id=\"bdesign2022_headline_block_62ea833e526c0\" class=\"bdesign2022_block bdesign2022_block--bdesign2022_headline\">\n    <div class=\"bdesign2022_block--wrapper\">\n        <div class=\"container my-4\">\n            \n                                    <h5 class=\"h5 text-start mt-5 mb-3\">Empfohlen durch das Sentinel Haus Institut<\/h5>\n                                                    <h2 class=\"h2 text-start mt-2 mb-4\">Das Sentinel Haus: <br>Gepr\u00fcft. Bewertet. Freigegeben.<\/h2>\n                                \n                        <\/div>\n    <\/div>\n<\/div>\n<div id=\"bdesign2022_2columntext_block_62ea8358526c1\" class=\"bdesign2022_block bdesign2022_block--bdesign2022_2columntext\">\n    <div class=\"bdesign2022_block--wrapper\">\n        <div class=\"container my-4\">\n            <div class=\"row align-items-start\">\n                <div class=\"col-12 col-xxl-4 offset-0 offset-xxl-2 my-3\">\n                    <p>Geben wir es doch mal zu \u2013 gesund sein und leben wollen wir alle. Der hohe Stellenwert des pers\u00f6nlichen Wohlbefindens und das der eigenen Familie ist unbestritten und steigt seit Jahren kontinuierlich. In erster Linie denken wir dabei aber an die Bereiche Ern\u00e4hrung, Fitness und Wellness. Wieso nicht an B\u00f6den? Genau hier kommt b!design ins Spiel: Holen Sie sich wohngesunde <a href=\"https:\/\/www.bdesign-floors.com\/at\/?page_id=18065\">Designb\u00f6den<\/a> in Ihre vier W\u00e4nde \u2013 und atmen Sie durch! Die b!design-B\u00f6den sind von unserem Partner \u2013<\/p>\n                <\/div>\n                <div class=\"c0l-12 col-xxl-4 xxl-3 my-3\">\n                    <p>dem <a href=\"https:\/\/www.sentinel-haus.de\/de\/suche?term=b!design+&amp;manufacturer%5B%5D=10819\" target=\"_blank\" rel=\"noopener\">Sentinel Haus Institut<\/a> \u2013 gepr\u00fcft, bewertet und freigegeben. Das Institut ist Markt- und Wissensf\u00fchrer im Bereich Geb\u00e4udegesundheit. Und erarbeitet in einem umfassenden Netzwerk die wissenschaftlichen Erkenntnisse zur Innenraum\u00adgesundheit. Diese werden an\u00adschlie\u00dfend durch die praktische Umsetzung in Geb\u00e4uden aller Art vermarktet. Sie k\u00f6nnen sich also sicher sein: Bodenbel\u00e4ge, gepr\u00fcft vom Sentinel Haus Institut, sind schadstoffarm und wohngesund.<\/p>\n                <\/div>\n            <\/div>\n        <\/div>\n    <\/div>\n<\/div>\n<div id=\"bdesign2022_customcontent_block_63049aa17eb90\" class=\"bdesign2022_block bdesign2022_block--bdesign2022_customcontent\">\n    <div class=\"bdesign2022_block--wrapper\">\n        <div class=\"container\">\n            <div class=\"row\">\n                \n                <div class=\"col-12 col-sm-10\" style=\"margin:0 auto;text-align: center;\">\n                    <div class=\"container-centered\">\n                        <p><img loading=\"lazy\" decoding=\"async\" class=\"size-medium wp-image-3449 aligncenter\" src=\"https:\/\/www.bdesign-floors.com\/wp-content\/uploads\/2022\/09\/sentinel-haus-logo-444x300.png\" alt=\"\" width=\"444\" height=\"300\" srcset=\"https:\/\/www.bdesign-floors.com\/wp-content\/uploads\/2022\/09\/sentinel-haus-logo-444x300.png 444w, https:\/\/www.bdesign-floors.com\/wp-content\/uploads\/2022\/09\/sentinel-haus-logo-768x519.png 768w, https:\/\/www.bdesign-floors.com\/wp-content\/uploads\/2022\/09\/sentinel-haus-logo.png 1000w\" sizes=\"auto, (max-width: 444px) 100vw, 444px\" \/><\/p>\n                    <\/div>\n                <\/div>\n\n                            <\/div>\n        <\/div>\n    <\/div>\n<\/div>\n<div id=\"bdesign2022_switchstyle_block_630db52453892\" class=\"bdesign2022_style bdesign2022_style--bdesign2022_switchstyle\" data-switchstyle=\"black\">\n<div id=\"bdesign2022_customcontent_block_630ce0eb71a71\" class=\"bdesign2022_block bdesign2022_block--bdesign2022_customcontent\">\n    <div class=\"bdesign2022_block--wrapper\">\n        <div class=\"container\">\n            <div class=\"row\">\n                \n                <div class=\"col-12 col-sm-10\" style=\"margin:0 auto;text-align: center;\">\n                    <div class=\"container-centered\">\n                        <a class=\"btn btn-bdesign2022 btn-linkcta\" href=\"https:\/\/www.sentinel-haus.de\/de\/suche?term=b%21design\" target=\"_blank\">Zum Sentinel Haus Institut<\/a>                    <\/div>\n                <\/div>\n\n                            <\/div>\n        <\/div>\n    <\/div>\n<\/div>\n<\/div>\n","protected":false},"excerpt":{"rendered":"","protected":false},"author":8,"featured_media":0,"parent":18145,"menu_order":5,"comment_status":"closed","ping_status":"closed","template":"","meta":{"_acf_changed":false,"footnotes":""},"class_list":["post-18181","page","type-page","status-publish","hentry"],"acf":[],"yoast_head":"<!-- This site is optimized with the Yoast SEO plugin v24.2 - https:\/\/yoast.com\/wordpress\/plugins\/seo\/ -->\n<title>Gesundes Wohnen | b!design<\/title>\n<meta name=\"description\" content=\"Das Sentinel Haus ist Markt- und Wissensf\u00fchrer f\u00fcr die Gesundheit in Geb\u00e4uden und ver\u00f6ffentlicht nur auf Schadstoffe gepr\u00fcfte Produkte.\" \/>\n<meta name=\"robots\" content=\"index, follow, max-snippet:-1, max-image-preview:large, max-video-preview:-1\" \/>\n<link rel=\"canonical\" href=\"https:\/\/www.bdesign-floors.com\/at\/wissenswertes\/gesundes-wohnen\/\" \/>\n<meta property=\"og:locale\" content=\"de_DE\" \/>\n<meta property=\"og:type\" content=\"article\" \/>\n<meta property=\"og:title\" content=\"Gesundes Wohnen | b!design\" \/>\n<meta property=\"og:description\" content=\"Das Sentinel Haus ist Markt- und Wissensf\u00fchrer f\u00fcr die Gesundheit in Geb\u00e4uden und ver\u00f6ffentlicht nur auf Schadstoffe gepr\u00fcfte Produkte.\" \/>\n<meta property=\"og:url\" content=\"https:\/\/www.bdesign-floors.com\/at\/wissenswertes\/gesundes-wohnen\/\" \/>\n<meta property=\"og:site_name\" content=\"b!design\" \/>\n<meta property=\"article:modified_time\" content=\"2022-11-09T14:31:25+00:00\" \/>\n<meta name=\"twitter:card\" content=\"summary_large_image\" \/>\n<script type=\"application\/ld+json\" class=\"yoast-schema-graph\">{\"@context\":\"https:\/\/schema.org\",\"@graph\":[{\"@type\":\"WebPage\",\"@id\":\"https:\/\/www.bdesign-floors.com\/at\/wissenswertes\/gesundes-wohnen\/\",\"url\":\"https:\/\/www.bdesign-floors.com\/at\/wissenswertes\/gesundes-wohnen\/\",\"name\":\"Gesundes Wohnen | b!design\",\"isPartOf\":{\"@id\":\"https:\/\/bdesign.wp.factory.blim-dev.com\/#website\"},\"datePublished\":\"2022-11-09T14:31:24+00:00\",\"dateModified\":\"2022-11-09T14:31:25+00:00\",\"description\":\"Das Sentinel Haus ist Markt- und Wissensf\u00fchrer f\u00fcr die Gesundheit in Geb\u00e4uden und ver\u00f6ffentlicht nur auf Schadstoffe gepr\u00fcfte Produkte.\",\"breadcrumb\":{\"@id\":\"https:\/\/www.bdesign-floors.com\/at\/wissenswertes\/gesundes-wohnen\/#breadcrumb\"},\"inLanguage\":\"de-AT\",\"potentialAction\":[{\"@type\":\"ReadAction\",\"target\":[\"https:\/\/www.bdesign-floors.com\/at\/wissenswertes\/gesundes-wohnen\/\"]}]},{\"@type\":\"BreadcrumbList\",\"@id\":\"https:\/\/www.bdesign-floors.com\/at\/wissenswertes\/gesundes-wohnen\/#breadcrumb\",\"itemListElement\":[{\"@type\":\"ListItem\",\"position\":1,\"name\":\"Home\",\"item\":\"https:\/\/www.bdesign-floors.com\/at\/\"},{\"@type\":\"ListItem\",\"position\":2,\"name\":\"Wissenswertes\",\"item\":\"https:\/\/www.bdesign-floors.com\/at\/wissenswertes\/\"},{\"@type\":\"ListItem\",\"position\":3,\"name\":\"Gesundes Wohnen\"}]},{\"@type\":\"WebSite\",\"@id\":\"https:\/\/bdesign.wp.factory.blim-dev.com\/#website\",\"url\":\"https:\/\/bdesign.wp.factory.blim-dev.com\/\",\"name\":\"b!design\",\"description\":\"Just another WordPress site\",\"potentialAction\":[{\"@type\":\"SearchAction\",\"target\":{\"@type\":\"EntryPoint\",\"urlTemplate\":\"https:\/\/bdesign.wp.factory.blim-dev.com\/?s={search_term_string}\"},\"query-input\":{\"@type\":\"PropertyValueSpecification\",\"valueRequired\":true,\"valueName\":\"search_term_string\"}}],\"inLanguage\":\"de-AT\"}]}<\/script>\n<!-- \/ Yoast SEO plugin. -->","yoast_head_json":{"title":"Gesundes Wohnen | b!design","description":"Das Sentinel Haus ist Markt- und Wissensf\u00fchrer f\u00fcr die Gesundheit in Geb\u00e4uden und ver\u00f6ffentlicht nur auf Schadstoffe gepr\u00fcfte Produkte.","robots":{"index":"index","follow":"follow","max-snippet":"max-snippet:-1","max-image-preview":"max-image-preview:large","max-video-preview":"max-video-preview:-1"},"canonical":"https:\/\/www.bdesign-floors.com\/at\/wissenswertes\/gesundes-wohnen\/","og_locale":"de_DE","og_type":"article","og_title":"Gesundes Wohnen | b!design","og_description":"Das Sentinel Haus ist Markt- und Wissensf\u00fchrer f\u00fcr die Gesundheit in Geb\u00e4uden und ver\u00f6ffentlicht nur auf Schadstoffe gepr\u00fcfte Produkte.","og_url":"https:\/\/www.bdesign-floors.com\/at\/wissenswertes\/gesundes-wohnen\/","og_site_name":"b!design","article_modified_time":"2022-11-09T14:31:25+00:00","twitter_card":"summary_large_image","schema":{"@context":"https:\/\/schema.org","@graph":[{"@type":"WebPage","@id":"https:\/\/www.bdesign-floors.com\/at\/wissenswertes\/gesundes-wohnen\/","url":"https:\/\/www.bdesign-floors.com\/at\/wissenswertes\/gesundes-wohnen\/","name":"Gesundes Wohnen | b!design","isPartOf":{"@id":"https:\/\/bdesign.wp.factory.blim-dev.com\/#website"},"datePublished":"2022-11-09T14:31:24+00:00","dateModified":"2022-11-09T14:31:25+00:00","description":"Das Sentinel Haus ist Markt- und Wissensf\u00fchrer f\u00fcr die Gesundheit in Geb\u00e4uden und ver\u00f6ffentlicht nur auf Schadstoffe gepr\u00fcfte Produkte.","breadcrumb":{"@id":"https:\/\/www.bdesign-floors.com\/at\/wissenswertes\/gesundes-wohnen\/#breadcrumb"},"inLanguage":"de-AT","potentialAction":[{"@type":"ReadAction","target":["https:\/\/www.bdesign-floors.com\/at\/wissenswertes\/gesundes-wohnen\/"]}]},{"@type":"BreadcrumbList","@id":"https:\/\/www.bdesign-floors.com\/at\/wissenswertes\/gesundes-wohnen\/#breadcrumb","itemListElement":[{"@type":"ListItem","position":1,"name":"Home","item":"https:\/\/www.bdesign-floors.com\/at\/"},{"@type":"ListItem","position":2,"name":"Wissenswertes","item":"https:\/\/www.bdesign-floors.com\/at\/wissenswertes\/"},{"@type":"ListItem","position":3,"name":"Gesundes Wohnen"}]},{"@type":"WebSite","@id":"https:\/\/bdesign.wp.factory.blim-dev.com\/#website","url":"https:\/\/bdesign.wp.factory.blim-dev.com\/","name":"b!design","description":"Just another WordPress site","potentialAction":[{"@type":"SearchAction","target":{"@type":"EntryPoint","urlTemplate":"https:\/\/bdesign.wp.factory.blim-dev.com\/?s={search_term_string}"},"query-input":{"@type":"PropertyValueSpecification","valueRequired":true,"valueName":"search_term_string"}}],"inLanguage":"de-AT"}]}},"_links":{"self":[{"href":"https:\/\/www.bdesign-floors.com\/at\/wp-json\/wp\/v2\/pages\/18181","targetHints":{"allow":["GET"]}}],"collection":[{"href":"https:\/\/www.bdesign-floors.com\/at\/wp-json\/wp\/v2\/pages"}],"about":[{"href":"https:\/\/www.bdesign-floors.com\/at\/wp-json\/wp\/v2\/types\/page"}],"author":[{"embeddable":true,"href":"https:\/\/www.bdesign-floors.com\/at\/wp-json\/wp\/v2\/users\/8"}],"replies":[{"embeddable":true,"href":"https:\/\/www.bdesign-floors.com\/at\/wp-json\/wp\/v2\/comments?post=18181"}],"version-history":[{"count":1,"href":"https:\/\/www.bdesign-floors.com\/at\/wp-json\/wp\/v2\/pages\/18181\/revisions"}],"predecessor-version":[{"id":18184,"href":"https:\/\/www.bdesign-floors.com\/at\/wp-json\/wp\/v2\/pages\/18181\/revisions\/18184"}],"up":[{"embeddable":true,"href":"https:\/\/www.bdesign-floors.com\/at\/wp-json\/wp\/v2\/pages\/18145"}],"wp:attachment":[{"href":"https:\/\/www.bdesign-floors.com\/at\/wp-json\/wp\/v2\/media?parent=18181"}],"curies":[{"name":"wp","href":"https:\/\/api.w.org\/{rel}","templated":true}]}}