{"id":18185,"date":"2022-11-09T16:32:26","date_gmt":"2022-11-09T14:32:26","guid":{"rendered":"https:\/\/www.bdesign-floors.com\/wissenswertes\/garantie-ruecknahme\/"},"modified":"2023-01-13T11:17:08","modified_gmt":"2023-01-13T09:17:08","slug":"garantie-ruecknahme","status":"publish","type":"page","link":"https:\/\/www.bdesign-floors.com\/at\/wissenswertes\/garantie-ruecknahme\/","title":{"rendered":"Garantie &amp; R\u00fccknahme"},"content":{"rendered":"<div id=\"bdesign2022_spacer_block_a853b4d3dbefeefbaf0cd8fa487574e2\" class=\"bdesign2022_block bdesign2022_block--bdesign2022_spacer\">\n    <div class=\"bdesign2022_block--wrapper\">\n        <div class=\"spacer\" style=\"height: 100px\"><\/div>\n    <\/div>\n<\/div>\n<div id=\"bdesign2022_customcontent_block_4cef9869dadd789c1ecbf942c730ed86\" class=\"bdesign2022_block bdesign2022_block--bdesign2022_customcontent\">\n    <div class=\"bdesign2022_block--wrapper\">\n        <div class=\"container\">\n            <div class=\"row\">\n                \n                    <div class=\"col-0 col-sm-2\"><\/div>\n                    <div class=\"col-12 col-sm-10 my-4\">\n                        <h1>Garantie &amp; R\u00fccknahme<\/h1>\n<p>&nbsp;<\/p>\n<h2>Reklamations-Service<\/h2>\n<p>Sie brauchen Hilfe bei der Reklamation? Unser Service-Team ist fu\u0308r Sie da!<\/p>\n<p>Unser Produkt weist innerhalb der Garantiezeit M\u00e4ngel auf? Das soll nicht sein. Sie k\u00f6nnen die Reklamation \u00fcber folgende Formular ganz einfach einreichen. Unser Service-Team wird sich umgehend mit Ihnen in Verbindung setzen.<\/p>\n<p><a href=\"https:\/\/www.bdesign-floors.com\/at\/wissenswertes\/garantie-ruecknahme\/reklamationsformular-fuer-endkunden%ef%bf%bc\/\">  <\/a><a href=\"https:\/\/www.bdesign-floors.com\/at\/wissenswertes\/garantie-ruecknahme\/reklamationsformular-fuer-endkunden%ef%bf%bc\/\"><img loading=\"lazy\" decoding=\"async\" class=\"alignnone wp-image-17452 size-medium\" src=\"https:\/\/www.bdesign-floors.com\/wp-content\/uploads\/2022\/10\/Icons_Website_Claim-300x300.png\" alt=\"\" width=\"300\" height=\"300\" srcset=\"https:\/\/www.bdesign-floors.com\/wp-content\/uploads\/2022\/10\/Icons_Website_Claim-300x300.png 300w, https:\/\/www.bdesign-floors.com\/wp-content\/uploads\/2022\/10\/Icons_Website_Claim.png 600w\" sizes=\"auto, (max-width: 300px) 100vw, 300px\" \/><\/a><a href=\"https:\/\/www.bdesign-floors.com\/at\/wissenswertes\/garantie-ruecknahme\/reklamations-service-fuer-fachmaerkte\/\">  <img loading=\"lazy\" decoding=\"async\" class=\"alignnone wp-image-17433 size-medium\" src=\"https:\/\/www.bdesign-floors.com\/wp-content\/uploads\/2022\/10\/Icons_Website_Claim2-300x300.png\" alt=\"\" width=\"300\" height=\"300\" srcset=\"https:\/\/www.bdesign-floors.com\/wp-content\/uploads\/2022\/10\/Icons_Website_Claim2-300x300.png 300w, https:\/\/www.bdesign-floors.com\/wp-content\/uploads\/2022\/10\/Icons_Website_Claim2.png 600w\" sizes=\"auto, (max-width: 300px) 100vw, 300px\" \/><\/a><\/p>\n                    <\/div>\n\n                                <\/div>\n        <\/div>\n    <\/div>\n<\/div>\n<div id=\"bdesign2022_customcontent_block_8b386dd0e7185c056d4e5d80f34c9658\" class=\"bdesign2022_block bdesign2022_block--bdesign2022_customcontent\">\n    <div class=\"bdesign2022_block--wrapper\">\n        <div class=\"container\">\n            <div class=\"row\">\n                \n                    <div class=\"col-0 col-sm-2\"><\/div>\n                    <div class=\"col-12 col-sm-10 my-4\">\n                        <h2>Garantie<\/h2>\n<p>Die Collections b!design LVT, LVT-Premium, SPC und ECO bieten eine 5-JA\u0308HRIGE, VOLLSTA\u0308NDIGE GEWERBLICHE GARANTIE.<br \/>\nFU\u0308R DEN EINSATZ IM PRIVATEN WOHNBEREICH GILT DIE HERSTELLERGARANTIE FU\u0308R 25 JAHRE.<\/p>\n<p>&nbsp;<\/p>\n<h2>Gu\u0308ltigkeitsbereich<\/h2>\n<p>Vorausgesetzt der Boden wurde gema\u0308\u00df den Angaben im Benutzerhandbuch gepflegt und im Rahmen der angegebenen Nutzungsklasse genutzt und entsprechend der Verleganleitung installiert, umfasst die Garantie ausschliesslich folgende Bereiche:<\/p>\n<ol>\n<li style=\"list-style-type: none;\">\n<ol>\n<li>Herstellungsdefekte<\/li>\n<li>Delaminierung<\/li>\n<li>Starke, unu\u0308bliche Farbabweichungen und Verbleichung, vorausgesetzt die Dielen wurden keiner direkten Sonneneinstrahlung ausgesetzt.<\/li>\n<\/ol>\n<\/li>\n<\/ol>\n<h2>Von der Garantie ausgeschlossen sind:<\/h2>\n<ol>\n<li>Normale Abnutzung, absichtlich oder mutwillig verursachte Scha\u0308den: Scha\u0308den durch unsachgema\u0308\u00dfe Verlegung oder Pflege, chemische Zersetzung durch ungeeignete Putzmittel, alkalihaltige Unterbo\u0308den oder Scha\u0308den aufgrund von hydrostatischem Druck, Verbrennungen, Rissen, Beulen, Flecken oder Glanzverlust aufgrund von normaler Alterung oder a\u0308u\u00dferer Einflu\u0308sse.<\/li>\n<li>Arbeit oder die Arbeitskosten fu\u0308r die Entfernung des schadhaften und Verlegung des Austauschbodens.<\/li>\n<li>Folgescha\u0308den k\u00f6nnen bei Nutzungeinschra\u0308nkungen, verspa\u0308tete Vermietungszeitpunkt etc., welche mit der Entfernung oder der Wiederverlegung des betroffenen Materials in Zusammenhang stehen. Jeder weitere Schadenersatz fu\u0308r Neben- oder Folgescha\u0308den wird explizit ausgeschlossen.<\/li>\n<\/ol>\n<p>Ko\u0308nnen aufgrund lokaler gesetzlicher Bestimmungen Folgescha\u0308den nicht wegbedungen werden, ko\u0308nnen die unter Punkt 2 gelisteten Einschra\u0308nkungen mo\u0308glicherweise nur teilweise angewendet werden. Durch diese Garantie werden spezifische Rechte verliehen, es ko\u0308nnen daraus keine weiteren Forderungen oder Rechte abgeleitet werden.<\/p>\n<p>Diese Garantieleistungen kann nur durch umgehende Benachrichtigung des Vertriebspartners\/Ha\u0308ndlers eingefordert werden. Der Benachrichtigung muss eine Kopie der Originalrechnung sowie ein vollsta\u0308ndig aus-gefu\u0308llter Beanstandungsbericht mit Bildern beiliegen, die Garantieforderung kann nur vom Vertriebspartner\/Ha\u0308ndler autorisiert werden.<\/p>\n                    <\/div>\n\n                                <\/div>\n        <\/div>\n    <\/div>\n<\/div>\n<div id=\"bdesign2022_spacer_block_a853b4d3dbefeefbaf0cd8fa487574e2\" class=\"bdesign2022_block bdesign2022_block--bdesign2022_spacer\">\n    <div class=\"bdesign2022_block--wrapper\">\n        <div class=\"spacer\" style=\"height: 100px\"><\/div>\n    <\/div>\n<\/div>\n","protected":false},"excerpt":{"rendered":"","protected":false},"author":8,"featured_media":0,"parent":18145,"menu_order":7,"comment_status":"closed","ping_status":"closed","template":"","meta":{"_acf_changed":false,"footnotes":""},"class_list":["post-18185","page","type-page","status-publish","hentry"],"acf":[],"yoast_head":"<!-- This site is optimized with the Yoast SEO plugin v24.2 - https:\/\/yoast.com\/wordpress\/plugins\/seo\/ -->\n<title>Garantie und R\u00fccknahme | b!design<\/title>\n<meta name=\"description\" content=\"Sie sind mit Ihrer Ware nicht zufrieden? Dann lesen Sie hier alles zu unseren R\u00fcckgabe-Richtlinien und der Erstattung.\" \/>\n<meta name=\"robots\" content=\"index, follow, max-snippet:-1, max-image-preview:large, max-video-preview:-1\" \/>\n<link rel=\"canonical\" href=\"https:\/\/www.bdesign-floors.com\/at\/wissenswertes\/garantie-ruecknahme\/\" \/>\n<meta property=\"og:locale\" content=\"de_DE\" \/>\n<meta property=\"og:type\" content=\"article\" \/>\n<meta property=\"og:title\" content=\"Garantie und R\u00fccknahme | b!design\" \/>\n<meta property=\"og:description\" content=\"Sie sind mit Ihrer Ware nicht zufrieden? Dann lesen Sie hier alles zu unseren R\u00fcckgabe-Richtlinien und der Erstattung.\" \/>\n<meta property=\"og:url\" content=\"https:\/\/www.bdesign-floors.com\/at\/wissenswertes\/garantie-ruecknahme\/\" \/>\n<meta property=\"og:site_name\" content=\"b!design\" \/>\n<meta property=\"article:modified_time\" content=\"2023-01-13T09:17:08+00:00\" \/>\n<meta name=\"twitter:card\" content=\"summary_large_image\" \/>\n<script type=\"application\/ld+json\" class=\"yoast-schema-graph\">{\"@context\":\"https:\/\/schema.org\",\"@graph\":[{\"@type\":\"WebPage\",\"@id\":\"https:\/\/www.bdesign-floors.com\/at\/wissenswertes\/garantie-ruecknahme\/\",\"url\":\"https:\/\/www.bdesign-floors.com\/at\/wissenswertes\/garantie-ruecknahme\/\",\"name\":\"Garantie und R\u00fccknahme | b!design\",\"isPartOf\":{\"@id\":\"https:\/\/bdesign.wp.factory.blim-dev.com\/#website\"},\"datePublished\":\"2022-11-09T14:32:26+00:00\",\"dateModified\":\"2023-01-13T09:17:08+00:00\",\"description\":\"Sie sind mit Ihrer Ware nicht zufrieden? Dann lesen Sie hier alles zu unseren R\u00fcckgabe-Richtlinien und der Erstattung.\",\"breadcrumb\":{\"@id\":\"https:\/\/www.bdesign-floors.com\/at\/wissenswertes\/garantie-ruecknahme\/#breadcrumb\"},\"inLanguage\":\"de-AT\",\"potentialAction\":[{\"@type\":\"ReadAction\",\"target\":[\"https:\/\/www.bdesign-floors.com\/at\/wissenswertes\/garantie-ruecknahme\/\"]}]},{\"@type\":\"BreadcrumbList\",\"@id\":\"https:\/\/www.bdesign-floors.com\/at\/wissenswertes\/garantie-ruecknahme\/#breadcrumb\",\"itemListElement\":[{\"@type\":\"ListItem\",\"position\":1,\"name\":\"Home\",\"item\":\"https:\/\/www.bdesign-floors.com\/at\/\"},{\"@type\":\"ListItem\",\"position\":2,\"name\":\"Wissenswertes\",\"item\":\"https:\/\/www.bdesign-floors.com\/at\/wissenswertes\/\"},{\"@type\":\"ListItem\",\"position\":3,\"name\":\"Garantie &amp; R\u00fccknahme\"}]},{\"@type\":\"WebSite\",\"@id\":\"https:\/\/bdesign.wp.factory.blim-dev.com\/#website\",\"url\":\"https:\/\/bdesign.wp.factory.blim-dev.com\/\",\"name\":\"b!design\",\"description\":\"Just another WordPress site\",\"potentialAction\":[{\"@type\":\"SearchAction\",\"target\":{\"@type\":\"EntryPoint\",\"urlTemplate\":\"https:\/\/bdesign.wp.factory.blim-dev.com\/?s={search_term_string}\"},\"query-input\":{\"@type\":\"PropertyValueSpecification\",\"valueRequired\":true,\"valueName\":\"search_term_string\"}}],\"inLanguage\":\"de-AT\"}]}<\/script>\n<!-- \/ Yoast SEO plugin. -->","yoast_head_json":{"title":"Garantie und R\u00fccknahme | b!design","description":"Sie sind mit Ihrer Ware nicht zufrieden? Dann lesen Sie hier alles zu unseren R\u00fcckgabe-Richtlinien und der Erstattung.","robots":{"index":"index","follow":"follow","max-snippet":"max-snippet:-1","max-image-preview":"max-image-preview:large","max-video-preview":"max-video-preview:-1"},"canonical":"https:\/\/www.bdesign-floors.com\/at\/wissenswertes\/garantie-ruecknahme\/","og_locale":"de_DE","og_type":"article","og_title":"Garantie und R\u00fccknahme | b!design","og_description":"Sie sind mit Ihrer Ware nicht zufrieden? Dann lesen Sie hier alles zu unseren R\u00fcckgabe-Richtlinien und der Erstattung.","og_url":"https:\/\/www.bdesign-floors.com\/at\/wissenswertes\/garantie-ruecknahme\/","og_site_name":"b!design","article_modified_time":"2023-01-13T09:17:08+00:00","twitter_card":"summary_large_image","schema":{"@context":"https:\/\/schema.org","@graph":[{"@type":"WebPage","@id":"https:\/\/www.bdesign-floors.com\/at\/wissenswertes\/garantie-ruecknahme\/","url":"https:\/\/www.bdesign-floors.com\/at\/wissenswertes\/garantie-ruecknahme\/","name":"Garantie und R\u00fccknahme | b!design","isPartOf":{"@id":"https:\/\/bdesign.wp.factory.blim-dev.com\/#website"},"datePublished":"2022-11-09T14:32:26+00:00","dateModified":"2023-01-13T09:17:08+00:00","description":"Sie sind mit Ihrer Ware nicht zufrieden? Dann lesen Sie hier alles zu unseren R\u00fcckgabe-Richtlinien und der Erstattung.","breadcrumb":{"@id":"https:\/\/www.bdesign-floors.com\/at\/wissenswertes\/garantie-ruecknahme\/#breadcrumb"},"inLanguage":"de-AT","potentialAction":[{"@type":"ReadAction","target":["https:\/\/www.bdesign-floors.com\/at\/wissenswertes\/garantie-ruecknahme\/"]}]},{"@type":"BreadcrumbList","@id":"https:\/\/www.bdesign-floors.com\/at\/wissenswertes\/garantie-ruecknahme\/#breadcrumb","itemListElement":[{"@type":"ListItem","position":1,"name":"Home","item":"https:\/\/www.bdesign-floors.com\/at\/"},{"@type":"ListItem","position":2,"name":"Wissenswertes","item":"https:\/\/www.bdesign-floors.com\/at\/wissenswertes\/"},{"@type":"ListItem","position":3,"name":"Garantie &amp; R\u00fccknahme"}]},{"@type":"WebSite","@id":"https:\/\/bdesign.wp.factory.blim-dev.com\/#website","url":"https:\/\/bdesign.wp.factory.blim-dev.com\/","name":"b!design","description":"Just another WordPress site","potentialAction":[{"@type":"SearchAction","target":{"@type":"EntryPoint","urlTemplate":"https:\/\/bdesign.wp.factory.blim-dev.com\/?s={search_term_string}"},"query-input":{"@type":"PropertyValueSpecification","valueRequired":true,"valueName":"search_term_string"}}],"inLanguage":"de-AT"}]}},"_links":{"self":[{"href":"https:\/\/www.bdesign-floors.com\/at\/wp-json\/wp\/v2\/pages\/18185","targetHints":{"allow":["GET"]}}],"collection":[{"href":"https:\/\/www.bdesign-floors.com\/at\/wp-json\/wp\/v2\/pages"}],"about":[{"href":"https:\/\/www.bdesign-floors.com\/at\/wp-json\/wp\/v2\/types\/page"}],"author":[{"embeddable":true,"href":"https:\/\/www.bdesign-floors.com\/at\/wp-json\/wp\/v2\/users\/8"}],"replies":[{"embeddable":true,"href":"https:\/\/www.bdesign-floors.com\/at\/wp-json\/wp\/v2\/comments?post=18185"}],"version-history":[{"count":2,"href":"https:\/\/www.bdesign-floors.com\/at\/wp-json\/wp\/v2\/pages\/18185\/revisions"}],"predecessor-version":[{"id":19614,"href":"https:\/\/www.bdesign-floors.com\/at\/wp-json\/wp\/v2\/pages\/18185\/revisions\/19614"}],"up":[{"embeddable":true,"href":"https:\/\/www.bdesign-floors.com\/at\/wp-json\/wp\/v2\/pages\/18145"}],"wp:attachment":[{"href":"https:\/\/www.bdesign-floors.com\/at\/wp-json\/wp\/v2\/media?parent=18185"}],"curies":[{"name":"wp","href":"https:\/\/api.w.org\/{rel}","templated":true}]}}