{"id":18215,"date":"2022-11-09T16:35:45","date_gmt":"2022-11-09T14:35:45","guid":{"rendered":"https:\/\/www.bdesign-floors.com\/ueber-uns\/datenschutz\/"},"modified":"2022-11-09T16:35:46","modified_gmt":"2022-11-09T14:35:46","slug":"datenschutz","status":"publish","type":"page","link":"https:\/\/www.bdesign-floors.com\/at\/ueber-uns\/datenschutz\/","title":{"rendered":"Datenschutz"},"content":{"rendered":"<div id=\"bdesign2022_spacer_block_63061d222b814\" class=\"bdesign2022_block bdesign2022_block--bdesign2022_spacer\">\n    <div class=\"bdesign2022_block--wrapper\">\n        <div class=\"spacer\" style=\"height: 100px\"><\/div>\n    <\/div>\n<\/div>\n<div id=\"bdesign2022_customcontent_block_63061cc72b813\" class=\"bdesign2022_block bdesign2022_block--bdesign2022_customcontent\">\n    <div class=\"bdesign2022_block--wrapper\">\n        <div class=\"container\">\n            <div class=\"row\">\n                \n                    <div class=\"col-0 col-sm-2\"><\/div>\n                    <div class=\"col-12 col-sm-10 my-4\">\n                        <h1>Datenschutz\u00aderkl\u00e4rung<\/h1>\n<p>Uns ist Ihre Privatsph\u00e4re wichtig. Sie sollen sich bei uns sicher f\u00fchlen. Daher achten wir und unser Datenschutzbeauftragter auf die Einhaltung der datenschutzrechtlichen Vorgaben, insbesondere der europ\u00e4ischen Datenschutz-Grundverordnung (DSGVO) und des Bundesdatenschutzgesetzes (BDSG). Nachstehend m\u00f6chten wir Sie dar\u00fcber informieren, f\u00fcr welche Zwecke Ihre Daten verarbeitet werden und wie Sie Ihre Rechte wahrnehmen k\u00f6nnen. Die Datenschutzerkl\u00e4rung k\u00f6nnen Sie jederzeit \u00fcber den Reiter \u201eDatenschutz\u201c am Fu\u00df jeder Seite aufrufen.<\/p>\n<h4>Name und Kontaktdaten des Verantwortlichen<\/h4>\n<p>B! Design ist ein Angebot von BAUHAUS. Die Kundenbetreuung erfolgt bei den BAUHAUS-Gesellschaften (<a href=\"https:\/\/www.bauhaus.info\/gesellschaften\" target=\"_blank\" rel=\"noopener noreferrer\">https:\/\/www.bauhaus.info\/gesellschaften<\/a>) auf Grundlage einer Vereinbarung zur gemeinsamen Verantwortlichen i. S. d. Art. 26 Abs. 1 S. 1 DSGVO. Zentrale Anlaufstelle f\u00fcr datenschutzrechtliche Anfragen der Kunden bzw. betroffenen Personen ist die<\/p>\n<p><strong>BAUHAUS AG<\/strong><br \/>\nZweigniederlassung Mannheim<br \/>\nGutenbergstra\u00dfe 21<br \/>\n68167 Mannheim<br \/>\nDeutschland<br \/>\nTelefon: 0800 3905 000<br \/>\nE-Mail: <a href=\"mailto:datenschutz@bauhaus.info\">datenschutz@bauhaus.info<\/a>.<\/p>\n<p>Die BAUHAUS AG \u00fcbernimmt die Erf\u00fcllung der Rechte der betroffenen Person gem\u00e4\u00df der DSGVO (s. u. Betroffenenrechte).<br \/>\nDie BAUHAUS-Gesellschaften leiten s\u00e4mtliche Anfragen der Kunden und Dritter zum Datenschutz an die BAUHAUS AG weiter. Die direkten Anfragen an den Datenschutzbeauftragten bleiben unber\u00fchrt. Den wesentlichen Inhalt der Vereinbarung der gemeinsam Verantwortlichen i. S. d. Art. 26 Abs. 1 S. 1 DSGVO finden Sie unter: <a href=\"https:\/\/www.bauhaus.info\/gemeinsam_verantwortliche\" target=\"_blank\" rel=\"noopener noreferrer\">www.bauhaus.info\/gemeinsam_verantwortliche<\/a>.<\/p>\n<h4>Kontaktdaten des Datenschutzbeauftragten<\/h4>\n<p>Falls Sie als betroffene Person Fragen zum datenschutzrechtlichen Umgang mit Ihren Daten haben, stehen Ihnen zwei Wege zur Verf\u00fcgung, Ihre Fragen zu stellen oder Ihr Anliegen zu \u00fcbermitteln:<\/p>\n<ul>\n<li>F\u00fcr allgemeine Anfragen zum Datenschutz und die Geltendmachung von Betroffenenrechten, wie z. B. einem Auskunftsersuchen, wenden Sie sich bitte unter genauer Angabe Ihres Anliegens und Ihrer Kontaktadresse an den BAUHAUS Datenschutz unter: datenschutz@bauhaus.info; und<\/li>\n<li>F\u00fcr spezielle Anfragen k\u00f6nnen Sie sich zudem jederzeit gerne auch direkt an den bestellten Datenschutzbeauftragten wenden unter: <a href=\"mailto:datenschutzbeauftragter@bauhaus.info.\">datenschutzbeauftragter@bauhaus.info.<\/a><\/li>\n<\/ul>\n<h4>Zweck und Rechtsgrundlage der Datenverarbeitung<\/h4>\n<h6>Server-Logfiles<\/h6>\n<p>Beim Besuch der Seite www.bdesign-vinyl.de zeichnet der Webserver dies automatisch in sog. Server-Logfiles auf. Diese Daten beinhalten den genutzten Browser, Betriebssystem und die Zugriffszeit. Diese Daten werden nur zum Zweck der statistischen Auswertung und aus Sicherheitsgr\u00fcnden (z. B. zur Aufkl\u00e4rung von Missbrauchs- oder Betrugshandlungen) sowie zum Betrieb der Website verwendet. Die Rechtsgrundlage der Datenverarbeitung ist Art. 6 Abs. 1 S. 1 lit. f) DSGVO. Unser berechtigtes Interesse besteht in dem Betrieb und der Darstellung sowie der Verbesserung der Stabilit\u00e4t und Funktionalit\u00e4t unserer Website.<\/p>\n<p>Die Bereitstellung der vorgenannten personenbezogenen Daten durch Sie ist weder gesetzlich, noch vertraglich vorgeschrieben. Ohne die Verarbeitung der Server-Logfiles sind jedoch der Dienst und die Funktionsf\u00e4higkeit unserer Website nicht gew\u00e4hrleistet. Zudem k\u00f6nnen einzelne Dienste und Services nicht verf\u00fcgbar oder eingeschr\u00e4nkt sein.<\/p>\n<h6>Verwendung von Cookies<\/h6>\n<p>Bei der Nutzung unserer Webseite werden Cookies auf Ihrem Rechner gespeichert. Bei Cookies handelt es sich um kleine Textdateien, die auf Ihrer Festplatte, dem von Ihnen verwendeten Browser zugeordnet, gespeichert werden und durch welche der Stelle, die das Cookie setzt, bestimmte Informationen zuflie\u00dfen.<\/p>\n<p>Cookies k\u00f6nnen keine Programme ausf\u00fchren oder Viren auf Ihren Computer \u00fcbertragen. Sie dienen dazu, das Internetangebot insgesamt nutzerfreundlicher und effektiver zu machen. Cookies werden auf dieser Webseite beispielsweise eingesetzt, um das Besucherverhalten der Webseite auswerten zu k\u00f6nnen. Sie k\u00f6nnen Ihre Browser-Einstellung entsprechend Ihren W\u00fcnschen konfigurieren und z. B. die Annahme von Third-Party-Cookies oder allen Cookies ablehnen. Wir weisen Sie darauf hin, dass Sie dann eventuell nicht alle Funktionen dieser Webseite nutzen k\u00f6nnen.<\/p>\n<h6>Google Analytics<\/h6>\n<p>Wir setzen Google Analytics, einen Webanalysedienst der Google Ireland Limited, Gordon House, Barrow Street, Dublin 4, Irland (\u201eGoogle\u201c) ein. Google verwendet Cookies. Die durch das Cookie erzeugten Informationen \u00fcber Benutzung des Onlineangebotes durch die Nutzer werden in der Regel an einen Server von Google in den USA \u00fcbertragen und dort gespeichert.<\/p>\n<p>Google ist unter dem Privacy-Shield zertifiziert und bietet hierdurch eine Garantie, das europ\u00e4ische Datenschutzrecht einzuhalten (<a href=\"https:\/\/www.privacyshield.gov\/participant?id=a2zt000000001L5AAI&amp;status=Active\" target=\"_blank\" rel=\"noopener noreferrer\">https:\/\/www.privacyshield.gov\/participant?id=a2zt000000001L5AAI&amp;status=Active<\/a>).<\/p>\n<p>Google wird diese Informationen in unserem Auftrag benutzen, um die Nutzung unseres Onlineangebotes durch die Besucher auszuwerten, um Reports \u00fcber die Aktivit\u00e4ten innerhalb dieses Onlineangebotes zusammenzustellen und um weitere, mit der Nutzung dieses Onlineangebotes und der Internetnutzung verbundene Dienstleistungen, uns gegen\u00fcber zu erbringen. Dabei k\u00f6nnen aus den verarbeiteten Daten pseudonyme Nutzungsprofile der Nutzer erstellt werden. Die Datenverarbeitung erfolgt auf Basis Ihrer Einwilligung nach Art. 6 Abs. 1 S. 1 lit. a) DSGVO. Sie k\u00f6nnen Ihre Einwilligung hierf\u00fcr jederzeit mit Wirkung f\u00fcr die Zukunft widerrufen. Nachfolgend wird beschrieben, welche Widerrufsm\u00f6glichkeiten Ihnen hierf\u00fcr zur Verf\u00fcgung stehen.<\/p>\n<p>Wir setzen Google Analytics nur mit aktivierter IP-Anonymisierung ein. Das bedeutet, die IP-Adresse der Nutzer wird von Google innerhalb von Mitgliedstaaten der Europ\u00e4ischen Union oder in anderen Vertragsstaaten des Abkommens \u00fcber den Europ\u00e4ischen Wirtschaftsraum gek\u00fcrzt. Nur in Ausnahmef\u00e4llen wird die volle IP-Adresse an einen Server von Google in den USA \u00fcbertragen und dort gek\u00fcrzt.<\/p>\n<p>Die von dem Browser des Nutzers \u00fcbermittelte IP-Adresse wird nicht mit anderen Daten von Google zusammengef\u00fchrt. Die Nutzer k\u00f6nnen die Speicherung der Cookies durch eine entsprechende Einstellung ihrer Browser-Software verhindern; die Nutzer k\u00f6nnen dar\u00fcber hinaus die Erfassung der durch das Cookie erzeugten und auf ihre Nutzung des Onlineangebotes bezogenen Daten an Google sowie die Verarbeitung dieser Daten durch Google verhindern, indem sie das unter folgendem Link verf\u00fcgbare Browser-Plugin herunterladen und installieren: <a href=\"http:\/\/tools.google.com\/dlpage\/gaoptout?hl=de\" target=\"_blank\" rel=\"noopener noreferrer\">http:\/\/tools.google.com\/dlpage\/gaoptout?hl=de<\/a>.<\/p>\n<p>Weitere Informationen zur Datennutzung durch Google, Einstellungs- und Widerspruchsm\u00f6glichkeiten, erfahren Sie in der Datenschutzerkl\u00e4rung von Google (<a href=\"https:\/\/policies.google.com\/technologies\/ads\" target=\"_blank\" rel=\"noopener noreferrer\">https:\/\/policies.google.com\/technologies\/ads<\/a>) sowie in den Einstellungen f\u00fcr die Darstellung von Werbeeinblendungen durch Google (<a href=\"https:\/\/adssettings.google.com\/authenticated\" target=\"_blank\" rel=\"noopener noreferrer\">https:\/\/adssettings.google.com\/authenticated<\/a>).<\/p>\n<p>Alternativ zum Browser-Add-On oder innerhalb von Browsern auf mobilen Ger\u00e4ten, klicken Sie bitte diesen Link, um die Erfassung durch Google Analytics innerhalb dieser Website zuk\u00fcnftig zu verhindern:<\/p>\n<h6>Analytics-Opt-Out<\/h6>\n<p>Dabei wird ein Opt-Out-Cookie auf Ihrem Ger\u00e4t abgelegt. L\u00f6schen Sie Ihre Cookies, m\u00fcssen Sie diesen Link erneut klicken.<br \/>\nDie Bereitstellung der vorgenannten personenbezogenen Daten ist weder gesetzlich noch vertraglich vorgeschrieben. Ohne diese Daten ist jedoch die Analyse, Optimierung und der wirtschaftliche Betrieb unseres Onlineangebotes nicht m\u00f6glich.<\/p>\n<h6>Cookie-Einwilligung mit Borlabs Cookie<\/h6>\n<p>Unsere Website nutzt die Cookie-Consent-Technologie von Borlabs Cookie, um Ihre Einwilligung zur Speicherung bestimmter Cookies in Ihrem Browser einzuholen und diese datenschutzkonform zu dokumentieren. Anbieter dieser Technologie ist Borlabs &#8211; Benjamin A. Bornschein, Georg-Wilhelm-Str. 17, 21107 Hamburg (im Folgenden Borlabs).<br \/>\nWenn Sie unsere Website betreten, wird ein Borlabs-Cookie in Ihrem Browser gespeichert, in dem die von Ihnen erteilten Einwilligungen oder der Widerruf dieser Einwilligungen gespeichert werden. Diese Daten werden nicht an den Anbieter von Borlabs Cookie weitergegeben.<br \/>\nDie erfassten Daten werden gespeichert, bis Sie uns zur L\u00f6schung auffordern bzw. das Borlabs-Cookie selbst l\u00f6schen oder der Zweck f\u00fcr die Datenspeicherung entf\u00e4llt. Zwingende gesetzliche Aufbewahrungsfristen bleiben unber\u00fchrt. Details zur Datenverarbeitung von Borlabs Cookie finden Sie unter <a href=\"https:\/\/de.borlabs.io\/kb\/welche-daten-speichert-borlabs-cookie\/\">https:\/\/de.borlabs.io\/kb\/welche-daten-speichert-borlabs-cookie\/<\/a><br \/>\nDer Einsatz der Borlabs-Cookie-Consent-Technologie erfolgt, um die gesetzlich vorgeschriebenen Einwilligungen f\u00fcr den Einsatz von Cookies einzuholen. Rechtsgrundlage hierf\u00fcr ist Art. 6 Abs. 1 S. 1 lit. c DSGVO.<br \/>\n<span class=\"borlabs-cookie-open-dialog-preferences brlbs-cmpnt-container\" data-borlabs-cookie-title=\"Cookie Einstellungen \u00e4ndern\" data-borlabs-cookie-type=\"button\" ><\/span><\/p>\n<h6>YouTube<\/h6>\n<p>Unsere Seite verwendet f\u00fcr die Einbindung von Videos den Anbieter YouTube LLC , 901 Cherry Avenue, San Bruno, CA 94066, USA, vertreten durch Google Inc., 1600 Amphitheatre Parkway, Mountain View, CA 94043, USA. Normalerweise wird bereits bei Aufruf einer Seite mit eingebetteten Videos Ihre IP-Adresse an YouTube gesendet und Cookies auf Ihrem Rechner installiert.<\/p>\n<p>Wir haben unsere YouTube-Videos jedoch mit dem erweiterten Datenschutzmodus eingebunden (in diesem Fall nimmt YouTube immer noch Kontakt zu dem Dienst Double Klick von Google auf, doch werden dabei laut der Datenschutzerkl\u00e4rung von Google personenbezogene Daten nicht ausgewertet). Dadurch werden von YouTube keine Informationen \u00fcber die Besucher mehr gespeichert, es sei denn, sie sehen sich das Video an. Wenn Sie das Video anklicken, wird Ihre IP-Adresse an YouTube \u00fcbermittelt und YouTube erf\u00e4hrt, dass Sie das Video angesehen haben. Sind Sie bei YouTube eingeloggt, wird diese Information auch Ihrem Benutzerkonto zugeordnet (dies k\u00f6nnen Sie verhindern, indem Sie sich vor dem Aufrufen des Videos bei YouTube ausloggen).<\/p>\n<p>Weitere Informationen zu Zweck und Umfang der Datenerhebung und ihrer Verarbeitung durch YouTube erhalten Sie in deren Datenschutzerkl\u00e4rung. Dort erhalten Sie auch weitere Informationen zu Ihren Rechten und Einstellungsm\u00f6glichkeiten zum Schutze Ihrer Privatsph\u00e4re: <a href=\"https:\/\/www.google.de\/intl\/de\/policies\/privacy\" target=\"_blank\" rel=\"noopener noreferrer\">https:\/\/www.google.de\/intl\/de\/policies\/privacy<\/a>. Google verarbeitet Ihre personenbezogenen Daten auch in den USA und hat sich dem EU-US-Privacy-Shield unterworfen, <a href=\"https:\/\/www.privacyshield.gov\/EU-US-Framework\" target=\"_blank\" rel=\"noopener noreferrer\">https:\/\/www.privacyshield.gov\/EU-US-Framework<\/a>.\u201c<\/p>\n<h6>Empf\u00e4nger der personenbezogenen Daten<\/h6>\n<p>Im Rahmen der gesetzlichen Befugnisse werden Ihre personenbezogenen Daten gegen\u00fcber folgenden Firmen innerhalb der EU offengelegt:<br \/>\nAndere BAUHAUS Gesellschaften (<a href=\"https:\/\/www.bauhaus.info\/gesellschaften\" target=\"_blank\" rel=\"noopener noreferrer\">https:\/\/www.bauhaus.info\/gesellschaften<\/a>) und deren Auftragsverarbeiter ggf. zur weiteren Beratung, zum Abschluss gew\u00fcnschter Vertr\u00e4ge oder zur Bereitstellung einer sonstigen Leistung und Auftragsverarbeiter der BAUHAUS AG f\u00fcr IT-Dienstleistungen und zur Administration des Backend der Webseite.<\/p>\n<h6>Dauer der Datenspeicherung<\/h6>\n<p>Wir speichern Ihre Daten so lange, wie es der jeweilige Zweck erfordert:<\/p>\n<ul>\n<li>Server-Logfiles: 30 Tage<\/li>\n<li>Google Analytics Cookie: 2. Jahre<\/li>\n<\/ul>\n<h4>Betroffenenrechte<\/h4>\n<p>Ihre Rechte als Betroffener werden durch die BAUHAUS Gesellschaften umfassend gew\u00e4hrleistet.<\/p>\n<h6>Widerruf einer Einwilligung<\/h6>\n<p>Soweit Sie im Rahmen der Nutzung dieser Webseite eine Einwilligung in die Verarbeitung personenbezogener Daten erteilt haben, k\u00f6nnen Sie diese Einwilligung nach Art. 7 Abs. 3 DSGVO jederzeit widerrufen. Der Widerruf kann per E-Mail an <a href=\"mailto:datenschutz@bauhaus.info\" target=\"_blank\" rel=\"noopener noreferrer\">datenschutz@bauhaus.info<\/a> oder schriftlich an die oben genannte Anschrift gerichtet werden. Die Wirkungen des Widerrufs beschr\u00e4nken sich darauf, dass die betreffenden personenbezogenen Daten zuk\u00fcnftig nicht mehr verarbeitet werden. Ein solcher Widerruf beeinflusst also die Zul\u00e4ssigkeit der Verarbeitung Ihrer personenbezogenen Daten, nachdem Sie ihn gegen\u00fcber uns ausgesprochen haben. Bitte beachten Sie, dass in diesem Fall aber eventuell eine Verarbeitung der betreffenden Daten in der Zukunft nicht mehr m\u00f6glich sein wird.<\/p>\n<h6>Widerspruchsrecht gegen Verarbeitung nach Art. 6 Abs. 1 S. 1 lit. f) DSGVO<\/h6>\n<p>Sie haben nach Art. 21 Abs. 1 S. 1 DSGVO das Recht, aus Gr\u00fcnden, die sich aus Ihrer besonderen Situation ergeben, jederzeit Widerspruch gegen die Verarbeitung Ihrer personenbezogenen Daten aufgrund Art. 6 Abs. 1 S. 1 lit. f) DSGVO einzulegen.<\/p>\n<p>Legen Sie Widerspruch ein, werden wir Ihre personenbezogenen Daten nicht mehr verarbeiten, es sei denn, wir k\u00f6nnen zwingende schutzw\u00fcrdige Gr\u00fcnde f\u00fcr die Verarbeitung nachweisen, die Ihre Interessen, Rechte und Freiheiten \u00fcberwiegen, oder die Verarbeitung dient der Geltendmachung, Aus\u00fcbung oder Verteidigung von Rechtsanspr\u00fcchen.<\/p>\n<h6>Weitere Rechte<\/h6>\n<p>Folgende weitere Rechte stehen Ihnen bzgl. Ihrer verarbeiteten personenbezogenen Daten beim Vorliegen der jeweiligen spezifischen Voraussetzungen dem Verantwortlichen gegen\u00fcber zu:<\/p>\n<ul>\n<li>Auskunftsrecht der betroffenen Person, Art. 15 DSGVO;<\/li>\n<li>Recht auf Berichtigung, Art. 16 DSGVO;<\/li>\n<li>Recht auf L\u00f6schung, Art. 17 DSGVO;<\/li>\n<li>Recht auf Einschr\u00e4nkung der Verarbeitung, Art. 18 DSGVO; und<\/li>\n<li>Recht auf Daten\u00fcbertragbarkeit gem\u00e4\u00df Art. 20 DSGVO.<\/li>\n<li>Sie haben au\u00dferdem das Recht auf Beschwerde bei einer Aufsichtsbeh\u00f6rde, wenn Sie der Ansicht sind, dass die Verarbeitung der sie betreffenden personenbezogenen Daten gegen die DSGVO verst\u00f6\u00dft.<\/li>\n<\/ul>\n<h6>Aktualisierung und \u00c4nderung<\/h6>\n<p>Die Datenschutzerkl\u00e4rung muss von Zeit zu Zeit an die tats\u00e4chlichen Verh\u00e4ltnisse und an die Rechtslage angepasst werden. Bitte \u00fcberpr\u00fcfen Sie jeweils die Datenschutzerkl\u00e4rung, bevor Sie unser Angebot nutzen, um bei m\u00f6glichen \u00c4nderungen oder Aktualisierungen auf dem neusten Stand zu sein.<\/p>\n<p>Stand: 15.08.2019<\/p>\n                    <\/div>\n\n                                <\/div>\n        <\/div>\n    <\/div>\n<\/div>\n<div id=\"bdesign2022_spacer_block_630ccf3392a76\" class=\"bdesign2022_block bdesign2022_block--bdesign2022_spacer\">\n    <div class=\"bdesign2022_block--wrapper\">\n        <div class=\"spacer\" style=\"height: 100px\"><\/div>\n    <\/div>\n<\/div>\n","protected":false},"excerpt":{"rendered":"","protected":false},"author":8,"featured_media":0,"parent":18211,"menu_order":3,"comment_status":"closed","ping_status":"closed","template":"","meta":{"_acf_changed":false,"footnotes":""},"class_list":["post-18215","page","type-page","status-publish","hentry"],"acf":[],"yoast_head":"<!-- This site is optimized with the Yoast SEO plugin v24.2 - https:\/\/yoast.com\/wordpress\/plugins\/seo\/ -->\n<title>Datenschutz | b!design<\/title>\n<meta name=\"description\" content=\"Datenschutz \u2013 im Folgenden informieren wir Sie \u00fcber die Erhebung personenbezogener Daten bei Nutzung unserer Website.\" \/>\n<meta name=\"robots\" content=\"index, follow, max-snippet:-1, max-image-preview:large, max-video-preview:-1\" \/>\n<link rel=\"canonical\" href=\"https:\/\/www.bdesign-floors.com\/at\/ueber-uns\/datenschutz\/\" \/>\n<meta property=\"og:locale\" content=\"de_DE\" \/>\n<meta property=\"og:type\" content=\"article\" \/>\n<meta property=\"og:title\" content=\"Datenschutz | b!design\" \/>\n<meta property=\"og:description\" content=\"Datenschutz \u2013 im Folgenden informieren wir Sie \u00fcber die Erhebung personenbezogener Daten bei Nutzung unserer Website.\" \/>\n<meta property=\"og:url\" content=\"https:\/\/www.bdesign-floors.com\/at\/ueber-uns\/datenschutz\/\" \/>\n<meta property=\"og:site_name\" content=\"b!design\" \/>\n<meta property=\"article:modified_time\" content=\"2022-11-09T14:35:46+00:00\" \/>\n<meta name=\"twitter:card\" content=\"summary_large_image\" \/>\n<script type=\"application\/ld+json\" class=\"yoast-schema-graph\">{\"@context\":\"https:\/\/schema.org\",\"@graph\":[{\"@type\":\"WebPage\",\"@id\":\"https:\/\/www.bdesign-floors.com\/at\/ueber-uns\/datenschutz\/\",\"url\":\"https:\/\/www.bdesign-floors.com\/at\/ueber-uns\/datenschutz\/\",\"name\":\"Datenschutz | b!design\",\"isPartOf\":{\"@id\":\"https:\/\/bdesign.wp.factory.blim-dev.com\/#website\"},\"datePublished\":\"2022-11-09T14:35:45+00:00\",\"dateModified\":\"2022-11-09T14:35:46+00:00\",\"description\":\"Datenschutz \u2013 im Folgenden informieren wir Sie \u00fcber die Erhebung personenbezogener Daten bei Nutzung unserer Website.\",\"breadcrumb\":{\"@id\":\"https:\/\/www.bdesign-floors.com\/at\/ueber-uns\/datenschutz\/#breadcrumb\"},\"inLanguage\":\"de-AT\",\"potentialAction\":[{\"@type\":\"ReadAction\",\"target\":[\"https:\/\/www.bdesign-floors.com\/at\/ueber-uns\/datenschutz\/\"]}]},{\"@type\":\"BreadcrumbList\",\"@id\":\"https:\/\/www.bdesign-floors.com\/at\/ueber-uns\/datenschutz\/#breadcrumb\",\"itemListElement\":[{\"@type\":\"ListItem\",\"position\":1,\"name\":\"Home\",\"item\":\"https:\/\/www.bdesign-floors.com\/at\/\"},{\"@type\":\"ListItem\",\"position\":2,\"name\":\"\u00dcber uns\",\"item\":\"https:\/\/www.bdesign-floors.com\/at\/ueber-uns\/\"},{\"@type\":\"ListItem\",\"position\":3,\"name\":\"Datenschutz\"}]},{\"@type\":\"WebSite\",\"@id\":\"https:\/\/bdesign.wp.factory.blim-dev.com\/#website\",\"url\":\"https:\/\/bdesign.wp.factory.blim-dev.com\/\",\"name\":\"b!design\",\"description\":\"Just another WordPress site\",\"potentialAction\":[{\"@type\":\"SearchAction\",\"target\":{\"@type\":\"EntryPoint\",\"urlTemplate\":\"https:\/\/bdesign.wp.factory.blim-dev.com\/?s={search_term_string}\"},\"query-input\":{\"@type\":\"PropertyValueSpecification\",\"valueRequired\":true,\"valueName\":\"search_term_string\"}}],\"inLanguage\":\"de-AT\"}]}<\/script>\n<!-- \/ Yoast SEO plugin. -->","yoast_head_json":{"title":"Datenschutz | b!design","description":"Datenschutz \u2013 im Folgenden informieren wir Sie \u00fcber die Erhebung personenbezogener Daten bei Nutzung unserer Website.","robots":{"index":"index","follow":"follow","max-snippet":"max-snippet:-1","max-image-preview":"max-image-preview:large","max-video-preview":"max-video-preview:-1"},"canonical":"https:\/\/www.bdesign-floors.com\/at\/ueber-uns\/datenschutz\/","og_locale":"de_DE","og_type":"article","og_title":"Datenschutz | b!design","og_description":"Datenschutz \u2013 im Folgenden informieren wir Sie \u00fcber die Erhebung personenbezogener Daten bei Nutzung unserer Website.","og_url":"https:\/\/www.bdesign-floors.com\/at\/ueber-uns\/datenschutz\/","og_site_name":"b!design","article_modified_time":"2022-11-09T14:35:46+00:00","twitter_card":"summary_large_image","schema":{"@context":"https:\/\/schema.org","@graph":[{"@type":"WebPage","@id":"https:\/\/www.bdesign-floors.com\/at\/ueber-uns\/datenschutz\/","url":"https:\/\/www.bdesign-floors.com\/at\/ueber-uns\/datenschutz\/","name":"Datenschutz | b!design","isPartOf":{"@id":"https:\/\/bdesign.wp.factory.blim-dev.com\/#website"},"datePublished":"2022-11-09T14:35:45+00:00","dateModified":"2022-11-09T14:35:46+00:00","description":"Datenschutz \u2013 im Folgenden informieren wir Sie \u00fcber die Erhebung personenbezogener Daten bei Nutzung unserer Website.","breadcrumb":{"@id":"https:\/\/www.bdesign-floors.com\/at\/ueber-uns\/datenschutz\/#breadcrumb"},"inLanguage":"de-AT","potentialAction":[{"@type":"ReadAction","target":["https:\/\/www.bdesign-floors.com\/at\/ueber-uns\/datenschutz\/"]}]},{"@type":"BreadcrumbList","@id":"https:\/\/www.bdesign-floors.com\/at\/ueber-uns\/datenschutz\/#breadcrumb","itemListElement":[{"@type":"ListItem","position":1,"name":"Home","item":"https:\/\/www.bdesign-floors.com\/at\/"},{"@type":"ListItem","position":2,"name":"\u00dcber uns","item":"https:\/\/www.bdesign-floors.com\/at\/ueber-uns\/"},{"@type":"ListItem","position":3,"name":"Datenschutz"}]},{"@type":"WebSite","@id":"https:\/\/bdesign.wp.factory.blim-dev.com\/#website","url":"https:\/\/bdesign.wp.factory.blim-dev.com\/","name":"b!design","description":"Just another WordPress site","potentialAction":[{"@type":"SearchAction","target":{"@type":"EntryPoint","urlTemplate":"https:\/\/bdesign.wp.factory.blim-dev.com\/?s={search_term_string}"},"query-input":{"@type":"PropertyValueSpecification","valueRequired":true,"valueName":"search_term_string"}}],"inLanguage":"de-AT"}]}},"_links":{"self":[{"href":"https:\/\/www.bdesign-floors.com\/at\/wp-json\/wp\/v2\/pages\/18215","targetHints":{"allow":["GET"]}}],"collection":[{"href":"https:\/\/www.bdesign-floors.com\/at\/wp-json\/wp\/v2\/pages"}],"about":[{"href":"https:\/\/www.bdesign-floors.com\/at\/wp-json\/wp\/v2\/types\/page"}],"author":[{"embeddable":true,"href":"https:\/\/www.bdesign-floors.com\/at\/wp-json\/wp\/v2\/users\/8"}],"replies":[{"embeddable":true,"href":"https:\/\/www.bdesign-floors.com\/at\/wp-json\/wp\/v2\/comments?post=18215"}],"version-history":[{"count":1,"href":"https:\/\/www.bdesign-floors.com\/at\/wp-json\/wp\/v2\/pages\/18215\/revisions"}],"predecessor-version":[{"id":18216,"href":"https:\/\/www.bdesign-floors.com\/at\/wp-json\/wp\/v2\/pages\/18215\/revisions\/18216"}],"up":[{"embeddable":true,"href":"https:\/\/www.bdesign-floors.com\/at\/wp-json\/wp\/v2\/pages\/18211"}],"wp:attachment":[{"href":"https:\/\/www.bdesign-floors.com\/at\/wp-json\/wp\/v2\/media?parent=18215"}],"curies":[{"name":"wp","href":"https:\/\/api.w.org\/{rel}","templated":true}]}}