{"id":18217,"date":"2022-11-09T16:36:05","date_gmt":"2022-11-09T14:36:05","guid":{"rendered":"https:\/\/www.bdesign-floors.com\/ueber-uns\/impressum\/"},"modified":"2022-11-09T16:36:05","modified_gmt":"2022-11-09T14:36:05","slug":"impressum","status":"publish","type":"page","link":"https:\/\/www.bdesign-floors.com\/at\/ueber-uns\/impressum\/","title":{"rendered":"Impressum"},"content":{"rendered":"<div id=\"bdesign2022_spacer_block_63061d222b814\" class=\"bdesign2022_block bdesign2022_block--bdesign2022_spacer\">\n    <div class=\"bdesign2022_block--wrapper\">\n        <div class=\"spacer\" style=\"height: 100px\"><\/div>\n    <\/div>\n<\/div>\n<div id=\"bdesign2022_customcontent_block_63061cc72b813\" class=\"bdesign2022_block bdesign2022_block--bdesign2022_customcontent\">\n    <div class=\"bdesign2022_block--wrapper\">\n        <div class=\"container\">\n            <div class=\"row\">\n                \n                    <div class=\"col-0 col-sm-2\"><\/div>\n                    <div class=\"col-12 col-sm-10 my-4\">\n                        <h1>Impressum<\/h1>\n<p><strong>Der Betreiber dieser Internetseiten ist die<\/strong><\/p>\n<p>BAUHAUS E-Business GmbH &amp; Co. KG<br \/>\nGutenbergstra\u00dfe 21<br \/>\nD-68167 Mannheim<\/p>\n<p>USt.-ID.-Nr.: DE 156673152<br \/>\nAmtsgericht Mannheim: HRA 3983<\/p>\n<p>Telefon: <a href=\"tel:8003905000\">+49 800 3905 000<\/a><br \/>\nE-Mail: <a href=\"mailto:service@bauhaus.info\">service@bauhaus.info<\/a><\/p>\n<h2>Pers\u00f6nlich haftende Gesellschafterin<\/h2>\n<p>Werkhaus GmbH<br \/>\nSitz: Mannheim<br \/>\nAmtsgericht Mannheim HRB 6426<br \/>\nGesch\u00e4ftsf\u00fchrer: Bernd Baus, Lutz Fiedler<\/p>\n<h2>Haftungshinweis<\/h2>\n<p>Trotz sorgf\u00e4ltiger inhaltlicher Kontrolle \u00fcbernehmen wir keine Haftung f\u00fcr die Inhalte externer Links. F\u00fcr den Inhalt der verlinkten Seiten sind ausschlie\u00dflich deren Betreiber verantwortlich.<\/p>\n<h2>Haftungsausschluss (Disclaimer)<\/h2>\n<p>F\u00fcr die Richtigkeit s\u00e4mtlicher Inhalte \u00fcbernehmen wir keine Garantie. Den Beitr\u00e4gen liegen Quellen zugrunde, die wir f\u00fcr vertrauensw\u00fcrdig halten. Eine Haftung oder Garantie f\u00fcr die Aktualit\u00e4t, Richtigkeit und Vollst\u00e4ndigkeit der zur Verf\u00fcgung gestellten Informationen kann daher nicht \u00fcbernommen werden.<br \/>\nDie kommerzielle Nutzung und\/oder Weiterverbreitung der Inhalte dieser Internetseiten bed\u00fcrfen der schriftlichen Einwilligung.<br \/>\nDie Angaben auf unseren Internetseiten wurden mit Sorgfalt und auf dem jeweils bekannten Stand der Wissenschaft und Technik erstellt. Der Wissens- und Erfahrungsstand entwickelt sich stets weiter. Achten Sie deshalb bitte darauf, dass Sie vor der Ausf\u00fchrung der Arbeiten immer den neusten Stand der Internetseite abfragen. Bitte haben Sie daf\u00fcr Verst\u00e4ndnis, dass wir f\u00fcr die Angaben auf diesen Seiten unsere Haftung auf Vorsatz, grobe Fahrl\u00e4ssigkeit und Versto\u00df wesentlicher Pflichten beschr\u00e4nken m\u00fcssen. Die beschriebenen Produktanwendungen k\u00f6nnen besondere Verh\u00e4ltnisse des Einzelfalls nicht ber\u00fccksichtigen. Pr\u00fcfen Sie deshalb die verwendeten Produkte auf ihre Eignung f\u00fcr den konkreten Anwendungszweck und ber\u00fccksichtigen Sie in jedem Fall die Gebrauchsanweisung und Herstellerangaben.<\/p>\n<h2>Bildnachweis<\/h2>\n<p>\u00a9 Shutterstock (<a href=\"https:\/\/www.shutterstock.com\/de\/\" target=\"_blank\" rel=\"noopener\">shutterstock.com<\/a>)<\/p>\n                    <\/div>\n\n                                <\/div>\n        <\/div>\n    <\/div>\n<\/div>\n<div id=\"bdesign2022_spacer_block_63061d3a2b815\" class=\"bdesign2022_block bdesign2022_block--bdesign2022_spacer\">\n    <div class=\"bdesign2022_block--wrapper\">\n        <div class=\"spacer\" style=\"height: 100px\"><\/div>\n    <\/div>\n<\/div>\n","protected":false},"excerpt":{"rendered":"","protected":false},"author":8,"featured_media":0,"parent":18211,"menu_order":4,"comment_status":"closed","ping_status":"closed","template":"","meta":{"_acf_changed":false,"footnotes":""},"class_list":["post-18217","page","type-page","status-publish","hentry"],"acf":[],"yoast_head":"<!-- This site is optimized with the Yoast SEO plugin v24.2 - https:\/\/yoast.com\/wordpress\/plugins\/seo\/ -->\n<title>Impressum - b!design<\/title>\n<meta name=\"robots\" content=\"index, follow, max-snippet:-1, max-image-preview:large, max-video-preview:-1\" \/>\n<link rel=\"canonical\" href=\"https:\/\/www.bdesign-floors.com\/at\/ueber-uns\/impressum\/\" \/>\n<meta property=\"og:locale\" content=\"de_DE\" \/>\n<meta property=\"og:type\" content=\"article\" \/>\n<meta property=\"og:title\" content=\"Impressum - b!design\" \/>\n<meta property=\"og:url\" content=\"https:\/\/www.bdesign-floors.com\/at\/ueber-uns\/impressum\/\" \/>\n<meta property=\"og:site_name\" content=\"b!design\" \/>\n<meta name=\"twitter:card\" content=\"summary_large_image\" \/>\n<script type=\"application\/ld+json\" class=\"yoast-schema-graph\">{\"@context\":\"https:\/\/schema.org\",\"@graph\":[{\"@type\":\"WebPage\",\"@id\":\"https:\/\/www.bdesign-floors.com\/at\/ueber-uns\/impressum\/\",\"url\":\"https:\/\/www.bdesign-floors.com\/at\/ueber-uns\/impressum\/\",\"name\":\"Impressum - b!design\",\"isPartOf\":{\"@id\":\"https:\/\/bdesign.wp.factory.blim-dev.com\/#website\"},\"datePublished\":\"2022-11-09T14:36:05+00:00\",\"dateModified\":\"2022-11-09T14:36:05+00:00\",\"breadcrumb\":{\"@id\":\"https:\/\/www.bdesign-floors.com\/at\/ueber-uns\/impressum\/#breadcrumb\"},\"inLanguage\":\"de-AT\",\"potentialAction\":[{\"@type\":\"ReadAction\",\"target\":[\"https:\/\/www.bdesign-floors.com\/at\/ueber-uns\/impressum\/\"]}]},{\"@type\":\"BreadcrumbList\",\"@id\":\"https:\/\/www.bdesign-floors.com\/at\/ueber-uns\/impressum\/#breadcrumb\",\"itemListElement\":[{\"@type\":\"ListItem\",\"position\":1,\"name\":\"Home\",\"item\":\"https:\/\/www.bdesign-floors.com\/at\/\"},{\"@type\":\"ListItem\",\"position\":2,\"name\":\"\u00dcber uns\",\"item\":\"https:\/\/www.bdesign-floors.com\/at\/ueber-uns\/\"},{\"@type\":\"ListItem\",\"position\":3,\"name\":\"Impressum\"}]},{\"@type\":\"WebSite\",\"@id\":\"https:\/\/bdesign.wp.factory.blim-dev.com\/#website\",\"url\":\"https:\/\/bdesign.wp.factory.blim-dev.com\/\",\"name\":\"b!design\",\"description\":\"Just another WordPress site\",\"potentialAction\":[{\"@type\":\"SearchAction\",\"target\":{\"@type\":\"EntryPoint\",\"urlTemplate\":\"https:\/\/bdesign.wp.factory.blim-dev.com\/?s={search_term_string}\"},\"query-input\":{\"@type\":\"PropertyValueSpecification\",\"valueRequired\":true,\"valueName\":\"search_term_string\"}}],\"inLanguage\":\"de-AT\"}]}<\/script>\n<!-- \/ Yoast SEO plugin. -->","yoast_head_json":{"title":"Impressum - b!design","robots":{"index":"index","follow":"follow","max-snippet":"max-snippet:-1","max-image-preview":"max-image-preview:large","max-video-preview":"max-video-preview:-1"},"canonical":"https:\/\/www.bdesign-floors.com\/at\/ueber-uns\/impressum\/","og_locale":"de_DE","og_type":"article","og_title":"Impressum - b!design","og_url":"https:\/\/www.bdesign-floors.com\/at\/ueber-uns\/impressum\/","og_site_name":"b!design","twitter_card":"summary_large_image","schema":{"@context":"https:\/\/schema.org","@graph":[{"@type":"WebPage","@id":"https:\/\/www.bdesign-floors.com\/at\/ueber-uns\/impressum\/","url":"https:\/\/www.bdesign-floors.com\/at\/ueber-uns\/impressum\/","name":"Impressum - b!design","isPartOf":{"@id":"https:\/\/bdesign.wp.factory.blim-dev.com\/#website"},"datePublished":"2022-11-09T14:36:05+00:00","dateModified":"2022-11-09T14:36:05+00:00","breadcrumb":{"@id":"https:\/\/www.bdesign-floors.com\/at\/ueber-uns\/impressum\/#breadcrumb"},"inLanguage":"de-AT","potentialAction":[{"@type":"ReadAction","target":["https:\/\/www.bdesign-floors.com\/at\/ueber-uns\/impressum\/"]}]},{"@type":"BreadcrumbList","@id":"https:\/\/www.bdesign-floors.com\/at\/ueber-uns\/impressum\/#breadcrumb","itemListElement":[{"@type":"ListItem","position":1,"name":"Home","item":"https:\/\/www.bdesign-floors.com\/at\/"},{"@type":"ListItem","position":2,"name":"\u00dcber uns","item":"https:\/\/www.bdesign-floors.com\/at\/ueber-uns\/"},{"@type":"ListItem","position":3,"name":"Impressum"}]},{"@type":"WebSite","@id":"https:\/\/bdesign.wp.factory.blim-dev.com\/#website","url":"https:\/\/bdesign.wp.factory.blim-dev.com\/","name":"b!design","description":"Just another WordPress site","potentialAction":[{"@type":"SearchAction","target":{"@type":"EntryPoint","urlTemplate":"https:\/\/bdesign.wp.factory.blim-dev.com\/?s={search_term_string}"},"query-input":{"@type":"PropertyValueSpecification","valueRequired":true,"valueName":"search_term_string"}}],"inLanguage":"de-AT"}]}},"_links":{"self":[{"href":"https:\/\/www.bdesign-floors.com\/at\/wp-json\/wp\/v2\/pages\/18217","targetHints":{"allow":["GET"]}}],"collection":[{"href":"https:\/\/www.bdesign-floors.com\/at\/wp-json\/wp\/v2\/pages"}],"about":[{"href":"https:\/\/www.bdesign-floors.com\/at\/wp-json\/wp\/v2\/types\/page"}],"author":[{"embeddable":true,"href":"https:\/\/www.bdesign-floors.com\/at\/wp-json\/wp\/v2\/users\/8"}],"replies":[{"embeddable":true,"href":"https:\/\/www.bdesign-floors.com\/at\/wp-json\/wp\/v2\/comments?post=18217"}],"version-history":[{"count":1,"href":"https:\/\/www.bdesign-floors.com\/at\/wp-json\/wp\/v2\/pages\/18217\/revisions"}],"predecessor-version":[{"id":18218,"href":"https:\/\/www.bdesign-floors.com\/at\/wp-json\/wp\/v2\/pages\/18217\/revisions\/18218"}],"up":[{"embeddable":true,"href":"https:\/\/www.bdesign-floors.com\/at\/wp-json\/wp\/v2\/pages\/18211"}],"wp:attachment":[{"href":"https:\/\/www.bdesign-floors.com\/at\/wp-json\/wp\/v2\/media?parent=18217"}],"curies":[{"name":"wp","href":"https:\/\/api.w.org\/{rel}","templated":true}]}}