{"id":20421,"date":"2023-03-17T09:15:58","date_gmt":"2023-03-17T07:15:58","guid":{"rendered":"https:\/\/www.bdesign-floors.com\/?page_id=20421"},"modified":"2026-04-23T14:48:48","modified_gmt":"2026-04-23T13:48:48","slug":"montageanleitungen","status":"publish","type":"page","link":"https:\/\/www.bdesign-floors.com\/at\/wissenswertes\/montageanleitungen\/","title":{"rendered":"Montageanleitungen"},"content":{"rendered":"<div id=\"bdesign2022_spacer_block_853b731a3d7daf2a38bdb7d0ca2115df\" class=\"bdesign2022_block bdesign2022_block--bdesign2022_spacer\">\n    <div class=\"bdesign2022_block--wrapper\">\n        <div class=\"spacer\" style=\"height: 60px\"><\/div>\n    <\/div>\n<\/div>\n\n\n<div id=\"bdesign2022_customcontent_block_01b3016e8030017f7eac1d3f674ccb79\" class=\"bdesign2022_block bdesign2022_block--bdesign2022_customcontent\">\n    <div class=\"bdesign2022_block--wrapper\">\n        <div class=\"container\">\n            <div class=\"row\">\n                \n                <div class=\"col-12 col-sm-10\" style=\"margin:0 auto;text-align: center;\">\n                    <div class=\"container-centered\">\n                        <p><img loading=\"lazy\" decoding=\"async\" class=\"alignnone wp-image-26569\" src=\"https:\/\/www.bdesign-floors.com\/wp-content\/uploads\/2026\/02\/Cut-red_Andy-730x225.jpg\" alt=\"\" width=\"1620\" height=\"533\" \/><\/p>\n                    <\/div>\n                <\/div>\n\n                            <\/div>\n        <\/div>\n    <\/div>\n<\/div>\n\n\n<div id=\"bdesign2022_spacer_block_927d04f7299bfd70b2e9141979c4218a\" class=\"bdesign2022_block bdesign2022_block--bdesign2022_spacer\">\n    <div class=\"bdesign2022_block--wrapper\">\n        <div class=\"spacer\" style=\"height: 20px\"><\/div>\n    <\/div>\n<\/div>\n\n\n<div id=\"bdesign2022_customcontent_block_d8c4eaaa3b78be812fc962bb605bb622\" class=\"bdesign2022_block bdesign2022_block--bdesign2022_customcontent\">\n    <div class=\"bdesign2022_block--wrapper\">\n        <div class=\"container\">\n            <div class=\"row\">\n                \n                    <div class=\"col-0 col-sm-2\"><\/div>\n                    <div class=\"col-12 col-sm-10 my-4\">\n                        <h1>Montage\u00adanleitungen<\/h1>\n<p>&nbsp;<\/p>\n<p data-start=\"123\" data-end=\"252\">Die Verlegung unserer Vinylb\u00f6den variiert je nach Klicksystem, z. B. Uniclic, 2G, Droplock 100, Droplock 400, i4F, 5G oder 5Gi.<\/p>\n<p data-start=\"254\" data-end=\"528\">Um eine korrekte Verlegung sicherzustellen, ist es wichtig, zun\u00e4chst das Klicksystem Ihres Bodens zu identifizieren. Anschlie\u00dfend k\u00f6nnen Sie den Anweisungen in der Verlegeanleitung folgen und sich das entsprechende Installationsvideo f\u00fcr das jeweilige Klicksystem ansehen.<\/p>\n<p data-start=\"530\" data-end=\"641\">Durch die Einhaltung der richtigen Anweisungen erzielen Sie ein optimales Ergebnis und einen langlebigen Boden.<\/p>\n<p data-start=\"530\" data-end=\"641\"><strong><a href=\"https:\/\/issuu.com\/hwz-international\/docs\/hwzi_generic_verlegeanleitung_de?fr=xKAE9_zMzMw\" target=\"_blank\" rel=\"noopener\">\u2022 Montageanleitung herunterladen<\/a><br \/>\n<\/strong><\/p>\n<p>&nbsp;<\/p>\n<p><img loading=\"lazy\" decoding=\"async\" class=\"alignnone wp-image-26548\" src=\"https:\/\/www.bdesign-floors.com\/wp-content\/uploads\/2026\/04\/bdesign-Logo-RGB.jpg\" alt=\"\" width=\"354\" height=\"89\" \/><\/p>\n<p>&nbsp;<\/p>\n<p><strong>Installationsvideos f\u00fcr unsere<br \/>\nverschiedenen Klicksysteme:<\/strong><\/p>\n<p><a href=\"https:\/\/youtu.be\/VIo1FDTpEHU\" target=\"_blank\" rel=\"noopener\"><strong>\u2022 Uniclic<\/strong><\/a><\/p>\n<p><a href=\"https:\/\/youtu.be\/UTlxszJ792Y\" target=\"_blank\" rel=\"noopener\"><strong>\u2022 2G \/ Droplock 100<\/strong><\/a><\/p>\n<p><a href=\"https:\/\/youtu.be\/m1gb5LrS85Q?si=RpORK7_YBsSbdRCf\" target=\"_blank\" rel=\"noopener\"><strong>\u2022 5G<\/strong><\/a><\/p>\n<p><a href=\"https:\/\/youtu.be\/4lv9BhR7KRI?si=agPJmp81yJR-qUqi\" target=\"_blank\" rel=\"noopener\"><strong>\u2022 5Gi<\/strong><\/a><\/p>\n<p><a href=\"https:\/\/youtu.be\/7yajj2nu5dA\" target=\"_blank\" rel=\"noopener\"><strong>\u2022 I4F \/ Droplock 400<\/strong><\/a><\/p>\n<p><strong><a href=\"https:\/\/youtu.be\/GgDa91qzhw4\" target=\"_blank\" rel=\"noopener\">\u2022 Unipush\/Unidrop<\/a><\/strong><\/p>\n                    <\/div>\n\n                                <\/div>\n        <\/div>\n    <\/div>\n<\/div>\n\n\n<div id=\"bdesign2022_customcontent_block_9b39fa12b7344c8736815027ed783fa6\" class=\"bdesign2022_block bdesign2022_block--bdesign2022_customcontent\">\n    <div class=\"bdesign2022_block--wrapper\">\n        <div class=\"container\">\n            <div class=\"row\">\n                \n                    <div class=\"col-0 col-sm-2\"><\/div>\n                    <div class=\"col-12 col-sm-10 my-4\">\n                        <p><img loading=\"lazy\" decoding=\"async\" class=\"alignnone wp-image-19944 size-thumbnail\" src=\"https:\/\/www.bdesign-floors.com\/wp-content\/uploads\/2023\/02\/logo_bdesign_wall-285x150.jpg\" alt=\"\" width=\"285\" height=\"150\" \/><br \/>\n<strong>b!design Wall Montageanleitung\/Garantiebedingungen \u2013 DE<\/strong><\/p>\n<p><a href=\"https:\/\/issuu.com\/hwz-international\/docs\/22-12_b_design.wall_montageanleitung_de\" target=\"_blank\" rel=\"noopener\">Montageanleitung herunterladen<\/a><\/p>\n<p>&nbsp;<\/p>\n<div class=\"\" style=\"font-size: 12px;\">*noch nicht auf bdesign-floors.com<\/div>\n                    <\/div>\n\n                                <\/div>\n        <\/div>\n    <\/div>\n<\/div>\n\n\n<div id=\"bdesign2022_2columntext_block_441ae844891d93e2f1723b2c0827c5c4\" class=\"bdesign2022_block bdesign2022_block--bdesign2022_2columntext\">\n    <div class=\"bdesign2022_block--wrapper\">\n        <div class=\"container my-4\">\n            <div class=\"row align-items-start\">\n                <div class=\"col-12 col-xxl-4 offset-0 offset-xxl-2 my-3\">\n                                    <\/div>\n                <div class=\"c0l-12 col-xxl-4 xxl-3 my-3\">\n                                    <\/div>\n            <\/div>\n        <\/div>\n    <\/div>\n<\/div>\n\n\n<div id=\"bdesign2022_spacer_block_5d005c6b92b7a7ed2da5dd264c3fae8e\" class=\"bdesign2022_block bdesign2022_block--bdesign2022_spacer\">\n    <div class=\"bdesign2022_block--wrapper\">\n        <div class=\"spacer\" style=\"height: 100px\"><\/div>\n    <\/div>\n<\/div>\n","protected":false},"excerpt":{"rendered":"","protected":false},"author":7,"featured_media":26570,"parent":18145,"menu_order":4,"comment_status":"closed","ping_status":"closed","template":"","meta":{"_acf_changed":false,"footnotes":""},"class_list":["post-20421","page","type-page","status-publish","has-post-thumbnail","hentry"],"acf":[],"yoast_head":"<!-- This site is optimized with the Yoast SEO plugin v24.2 - https:\/\/yoast.com\/wordpress\/plugins\/seo\/ -->\n<title>Montageanleitungen - b!design<\/title>\n<meta name=\"robots\" content=\"index, follow, max-snippet:-1, max-image-preview:large, max-video-preview:-1\" \/>\n<link rel=\"canonical\" href=\"https:\/\/www.bdesign-floors.com\/at\/wissenswertes\/montageanleitungen\/\" \/>\n<meta property=\"og:locale\" content=\"de_DE\" \/>\n<meta property=\"og:type\" content=\"article\" \/>\n<meta property=\"og:title\" content=\"Montageanleitungen - b!design\" \/>\n<meta property=\"og:url\" content=\"https:\/\/www.bdesign-floors.com\/at\/wissenswertes\/montageanleitungen\/\" \/>\n<meta property=\"og:site_name\" content=\"b!design\" \/>\n<meta property=\"article:modified_time\" content=\"2026-04-23T13:48:48+00:00\" \/>\n<meta property=\"og:image\" content=\"https:\/\/www.bdesign-floors.com\/wp-content\/uploads\/2026\/02\/Cut-red-1110x740.jpg\" \/>\n\t<meta property=\"og:image:width\" content=\"1110\" \/>\n\t<meta property=\"og:image:height\" content=\"740\" \/>\n\t<meta property=\"og:image:type\" content=\"image\/jpeg\" \/>\n<meta name=\"twitter:card\" content=\"summary_large_image\" \/>\n<meta name=\"twitter:label1\" content=\"Gesch\u00e4tzte Lesezeit\" \/>\n\t<meta name=\"twitter:data1\" content=\"1 Minute\" \/>\n<script type=\"application\/ld+json\" class=\"yoast-schema-graph\">{\"@context\":\"https:\/\/schema.org\",\"@graph\":[{\"@type\":\"WebPage\",\"@id\":\"https:\/\/www.bdesign-floors.com\/at\/wissenswertes\/montageanleitungen\/\",\"url\":\"https:\/\/www.bdesign-floors.com\/at\/wissenswertes\/montageanleitungen\/\",\"name\":\"Montageanleitungen - b!design\",\"isPartOf\":{\"@id\":\"https:\/\/bdesign.wp.factory.blim-dev.com\/#website\"},\"primaryImageOfPage\":{\"@id\":\"https:\/\/www.bdesign-floors.com\/at\/wissenswertes\/montageanleitungen\/#primaryimage\"},\"image\":{\"@id\":\"https:\/\/www.bdesign-floors.com\/at\/wissenswertes\/montageanleitungen\/#primaryimage\"},\"thumbnailUrl\":\"https:\/\/www.bdesign-floors.com\/wp-content\/uploads\/2026\/02\/Cut-red_Andy.jpg\",\"datePublished\":\"2023-03-17T07:15:58+00:00\",\"dateModified\":\"2026-04-23T13:48:48+00:00\",\"breadcrumb\":{\"@id\":\"https:\/\/www.bdesign-floors.com\/at\/wissenswertes\/montageanleitungen\/#breadcrumb\"},\"inLanguage\":\"de-AT\",\"potentialAction\":[{\"@type\":\"ReadAction\",\"target\":[\"https:\/\/www.bdesign-floors.com\/at\/wissenswertes\/montageanleitungen\/\"]}]},{\"@type\":\"ImageObject\",\"inLanguage\":\"de-AT\",\"@id\":\"https:\/\/www.bdesign-floors.com\/at\/wissenswertes\/montageanleitungen\/#primaryimage\",\"url\":\"https:\/\/www.bdesign-floors.com\/wp-content\/uploads\/2026\/02\/Cut-red_Andy.jpg\",\"contentUrl\":\"https:\/\/www.bdesign-floors.com\/wp-content\/uploads\/2026\/02\/Cut-red_Andy.jpg\",\"width\":2000,\"height\":1333},{\"@type\":\"BreadcrumbList\",\"@id\":\"https:\/\/www.bdesign-floors.com\/at\/wissenswertes\/montageanleitungen\/#breadcrumb\",\"itemListElement\":[{\"@type\":\"ListItem\",\"position\":1,\"name\":\"Home\",\"item\":\"https:\/\/www.bdesign-floors.com\/at\/\"},{\"@type\":\"ListItem\",\"position\":2,\"name\":\"Wissenswertes\",\"item\":\"https:\/\/www.bdesign-floors.com\/at\/wissenswertes\/\"},{\"@type\":\"ListItem\",\"position\":3,\"name\":\"Montageanleitungen\"}]},{\"@type\":\"WebSite\",\"@id\":\"https:\/\/bdesign.wp.factory.blim-dev.com\/#website\",\"url\":\"https:\/\/bdesign.wp.factory.blim-dev.com\/\",\"name\":\"b!design\",\"description\":\"Just another WordPress site\",\"potentialAction\":[{\"@type\":\"SearchAction\",\"target\":{\"@type\":\"EntryPoint\",\"urlTemplate\":\"https:\/\/bdesign.wp.factory.blim-dev.com\/?s={search_term_string}\"},\"query-input\":{\"@type\":\"PropertyValueSpecification\",\"valueRequired\":true,\"valueName\":\"search_term_string\"}}],\"inLanguage\":\"de-AT\"}]}<\/script>\n<!-- \/ Yoast SEO plugin. -->","yoast_head_json":{"title":"Montageanleitungen - b!design","robots":{"index":"index","follow":"follow","max-snippet":"max-snippet:-1","max-image-preview":"max-image-preview:large","max-video-preview":"max-video-preview:-1"},"canonical":"https:\/\/www.bdesign-floors.com\/at\/wissenswertes\/montageanleitungen\/","og_locale":"de_DE","og_type":"article","og_title":"Montageanleitungen - b!design","og_url":"https:\/\/www.bdesign-floors.com\/at\/wissenswertes\/montageanleitungen\/","og_site_name":"b!design","article_modified_time":"2026-04-23T13:48:48+00:00","og_image":[{"width":1110,"height":740,"url":"https:\/\/www.bdesign-floors.com\/wp-content\/uploads\/2026\/02\/Cut-red-1110x740.jpg","type":"image\/jpeg"}],"twitter_card":"summary_large_image","twitter_misc":{"Gesch\u00e4tzte Lesezeit":"1 Minute"},"schema":{"@context":"https:\/\/schema.org","@graph":[{"@type":"WebPage","@id":"https:\/\/www.bdesign-floors.com\/at\/wissenswertes\/montageanleitungen\/","url":"https:\/\/www.bdesign-floors.com\/at\/wissenswertes\/montageanleitungen\/","name":"Montageanleitungen - b!design","isPartOf":{"@id":"https:\/\/bdesign.wp.factory.blim-dev.com\/#website"},"primaryImageOfPage":{"@id":"https:\/\/www.bdesign-floors.com\/at\/wissenswertes\/montageanleitungen\/#primaryimage"},"image":{"@id":"https:\/\/www.bdesign-floors.com\/at\/wissenswertes\/montageanleitungen\/#primaryimage"},"thumbnailUrl":"https:\/\/www.bdesign-floors.com\/wp-content\/uploads\/2026\/02\/Cut-red_Andy.jpg","datePublished":"2023-03-17T07:15:58+00:00","dateModified":"2026-04-23T13:48:48+00:00","breadcrumb":{"@id":"https:\/\/www.bdesign-floors.com\/at\/wissenswertes\/montageanleitungen\/#breadcrumb"},"inLanguage":"de-AT","potentialAction":[{"@type":"ReadAction","target":["https:\/\/www.bdesign-floors.com\/at\/wissenswertes\/montageanleitungen\/"]}]},{"@type":"ImageObject","inLanguage":"de-AT","@id":"https:\/\/www.bdesign-floors.com\/at\/wissenswertes\/montageanleitungen\/#primaryimage","url":"https:\/\/www.bdesign-floors.com\/wp-content\/uploads\/2026\/02\/Cut-red_Andy.jpg","contentUrl":"https:\/\/www.bdesign-floors.com\/wp-content\/uploads\/2026\/02\/Cut-red_Andy.jpg","width":2000,"height":1333},{"@type":"BreadcrumbList","@id":"https:\/\/www.bdesign-floors.com\/at\/wissenswertes\/montageanleitungen\/#breadcrumb","itemListElement":[{"@type":"ListItem","position":1,"name":"Home","item":"https:\/\/www.bdesign-floors.com\/at\/"},{"@type":"ListItem","position":2,"name":"Wissenswertes","item":"https:\/\/www.bdesign-floors.com\/at\/wissenswertes\/"},{"@type":"ListItem","position":3,"name":"Montageanleitungen"}]},{"@type":"WebSite","@id":"https:\/\/bdesign.wp.factory.blim-dev.com\/#website","url":"https:\/\/bdesign.wp.factory.blim-dev.com\/","name":"b!design","description":"Just another WordPress site","potentialAction":[{"@type":"SearchAction","target":{"@type":"EntryPoint","urlTemplate":"https:\/\/bdesign.wp.factory.blim-dev.com\/?s={search_term_string}"},"query-input":{"@type":"PropertyValueSpecification","valueRequired":true,"valueName":"search_term_string"}}],"inLanguage":"de-AT"}]}},"_links":{"self":[{"href":"https:\/\/www.bdesign-floors.com\/at\/wp-json\/wp\/v2\/pages\/20421","targetHints":{"allow":["GET"]}}],"collection":[{"href":"https:\/\/www.bdesign-floors.com\/at\/wp-json\/wp\/v2\/pages"}],"about":[{"href":"https:\/\/www.bdesign-floors.com\/at\/wp-json\/wp\/v2\/types\/page"}],"author":[{"embeddable":true,"href":"https:\/\/www.bdesign-floors.com\/at\/wp-json\/wp\/v2\/users\/7"}],"replies":[{"embeddable":true,"href":"https:\/\/www.bdesign-floors.com\/at\/wp-json\/wp\/v2\/comments?post=20421"}],"version-history":[{"count":69,"href":"https:\/\/www.bdesign-floors.com\/at\/wp-json\/wp\/v2\/pages\/20421\/revisions"}],"predecessor-version":[{"id":26797,"href":"https:\/\/www.bdesign-floors.com\/at\/wp-json\/wp\/v2\/pages\/20421\/revisions\/26797"}],"up":[{"embeddable":true,"href":"https:\/\/www.bdesign-floors.com\/at\/wp-json\/wp\/v2\/pages\/18145"}],"wp:featuredmedia":[{"embeddable":true,"href":"https:\/\/www.bdesign-floors.com\/at\/wp-json\/wp\/v2\/media\/26570"}],"wp:attachment":[{"href":"https:\/\/www.bdesign-floors.com\/at\/wp-json\/wp\/v2\/media?parent=20421"}],"curies":[{"name":"wp","href":"https:\/\/api.w.org\/{rel}","templated":true}]}}