{"id":18275,"date":"2022-11-09T16:37:46","date_gmt":"2022-11-09T14:37:46","guid":{"rendered":"https:\/\/www.bdesign-floors.com\/wissenswertes\/"},"modified":"2022-11-09T16:37:47","modified_gmt":"2022-11-09T14:37:47","slug":"wissenswertes","status":"publish","type":"page","link":"https:\/\/www.bdesign-floors.com\/ch\/wissenswertes\/","title":{"rendered":"Wissenswertes"},"content":{"rendered":"<div id=\"bdesign2022_pageheader_block_62dfd623856fa\" class=\"bdesign2022_block bdesign2022_block--bdesign2022_pageheader\">\n    <div class=\"bdesign2022_block--wrapper\">\n                                    <div class=\"bdesign2022_ph-wrap is-single\">\n                    <div class=\"bdesign2022_ph-slide slidestyle-is-black orig-is-black active\">\n                        <div class=\"slide-image\">\n                            <img decoding=\"async\" class=\"img-fluid logo\" src=\"https:\/\/www.bdesign-floors.com\/wp-content\/uploads\/2022\/08\/wissenswertes-boden-b-design.jpg\" srcset=\"https:\/\/www.bdesign-floors.com\/wp-content\/uploads\/2022\/08\/wissenswertes-boden-b-design.jpg 1110w, https:\/\/www.bdesign-floors.com\/wp-content\/uploads\/2022\/08\/wissenswertes-boden-b-design-768x521.jpg 768w, https:\/\/www.bdesign-floors.com\/wp-content\/uploads\/2022\/08\/wissenswertes-boden-b-design-442x300.jpg 442w\">                        <\/div>\n                        <div class=\"slide-area\">\n                            <div class=\"slide-area-wrapper\">\n                                <h1>Wissenswertes \u00fcber die b!design-B\u00f6den<\/h1>\n                                <h6>Wohnen Sie ges\u00fcnder \u2013 mit den Designvinylb\u00f6den von b!design<\/h6>\n                                                                                            <\/div>\n                            <div class=\"slide-image-mobile d-md-none\">\n                                <img decoding=\"async\" class=\"img-fluid logo\" src=\"https:\/\/www.bdesign-floors.com\/wp-content\/uploads\/2022\/08\/wissenswertes-boden-b-design.jpg\" srcset=\"https:\/\/www.bdesign-floors.com\/wp-content\/uploads\/2022\/08\/wissenswertes-boden-b-design.jpg 1110w, https:\/\/www.bdesign-floors.com\/wp-content\/uploads\/2022\/08\/wissenswertes-boden-b-design-768x521.jpg 768w, https:\/\/www.bdesign-floors.com\/wp-content\/uploads\/2022\/08\/wissenswertes-boden-b-design-442x300.jpg 442w\">                            <\/div>\n                        <\/div>\n                    <\/div>\n                <\/div>\n                        <\/div>\n<\/div>\n<div id=\"bdesign2022_headline_block_62e922710cc19\" class=\"bdesign2022_block bdesign2022_block--bdesign2022_headline\">\n    <div class=\"bdesign2022_block--wrapper\">\n        <div class=\"container my-4\">\n            \n                                    <h5 class=\"h5 text-start mt-5 mb-3\">Wissenswertes<\/h5>\n                                                    <h2 class=\"h2 text-start mt-2 mb-4\">Die b!design-B\u00f6den schaffen die Grundlage <br>f\u00fcr unbeschwertes Wohnen<\/h2>\n                                \n                        <\/div>\n    <\/div>\n<\/div>\n<div id=\"bdesign2022_2columntext_block_62e923a916b97\" class=\"bdesign2022_block bdesign2022_block--bdesign2022_2columntext\">\n    <div class=\"bdesign2022_block--wrapper\">\n        <div class=\"container my-4\">\n            <div class=\"row align-items-start\">\n                <div class=\"col-12 col-xxl-4 offset-0 offset-xxl-2 my-3\">\n                    <p>Einen neuen Boden kauft man nicht alle Tage, er ist eine Anschaffung f\u00fcrs Leben. Deshalb verstehen wir genau, wie schwer es ist, sich f\u00fcr den Richtigen zu entscheiden. Aber wie wissen Sie, welcher der Passende f\u00fcr Sie ist? Wir helfen Ihnen und geben Ihnen Wissenswertes mit an die Hand, worauf Sie beim Kauf achten m\u00fcssen, wenn Sie gro\u00dfen Wert auf Qualit\u00e4t, Verarbeitung und Verlegung des Bodens legen. Wir raten Ihnen zu einem Boden von b!design,<\/p>\n                <\/div>\n                <div class=\"c0l-12 col-xxl-4 xxl-3 my-3\">\n                    <p>der aus einem hohen Anteil nat\u00fcrlicher Materialien hergestellt ist. Die hochwertigen Vinylb\u00f6den enthalten weder PVC, PCB, Dioxine noch andere chemische Bindemittel, die ausd\u00fcnsten k\u00f6nnen. Das bedeutet f\u00fcr Sie: keine Belastung durch Schadstoffe im Wohnalltag. Das ist die Basis, die unsere B\u00f6den zu dem machen, was sie sind: nat\u00fcrliche B\u00f6den, die allergikerfreundlich und hygienisch sind.<\/p>\n                <\/div>\n            <\/div>\n        <\/div>\n    <\/div>\n<\/div>\n<div id=\"bdesign2022_imagetext_block_62f63b3a5464c\" class=\"bdesign2022_block bdesign2022_block--bdesign2022_imagetext\">\n    <div class=\"bdesign2022_block--wrapper\">\n        <div class=\"container\">\n            <div class=\"row align-items-center align-items-xxl-start align-items-xxxl-center\">\n                <div class=\"col-12 col-xl-7 col-xxl-6 col-xxxl-4 col-type-is-imagetext col-count-is-1\"><h3>H\u00e4ufig gestellte Fragen<\/h3><p>Sie haben Fragen zu unseren Produkten? Hier finden Sie Antworten auf h\u00e4ufig gestellte Fragen zu den b!design-Designvinylb\u00f6den. Informieren Sie sich jetzt!<\/p>\n<a class=\"btn btn-bdesign2022 btn-pagelink\" href=\"https:\/\/www.bdesign-floors.com\/wissenswertes\/haeufig-gestellte-fragen\/\">H\u00e4ufig gestellte Fragen<\/a><\/div><div class=\"d-block d-md-block col-md-7 col-xl-4 col-xxl-5 col-xxxl-7 col-type-is-image col-count-is-2\"><img decoding=\"async\" class=\"img-fluid col-img\" src=\"https:\/\/www.bdesign-floors.com\/wp-content\/uploads\/2022\/08\/faq-boden-b-design.jpg\" srcset=\"https:\/\/www.bdesign-floors.com\/wp-content\/uploads\/2022\/08\/faq-boden-b-design.jpg 1110w, https:\/\/www.bdesign-floors.com\/wp-content\/uploads\/2022\/08\/faq-boden-b-design-768x510.jpg 768w, https:\/\/www.bdesign-floors.com\/wp-content\/uploads\/2022\/08\/faq-boden-b-design-452x300.jpg 452w\"><\/div>            <\/div>\n        <\/div>\n    <\/div>\n<\/div>\n<div id=\"bdesign2022_imagetext_block_62f63b855464d\" class=\"bdesign2022_block bdesign2022_block--bdesign2022_imagetext\">\n    <div class=\"bdesign2022_block--wrapper\">\n        <div class=\"container\">\n            <div class=\"row align-items-center align-items-xxl-start align-items-xxxl-center\">\n                <div class=\"d-block d-md-block col-md-7 col-xl-4 col-xxl-5 col-xxxl-7 col-type-is-image col-count-is-1\"><img decoding=\"async\" class=\"img-fluid col-img\" src=\"https:\/\/www.bdesign-floors.com\/wp-content\/uploads\/2022\/08\/sentinel-haus-zertifikat-vorteile-boden-b-design.jpg\" srcset=\"https:\/\/www.bdesign-floors.com\/wp-content\/uploads\/2022\/08\/sentinel-haus-zertifikat-vorteile-boden-b-design.jpg 1110w, https:\/\/www.bdesign-floors.com\/wp-content\/uploads\/2022\/08\/sentinel-haus-zertifikat-vorteile-boden-b-design-768x510.jpg 768w, https:\/\/www.bdesign-floors.com\/wp-content\/uploads\/2022\/08\/sentinel-haus-zertifikat-vorteile-boden-b-design-452x300.jpg 452w\"><\/div><div class=\"col-12 col-xl-7 col-xxl-6 col-xxxl-4 col-type-is-imagetext col-count-is-2\"><h3>Gesundes Wohnen mit dem Sentinel Haus als Partner<\/h3><p>Das Sentinel Haus Institut ist Markt- und Wissensf\u00fchrer f\u00fcr die Gesundheit in Geb\u00e4uden und ver\u00f6ffentlicht nur auf Schadstoffe gepr\u00fcfte Produkte. Deshalb sind wir stolz, uns als Partner z\u00e4hlen zu d\u00fcrfen.<\/p>\n<a class=\"btn btn-bdesign2022 btn-pagelink\" href=\"https:\/\/www.bdesign-floors.com\/wissenswertes\/gesundes-wohnen\/\">Gesundes Wohnen<\/a><\/div>            <\/div>\n        <\/div>\n    <\/div>\n<\/div>\n","protected":false},"excerpt":{"rendered":"","protected":false},"author":8,"featured_media":0,"parent":0,"menu_order":4,"comment_status":"closed","ping_status":"closed","template":"","meta":{"_acf_changed":false,"footnotes":""},"class_list":["post-18275","page","type-page","status-publish","hentry"],"acf":[],"yoast_head":"<!-- This site is optimized with the Yoast SEO plugin v24.2 - https:\/\/yoast.com\/wordpress\/plugins\/seo\/ -->\n<title>Wissenswertes | b!design<\/title>\n<meta name=\"description\" content=\"Erfahren Sie in unseren Ratgebern Wissenswertes rund um die Bodenbel\u00e4ge von b!design sowie Reinigung, Pflege, Verlegung und mehr. Jetzt informieren!\" \/>\n<meta name=\"robots\" content=\"index, follow, max-snippet:-1, max-image-preview:large, max-video-preview:-1\" \/>\n<link rel=\"canonical\" href=\"https:\/\/www.bdesign-floors.com\/ch\/wissenswertes\/\" \/>\n<meta property=\"og:locale\" content=\"de_DE\" \/>\n<meta property=\"og:type\" content=\"article\" \/>\n<meta property=\"og:title\" content=\"Wissenswertes | b!design\" \/>\n<meta property=\"og:description\" content=\"Erfahren Sie in unseren Ratgebern Wissenswertes rund um die Bodenbel\u00e4ge von b!design sowie Reinigung, Pflege, Verlegung und mehr. Jetzt informieren!\" \/>\n<meta property=\"og:url\" content=\"https:\/\/www.bdesign-floors.com\/ch\/wissenswertes\/\" \/>\n<meta property=\"og:site_name\" content=\"b!design\" \/>\n<meta property=\"article:modified_time\" content=\"2022-11-09T14:37:47+00:00\" \/>\n<meta name=\"twitter:card\" content=\"summary_large_image\" \/>\n<script type=\"application\/ld+json\" class=\"yoast-schema-graph\">{\"@context\":\"https:\/\/schema.org\",\"@graph\":[{\"@type\":\"WebPage\",\"@id\":\"https:\/\/www.bdesign-floors.com\/ch\/wissenswertes\/\",\"url\":\"https:\/\/www.bdesign-floors.com\/ch\/wissenswertes\/\",\"name\":\"Wissenswertes | b!design\",\"isPartOf\":{\"@id\":\"https:\/\/bdesign.wp.factory.blim-dev.com\/#website\"},\"datePublished\":\"2022-11-09T14:37:46+00:00\",\"dateModified\":\"2022-11-09T14:37:47+00:00\",\"description\":\"Erfahren Sie in unseren Ratgebern Wissenswertes rund um die Bodenbel\u00e4ge von b!design sowie Reinigung, Pflege, Verlegung und mehr. Jetzt informieren!\",\"breadcrumb\":{\"@id\":\"https:\/\/www.bdesign-floors.com\/ch\/wissenswertes\/#breadcrumb\"},\"inLanguage\":\"de-CH\",\"potentialAction\":[{\"@type\":\"ReadAction\",\"target\":[\"https:\/\/www.bdesign-floors.com\/ch\/wissenswertes\/\"]}]},{\"@type\":\"BreadcrumbList\",\"@id\":\"https:\/\/www.bdesign-floors.com\/ch\/wissenswertes\/#breadcrumb\",\"itemListElement\":[{\"@type\":\"ListItem\",\"position\":1,\"name\":\"Home\",\"item\":\"https:\/\/www.bdesign-floors.com\/ch\/\"},{\"@type\":\"ListItem\",\"position\":2,\"name\":\"Wissenswertes\"}]},{\"@type\":\"WebSite\",\"@id\":\"https:\/\/bdesign.wp.factory.blim-dev.com\/#website\",\"url\":\"https:\/\/bdesign.wp.factory.blim-dev.com\/\",\"name\":\"b!design\",\"description\":\"Just another WordPress site\",\"potentialAction\":[{\"@type\":\"SearchAction\",\"target\":{\"@type\":\"EntryPoint\",\"urlTemplate\":\"https:\/\/bdesign.wp.factory.blim-dev.com\/?s={search_term_string}\"},\"query-input\":{\"@type\":\"PropertyValueSpecification\",\"valueRequired\":true,\"valueName\":\"search_term_string\"}}],\"inLanguage\":\"de-CH\"}]}<\/script>\n<!-- \/ Yoast SEO plugin. -->","yoast_head_json":{"title":"Wissenswertes | b!design","description":"Erfahren Sie in unseren Ratgebern Wissenswertes rund um die Bodenbel\u00e4ge von b!design sowie Reinigung, Pflege, Verlegung und mehr. Jetzt informieren!","robots":{"index":"index","follow":"follow","max-snippet":"max-snippet:-1","max-image-preview":"max-image-preview:large","max-video-preview":"max-video-preview:-1"},"canonical":"https:\/\/www.bdesign-floors.com\/ch\/wissenswertes\/","og_locale":"de_DE","og_type":"article","og_title":"Wissenswertes | b!design","og_description":"Erfahren Sie in unseren Ratgebern Wissenswertes rund um die Bodenbel\u00e4ge von b!design sowie Reinigung, Pflege, Verlegung und mehr. Jetzt informieren!","og_url":"https:\/\/www.bdesign-floors.com\/ch\/wissenswertes\/","og_site_name":"b!design","article_modified_time":"2022-11-09T14:37:47+00:00","twitter_card":"summary_large_image","schema":{"@context":"https:\/\/schema.org","@graph":[{"@type":"WebPage","@id":"https:\/\/www.bdesign-floors.com\/ch\/wissenswertes\/","url":"https:\/\/www.bdesign-floors.com\/ch\/wissenswertes\/","name":"Wissenswertes | b!design","isPartOf":{"@id":"https:\/\/bdesign.wp.factory.blim-dev.com\/#website"},"datePublished":"2022-11-09T14:37:46+00:00","dateModified":"2022-11-09T14:37:47+00:00","description":"Erfahren Sie in unseren Ratgebern Wissenswertes rund um die Bodenbel\u00e4ge von b!design sowie Reinigung, Pflege, Verlegung und mehr. Jetzt informieren!","breadcrumb":{"@id":"https:\/\/www.bdesign-floors.com\/ch\/wissenswertes\/#breadcrumb"},"inLanguage":"de-CH","potentialAction":[{"@type":"ReadAction","target":["https:\/\/www.bdesign-floors.com\/ch\/wissenswertes\/"]}]},{"@type":"BreadcrumbList","@id":"https:\/\/www.bdesign-floors.com\/ch\/wissenswertes\/#breadcrumb","itemListElement":[{"@type":"ListItem","position":1,"name":"Home","item":"https:\/\/www.bdesign-floors.com\/ch\/"},{"@type":"ListItem","position":2,"name":"Wissenswertes"}]},{"@type":"WebSite","@id":"https:\/\/bdesign.wp.factory.blim-dev.com\/#website","url":"https:\/\/bdesign.wp.factory.blim-dev.com\/","name":"b!design","description":"Just another WordPress site","potentialAction":[{"@type":"SearchAction","target":{"@type":"EntryPoint","urlTemplate":"https:\/\/bdesign.wp.factory.blim-dev.com\/?s={search_term_string}"},"query-input":{"@type":"PropertyValueSpecification","valueRequired":true,"valueName":"search_term_string"}}],"inLanguage":"de-CH"}]}},"_links":{"self":[{"href":"https:\/\/www.bdesign-floors.com\/ch\/wp-json\/wp\/v2\/pages\/18275","targetHints":{"allow":["GET"]}}],"collection":[{"href":"https:\/\/www.bdesign-floors.com\/ch\/wp-json\/wp\/v2\/pages"}],"about":[{"href":"https:\/\/www.bdesign-floors.com\/ch\/wp-json\/wp\/v2\/types\/page"}],"author":[{"embeddable":true,"href":"https:\/\/www.bdesign-floors.com\/ch\/wp-json\/wp\/v2\/users\/8"}],"replies":[{"embeddable":true,"href":"https:\/\/www.bdesign-floors.com\/ch\/wp-json\/wp\/v2\/comments?post=18275"}],"version-history":[{"count":1,"href":"https:\/\/www.bdesign-floors.com\/ch\/wp-json\/wp\/v2\/pages\/18275\/revisions"}],"predecessor-version":[{"id":18280,"href":"https:\/\/www.bdesign-floors.com\/ch\/wp-json\/wp\/v2\/pages\/18275\/revisions\/18280"}],"wp:attachment":[{"href":"https:\/\/www.bdesign-floors.com\/ch\/wp-json\/wp\/v2\/media?parent=18275"}],"curies":[{"name":"wp","href":"https:\/\/api.w.org\/{rel}","templated":true}]}}