{"id":13416,"date":"2022-09-12T16:23:45","date_gmt":"2022-09-12T14:23:45","guid":{"rendered":"https:\/\/www.bdesign-floors.com\/prislusenstvi-a-pece\/"},"modified":"2022-09-13T16:52:19","modified_gmt":"2022-09-13T14:52:19","slug":"prislusenstvi-a-pece","status":"publish","type":"page","link":"https:\/\/www.bdesign-floors.com\/cs\/prislusenstvi-a-pece\/","title":{"rendered":"P\u0159\u00edslu\u0161enstv\u00ed a p\u00e9\u010de"},"content":{"rendered":"<div id=\"bdesign2022_pageheader_block_62dfd623856fa\" class=\"bdesign2022_block bdesign2022_block--bdesign2022_pageheader\">\n    <div class=\"bdesign2022_block--wrapper\">\n                                    <div class=\"bdesign2022_ph-wrap is-single\">\n                    <div class=\"bdesign2022_ph-slide slidestyle-is-black orig-is-\u010dern\u00e1 active\">\n                        <div class=\"slide-image\">\n                            <img decoding=\"async\" class=\"img-fluid logo\" src=\"https:\/\/www.bdesign-floors.com\/wp-content\/uploads\/2022\/09\/zubehoer-pflege-boden-b-design.jpg\" srcset=\"https:\/\/www.bdesign-floors.com\/wp-content\/uploads\/2022\/09\/zubehoer-pflege-boden-b-design.jpg 1110w, https:\/\/www.bdesign-floors.com\/wp-content\/uploads\/2022\/09\/zubehoer-pflege-boden-b-design-768x521.jpg 768w, https:\/\/www.bdesign-floors.com\/wp-content\/uploads\/2022\/09\/zubehoer-pflege-boden-b-design-442x300.jpg 442w\">                        <\/div>\n                        <div class=\"slide-area\">\n                            <div class=\"slide-area-wrapper\">\n                                <h1>Ochrana a p\u00e9\u010de o va\u0161i vysn\u011bnou podlahu<\/h1>\n                                <h6>Najdete zde vysoce kvalitn\u00ed p\u0159\u00edslu\u0161enstv\u00ed a spr\u00e1vnou p\u00e9\u010di pro \u00fa\u010dinn\u00e9 \u010di\u0161t\u011bn\u00ed a ochranu podlah.<\/h6>\n                                                                                            <\/div>\n                            <div class=\"slide-image-mobile d-md-none\">\n                                <img decoding=\"async\" class=\"img-fluid logo\" src=\"https:\/\/www.bdesign-floors.com\/wp-content\/uploads\/2022\/09\/zubehoer-pflege-boden-b-design.jpg\" srcset=\"https:\/\/www.bdesign-floors.com\/wp-content\/uploads\/2022\/09\/zubehoer-pflege-boden-b-design.jpg 1110w, https:\/\/www.bdesign-floors.com\/wp-content\/uploads\/2022\/09\/zubehoer-pflege-boden-b-design-768x521.jpg 768w, https:\/\/www.bdesign-floors.com\/wp-content\/uploads\/2022\/09\/zubehoer-pflege-boden-b-design-442x300.jpg 442w\">                            <\/div>\n                        <\/div>\n                    <\/div>\n                <\/div>\n                        <\/div>\n<\/div>\n\n\n<div id=\"bdesign2022_headline_block_62ea833e526c0\" class=\"bdesign2022_block bdesign2022_block--bdesign2022_headline\">\n    <div class=\"bdesign2022_block--wrapper\">\n        <div class=\"container my-4\">\n            \n                                    <h5 class=\"h5 text-start mt-5 mb-3\">P\u0159\u00edslu\u0161enstv\u00ed a p\u00e9\u010de<\/h5>\n                                                    <h2 class=\"h2 text-start mt-2 mb-4\">P\u00e9\u010de a p\u0159\u00edslu\u0161enstv\u00ed pro instalaci<\/h2>\n                                \n                        <\/div>\n    <\/div>\n<\/div>\n\n\n<div id=\"bdesign2022_2columntext_block_62ea8358526c1\" class=\"bdesign2022_block bdesign2022_block--bdesign2022_2columntext\">\n    <div class=\"bdesign2022_block--wrapper\">\n        <div class=\"container my-4\">\n            <div class=\"row align-items-start\">\n                <div class=\"col-12 col-xxl-4 offset-0 offset-xxl-2 my-3\">\n                    <p>A\u0165 u\u017e se jedn\u00e1 o podlo\u017eky, podlahov\u00e9 li\u0161ty nebo \u010distic\u00ed prost\u0159edky &#8211; zde najdete to, co je vhodn\u00e9 pro va\u0161i designovou podlahu. T\u00edmto zp\u016fsobem dos\u00e1hnete nejen atraktivn\u011bj\u0161\u00edho vzhledu, ale m\u016f\u017eete tak\u00e9 dlouhodob\u011b udr\u017eet hodnotu sv\u00e9 podlahy. V z\u00e1vislosti na va\u0161ich individu\u00e1ln\u00edch pot\u0159eb\u00e1ch si m\u016f\u017eete vybrat mezi vysoce kvalitn\u00edmi<\/p>\n                <\/div>\n                <div class=\"c0l-12 col-xxl-4 xxl-3 my-3\">\n                    <p>podlo\u017eky a speci\u00e1ln\u00ed \u010distic\u00ed prost\u0159edky. M\u016f\u017eete si vybrat z\u00e1kladn\u00ed \u010distic\u00ed prost\u0159edek pro z\u00e1kladn\u00ed p\u00e9\u010di, mopovac\u00ed prost\u0159edek pro p\u0159irozenou ochranu podlahy a n\u00e1\u0161 osv\u011b\u017eova\u010d pro ochranu podlahy. Objevte p\u0159\u00edslu\u0161enstv\u00ed a produkty pro p\u00e9\u010di od b!design.<\/p>\n                <\/div>\n            <\/div>\n        <\/div>\n    <\/div>\n<\/div>\n\n\n<div id=\"bdesign2022_imagetext_block_62e799efe8da2\" class=\"bdesign2022_block bdesign2022_block--bdesign2022_imagetext\">\n    <div class=\"bdesign2022_block--wrapper\">\n        <div class=\"container\">\n            <div class=\"row align-items-center align-items-xxl-start align-items-xxxl-center\">\n                <div class=\"d-block d-md-block col-md-7 col-xl-4 col-xxl-5 col-xxxl-7 col-type-is-image col-count-is-1\"><img decoding=\"async\" class=\"img-fluid col-img\" src=\"https:\/\/www.bdesign-floors.com\/wp-content\/uploads\/2022\/09\/unterlagsmatte-zubehoer-pflege-boden-b-design.jpg\" srcset=\"https:\/\/www.bdesign-floors.com\/wp-content\/uploads\/2022\/09\/unterlagsmatte-zubehoer-pflege-boden-b-design.jpg 1110w, https:\/\/www.bdesign-floors.com\/wp-content\/uploads\/2022\/09\/unterlagsmatte-zubehoer-pflege-boden-b-design-768x510.jpg 768w, https:\/\/www.bdesign-floors.com\/wp-content\/uploads\/2022\/09\/unterlagsmatte-zubehoer-pflege-boden-b-design-452x300.jpg 452w\"><\/div><div class=\"col-12 col-xl-7 col-xxl-6 col-xxxl-4 col-type-is-imagetext col-count-is-2\"><h3>Pro\u010d podlo\u017eka b!design?<\/h3><p>Podlo\u017eka b!design m\u00e1 vynikaj\u00edc\u00ed dlouhodobou stabilitu a vysokou pevnost v tlaku. To chr\u00e1n\u00ed klikov\u00fd spoj p\u0159ed po\u0161kozen\u00edm nebo vznikem sp\u00e1r p\u0159i vysok\u00e9m zat\u00ed\u017een\u00ed. Plovouc\u00ed podlaha? Funguje tak\u00e9! Podkladov\u00e1 roho\u017e bezprobl\u00e9mov\u011b kompenzuje zm\u011bny teplot. Sni\u017euje hluk, tak\u017ee se sni\u017euje hluk soused\u016f pod v\u00e1mi a hluk p\u0159i ch\u016fzi ve va\u0161ich pokoj\u00edch.<\/p>\n<p>Nikdo nechce m\u00edt studenou podlahu. Proto roho\u017e tak\u00e9 zabra\u0148uje \u00faniku tepeln\u00e9 energie z podlahy. D\u00edky na\u0161\u00ed podlo\u017ece se nemus\u00edte ob\u00e1vat ani pl\u00edsn\u00ed, proto\u017ee umo\u017e\u0148uje cirkulaci vzduchu p\u0159\u00edmo nad bari\u00e9rou proti vlhkosti.<\/p>\n<\/div>            <\/div>\n        <\/div>\n    <\/div>\n<\/div>\n\n\n<div id=\"bdesign2022_imagetext_block_62e79a3be8da5\" class=\"bdesign2022_block bdesign2022_block--bdesign2022_imagetext\">\n    <div class=\"bdesign2022_block--wrapper\">\n        <div class=\"container\">\n            <div class=\"row align-items-center align-items-xxl-start align-items-xxxl-center\">\n                <div class=\"col-12 col-xl-7 col-xxl-6 col-xxxl-4 col-type-is-imagetext col-count-is-1\"><h3>R\u00e1zov\u00fd blok pro vinylov\u00e9 podlahy s klikov\u00fdm p\u0159ipojen\u00edm<\/h3><p>Tento z\u00e1vitov\u00fd blok je speci\u00e1ln\u011b vyvinut\u00fd pro podlahov\u00e9 krytiny b!design s p\u0159ipojen\u00edm Clic. Lze ji pou\u017e\u00edt univerz\u00e1ln\u011b, chr\u00e1n\u00ed hranu p\u0159i instalaci a podporuje dokonalou instalaci. S blokem z b\u00edl\u00e9ho plastu se snadno manipuluje a pom\u00e1h\u00e1 v\u00e1m dos\u00e1hnout bezchybn\u00e9 a dlouhotrvaj\u00edc\u00ed instalace.<\/p>\n<\/div><div class=\"d-block d-md-block col-md-7 col-xl-4 col-xxl-5 col-xxxl-7 col-type-is-image col-count-is-2\"><img decoding=\"async\" class=\"img-fluid col-img\" src=\"https:\/\/www.bdesign-floors.com\/wp-content\/uploads\/2022\/09\/schlagklotz-zubehoer-pflege-boden-b-design.jpg\" srcset=\"https:\/\/www.bdesign-floors.com\/wp-content\/uploads\/2022\/09\/schlagklotz-zubehoer-pflege-boden-b-design.jpg 1110w, https:\/\/www.bdesign-floors.com\/wp-content\/uploads\/2022\/09\/schlagklotz-zubehoer-pflege-boden-b-design-768x510.jpg 768w, https:\/\/www.bdesign-floors.com\/wp-content\/uploads\/2022\/09\/schlagklotz-zubehoer-pflege-boden-b-design-452x300.jpg 452w\"><\/div>            <\/div>\n        <\/div>\n    <\/div>\n<\/div>\n\n\n<div id=\"bdesign2022_imagetext_block_63186497b5d1a\" class=\"bdesign2022_block bdesign2022_block--bdesign2022_imagetext\">\n    <div class=\"bdesign2022_block--wrapper\">\n        <div class=\"container\">\n            <div class=\"row align-items-center align-items-xxl-start align-items-xxxl-center\">\n                <div class=\"d-block d-md-block col-md-7 col-xl-4 col-xxl-5 col-xxxl-7 col-type-is-image col-count-is-1\"><img decoding=\"async\" class=\"img-fluid col-img\" src=\"https:\/\/www.bdesign-floors.com\/wp-content\/uploads\/2022\/09\/scratchfix-zubehoer-pflege-boden-b-design.jpg\" srcset=\"https:\/\/www.bdesign-floors.com\/wp-content\/uploads\/2022\/09\/scratchfix-zubehoer-pflege-boden-b-design.jpg 1110w, https:\/\/www.bdesign-floors.com\/wp-content\/uploads\/2022\/09\/scratchfix-zubehoer-pflege-boden-b-design-768x510.jpg 768w, https:\/\/www.bdesign-floors.com\/wp-content\/uploads\/2022\/09\/scratchfix-zubehoer-pflege-boden-b-design-452x300.jpg 452w\"><\/div><div class=\"col-12 col-xl-7 col-xxl-6 col-xxxl-4 col-type-is-imagetext col-count-is-2\"><h3>Opravn\u00e1 sada Dr.Schutz: ScratchFix<\/h3><p>M\u00e1 va\u0161e podlaha zn\u00e1mky pou\u017e\u00edv\u00e1n\u00ed? \u017d\u00e1dn\u00fd probl\u00e9m: Sada na opravu podlah Scratchfix od spole\u010dnosti Dr. Schutz je ide\u00e1ln\u00edm \u0159e\u0161en\u00edm pro \u010d\u00e1ste\u010dnou obnovu \u0161kr\u00e1banc\u016f a b\u00edl\u00fdch prasklin na designov\u00fdch podlah\u00e1ch a jin\u00fdch pru\u017en\u00fdch podlahov\u00fdch krytin\u00e1ch. Obsahuje PU Repair Spray pro opravu jemn\u011bj\u0161\u00edch povrchov\u00fdch \u0161kr\u00e1banc\u016f a PU Repair Pen pro opravu hlub\u0161\u00edch \u0161kr\u00e1banc\u016f. Sou\u010d\u00e1st\u00ed je tak\u00e9 kompletn\u00ed bal\u00ed\u010dek p\u0159\u00edslu\u0161enstv\u00ed s pokyny ke zpracov\u00e1n\u00ed. V\u0161echny jsou optim\u00e1ln\u011b p\u0159izp\u016fsobeny \u00farovni lesku modern\u00edch designov\u00fdch podlah.<\/p>\n<\/div>            <\/div>\n        <\/div>\n    <\/div>\n<\/div>\n\n\n<div id=\"bdesign2022_imagetext_block_631985a118e97\" class=\"bdesign2022_block bdesign2022_block--bdesign2022_imagetext\">\n    <div class=\"bdesign2022_block--wrapper\">\n        <div class=\"container\">\n            <div class=\"row align-items-center align-items-xxl-start align-items-xxxl-center\">\n                <div class=\"col-12 col-xl-7 col-xxl-6 col-xxxl-4 col-type-is-imagetext col-count-is-1\"><h3>P\u00e9\u010de: Od z\u00e1kladn\u00edho \u010distic\u00edho prost\u0159edku po osv\u011b\u017eova\u010d<\/h3><p>S na\u0161imi t\u0159emi produkty pro p\u00e9\u010di bude va\u0161e podlaha vypadat sv\u011b\u017ee a z\u00e1\u0159iv\u011b b\u011bhem chvilky: Objevte n\u00e1\u0161 osv\u011b\u017eova\u010d, p\u00e9\u010di o mop a z\u00e1kladn\u00ed \u010distic\u00ed prost\u0159edek.<\/p>\n<\/div><div class=\"d-block d-md-block col-md-7 col-xl-4 col-xxl-5 col-xxxl-7 col-type-is-image col-count-is-2\"><img decoding=\"async\" class=\"img-fluid col-img\" src=\"https:\/\/www.bdesign-floors.com\/wp-content\/uploads\/2022\/09\/pflegemittel-zubehoer-pflege-boden-b-design.jpg\" srcset=\"https:\/\/www.bdesign-floors.com\/wp-content\/uploads\/2022\/09\/pflegemittel-zubehoer-pflege-boden-b-design.jpg 1110w, https:\/\/www.bdesign-floors.com\/wp-content\/uploads\/2022\/09\/pflegemittel-zubehoer-pflege-boden-b-design-768x510.jpg 768w, https:\/\/www.bdesign-floors.com\/wp-content\/uploads\/2022\/09\/pflegemittel-zubehoer-pflege-boden-b-design-452x300.jpg 452w\"><\/div>            <\/div>\n        <\/div>\n    <\/div>\n<\/div>\n","protected":false},"excerpt":{"rendered":"","protected":false},"author":8,"featured_media":0,"parent":0,"menu_order":3,"comment_status":"closed","ping_status":"closed","template":"","meta":{"_acf_changed":false,"footnotes":""},"class_list":["post-13416","page","type-page","status-publish","hentry"],"acf":[],"yoast_head":"<!-- This site is optimized with the Yoast SEO plugin v24.2 - https:\/\/yoast.com\/wordpress\/plugins\/seo\/ -->\n<title>P\u0159\u00edslu\u0161enstv\u00ed a p\u00e9\u010de | b!design<\/title>\n<meta name=\"description\" content=\"Na str\u00e1nk\u00e1ch b!design najdete tak\u00e9 spr\u00e1vn\u00e9 \u010distic\u00ed a o\u0161et\u0159ovac\u00ed prost\u0159edky pro va\u0161i novou podlahu. Objevte na\u0161i nab\u00eddku vysoce kvalitn\u00edho p\u0159\u00edslu\u0161enstv\u00ed!\" \/>\n<meta name=\"robots\" content=\"index, follow, max-snippet:-1, max-image-preview:large, max-video-preview:-1\" \/>\n<link rel=\"canonical\" href=\"https:\/\/www.bdesign-floors.com\/cs\/prislusenstvi-a-pece\/\" \/>\n<meta property=\"og:locale\" content=\"cs_CZ\" \/>\n<meta property=\"og:type\" content=\"article\" \/>\n<meta property=\"og:title\" content=\"P\u0159\u00edslu\u0161enstv\u00ed a p\u00e9\u010de | b!design\" \/>\n<meta property=\"og:description\" content=\"Na str\u00e1nk\u00e1ch b!design najdete tak\u00e9 spr\u00e1vn\u00e9 \u010distic\u00ed a o\u0161et\u0159ovac\u00ed prost\u0159edky pro va\u0161i novou podlahu. Objevte na\u0161i nab\u00eddku vysoce kvalitn\u00edho p\u0159\u00edslu\u0161enstv\u00ed!\" \/>\n<meta property=\"og:url\" content=\"https:\/\/www.bdesign-floors.com\/cs\/prislusenstvi-a-pece\/\" \/>\n<meta property=\"og:site_name\" content=\"b!design\" \/>\n<meta property=\"article:modified_time\" content=\"2022-09-13T14:52:19+00:00\" \/>\n<meta name=\"twitter:card\" content=\"summary_large_image\" \/>\n<script type=\"application\/ld+json\" class=\"yoast-schema-graph\">{\"@context\":\"https:\/\/schema.org\",\"@graph\":[{\"@type\":\"WebPage\",\"@id\":\"https:\/\/www.bdesign-floors.com\/cs\/prislusenstvi-a-pece\/\",\"url\":\"https:\/\/www.bdesign-floors.com\/cs\/prislusenstvi-a-pece\/\",\"name\":\"P\u0159\u00edslu\u0161enstv\u00ed a p\u00e9\u010de | b!design\",\"isPartOf\":{\"@id\":\"https:\/\/bdesign.wp.factory.blim-dev.com\/#website\"},\"datePublished\":\"2022-09-12T14:23:45+00:00\",\"dateModified\":\"2022-09-13T14:52:19+00:00\",\"description\":\"Na str\u00e1nk\u00e1ch b!design najdete tak\u00e9 spr\u00e1vn\u00e9 \u010distic\u00ed a o\u0161et\u0159ovac\u00ed prost\u0159edky pro va\u0161i novou podlahu. Objevte na\u0161i nab\u00eddku vysoce kvalitn\u00edho p\u0159\u00edslu\u0161enstv\u00ed!\",\"breadcrumb\":{\"@id\":\"https:\/\/www.bdesign-floors.com\/cs\/prislusenstvi-a-pece\/#breadcrumb\"},\"inLanguage\":\"cs\",\"potentialAction\":[{\"@type\":\"ReadAction\",\"target\":[\"https:\/\/www.bdesign-floors.com\/cs\/prislusenstvi-a-pece\/\"]}]},{\"@type\":\"BreadcrumbList\",\"@id\":\"https:\/\/www.bdesign-floors.com\/cs\/prislusenstvi-a-pece\/#breadcrumb\",\"itemListElement\":[{\"@type\":\"ListItem\",\"position\":1,\"name\":\"Home\",\"item\":\"https:\/\/www.bdesign-floors.com\/cs\/\"},{\"@type\":\"ListItem\",\"position\":2,\"name\":\"P\u0159\u00edslu\u0161enstv\u00ed a p\u00e9\u010de\"}]},{\"@type\":\"WebSite\",\"@id\":\"https:\/\/bdesign.wp.factory.blim-dev.com\/#website\",\"url\":\"https:\/\/bdesign.wp.factory.blim-dev.com\/\",\"name\":\"b!design\",\"description\":\"Just another WordPress site\",\"potentialAction\":[{\"@type\":\"SearchAction\",\"target\":{\"@type\":\"EntryPoint\",\"urlTemplate\":\"https:\/\/bdesign.wp.factory.blim-dev.com\/?s={search_term_string}\"},\"query-input\":{\"@type\":\"PropertyValueSpecification\",\"valueRequired\":true,\"valueName\":\"search_term_string\"}}],\"inLanguage\":\"cs\"}]}<\/script>\n<!-- \/ Yoast SEO plugin. -->","yoast_head_json":{"title":"P\u0159\u00edslu\u0161enstv\u00ed a p\u00e9\u010de | b!design","description":"Na str\u00e1nk\u00e1ch b!design najdete tak\u00e9 spr\u00e1vn\u00e9 \u010distic\u00ed a o\u0161et\u0159ovac\u00ed prost\u0159edky pro va\u0161i novou podlahu. Objevte na\u0161i nab\u00eddku vysoce kvalitn\u00edho p\u0159\u00edslu\u0161enstv\u00ed!","robots":{"index":"index","follow":"follow","max-snippet":"max-snippet:-1","max-image-preview":"max-image-preview:large","max-video-preview":"max-video-preview:-1"},"canonical":"https:\/\/www.bdesign-floors.com\/cs\/prislusenstvi-a-pece\/","og_locale":"cs_CZ","og_type":"article","og_title":"P\u0159\u00edslu\u0161enstv\u00ed a p\u00e9\u010de | b!design","og_description":"Na str\u00e1nk\u00e1ch b!design najdete tak\u00e9 spr\u00e1vn\u00e9 \u010distic\u00ed a o\u0161et\u0159ovac\u00ed prost\u0159edky pro va\u0161i novou podlahu. Objevte na\u0161i nab\u00eddku vysoce kvalitn\u00edho p\u0159\u00edslu\u0161enstv\u00ed!","og_url":"https:\/\/www.bdesign-floors.com\/cs\/prislusenstvi-a-pece\/","og_site_name":"b!design","article_modified_time":"2022-09-13T14:52:19+00:00","twitter_card":"summary_large_image","schema":{"@context":"https:\/\/schema.org","@graph":[{"@type":"WebPage","@id":"https:\/\/www.bdesign-floors.com\/cs\/prislusenstvi-a-pece\/","url":"https:\/\/www.bdesign-floors.com\/cs\/prislusenstvi-a-pece\/","name":"P\u0159\u00edslu\u0161enstv\u00ed a p\u00e9\u010de | b!design","isPartOf":{"@id":"https:\/\/bdesign.wp.factory.blim-dev.com\/#website"},"datePublished":"2022-09-12T14:23:45+00:00","dateModified":"2022-09-13T14:52:19+00:00","description":"Na str\u00e1nk\u00e1ch b!design najdete tak\u00e9 spr\u00e1vn\u00e9 \u010distic\u00ed a o\u0161et\u0159ovac\u00ed prost\u0159edky pro va\u0161i novou podlahu. Objevte na\u0161i nab\u00eddku vysoce kvalitn\u00edho p\u0159\u00edslu\u0161enstv\u00ed!","breadcrumb":{"@id":"https:\/\/www.bdesign-floors.com\/cs\/prislusenstvi-a-pece\/#breadcrumb"},"inLanguage":"cs","potentialAction":[{"@type":"ReadAction","target":["https:\/\/www.bdesign-floors.com\/cs\/prislusenstvi-a-pece\/"]}]},{"@type":"BreadcrumbList","@id":"https:\/\/www.bdesign-floors.com\/cs\/prislusenstvi-a-pece\/#breadcrumb","itemListElement":[{"@type":"ListItem","position":1,"name":"Home","item":"https:\/\/www.bdesign-floors.com\/cs\/"},{"@type":"ListItem","position":2,"name":"P\u0159\u00edslu\u0161enstv\u00ed a p\u00e9\u010de"}]},{"@type":"WebSite","@id":"https:\/\/bdesign.wp.factory.blim-dev.com\/#website","url":"https:\/\/bdesign.wp.factory.blim-dev.com\/","name":"b!design","description":"Just another WordPress site","potentialAction":[{"@type":"SearchAction","target":{"@type":"EntryPoint","urlTemplate":"https:\/\/bdesign.wp.factory.blim-dev.com\/?s={search_term_string}"},"query-input":{"@type":"PropertyValueSpecification","valueRequired":true,"valueName":"search_term_string"}}],"inLanguage":"cs"}]}},"_links":{"self":[{"href":"https:\/\/www.bdesign-floors.com\/cs\/wp-json\/wp\/v2\/pages\/13416","targetHints":{"allow":["GET"]}}],"collection":[{"href":"https:\/\/www.bdesign-floors.com\/cs\/wp-json\/wp\/v2\/pages"}],"about":[{"href":"https:\/\/www.bdesign-floors.com\/cs\/wp-json\/wp\/v2\/types\/page"}],"author":[{"embeddable":true,"href":"https:\/\/www.bdesign-floors.com\/cs\/wp-json\/wp\/v2\/users\/8"}],"replies":[{"embeddable":true,"href":"https:\/\/www.bdesign-floors.com\/cs\/wp-json\/wp\/v2\/comments?post=13416"}],"version-history":[{"count":4,"href":"https:\/\/www.bdesign-floors.com\/cs\/wp-json\/wp\/v2\/pages\/13416\/revisions"}],"predecessor-version":[{"id":15608,"href":"https:\/\/www.bdesign-floors.com\/cs\/wp-json\/wp\/v2\/pages\/13416\/revisions\/15608"}],"wp:attachment":[{"href":"https:\/\/www.bdesign-floors.com\/cs\/wp-json\/wp\/v2\/media?parent=13416"}],"curies":[{"name":"wp","href":"https:\/\/api.w.org\/{rel}","templated":true}]}}