{"id":13420,"date":"2022-09-12T16:23:46","date_gmt":"2022-09-12T14:23:46","guid":{"rendered":"https:\/\/www.bdesign-floors.com\/co-je-treba-vedet\/"},"modified":"2022-09-21T13:08:56","modified_gmt":"2022-09-21T11:08:56","slug":"co-je-treba-vedet","status":"publish","type":"page","link":"https:\/\/www.bdesign-floors.com\/cs\/co-je-treba-vedet\/","title":{"rendered":"Co je t\u0159eba v\u011bd\u011bt"},"content":{"rendered":"<div id=\"bdesign2022_pageheader_block_62dfd623856fa\" class=\"bdesign2022_block bdesign2022_block--bdesign2022_pageheader\">\n    <div class=\"bdesign2022_block--wrapper\">\n                                    <div class=\"bdesign2022_ph-wrap is-single\">\n                    <div class=\"bdesign2022_ph-slide slidestyle-is-black orig-is-\u010dern\u00e1 active\">\n                        <div class=\"slide-image\">\n                            <img decoding=\"async\" class=\"img-fluid logo\" src=\"https:\/\/www.bdesign-floors.com\/wp-content\/uploads\/2022\/08\/wissenswertes-boden-b-design.jpg\" srcset=\"https:\/\/www.bdesign-floors.com\/wp-content\/uploads\/2022\/08\/wissenswertes-boden-b-design.jpg 1110w, https:\/\/www.bdesign-floors.com\/wp-content\/uploads\/2022\/08\/wissenswertes-boden-b-design-768x521.jpg 768w, https:\/\/www.bdesign-floors.com\/wp-content\/uploads\/2022\/08\/wissenswertes-boden-b-design-442x300.jpg 442w\">                        <\/div>\n                        <div class=\"slide-area\">\n                            <div class=\"slide-area-wrapper\">\n                                <h1>Zaj\u00edmav\u00e1 fakta o b!designov\u00fdch podlah\u00e1ch<\/h1>\n                                <h6>\u017dijte zdrav\u011bji &#8211; s designov\u00fdmi vinylov\u00fdmi podlahami od b!design<\/h6>\n                                                                                            <\/div>\n                            <div class=\"slide-image-mobile d-md-none\">\n                                <img decoding=\"async\" class=\"img-fluid logo\" src=\"https:\/\/www.bdesign-floors.com\/wp-content\/uploads\/2022\/08\/wissenswertes-boden-b-design.jpg\" srcset=\"https:\/\/www.bdesign-floors.com\/wp-content\/uploads\/2022\/08\/wissenswertes-boden-b-design.jpg 1110w, https:\/\/www.bdesign-floors.com\/wp-content\/uploads\/2022\/08\/wissenswertes-boden-b-design-768x521.jpg 768w, https:\/\/www.bdesign-floors.com\/wp-content\/uploads\/2022\/08\/wissenswertes-boden-b-design-442x300.jpg 442w\">                            <\/div>\n                        <\/div>\n                    <\/div>\n                <\/div>\n                        <\/div>\n<\/div>\n<div id=\"bdesign2022_headline_block_62e922710cc19\" class=\"bdesign2022_block bdesign2022_block--bdesign2022_headline\">\n    <div class=\"bdesign2022_block--wrapper\">\n        <div class=\"container my-4\">\n            \n                                    <h5 class=\"h5 text-start mt-5 mb-3\">Co je t\u0159eba v\u011bd\u011bt<\/h5>\n                                                    <h2 class=\"h2 text-start mt-2 mb-4\">Podlahy v b!designu vytv\u00e1\u0159ej\u00ed z\u00e1klad <br>pro bezstarostn\u00e9 bydlen\u00ed<\/h2>\n                                \n                        <\/div>\n    <\/div>\n<\/div>\n<div id=\"bdesign2022_2columntext_block_62e923a916b97\" class=\"bdesign2022_block bdesign2022_block--bdesign2022_2columntext\">\n    <div class=\"bdesign2022_block--wrapper\">\n        <div class=\"container my-4\">\n            <div class=\"row align-items-start\">\n                <div class=\"col-12 col-xxl-4 offset-0 offset-xxl-2 my-3\">\n                    <p>Novou podlahu si nekupujete ka\u017ed\u00fd den, je to n\u00e1kup na cel\u00fd \u017eivot. Proto p\u0159esn\u011b v\u00edme, jak t\u011b\u017ek\u00e9 je vybrat si tu spr\u00e1vnou. Jak ale pozn\u00e1te, kter\u00fd z nich je pro v\u00e1s ten prav\u00fd? Pom\u016f\u017eeme v\u00e1m a poskytneme u\u017eite\u010dn\u00e9 informace o tom, na co se p\u0159i n\u00e1kupu zam\u011b\u0159it, pokud kladete velk\u00fd d\u016fraz na kvalitu, proveden\u00ed a pokl\u00e1dku podlahy. Doporu\u010dujeme v\u00e1m vybrat si podlahu od spole\u010dnosti b!design,<\/p>\n                <\/div>\n                <div class=\"c0l-12 col-xxl-4 xxl-3 my-3\">\n                    <p>kter\u00fd je vyroben z vysok\u00e9ho pod\u00edlu p\u0159\u00edrodn\u00edch materi\u00e1l\u016f. Vysoce kvalitn\u00ed vinylov\u00e9 podlahy neobsahuj\u00ed PVC, PCB, dioxiny ani jin\u00e1 chemick\u00e1 pojiva, kter\u00e1 se mohou uvol\u0148ovat. Pro v\u00e1s to znamen\u00e1: \u017e\u00e1dn\u00e9 vystaven\u00ed \u0161kodlivin\u00e1m v ka\u017edodenn\u00edm \u017eivot\u011b. To je z\u00e1klad, kter\u00fd d\u011bl\u00e1 na\u0161e podlahy t\u00edm, \u010d\u00edm jsou: p\u0159\u00edrodn\u00ed podlahy, kter\u00e9 jsou vhodn\u00e9 pro alergiky a hygienick\u00e9.<\/p>\n                <\/div>\n            <\/div>\n        <\/div>\n    <\/div>\n<\/div>\n<div id=\"bdesign2022_imagetext_block_62f63b3a5464c\" class=\"bdesign2022_block bdesign2022_block--bdesign2022_imagetext\">\n    <div class=\"bdesign2022_block--wrapper\">\n        <div class=\"container\">\n            <div class=\"row align-items-center align-items-xxl-start align-items-xxxl-center\">\n                <div class=\"col-12 col-xl-7 col-xxl-6 col-xxxl-4 col-type-is-imagetext col-count-is-1\"><h3>\u010casto kladen\u00e9 ot\u00e1zky<\/h3><p>M\u00e1te dotazy k na\u0161im produkt\u016fm? Zde najdete odpov\u011bdi na nej\u010dast\u011bj\u0161\u00ed ot\u00e1zky t\u00fdkaj\u00edc\u00ed se vinylov\u00fdch podlah b!design. Zjist\u011bte to nyn\u00ed!<\/p>\n<a class=\"btn btn-bdesign2022 btn-pagelink\" href=\"https:\/\/www.bdesign-floors.com\/wissenswertes\/haeufig-gestellte-fragen\/\">\u010casto kladen\u00e9 ot\u00e1zky<\/a><\/div><div class=\"d-block d-md-block col-md-7 col-xl-4 col-xxl-5 col-xxxl-7 col-type-is-image col-count-is-2\"><img decoding=\"async\" class=\"img-fluid col-img\" src=\"https:\/\/www.bdesign-floors.com\/wp-content\/uploads\/2022\/08\/faq-boden-b-design.jpg\" srcset=\"https:\/\/www.bdesign-floors.com\/wp-content\/uploads\/2022\/08\/faq-boden-b-design.jpg 1110w, https:\/\/www.bdesign-floors.com\/wp-content\/uploads\/2022\/08\/faq-boden-b-design-768x510.jpg 768w, https:\/\/www.bdesign-floors.com\/wp-content\/uploads\/2022\/08\/faq-boden-b-design-452x300.jpg 452w\"><\/div>            <\/div>\n        <\/div>\n    <\/div>\n<\/div>\n<div id=\"bdesign2022_imagetext_block_62f63b855464d\" class=\"bdesign2022_block bdesign2022_block--bdesign2022_imagetext\">\n    <div class=\"bdesign2022_block--wrapper\">\n        <div class=\"container\">\n            <div class=\"row align-items-center align-items-xxl-start align-items-xxxl-center\">\n                <div class=\"d-block d-md-block col-md-7 col-xl-4 col-xxl-5 col-xxxl-7 col-type-is-image col-count-is-1\"><img decoding=\"async\" class=\"img-fluid col-img\" src=\"https:\/\/www.bdesign-floors.com\/wp-content\/uploads\/2022\/08\/sentinel-haus-zertifikat-vorteile-boden-b-design.jpg\" srcset=\"https:\/\/www.bdesign-floors.com\/wp-content\/uploads\/2022\/08\/sentinel-haus-zertifikat-vorteile-boden-b-design.jpg 1110w, https:\/\/www.bdesign-floors.com\/wp-content\/uploads\/2022\/08\/sentinel-haus-zertifikat-vorteile-boden-b-design-768x510.jpg 768w, https:\/\/www.bdesign-floors.com\/wp-content\/uploads\/2022\/08\/sentinel-haus-zertifikat-vorteile-boden-b-design-452x300.jpg 452w\"><\/div><div class=\"col-12 col-xl-7 col-xxl-6 col-xxxl-4 col-type-is-imagetext col-count-is-2\"><h3>Zdrav\u00e9 bydlen\u00ed s partnerem Sentinel Haus<\/h3><p>Sentinel Haus Institut je l\u00eddrem na trhu a v oblasti znalost\u00ed o zdrav\u00ed v budov\u00e1ch a zve\u0159ej\u0148uje pouze v\u00fdrobky testovan\u00e9 na \u0161kodliv\u00e9 l\u00e1tky. Proto jsme hrd\u00ed na to, \u017ee se m\u016f\u017eeme pova\u017eovat za partnera.<\/p>\n<a class=\"btn btn-bdesign2022 btn-pagelink\" href=\"https:\/\/www.bdesign-floors.com\/wissenswertes\/gesundes-wohnen\/\">Zdrav\u00fd \u017eivotn\u00ed styl<\/a><\/div>            <\/div>\n        <\/div>\n    <\/div>\n<\/div>\n","protected":false},"excerpt":{"rendered":"","protected":false},"author":8,"featured_media":0,"parent":0,"menu_order":4,"comment_status":"closed","ping_status":"closed","template":"","meta":{"_acf_changed":false,"footnotes":""},"class_list":["post-13420","page","type-page","status-publish","hentry"],"acf":[],"yoast_head":"<!-- This site is optimized with the Yoast SEO plugin v24.2 - https:\/\/yoast.com\/wordpress\/plugins\/seo\/ -->\n<title>Co je t\u0159eba v\u011bd\u011bt | b!design<\/title>\n<meta name=\"description\" content=\"V na\u0161ich pr\u016fvodc\u00edch najdete v\u0161e, co pot\u0159ebujete v\u011bd\u011bt o podlahov\u00fdch krytin\u00e1ch b!design, \u010di\u0161t\u011bn\u00ed, p\u00e9\u010di, pokl\u00e1dce a dal\u0161\u00edch v\u011bcech. Zjist\u011bte to nyn\u00ed!\" \/>\n<meta name=\"robots\" content=\"index, follow, max-snippet:-1, max-image-preview:large, max-video-preview:-1\" \/>\n<link rel=\"canonical\" href=\"https:\/\/www.bdesign-floors.com\/cs\/co-je-treba-vedet\/\" \/>\n<meta property=\"og:locale\" content=\"cs_CZ\" \/>\n<meta property=\"og:type\" content=\"article\" \/>\n<meta property=\"og:title\" content=\"Co je t\u0159eba v\u011bd\u011bt | b!design\" \/>\n<meta property=\"og:description\" content=\"V na\u0161ich pr\u016fvodc\u00edch najdete v\u0161e, co pot\u0159ebujete v\u011bd\u011bt o podlahov\u00fdch krytin\u00e1ch b!design, \u010di\u0161t\u011bn\u00ed, p\u00e9\u010di, pokl\u00e1dce a dal\u0161\u00edch v\u011bcech. Zjist\u011bte to nyn\u00ed!\" \/>\n<meta property=\"og:url\" content=\"https:\/\/www.bdesign-floors.com\/cs\/co-je-treba-vedet\/\" \/>\n<meta property=\"og:site_name\" content=\"b!design\" \/>\n<meta property=\"article:modified_time\" content=\"2022-09-21T11:08:56+00:00\" \/>\n<meta name=\"twitter:card\" content=\"summary_large_image\" \/>\n<script type=\"application\/ld+json\" class=\"yoast-schema-graph\">{\"@context\":\"https:\/\/schema.org\",\"@graph\":[{\"@type\":\"WebPage\",\"@id\":\"https:\/\/www.bdesign-floors.com\/cs\/co-je-treba-vedet\/\",\"url\":\"https:\/\/www.bdesign-floors.com\/cs\/co-je-treba-vedet\/\",\"name\":\"Co je t\u0159eba v\u011bd\u011bt | b!design\",\"isPartOf\":{\"@id\":\"https:\/\/bdesign.wp.factory.blim-dev.com\/#website\"},\"datePublished\":\"2022-09-12T14:23:46+00:00\",\"dateModified\":\"2022-09-21T11:08:56+00:00\",\"description\":\"V na\u0161ich pr\u016fvodc\u00edch najdete v\u0161e, co pot\u0159ebujete v\u011bd\u011bt o podlahov\u00fdch krytin\u00e1ch b!design, \u010di\u0161t\u011bn\u00ed, p\u00e9\u010di, pokl\u00e1dce a dal\u0161\u00edch v\u011bcech. Zjist\u011bte to nyn\u00ed!\",\"breadcrumb\":{\"@id\":\"https:\/\/www.bdesign-floors.com\/cs\/co-je-treba-vedet\/#breadcrumb\"},\"inLanguage\":\"cs\",\"potentialAction\":[{\"@type\":\"ReadAction\",\"target\":[\"https:\/\/www.bdesign-floors.com\/cs\/co-je-treba-vedet\/\"]}]},{\"@type\":\"BreadcrumbList\",\"@id\":\"https:\/\/www.bdesign-floors.com\/cs\/co-je-treba-vedet\/#breadcrumb\",\"itemListElement\":[{\"@type\":\"ListItem\",\"position\":1,\"name\":\"Home\",\"item\":\"https:\/\/www.bdesign-floors.com\/cs\/\"},{\"@type\":\"ListItem\",\"position\":2,\"name\":\"Co je t\u0159eba v\u011bd\u011bt\"}]},{\"@type\":\"WebSite\",\"@id\":\"https:\/\/bdesign.wp.factory.blim-dev.com\/#website\",\"url\":\"https:\/\/bdesign.wp.factory.blim-dev.com\/\",\"name\":\"b!design\",\"description\":\"Just another WordPress site\",\"potentialAction\":[{\"@type\":\"SearchAction\",\"target\":{\"@type\":\"EntryPoint\",\"urlTemplate\":\"https:\/\/bdesign.wp.factory.blim-dev.com\/?s={search_term_string}\"},\"query-input\":{\"@type\":\"PropertyValueSpecification\",\"valueRequired\":true,\"valueName\":\"search_term_string\"}}],\"inLanguage\":\"cs\"}]}<\/script>\n<!-- \/ Yoast SEO plugin. -->","yoast_head_json":{"title":"Co je t\u0159eba v\u011bd\u011bt | b!design","description":"V na\u0161ich pr\u016fvodc\u00edch najdete v\u0161e, co pot\u0159ebujete v\u011bd\u011bt o podlahov\u00fdch krytin\u00e1ch b!design, \u010di\u0161t\u011bn\u00ed, p\u00e9\u010di, pokl\u00e1dce a dal\u0161\u00edch v\u011bcech. Zjist\u011bte to nyn\u00ed!","robots":{"index":"index","follow":"follow","max-snippet":"max-snippet:-1","max-image-preview":"max-image-preview:large","max-video-preview":"max-video-preview:-1"},"canonical":"https:\/\/www.bdesign-floors.com\/cs\/co-je-treba-vedet\/","og_locale":"cs_CZ","og_type":"article","og_title":"Co je t\u0159eba v\u011bd\u011bt | b!design","og_description":"V na\u0161ich pr\u016fvodc\u00edch najdete v\u0161e, co pot\u0159ebujete v\u011bd\u011bt o podlahov\u00fdch krytin\u00e1ch b!design, \u010di\u0161t\u011bn\u00ed, p\u00e9\u010di, pokl\u00e1dce a dal\u0161\u00edch v\u011bcech. Zjist\u011bte to nyn\u00ed!","og_url":"https:\/\/www.bdesign-floors.com\/cs\/co-je-treba-vedet\/","og_site_name":"b!design","article_modified_time":"2022-09-21T11:08:56+00:00","twitter_card":"summary_large_image","schema":{"@context":"https:\/\/schema.org","@graph":[{"@type":"WebPage","@id":"https:\/\/www.bdesign-floors.com\/cs\/co-je-treba-vedet\/","url":"https:\/\/www.bdesign-floors.com\/cs\/co-je-treba-vedet\/","name":"Co je t\u0159eba v\u011bd\u011bt | b!design","isPartOf":{"@id":"https:\/\/bdesign.wp.factory.blim-dev.com\/#website"},"datePublished":"2022-09-12T14:23:46+00:00","dateModified":"2022-09-21T11:08:56+00:00","description":"V na\u0161ich pr\u016fvodc\u00edch najdete v\u0161e, co pot\u0159ebujete v\u011bd\u011bt o podlahov\u00fdch krytin\u00e1ch b!design, \u010di\u0161t\u011bn\u00ed, p\u00e9\u010di, pokl\u00e1dce a dal\u0161\u00edch v\u011bcech. Zjist\u011bte to nyn\u00ed!","breadcrumb":{"@id":"https:\/\/www.bdesign-floors.com\/cs\/co-je-treba-vedet\/#breadcrumb"},"inLanguage":"cs","potentialAction":[{"@type":"ReadAction","target":["https:\/\/www.bdesign-floors.com\/cs\/co-je-treba-vedet\/"]}]},{"@type":"BreadcrumbList","@id":"https:\/\/www.bdesign-floors.com\/cs\/co-je-treba-vedet\/#breadcrumb","itemListElement":[{"@type":"ListItem","position":1,"name":"Home","item":"https:\/\/www.bdesign-floors.com\/cs\/"},{"@type":"ListItem","position":2,"name":"Co je t\u0159eba v\u011bd\u011bt"}]},{"@type":"WebSite","@id":"https:\/\/bdesign.wp.factory.blim-dev.com\/#website","url":"https:\/\/bdesign.wp.factory.blim-dev.com\/","name":"b!design","description":"Just another WordPress site","potentialAction":[{"@type":"SearchAction","target":{"@type":"EntryPoint","urlTemplate":"https:\/\/bdesign.wp.factory.blim-dev.com\/?s={search_term_string}"},"query-input":{"@type":"PropertyValueSpecification","valueRequired":true,"valueName":"search_term_string"}}],"inLanguage":"cs"}]}},"_links":{"self":[{"href":"https:\/\/www.bdesign-floors.com\/cs\/wp-json\/wp\/v2\/pages\/13420","targetHints":{"allow":["GET"]}}],"collection":[{"href":"https:\/\/www.bdesign-floors.com\/cs\/wp-json\/wp\/v2\/pages"}],"about":[{"href":"https:\/\/www.bdesign-floors.com\/cs\/wp-json\/wp\/v2\/types\/page"}],"author":[{"embeddable":true,"href":"https:\/\/www.bdesign-floors.com\/cs\/wp-json\/wp\/v2\/users\/8"}],"replies":[{"embeddable":true,"href":"https:\/\/www.bdesign-floors.com\/cs\/wp-json\/wp\/v2\/comments?post=13420"}],"version-history":[{"count":2,"href":"https:\/\/www.bdesign-floors.com\/cs\/wp-json\/wp\/v2\/pages\/13420\/revisions"}],"predecessor-version":[{"id":16334,"href":"https:\/\/www.bdesign-floors.com\/cs\/wp-json\/wp\/v2\/pages\/13420\/revisions\/16334"}],"wp:attachment":[{"href":"https:\/\/www.bdesign-floors.com\/cs\/wp-json\/wp\/v2\/media?parent=13420"}],"curies":[{"name":"wp","href":"https:\/\/api.w.org\/{rel}","templated":true}]}}