{"id":13527,"date":"2022-09-12T16:29:10","date_gmt":"2022-09-12T14:29:10","guid":{"rendered":"https:\/\/www.bdesign-floors.com\/kde-koupit\/"},"modified":"2022-09-21T13:11:32","modified_gmt":"2022-09-21T11:11:32","slug":"kde-koupit","status":"publish","type":"page","link":"https:\/\/www.bdesign-floors.com\/cs\/kde-koupit\/","title":{"rendered":"Kde koupit"},"content":{"rendered":"<div id=\"bdesign2022_pageheader_block_62eb97d8ed6a9\" class=\"bdesign2022_block bdesign2022_block--bdesign2022_pageheader\">\n    <div class=\"bdesign2022_block--wrapper\">\n                                    <div class=\"bdesign2022_ph-wrap is-single\">\n                    <div class=\"bdesign2022_ph-slide slidestyle-is-black orig-is-\u010dern\u00e1 active\">\n                        <div class=\"slide-image\">\n                            <img decoding=\"async\" class=\"img-fluid logo\" src=\"https:\/\/www.bdesign-floors.com\/wp-content\/uploads\/2022\/08\/wo-kaufen-designboden-b-design.jpg\" srcset=\"https:\/\/www.bdesign-floors.com\/wp-content\/uploads\/2022\/08\/wo-kaufen-designboden-b-design.jpg 1110w, https:\/\/www.bdesign-floors.com\/wp-content\/uploads\/2022\/08\/wo-kaufen-designboden-b-design-768x521.jpg 768w, https:\/\/www.bdesign-floors.com\/wp-content\/uploads\/2022\/08\/wo-kaufen-designboden-b-design-442x300.jpg 442w\">                        <\/div>\n                        <div class=\"slide-area\">\n                            <div class=\"slide-area-wrapper\">\n                                <h1>koupit b!design<br>wo<\/h1>\n                                <h6>Vyhledejte specializovan\u00e9 centrum BAUHAUS ve sv\u00e9m okol\u00ed nebo si objednejte po\u017eadovanou podlahu p\u0159\u00edmo v internetov\u00e9m obchod\u011b BAUHAUS.<\/h6>\n                                                                                            <\/div>\n                            <div class=\"slide-image-mobile d-md-none\">\n                                <img decoding=\"async\" class=\"img-fluid logo\" src=\"https:\/\/www.bdesign-floors.com\/wp-content\/uploads\/2022\/08\/wo-kaufen-designboden-b-design.jpg\" srcset=\"https:\/\/www.bdesign-floors.com\/wp-content\/uploads\/2022\/08\/wo-kaufen-designboden-b-design.jpg 1110w, https:\/\/www.bdesign-floors.com\/wp-content\/uploads\/2022\/08\/wo-kaufen-designboden-b-design-768x521.jpg 768w, https:\/\/www.bdesign-floors.com\/wp-content\/uploads\/2022\/08\/wo-kaufen-designboden-b-design-442x300.jpg 442w\">                            <\/div>\n                        <\/div>\n                    <\/div>\n                <\/div>\n                        <\/div>\n<\/div>\n<div id=\"bdesign2022_headline_block_62eb9882ed6aa\" class=\"bdesign2022_block bdesign2022_block--bdesign2022_headline\">\n    <div class=\"bdesign2022_block--wrapper\">\n        <div class=\"container my-4\">\n            \n                                    <h5 class=\"h5 text-start mt-5 mb-3\">Kde koupit<\/h5>\n                                                    <h2 class=\"h1 text-start mt-2 mb-4\">b!designov\u00e9 designov\u00e9 vinylov\u00e9 podlahy<br>jsou k dost\u00e1n\u00ed v\u00fdhradn\u011b u spole\u010dnosti BAUHAUS.<\/h2>\n                                \n                        <\/div>\n    <\/div>\n<\/div>\n<div id=\"bdesign2022_2columntext_block_62eb98a2ed6ab\" class=\"bdesign2022_block bdesign2022_block--bdesign2022_2columntext\">\n    <div class=\"bdesign2022_block--wrapper\">\n        <div class=\"container my-4\">\n            <div class=\"row align-items-start\">\n                <div class=\"col-12 col-xxl-4 offset-0 offset-xxl-2 my-3\">\n                    <p>Zamilovali jste si n\u011bkterou z na\u0161ich designov\u00fdch podlah a nyn\u00ed byste r\u00e1di v\u011bd\u011bli, jak ji nejl\u00e9pe dostat do sv\u00e9ho domova? Jste na spr\u00e1vn\u00e9m m\u00edst\u011b! Zna\u010dka b!design je k dost\u00e1n\u00ed exkluzivn\u011b u BAUHAUS. Pro v\u00e1s to znamen\u00e1: Najd\u011bte si ve sv\u00e9m okol\u00ed specializovan\u00e9 centrum BAUHAUS a zajist\u011bte si podlahu sv\u00fdch sn\u016f.<\/p>\n                <\/div>\n                <div class=\"c0l-12 col-xxl-4 xxl-3 my-3\">\n                    <p>Nebo: Zavolejte do internetov\u00e9ho obchodu BAUHAUS, najd\u011bte si svou vysn\u011bnou podlahu a nechte si ji pohodln\u011b doru\u010dit a\u017e dom\u016f. A\u0165 u\u017e d\u00e1v\u00e1te p\u0159ednost n\u00e1kupu na m\u00edst\u011b, nebo nakupujete sp\u00ed\u0161e online &#8211; va\u0161e nov\u00e1 designov\u00e1 vinylov\u00e1 podlaha b!design u\u017e na v\u00e1s \u010dek\u00e1!<\/p>\n                <\/div>\n            <\/div>\n        <\/div>\n    <\/div>\n<\/div>\n<div id=\"bdesign2022_imagetext_block_62eb98bded6ac\" class=\"bdesign2022_block bdesign2022_block--bdesign2022_imagetext\">\n    <div class=\"bdesign2022_block--wrapper\">\n        <div class=\"container\">\n            <div class=\"row align-items-center align-items-xxl-start align-items-xxxl-center\">\n                <div class=\"d-block d-md-block col-md-7 col-xl-4 col-xxl-5 col-xxxl-7 col-type-is-image col-count-is-1\"><img decoding=\"async\" class=\"img-fluid col-img\" src=\"https:\/\/www.bdesign-floors.com\/wp-content\/uploads\/2022\/08\/wo-kaufen-fachzentrum-b-design.jpg\" srcset=\"https:\/\/www.bdesign-floors.com\/wp-content\/uploads\/2022\/08\/wo-kaufen-fachzentrum-b-design.jpg 1110w, https:\/\/www.bdesign-floors.com\/wp-content\/uploads\/2022\/08\/wo-kaufen-fachzentrum-b-design-768x510.jpg 768w, https:\/\/www.bdesign-floors.com\/wp-content\/uploads\/2022\/08\/wo-kaufen-fachzentrum-b-design-452x300.jpg 452w\"><\/div><div class=\"col-12 col-xl-7 col-xxl-6 col-xxxl-4 col-type-is-imagetext col-count-is-2\"><h3>P\u0159\u00edmo ve specializovan\u00e9m centru BAUHAUS<\/h3><p>V cel\u00e9m N\u011bmecku je v\u00edce ne\u017e 150 specializovan\u00fdch center BAUHAUS, tak\u017ee si jist\u011b najdete jedno ve sv\u00e9m okol\u00ed. Vyzkou\u0161ejte si svou novou podlahu p\u0159\u00edmo na m\u00edst\u011b, vyu\u017eijte v\u00fdhodu, \u017ee u\u017e v\u00edte, jak se v n\u00ed c\u00edt\u00edte, a z\u00edskejte osobn\u00ed poradenstv\u00ed.<\/p>\n<a class=\"btn btn-bdesign2022 btn-pagelink\" href=\"https:\/\/www.bauhaus.info\/fachcentren\/fachcentrensuche\" target=\"_blank\">Vyhled\u00e1v\u00e1n\u00ed specializovan\u00fdch center<\/a><\/div>            <\/div>\n        <\/div>\n    <\/div>\n<\/div>\n<div id=\"bdesign2022_imagetext_block_62eb98eaed6af\" class=\"bdesign2022_block bdesign2022_block--bdesign2022_imagetext\">\n    <div class=\"bdesign2022_block--wrapper\">\n        <div class=\"container\">\n            <div class=\"row align-items-center align-items-xxl-start align-items-xxxl-center\">\n                <div class=\"col-12 col-xl-7 col-xxl-6 col-xxxl-4 col-type-is-imagetext col-count-is-1\"><h3>b!design v internetov\u00e9m obchod\u011b BAUHAUS<\/h3><p>Nakupujete rad\u011bji online? Ani to nen\u00ed probl\u00e9m! Na\u0161e podlahy jsou k dispozici v internetov\u00e9m obchod\u011b Bauhaus. Jednodu\u0161e si vyberte sv\u016fj obl\u00edben\u00fd pokrm a objednejte si v\u0161e pohodln\u011b dom\u016f. Tip: S na\u0161\u00edm pl\u00e1nova\u010dem m\u00edstnost\u00ed si m\u016f\u017eete p\u0159edem prohl\u00e9dnout, jak bude va\u0161e nov\u00e1 podlaha vypadat ve va\u0161\u00ed dom\u00e1cnosti.<\/p>\n<a class=\"btn btn-bdesign2022 btn-pagelink\" href=\"https:\/\/www.bauhaus.info\/vinylboden\/c\/10000479?q=%3Arelevance%3Abrands%3Ab!design\" target=\"_blank\">Do internetov\u00e9ho obchodu<\/a><\/div><div class=\"d-block d-md-block col-md-7 col-xl-4 col-xxl-5 col-xxxl-7 col-type-is-image col-count-is-2\"><img decoding=\"async\" class=\"img-fluid col-img\" src=\"https:\/\/www.bdesign-floors.com\/wp-content\/uploads\/2022\/08\/wo-kaufen-online-shop-b-design.jpg\" srcset=\"https:\/\/www.bdesign-floors.com\/wp-content\/uploads\/2022\/08\/wo-kaufen-online-shop-b-design.jpg 1110w, https:\/\/www.bdesign-floors.com\/wp-content\/uploads\/2022\/08\/wo-kaufen-online-shop-b-design-768x510.jpg 768w, https:\/\/www.bdesign-floors.com\/wp-content\/uploads\/2022\/08\/wo-kaufen-online-shop-b-design-452x300.jpg 452w\"><\/div>            <\/div>\n        <\/div>\n    <\/div>\n<\/div>\n<div id=\"bdesign2022_spacer_block_62eb9a2fb9748\" class=\"bdesign2022_block bdesign2022_block--bdesign2022_spacer\">\n    <div class=\"bdesign2022_block--wrapper\">\n        <div class=\"spacer\" style=\"height: 50px\"><\/div>\n    <\/div>\n<\/div>\n","protected":false},"excerpt":{"rendered":"","protected":false},"author":8,"featured_media":0,"parent":0,"menu_order":5,"comment_status":"closed","ping_status":"closed","template":"","meta":{"_acf_changed":false,"footnotes":""},"class_list":["post-13527","page","type-page","status-publish","hentry"],"acf":[],"yoast_head":"<!-- This site is optimized with the Yoast SEO plugin v24.2 - https:\/\/yoast.com\/wordpress\/plugins\/seo\/ -->\n<title>Kde koupit | b!design<\/title>\n<meta name=\"description\" content=\"Chcete se dozv\u011bd\u011bt, kde m\u016f\u017eete koupit vinylov\u00e9 podlahy b!design? Zde naleznete ve\u0161ker\u00e9 informace - jak pro stacion\u00e1rn\u00ed, tak pro online n\u00e1kup.\" \/>\n<meta name=\"robots\" content=\"index, follow, max-snippet:-1, max-image-preview:large, max-video-preview:-1\" \/>\n<link rel=\"canonical\" href=\"https:\/\/www.bdesign-floors.com\/cs\/kde-koupit\/\" \/>\n<meta property=\"og:locale\" content=\"cs_CZ\" \/>\n<meta property=\"og:type\" content=\"article\" \/>\n<meta property=\"og:title\" content=\"Kde koupit | b!design\" \/>\n<meta property=\"og:description\" content=\"Chcete se dozv\u011bd\u011bt, kde m\u016f\u017eete koupit vinylov\u00e9 podlahy b!design? Zde naleznete ve\u0161ker\u00e9 informace - jak pro stacion\u00e1rn\u00ed, tak pro online n\u00e1kup.\" \/>\n<meta property=\"og:url\" content=\"https:\/\/www.bdesign-floors.com\/cs\/kde-koupit\/\" \/>\n<meta property=\"og:site_name\" content=\"b!design\" \/>\n<meta property=\"article:modified_time\" content=\"2022-09-21T11:11:32+00:00\" \/>\n<meta name=\"twitter:card\" content=\"summary_large_image\" \/>\n<script type=\"application\/ld+json\" class=\"yoast-schema-graph\">{\"@context\":\"https:\/\/schema.org\",\"@graph\":[{\"@type\":\"WebPage\",\"@id\":\"https:\/\/www.bdesign-floors.com\/cs\/kde-koupit\/\",\"url\":\"https:\/\/www.bdesign-floors.com\/cs\/kde-koupit\/\",\"name\":\"Kde koupit | b!design\",\"isPartOf\":{\"@id\":\"https:\/\/bdesign.wp.factory.blim-dev.com\/#website\"},\"datePublished\":\"2022-09-12T14:29:10+00:00\",\"dateModified\":\"2022-09-21T11:11:32+00:00\",\"description\":\"Chcete se dozv\u011bd\u011bt, kde m\u016f\u017eete koupit vinylov\u00e9 podlahy b!design? Zde naleznete ve\u0161ker\u00e9 informace - jak pro stacion\u00e1rn\u00ed, tak pro online n\u00e1kup.\",\"breadcrumb\":{\"@id\":\"https:\/\/www.bdesign-floors.com\/cs\/kde-koupit\/#breadcrumb\"},\"inLanguage\":\"cs\",\"potentialAction\":[{\"@type\":\"ReadAction\",\"target\":[\"https:\/\/www.bdesign-floors.com\/cs\/kde-koupit\/\"]}]},{\"@type\":\"BreadcrumbList\",\"@id\":\"https:\/\/www.bdesign-floors.com\/cs\/kde-koupit\/#breadcrumb\",\"itemListElement\":[{\"@type\":\"ListItem\",\"position\":1,\"name\":\"Home\",\"item\":\"https:\/\/www.bdesign-floors.com\/cs\/\"},{\"@type\":\"ListItem\",\"position\":2,\"name\":\"Kde koupit\"}]},{\"@type\":\"WebSite\",\"@id\":\"https:\/\/bdesign.wp.factory.blim-dev.com\/#website\",\"url\":\"https:\/\/bdesign.wp.factory.blim-dev.com\/\",\"name\":\"b!design\",\"description\":\"Just another WordPress site\",\"potentialAction\":[{\"@type\":\"SearchAction\",\"target\":{\"@type\":\"EntryPoint\",\"urlTemplate\":\"https:\/\/bdesign.wp.factory.blim-dev.com\/?s={search_term_string}\"},\"query-input\":{\"@type\":\"PropertyValueSpecification\",\"valueRequired\":true,\"valueName\":\"search_term_string\"}}],\"inLanguage\":\"cs\"}]}<\/script>\n<!-- \/ Yoast SEO plugin. -->","yoast_head_json":{"title":"Kde koupit | b!design","description":"Chcete se dozv\u011bd\u011bt, kde m\u016f\u017eete koupit vinylov\u00e9 podlahy b!design? Zde naleznete ve\u0161ker\u00e9 informace - jak pro stacion\u00e1rn\u00ed, tak pro online n\u00e1kup.","robots":{"index":"index","follow":"follow","max-snippet":"max-snippet:-1","max-image-preview":"max-image-preview:large","max-video-preview":"max-video-preview:-1"},"canonical":"https:\/\/www.bdesign-floors.com\/cs\/kde-koupit\/","og_locale":"cs_CZ","og_type":"article","og_title":"Kde koupit | b!design","og_description":"Chcete se dozv\u011bd\u011bt, kde m\u016f\u017eete koupit vinylov\u00e9 podlahy b!design? Zde naleznete ve\u0161ker\u00e9 informace - jak pro stacion\u00e1rn\u00ed, tak pro online n\u00e1kup.","og_url":"https:\/\/www.bdesign-floors.com\/cs\/kde-koupit\/","og_site_name":"b!design","article_modified_time":"2022-09-21T11:11:32+00:00","twitter_card":"summary_large_image","schema":{"@context":"https:\/\/schema.org","@graph":[{"@type":"WebPage","@id":"https:\/\/www.bdesign-floors.com\/cs\/kde-koupit\/","url":"https:\/\/www.bdesign-floors.com\/cs\/kde-koupit\/","name":"Kde koupit | b!design","isPartOf":{"@id":"https:\/\/bdesign.wp.factory.blim-dev.com\/#website"},"datePublished":"2022-09-12T14:29:10+00:00","dateModified":"2022-09-21T11:11:32+00:00","description":"Chcete se dozv\u011bd\u011bt, kde m\u016f\u017eete koupit vinylov\u00e9 podlahy b!design? Zde naleznete ve\u0161ker\u00e9 informace - jak pro stacion\u00e1rn\u00ed, tak pro online n\u00e1kup.","breadcrumb":{"@id":"https:\/\/www.bdesign-floors.com\/cs\/kde-koupit\/#breadcrumb"},"inLanguage":"cs","potentialAction":[{"@type":"ReadAction","target":["https:\/\/www.bdesign-floors.com\/cs\/kde-koupit\/"]}]},{"@type":"BreadcrumbList","@id":"https:\/\/www.bdesign-floors.com\/cs\/kde-koupit\/#breadcrumb","itemListElement":[{"@type":"ListItem","position":1,"name":"Home","item":"https:\/\/www.bdesign-floors.com\/cs\/"},{"@type":"ListItem","position":2,"name":"Kde koupit"}]},{"@type":"WebSite","@id":"https:\/\/bdesign.wp.factory.blim-dev.com\/#website","url":"https:\/\/bdesign.wp.factory.blim-dev.com\/","name":"b!design","description":"Just another WordPress site","potentialAction":[{"@type":"SearchAction","target":{"@type":"EntryPoint","urlTemplate":"https:\/\/bdesign.wp.factory.blim-dev.com\/?s={search_term_string}"},"query-input":{"@type":"PropertyValueSpecification","valueRequired":true,"valueName":"search_term_string"}}],"inLanguage":"cs"}]}},"_links":{"self":[{"href":"https:\/\/www.bdesign-floors.com\/cs\/wp-json\/wp\/v2\/pages\/13527","targetHints":{"allow":["GET"]}}],"collection":[{"href":"https:\/\/www.bdesign-floors.com\/cs\/wp-json\/wp\/v2\/pages"}],"about":[{"href":"https:\/\/www.bdesign-floors.com\/cs\/wp-json\/wp\/v2\/types\/page"}],"author":[{"embeddable":true,"href":"https:\/\/www.bdesign-floors.com\/cs\/wp-json\/wp\/v2\/users\/8"}],"replies":[{"embeddable":true,"href":"https:\/\/www.bdesign-floors.com\/cs\/wp-json\/wp\/v2\/comments?post=13527"}],"version-history":[{"count":3,"href":"https:\/\/www.bdesign-floors.com\/cs\/wp-json\/wp\/v2\/pages\/13527\/revisions"}],"predecessor-version":[{"id":16397,"href":"https:\/\/www.bdesign-floors.com\/cs\/wp-json\/wp\/v2\/pages\/13527\/revisions\/16397"}],"wp:attachment":[{"href":"https:\/\/www.bdesign-floors.com\/cs\/wp-json\/wp\/v2\/media?parent=13527"}],"curies":[{"name":"wp","href":"https:\/\/api.w.org\/{rel}","templated":true}]}}