{"id":13591,"date":"2022-09-12T16:31:58","date_gmt":"2022-09-12T14:31:58","guid":{"rendered":"https:\/\/www.bdesign-floors.com\/o-nas\/otisk\/"},"modified":"2022-09-12T16:31:58","modified_gmt":"2022-09-12T14:31:58","slug":"otisk","status":"publish","type":"page","link":"https:\/\/www.bdesign-floors.com\/cs\/o-nas\/otisk\/","title":{"rendered":"Otisk"},"content":{"rendered":"<div id=\"bdesign2022_spacer_block_63061d222b814\" class=\"bdesign2022_block bdesign2022_block--bdesign2022_spacer\">\n    <div class=\"bdesign2022_block--wrapper\">\n        <div class=\"spacer\" style=\"height: 100px\"><\/div>\n    <\/div>\n<\/div>\n<div id=\"bdesign2022_customcontent_block_63061cc72b813\" class=\"bdesign2022_block bdesign2022_block--bdesign2022_customcontent\">\n    <div class=\"bdesign2022_block--wrapper\">\n        <div class=\"container\">\n            <div class=\"row\">\n                \n                    <div class=\"col-0 col-sm-2\"><\/div>\n                    <div class=\"col-12 col-sm-10 my-4\">\n                        <h1>Otisk<\/h1>\n<p><strong>Provozovatelem t\u011bchto internetov\u00fdch str\u00e1nek je<\/strong><\/p>\n<p>BAUHAUS E-Business GmbH &amp; Co KG<br \/>\nGutenbergstra\u00dfe 21<br \/>\nD-68167 Mannheim<\/p>\n<p>DI\u010c: DE 156673152<br \/>\nM\u00edstn\u00ed soud Mannheim: HRA 3983<\/p>\n<p>Telefon: <a href=\"tel:8003905000\">+49 800 3905 000<\/a><br \/>\nE-mail: <a href=\"mailto:service@bauhaus.info\">service@bauhaus.info<\/a><\/p>\n<h2>Osobn\u011b odpov\u011bdn\u00fd partner<\/h2>\n<p>Werkhaus GmbH<br \/>\nS\u00eddlo: Mannheim<br \/>\nM\u00edstn\u00ed soud Mannheim HRB 6426<br \/>\nJednatel\u00e9: Bernd Baus, Lutz Fiedler<\/p>\n<h2>Upozorn\u011bn\u00ed na odpov\u011bdnost<\/h2>\n<p>I p\u0159es pe\u010dlivou kontrolu obsahu nep\u0159eb\u00edr\u00e1me \u017e\u00e1dnou odpov\u011bdnost za obsah extern\u00edch odkaz\u016f. Za obsah odkazovan\u00fdch str\u00e1nek odpov\u00eddaj\u00ed v\u00fdhradn\u011b jejich provozovatel\u00e9.<\/p>\n<h2>Odm\u00edtnut\u00ed odpov\u011bdnosti<\/h2>\n<p>Nezaru\u010dujeme p\u0159esnost obsahu. P\u0159\u00edsp\u011bvky vych\u00e1zej\u00ed ze zdroj\u016f, kter\u00e9 pova\u017eujeme za d\u016fv\u011bryhodn\u00e9. Proto nelze p\u0159evz\u00edt \u017e\u00e1dnou odpov\u011bdnost ani z\u00e1ruku za aktu\u00e1lnost, spr\u00e1vnost a \u00faplnost poskytnut\u00fdch informac\u00ed.<br \/>\nKomer\u010dn\u00ed vyu\u017eit\u00ed a\/nebo dal\u0161\u00ed \u0161\u00ed\u0159en\u00ed obsahu t\u011bchto internetov\u00fdch str\u00e1nek vy\u017eaduje p\u00edsemn\u00fd souhlas.<br \/>\nInformace na na\u0161ich webov\u00fdch str\u00e1nk\u00e1ch byly pe\u010dliv\u011b sestaveny v souladu se sou\u010dasn\u00fdm stavem v\u011bdy a techniky. \u00darove\u0148 znalost\u00ed a zku\u0161enost\u00ed se neust\u00e1le vyv\u00edj\u00ed. Proto se v\u017edy ujist\u011bte, \u017ee p\u0159ed proveden\u00edm jak\u00e9koli pr\u00e1ce zkontrolujete aktu\u00e1ln\u00ed stav webov\u00fdch str\u00e1nek. Berte pros\u00edm na v\u011bdom\u00ed, \u017ee jsme povinni omezit na\u0161i odpov\u011bdnost za informace na t\u011bchto str\u00e1nk\u00e1ch na \u00famysl, hrubou nedbalost a poru\u0161en\u00ed z\u00e1kladn\u00edch povinnost\u00ed. Popsan\u00e9 aplikace v\u00fdrobk\u016f nemohou zohlednit zvl\u00e1\u0161tn\u00ed okolnosti jednotliv\u00fdch p\u0159\u00edpad\u016f. Zkontrolujte proto vhodnost pou\u017eit\u00fdch v\u00fdrobk\u016f pro konkr\u00e9tn\u00ed pou\u017eit\u00ed a v\u017edy zohledn\u011bte n\u00e1vod k pou\u017eit\u00ed a informace v\u00fdrobce.<\/p>\n<h2>Obr\u00e1zky<\/h2>\n<p>\u00a9 Shutterstock<a href=\"https:\/\/www.shutterstock.com\/de\/\" target=\"_blank\" rel=\"noopener\">(shutterstock.com<\/a>)<\/p>\n                    <\/div>\n\n                                <\/div>\n        <\/div>\n    <\/div>\n<\/div>\n<div id=\"bdesign2022_spacer_block_63061d3a2b815\" class=\"bdesign2022_block bdesign2022_block--bdesign2022_spacer\">\n    <div class=\"bdesign2022_block--wrapper\">\n        <div class=\"spacer\" style=\"height: 100px\"><\/div>\n    <\/div>\n<\/div>\n","protected":false},"excerpt":{"rendered":"","protected":false},"author":8,"featured_media":0,"parent":13551,"menu_order":4,"comment_status":"closed","ping_status":"closed","template":"","meta":{"_acf_changed":false,"footnotes":""},"class_list":["post-13591","page","type-page","status-publish","hentry"],"acf":[],"yoast_head":"<!-- This site is optimized with the Yoast SEO plugin v24.2 - https:\/\/yoast.com\/wordpress\/plugins\/seo\/ -->\n<title>Otisk - b!design<\/title>\n<meta name=\"robots\" content=\"index, follow, max-snippet:-1, max-image-preview:large, max-video-preview:-1\" \/>\n<link rel=\"canonical\" href=\"https:\/\/www.bdesign-floors.com\/cs\/o-nas\/otisk\/\" \/>\n<meta property=\"og:locale\" content=\"cs_CZ\" \/>\n<meta property=\"og:type\" content=\"article\" \/>\n<meta property=\"og:title\" content=\"Otisk - b!design\" \/>\n<meta property=\"og:url\" content=\"https:\/\/www.bdesign-floors.com\/cs\/o-nas\/otisk\/\" \/>\n<meta property=\"og:site_name\" content=\"b!design\" \/>\n<meta name=\"twitter:card\" content=\"summary_large_image\" \/>\n<script type=\"application\/ld+json\" class=\"yoast-schema-graph\">{\"@context\":\"https:\/\/schema.org\",\"@graph\":[{\"@type\":\"WebPage\",\"@id\":\"https:\/\/www.bdesign-floors.com\/cs\/o-nas\/otisk\/\",\"url\":\"https:\/\/www.bdesign-floors.com\/cs\/o-nas\/otisk\/\",\"name\":\"Otisk - b!design\",\"isPartOf\":{\"@id\":\"https:\/\/bdesign.wp.factory.blim-dev.com\/#website\"},\"datePublished\":\"2022-09-12T14:31:58+00:00\",\"dateModified\":\"2022-09-12T14:31:58+00:00\",\"breadcrumb\":{\"@id\":\"https:\/\/www.bdesign-floors.com\/cs\/o-nas\/otisk\/#breadcrumb\"},\"inLanguage\":\"cs\",\"potentialAction\":[{\"@type\":\"ReadAction\",\"target\":[\"https:\/\/www.bdesign-floors.com\/cs\/o-nas\/otisk\/\"]}]},{\"@type\":\"BreadcrumbList\",\"@id\":\"https:\/\/www.bdesign-floors.com\/cs\/o-nas\/otisk\/#breadcrumb\",\"itemListElement\":[{\"@type\":\"ListItem\",\"position\":1,\"name\":\"Home\",\"item\":\"https:\/\/www.bdesign-floors.com\/cs\/\"},{\"@type\":\"ListItem\",\"position\":2,\"name\":\"O n\u00e1s\",\"item\":\"https:\/\/bdesign.wp.factory.blim-dev.com\/o-nas\/\"},{\"@type\":\"ListItem\",\"position\":3,\"name\":\"Otisk\"}]},{\"@type\":\"WebSite\",\"@id\":\"https:\/\/bdesign.wp.factory.blim-dev.com\/#website\",\"url\":\"https:\/\/bdesign.wp.factory.blim-dev.com\/\",\"name\":\"b!design\",\"description\":\"Just another WordPress site\",\"potentialAction\":[{\"@type\":\"SearchAction\",\"target\":{\"@type\":\"EntryPoint\",\"urlTemplate\":\"https:\/\/bdesign.wp.factory.blim-dev.com\/?s={search_term_string}\"},\"query-input\":{\"@type\":\"PropertyValueSpecification\",\"valueRequired\":true,\"valueName\":\"search_term_string\"}}],\"inLanguage\":\"cs\"}]}<\/script>\n<!-- \/ Yoast SEO plugin. -->","yoast_head_json":{"title":"Otisk - b!design","robots":{"index":"index","follow":"follow","max-snippet":"max-snippet:-1","max-image-preview":"max-image-preview:large","max-video-preview":"max-video-preview:-1"},"canonical":"https:\/\/www.bdesign-floors.com\/cs\/o-nas\/otisk\/","og_locale":"cs_CZ","og_type":"article","og_title":"Otisk - b!design","og_url":"https:\/\/www.bdesign-floors.com\/cs\/o-nas\/otisk\/","og_site_name":"b!design","twitter_card":"summary_large_image","schema":{"@context":"https:\/\/schema.org","@graph":[{"@type":"WebPage","@id":"https:\/\/www.bdesign-floors.com\/cs\/o-nas\/otisk\/","url":"https:\/\/www.bdesign-floors.com\/cs\/o-nas\/otisk\/","name":"Otisk - b!design","isPartOf":{"@id":"https:\/\/bdesign.wp.factory.blim-dev.com\/#website"},"datePublished":"2022-09-12T14:31:58+00:00","dateModified":"2022-09-12T14:31:58+00:00","breadcrumb":{"@id":"https:\/\/www.bdesign-floors.com\/cs\/o-nas\/otisk\/#breadcrumb"},"inLanguage":"cs","potentialAction":[{"@type":"ReadAction","target":["https:\/\/www.bdesign-floors.com\/cs\/o-nas\/otisk\/"]}]},{"@type":"BreadcrumbList","@id":"https:\/\/www.bdesign-floors.com\/cs\/o-nas\/otisk\/#breadcrumb","itemListElement":[{"@type":"ListItem","position":1,"name":"Home","item":"https:\/\/www.bdesign-floors.com\/cs\/"},{"@type":"ListItem","position":2,"name":"O n\u00e1s","item":"https:\/\/bdesign.wp.factory.blim-dev.com\/o-nas\/"},{"@type":"ListItem","position":3,"name":"Otisk"}]},{"@type":"WebSite","@id":"https:\/\/bdesign.wp.factory.blim-dev.com\/#website","url":"https:\/\/bdesign.wp.factory.blim-dev.com\/","name":"b!design","description":"Just another WordPress site","potentialAction":[{"@type":"SearchAction","target":{"@type":"EntryPoint","urlTemplate":"https:\/\/bdesign.wp.factory.blim-dev.com\/?s={search_term_string}"},"query-input":{"@type":"PropertyValueSpecification","valueRequired":true,"valueName":"search_term_string"}}],"inLanguage":"cs"}]}},"_links":{"self":[{"href":"https:\/\/www.bdesign-floors.com\/cs\/wp-json\/wp\/v2\/pages\/13591","targetHints":{"allow":["GET"]}}],"collection":[{"href":"https:\/\/www.bdesign-floors.com\/cs\/wp-json\/wp\/v2\/pages"}],"about":[{"href":"https:\/\/www.bdesign-floors.com\/cs\/wp-json\/wp\/v2\/types\/page"}],"author":[{"embeddable":true,"href":"https:\/\/www.bdesign-floors.com\/cs\/wp-json\/wp\/v2\/users\/8"}],"replies":[{"embeddable":true,"href":"https:\/\/www.bdesign-floors.com\/cs\/wp-json\/wp\/v2\/comments?post=13591"}],"version-history":[{"count":1,"href":"https:\/\/www.bdesign-floors.com\/cs\/wp-json\/wp\/v2\/pages\/13591\/revisions"}],"predecessor-version":[{"id":13594,"href":"https:\/\/www.bdesign-floors.com\/cs\/wp-json\/wp\/v2\/pages\/13591\/revisions\/13594"}],"up":[{"embeddable":true,"href":"https:\/\/www.bdesign-floors.com\/cs\/wp-json\/wp\/v2\/pages\/13551"}],"wp:attachment":[{"href":"https:\/\/www.bdesign-floors.com\/cs\/wp-json\/wp\/v2\/media?parent=13591"}],"curies":[{"name":"wp","href":"https:\/\/api.w.org\/{rel}","templated":true}]}}