{"id":17493,"date":"2023-01-13T12:27:40","date_gmt":"2023-01-13T10:27:40","guid":{"rendered":"https:\/\/www.bdesign-floors.com\/?page_id=17493"},"modified":"2023-01-13T12:30:58","modified_gmt":"2023-01-13T10:30:58","slug":"complaint-form-for-end-customers%ef%bf%bc","status":"publish","type":"page","link":"https:\/\/www.bdesign-floors.com\/cs\/co-je-treba-vedet\/warranty-return\/complaint-form-for-end-customers%ef%bf%bc\/","title":{"rendered":"Complaint form for end customers\ufffc"},"content":{"rendered":"<div id=\"bdesign2022_spacer_block_c46e25d3d68a4f519cdaca791555d66a\" class=\"bdesign2022_block bdesign2022_block--bdesign2022_spacer\">\n    <div class=\"bdesign2022_block--wrapper\">\n        <div class=\"spacer\" style=\"height: 100px\"><\/div>\n    <\/div>\n<\/div>\n\n\n<div id=\"bdesign2022_customcontent_block_69b32e0ea47adb4500d1507a6ba4cf35\" class=\"bdesign2022_block bdesign2022_block--bdesign2022_customcontent\">\n    <div class=\"bdesign2022_block--wrapper\">\n        <div class=\"container\">\n            <div class=\"row\">\n                \n                    <div class=\"col-0 col-sm-2\"><\/div>\n                    <div class=\"col-12 col-sm-10 my-4\">\n                        <header class=\"entry-header\">\n<h1 class=\"entry-title\">Complaint form for end customers<\/h1>\n<\/header>\n<p>Please have the following documents ready before you start the claim:<\/p>\n<ul>\n<li>Purchase receipt \/ sales slip<\/li>\n<li>Pictures of the complaint \/ pictures of the room<\/li>\n<li>EAN number of the product<\/li>\n<\/ul>\n                    <\/div>\n\n                                <\/div>\n        <\/div>\n    <\/div>\n<\/div>\n\n\n<div id=\"bdesign2022_customcontent_block_96fd76a1058926e835e177d8b34e276e\" class=\"bdesign2022_block bdesign2022_block--bdesign2022_customcontent\">\n    <div class=\"bdesign2022_block--wrapper\">\n        <div class=\"container\">\n            <div class=\"row\">\n                \n                    <div class=\"col-0 col-sm-2\"><\/div>\n                    <div class=\"col-12 col-sm-10 my-4\">\n                        <p> <div class=\"brlbs-cmpnt-container brlbs-cmpnt-content-blocker brlbs-cmpnt-with-individual-styles\" data-borlabs-cookie-content-blocker-id=\"default\" data-borlabs-cookie-content=\"PGlmcmFtZSBzcmM9Imh0dHBzOi8vc2VydmljZWNlbnRlci5od3ppLmNoL2VuLVVTL2N1c3RvbWVyZm9ybS8iIHdpZHRoPSIxMDAlIiBoZWlnaHQ9IjcwMDAiPjwvaWZyYW1lPg==\"><div class=\"brlbs-cmpnt-cb-preset-a\"> <p class=\"brlbs-cmpnt-cb-description\">Sie sehen gerade einen Platzhalterinhalt von <strong>Standard<\/strong>. Um auf den eigentlichen Inhalt zuzugreifen, klicken Sie auf den Button unten. Bitte beachten Sie, dass dabei Daten an Drittanbieter weitergegeben werden.<\/p> <div class=\"brlbs-cmpnt-cb-buttons\"> <a class=\"brlbs-cmpnt-cb-btn\" href=\"#\" data-borlabs-cookie-unblock role=\"button\">Inhalt entsperren<\/a> <a class=\"brlbs-cmpnt-cb-btn\" href=\"#\" data-borlabs-cookie-accept-service role=\"button\" style=\"display: none\">Erforderlichen Service akzeptieren und Inhalte entsperren<\/a> <\/div> <a class=\"brlbs-cmpnt-cb-provider-toggle\" href=\"#\" data-borlabs-cookie-show-provider-information role=\"button\">Weitere Informationen<\/a> <\/div><\/div><\/p>\n                    <\/div>\n\n                                <\/div>\n        <\/div>\n    <\/div>\n<\/div>\n\n\n<div id=\"bdesign2022_spacer_block_c46e25d3d68a4f519cdaca791555d66a\" class=\"bdesign2022_block bdesign2022_block--bdesign2022_spacer\">\n    <div class=\"bdesign2022_block--wrapper\">\n        <div class=\"spacer\" style=\"height: 100px\"><\/div>\n    <\/div>\n<\/div>\n","protected":false},"excerpt":{"rendered":"","protected":false},"author":7,"featured_media":0,"parent":13513,"menu_order":7,"comment_status":"closed","ping_status":"closed","template":"","meta":{"_acf_changed":false,"footnotes":""},"class_list":["post-17493","page","type-page","status-publish","hentry"],"acf":[],"yoast_head":"<!-- This site is optimized with the Yoast SEO plugin v24.2 - https:\/\/yoast.com\/wordpress\/plugins\/seo\/ -->\n<title>Warranty and return | b!design<\/title>\n<meta name=\"description\" content=\"You are not satisfied with your goods? Then read all about our return policy and refund here.\" \/>\n<meta name=\"robots\" content=\"index, follow, max-snippet:-1, max-image-preview:large, max-video-preview:-1\" \/>\n<link rel=\"canonical\" href=\"https:\/\/www.bdesign-floors.com\/cs\/co-je-treba-vedet\/warranty-return\/complaint-form-for-end-customers%ef%bf%bc\/\" \/>\n<meta property=\"og:locale\" content=\"cs_CZ\" \/>\n<meta property=\"og:type\" content=\"article\" \/>\n<meta property=\"og:title\" content=\"Warranty and return | b!design\" \/>\n<meta property=\"og:description\" content=\"You are not satisfied with your goods? Then read all about our return policy and refund here.\" \/>\n<meta property=\"og:url\" content=\"https:\/\/www.bdesign-floors.com\/cs\/co-je-treba-vedet\/warranty-return\/complaint-form-for-end-customers%ef%bf%bc\/\" \/>\n<meta property=\"og:site_name\" content=\"b!design\" \/>\n<meta property=\"article:modified_time\" content=\"2023-01-13T10:30:58+00:00\" \/>\n<meta name=\"twitter:card\" content=\"summary_large_image\" \/>\n<script type=\"application\/ld+json\" class=\"yoast-schema-graph\">{\"@context\":\"https:\/\/schema.org\",\"@graph\":[{\"@type\":\"WebPage\",\"@id\":\"https:\/\/www.bdesign-floors.com\/cs\/co-je-treba-vedet\/warranty-return\/complaint-form-for-end-customers%ef%bf%bc\/\",\"url\":\"https:\/\/www.bdesign-floors.com\/cs\/co-je-treba-vedet\/warranty-return\/complaint-form-for-end-customers%ef%bf%bc\/\",\"name\":\"Warranty and return | b!design\",\"isPartOf\":{\"@id\":\"https:\/\/bdesign.wp.factory.blim-dev.com\/#website\"},\"datePublished\":\"2023-01-13T10:27:40+00:00\",\"dateModified\":\"2023-01-13T10:30:58+00:00\",\"description\":\"You are not satisfied with your goods? Then read all about our return policy and refund here.\",\"breadcrumb\":{\"@id\":\"https:\/\/www.bdesign-floors.com\/cs\/co-je-treba-vedet\/warranty-return\/complaint-form-for-end-customers%ef%bf%bc\/#breadcrumb\"},\"inLanguage\":\"cs\",\"potentialAction\":[{\"@type\":\"ReadAction\",\"target\":[\"https:\/\/www.bdesign-floors.com\/cs\/co-je-treba-vedet\/warranty-return\/complaint-form-for-end-customers%ef%bf%bc\/\"]}]},{\"@type\":\"BreadcrumbList\",\"@id\":\"https:\/\/www.bdesign-floors.com\/cs\/co-je-treba-vedet\/warranty-return\/complaint-form-for-end-customers%ef%bf%bc\/#breadcrumb\",\"itemListElement\":[{\"@type\":\"ListItem\",\"position\":1,\"name\":\"Home\",\"item\":\"https:\/\/www.bdesign-floors.com\/cs\/\"},{\"@type\":\"ListItem\",\"position\":2,\"name\":\"Co je t\u0159eba v\u011bd\u011bt\",\"item\":\"https:\/\/bdesign.wp.factory.blim-dev.com\/cs\/co-je-treba-vedet\/\"},{\"@type\":\"ListItem\",\"position\":3,\"name\":\"Z\u00e1ruka a vr\u00e1cen\u00ed zbo\u017e\u00ed\",\"item\":\"https:\/\/www.bdesign-floors.com\/cs\/co-je-treba-vedet\/warranty-return\/\"},{\"@type\":\"ListItem\",\"position\":4,\"name\":\"Complaint form for end customers\ufffc\"}]},{\"@type\":\"WebSite\",\"@id\":\"https:\/\/bdesign.wp.factory.blim-dev.com\/#website\",\"url\":\"https:\/\/bdesign.wp.factory.blim-dev.com\/\",\"name\":\"b!design\",\"description\":\"Just another WordPress site\",\"potentialAction\":[{\"@type\":\"SearchAction\",\"target\":{\"@type\":\"EntryPoint\",\"urlTemplate\":\"https:\/\/bdesign.wp.factory.blim-dev.com\/?s={search_term_string}\"},\"query-input\":{\"@type\":\"PropertyValueSpecification\",\"valueRequired\":true,\"valueName\":\"search_term_string\"}}],\"inLanguage\":\"cs\"}]}<\/script>\n<!-- \/ Yoast SEO plugin. -->","yoast_head_json":{"title":"Warranty and return | b!design","description":"You are not satisfied with your goods? Then read all about our return policy and refund here.","robots":{"index":"index","follow":"follow","max-snippet":"max-snippet:-1","max-image-preview":"max-image-preview:large","max-video-preview":"max-video-preview:-1"},"canonical":"https:\/\/www.bdesign-floors.com\/cs\/co-je-treba-vedet\/warranty-return\/complaint-form-for-end-customers%ef%bf%bc\/","og_locale":"cs_CZ","og_type":"article","og_title":"Warranty and return | b!design","og_description":"You are not satisfied with your goods? Then read all about our return policy and refund here.","og_url":"https:\/\/www.bdesign-floors.com\/cs\/co-je-treba-vedet\/warranty-return\/complaint-form-for-end-customers%ef%bf%bc\/","og_site_name":"b!design","article_modified_time":"2023-01-13T10:30:58+00:00","twitter_card":"summary_large_image","schema":{"@context":"https:\/\/schema.org","@graph":[{"@type":"WebPage","@id":"https:\/\/www.bdesign-floors.com\/cs\/co-je-treba-vedet\/warranty-return\/complaint-form-for-end-customers%ef%bf%bc\/","url":"https:\/\/www.bdesign-floors.com\/cs\/co-je-treba-vedet\/warranty-return\/complaint-form-for-end-customers%ef%bf%bc\/","name":"Warranty and return | b!design","isPartOf":{"@id":"https:\/\/bdesign.wp.factory.blim-dev.com\/#website"},"datePublished":"2023-01-13T10:27:40+00:00","dateModified":"2023-01-13T10:30:58+00:00","description":"You are not satisfied with your goods? Then read all about our return policy and refund here.","breadcrumb":{"@id":"https:\/\/www.bdesign-floors.com\/cs\/co-je-treba-vedet\/warranty-return\/complaint-form-for-end-customers%ef%bf%bc\/#breadcrumb"},"inLanguage":"cs","potentialAction":[{"@type":"ReadAction","target":["https:\/\/www.bdesign-floors.com\/cs\/co-je-treba-vedet\/warranty-return\/complaint-form-for-end-customers%ef%bf%bc\/"]}]},{"@type":"BreadcrumbList","@id":"https:\/\/www.bdesign-floors.com\/cs\/co-je-treba-vedet\/warranty-return\/complaint-form-for-end-customers%ef%bf%bc\/#breadcrumb","itemListElement":[{"@type":"ListItem","position":1,"name":"Home","item":"https:\/\/www.bdesign-floors.com\/cs\/"},{"@type":"ListItem","position":2,"name":"Co je t\u0159eba v\u011bd\u011bt","item":"https:\/\/bdesign.wp.factory.blim-dev.com\/cs\/co-je-treba-vedet\/"},{"@type":"ListItem","position":3,"name":"Z\u00e1ruka a vr\u00e1cen\u00ed zbo\u017e\u00ed","item":"https:\/\/www.bdesign-floors.com\/cs\/co-je-treba-vedet\/warranty-return\/"},{"@type":"ListItem","position":4,"name":"Complaint form for end customers\ufffc"}]},{"@type":"WebSite","@id":"https:\/\/bdesign.wp.factory.blim-dev.com\/#website","url":"https:\/\/bdesign.wp.factory.blim-dev.com\/","name":"b!design","description":"Just another WordPress site","potentialAction":[{"@type":"SearchAction","target":{"@type":"EntryPoint","urlTemplate":"https:\/\/bdesign.wp.factory.blim-dev.com\/?s={search_term_string}"},"query-input":{"@type":"PropertyValueSpecification","valueRequired":true,"valueName":"search_term_string"}}],"inLanguage":"cs"}]}},"_links":{"self":[{"href":"https:\/\/www.bdesign-floors.com\/cs\/wp-json\/wp\/v2\/pages\/17493","targetHints":{"allow":["GET"]}}],"collection":[{"href":"https:\/\/www.bdesign-floors.com\/cs\/wp-json\/wp\/v2\/pages"}],"about":[{"href":"https:\/\/www.bdesign-floors.com\/cs\/wp-json\/wp\/v2\/types\/page"}],"author":[{"embeddable":true,"href":"https:\/\/www.bdesign-floors.com\/cs\/wp-json\/wp\/v2\/users\/7"}],"replies":[{"embeddable":true,"href":"https:\/\/www.bdesign-floors.com\/cs\/wp-json\/wp\/v2\/comments?post=17493"}],"version-history":[{"count":2,"href":"https:\/\/www.bdesign-floors.com\/cs\/wp-json\/wp\/v2\/pages\/17493\/revisions"}],"predecessor-version":[{"id":19689,"href":"https:\/\/www.bdesign-floors.com\/cs\/wp-json\/wp\/v2\/pages\/17493\/revisions\/19689"}],"up":[{"embeddable":true,"href":"https:\/\/www.bdesign-floors.com\/cs\/wp-json\/wp\/v2\/pages\/13513"}],"wp:attachment":[{"href":"https:\/\/www.bdesign-floors.com\/cs\/wp-json\/wp\/v2\/media?parent=17493"}],"curies":[{"name":"wp","href":"https:\/\/api.w.org\/{rel}","templated":true}]}}