{"id":13435,"date":"2022-09-12T16:23:49","date_gmt":"2022-09-12T14:23:49","guid":{"rendered":"https:\/\/www.bdesign-floors.com\/vaerd-at-vide\/"},"modified":"2022-09-21T13:08:56","modified_gmt":"2022-09-21T11:08:56","slug":"vaerd-at-vide","status":"publish","type":"page","link":"https:\/\/www.bdesign-floors.com\/da\/vaerd-at-vide\/","title":{"rendered":"V\u00e6rd at vide"},"content":{"rendered":"<div id=\"bdesign2022_pageheader_block_62dfd623856fa\" class=\"bdesign2022_block bdesign2022_block--bdesign2022_pageheader\">\n    <div class=\"bdesign2022_block--wrapper\">\n                                    <div class=\"bdesign2022_ph-wrap is-single\">\n                    <div class=\"bdesign2022_ph-slide slidestyle-is-black orig-is-sort active\">\n                        <div class=\"slide-image\">\n                            <img decoding=\"async\" class=\"img-fluid logo\" src=\"https:\/\/www.bdesign-floors.com\/wp-content\/uploads\/2022\/08\/wissenswertes-boden-b-design.jpg\" srcset=\"https:\/\/www.bdesign-floors.com\/wp-content\/uploads\/2022\/08\/wissenswertes-boden-b-design.jpg 1110w, https:\/\/www.bdesign-floors.com\/wp-content\/uploads\/2022\/08\/wissenswertes-boden-b-design-768x521.jpg 768w, https:\/\/www.bdesign-floors.com\/wp-content\/uploads\/2022\/08\/wissenswertes-boden-b-design-442x300.jpg 442w\">                        <\/div>\n                        <div class=\"slide-area\">\n                            <div class=\"slide-area-wrapper\">\n                                <h1>Interessante fakta om b!design-gulvene<\/h1>\n                                <h6>Lev sundere &#8211; med designvinylgulve fra b!design<\/h6>\n                                                                                            <\/div>\n                            <div class=\"slide-image-mobile d-md-none\">\n                                <img decoding=\"async\" class=\"img-fluid logo\" src=\"https:\/\/www.bdesign-floors.com\/wp-content\/uploads\/2022\/08\/wissenswertes-boden-b-design.jpg\" srcset=\"https:\/\/www.bdesign-floors.com\/wp-content\/uploads\/2022\/08\/wissenswertes-boden-b-design.jpg 1110w, https:\/\/www.bdesign-floors.com\/wp-content\/uploads\/2022\/08\/wissenswertes-boden-b-design-768x521.jpg 768w, https:\/\/www.bdesign-floors.com\/wp-content\/uploads\/2022\/08\/wissenswertes-boden-b-design-442x300.jpg 442w\">                            <\/div>\n                        <\/div>\n                    <\/div>\n                <\/div>\n                        <\/div>\n<\/div>\n<div id=\"bdesign2022_headline_block_62e922710cc19\" class=\"bdesign2022_block bdesign2022_block--bdesign2022_headline\">\n    <div class=\"bdesign2022_block--wrapper\">\n        <div class=\"container my-4\">\n            \n                                    <h5 class=\"h5 text-start mt-5 mb-3\">V\u00e6rd at vide<\/h5>\n                                                    <h2 class=\"h2 text-start mt-2 mb-4\">De b!design gulve skaber grundlaget for en ubekymret livsstil<\/h2>\n                                \n                        <\/div>\n    <\/div>\n<\/div>\n<div id=\"bdesign2022_2columntext_block_62e923a916b97\" class=\"bdesign2022_block bdesign2022_block--bdesign2022_2columntext\">\n    <div class=\"bdesign2022_block--wrapper\">\n        <div class=\"container my-4\">\n            <div class=\"row align-items-start\">\n                <div class=\"col-12 col-xxl-4 offset-0 offset-xxl-2 my-3\">\n                    <p>Man k\u00f8ber ikke et nyt gulv hver dag, det er et livsvarigt k\u00f8b. Derfor forst\u00e5r vi pr\u00e6cis, hvor sv\u00e6rt det er at v\u00e6lge den rigtige. Men hvordan ved du, hvilken der er den rigtige for dig? Vi vil hj\u00e6lpe dig og give dig nyttige oplysninger om, hvad du skal kigge efter, n\u00e5r du k\u00f8ber, hvis du l\u00e6gger stor v\u00e6gt p\u00e5 gulvets kvalitet, udf\u00f8relse og montering. Vi anbefaler, at du v\u00e6lger et gulv fra b!design,<\/p>\n                <\/div>\n                <div class=\"c0l-12 col-xxl-4 xxl-3 my-3\">\n                    <p>som er fremstillet af en h\u00f8j andel af naturmaterialer. Vinylgulvene af h\u00f8j kvalitet indeholder ikke PVC, PCB&#8217;er, dioxiner eller andre kemiske bindemidler, der kan udsendes. For dig betyder det: ingen uds\u00e6ttelse for forurenende stoffer i dagligdagen. Dette er grundlaget for at g\u00f8re vores gulve til det, de er: naturlige gulve, der er allergivenlige og hygiejniske.<\/p>\n                <\/div>\n            <\/div>\n        <\/div>\n    <\/div>\n<\/div>\n<div id=\"bdesign2022_imagetext_block_62f63b3a5464c\" class=\"bdesign2022_block bdesign2022_block--bdesign2022_imagetext\">\n    <div class=\"bdesign2022_block--wrapper\">\n        <div class=\"container\">\n            <div class=\"row align-items-center align-items-xxl-start align-items-xxxl-center\">\n                <div class=\"col-12 col-xl-7 col-xxl-6 col-xxxl-4 col-type-is-imagetext col-count-is-1\"><h3>Ofte stillede sp\u00f8rgsm\u00e5l<\/h3><p>Har du sp\u00f8rgsm\u00e5l om vores produkter? Her finder du svar p\u00e5 ofte stillede sp\u00f8rgsm\u00e5l om b!design designvinylgulve. Find ud af det nu!<\/p>\n<a class=\"btn btn-bdesign2022 btn-pagelink\" href=\"https:\/\/www.bdesign-floors.com\/wissenswertes\/haeufig-gestellte-fragen\/\">Ofte stillede sp\u00f8rgsm\u00e5l<\/a><\/div><div class=\"d-block d-md-block col-md-7 col-xl-4 col-xxl-5 col-xxxl-7 col-type-is-image col-count-is-2\"><img decoding=\"async\" class=\"img-fluid col-img\" src=\"https:\/\/www.bdesign-floors.com\/wp-content\/uploads\/2022\/08\/faq-boden-b-design.jpg\" srcset=\"https:\/\/www.bdesign-floors.com\/wp-content\/uploads\/2022\/08\/faq-boden-b-design.jpg 1110w, https:\/\/www.bdesign-floors.com\/wp-content\/uploads\/2022\/08\/faq-boden-b-design-768x510.jpg 768w, https:\/\/www.bdesign-floors.com\/wp-content\/uploads\/2022\/08\/faq-boden-b-design-452x300.jpg 452w\"><\/div>            <\/div>\n        <\/div>\n    <\/div>\n<\/div>\n<div id=\"bdesign2022_imagetext_block_62f63b855464d\" class=\"bdesign2022_block bdesign2022_block--bdesign2022_imagetext\">\n    <div class=\"bdesign2022_block--wrapper\">\n        <div class=\"container\">\n            <div class=\"row align-items-center align-items-xxl-start align-items-xxxl-center\">\n                <div class=\"d-block d-md-block col-md-7 col-xl-4 col-xxl-5 col-xxxl-7 col-type-is-image col-count-is-1\"><img decoding=\"async\" class=\"img-fluid col-img\" src=\"https:\/\/www.bdesign-floors.com\/wp-content\/uploads\/2022\/08\/sentinel-haus-zertifikat-vorteile-boden-b-design.jpg\" srcset=\"https:\/\/www.bdesign-floors.com\/wp-content\/uploads\/2022\/08\/sentinel-haus-zertifikat-vorteile-boden-b-design.jpg 1110w, https:\/\/www.bdesign-floors.com\/wp-content\/uploads\/2022\/08\/sentinel-haus-zertifikat-vorteile-boden-b-design-768x510.jpg 768w, https:\/\/www.bdesign-floors.com\/wp-content\/uploads\/2022\/08\/sentinel-haus-zertifikat-vorteile-boden-b-design-452x300.jpg 452w\"><\/div><div class=\"col-12 col-xl-7 col-xxl-6 col-xxxl-4 col-type-is-imagetext col-count-is-2\"><h3>Sund livsstil med Sentinel Haus som partner<\/h3><p>Sentinel Haus Institut er f\u00f8rende p\u00e5 markedet og inden for viden om sundhed i bygninger og offentligg\u00f8r kun produkter, der er testet for skadelige stoffer. Derfor er vi stolte over at kunne regne os selv som partner.<\/p>\n<a class=\"btn btn-bdesign2022 btn-pagelink\" href=\"https:\/\/www.bdesign-floors.com\/wissenswertes\/gesundes-wohnen\/\">Sund levevis<\/a><\/div>            <\/div>\n        <\/div>\n    <\/div>\n<\/div>\n","protected":false},"excerpt":{"rendered":"","protected":false},"author":8,"featured_media":0,"parent":0,"menu_order":4,"comment_status":"closed","ping_status":"closed","template":"","meta":{"_acf_changed":false,"footnotes":""},"class_list":["post-13435","page","type-page","status-publish","hentry"],"acf":[],"yoast_head":"<!-- This site is optimized with the Yoast SEO plugin v24.2 - https:\/\/yoast.com\/wordpress\/plugins\/seo\/ -->\n<title>V\u00e6rd at vide | b!design<\/title>\n<meta name=\"description\" content=\"Find ud af alt, hvad du har brug for at vide om b!design gulvbel\u00e6gninger, reng\u00f8ring, pleje, montering og meget mere i vores vejledninger. Find ud af det nu!\" \/>\n<meta name=\"robots\" content=\"index, follow, max-snippet:-1, max-image-preview:large, max-video-preview:-1\" \/>\n<link rel=\"canonical\" href=\"https:\/\/www.bdesign-floors.com\/da\/vaerd-at-vide\/\" \/>\n<meta property=\"og:locale\" content=\"da_DK\" \/>\n<meta property=\"og:type\" content=\"article\" \/>\n<meta property=\"og:title\" content=\"V\u00e6rd at vide | b!design\" \/>\n<meta property=\"og:description\" content=\"Find ud af alt, hvad du har brug for at vide om b!design gulvbel\u00e6gninger, reng\u00f8ring, pleje, montering og meget mere i vores vejledninger. Find ud af det nu!\" \/>\n<meta property=\"og:url\" content=\"https:\/\/www.bdesign-floors.com\/da\/vaerd-at-vide\/\" \/>\n<meta property=\"og:site_name\" content=\"b!design\" \/>\n<meta property=\"article:modified_time\" content=\"2022-09-21T11:08:56+00:00\" \/>\n<meta name=\"twitter:card\" content=\"summary_large_image\" \/>\n<script type=\"application\/ld+json\" class=\"yoast-schema-graph\">{\"@context\":\"https:\/\/schema.org\",\"@graph\":[{\"@type\":\"WebPage\",\"@id\":\"https:\/\/www.bdesign-floors.com\/da\/vaerd-at-vide\/\",\"url\":\"https:\/\/www.bdesign-floors.com\/da\/vaerd-at-vide\/\",\"name\":\"V\u00e6rd at vide | b!design\",\"isPartOf\":{\"@id\":\"https:\/\/bdesign.wp.factory.blim-dev.com\/#website\"},\"datePublished\":\"2022-09-12T14:23:49+00:00\",\"dateModified\":\"2022-09-21T11:08:56+00:00\",\"description\":\"Find ud af alt, hvad du har brug for at vide om b!design gulvbel\u00e6gninger, reng\u00f8ring, pleje, montering og meget mere i vores vejledninger. Find ud af det nu!\",\"breadcrumb\":{\"@id\":\"https:\/\/www.bdesign-floors.com\/da\/vaerd-at-vide\/#breadcrumb\"},\"inLanguage\":\"da-DK\",\"potentialAction\":[{\"@type\":\"ReadAction\",\"target\":[\"https:\/\/www.bdesign-floors.com\/da\/vaerd-at-vide\/\"]}]},{\"@type\":\"BreadcrumbList\",\"@id\":\"https:\/\/www.bdesign-floors.com\/da\/vaerd-at-vide\/#breadcrumb\",\"itemListElement\":[{\"@type\":\"ListItem\",\"position\":1,\"name\":\"Home\",\"item\":\"https:\/\/www.bdesign-floors.com\/da\/\"},{\"@type\":\"ListItem\",\"position\":2,\"name\":\"V\u00e6rd at vide\"}]},{\"@type\":\"WebSite\",\"@id\":\"https:\/\/bdesign.wp.factory.blim-dev.com\/#website\",\"url\":\"https:\/\/bdesign.wp.factory.blim-dev.com\/\",\"name\":\"b!design\",\"description\":\"Just another WordPress site\",\"potentialAction\":[{\"@type\":\"SearchAction\",\"target\":{\"@type\":\"EntryPoint\",\"urlTemplate\":\"https:\/\/bdesign.wp.factory.blim-dev.com\/?s={search_term_string}\"},\"query-input\":{\"@type\":\"PropertyValueSpecification\",\"valueRequired\":true,\"valueName\":\"search_term_string\"}}],\"inLanguage\":\"da-DK\"}]}<\/script>\n<!-- \/ Yoast SEO plugin. -->","yoast_head_json":{"title":"V\u00e6rd at vide | b!design","description":"Find ud af alt, hvad du har brug for at vide om b!design gulvbel\u00e6gninger, reng\u00f8ring, pleje, montering og meget mere i vores vejledninger. Find ud af det nu!","robots":{"index":"index","follow":"follow","max-snippet":"max-snippet:-1","max-image-preview":"max-image-preview:large","max-video-preview":"max-video-preview:-1"},"canonical":"https:\/\/www.bdesign-floors.com\/da\/vaerd-at-vide\/","og_locale":"da_DK","og_type":"article","og_title":"V\u00e6rd at vide | b!design","og_description":"Find ud af alt, hvad du har brug for at vide om b!design gulvbel\u00e6gninger, reng\u00f8ring, pleje, montering og meget mere i vores vejledninger. Find ud af det nu!","og_url":"https:\/\/www.bdesign-floors.com\/da\/vaerd-at-vide\/","og_site_name":"b!design","article_modified_time":"2022-09-21T11:08:56+00:00","twitter_card":"summary_large_image","schema":{"@context":"https:\/\/schema.org","@graph":[{"@type":"WebPage","@id":"https:\/\/www.bdesign-floors.com\/da\/vaerd-at-vide\/","url":"https:\/\/www.bdesign-floors.com\/da\/vaerd-at-vide\/","name":"V\u00e6rd at vide | b!design","isPartOf":{"@id":"https:\/\/bdesign.wp.factory.blim-dev.com\/#website"},"datePublished":"2022-09-12T14:23:49+00:00","dateModified":"2022-09-21T11:08:56+00:00","description":"Find ud af alt, hvad du har brug for at vide om b!design gulvbel\u00e6gninger, reng\u00f8ring, pleje, montering og meget mere i vores vejledninger. Find ud af det nu!","breadcrumb":{"@id":"https:\/\/www.bdesign-floors.com\/da\/vaerd-at-vide\/#breadcrumb"},"inLanguage":"da-DK","potentialAction":[{"@type":"ReadAction","target":["https:\/\/www.bdesign-floors.com\/da\/vaerd-at-vide\/"]}]},{"@type":"BreadcrumbList","@id":"https:\/\/www.bdesign-floors.com\/da\/vaerd-at-vide\/#breadcrumb","itemListElement":[{"@type":"ListItem","position":1,"name":"Home","item":"https:\/\/www.bdesign-floors.com\/da\/"},{"@type":"ListItem","position":2,"name":"V\u00e6rd at vide"}]},{"@type":"WebSite","@id":"https:\/\/bdesign.wp.factory.blim-dev.com\/#website","url":"https:\/\/bdesign.wp.factory.blim-dev.com\/","name":"b!design","description":"Just another WordPress site","potentialAction":[{"@type":"SearchAction","target":{"@type":"EntryPoint","urlTemplate":"https:\/\/bdesign.wp.factory.blim-dev.com\/?s={search_term_string}"},"query-input":{"@type":"PropertyValueSpecification","valueRequired":true,"valueName":"search_term_string"}}],"inLanguage":"da-DK"}]}},"_links":{"self":[{"href":"https:\/\/www.bdesign-floors.com\/da\/wp-json\/wp\/v2\/pages\/13435","targetHints":{"allow":["GET"]}}],"collection":[{"href":"https:\/\/www.bdesign-floors.com\/da\/wp-json\/wp\/v2\/pages"}],"about":[{"href":"https:\/\/www.bdesign-floors.com\/da\/wp-json\/wp\/v2\/types\/page"}],"author":[{"embeddable":true,"href":"https:\/\/www.bdesign-floors.com\/da\/wp-json\/wp\/v2\/users\/8"}],"replies":[{"embeddable":true,"href":"https:\/\/www.bdesign-floors.com\/da\/wp-json\/wp\/v2\/comments?post=13435"}],"version-history":[{"count":2,"href":"https:\/\/www.bdesign-floors.com\/da\/wp-json\/wp\/v2\/pages\/13435\/revisions"}],"predecessor-version":[{"id":16333,"href":"https:\/\/www.bdesign-floors.com\/da\/wp-json\/wp\/v2\/pages\/13435\/revisions\/16333"}],"wp:attachment":[{"href":"https:\/\/www.bdesign-floors.com\/da\/wp-json\/wp\/v2\/media?parent=13435"}],"curies":[{"name":"wp","href":"https:\/\/api.w.org\/{rel}","templated":true}]}}