{"id":13495,"date":"2022-09-12T16:24:07","date_gmt":"2022-09-12T14:24:07","guid":{"rendered":"https:\/\/www.bdesign-floors.com\/vaerd-at-vide\/sund-levevis\/"},"modified":"2022-09-12T16:24:08","modified_gmt":"2022-09-12T14:24:08","slug":"sund-levevis","status":"publish","type":"page","link":"https:\/\/www.bdesign-floors.com\/da\/vaerd-at-vide\/sund-levevis\/","title":{"rendered":"Sund levevis"},"content":{"rendered":"<div id=\"bdesign2022_pageheader_block_62dfd623856fa\" class=\"bdesign2022_block bdesign2022_block--bdesign2022_pageheader\">\n    <div class=\"bdesign2022_block--wrapper\">\n                                    <div class=\"bdesign2022_ph-wrap is-single\">\n                    <div class=\"bdesign2022_ph-slide slidestyle-is-black orig-is-sort active\">\n                        <div class=\"slide-image\">\n                            <img decoding=\"async\" class=\"img-fluid logo\" src=\"https:\/\/www.bdesign-floors.com\/wp-content\/uploads\/2022\/08\/sentinel-haus-zertifikat-gesund-wohnen-b-design.jpg\" srcset=\"https:\/\/www.bdesign-floors.com\/wp-content\/uploads\/2022\/08\/sentinel-haus-zertifikat-gesund-wohnen-b-design.jpg 1110w, https:\/\/www.bdesign-floors.com\/wp-content\/uploads\/2022\/08\/sentinel-haus-zertifikat-gesund-wohnen-b-design-768x521.jpg 768w, https:\/\/www.bdesign-floors.com\/wp-content\/uploads\/2022\/08\/sentinel-haus-zertifikat-gesund-wohnen-b-design-442x300.jpg 442w\">                        <\/div>\n                        <div class=\"slide-area\">\n                            <div class=\"slide-area-wrapper\">\n                                <h1>Sundt liv &#8211; certificeret lavt forurenende stof<\/h1>\n                                <h6>b!design fokuserer p\u00e5 b\u00e6redygtig brug af r\u00e5materialer for at sikre et sundt milj\u00f8 p\u00e5 lang sigt, hvilket bekr\u00e6ftes af Sentinel Haus Institute.<\/h6>\n                                                                                            <\/div>\n                            <div class=\"slide-image-mobile d-md-none\">\n                                <img decoding=\"async\" class=\"img-fluid logo\" src=\"https:\/\/www.bdesign-floors.com\/wp-content\/uploads\/2022\/08\/sentinel-haus-zertifikat-gesund-wohnen-b-design.jpg\" srcset=\"https:\/\/www.bdesign-floors.com\/wp-content\/uploads\/2022\/08\/sentinel-haus-zertifikat-gesund-wohnen-b-design.jpg 1110w, https:\/\/www.bdesign-floors.com\/wp-content\/uploads\/2022\/08\/sentinel-haus-zertifikat-gesund-wohnen-b-design-768x521.jpg 768w, https:\/\/www.bdesign-floors.com\/wp-content\/uploads\/2022\/08\/sentinel-haus-zertifikat-gesund-wohnen-b-design-442x300.jpg 442w\">                            <\/div>\n                        <\/div>\n                    <\/div>\n                <\/div>\n                        <\/div>\n<\/div>\n<div id=\"bdesign2022_headline_block_62ea833e526c0\" class=\"bdesign2022_block bdesign2022_block--bdesign2022_headline\">\n    <div class=\"bdesign2022_block--wrapper\">\n        <div class=\"container my-4\">\n            \n                                    <h5 class=\"h5 text-start mt-5 mb-3\">Anbefalet af Sentinel Haus Institute<\/h5>\n                                                    <h2 class=\"h2 text-start mt-2 mb-4\">The Sentinel House: <br>Revideret. Bed\u00f8mt. Udgivet.<\/h2>\n                                \n                        <\/div>\n    <\/div>\n<\/div>\n<div id=\"bdesign2022_2columntext_block_62ea8358526c1\" class=\"bdesign2022_block bdesign2022_block--bdesign2022_2columntext\">\n    <div class=\"bdesign2022_block--wrapper\">\n        <div class=\"container my-4\">\n            <div class=\"row align-items-start\">\n                <div class=\"col-12 col-xxl-4 offset-0 offset-xxl-2 my-3\">\n                    <p>Lad os indr\u00f8mme det &#8211; vi \u00f8nsker alle at v\u00e6re og leve sundt. Den h\u00f8je v\u00e6rdi af personlig trivsel og af ens egen familie er ubestridt og har v\u00e6ret st\u00f8t stigende i \u00e5revis. Vi t\u00e6nker dog f\u00f8rst og fremmest p\u00e5 omr\u00e5derne ern\u00e6ring, fitness og velv\u00e6re. Hvorfor ikke gulve? Det er netop her, at b!design kommer ind i billedet: F\u00e5 et sundt liv  design <a href=\"https:\/\/www.bdesign-floors.com\/da\/?page_id=13367\">gulve<\/a> i dine fire v\u00e6gge &#8211; og tr\u00e6k vejret! b!design-gulvene er fra vores partner &#8211;<\/p>\n                <\/div>\n                <div class=\"c0l-12 col-xxl-4 xxl-3 my-3\">\n                    <p> <a href=\"https:\/\/www.sentinel-haus.de\/de\/suche?term=b!design+&amp;manufacturer%5B%5D=10819\" target=\"_blank\" rel=\"noopener\">Sentinel Haus Institut<\/a> &#8211; testet, evalueret og godkendt. Instituttet er f\u00f8rende p\u00e5 markedet og inden for viden om sundhed i bygninger. Og samler de videnskabelige resultater om indend\u00f8rs sundhed i et omfattende netv\u00e6rk. Disse markedsf\u00f8res derefter gennem praktisk implementering i bygninger af alle slags. S\u00e5 du kan v\u00e6re sikker: Gulvbel\u00e6gninger, der er testet af Sentinel Haus Institut, har et lavt indhold af forurenende stoffer og er sunde at leve med.<\/p>\n                <\/div>\n            <\/div>\n        <\/div>\n    <\/div>\n<\/div>\n<div id=\"bdesign2022_customcontent_block_63049aa17eb90\" class=\"bdesign2022_block bdesign2022_block--bdesign2022_customcontent\">\n    <div class=\"bdesign2022_block--wrapper\">\n        <div class=\"container\">\n            <div class=\"row\">\n                \n                <div class=\"col-12 col-sm-10\" style=\"margin:0 auto;text-align: center;\">\n                    <div class=\"container-centered\">\n                        <p><img loading=\"lazy\" decoding=\"async\" class=\"size-medium wp-image-3449 aligncenter\" src=\"https:\/\/www.bdesign-floors.com\/wp-content\/uploads\/2022\/09\/sentinel-haus-logo-444x300.png\" alt=\"\" width=\"444\" height=\"300\" srcset=\"https:\/\/www.bdesign-floors.com\/wp-content\/uploads\/2022\/09\/sentinel-haus-logo-444x300.png 444w, https:\/\/www.bdesign-floors.com\/wp-content\/uploads\/2022\/09\/sentinel-haus-logo-768x519.png 768w, https:\/\/www.bdesign-floors.com\/wp-content\/uploads\/2022\/09\/sentinel-haus-logo.png 1000w\" sizes=\"auto, (max-width: 444px) 100vw, 444px\" \/><\/p>\n                    <\/div>\n                <\/div>\n\n                            <\/div>\n        <\/div>\n    <\/div>\n<\/div>\n<div id=\"bdesign2022_switchstyle_block_630db52453892\" class=\"bdesign2022_style bdesign2022_style--bdesign2022_switchstyle\" data-switchstyle=\"black\">\n<div id=\"bdesign2022_customcontent_block_630ce0eb71a71\" class=\"bdesign2022_block bdesign2022_block--bdesign2022_customcontent\">\n    <div class=\"bdesign2022_block--wrapper\">\n        <div class=\"container\">\n            <div class=\"row\">\n                \n                <div class=\"col-12 col-sm-10\" style=\"margin:0 auto;text-align: center;\">\n                    <div class=\"container-centered\">\n                        <a class=\"btn btn-bdesign2022 btn-linkcta\" href=\"https:\/\/www.sentinel-haus.de\/de\/suche?term=b%21design\" target=\"_blank\">Zum Sentinel Haus Institut<\/a>                    <\/div>\n                <\/div>\n\n                            <\/div>\n        <\/div>\n    <\/div>\n<\/div>\n<\/div>\n","protected":false},"excerpt":{"rendered":"","protected":false},"author":8,"featured_media":0,"parent":13435,"menu_order":5,"comment_status":"closed","ping_status":"closed","template":"","meta":{"_acf_changed":false,"footnotes":""},"class_list":["post-13495","page","type-page","status-publish","hentry"],"acf":[],"yoast_head":"<!-- This site is optimized with the Yoast SEO plugin v24.2 - https:\/\/yoast.com\/wordpress\/plugins\/seo\/ -->\n<title>Sund levevis | b!design<\/title>\n<meta name=\"description\" content=\"Sentinel Haus er f\u00f8rende p\u00e5 markedet og inden for viden om indend\u00f8rs sundhed og offentligg\u00f8r kun produkter, der er testet for skadelige stoffer.\" \/>\n<meta name=\"robots\" content=\"index, follow, max-snippet:-1, max-image-preview:large, max-video-preview:-1\" \/>\n<link rel=\"canonical\" href=\"https:\/\/www.bdesign-floors.com\/da\/vaerd-at-vide\/sund-levevis\/\" \/>\n<meta property=\"og:locale\" content=\"da_DK\" \/>\n<meta property=\"og:type\" content=\"article\" \/>\n<meta property=\"og:title\" content=\"Sund levevis | b!design\" \/>\n<meta property=\"og:description\" content=\"Sentinel Haus er f\u00f8rende p\u00e5 markedet og inden for viden om indend\u00f8rs sundhed og offentligg\u00f8r kun produkter, der er testet for skadelige stoffer.\" \/>\n<meta property=\"og:url\" content=\"https:\/\/www.bdesign-floors.com\/da\/vaerd-at-vide\/sund-levevis\/\" \/>\n<meta property=\"og:site_name\" content=\"b!design\" \/>\n<meta property=\"article:modified_time\" content=\"2022-09-12T14:24:08+00:00\" \/>\n<meta name=\"twitter:card\" content=\"summary_large_image\" \/>\n<script type=\"application\/ld+json\" class=\"yoast-schema-graph\">{\"@context\":\"https:\/\/schema.org\",\"@graph\":[{\"@type\":\"WebPage\",\"@id\":\"https:\/\/www.bdesign-floors.com\/da\/vaerd-at-vide\/sund-levevis\/\",\"url\":\"https:\/\/www.bdesign-floors.com\/da\/vaerd-at-vide\/sund-levevis\/\",\"name\":\"Sund levevis | b!design\",\"isPartOf\":{\"@id\":\"https:\/\/bdesign.wp.factory.blim-dev.com\/#website\"},\"datePublished\":\"2022-09-12T14:24:07+00:00\",\"dateModified\":\"2022-09-12T14:24:08+00:00\",\"description\":\"Sentinel Haus er f\u00f8rende p\u00e5 markedet og inden for viden om indend\u00f8rs sundhed og offentligg\u00f8r kun produkter, der er testet for skadelige stoffer.\",\"breadcrumb\":{\"@id\":\"https:\/\/www.bdesign-floors.com\/da\/vaerd-at-vide\/sund-levevis\/#breadcrumb\"},\"inLanguage\":\"da-DK\",\"potentialAction\":[{\"@type\":\"ReadAction\",\"target\":[\"https:\/\/www.bdesign-floors.com\/da\/vaerd-at-vide\/sund-levevis\/\"]}]},{\"@type\":\"BreadcrumbList\",\"@id\":\"https:\/\/www.bdesign-floors.com\/da\/vaerd-at-vide\/sund-levevis\/#breadcrumb\",\"itemListElement\":[{\"@type\":\"ListItem\",\"position\":1,\"name\":\"Home\",\"item\":\"https:\/\/www.bdesign-floors.com\/da\/\"},{\"@type\":\"ListItem\",\"position\":2,\"name\":\"V\u00e6rd at vide\",\"item\":\"https:\/\/bdesign.wp.factory.blim-dev.com\/da\/vaerd-at-vide\/\"},{\"@type\":\"ListItem\",\"position\":3,\"name\":\"Sund levevis\"}]},{\"@type\":\"WebSite\",\"@id\":\"https:\/\/bdesign.wp.factory.blim-dev.com\/#website\",\"url\":\"https:\/\/bdesign.wp.factory.blim-dev.com\/\",\"name\":\"b!design\",\"description\":\"Just another WordPress site\",\"potentialAction\":[{\"@type\":\"SearchAction\",\"target\":{\"@type\":\"EntryPoint\",\"urlTemplate\":\"https:\/\/bdesign.wp.factory.blim-dev.com\/?s={search_term_string}\"},\"query-input\":{\"@type\":\"PropertyValueSpecification\",\"valueRequired\":true,\"valueName\":\"search_term_string\"}}],\"inLanguage\":\"da-DK\"}]}<\/script>\n<!-- \/ Yoast SEO plugin. -->","yoast_head_json":{"title":"Sund levevis | b!design","description":"Sentinel Haus er f\u00f8rende p\u00e5 markedet og inden for viden om indend\u00f8rs sundhed og offentligg\u00f8r kun produkter, der er testet for skadelige stoffer.","robots":{"index":"index","follow":"follow","max-snippet":"max-snippet:-1","max-image-preview":"max-image-preview:large","max-video-preview":"max-video-preview:-1"},"canonical":"https:\/\/www.bdesign-floors.com\/da\/vaerd-at-vide\/sund-levevis\/","og_locale":"da_DK","og_type":"article","og_title":"Sund levevis | b!design","og_description":"Sentinel Haus er f\u00f8rende p\u00e5 markedet og inden for viden om indend\u00f8rs sundhed og offentligg\u00f8r kun produkter, der er testet for skadelige stoffer.","og_url":"https:\/\/www.bdesign-floors.com\/da\/vaerd-at-vide\/sund-levevis\/","og_site_name":"b!design","article_modified_time":"2022-09-12T14:24:08+00:00","twitter_card":"summary_large_image","schema":{"@context":"https:\/\/schema.org","@graph":[{"@type":"WebPage","@id":"https:\/\/www.bdesign-floors.com\/da\/vaerd-at-vide\/sund-levevis\/","url":"https:\/\/www.bdesign-floors.com\/da\/vaerd-at-vide\/sund-levevis\/","name":"Sund levevis | b!design","isPartOf":{"@id":"https:\/\/bdesign.wp.factory.blim-dev.com\/#website"},"datePublished":"2022-09-12T14:24:07+00:00","dateModified":"2022-09-12T14:24:08+00:00","description":"Sentinel Haus er f\u00f8rende p\u00e5 markedet og inden for viden om indend\u00f8rs sundhed og offentligg\u00f8r kun produkter, der er testet for skadelige stoffer.","breadcrumb":{"@id":"https:\/\/www.bdesign-floors.com\/da\/vaerd-at-vide\/sund-levevis\/#breadcrumb"},"inLanguage":"da-DK","potentialAction":[{"@type":"ReadAction","target":["https:\/\/www.bdesign-floors.com\/da\/vaerd-at-vide\/sund-levevis\/"]}]},{"@type":"BreadcrumbList","@id":"https:\/\/www.bdesign-floors.com\/da\/vaerd-at-vide\/sund-levevis\/#breadcrumb","itemListElement":[{"@type":"ListItem","position":1,"name":"Home","item":"https:\/\/www.bdesign-floors.com\/da\/"},{"@type":"ListItem","position":2,"name":"V\u00e6rd at vide","item":"https:\/\/bdesign.wp.factory.blim-dev.com\/da\/vaerd-at-vide\/"},{"@type":"ListItem","position":3,"name":"Sund levevis"}]},{"@type":"WebSite","@id":"https:\/\/bdesign.wp.factory.blim-dev.com\/#website","url":"https:\/\/bdesign.wp.factory.blim-dev.com\/","name":"b!design","description":"Just another WordPress site","potentialAction":[{"@type":"SearchAction","target":{"@type":"EntryPoint","urlTemplate":"https:\/\/bdesign.wp.factory.blim-dev.com\/?s={search_term_string}"},"query-input":{"@type":"PropertyValueSpecification","valueRequired":true,"valueName":"search_term_string"}}],"inLanguage":"da-DK"}]}},"_links":{"self":[{"href":"https:\/\/www.bdesign-floors.com\/da\/wp-json\/wp\/v2\/pages\/13495","targetHints":{"allow":["GET"]}}],"collection":[{"href":"https:\/\/www.bdesign-floors.com\/da\/wp-json\/wp\/v2\/pages"}],"about":[{"href":"https:\/\/www.bdesign-floors.com\/da\/wp-json\/wp\/v2\/types\/page"}],"author":[{"embeddable":true,"href":"https:\/\/www.bdesign-floors.com\/da\/wp-json\/wp\/v2\/users\/8"}],"replies":[{"embeddable":true,"href":"https:\/\/www.bdesign-floors.com\/da\/wp-json\/wp\/v2\/comments?post=13495"}],"version-history":[{"count":1,"href":"https:\/\/www.bdesign-floors.com\/da\/wp-json\/wp\/v2\/pages\/13495\/revisions"}],"predecessor-version":[{"id":13497,"href":"https:\/\/www.bdesign-floors.com\/da\/wp-json\/wp\/v2\/pages\/13495\/revisions\/13497"}],"up":[{"embeddable":true,"href":"https:\/\/www.bdesign-floors.com\/da\/wp-json\/wp\/v2\/pages\/13435"}],"wp:attachment":[{"href":"https:\/\/www.bdesign-floors.com\/da\/wp-json\/wp\/v2\/media?parent=13495"}],"curies":[{"name":"wp","href":"https:\/\/api.w.org\/{rel}","templated":true}]}}