{"id":13519,"date":"2022-09-12T16:29:09","date_gmt":"2022-09-12T14:29:09","guid":{"rendered":"https:\/\/www.bdesign-floors.com\/hvor-kan-man-koebe\/"},"modified":"2022-09-21T13:11:33","modified_gmt":"2022-09-21T11:11:33","slug":"hvor-kan-man-koebe","status":"publish","type":"page","link":"https:\/\/www.bdesign-floors.com\/da\/hvor-kan-man-koebe\/","title":{"rendered":"Hvor kan man k\u00f8be"},"content":{"rendered":"<div id=\"bdesign2022_pageheader_block_62eb97d8ed6a9\" class=\"bdesign2022_block bdesign2022_block--bdesign2022_pageheader\">\n    <div class=\"bdesign2022_block--wrapper\">\n                                    <div class=\"bdesign2022_ph-wrap is-single\">\n                    <div class=\"bdesign2022_ph-slide slidestyle-is-black orig-is-sort active\">\n                        <div class=\"slide-image\">\n                            <img decoding=\"async\" class=\"img-fluid logo\" src=\"https:\/\/www.bdesign-floors.com\/wp-content\/uploads\/2022\/08\/wo-kaufen-designboden-b-design.jpg\" srcset=\"https:\/\/www.bdesign-floors.com\/wp-content\/uploads\/2022\/08\/wo-kaufen-designboden-b-design.jpg 1110w, https:\/\/www.bdesign-floors.com\/wp-content\/uploads\/2022\/08\/wo-kaufen-designboden-b-design-768x521.jpg 768w, https:\/\/www.bdesign-floors.com\/wp-content\/uploads\/2022\/08\/wo-kaufen-designboden-b-design-442x300.jpg 442w\">                        <\/div>\n                        <div class=\"slide-area\">\n                            <div class=\"slide-area-wrapper\">\n                                <h1>k\u00f8be b!design<br>wo<\/h1>\n                                <h6>S\u00f8g efter et BAUHAUS specialcenter i n\u00e6rheden af dig eller bestil det \u00f8nskede gulv direkte fra BAUHAUS online shop.<\/h6>\n                                                                                            <\/div>\n                            <div class=\"slide-image-mobile d-md-none\">\n                                <img decoding=\"async\" class=\"img-fluid logo\" src=\"https:\/\/www.bdesign-floors.com\/wp-content\/uploads\/2022\/08\/wo-kaufen-designboden-b-design.jpg\" srcset=\"https:\/\/www.bdesign-floors.com\/wp-content\/uploads\/2022\/08\/wo-kaufen-designboden-b-design.jpg 1110w, https:\/\/www.bdesign-floors.com\/wp-content\/uploads\/2022\/08\/wo-kaufen-designboden-b-design-768x521.jpg 768w, https:\/\/www.bdesign-floors.com\/wp-content\/uploads\/2022\/08\/wo-kaufen-designboden-b-design-442x300.jpg 442w\">                            <\/div>\n                        <\/div>\n                    <\/div>\n                <\/div>\n                        <\/div>\n<\/div>\n<div id=\"bdesign2022_headline_block_62eb9882ed6aa\" class=\"bdesign2022_block bdesign2022_block--bdesign2022_headline\">\n    <div class=\"bdesign2022_block--wrapper\">\n        <div class=\"container my-4\">\n            \n                                    <h5 class=\"h5 text-start mt-5 mb-3\">Hvor kan man k\u00f8be<\/h5>\n                                                    <h2 class=\"h1 text-start mt-2 mb-4\">b!design design vinylgulve<br>kan udelukkende k\u00f8bes hos BAUHAUS.<\/h2>\n                                \n                        <\/div>\n    <\/div>\n<\/div>\n<div id=\"bdesign2022_2columntext_block_62eb98a2ed6ab\" class=\"bdesign2022_block bdesign2022_block--bdesign2022_2columntext\">\n    <div class=\"bdesign2022_block--wrapper\">\n        <div class=\"container my-4\">\n            <div class=\"row align-items-start\">\n                <div class=\"col-12 col-xxl-4 offset-0 offset-xxl-2 my-3\">\n                    <p>Du er blevet forelsket i et af vores designgulve og vil nu gerne vide, hvordan du bedst f\u00e5r dette gulv ind i dit hjem? Du er kommet til det rette sted! M\u00e6rket b!design er udelukkende tilg\u00e6ngeligt hos BAUHAUS. For dig betyder det: Find et BAUHAUS-specialcenter i n\u00e6rheden af dig, og sikr dig dit dr\u00f8mmegulv.<\/p>\n                <\/div>\n                <div class=\"c0l-12 col-xxl-4 xxl-3 my-3\">\n                    <p>Eller: Ring til BAUHAUS online shop, find dit dr\u00f8mmegulv og f\u00e5 det bekvemt leveret hjem til dig. Uanset om du foretr\u00e6kker at k\u00f8be lokalt eller om du er mere til onlinehandel &#8211; dit nye b!design designvinylgulv venter allerede p\u00e5 dig!<\/p>\n                <\/div>\n            <\/div>\n        <\/div>\n    <\/div>\n<\/div>\n<div id=\"bdesign2022_imagetext_block_62eb98bded6ac\" class=\"bdesign2022_block bdesign2022_block--bdesign2022_imagetext\">\n    <div class=\"bdesign2022_block--wrapper\">\n        <div class=\"container\">\n            <div class=\"row align-items-center align-items-xxl-start align-items-xxxl-center\">\n                <div class=\"d-block d-md-block col-md-7 col-xl-4 col-xxl-5 col-xxxl-7 col-type-is-image col-count-is-1\"><img decoding=\"async\" class=\"img-fluid col-img\" src=\"https:\/\/www.bdesign-floors.com\/wp-content\/uploads\/2022\/08\/wo-kaufen-fachzentrum-b-design.jpg\" srcset=\"https:\/\/www.bdesign-floors.com\/wp-content\/uploads\/2022\/08\/wo-kaufen-fachzentrum-b-design.jpg 1110w, https:\/\/www.bdesign-floors.com\/wp-content\/uploads\/2022\/08\/wo-kaufen-fachzentrum-b-design-768x510.jpg 768w, https:\/\/www.bdesign-floors.com\/wp-content\/uploads\/2022\/08\/wo-kaufen-fachzentrum-b-design-452x300.jpg 452w\"><\/div><div class=\"col-12 col-xl-7 col-xxl-6 col-xxxl-4 col-type-is-imagetext col-count-is-2\"><h3>Direkte i BAUHAUS-specialcentret<\/h3><p>Med over 150 BAUHAUS-specialcentre i hele Tyskland finder du helt sikkert et i n\u00e6rheden af dig. Oplev dit nye gulv direkte p\u00e5 stedet, nyd fordelen ved allerede at vide, hvordan det f\u00f8les, og f\u00e5 personlig r\u00e5dgivning.<\/p>\n<a class=\"btn btn-bdesign2022 btn-pagelink\" href=\"https:\/\/www.bauhaus.info\/fachcentren\/fachcentrensuche\" target=\"_blank\">S\u00f8gning efter et specialiseret center<\/a><\/div>            <\/div>\n        <\/div>\n    <\/div>\n<\/div>\n<div id=\"bdesign2022_imagetext_block_62eb98eaed6af\" class=\"bdesign2022_block bdesign2022_block--bdesign2022_imagetext\">\n    <div class=\"bdesign2022_block--wrapper\">\n        <div class=\"container\">\n            <div class=\"row align-items-center align-items-xxl-start align-items-xxxl-center\">\n                <div class=\"col-12 col-xl-7 col-xxl-6 col-xxxl-4 col-type-is-imagetext col-count-is-1\"><h3>b!design i BAUHAUS online shop<\/h3><p>Foretr\u00e6kker du at handle online? Det er heller ikke noget problem! Vores gulve er tilg\u00e6ngelige i Bauhaus online shop. Du skal blot v\u00e6lge din favorit og bestille det hele bekvemt hjemmefra. Tip: Med vores rumplanl\u00e6gger kan du p\u00e5 forh\u00e5nd se, hvordan dit nye gulv vil se ud i dit hjem.<\/p>\n<a class=\"btn btn-bdesign2022 btn-pagelink\" href=\"https:\/\/www.bauhaus.info\/vinylboden\/c\/10000479?q=%3Arelevance%3Abrands%3Ab!design\" target=\"_blank\">Til online-butikken<\/a><\/div><div class=\"d-block d-md-block col-md-7 col-xl-4 col-xxl-5 col-xxxl-7 col-type-is-image col-count-is-2\"><img decoding=\"async\" class=\"img-fluid col-img\" src=\"https:\/\/www.bdesign-floors.com\/wp-content\/uploads\/2022\/08\/wo-kaufen-online-shop-b-design.jpg\" srcset=\"https:\/\/www.bdesign-floors.com\/wp-content\/uploads\/2022\/08\/wo-kaufen-online-shop-b-design.jpg 1110w, https:\/\/www.bdesign-floors.com\/wp-content\/uploads\/2022\/08\/wo-kaufen-online-shop-b-design-768x510.jpg 768w, https:\/\/www.bdesign-floors.com\/wp-content\/uploads\/2022\/08\/wo-kaufen-online-shop-b-design-452x300.jpg 452w\"><\/div>            <\/div>\n        <\/div>\n    <\/div>\n<\/div>\n<div id=\"bdesign2022_spacer_block_62eb9a2fb9748\" class=\"bdesign2022_block bdesign2022_block--bdesign2022_spacer\">\n    <div class=\"bdesign2022_block--wrapper\">\n        <div class=\"spacer\" style=\"height: 50px\"><\/div>\n    <\/div>\n<\/div>\n","protected":false},"excerpt":{"rendered":"","protected":false},"author":8,"featured_media":0,"parent":0,"menu_order":5,"comment_status":"closed","ping_status":"closed","template":"","meta":{"_acf_changed":false,"footnotes":""},"class_list":["post-13519","page","type-page","status-publish","hentry"],"acf":[],"yoast_head":"<!-- This site is optimized with the Yoast SEO plugin v24.2 - https:\/\/yoast.com\/wordpress\/plugins\/seo\/ -->\n<title>Hvor kan man k\u00f8be | b!design<\/title>\n<meta name=\"description\" content=\"Vil du gerne vide, hvor du kan k\u00f8be b!design designvinylgulve? Her finder du alle oplysninger - b\u00e5de om station\u00e6re varer og online k\u00f8b.\" \/>\n<meta name=\"robots\" content=\"index, follow, max-snippet:-1, max-image-preview:large, max-video-preview:-1\" \/>\n<link rel=\"canonical\" href=\"https:\/\/www.bdesign-floors.com\/da\/hvor-kan-man-koebe\/\" \/>\n<meta property=\"og:locale\" content=\"da_DK\" \/>\n<meta property=\"og:type\" content=\"article\" \/>\n<meta property=\"og:title\" content=\"Hvor kan man k\u00f8be | b!design\" \/>\n<meta property=\"og:description\" content=\"Vil du gerne vide, hvor du kan k\u00f8be b!design designvinylgulve? Her finder du alle oplysninger - b\u00e5de om station\u00e6re varer og online k\u00f8b.\" \/>\n<meta property=\"og:url\" content=\"https:\/\/www.bdesign-floors.com\/da\/hvor-kan-man-koebe\/\" \/>\n<meta property=\"og:site_name\" content=\"b!design\" \/>\n<meta property=\"article:modified_time\" content=\"2022-09-21T11:11:33+00:00\" \/>\n<meta name=\"twitter:card\" content=\"summary_large_image\" \/>\n<script type=\"application\/ld+json\" class=\"yoast-schema-graph\">{\"@context\":\"https:\/\/schema.org\",\"@graph\":[{\"@type\":\"WebPage\",\"@id\":\"https:\/\/www.bdesign-floors.com\/da\/hvor-kan-man-koebe\/\",\"url\":\"https:\/\/www.bdesign-floors.com\/da\/hvor-kan-man-koebe\/\",\"name\":\"Hvor kan man k\u00f8be | b!design\",\"isPartOf\":{\"@id\":\"https:\/\/bdesign.wp.factory.blim-dev.com\/#website\"},\"datePublished\":\"2022-09-12T14:29:09+00:00\",\"dateModified\":\"2022-09-21T11:11:33+00:00\",\"description\":\"Vil du gerne vide, hvor du kan k\u00f8be b!design designvinylgulve? Her finder du alle oplysninger - b\u00e5de om station\u00e6re varer og online k\u00f8b.\",\"breadcrumb\":{\"@id\":\"https:\/\/www.bdesign-floors.com\/da\/hvor-kan-man-koebe\/#breadcrumb\"},\"inLanguage\":\"da-DK\",\"potentialAction\":[{\"@type\":\"ReadAction\",\"target\":[\"https:\/\/www.bdesign-floors.com\/da\/hvor-kan-man-koebe\/\"]}]},{\"@type\":\"BreadcrumbList\",\"@id\":\"https:\/\/www.bdesign-floors.com\/da\/hvor-kan-man-koebe\/#breadcrumb\",\"itemListElement\":[{\"@type\":\"ListItem\",\"position\":1,\"name\":\"Home\",\"item\":\"https:\/\/www.bdesign-floors.com\/da\/\"},{\"@type\":\"ListItem\",\"position\":2,\"name\":\"Hvor kan man k\u00f8be\"}]},{\"@type\":\"WebSite\",\"@id\":\"https:\/\/bdesign.wp.factory.blim-dev.com\/#website\",\"url\":\"https:\/\/bdesign.wp.factory.blim-dev.com\/\",\"name\":\"b!design\",\"description\":\"Just another WordPress site\",\"potentialAction\":[{\"@type\":\"SearchAction\",\"target\":{\"@type\":\"EntryPoint\",\"urlTemplate\":\"https:\/\/bdesign.wp.factory.blim-dev.com\/?s={search_term_string}\"},\"query-input\":{\"@type\":\"PropertyValueSpecification\",\"valueRequired\":true,\"valueName\":\"search_term_string\"}}],\"inLanguage\":\"da-DK\"}]}<\/script>\n<!-- \/ Yoast SEO plugin. -->","yoast_head_json":{"title":"Hvor kan man k\u00f8be | b!design","description":"Vil du gerne vide, hvor du kan k\u00f8be b!design designvinylgulve? Her finder du alle oplysninger - b\u00e5de om station\u00e6re varer og online k\u00f8b.","robots":{"index":"index","follow":"follow","max-snippet":"max-snippet:-1","max-image-preview":"max-image-preview:large","max-video-preview":"max-video-preview:-1"},"canonical":"https:\/\/www.bdesign-floors.com\/da\/hvor-kan-man-koebe\/","og_locale":"da_DK","og_type":"article","og_title":"Hvor kan man k\u00f8be | b!design","og_description":"Vil du gerne vide, hvor du kan k\u00f8be b!design designvinylgulve? Her finder du alle oplysninger - b\u00e5de om station\u00e6re varer og online k\u00f8b.","og_url":"https:\/\/www.bdesign-floors.com\/da\/hvor-kan-man-koebe\/","og_site_name":"b!design","article_modified_time":"2022-09-21T11:11:33+00:00","twitter_card":"summary_large_image","schema":{"@context":"https:\/\/schema.org","@graph":[{"@type":"WebPage","@id":"https:\/\/www.bdesign-floors.com\/da\/hvor-kan-man-koebe\/","url":"https:\/\/www.bdesign-floors.com\/da\/hvor-kan-man-koebe\/","name":"Hvor kan man k\u00f8be | b!design","isPartOf":{"@id":"https:\/\/bdesign.wp.factory.blim-dev.com\/#website"},"datePublished":"2022-09-12T14:29:09+00:00","dateModified":"2022-09-21T11:11:33+00:00","description":"Vil du gerne vide, hvor du kan k\u00f8be b!design designvinylgulve? Her finder du alle oplysninger - b\u00e5de om station\u00e6re varer og online k\u00f8b.","breadcrumb":{"@id":"https:\/\/www.bdesign-floors.com\/da\/hvor-kan-man-koebe\/#breadcrumb"},"inLanguage":"da-DK","potentialAction":[{"@type":"ReadAction","target":["https:\/\/www.bdesign-floors.com\/da\/hvor-kan-man-koebe\/"]}]},{"@type":"BreadcrumbList","@id":"https:\/\/www.bdesign-floors.com\/da\/hvor-kan-man-koebe\/#breadcrumb","itemListElement":[{"@type":"ListItem","position":1,"name":"Home","item":"https:\/\/www.bdesign-floors.com\/da\/"},{"@type":"ListItem","position":2,"name":"Hvor kan man k\u00f8be"}]},{"@type":"WebSite","@id":"https:\/\/bdesign.wp.factory.blim-dev.com\/#website","url":"https:\/\/bdesign.wp.factory.blim-dev.com\/","name":"b!design","description":"Just another WordPress site","potentialAction":[{"@type":"SearchAction","target":{"@type":"EntryPoint","urlTemplate":"https:\/\/bdesign.wp.factory.blim-dev.com\/?s={search_term_string}"},"query-input":{"@type":"PropertyValueSpecification","valueRequired":true,"valueName":"search_term_string"}}],"inLanguage":"da-DK"}]}},"_links":{"self":[{"href":"https:\/\/www.bdesign-floors.com\/da\/wp-json\/wp\/v2\/pages\/13519","targetHints":{"allow":["GET"]}}],"collection":[{"href":"https:\/\/www.bdesign-floors.com\/da\/wp-json\/wp\/v2\/pages"}],"about":[{"href":"https:\/\/www.bdesign-floors.com\/da\/wp-json\/wp\/v2\/types\/page"}],"author":[{"embeddable":true,"href":"https:\/\/www.bdesign-floors.com\/da\/wp-json\/wp\/v2\/users\/8"}],"replies":[{"embeddable":true,"href":"https:\/\/www.bdesign-floors.com\/da\/wp-json\/wp\/v2\/comments?post=13519"}],"version-history":[{"count":3,"href":"https:\/\/www.bdesign-floors.com\/da\/wp-json\/wp\/v2\/pages\/13519\/revisions"}],"predecessor-version":[{"id":16403,"href":"https:\/\/www.bdesign-floors.com\/da\/wp-json\/wp\/v2\/pages\/13519\/revisions\/16403"}],"wp:attachment":[{"href":"https:\/\/www.bdesign-floors.com\/da\/wp-json\/wp\/v2\/media?parent=13519"}],"curies":[{"name":"wp","href":"https:\/\/api.w.org\/{rel}","templated":true}]}}