{"id":13583,"date":"2022-09-12T16:31:57","date_gmt":"2022-09-12T14:31:57","guid":{"rendered":"https:\/\/www.bdesign-floors.com\/om-os\/databeskyttelse\/"},"modified":"2022-10-17T10:49:30","modified_gmt":"2022-10-17T08:49:30","slug":"databeskyttelse","status":"publish","type":"page","link":"https:\/\/www.bdesign-floors.com\/da\/om-os\/databeskyttelse\/","title":{"rendered":"Databeskyttelse"},"content":{"rendered":"<div id=\"bdesign2022_spacer_block_63061d222b814\" class=\"bdesign2022_block bdesign2022_block--bdesign2022_spacer\">\n    <div class=\"bdesign2022_block--wrapper\">\n        <div class=\"spacer\" style=\"height: 100px\"><\/div>\n    <\/div>\n<\/div>\n<div id=\"bdesign2022_customcontent_block_63061cc72b813\" class=\"bdesign2022_block bdesign2022_block--bdesign2022_customcontent\">\n    <div class=\"bdesign2022_block--wrapper\">\n        <div class=\"container\">\n            <div class=\"row\">\n                \n                    <div class=\"col-0 col-sm-2\"><\/div>\n                    <div class=\"col-12 col-sm-10 my-4\">\n                        <h1>Politik om beskyttelse af personlige oplysninger<\/h1>\n<p>Dit privatliv er vigtigt for os. Vi \u00f8nsker, at du skal f\u00f8le dig tryg hos os. Derfor sikrer vi og vores databeskyttelsesr\u00e5dgiver, at databeskyttelsesreglerne overholdes, is\u00e6r den europ\u00e6iske databeskyttelsesforordning (DSGVO) og den tyske forbundslov om databeskyttelse (BDSG). Nedenfor vil vi gerne informere dig om de form\u00e5l, som dine data behandles til, og hvordan du kan ud\u00f8ve dine rettigheder. Du kan til enhver tid f\u00e5 adgang til databeskyttelseserkl\u00e6ringen via fanen &#8220;Databeskyttelse&#8221; i bunden af hver side.<\/p>\n<h4>Navn og kontaktoplysninger p\u00e5 den ansvarlige person<\/h4>\n<p>B! Design er et tilbud fra BAUHAUS. Kundeservice udf\u00f8res af BAUHAUS-selskaberne<a href=\"https:\/\/www.bauhaus.info\/gesellschaften\" target=\"_blank\" rel=\"noopener noreferrer\">(https:\/\/www.bauhaus.info\/gesellschaften)<\/a> p\u00e5 grundlag af en aftale om f\u00e6lles ansvarlige personer i henhold til art. 26, stk. 1 P. 1 GDPR. Det centrale kontaktpunkt for databeskyttelsesrelaterede foresp\u00f8rgsler fra kunder eller registrerede personer er<\/p>\n<p><strong>BAUHAUS AG<\/strong><br \/>\nMannheim-filial<br \/>\nGutenbergstra\u00dfe 21<br \/>\n68167 Mannheim<br \/>\nTyskland<br \/>\nTelefon: 0800 3905 000<br \/>\nE-mail: <a href=\"mailto:datenschutz@bauhaus.info\">datenschutz@bauhaus.info.<\/a><\/p>\n<p>BAUHAUS AG p\u00e5tager sig at opfylde den registreredes rettigheder i henhold til GDPR (se nedenfor rettigheder for registrerede).<br \/>\nBAUHAUS-selskaberne videresender alle henvendelser fra kunder og tredjeparter vedr\u00f8rende databeskyttelse til BAUHAUS AG. Direkte henvendelser til den databeskyttelsesansvarlige er ikke ber\u00f8rt heraf. Det v\u00e6sentlige indhold af aftalen mellem de f\u00e6lles ansvarlige personer som omhandlet i artikel 26, stk. 1 S. 1 DSGVO kan findes p\u00e5: <a href=\"https:\/\/www.bauhaus.info\/gemeinsam_verantwortliche\" target=\"_blank\" rel=\"noopener noreferrer\">www.bauhaus.info\/gemeinsam_verantwortliche.<\/a><\/p>\n<h4>Kontaktoplysninger for den databeskyttelsesansvarlige<\/h4>\n<p>Hvis du som registreret har sp\u00f8rgsm\u00e5l om h\u00e5ndteringen af dine data i henhold til databeskyttelseslovgivningen, kan du stille dine sp\u00f8rgsm\u00e5l eller fremf\u00f8re dine bekymringer p\u00e5 to m\u00e5der:<\/p>\n<ul>\n<li>For generelle foresp\u00f8rgsler om databeskyttelse og h\u00e5ndh\u00e6velse af de registreredes rettigheder, f.eks. en anmodning om oplysninger, bedes du kontakte BAUHAUS&#8217; databeskyttelse p\u00e5: datenschutz@bauhaus.info; og<\/li>\n<li>Hvis du har specifikke sp\u00f8rgsm\u00e5l, er du ogs\u00e5 velkommen til at kontakte den udpegede databeskyttelsesansvarlige direkte p\u00e5 f\u00f8lgende adresse: <a href=\"mailto:datenschutzbeauftragter@bauhaus.info.\">datenschutzbeauftragter@bauhaus.info<\/a>.<\/li>\n<\/ul>\n<h4>Form\u00e5l og retsgrundlag for databehandlingen<\/h4>\n<h6>Serverlogfiler<\/h6>\n<p>N\u00e5r du bes\u00f8ger www.bdesign-vinyl.de, registrerer webserveren automatisk dette i s\u00e5kaldte serverlogfiler. Disse data omfatter den anvendte browser, operativsystemet og adgangstiden. Disse oplysninger anvendes kun til statistisk evaluering og af sikkerhedshensyn (f.eks. til at klarl\u00e6gge misbrug eller svindel) og til at drive webstedet. Retsgrundlaget for databehandlingen er art. 6, stk. 1 S. 1 lit. f) GDPR. Vores legitime interesse ligger i driften og pr\u00e6sentationen samt i at forbedre stabiliteten og funktionaliteten af vores websted.<\/p>\n<p>Det er hverken lovm\u00e6ssigt eller kontraktm\u00e6ssigt p\u00e5kr\u00e6vet, at du giver os de ovenn\u00e6vnte personoplysninger. Uden behandling af serverlogfiler kan vi dog ikke garantere, at vores websted kan fungere og fungere uden at behandle det. Desuden er det muligt, at enkelte tjenester ikke er tilg\u00e6ngelige eller er begr\u00e6nset.<\/p>\n<h6>Brug af cookies<\/h6>\n<p>Cookies gemmes p\u00e5 din computer, n\u00e5r du bruger vores websted. Cookies er sm\u00e5 tekstfiler, der gemmes p\u00e5 din harddisk, tilknyttet den browser, du bruger, og gennem hvilke visse oplysninger sendes til den instans, der s\u00e6tter cookien.<\/p>\n<p>Cookies kan ikke k\u00f8re programmer eller overf\u00f8re virus til din computer. De tjener til at g\u00f8re internettilbuddet som helhed mere brugervenligt og effektivt. Cookies bruges p\u00e5 dette websted for eksempel til at evaluere de bes\u00f8gendes adf\u00e6rd p\u00e5 webstedet. Du kan konfigurere dine browserindstillinger efter dine pr\u00e6ferencer og f.eks. n\u00e6gte at acceptere cookies fra tredjeparter eller alle cookies. Bem\u00e6rk venligst, at du s\u00e5 muligvis ikke kan bruge alle funktionerne p\u00e5 dette websted.<\/p>\n<h6>Google Analytics<\/h6>\n<p>Vi bruger Google Analytics, en webanalysetjeneste, der leveres af Google Ireland Limited, Gordon House, Barrow Street, Dublin 4, Irland (&#8220;Google&#8221;). Google bruger cookies. De oplysninger, der genereres af cookien om brugerens brug af onlinetilbuddet, overf\u00f8res normalt til en Google-server i USA og gemmes der.<\/p>\n<p>Google er certificeret under Privacy Shield og giver dermed en garanti for overholdelse af den europ\u00e6iske databeskyttelseslovgivning<a href=\"https:\/\/www.privacyshield.gov\/participant?id=a2zt000000001L5AAI&amp;status=Active\" target=\"_blank\" rel=\"noopener noreferrer\">(https:\/\/www.privacyshield.gov\/participant?id=a2zt000000001L5AAI&amp;status=Active)<\/a>.<\/p>\n<p>Google vil bruge disse oplysninger p\u00e5 vores vegne med henblik p\u00e5 at evaluere din brug af vores websted, udarbejde rapporter om webstedets aktivitet for webstedets operat\u00f8rer og levere andre tjenester vedr\u00f8rende webstedets aktivitet og internetbrug. Der kan oprettes pseudonyme brugerprofiler ud fra de behandlede data. Databehandlingen er baseret p\u00e5 dit samtykke i henhold til art. 6, stk. 1 S. 1 lit. a) GDPR. Du kan til enhver tid tilbagekalde dit samtykke til dette med virkning for fremtiden. I det f\u00f8lgende beskrives de muligheder for tilbagekaldelse, som du har til r\u00e5dighed til dette form\u00e5l.<\/p>\n<p>Vi bruger kun Google Analytics med aktiveret IP-anonymisering. Det betyder, at brugerens IP-adresse forkortes af Google inden for EU&#8217;s medlemsstater eller i andre kontraherende stater i aftalen om Det Europ\u00e6iske \u00d8konomiske Samarbejdsomr\u00e5de. Kun i undtagelsestilf\u00e6lde vil den fulde IP-adresse blive overf\u00f8rt til en Google-server i USA og forkortet der.<\/p>\n<p>Den IP-adresse, der overf\u00f8res af brugerens browser, bliver ikke sl\u00e5et sammen med andre data fra Google. Brugerne kan forhindre lagring af cookies ved at indstille deres browsersoftware i overensstemmelse hermed; brugerne kan ogs\u00e5 forhindre indsamling af data genereret af cookien og relateret til deres brug af onlinetilbuddet til Google samt Googles behandling af disse data ved at downloade og installere det browser-plugin, der er tilg\u00e6ngeligt p\u00e5 f\u00f8lgende link:  <a href=\"http:\/\/tools.google.com\/dlpage\/gaoptout?hl=de\" target=\"_blank\" rel=\"noopener noreferrer\">http:\/\/tools.google.com\/dlpage\/gaoptout?hl=de.<\/a><\/p>\n<p>For yderligere oplysninger om Googles brug af data, indstillinger og muligheder for fravalg henvises til Googles privatlivspolitik<a href=\"https:\/\/policies.google.com\/technologies\/ads\" target=\"_blank\" rel=\"noopener noreferrer\">(https:\/\/policies.google.com\/technologies\/ads)<\/a> og indstillingerne for visning af reklamer fra Google<a href=\"https:\/\/adssettings.google.com\/authenticated\" target=\"_blank\" rel=\"noopener noreferrer\">(https:\/\/adssettings.google.com\/authenticated)<\/a>.<\/p>\n<p>Som et alternativ til browsertilf\u00f8jelsen eller i browsere p\u00e5 mobile enheder kan du klikke p\u00e5 dette link for at forhindre indsamling af Google Analytics p\u00e5 dette websted i fremtiden:<\/p>\n<h6>Fravalg af analyse<\/h6>\n<p>Dette placerer en opt-out-cookie p\u00e5 din enhed. Hvis du sletter dine cookies, skal du klikke p\u00e5 dette link igen.<br \/>\nDet er hverken lovm\u00e6ssigt eller kontraktm\u00e6ssigt p\u00e5kr\u00e6vet, at de ovenn\u00e6vnte personoplysninger stilles til r\u00e5dighed. Uden disse data er det imidlertid ikke muligt at analysere, optimere og \u00f8konomisk drive vores onlinetilbud.<\/p>\n<h6>Samtykke til cookies med Borlabs Cookie<\/h6>\n<p>Vores websted bruger Borlabs Cookie&#8217;s cookie-samtykke-teknologi til at indhente dit samtykke til at gemme visse cookies i din browser og til at dokumentere dette i overensstemmelse med databeskyttelseslovgivningen. Leverand\u00f8ren af denne teknologi er Borlabs &#8211; Benjamin A. Bornschein, Georg-Wilhelm-Str. 17, 21107 Hamburg (i det f\u00f8lgende ben\u00e6vnt &#8220;Borlabs&#8221;).<br \/>\nN\u00e5r du g\u00e5r ind p\u00e5 vores websted, gemmes der en Borlabs-cookie i din browser, som gemmer de samtykker, du har givet, eller tilbagekaldelsen af disse samtykker. Disse data deles ikke med Borlabs&#8217; cookieudbyder.<br \/>\nDe indsamlede data opbevares, indtil du anmoder os om at slette dem eller selv sletter Borlabs-cookien, eller indtil form\u00e5let med opbevaringen af dataene ikke l\u00e6ngere er relevant. Lovpligtige lovbestemte opbevaringsperioder forbliver uber\u00f8rte. Du kan finde flere oplysninger om Borlabs Cookie&#8217;s databehandling p\u00e5 <a href=\"https:\/\/de.borlabs.io\/kb\/welche-daten-speichert-borlabs-cookie\/\">https:\/\/de.borlabs.io\/kb\/welche-daten-speichert-borlabs-cookie\/<\/a>.<br \/>\nBrugen af Borlabs cookie-tilladelsesteknologi sker for at opn\u00e5 de lovpligtige tilladelser til brug af cookies. Retsgrundlaget for dette er artikel 6, stk. 1 S. 1 lit. c GDPR.<br \/>\n<span class=\"borlabs-cookie-open-dialog-preferences brlbs-cmpnt-container\" data-borlabs-cookie-title=\"\u00c6ndre cookie-indstillinger\" data-borlabs-cookie-type=\"button\" ><\/span><\/p>\n<h6>YouTube<\/h6>\n<p>Vores websted bruger udbyderen YouTube LLC , 901 Cherry Avenue, 901 Cherry Avenue, San Bruno, CA 94066, USA, repr\u00e6senteret af Google Inc., 1600 Amphitheatre Parkway, Mountain View, CA 94043, USA, til at integrere videoer. Normalt, n\u00e5r du \u00e5bner en side med indlejrede videoer, sendes din IP-adresse allerede til YouTube, og der installeres cookies p\u00e5 din computer.<\/p>\n<p>Vi har dog indlejret vores YouTube-videoer med den udvidede databeskyttelsestilstand (i dette tilf\u00e6lde kontakter YouTube stadig Googles Double Klick-tjeneste, men i henhold til Googles privatlivspolitik evalueres personoplysninger ikke i processen). Det betyder, at YouTube ikke l\u00e6ngere gemmer oplysninger om bes\u00f8gende, medmindre de ser videoen. N\u00e5r du klikker p\u00e5 videoen, overf\u00f8res din IP-adresse til YouTube, og YouTube f\u00e5r at vide, at du har set videoen. Hvis du er logget ind p\u00e5 YouTube, vil disse oplysninger ogs\u00e5 blive tildelt din brugerkonto (du kan forhindre dette ved at logge ud af YouTube, inden du ser videoen).<\/p>\n<p>Du kan finde flere oplysninger om form\u00e5let med og omfanget af YouTube&#8217;s indsamling og behandling af data i deres privatlivspolitik. Her kan du ogs\u00e5 finde yderligere oplysninger om dine rettigheder og indstillingsmuligheder for at beskytte dit privatliv: <a href=\"https:\/\/www.google.de\/intl\/de\/policies\/privacy\" target=\"_blank\" rel=\"noopener noreferrer\">https:\/\/www.google.de\/intl\/de\/policies\/privacy<\/a>. Google behandler ogs\u00e5 dine personoplysninger i USA og har tilsluttet sig EU-USA Privacy Shield, <a href=\"https:\/\/www.privacyshield.gov\/EU-US-Framework\" target=\"_blank\" rel=\"noopener noreferrer\">https:\/\/www.privacyshield.gov\/EU-US-Framework.&#8221;<\/a><\/p>\n<h6>Modtagere af personoplysningerne<\/h6>\n<p>Som tilladt ved lov vil dine personlige oplysninger blive videregivet til f\u00f8lgende virksomheder i EU:<br \/>\nAndre BAUHAUS-selskaber<a href=\"https:\/\/www.bauhaus.info\/gesellschaften\" target=\"_blank\" rel=\"noopener noreferrer\">(https:\/\/www.bauhaus.info\/gesellschaften)<\/a> og deres ordrebehandlingsvirksomheder, om n\u00f8dvendigt med henblik p\u00e5 yderligere konsultationer, indg\u00e5else af \u00f8nskede kontrakter eller levering af en anden tjenesteydelse og BAUHAUS AG&#8217;s ordrebehandlingsvirksomheder til IT-tjenester og til administration af webstedets backend.<\/p>\n<h6>Varigheden af datalagringen<\/h6>\n<p>Vi opbevarer dine data s\u00e5 l\u00e6nge, som det p\u00e5g\u00e6ldende form\u00e5l kr\u00e6ver:<\/p>\n<ul>\n<li>Serverlogfiler: 30 dage<\/li>\n<li>Google Analytics Cookie: 2. \u00e5r<\/li>\n<\/ul>\n<h4>De registreredes rettigheder<\/h4>\n<p>Dine rettigheder som registreret person garanteres i vid udstr\u00e6kning af BAUHAUS-virksomhederne.<\/p>\n<h6>Tilbagekaldelse af samtykke<\/h6>\n<p>I det omfang du har givet dit samtykke til behandling af personoplysninger i forbindelse med brugen af dette websted, kan du tr\u00e6kke dette samtykke tilbage i overensstemmelse med art. 7, stk. 3 DSGVO til enhver tid. Tilbagekaldelsen kan sendes pr. e-mail til <a href=\"mailto:datenschutz@bauhaus.info\" target=\"_blank\" rel=\"noopener noreferrer\">datenschutz@bauhaus.info<\/a> eller skriftligt til ovenst\u00e5ende adresse. Virkningerne af tilbagekaldelsen er begr\u00e6nset til, at de p\u00e5g\u00e6ldende personoplysninger ikke l\u00e6ngere vil blive behandlet i fremtiden. En s\u00e5dan tilbagekaldelse p\u00e5virker derfor tilladelsen af behandlingen af dine personoplysninger, efter at du har givet os besked om det. Bem\u00e6rk dog, at det i dette tilf\u00e6lde ikke l\u00e6ngere kan v\u00e6re muligt at behandle de p\u00e5g\u00e6ldende oplysninger i fremtiden.<\/p>\n<h6>Ret til at g\u00f8re indsigelse mod behandling i henhold til art. 6, stk. 1 S. 1 lit. f) DSGVO<\/h6>\n<p>I henhold til artikel 21, stk. 1, stk. 1, i DSGVO retten til til enhver tid at g\u00f8re indsigelse mod behandlingen af dine personoplysninger p\u00e5 grundlag af artikel 6, stk. 1, i DSGVO af grunde, der skyldes din s\u00e6rlige situation. 1 S. 1 lit. f) DSGVO.<\/p>\n<p>Hvis du g\u00f8r indsigelse, behandler vi ikke l\u00e6ngere dine personoplysninger, medmindre vi kan p\u00e5vise tvingende legitime grunde til behandlingen, som g\u00e5r forud for dine interesser, rettigheder og frihedsrettigheder, eller behandlingen tjener til at g\u00f8re retskrav g\u00e6ldende, ud\u00f8ve eller forsvare juridiske krav.<\/p>\n<h6>Andre rettigheder<\/h6>\n<p>Du har f\u00f8lgende yderligere rettigheder med hensyn til dine personoplysninger, der behandles, hvis de respektive specifikke betingelser er opfyldt over for den dataansvarlige:<\/p>\n<ul>\n<li>Den registreredes ret til indsigt, art. 15 i GDPR;<\/li>\n<li>Ret til berigtigelse, art. 16 i GDPR;<\/li>\n<li>Ret til sletning, art. 17 i DSGVO;<\/li>\n<li>Retten til begr\u00e6nsning af behandling, art. 18 i GDPR, og<\/li>\n<li>Ret til dataportabilitet i henhold til artikel 20 i DSGVO.<\/li>\n<li>Du har ogs\u00e5 ret til at indgive en klage til en tilsynsmyndighed, hvis du mener, at behandlingen af personoplysninger om dig er i strid med GDPR.<\/li>\n<\/ul>\n<h6>Opdatering og \u00e6ndring<\/h6>\n<p>Privatlivspolitikken skal fra tid til anden tilpasses de faktiske omst\u00e6ndigheder og den juridiske situation. Tjek venligst databeskyttelseserkl\u00e6ringen, inden du bruger vores tilbud, for at v\u00e6re opdateret med eventuelle \u00e6ndringer eller opdateringer.<\/p>\n<p>Stand: 15.08.2019<\/p>\n                    <\/div>\n\n                                <\/div>\n        <\/div>\n    <\/div>\n<\/div>\n<div id=\"bdesign2022_spacer_block_630ccf3392a76\" class=\"bdesign2022_block bdesign2022_block--bdesign2022_spacer\">\n    <div class=\"bdesign2022_block--wrapper\">\n        <div class=\"spacer\" style=\"height: 100px\"><\/div>\n    <\/div>\n<\/div>\n","protected":false},"excerpt":{"rendered":"","protected":false},"author":8,"featured_media":0,"parent":13563,"menu_order":3,"comment_status":"closed","ping_status":"closed","template":"","meta":{"_acf_changed":false,"footnotes":""},"class_list":["post-13583","page","type-page","status-publish","hentry"],"acf":[],"yoast_head":"<!-- This site is optimized with the Yoast SEO plugin v24.2 - https:\/\/yoast.com\/wordpress\/plugins\/seo\/ -->\n<title>Privatliv | b!design<\/title>\n<meta name=\"description\" content=\"Databeskyttelse - i det f\u00f8lgende informerer vi dig om indsamling af personoplysninger, n\u00e5r du bruger vores websted.\" \/>\n<meta name=\"robots\" content=\"index, follow, max-snippet:-1, max-image-preview:large, max-video-preview:-1\" \/>\n<link rel=\"canonical\" href=\"https:\/\/www.bdesign-floors.com\/da\/om-os\/databeskyttelse\/\" \/>\n<meta property=\"og:locale\" content=\"da_DK\" \/>\n<meta property=\"og:type\" content=\"article\" \/>\n<meta property=\"og:title\" content=\"Privatliv | b!design\" \/>\n<meta property=\"og:description\" content=\"Databeskyttelse - i det f\u00f8lgende informerer vi dig om indsamling af personoplysninger, n\u00e5r du bruger vores websted.\" \/>\n<meta property=\"og:url\" content=\"https:\/\/www.bdesign-floors.com\/da\/om-os\/databeskyttelse\/\" \/>\n<meta property=\"og:site_name\" content=\"b!design\" \/>\n<meta property=\"article:modified_time\" content=\"2022-10-17T08:49:30+00:00\" \/>\n<meta name=\"twitter:card\" content=\"summary_large_image\" \/>\n<script type=\"application\/ld+json\" class=\"yoast-schema-graph\">{\"@context\":\"https:\/\/schema.org\",\"@graph\":[{\"@type\":\"WebPage\",\"@id\":\"https:\/\/www.bdesign-floors.com\/da\/om-os\/databeskyttelse\/\",\"url\":\"https:\/\/www.bdesign-floors.com\/da\/om-os\/databeskyttelse\/\",\"name\":\"Privatliv | b!design\",\"isPartOf\":{\"@id\":\"https:\/\/bdesign.wp.factory.blim-dev.com\/#website\"},\"datePublished\":\"2022-09-12T14:31:57+00:00\",\"dateModified\":\"2022-10-17T08:49:30+00:00\",\"description\":\"Databeskyttelse - i det f\u00f8lgende informerer vi dig om indsamling af personoplysninger, n\u00e5r du bruger vores websted.\",\"breadcrumb\":{\"@id\":\"https:\/\/www.bdesign-floors.com\/da\/om-os\/databeskyttelse\/#breadcrumb\"},\"inLanguage\":\"da-DK\",\"potentialAction\":[{\"@type\":\"ReadAction\",\"target\":[\"https:\/\/www.bdesign-floors.com\/da\/om-os\/databeskyttelse\/\"]}]},{\"@type\":\"BreadcrumbList\",\"@id\":\"https:\/\/www.bdesign-floors.com\/da\/om-os\/databeskyttelse\/#breadcrumb\",\"itemListElement\":[{\"@type\":\"ListItem\",\"position\":1,\"name\":\"Home\",\"item\":\"https:\/\/www.bdesign-floors.com\/da\/\"},{\"@type\":\"ListItem\",\"position\":2,\"name\":\"Om os\",\"item\":\"https:\/\/bdesign.wp.factory.blim-dev.com\/om-os\/\"},{\"@type\":\"ListItem\",\"position\":3,\"name\":\"Databeskyttelse\"}]},{\"@type\":\"WebSite\",\"@id\":\"https:\/\/bdesign.wp.factory.blim-dev.com\/#website\",\"url\":\"https:\/\/bdesign.wp.factory.blim-dev.com\/\",\"name\":\"b!design\",\"description\":\"Just another WordPress site\",\"potentialAction\":[{\"@type\":\"SearchAction\",\"target\":{\"@type\":\"EntryPoint\",\"urlTemplate\":\"https:\/\/bdesign.wp.factory.blim-dev.com\/?s={search_term_string}\"},\"query-input\":{\"@type\":\"PropertyValueSpecification\",\"valueRequired\":true,\"valueName\":\"search_term_string\"}}],\"inLanguage\":\"da-DK\"}]}<\/script>\n<!-- \/ Yoast SEO plugin. -->","yoast_head_json":{"title":"Privatliv | b!design","description":"Databeskyttelse - i det f\u00f8lgende informerer vi dig om indsamling af personoplysninger, n\u00e5r du bruger vores websted.","robots":{"index":"index","follow":"follow","max-snippet":"max-snippet:-1","max-image-preview":"max-image-preview:large","max-video-preview":"max-video-preview:-1"},"canonical":"https:\/\/www.bdesign-floors.com\/da\/om-os\/databeskyttelse\/","og_locale":"da_DK","og_type":"article","og_title":"Privatliv | b!design","og_description":"Databeskyttelse - i det f\u00f8lgende informerer vi dig om indsamling af personoplysninger, n\u00e5r du bruger vores websted.","og_url":"https:\/\/www.bdesign-floors.com\/da\/om-os\/databeskyttelse\/","og_site_name":"b!design","article_modified_time":"2022-10-17T08:49:30+00:00","twitter_card":"summary_large_image","schema":{"@context":"https:\/\/schema.org","@graph":[{"@type":"WebPage","@id":"https:\/\/www.bdesign-floors.com\/da\/om-os\/databeskyttelse\/","url":"https:\/\/www.bdesign-floors.com\/da\/om-os\/databeskyttelse\/","name":"Privatliv | b!design","isPartOf":{"@id":"https:\/\/bdesign.wp.factory.blim-dev.com\/#website"},"datePublished":"2022-09-12T14:31:57+00:00","dateModified":"2022-10-17T08:49:30+00:00","description":"Databeskyttelse - i det f\u00f8lgende informerer vi dig om indsamling af personoplysninger, n\u00e5r du bruger vores websted.","breadcrumb":{"@id":"https:\/\/www.bdesign-floors.com\/da\/om-os\/databeskyttelse\/#breadcrumb"},"inLanguage":"da-DK","potentialAction":[{"@type":"ReadAction","target":["https:\/\/www.bdesign-floors.com\/da\/om-os\/databeskyttelse\/"]}]},{"@type":"BreadcrumbList","@id":"https:\/\/www.bdesign-floors.com\/da\/om-os\/databeskyttelse\/#breadcrumb","itemListElement":[{"@type":"ListItem","position":1,"name":"Home","item":"https:\/\/www.bdesign-floors.com\/da\/"},{"@type":"ListItem","position":2,"name":"Om os","item":"https:\/\/bdesign.wp.factory.blim-dev.com\/om-os\/"},{"@type":"ListItem","position":3,"name":"Databeskyttelse"}]},{"@type":"WebSite","@id":"https:\/\/bdesign.wp.factory.blim-dev.com\/#website","url":"https:\/\/bdesign.wp.factory.blim-dev.com\/","name":"b!design","description":"Just another WordPress site","potentialAction":[{"@type":"SearchAction","target":{"@type":"EntryPoint","urlTemplate":"https:\/\/bdesign.wp.factory.blim-dev.com\/?s={search_term_string}"},"query-input":{"@type":"PropertyValueSpecification","valueRequired":true,"valueName":"search_term_string"}}],"inLanguage":"da-DK"}]}},"_links":{"self":[{"href":"https:\/\/www.bdesign-floors.com\/da\/wp-json\/wp\/v2\/pages\/13583","targetHints":{"allow":["GET"]}}],"collection":[{"href":"https:\/\/www.bdesign-floors.com\/da\/wp-json\/wp\/v2\/pages"}],"about":[{"href":"https:\/\/www.bdesign-floors.com\/da\/wp-json\/wp\/v2\/types\/page"}],"author":[{"embeddable":true,"href":"https:\/\/www.bdesign-floors.com\/da\/wp-json\/wp\/v2\/users\/8"}],"replies":[{"embeddable":true,"href":"https:\/\/www.bdesign-floors.com\/da\/wp-json\/wp\/v2\/comments?post=13583"}],"version-history":[{"count":1,"href":"https:\/\/www.bdesign-floors.com\/da\/wp-json\/wp\/v2\/pages\/13583\/revisions"}],"predecessor-version":[{"id":13584,"href":"https:\/\/www.bdesign-floors.com\/da\/wp-json\/wp\/v2\/pages\/13583\/revisions\/13584"}],"up":[{"embeddable":true,"href":"https:\/\/www.bdesign-floors.com\/da\/wp-json\/wp\/v2\/pages\/13563"}],"wp:attachment":[{"href":"https:\/\/www.bdesign-floors.com\/da\/wp-json\/wp\/v2\/media?parent=13583"}],"curies":[{"name":"wp","href":"https:\/\/api.w.org\/{rel}","templated":true}]}}