{"id":13603,"date":"2022-09-12T16:31:59","date_gmt":"2022-09-12T14:31:59","guid":{"rendered":"https:\/\/www.bdesign-floors.com\/om-os\/tryk\/"},"modified":"2022-09-12T16:31:59","modified_gmt":"2022-09-12T14:31:59","slug":"tryk","status":"publish","type":"page","link":"https:\/\/www.bdesign-floors.com\/da\/om-os\/tryk\/","title":{"rendered":"Tryk"},"content":{"rendered":"<div id=\"bdesign2022_spacer_block_63061d222b814\" class=\"bdesign2022_block bdesign2022_block--bdesign2022_spacer\">\n    <div class=\"bdesign2022_block--wrapper\">\n        <div class=\"spacer\" style=\"height: 100px\"><\/div>\n    <\/div>\n<\/div>\n<div id=\"bdesign2022_customcontent_block_63061cc72b813\" class=\"bdesign2022_block bdesign2022_block--bdesign2022_customcontent\">\n    <div class=\"bdesign2022_block--wrapper\">\n        <div class=\"container\">\n            <div class=\"row\">\n                \n                    <div class=\"col-0 col-sm-2\"><\/div>\n                    <div class=\"col-12 col-sm-10 my-4\">\n                        <h1>Tryk<\/h1>\n<p><strong>Operat\u00f8ren af disse internetsider er<\/strong><\/p>\n<p>BAUHAUS E-Business GmbH &amp; Co KG<br \/>\nGutenbergstra\u00dfe 21<br \/>\nD-68167 Mannheim<\/p>\n<p>Moms ID nr.: DE 156673152<br \/>\nByretten i Mannheim: HRA 3983<\/p>\n<p>Telefon: <a href=\"tel:8003905000\">+49 800 3905 000<\/a><br \/>\nE-mail: <a href=\"mailto:service@bauhaus.info\">service@bauhaus.info<\/a><\/p>\n<h2>Personligt ansvarlig partner<\/h2>\n<p>Werkhaus GmbH<br \/>\nS\u00e6de: Mannheim<br \/>\nByretten i Mannheim HRB 6426<br \/>\nAdministrerende direkt\u00f8rer: Bernd Baus, Lutz Fiedler<\/p>\n<h2>Meddelelse om erstatningsansvar<\/h2>\n<p>Trods omhyggelig kontrol af indholdet p\u00e5tager vi os intet ansvar for indholdet af eksterne links. Operat\u00f8rerne af de linkede sider er alene ansvarlige for deres indhold.<\/p>\n<h2>Ansvarsfraskrivelse<\/h2>\n<p>Vi garanterer ikke for n\u00f8jagtigheden af noget af indholdet. Bidragene er baseret p\u00e5 kilder, som vi anser for trov\u00e6rdige. Der kan derfor ikke p\u00e5tages noget ansvar eller gives nogen garanti for, at oplysningerne er aktuelle, korrekte og fuldst\u00e6ndige.<br \/>\nKommerciel brug og\/eller videreformidling af indholdet af disse internetsider kr\u00e6ver skriftligt samtykke.<br \/>\nOplysningerne p\u00e5 vores websted er blevet udarbejdet med omhu og i overensstemmelse med den aktuelle videnskabelige og teknologiske udvikling. Niveauet af viden og erfaring udvikler sig hele tiden. S\u00f8rg derfor for altid at kontrollere webstedets seneste status, inden du udf\u00f8rer noget arbejde. Vi beder om forst\u00e5else for, at vi m\u00e5 begr\u00e6nse vores ansvar for oplysningerne p\u00e5 disse sider til fors\u00e6t, grov uagtsomhed og tilsides\u00e6ttelse af v\u00e6sentlige forpligtelser. De beskrevne produktanvendelser kan ikke tage hensyn til s\u00e6rlige omst\u00e6ndigheder i det enkelte tilf\u00e6lde. Kontroller derfor, om de anvendte produkter er egnede til den specifikke anvendelse, og tag altid hensyn til brugsanvisningen og producentens oplysninger.<\/p>\n<h2>Billedkreditering<\/h2>\n<p>\u00a9 Shutterstock (<a href=\"https:\/\/www.shutterstock.com\/de\/\" target=\"_blank\" rel=\"noopener\">shutterstock.com<\/a>)<\/p>\n                    <\/div>\n\n                                <\/div>\n        <\/div>\n    <\/div>\n<\/div>\n<div id=\"bdesign2022_spacer_block_63061d3a2b815\" class=\"bdesign2022_block bdesign2022_block--bdesign2022_spacer\">\n    <div class=\"bdesign2022_block--wrapper\">\n        <div class=\"spacer\" style=\"height: 100px\"><\/div>\n    <\/div>\n<\/div>\n","protected":false},"excerpt":{"rendered":"","protected":false},"author":8,"featured_media":0,"parent":13563,"menu_order":4,"comment_status":"closed","ping_status":"closed","template":"","meta":{"_acf_changed":false,"footnotes":""},"class_list":["post-13603","page","type-page","status-publish","hentry"],"acf":[],"yoast_head":"<!-- This site is optimized with the Yoast SEO plugin v24.2 - https:\/\/yoast.com\/wordpress\/plugins\/seo\/ -->\n<title>Tryk - b!design<\/title>\n<meta name=\"robots\" content=\"index, follow, max-snippet:-1, max-image-preview:large, max-video-preview:-1\" \/>\n<link rel=\"canonical\" href=\"https:\/\/www.bdesign-floors.com\/da\/om-os\/tryk\/\" \/>\n<meta property=\"og:locale\" content=\"da_DK\" \/>\n<meta property=\"og:type\" content=\"article\" \/>\n<meta property=\"og:title\" content=\"Tryk - b!design\" \/>\n<meta property=\"og:url\" content=\"https:\/\/www.bdesign-floors.com\/da\/om-os\/tryk\/\" \/>\n<meta property=\"og:site_name\" content=\"b!design\" \/>\n<meta name=\"twitter:card\" content=\"summary_large_image\" \/>\n<script type=\"application\/ld+json\" class=\"yoast-schema-graph\">{\"@context\":\"https:\/\/schema.org\",\"@graph\":[{\"@type\":\"WebPage\",\"@id\":\"https:\/\/www.bdesign-floors.com\/da\/om-os\/tryk\/\",\"url\":\"https:\/\/www.bdesign-floors.com\/da\/om-os\/tryk\/\",\"name\":\"Tryk - b!design\",\"isPartOf\":{\"@id\":\"https:\/\/bdesign.wp.factory.blim-dev.com\/#website\"},\"datePublished\":\"2022-09-12T14:31:59+00:00\",\"dateModified\":\"2022-09-12T14:31:59+00:00\",\"breadcrumb\":{\"@id\":\"https:\/\/www.bdesign-floors.com\/da\/om-os\/tryk\/#breadcrumb\"},\"inLanguage\":\"da-DK\",\"potentialAction\":[{\"@type\":\"ReadAction\",\"target\":[\"https:\/\/www.bdesign-floors.com\/da\/om-os\/tryk\/\"]}]},{\"@type\":\"BreadcrumbList\",\"@id\":\"https:\/\/www.bdesign-floors.com\/da\/om-os\/tryk\/#breadcrumb\",\"itemListElement\":[{\"@type\":\"ListItem\",\"position\":1,\"name\":\"Home\",\"item\":\"https:\/\/www.bdesign-floors.com\/da\/\"},{\"@type\":\"ListItem\",\"position\":2,\"name\":\"Om os\",\"item\":\"https:\/\/bdesign.wp.factory.blim-dev.com\/om-os\/\"},{\"@type\":\"ListItem\",\"position\":3,\"name\":\"Tryk\"}]},{\"@type\":\"WebSite\",\"@id\":\"https:\/\/bdesign.wp.factory.blim-dev.com\/#website\",\"url\":\"https:\/\/bdesign.wp.factory.blim-dev.com\/\",\"name\":\"b!design\",\"description\":\"Just another WordPress site\",\"potentialAction\":[{\"@type\":\"SearchAction\",\"target\":{\"@type\":\"EntryPoint\",\"urlTemplate\":\"https:\/\/bdesign.wp.factory.blim-dev.com\/?s={search_term_string}\"},\"query-input\":{\"@type\":\"PropertyValueSpecification\",\"valueRequired\":true,\"valueName\":\"search_term_string\"}}],\"inLanguage\":\"da-DK\"}]}<\/script>\n<!-- \/ Yoast SEO plugin. -->","yoast_head_json":{"title":"Tryk - b!design","robots":{"index":"index","follow":"follow","max-snippet":"max-snippet:-1","max-image-preview":"max-image-preview:large","max-video-preview":"max-video-preview:-1"},"canonical":"https:\/\/www.bdesign-floors.com\/da\/om-os\/tryk\/","og_locale":"da_DK","og_type":"article","og_title":"Tryk - b!design","og_url":"https:\/\/www.bdesign-floors.com\/da\/om-os\/tryk\/","og_site_name":"b!design","twitter_card":"summary_large_image","schema":{"@context":"https:\/\/schema.org","@graph":[{"@type":"WebPage","@id":"https:\/\/www.bdesign-floors.com\/da\/om-os\/tryk\/","url":"https:\/\/www.bdesign-floors.com\/da\/om-os\/tryk\/","name":"Tryk - b!design","isPartOf":{"@id":"https:\/\/bdesign.wp.factory.blim-dev.com\/#website"},"datePublished":"2022-09-12T14:31:59+00:00","dateModified":"2022-09-12T14:31:59+00:00","breadcrumb":{"@id":"https:\/\/www.bdesign-floors.com\/da\/om-os\/tryk\/#breadcrumb"},"inLanguage":"da-DK","potentialAction":[{"@type":"ReadAction","target":["https:\/\/www.bdesign-floors.com\/da\/om-os\/tryk\/"]}]},{"@type":"BreadcrumbList","@id":"https:\/\/www.bdesign-floors.com\/da\/om-os\/tryk\/#breadcrumb","itemListElement":[{"@type":"ListItem","position":1,"name":"Home","item":"https:\/\/www.bdesign-floors.com\/da\/"},{"@type":"ListItem","position":2,"name":"Om os","item":"https:\/\/bdesign.wp.factory.blim-dev.com\/om-os\/"},{"@type":"ListItem","position":3,"name":"Tryk"}]},{"@type":"WebSite","@id":"https:\/\/bdesign.wp.factory.blim-dev.com\/#website","url":"https:\/\/bdesign.wp.factory.blim-dev.com\/","name":"b!design","description":"Just another WordPress site","potentialAction":[{"@type":"SearchAction","target":{"@type":"EntryPoint","urlTemplate":"https:\/\/bdesign.wp.factory.blim-dev.com\/?s={search_term_string}"},"query-input":{"@type":"PropertyValueSpecification","valueRequired":true,"valueName":"search_term_string"}}],"inLanguage":"da-DK"}]}},"_links":{"self":[{"href":"https:\/\/www.bdesign-floors.com\/da\/wp-json\/wp\/v2\/pages\/13603","targetHints":{"allow":["GET"]}}],"collection":[{"href":"https:\/\/www.bdesign-floors.com\/da\/wp-json\/wp\/v2\/pages"}],"about":[{"href":"https:\/\/www.bdesign-floors.com\/da\/wp-json\/wp\/v2\/types\/page"}],"author":[{"embeddable":true,"href":"https:\/\/www.bdesign-floors.com\/da\/wp-json\/wp\/v2\/users\/8"}],"replies":[{"embeddable":true,"href":"https:\/\/www.bdesign-floors.com\/da\/wp-json\/wp\/v2\/comments?post=13603"}],"version-history":[{"count":1,"href":"https:\/\/www.bdesign-floors.com\/da\/wp-json\/wp\/v2\/pages\/13603\/revisions"}],"predecessor-version":[{"id":13605,"href":"https:\/\/www.bdesign-floors.com\/da\/wp-json\/wp\/v2\/pages\/13603\/revisions\/13605"}],"up":[{"embeddable":true,"href":"https:\/\/www.bdesign-floors.com\/da\/wp-json\/wp\/v2\/pages\/13563"}],"wp:attachment":[{"href":"https:\/\/www.bdesign-floors.com\/da\/wp-json\/wp\/v2\/media?parent=13603"}],"curies":[{"name":"wp","href":"https:\/\/api.w.org\/{rel}","templated":true}]}}