{"id":24189,"date":"2024-03-12T17:26:18","date_gmt":"2024-03-12T15:26:18","guid":{"rendered":"https:\/\/www.bdesign-floors.com\/?page_id=24189"},"modified":"2024-03-12T17:29:07","modified_gmt":"2024-03-12T15:29:07","slug":"leistungserklaerungen","status":"publish","type":"page","link":"https:\/\/www.bdesign-floors.com\/en\/wissenswertes\/leistungserklaerungen\/","title":{"rendered":"Leistungserkl\u00e4rungen"},"content":{"rendered":"<div id=\"bdesign2022_spacer_block_a6aec3cb4bb8621938e420d8d8eac2ee\" class=\"bdesign2022_block bdesign2022_block--bdesign2022_spacer\">\n    <div class=\"bdesign2022_block--wrapper\">\n        <div class=\"spacer\" style=\"height: 60px\"><\/div>\n    <\/div>\n<\/div>\n\n\n<div id=\"bdesign2022_customcontent_block_6432e3cde49b9cc892f9016d216d5b8e\" class=\"bdesign2022_block bdesign2022_block--bdesign2022_customcontent\">\n    <div class=\"bdesign2022_block--wrapper\">\n        <div class=\"container\">\n            <div class=\"row\">\n                \n                <div class=\"col-12 col-sm-10\" style=\"margin:0 auto;text-align: center;\">\n                    <div class=\"container-centered\">\n                        <img loading=\"lazy\" decoding=\"async\" class=\"aligncenter wp-image-20461 size-full\" \r\n     src=\"https:\/\/www.bdesign-floors.com\/wp-content\/uploads\/2023\/03\/bdesign-verlegeanleitungen-titelbild-erklaerung.jpg\" alt=\"\" \r\n     width=\"1620\" height=\"500\" srcset=\"https:\/\/www.bdesign-floors.com\/wp-content\/uploads\/2023\/03\/bdesign-verlegeanleitungen-titelbild-erklaerung.jpg 1620w, https:\/\/www.bdesign-floors.com\/wp-content\/uploads\/2023\/03\/bdesign-verlegeanleitungen-titelbild-erklaerung-730x225.jpg 730w, https:\/\/www.bdesign-floors.com\/wp-content\/uploads\/2023\/03\/bdesign-verlegeanleitungen-titelbild-erklaerung-1110x343.jpg 1110w, https:\/\/www.bdesign-floors.com\/wp-content\/uploads\/2023\/03\/bdesign-verlegeanleitungen-titelbild-erklaerung-768x237.jpg 768w, https:\/\/www.bdesign-floors.com\/wp-content\/uploads\/2023\/03\/bdesign-verlegeanleitungen-titelbild-erklaerung-1536x474.jpg 1536w\" sizes=\"auto, (max-width: 1620px) 100vw, 1620px\" \/>\r\n\r\n                    <\/div>\n                <\/div>\n\n                            <\/div>\n        <\/div>\n    <\/div>\n<\/div>\n\n\n<div id=\"bdesign2022_spacer_block_5da2d0df9cb3965b0780055d0a048a00\" class=\"bdesign2022_block bdesign2022_block--bdesign2022_spacer\">\n    <div class=\"bdesign2022_block--wrapper\">\n        <div class=\"spacer\" style=\"height: 20px\"><\/div>\n    <\/div>\n<\/div>\n\n\n<div id=\"bdesign2022_customcontent_block_4ed7b113a15f4cc10d0800f149003686\" class=\"bdesign2022_block bdesign2022_block--bdesign2022_customcontent\">\n    <div class=\"bdesign2022_block--wrapper\">\n        <div class=\"container\">\n            <div class=\"row\">\n                \n                    <div class=\"col-0 col-sm-2\"><\/div>\n                    <div class=\"col-12 col-sm-10 my-4\">\n                        <h1>Leistungserkl\u00e4rungen<\/h1>\n<p>&nbsp;<\/p>\n<p class=\"p1\">Sie m\u00f6chten sich unsere Leistungserkl\u00e4rungen ansehen? Gerne schicken wir Ihnen diese auf Anfrage per Post zu. Schreiben Sie uns hierf\u00fcr einfach kurz eine\u00a0<a href=\"mailto: service@bauhaus.info\">Nachricht<\/a>\u00a0und teilen Sie uns mit, welche Leistungserkl\u00e4rungen Sie ben\u00f6tigen.<\/p>\n                    <\/div>\n\n                                <\/div>\n        <\/div>\n    <\/div>\n<\/div>\n\n\n<div id=\"bdesign2022_2columntext_block_35a845db6c3048b1a18998758160f10b\" class=\"bdesign2022_block bdesign2022_block--bdesign2022_2columntext\">\n    <div class=\"bdesign2022_block--wrapper\">\n        <div class=\"container my-4\">\n            <div class=\"row align-items-start\">\n                <div class=\"col-12 col-xxl-4 offset-0 offset-xxl-2 my-3\">\n                                    <\/div>\n                <div class=\"c0l-12 col-xxl-4 xxl-3 my-3\">\n                                    <\/div>\n            <\/div>\n        <\/div>\n    <\/div>\n<\/div>\n\n\n<div id=\"bdesign2022_spacer_block_bf7aaa391749409dcd1a0abd55101f2a\" class=\"bdesign2022_block bdesign2022_block--bdesign2022_spacer\">\n    <div class=\"bdesign2022_block--wrapper\">\n        <div class=\"spacer\" style=\"height: 100px\"><\/div>\n    <\/div>\n<\/div>\n","protected":false},"excerpt":{"rendered":"","protected":false},"author":7,"featured_media":0,"parent":23,"menu_order":4,"comment_status":"closed","ping_status":"closed","template":"","meta":{"_acf_changed":false,"footnotes":""},"class_list":["post-24189","page","type-page","status-publish","hentry"],"acf":[],"yoast_head":"<!-- This site is optimized with the Yoast SEO plugin v24.2 - https:\/\/yoast.com\/wordpress\/plugins\/seo\/ -->\n<title>Leistungserkl\u00e4rungen | b!design<\/title>\n<meta name=\"description\" content=\"Sie m\u00f6chten die Leistungserkl\u00e4rungen zu unseren b!design Produktlinien? Hier erfahren Sie wie Sie diese bekommen!\" \/>\n<meta name=\"robots\" content=\"index, follow, max-snippet:-1, max-image-preview:large, max-video-preview:-1\" \/>\n<link rel=\"canonical\" href=\"https:\/\/www.bdesign-floors.com\/en\/wissenswertes\/leistungserklaerungen\/\" \/>\n<meta property=\"og:locale\" content=\"en_US\" \/>\n<meta property=\"og:type\" content=\"article\" \/>\n<meta property=\"og:title\" content=\"Leistungserkl\u00e4rungen | b!design\" \/>\n<meta property=\"og:description\" content=\"Sie m\u00f6chten die Leistungserkl\u00e4rungen zu unseren b!design Produktlinien? Hier erfahren Sie wie Sie diese bekommen!\" \/>\n<meta property=\"og:url\" content=\"https:\/\/www.bdesign-floors.com\/en\/wissenswertes\/leistungserklaerungen\/\" \/>\n<meta property=\"og:site_name\" content=\"b!design\" \/>\n<meta property=\"article:modified_time\" content=\"2024-03-12T15:29:07+00:00\" \/>\n<meta name=\"twitter:card\" content=\"summary_large_image\" \/>\n<script type=\"application\/ld+json\" class=\"yoast-schema-graph\">{\"@context\":\"https:\/\/schema.org\",\"@graph\":[{\"@type\":\"WebPage\",\"@id\":\"https:\/\/www.bdesign-floors.com\/en\/wissenswertes\/leistungserklaerungen\/\",\"url\":\"https:\/\/www.bdesign-floors.com\/en\/wissenswertes\/leistungserklaerungen\/\",\"name\":\"Leistungserkl\u00e4rungen | b!design\",\"isPartOf\":{\"@id\":\"https:\/\/bdesign.wp.factory.blim-dev.com\/#website\"},\"datePublished\":\"2024-03-12T15:26:18+00:00\",\"dateModified\":\"2024-03-12T15:29:07+00:00\",\"description\":\"Sie m\u00f6chten die Leistungserkl\u00e4rungen zu unseren b!design Produktlinien? Hier erfahren Sie wie Sie diese bekommen!\",\"breadcrumb\":{\"@id\":\"https:\/\/www.bdesign-floors.com\/en\/wissenswertes\/leistungserklaerungen\/#breadcrumb\"},\"inLanguage\":\"en-US\",\"potentialAction\":[{\"@type\":\"ReadAction\",\"target\":[\"https:\/\/www.bdesign-floors.com\/en\/wissenswertes\/leistungserklaerungen\/\"]}]},{\"@type\":\"BreadcrumbList\",\"@id\":\"https:\/\/www.bdesign-floors.com\/en\/wissenswertes\/leistungserklaerungen\/#breadcrumb\",\"itemListElement\":[{\"@type\":\"ListItem\",\"position\":1,\"name\":\"Home\",\"item\":\"https:\/\/www.bdesign-floors.com\/en\/\"},{\"@type\":\"ListItem\",\"position\":2,\"name\":\"Wissenswertes\",\"item\":\"https:\/\/bdesign.wp.factory.blim-dev.com\/wissenswertes\/\"},{\"@type\":\"ListItem\",\"position\":3,\"name\":\"Leistungserkl\u00e4rungen\"}]},{\"@type\":\"WebSite\",\"@id\":\"https:\/\/bdesign.wp.factory.blim-dev.com\/#website\",\"url\":\"https:\/\/bdesign.wp.factory.blim-dev.com\/\",\"name\":\"b!design\",\"description\":\"Just another WordPress site\",\"potentialAction\":[{\"@type\":\"SearchAction\",\"target\":{\"@type\":\"EntryPoint\",\"urlTemplate\":\"https:\/\/bdesign.wp.factory.blim-dev.com\/?s={search_term_string}\"},\"query-input\":{\"@type\":\"PropertyValueSpecification\",\"valueRequired\":true,\"valueName\":\"search_term_string\"}}],\"inLanguage\":\"en-US\"}]}<\/script>\n<!-- \/ Yoast SEO plugin. -->","yoast_head_json":{"title":"Leistungserkl\u00e4rungen | b!design","description":"Sie m\u00f6chten die Leistungserkl\u00e4rungen zu unseren b!design Produktlinien? Hier erfahren Sie wie Sie diese bekommen!","robots":{"index":"index","follow":"follow","max-snippet":"max-snippet:-1","max-image-preview":"max-image-preview:large","max-video-preview":"max-video-preview:-1"},"canonical":"https:\/\/www.bdesign-floors.com\/en\/wissenswertes\/leistungserklaerungen\/","og_locale":"en_US","og_type":"article","og_title":"Leistungserkl\u00e4rungen | b!design","og_description":"Sie m\u00f6chten die Leistungserkl\u00e4rungen zu unseren b!design Produktlinien? Hier erfahren Sie wie Sie diese bekommen!","og_url":"https:\/\/www.bdesign-floors.com\/en\/wissenswertes\/leistungserklaerungen\/","og_site_name":"b!design","article_modified_time":"2024-03-12T15:29:07+00:00","twitter_card":"summary_large_image","schema":{"@context":"https:\/\/schema.org","@graph":[{"@type":"WebPage","@id":"https:\/\/www.bdesign-floors.com\/en\/wissenswertes\/leistungserklaerungen\/","url":"https:\/\/www.bdesign-floors.com\/en\/wissenswertes\/leistungserklaerungen\/","name":"Leistungserkl\u00e4rungen | b!design","isPartOf":{"@id":"https:\/\/bdesign.wp.factory.blim-dev.com\/#website"},"datePublished":"2024-03-12T15:26:18+00:00","dateModified":"2024-03-12T15:29:07+00:00","description":"Sie m\u00f6chten die Leistungserkl\u00e4rungen zu unseren b!design Produktlinien? Hier erfahren Sie wie Sie diese bekommen!","breadcrumb":{"@id":"https:\/\/www.bdesign-floors.com\/en\/wissenswertes\/leistungserklaerungen\/#breadcrumb"},"inLanguage":"en-US","potentialAction":[{"@type":"ReadAction","target":["https:\/\/www.bdesign-floors.com\/en\/wissenswertes\/leistungserklaerungen\/"]}]},{"@type":"BreadcrumbList","@id":"https:\/\/www.bdesign-floors.com\/en\/wissenswertes\/leistungserklaerungen\/#breadcrumb","itemListElement":[{"@type":"ListItem","position":1,"name":"Home","item":"https:\/\/www.bdesign-floors.com\/en\/"},{"@type":"ListItem","position":2,"name":"Wissenswertes","item":"https:\/\/bdesign.wp.factory.blim-dev.com\/wissenswertes\/"},{"@type":"ListItem","position":3,"name":"Leistungserkl\u00e4rungen"}]},{"@type":"WebSite","@id":"https:\/\/bdesign.wp.factory.blim-dev.com\/#website","url":"https:\/\/bdesign.wp.factory.blim-dev.com\/","name":"b!design","description":"Just another WordPress site","potentialAction":[{"@type":"SearchAction","target":{"@type":"EntryPoint","urlTemplate":"https:\/\/bdesign.wp.factory.blim-dev.com\/?s={search_term_string}"},"query-input":{"@type":"PropertyValueSpecification","valueRequired":true,"valueName":"search_term_string"}}],"inLanguage":"en-US"}]}},"_links":{"self":[{"href":"https:\/\/www.bdesign-floors.com\/en\/wp-json\/wp\/v2\/pages\/24189","targetHints":{"allow":["GET"]}}],"collection":[{"href":"https:\/\/www.bdesign-floors.com\/en\/wp-json\/wp\/v2\/pages"}],"about":[{"href":"https:\/\/www.bdesign-floors.com\/en\/wp-json\/wp\/v2\/types\/page"}],"author":[{"embeddable":true,"href":"https:\/\/www.bdesign-floors.com\/en\/wp-json\/wp\/v2\/users\/7"}],"replies":[{"embeddable":true,"href":"https:\/\/www.bdesign-floors.com\/en\/wp-json\/wp\/v2\/comments?post=24189"}],"version-history":[{"count":4,"href":"https:\/\/www.bdesign-floors.com\/en\/wp-json\/wp\/v2\/pages\/24189\/revisions"}],"predecessor-version":[{"id":24215,"href":"https:\/\/www.bdesign-floors.com\/en\/wp-json\/wp\/v2\/pages\/24189\/revisions\/24215"}],"up":[{"embeddable":true,"href":"https:\/\/www.bdesign-floors.com\/en\/wp-json\/wp\/v2\/pages\/23"}],"wp:attachment":[{"href":"https:\/\/www.bdesign-floors.com\/en\/wp-json\/wp\/v2\/media?parent=24189"}],"curies":[{"name":"wp","href":"https:\/\/api.w.org\/{rel}","templated":true}]}}