{"id":13692,"date":"2022-09-12T16:37:12","date_gmt":"2022-09-12T14:37:12","guid":{"rendered":"https:\/\/www.bdesign-floors.com\/accesorios-y-cuidados\/"},"modified":"2022-09-13T16:57:00","modified_gmt":"2022-09-13T14:57:00","slug":"accesorios-y-cuidados","status":"publish","type":"page","link":"https:\/\/www.bdesign-floors.com\/es\/accesorios-y-cuidados\/","title":{"rendered":"Accesorios y cuidados"},"content":{"rendered":"<div id=\"bdesign2022_pageheader_block_62dfd623856fa\" class=\"bdesign2022_block bdesign2022_block--bdesign2022_pageheader\">\n    <div class=\"bdesign2022_block--wrapper\">\n                                    <div class=\"bdesign2022_ph-wrap is-single\">\n                    <div class=\"bdesign2022_ph-slide slidestyle-is-black orig-is-negro active\">\n                        <div class=\"slide-image\">\n                            <img decoding=\"async\" class=\"img-fluid logo\" src=\"https:\/\/www.bdesign-floors.com\/wp-content\/uploads\/2022\/09\/zubehoer-pflege-boden-b-design.jpg\" srcset=\"https:\/\/www.bdesign-floors.com\/wp-content\/uploads\/2022\/09\/zubehoer-pflege-boden-b-design.jpg 1110w, https:\/\/www.bdesign-floors.com\/wp-content\/uploads\/2022\/09\/zubehoer-pflege-boden-b-design-768x521.jpg 768w, https:\/\/www.bdesign-floors.com\/wp-content\/uploads\/2022\/09\/zubehoer-pflege-boden-b-design-442x300.jpg 442w\">                        <\/div>\n                        <div class=\"slide-area\">\n                            <div class=\"slide-area-wrapper\">\n                                <h1>Protecci\u00f3n y cuidado del suelo de sus sue\u00f1os<\/h1>\n                                <h6>Aqu\u00ed encontrar\u00e1 accesorios de alta calidad y los cuidados adecuados con los que podr\u00e1 limpiar y proteger eficazmente sus suelos.<\/h6>\n                                                                                            <\/div>\n                            <div class=\"slide-image-mobile d-md-none\">\n                                <img decoding=\"async\" class=\"img-fluid logo\" src=\"https:\/\/www.bdesign-floors.com\/wp-content\/uploads\/2022\/09\/zubehoer-pflege-boden-b-design.jpg\" srcset=\"https:\/\/www.bdesign-floors.com\/wp-content\/uploads\/2022\/09\/zubehoer-pflege-boden-b-design.jpg 1110w, https:\/\/www.bdesign-floors.com\/wp-content\/uploads\/2022\/09\/zubehoer-pflege-boden-b-design-768x521.jpg 768w, https:\/\/www.bdesign-floors.com\/wp-content\/uploads\/2022\/09\/zubehoer-pflege-boden-b-design-442x300.jpg 442w\">                            <\/div>\n                        <\/div>\n                    <\/div>\n                <\/div>\n                        <\/div>\n<\/div>\n\n\n<div id=\"bdesign2022_headline_block_62ea833e526c0\" class=\"bdesign2022_block bdesign2022_block--bdesign2022_headline\">\n    <div class=\"bdesign2022_block--wrapper\">\n        <div class=\"container my-4\">\n            \n                                    <h5 class=\"h5 texto-inicio mt-5 mb-3\">Accesorios y cuidados<\/h5>\n                                                    <h2 class=\"h2 texto-inicio mt-2 mb-4\">Cuidados y accesorios para la instalaci\u00f3n<\/h2>\n                                \n                        <\/div>\n    <\/div>\n<\/div>\n\n\n<div id=\"bdesign2022_2columntext_block_62ea8358526c1\" class=\"bdesign2022_block bdesign2022_block--bdesign2022_2columntext\">\n    <div class=\"bdesign2022_block--wrapper\">\n        <div class=\"container my-4\">\n            <div class=\"row align-items-start\">\n                <div class=\"col-12 col-xxl-4 offset-0 offset-xxl-2 my-3\">\n                    <p>Tanto si se trata de una alfombra de base, como de rodapi\u00e9s o de un limpiador, aqu\u00ed encontrar\u00e1 lo que es bueno para su suelo de dise\u00f1o. De este modo, no s\u00f3lo conseguir\u00e1 un aspecto m\u00e1s atractivo, sino que tambi\u00e9n podr\u00e1 mantener el valor de su suelo a largo plazo. Dependiendo de sus necesidades individuales, puede elegir entre<\/p>\n                <\/div>\n                <div class=\"c0l-12 col-xxl-4 xxl-3 my-3\">\n                    <p>y limpiadores especiales. Puede elegir entre un limpiador b\u00e1sico para el cuidado b\u00e1sico, el cuidado con mopa para la conservaci\u00f3n natural de su suelo y nuestro refrescante para proteger sus suelos. Descubre los accesorios y productos de cuidado de b!design ahora.<\/p>\n                <\/div>\n            <\/div>\n        <\/div>\n    <\/div>\n<\/div>\n\n\n<div id=\"bdesign2022_imagetext_block_62e799efe8da2\" class=\"bdesign2022_block bdesign2022_block--bdesign2022_imagetext\">\n    <div class=\"bdesign2022_block--wrapper\">\n        <div class=\"container\">\n            <div class=\"row align-items-center align-items-xxl-start align-items-xxxl-center\">\n                <div class=\"d-block d-md-block col-md-7 col-xl-4 col-xxl-5 col-xxxl-7 col-type-is-image col-count-is-1\"><img decoding=\"async\" class=\"img-fluid col-img\" src=\"https:\/\/www.bdesign-floors.com\/wp-content\/uploads\/2022\/09\/unterlagsmatte-zubehoer-pflege-boden-b-design.jpg\" srcset=\"https:\/\/www.bdesign-floors.com\/wp-content\/uploads\/2022\/09\/unterlagsmatte-zubehoer-pflege-boden-b-design.jpg 1110w, https:\/\/www.bdesign-floors.com\/wp-content\/uploads\/2022\/09\/unterlagsmatte-zubehoer-pflege-boden-b-design-768x510.jpg 768w, https:\/\/www.bdesign-floors.com\/wp-content\/uploads\/2022\/09\/unterlagsmatte-zubehoer-pflege-boden-b-design-452x300.jpg 452w\"><\/div><div class=\"col-12 col-xl-7 col-xxl-6 col-xxxl-4 col-type-is-imagetext col-count-is-2\"><h3>\u00bfPor qu\u00e9 la alfombra inferior de b!design?<\/h3><p>La alfombra de base b!design tiene una excelente estabilidad a largo plazo y una gran resistencia a la compresi\u00f3n. Esto protege la conexi\u00f3n de clic de da\u00f1os o de la formaci\u00f3n de juntas bajo altas cargas. \u00bfPlanchas flotantes? \u00a1Tambi\u00e9n funciona! La alfombra inferior compensa sin problemas los cambios de temperatura. Reduce el sonido, de modo que se reduce el ruido para los vecinos de abajo y se reduce el ruido de paso en las habitaciones.<\/p>\n<p>Nadie quiere un suelo fr\u00edo. Por ello, la alfombra tambi\u00e9n impide que la energ\u00eda t\u00e9rmica salga del suelo. Y tampoco tiene que preocuparse por el moho, gracias a nuestra alfombra inferior, ya que permite que el aire circule directamente por encima de la barrera contra la humedad.<\/p>\n<\/div>            <\/div>\n        <\/div>\n    <\/div>\n<\/div>\n\n\n<div id=\"bdesign2022_imagetext_block_62e79a3be8da5\" class=\"bdesign2022_block bdesign2022_block--bdesign2022_imagetext\">\n    <div class=\"bdesign2022_block--wrapper\">\n        <div class=\"container\">\n            <div class=\"row align-items-center align-items-xxl-start align-items-xxxl-center\">\n                <div class=\"col-12 col-xl-7 col-xxl-6 col-xxxl-4 col-type-is-imagetext col-count-is-1\"><h3>Bloque de impacto para suelos de vinilo con conexi\u00f3n clic<\/h3><p>Este bloque de roscado est\u00e1 especialmente desarrollado para los revestimientos de suelo de dise\u00f1o b!design con conexi\u00f3n Clic. Se puede utilizar de forma universal, protege el borde durante la instalaci\u00f3n y favorece una instalaci\u00f3n perfecta. El bloque de pl\u00e1stico blanco es f\u00e1cil de manejar y le ayuda a conseguir una instalaci\u00f3n impecable y duradera.<\/p>\n<\/div><div class=\"d-block d-md-block col-md-7 col-xl-4 col-xxl-5 col-xxxl-7 col-type-is-image col-count-is-2\"><img decoding=\"async\" class=\"img-fluid col-img\" src=\"https:\/\/www.bdesign-floors.com\/wp-content\/uploads\/2022\/09\/schlagklotz-zubehoer-pflege-boden-b-design.jpg\" srcset=\"https:\/\/www.bdesign-floors.com\/wp-content\/uploads\/2022\/09\/schlagklotz-zubehoer-pflege-boden-b-design.jpg 1110w, https:\/\/www.bdesign-floors.com\/wp-content\/uploads\/2022\/09\/schlagklotz-zubehoer-pflege-boden-b-design-768x510.jpg 768w, https:\/\/www.bdesign-floors.com\/wp-content\/uploads\/2022\/09\/schlagklotz-zubehoer-pflege-boden-b-design-452x300.jpg 452w\"><\/div>            <\/div>\n        <\/div>\n    <\/div>\n<\/div>\n\n\n<div id=\"bdesign2022_imagetext_block_63186497b5d1a\" class=\"bdesign2022_block bdesign2022_block--bdesign2022_imagetext\">\n    <div class=\"bdesign2022_block--wrapper\">\n        <div class=\"container\">\n            <div class=\"row align-items-center align-items-xxl-start align-items-xxxl-center\">\n                <div class=\"d-block d-md-block col-md-7 col-xl-4 col-xxl-5 col-xxxl-7 col-type-is-image col-count-is-1\"><img decoding=\"async\" class=\"img-fluid col-img\" src=\"https:\/\/www.bdesign-floors.com\/wp-content\/uploads\/2022\/09\/scratchfix-zubehoer-pflege-boden-b-design.jpg\" srcset=\"https:\/\/www.bdesign-floors.com\/wp-content\/uploads\/2022\/09\/scratchfix-zubehoer-pflege-boden-b-design.jpg 1110w, https:\/\/www.bdesign-floors.com\/wp-content\/uploads\/2022\/09\/scratchfix-zubehoer-pflege-boden-b-design-768x510.jpg 768w, https:\/\/www.bdesign-floors.com\/wp-content\/uploads\/2022\/09\/scratchfix-zubehoer-pflege-boden-b-design-452x300.jpg 452w\"><\/div><div class=\"col-12 col-xl-7 col-xxl-6 col-xxxl-4 col-type-is-imagetext col-count-is-2\"><h3>Kit de reparaci\u00f3n Dr.Schutz: ScratchFix<\/h3><p>\u00bfSu suelo tiene algunas se\u00f1ales de uso? No hay problema: el set de reparaci\u00f3n de suelos Scratchfix de Dr. Schutz es la soluci\u00f3n ideal para la restauraci\u00f3n parcial de ara\u00f1azos y fracturas blancas en suelos de dise\u00f1o y otros revestimientos de suelos el\u00e1sticos. Incluye el spray reparador de PU para reparar los ara\u00f1azos m\u00e1s finos de la superficie y el l\u00e1piz reparador de PU para reparar los ara\u00f1azos m\u00e1s profundos. Tambi\u00e9n incluye un completo paquete de accesorios con instrucciones de procesamiento. Todo ello adaptado de forma \u00f3ptima en nivel de brillo a los suelos de dise\u00f1o moderno.<\/p>\n<\/div>            <\/div>\n        <\/div>\n    <\/div>\n<\/div>\n\n\n<div id=\"bdesign2022_imagetext_block_631985a118e97\" class=\"bdesign2022_block bdesign2022_block--bdesign2022_imagetext\">\n    <div class=\"bdesign2022_block--wrapper\">\n        <div class=\"container\">\n            <div class=\"row align-items-center align-items-xxl-start align-items-xxxl-center\">\n                <div class=\"col-12 col-xl-7 col-xxl-6 col-xxxl-4 col-type-is-imagetext col-count-is-1\"><h3>Cuidados: desde el limpiador b\u00e1sico hasta el refrescante<\/h3><p>Con nuestros tres productos de cuidado, su suelo volver\u00e1 a tener un aspecto fresco y radiante en poco tiempo: Descubra nuestro refrescante, el cuidado de la mopa y el limpiador b\u00e1sico.<\/p>\n<\/div><div class=\"d-block d-md-block col-md-7 col-xl-4 col-xxl-5 col-xxxl-7 col-type-is-image col-count-is-2\"><img decoding=\"async\" class=\"img-fluid col-img\" src=\"https:\/\/www.bdesign-floors.com\/wp-content\/uploads\/2022\/09\/pflegemittel-zubehoer-pflege-boden-b-design.jpg\" srcset=\"https:\/\/www.bdesign-floors.com\/wp-content\/uploads\/2022\/09\/pflegemittel-zubehoer-pflege-boden-b-design.jpg 1110w, https:\/\/www.bdesign-floors.com\/wp-content\/uploads\/2022\/09\/pflegemittel-zubehoer-pflege-boden-b-design-768x510.jpg 768w, https:\/\/www.bdesign-floors.com\/wp-content\/uploads\/2022\/09\/pflegemittel-zubehoer-pflege-boden-b-design-452x300.jpg 452w\"><\/div>            <\/div>\n        <\/div>\n    <\/div>\n<\/div>\n","protected":false},"excerpt":{"rendered":"","protected":false},"author":8,"featured_media":0,"parent":0,"menu_order":3,"comment_status":"closed","ping_status":"closed","template":"","meta":{"_acf_changed":false,"footnotes":""},"class_list":["post-13692","page","type-page","status-publish","hentry"],"acf":[],"yoast_head":"<!-- This site is optimized with the Yoast SEO plugin v24.2 - https:\/\/yoast.com\/wordpress\/plugins\/seo\/ -->\n<title>Accesorios y cuidados | b!design<\/title>\n<meta name=\"description\" content=\"Tambi\u00e9n puede encontrar los productos de limpieza y cuidado adecuados para su nuevo suelo en b!design. Descubra ahora nuestra selecci\u00f3n de accesorios de alta calidad.\" \/>\n<meta name=\"robots\" content=\"index, follow, max-snippet:-1, max-image-preview:large, max-video-preview:-1\" \/>\n<link rel=\"canonical\" href=\"https:\/\/www.bdesign-floors.com\/es\/accesorios-y-cuidados\/\" \/>\n<meta property=\"og:locale\" content=\"es_ES\" \/>\n<meta property=\"og:type\" content=\"article\" \/>\n<meta property=\"og:title\" content=\"Accesorios y cuidados | b!design\" \/>\n<meta property=\"og:description\" content=\"Tambi\u00e9n puede encontrar los productos de limpieza y cuidado adecuados para su nuevo suelo en b!design. Descubra ahora nuestra selecci\u00f3n de accesorios de alta calidad.\" \/>\n<meta property=\"og:url\" content=\"https:\/\/www.bdesign-floors.com\/es\/accesorios-y-cuidados\/\" \/>\n<meta property=\"og:site_name\" content=\"b!design\" \/>\n<meta property=\"article:modified_time\" content=\"2022-09-13T14:57:00+00:00\" \/>\n<meta name=\"twitter:card\" content=\"summary_large_image\" \/>\n<script type=\"application\/ld+json\" class=\"yoast-schema-graph\">{\"@context\":\"https:\/\/schema.org\",\"@graph\":[{\"@type\":\"WebPage\",\"@id\":\"https:\/\/www.bdesign-floors.com\/es\/accesorios-y-cuidados\/\",\"url\":\"https:\/\/www.bdesign-floors.com\/es\/accesorios-y-cuidados\/\",\"name\":\"Accesorios y cuidados | b!design\",\"isPartOf\":{\"@id\":\"https:\/\/bdesign.wp.factory.blim-dev.com\/#website\"},\"datePublished\":\"2022-09-12T14:37:12+00:00\",\"dateModified\":\"2022-09-13T14:57:00+00:00\",\"description\":\"Tambi\u00e9n puede encontrar los productos de limpieza y cuidado adecuados para su nuevo suelo en b!design. Descubra ahora nuestra selecci\u00f3n de accesorios de alta calidad.\",\"breadcrumb\":{\"@id\":\"https:\/\/www.bdesign-floors.com\/es\/accesorios-y-cuidados\/#breadcrumb\"},\"inLanguage\":\"es\",\"potentialAction\":[{\"@type\":\"ReadAction\",\"target\":[\"https:\/\/www.bdesign-floors.com\/es\/accesorios-y-cuidados\/\"]}]},{\"@type\":\"BreadcrumbList\",\"@id\":\"https:\/\/www.bdesign-floors.com\/es\/accesorios-y-cuidados\/#breadcrumb\",\"itemListElement\":[{\"@type\":\"ListItem\",\"position\":1,\"name\":\"Home\",\"item\":\"https:\/\/www.bdesign-floors.com\/es\/\"},{\"@type\":\"ListItem\",\"position\":2,\"name\":\"Accesorios y cuidados\"}]},{\"@type\":\"WebSite\",\"@id\":\"https:\/\/bdesign.wp.factory.blim-dev.com\/#website\",\"url\":\"https:\/\/bdesign.wp.factory.blim-dev.com\/\",\"name\":\"b!design\",\"description\":\"Just another WordPress site\",\"potentialAction\":[{\"@type\":\"SearchAction\",\"target\":{\"@type\":\"EntryPoint\",\"urlTemplate\":\"https:\/\/bdesign.wp.factory.blim-dev.com\/?s={search_term_string}\"},\"query-input\":{\"@type\":\"PropertyValueSpecification\",\"valueRequired\":true,\"valueName\":\"search_term_string\"}}],\"inLanguage\":\"es\"}]}<\/script>\n<!-- \/ Yoast SEO plugin. -->","yoast_head_json":{"title":"Accesorios y cuidados | b!design","description":"Tambi\u00e9n puede encontrar los productos de limpieza y cuidado adecuados para su nuevo suelo en b!design. Descubra ahora nuestra selecci\u00f3n de accesorios de alta calidad.","robots":{"index":"index","follow":"follow","max-snippet":"max-snippet:-1","max-image-preview":"max-image-preview:large","max-video-preview":"max-video-preview:-1"},"canonical":"https:\/\/www.bdesign-floors.com\/es\/accesorios-y-cuidados\/","og_locale":"es_ES","og_type":"article","og_title":"Accesorios y cuidados | b!design","og_description":"Tambi\u00e9n puede encontrar los productos de limpieza y cuidado adecuados para su nuevo suelo en b!design. Descubra ahora nuestra selecci\u00f3n de accesorios de alta calidad.","og_url":"https:\/\/www.bdesign-floors.com\/es\/accesorios-y-cuidados\/","og_site_name":"b!design","article_modified_time":"2022-09-13T14:57:00+00:00","twitter_card":"summary_large_image","schema":{"@context":"https:\/\/schema.org","@graph":[{"@type":"WebPage","@id":"https:\/\/www.bdesign-floors.com\/es\/accesorios-y-cuidados\/","url":"https:\/\/www.bdesign-floors.com\/es\/accesorios-y-cuidados\/","name":"Accesorios y cuidados | b!design","isPartOf":{"@id":"https:\/\/bdesign.wp.factory.blim-dev.com\/#website"},"datePublished":"2022-09-12T14:37:12+00:00","dateModified":"2022-09-13T14:57:00+00:00","description":"Tambi\u00e9n puede encontrar los productos de limpieza y cuidado adecuados para su nuevo suelo en b!design. Descubra ahora nuestra selecci\u00f3n de accesorios de alta calidad.","breadcrumb":{"@id":"https:\/\/www.bdesign-floors.com\/es\/accesorios-y-cuidados\/#breadcrumb"},"inLanguage":"es","potentialAction":[{"@type":"ReadAction","target":["https:\/\/www.bdesign-floors.com\/es\/accesorios-y-cuidados\/"]}]},{"@type":"BreadcrumbList","@id":"https:\/\/www.bdesign-floors.com\/es\/accesorios-y-cuidados\/#breadcrumb","itemListElement":[{"@type":"ListItem","position":1,"name":"Home","item":"https:\/\/www.bdesign-floors.com\/es\/"},{"@type":"ListItem","position":2,"name":"Accesorios y cuidados"}]},{"@type":"WebSite","@id":"https:\/\/bdesign.wp.factory.blim-dev.com\/#website","url":"https:\/\/bdesign.wp.factory.blim-dev.com\/","name":"b!design","description":"Just another WordPress site","potentialAction":[{"@type":"SearchAction","target":{"@type":"EntryPoint","urlTemplate":"https:\/\/bdesign.wp.factory.blim-dev.com\/?s={search_term_string}"},"query-input":{"@type":"PropertyValueSpecification","valueRequired":true,"valueName":"search_term_string"}}],"inLanguage":"es"}]}},"_links":{"self":[{"href":"https:\/\/www.bdesign-floors.com\/es\/wp-json\/wp\/v2\/pages\/13692","targetHints":{"allow":["GET"]}}],"collection":[{"href":"https:\/\/www.bdesign-floors.com\/es\/wp-json\/wp\/v2\/pages"}],"about":[{"href":"https:\/\/www.bdesign-floors.com\/es\/wp-json\/wp\/v2\/types\/page"}],"author":[{"embeddable":true,"href":"https:\/\/www.bdesign-floors.com\/es\/wp-json\/wp\/v2\/users\/8"}],"replies":[{"embeddable":true,"href":"https:\/\/www.bdesign-floors.com\/es\/wp-json\/wp\/v2\/comments?post=13692"}],"version-history":[{"count":3,"href":"https:\/\/www.bdesign-floors.com\/es\/wp-json\/wp\/v2\/pages\/13692\/revisions"}],"predecessor-version":[{"id":15635,"href":"https:\/\/www.bdesign-floors.com\/es\/wp-json\/wp\/v2\/pages\/13692\/revisions\/15635"}],"wp:attachment":[{"href":"https:\/\/www.bdesign-floors.com\/es\/wp-json\/wp\/v2\/media?parent=13692"}],"curies":[{"name":"wp","href":"https:\/\/api.w.org\/{rel}","templated":true}]}}