{"id":13702,"date":"2022-09-12T16:40:04","date_gmt":"2022-09-12T14:40:04","guid":{"rendered":"https:\/\/www.bdesign-floors.com\/lo-que-hay-que-saber\/"},"modified":"2022-09-21T13:18:59","modified_gmt":"2022-09-21T11:18:59","slug":"lo-que-hay-que-saber","status":"publish","type":"page","link":"https:\/\/www.bdesign-floors.com\/es\/lo-que-hay-que-saber\/","title":{"rendered":"Lo que hay que saber"},"content":{"rendered":"<div id=\"bdesign2022_pageheader_block_62dfd623856fa\" class=\"bdesign2022_block bdesign2022_block--bdesign2022_pageheader\">\n    <div class=\"bdesign2022_block--wrapper\">\n                                    <div class=\"bdesign2022_ph-wrap is-single\">\n                    <div class=\"bdesign2022_ph-slide slidestyle-is-black orig-is-negro active\">\n                        <div class=\"slide-image\">\n                            <img decoding=\"async\" class=\"img-fluid logo\" src=\"https:\/\/www.bdesign-floors.com\/wp-content\/uploads\/2022\/08\/wissenswertes-boden-b-design.jpg\" srcset=\"https:\/\/www.bdesign-floors.com\/wp-content\/uploads\/2022\/08\/wissenswertes-boden-b-design.jpg 1110w, https:\/\/www.bdesign-floors.com\/wp-content\/uploads\/2022\/08\/wissenswertes-boden-b-design-768x521.jpg 768w, https:\/\/www.bdesign-floors.com\/wp-content\/uploads\/2022\/08\/wissenswertes-boden-b-design-442x300.jpg 442w\">                        <\/div>\n                        <div class=\"slide-area\">\n                            <div class=\"slide-area-wrapper\">\n                                <h1>Datos interesantes sobre los suelos de b!design<\/h1>\n                                <h6>Vive m\u00e1s sano &#8211; con los suelos de vinilo de dise\u00f1o de b!design<\/h6>\n                                                                                            <\/div>\n                            <div class=\"slide-image-mobile d-md-none\">\n                                <img decoding=\"async\" class=\"img-fluid logo\" src=\"https:\/\/www.bdesign-floors.com\/wp-content\/uploads\/2022\/08\/wissenswertes-boden-b-design.jpg\" srcset=\"https:\/\/www.bdesign-floors.com\/wp-content\/uploads\/2022\/08\/wissenswertes-boden-b-design.jpg 1110w, https:\/\/www.bdesign-floors.com\/wp-content\/uploads\/2022\/08\/wissenswertes-boden-b-design-768x521.jpg 768w, https:\/\/www.bdesign-floors.com\/wp-content\/uploads\/2022\/08\/wissenswertes-boden-b-design-442x300.jpg 442w\">                            <\/div>\n                        <\/div>\n                    <\/div>\n                <\/div>\n                        <\/div>\n<\/div>\n<div id=\"bdesign2022_headline_block_62e922710cc19\" class=\"bdesign2022_block bdesign2022_block--bdesign2022_headline\">\n    <div class=\"bdesign2022_block--wrapper\">\n        <div class=\"container my-4\">\n            \n                                    <h5 class=\"h5 texto-inicio mt-5 mb-3\">Lo que hay que saber<\/h5>\n                                                    <h2 class=\"h2 texto-inicio mt-2 mb-4\">Los suelos de dise\u00f1o crean la base para una vida sin preocupaciones<\/h2>\n                                \n                        <\/div>\n    <\/div>\n<\/div>\n<div id=\"bdesign2022_2columntext_block_62e923a916b97\" class=\"bdesign2022_block bdesign2022_block--bdesign2022_2columntext\">\n    <div class=\"bdesign2022_block--wrapper\">\n        <div class=\"container my-4\">\n            <div class=\"row align-items-start\">\n                <div class=\"col-12 col-xxl-4 offset-0 offset-xxl-2 my-3\">\n                    <p>No se compra un suelo nuevo cada d\u00eda, es una compra para toda la vida. Por eso entendemos lo dif\u00edcil que es elegir el adecuado. Pero, \u00bfc\u00f3mo saber cu\u00e1l es el adecuado para usted? Le ayudaremos y le daremos informaci\u00f3n \u00fatil sobre lo que debe buscar a la hora de comprar si le da gran importancia a la calidad, la mano de obra y la instalaci\u00f3n del suelo. Le aconsejamos que elija un suelo de b!design,<\/p>\n                <\/div>\n                <div class=\"c0l-12 col-xxl-4 xxl-3 my-3\">\n                    <p>que est\u00e1 hecho con una alta proporci\u00f3n de materiales naturales. Los suelos de vinilo de alta calidad no contienen PVC, PCB, dioxinas ni otros aglutinantes qu\u00edmicos que puedan emitirse. Para usted, esto significa: no exponerse a los contaminantes en la vida cotidiana. Esta es la base que hace que nuestros suelos sean lo que son: suelos naturales que no producen alergias y son higi\u00e9nicos.<\/p>\n                <\/div>\n            <\/div>\n        <\/div>\n    <\/div>\n<\/div>\n<div id=\"bdesign2022_imagetext_block_62f63b3a5464c\" class=\"bdesign2022_block bdesign2022_block--bdesign2022_imagetext\">\n    <div class=\"bdesign2022_block--wrapper\">\n        <div class=\"container\">\n            <div class=\"row align-items-center align-items-xxl-start align-items-xxxl-center\">\n                <div class=\"col-12 col-xl-7 col-xxl-6 col-xxxl-4 col-type-is-imagetext col-count-is-1\"><h3>Preguntas frecuentes<\/h3><p>\u00bfTiene preguntas sobre nuestros productos? Aqu\u00ed encontrar\u00e1 respuestas a las preguntas m\u00e1s frecuentes sobre los suelos de vinilo de b!design. \u00a1Desc\u00fabrelo ahora!<\/p>\n<a class=\"btn btn-bdesign2022 btn-pagelink\" href=\"https:\/\/www.bdesign-floors.com\/wissenswertes\/haeufig-gestellte-fragen\/\">Preguntas frecuentes<\/a><\/div><div class=\"d-block d-md-block col-md-7 col-xl-4 col-xxl-5 col-xxxl-7 col-type-is-image col-count-is-2\"><img decoding=\"async\" class=\"img-fluid col-img\" src=\"https:\/\/www.bdesign-floors.com\/wp-content\/uploads\/2022\/08\/faq-boden-b-design.jpg\" srcset=\"https:\/\/www.bdesign-floors.com\/wp-content\/uploads\/2022\/08\/faq-boden-b-design.jpg 1110w, https:\/\/www.bdesign-floors.com\/wp-content\/uploads\/2022\/08\/faq-boden-b-design-768x510.jpg 768w, https:\/\/www.bdesign-floors.com\/wp-content\/uploads\/2022\/08\/faq-boden-b-design-452x300.jpg 452w\"><\/div>            <\/div>\n        <\/div>\n    <\/div>\n<\/div>\n<div id=\"bdesign2022_imagetext_block_62f63b855464d\" class=\"bdesign2022_block bdesign2022_block--bdesign2022_imagetext\">\n    <div class=\"bdesign2022_block--wrapper\">\n        <div class=\"container\">\n            <div class=\"row align-items-center align-items-xxl-start align-items-xxxl-center\">\n                <div class=\"d-block d-md-block col-md-7 col-xl-4 col-xxl-5 col-xxxl-7 col-type-is-image col-count-is-1\"><img decoding=\"async\" class=\"img-fluid col-img\" src=\"https:\/\/www.bdesign-floors.com\/wp-content\/uploads\/2022\/08\/sentinel-haus-zertifikat-vorteile-boden-b-design.jpg\" srcset=\"https:\/\/www.bdesign-floors.com\/wp-content\/uploads\/2022\/08\/sentinel-haus-zertifikat-vorteile-boden-b-design.jpg 1110w, https:\/\/www.bdesign-floors.com\/wp-content\/uploads\/2022\/08\/sentinel-haus-zertifikat-vorteile-boden-b-design-768x510.jpg 768w, https:\/\/www.bdesign-floors.com\/wp-content\/uploads\/2022\/08\/sentinel-haus-zertifikat-vorteile-boden-b-design-452x300.jpg 452w\"><\/div><div class=\"col-12 col-xl-7 col-xxl-6 col-xxxl-4 col-type-is-imagetext col-count-is-2\"><h3>Vida sana con Sentinel Haus como socio<\/h3><p>El Sentinel Haus Institut es el l\u00edder del mercado y del conocimiento en materia de salud en los edificios y s\u00f3lo publica productos probados para sustancias nocivas. Por eso estamos orgullosos de contar con nosotros como socios.<\/p>\n<a class=\"btn btn-bdesign2022 btn-pagelink\" href=\"https:\/\/www.bdesign-floors.com\/wissenswertes\/gesundes-wohnen\/\">Vida sana<\/a><\/div>            <\/div>\n        <\/div>\n    <\/div>\n<\/div>\n","protected":false},"excerpt":{"rendered":"","protected":false},"author":8,"featured_media":0,"parent":0,"menu_order":4,"comment_status":"closed","ping_status":"closed","template":"","meta":{"_acf_changed":false,"footnotes":""},"class_list":["post-13702","page","type-page","status-publish","hentry"],"acf":[],"yoast_head":"<!-- This site is optimized with the Yoast SEO plugin v24.2 - https:\/\/yoast.com\/wordpress\/plugins\/seo\/ -->\n<title>Cosas que hay que saber | b!design<\/title>\n<meta name=\"description\" content=\"Descubra todo lo que necesita saber sobre los revestimientos de suelo de b!design, su limpieza, cuidado, instalaci\u00f3n y mucho m\u00e1s en nuestras gu\u00edas. \u00a1Desc\u00fabrelo ahora!\" \/>\n<meta name=\"robots\" content=\"index, follow, max-snippet:-1, max-image-preview:large, max-video-preview:-1\" \/>\n<link rel=\"canonical\" href=\"https:\/\/www.bdesign-floors.com\/es\/lo-que-hay-que-saber\/\" \/>\n<meta property=\"og:locale\" content=\"es_ES\" \/>\n<meta property=\"og:type\" content=\"article\" \/>\n<meta property=\"og:title\" content=\"Cosas que hay que saber | b!design\" \/>\n<meta property=\"og:description\" content=\"Descubra todo lo que necesita saber sobre los revestimientos de suelo de b!design, su limpieza, cuidado, instalaci\u00f3n y mucho m\u00e1s en nuestras gu\u00edas. \u00a1Desc\u00fabrelo ahora!\" \/>\n<meta property=\"og:url\" content=\"https:\/\/www.bdesign-floors.com\/es\/lo-que-hay-que-saber\/\" \/>\n<meta property=\"og:site_name\" content=\"b!design\" \/>\n<meta property=\"article:modified_time\" content=\"2022-09-21T11:18:59+00:00\" \/>\n<meta name=\"twitter:card\" content=\"summary_large_image\" \/>\n<script type=\"application\/ld+json\" class=\"yoast-schema-graph\">{\"@context\":\"https:\/\/schema.org\",\"@graph\":[{\"@type\":\"WebPage\",\"@id\":\"https:\/\/www.bdesign-floors.com\/es\/lo-que-hay-que-saber\/\",\"url\":\"https:\/\/www.bdesign-floors.com\/es\/lo-que-hay-que-saber\/\",\"name\":\"Cosas que hay que saber | b!design\",\"isPartOf\":{\"@id\":\"https:\/\/bdesign.wp.factory.blim-dev.com\/#website\"},\"datePublished\":\"2022-09-12T14:40:04+00:00\",\"dateModified\":\"2022-09-21T11:18:59+00:00\",\"description\":\"Descubra todo lo que necesita saber sobre los revestimientos de suelo de b!design, su limpieza, cuidado, instalaci\u00f3n y mucho m\u00e1s en nuestras gu\u00edas. \u00a1Desc\u00fabrelo ahora!\",\"breadcrumb\":{\"@id\":\"https:\/\/www.bdesign-floors.com\/es\/lo-que-hay-que-saber\/#breadcrumb\"},\"inLanguage\":\"es\",\"potentialAction\":[{\"@type\":\"ReadAction\",\"target\":[\"https:\/\/www.bdesign-floors.com\/es\/lo-que-hay-que-saber\/\"]}]},{\"@type\":\"BreadcrumbList\",\"@id\":\"https:\/\/www.bdesign-floors.com\/es\/lo-que-hay-que-saber\/#breadcrumb\",\"itemListElement\":[{\"@type\":\"ListItem\",\"position\":1,\"name\":\"Home\",\"item\":\"https:\/\/www.bdesign-floors.com\/es\/\"},{\"@type\":\"ListItem\",\"position\":2,\"name\":\"Lo que hay que saber\"}]},{\"@type\":\"WebSite\",\"@id\":\"https:\/\/bdesign.wp.factory.blim-dev.com\/#website\",\"url\":\"https:\/\/bdesign.wp.factory.blim-dev.com\/\",\"name\":\"b!design\",\"description\":\"Just another WordPress site\",\"potentialAction\":[{\"@type\":\"SearchAction\",\"target\":{\"@type\":\"EntryPoint\",\"urlTemplate\":\"https:\/\/bdesign.wp.factory.blim-dev.com\/?s={search_term_string}\"},\"query-input\":{\"@type\":\"PropertyValueSpecification\",\"valueRequired\":true,\"valueName\":\"search_term_string\"}}],\"inLanguage\":\"es\"}]}<\/script>\n<!-- \/ Yoast SEO plugin. -->","yoast_head_json":{"title":"Cosas que hay que saber | b!design","description":"Descubra todo lo que necesita saber sobre los revestimientos de suelo de b!design, su limpieza, cuidado, instalaci\u00f3n y mucho m\u00e1s en nuestras gu\u00edas. \u00a1Desc\u00fabrelo ahora!","robots":{"index":"index","follow":"follow","max-snippet":"max-snippet:-1","max-image-preview":"max-image-preview:large","max-video-preview":"max-video-preview:-1"},"canonical":"https:\/\/www.bdesign-floors.com\/es\/lo-que-hay-que-saber\/","og_locale":"es_ES","og_type":"article","og_title":"Cosas que hay que saber | b!design","og_description":"Descubra todo lo que necesita saber sobre los revestimientos de suelo de b!design, su limpieza, cuidado, instalaci\u00f3n y mucho m\u00e1s en nuestras gu\u00edas. \u00a1Desc\u00fabrelo ahora!","og_url":"https:\/\/www.bdesign-floors.com\/es\/lo-que-hay-que-saber\/","og_site_name":"b!design","article_modified_time":"2022-09-21T11:18:59+00:00","twitter_card":"summary_large_image","schema":{"@context":"https:\/\/schema.org","@graph":[{"@type":"WebPage","@id":"https:\/\/www.bdesign-floors.com\/es\/lo-que-hay-que-saber\/","url":"https:\/\/www.bdesign-floors.com\/es\/lo-que-hay-que-saber\/","name":"Cosas que hay que saber | b!design","isPartOf":{"@id":"https:\/\/bdesign.wp.factory.blim-dev.com\/#website"},"datePublished":"2022-09-12T14:40:04+00:00","dateModified":"2022-09-21T11:18:59+00:00","description":"Descubra todo lo que necesita saber sobre los revestimientos de suelo de b!design, su limpieza, cuidado, instalaci\u00f3n y mucho m\u00e1s en nuestras gu\u00edas. \u00a1Desc\u00fabrelo ahora!","breadcrumb":{"@id":"https:\/\/www.bdesign-floors.com\/es\/lo-que-hay-que-saber\/#breadcrumb"},"inLanguage":"es","potentialAction":[{"@type":"ReadAction","target":["https:\/\/www.bdesign-floors.com\/es\/lo-que-hay-que-saber\/"]}]},{"@type":"BreadcrumbList","@id":"https:\/\/www.bdesign-floors.com\/es\/lo-que-hay-que-saber\/#breadcrumb","itemListElement":[{"@type":"ListItem","position":1,"name":"Home","item":"https:\/\/www.bdesign-floors.com\/es\/"},{"@type":"ListItem","position":2,"name":"Lo que hay que saber"}]},{"@type":"WebSite","@id":"https:\/\/bdesign.wp.factory.blim-dev.com\/#website","url":"https:\/\/bdesign.wp.factory.blim-dev.com\/","name":"b!design","description":"Just another WordPress site","potentialAction":[{"@type":"SearchAction","target":{"@type":"EntryPoint","urlTemplate":"https:\/\/bdesign.wp.factory.blim-dev.com\/?s={search_term_string}"},"query-input":{"@type":"PropertyValueSpecification","valueRequired":true,"valueName":"search_term_string"}}],"inLanguage":"es"}]}},"_links":{"self":[{"href":"https:\/\/www.bdesign-floors.com\/es\/wp-json\/wp\/v2\/pages\/13702","targetHints":{"allow":["GET"]}}],"collection":[{"href":"https:\/\/www.bdesign-floors.com\/es\/wp-json\/wp\/v2\/pages"}],"about":[{"href":"https:\/\/www.bdesign-floors.com\/es\/wp-json\/wp\/v2\/types\/page"}],"author":[{"embeddable":true,"href":"https:\/\/www.bdesign-floors.com\/es\/wp-json\/wp\/v2\/users\/8"}],"replies":[{"embeddable":true,"href":"https:\/\/www.bdesign-floors.com\/es\/wp-json\/wp\/v2\/comments?post=13702"}],"version-history":[{"count":2,"href":"https:\/\/www.bdesign-floors.com\/es\/wp-json\/wp\/v2\/pages\/13702\/revisions"}],"predecessor-version":[{"id":16501,"href":"https:\/\/www.bdesign-floors.com\/es\/wp-json\/wp\/v2\/pages\/13702\/revisions\/16501"}],"wp:attachment":[{"href":"https:\/\/www.bdesign-floors.com\/es\/wp-json\/wp\/v2\/media?parent=13702"}],"curies":[{"name":"wp","href":"https:\/\/api.w.org\/{rel}","templated":true}]}}