{"id":13933,"date":"2022-09-12T16:54:24","date_gmt":"2022-09-12T14:54:24","guid":{"rendered":"https:\/\/www.bdesign-floors.com\/pie-de-imprenta\/"},"modified":"2022-09-12T16:54:25","modified_gmt":"2022-09-12T14:54:25","slug":"pie-de-imprenta","status":"publish","type":"page","link":"https:\/\/www.bdesign-floors.com\/es\/sobre-nosotros\/pie-de-imprenta\/","title":{"rendered":"Pie de imprenta"},"content":{"rendered":"<div id=\"bdesign2022_spacer_block_63061d222b814\" class=\"bdesign2022_block bdesign2022_block--bdesign2022_spacer\">\n    <div class=\"bdesign2022_block--wrapper\">\n        <div class=\"spacer\" style=\"height: 100px\"><\/div>\n    <\/div>\n<\/div>\n<div id=\"bdesign2022_customcontent_block_63061cc72b813\" class=\"bdesign2022_block bdesign2022_block--bdesign2022_customcontent\">\n    <div class=\"bdesign2022_block--wrapper\">\n        <div class=\"container\">\n            <div class=\"row\">\n                \n                    <div class=\"col-0 col-sm-2\"><\/div>\n                    <div class=\"col-12 col-sm-10 my-4\">\n                        <h1>Pie de imprenta<\/h1>\n<p><strong>El operador de estas p\u00e1ginas de Internet es el<\/strong><\/p>\n<p>BAUHAUS E-Business GmbH &amp; Co KG<br \/>\nCalle Gutenberg 21<br \/>\nD-68167 Mannheim<\/p>\n<p>N\u00famero de identificaci\u00f3n del IVA: DE 156673152<br \/>\nTribunal local de Mannheim: HRA 3983<\/p>\n<p>Tel\u00e9fono: <a href=\"tel:8003905000\">+49 800 3905 000<\/a><br \/>\nCorreo electr\u00f3nico: <a href=\"mailto:service@bauhaus.info\">service@bauhaus.info<\/a><\/p>\n<h2>Socio responsable personalmente<\/h2>\n<p>Werkhaus GmbH<br \/>\nSede: Mannheim<br \/>\nTribunal local de Mannheim HRB 6426<br \/>\nDirectores generales: Bernd Baus, Lutz Fiedler<\/p>\n<h2>Aviso de responsabilidad<\/h2>\n<p>A pesar del cuidadoso control del contenido, no asumimos ninguna responsabilidad por el contenido de los enlaces externos. Los operadores de las p\u00e1ginas enlazadas son los \u00fanicos responsables de su contenido.<\/p>\n<h2>Descargo de responsabilidad<\/h2>\n<p>No garantizamos la exactitud de ninguno de los contenidos. Las contribuciones se basan en fuentes que consideramos fiables. Por lo tanto, no se puede asumir ninguna responsabilidad o garant\u00eda por la actualidad, exactitud e integridad de la informaci\u00f3n proporcionada.<br \/>\nEl uso comercial y\/o la distribuci\u00f3n posterior de los contenidos de estas p\u00e1ginas de Internet requieren un consentimiento por escrito.<br \/>\nLa informaci\u00f3n de nuestro sitio web ha sido recopilada con cuidado y de acuerdo con el estado actual de la ciencia y la tecnolog\u00eda. El nivel de conocimientos y experiencia est\u00e1 siempre en evoluci\u00f3n. Por lo tanto, aseg\u00farese de comprobar siempre el \u00faltimo estado del sitio web antes de realizar cualquier trabajo. Por favor, comprenda que debemos limitar nuestra responsabilidad por la informaci\u00f3n de estas p\u00e1ginas a la intenci\u00f3n, la negligencia grave y el incumplimiento de obligaciones esenciales. Las aplicaciones de los productos descritos no pueden tener en cuenta las circunstancias especiales de cada caso. Por lo tanto, compruebe la idoneidad de los productos utilizados para la aplicaci\u00f3n espec\u00edfica y tenga siempre en cuenta las instrucciones de uso y la informaci\u00f3n del fabricante.<\/p>\n<h2>Cr\u00e9ditos de las im\u00e1genes<\/h2>\n<p>\u00a9 Shutterstock<a href=\"https:\/\/www.shutterstock.com\/de\/\" target=\"_blank\" rel=\"noopener\">(shutterstock.com<\/a>)<\/p>\n                    <\/div>\n\n                                <\/div>\n        <\/div>\n    <\/div>\n<\/div>\n<div id=\"bdesign2022_spacer_block_63061d3a2b815\" class=\"bdesign2022_block bdesign2022_block--bdesign2022_spacer\">\n    <div class=\"bdesign2022_block--wrapper\">\n        <div class=\"spacer\" style=\"height: 100px\"><\/div>\n    <\/div>\n<\/div>\n","protected":false},"excerpt":{"rendered":"","protected":false},"author":8,"featured_media":0,"parent":13953,"menu_order":4,"comment_status":"closed","ping_status":"closed","template":"","meta":{"_acf_changed":false,"footnotes":""},"class_list":["post-13933","page","type-page","status-publish","hentry"],"acf":[],"yoast_head":"<!-- This site is optimized with the Yoast SEO plugin v24.2 - https:\/\/yoast.com\/wordpress\/plugins\/seo\/ -->\n<title>Pie de imprenta - b!design<\/title>\n<meta name=\"robots\" content=\"index, follow, max-snippet:-1, max-image-preview:large, max-video-preview:-1\" \/>\n<link rel=\"canonical\" href=\"https:\/\/www.bdesign-floors.com\/es\/sobre-nosotros\/pie-de-imprenta\/\" \/>\n<meta property=\"og:locale\" content=\"es_ES\" \/>\n<meta property=\"og:type\" content=\"article\" \/>\n<meta property=\"og:title\" content=\"Pie de imprenta - b!design\" \/>\n<meta property=\"og:url\" content=\"https:\/\/www.bdesign-floors.com\/es\/sobre-nosotros\/pie-de-imprenta\/\" \/>\n<meta property=\"og:site_name\" content=\"b!design\" \/>\n<meta property=\"article:modified_time\" content=\"2022-09-12T14:54:25+00:00\" \/>\n<meta name=\"twitter:card\" content=\"summary_large_image\" \/>\n<script type=\"application\/ld+json\" class=\"yoast-schema-graph\">{\"@context\":\"https:\/\/schema.org\",\"@graph\":[{\"@type\":\"WebPage\",\"@id\":\"https:\/\/www.bdesign-floors.com\/es\/sobre-nosotros\/pie-de-imprenta\/\",\"url\":\"https:\/\/www.bdesign-floors.com\/es\/sobre-nosotros\/pie-de-imprenta\/\",\"name\":\"Pie de imprenta - b!design\",\"isPartOf\":{\"@id\":\"https:\/\/bdesign.wp.factory.blim-dev.com\/#website\"},\"datePublished\":\"2022-09-12T14:54:24+00:00\",\"dateModified\":\"2022-09-12T14:54:25+00:00\",\"breadcrumb\":{\"@id\":\"https:\/\/www.bdesign-floors.com\/es\/sobre-nosotros\/pie-de-imprenta\/#breadcrumb\"},\"inLanguage\":\"es\",\"potentialAction\":[{\"@type\":\"ReadAction\",\"target\":[\"https:\/\/www.bdesign-floors.com\/es\/sobre-nosotros\/pie-de-imprenta\/\"]}]},{\"@type\":\"BreadcrumbList\",\"@id\":\"https:\/\/www.bdesign-floors.com\/es\/sobre-nosotros\/pie-de-imprenta\/#breadcrumb\",\"itemListElement\":[{\"@type\":\"ListItem\",\"position\":1,\"name\":\"Home\",\"item\":\"https:\/\/www.bdesign-floors.com\/es\/\"},{\"@type\":\"ListItem\",\"position\":2,\"name\":\"Pie de imprenta\"}]},{\"@type\":\"WebSite\",\"@id\":\"https:\/\/bdesign.wp.factory.blim-dev.com\/#website\",\"url\":\"https:\/\/bdesign.wp.factory.blim-dev.com\/\",\"name\":\"b!design\",\"description\":\"Just another WordPress site\",\"potentialAction\":[{\"@type\":\"SearchAction\",\"target\":{\"@type\":\"EntryPoint\",\"urlTemplate\":\"https:\/\/bdesign.wp.factory.blim-dev.com\/?s={search_term_string}\"},\"query-input\":{\"@type\":\"PropertyValueSpecification\",\"valueRequired\":true,\"valueName\":\"search_term_string\"}}],\"inLanguage\":\"es\"}]}<\/script>\n<!-- \/ Yoast SEO plugin. -->","yoast_head_json":{"title":"Pie de imprenta - b!design","robots":{"index":"index","follow":"follow","max-snippet":"max-snippet:-1","max-image-preview":"max-image-preview:large","max-video-preview":"max-video-preview:-1"},"canonical":"https:\/\/www.bdesign-floors.com\/es\/sobre-nosotros\/pie-de-imprenta\/","og_locale":"es_ES","og_type":"article","og_title":"Pie de imprenta - b!design","og_url":"https:\/\/www.bdesign-floors.com\/es\/sobre-nosotros\/pie-de-imprenta\/","og_site_name":"b!design","article_modified_time":"2022-09-12T14:54:25+00:00","twitter_card":"summary_large_image","schema":{"@context":"https:\/\/schema.org","@graph":[{"@type":"WebPage","@id":"https:\/\/www.bdesign-floors.com\/es\/sobre-nosotros\/pie-de-imprenta\/","url":"https:\/\/www.bdesign-floors.com\/es\/sobre-nosotros\/pie-de-imprenta\/","name":"Pie de imprenta - b!design","isPartOf":{"@id":"https:\/\/bdesign.wp.factory.blim-dev.com\/#website"},"datePublished":"2022-09-12T14:54:24+00:00","dateModified":"2022-09-12T14:54:25+00:00","breadcrumb":{"@id":"https:\/\/www.bdesign-floors.com\/es\/sobre-nosotros\/pie-de-imprenta\/#breadcrumb"},"inLanguage":"es","potentialAction":[{"@type":"ReadAction","target":["https:\/\/www.bdesign-floors.com\/es\/sobre-nosotros\/pie-de-imprenta\/"]}]},{"@type":"BreadcrumbList","@id":"https:\/\/www.bdesign-floors.com\/es\/sobre-nosotros\/pie-de-imprenta\/#breadcrumb","itemListElement":[{"@type":"ListItem","position":1,"name":"Home","item":"https:\/\/www.bdesign-floors.com\/es\/"},{"@type":"ListItem","position":2,"name":"Pie de imprenta"}]},{"@type":"WebSite","@id":"https:\/\/bdesign.wp.factory.blim-dev.com\/#website","url":"https:\/\/bdesign.wp.factory.blim-dev.com\/","name":"b!design","description":"Just another WordPress site","potentialAction":[{"@type":"SearchAction","target":{"@type":"EntryPoint","urlTemplate":"https:\/\/bdesign.wp.factory.blim-dev.com\/?s={search_term_string}"},"query-input":{"@type":"PropertyValueSpecification","valueRequired":true,"valueName":"search_term_string"}}],"inLanguage":"es"}]}},"_links":{"self":[{"href":"https:\/\/www.bdesign-floors.com\/es\/wp-json\/wp\/v2\/pages\/13933","targetHints":{"allow":["GET"]}}],"collection":[{"href":"https:\/\/www.bdesign-floors.com\/es\/wp-json\/wp\/v2\/pages"}],"about":[{"href":"https:\/\/www.bdesign-floors.com\/es\/wp-json\/wp\/v2\/types\/page"}],"author":[{"embeddable":true,"href":"https:\/\/www.bdesign-floors.com\/es\/wp-json\/wp\/v2\/users\/8"}],"replies":[{"embeddable":true,"href":"https:\/\/www.bdesign-floors.com\/es\/wp-json\/wp\/v2\/comments?post=13933"}],"version-history":[{"count":1,"href":"https:\/\/www.bdesign-floors.com\/es\/wp-json\/wp\/v2\/pages\/13933\/revisions"}],"predecessor-version":[{"id":13934,"href":"https:\/\/www.bdesign-floors.com\/es\/wp-json\/wp\/v2\/pages\/13933\/revisions\/13934"}],"up":[{"embeddable":true,"href":"https:\/\/www.bdesign-floors.com\/es\/wp-json\/wp\/v2\/pages\/13953"}],"wp:attachment":[{"href":"https:\/\/www.bdesign-floors.com\/es\/wp-json\/wp\/v2\/media?parent=13933"}],"curies":[{"name":"wp","href":"https:\/\/api.w.org\/{rel}","templated":true}]}}