{"id":14013,"date":"2022-09-12T17:18:48","date_gmt":"2022-09-12T15:18:48","guid":{"rendered":"https:\/\/www.bdesign-floors.com\/sobre-nosotros\/proteccion-de-datos\/"},"modified":"2022-10-17T10:49:31","modified_gmt":"2022-10-17T08:49:31","slug":"proteccion-de-datos","status":"publish","type":"page","link":"https:\/\/www.bdesign-floors.com\/es\/sobre-nosotros\/proteccion-de-datos\/","title":{"rendered":"Protecci\u00f3n de datos"},"content":{"rendered":"<div id=\"bdesign2022_spacer_block_63061d222b814\" class=\"bdesign2022_block bdesign2022_block--bdesign2022_spacer\">\n    <div class=\"bdesign2022_block--wrapper\">\n        <div class=\"spacer\" style=\"height: 100px\"><\/div>\n    <\/div>\n<\/div>\n<div id=\"bdesign2022_customcontent_block_63061cc72b813\" class=\"bdesign2022_block bdesign2022_block--bdesign2022_customcontent\">\n    <div class=\"bdesign2022_block--wrapper\">\n        <div class=\"container\">\n            <div class=\"row\">\n                \n                    <div class=\"col-0 col-sm-2\"><\/div>\n                    <div class=\"col-12 col-sm-10 my-4\">\n                        <h1>Pol\u00edtica de privacidad<\/h1>\n<p>Su privacidad es importante para nosotros. Queremos que se sienta seguro con nosotros. Por este motivo, nosotros y nuestro responsable de la protecci\u00f3n de datos velamos por el cumplimiento de la normativa de protecci\u00f3n de datos, en particular el Reglamento Europeo de Protecci\u00f3n de Datos (DSGVO) y la Ley Federal de Protecci\u00f3n de Datos alemana (BDSG). A continuaci\u00f3n le informamos de las finalidades del tratamiento de sus datos y de c\u00f3mo puede ejercer sus derechos. Puede acceder a la declaraci\u00f3n de protecci\u00f3n de datos en cualquier momento a trav\u00e9s de la pesta\u00f1a \u00abProtecci\u00f3n de datos\u00bb al pie de cada p\u00e1gina.<\/p>\n<h4>Nombre y datos de contacto de la persona responsable<\/h4>\n<p>\u00a1B! El dise\u00f1o es una oferta de BAUHAUS. El servicio de atenci\u00f3n al cliente es prestado por las empresas de BAUHAUS<a href=\"https:\/\/www.bauhaus.info\/gesellschaften\" target=\"_blank\" rel=\"noopener noreferrer\">(https:\/\/www.bauhaus.info\/gesellschaften<\/a>) sobre la base de un acuerdo sobre los responsables conjuntos en el sentido del art. 26 p\u00e1rr. 1 P. 1 GDPR. El punto central de contacto para las consultas relacionadas con la protecci\u00f3n de datos de los clientes o interesados es el<\/p>\n<p><strong>BAUHAUS AG<\/strong><br \/>\nSucursal de Mannheim<br \/>\nCalle Gutenberg 21<br \/>\n68167 Mannheim<br \/>\nAlemania<br \/>\nTel\u00e9fono: 0800 3905 000<br \/>\nCorreo electr\u00f3nico: <a href=\"mailto:datenschutz@bauhaus.info\">datenschutz@bauhaus.info.<\/a><\/p>\n<p>BAUHAUS AG asume el cumplimiento de los derechos del interesado de acuerdo con el GDPR (v\u00e9ase m\u00e1s abajo los derechos del interesado).<br \/>\nLas empresas de BAUHAUS transmiten a BAUHAUS AG todas las consultas de los clientes y de terceros sobre la protecci\u00f3n de datos. Las solicitudes directas al responsable de la protecci\u00f3n de datos no se ven afectadas. El contenido esencial del acuerdo de los corresponsables en el sentido del art. 26 p\u00e1rr. 1 S. 1 DSGVO se puede encontrar en: <a href=\"https:\/\/www.bauhaus.info\/gemeinsam_verantwortliche\" target=\"_blank\" rel=\"noopener noreferrer\">www.bauhaus.info\/gemeinsam_verantwortliche.<\/a><\/p>\n<h4>Datos de contacto del responsable de la protecci\u00f3n de datos<\/h4>\n<p>Si usted, como sujeto de los datos, tiene preguntas sobre el tratamiento de sus datos seg\u00fan la ley de protecci\u00f3n de datos, hay dos maneras de plantear sus preguntas o presentar sus preocupaciones:<\/p>\n<ul>\n<li>Para consultas generales sobre la protecci\u00f3n de datos y el ejercicio de los derechos de los interesados, como la solicitud de informaci\u00f3n, dir\u00edjase a la direcci\u00f3n de protecci\u00f3n de datos de BAUHAUS: datenschutz@bauhaus.info; y<\/li>\n<li>Para consultas espec\u00edficas, tambi\u00e9n puede ponerse en contacto directamente con el responsable de la protecci\u00f3n de datos designado en cualquier momento en: <a href=\"mailto:datenschutzbeauftragter@bauhaus.info.\">datenschutzbeauftragter@bauhaus.info.<\/a><\/li>\n<\/ul>\n<h4>Finalidad y base jur\u00eddica del tratamiento de datos<\/h4>\n<h6>Archivos de registro del servidor<\/h6>\n<p>Cuando usted visita www.bdesign-vinyl.de, el servidor web lo registra autom\u00e1ticamente en los llamados archivos de registro del servidor. Estos datos incluyen el navegador utilizado, el sistema operativo y la hora de acceso. Estos datos s\u00f3lo se utilizan con fines de evaluaci\u00f3n estad\u00edstica y por motivos de seguridad (por ejemplo, para aclarar actos de abuso o fraude) y para el funcionamiento del sitio web. La base legal para el tratamiento de datos es el art\u00edculo 6, apartado. 1 S. 1 lit. f) GDPR. Nuestro inter\u00e9s leg\u00edtimo es el funcionamiento y la presentaci\u00f3n, as\u00ed como la mejora de la estabilidad y la funcionalidad de nuestro sitio web.<\/p>\n<p>El suministro de los datos personales antes mencionados por su parte no es obligatorio ni legal ni contractualmente. Sin embargo, sin el procesamiento de los archivos de registro del servidor, no se puede garantizar el servicio y la funcionalidad de nuestro sitio web. Adem\u00e1s, algunos servicios pueden no estar disponibles o estar restringidos.<\/p>\n<h6>Uso de cookies<\/h6>\n<p>Las cookies se almacenan en su ordenador cuando utiliza nuestro sitio web. Las cookies son peque\u00f1os archivos de texto que se almacenan en su disco duro, asignados al navegador que est\u00e1 utilizando, y a trav\u00e9s de los cuales fluye cierta informaci\u00f3n hacia el organismo que establece la cookie.<\/p>\n<p>Las cookies no pueden ejecutar programas ni transmitir virus a su ordenador. Sirven para que la oferta de Internet en su conjunto sea m\u00e1s f\u00e1cil de usar y eficaz. Las cookies se utilizan en este sitio web, por ejemplo, para evaluar el comportamiento de los visitantes en el sitio web. Puede configurar los ajustes de su navegador seg\u00fan sus preferencias y, por ejemplo, rechazar las cookies de terceros o todas las cookies. Tenga en cuenta que entonces es posible que no pueda utilizar todas las funciones de este sitio web.<\/p>\n<h6>Google Analytics<\/h6>\n<p>Utilizamos Google Analytics, un servicio de an\u00e1lisis web prestado por Google Ireland Limited, Gordon House, Barrow Street, Dubl\u00edn 4, Irlanda (\u00abGoogle\u00bb). Google utiliza cookies. La informaci\u00f3n generada por la cookie sobre el uso de la oferta en l\u00ednea por parte del usuario se transmite normalmente a un servidor de Google en los Estados Unidos y se almacena all\u00ed.<\/p>\n<p>Google cuenta con la certificaci\u00f3n del Escudo de Privacidad y, por lo tanto, ofrece una garant\u00eda de cumplimiento de la ley europea de protecci\u00f3n de datos<a href=\"https:\/\/www.privacyshield.gov\/participant?id=a2zt000000001L5AAI&amp;status=Active\" target=\"_blank\" rel=\"noopener noreferrer\">(https:\/\/www.privacyshield.gov\/participant?id=a2zt000000001L5AAI&amp;status=Active)<\/a>.<\/p>\n<p>Google usar\u00e1 esta informaci\u00f3n por cuenta nuestra con el prop\u00f3sito de evaluar su uso de nuestro sitio web, recopilando informes de la actividad del sitio web y prestando otros servicios relacionados con la actividad del sitio web y el uso de Internet. A partir de los datos procesados se pueden crear perfiles de usuario seud\u00f3nimos. El tratamiento de los datos se basa en su consentimiento de acuerdo con el Art. 6 para. 1 S. 1 lit. a) GDPR. Puede revocar su consentimiento en cualquier momento con efecto para el futuro. A continuaci\u00f3n se describen las opciones de revocaci\u00f3n que tiene a su disposici\u00f3n para este fin.<\/p>\n<p>S\u00f3lo utilizamos Google Analytics con la anonimizaci\u00f3n de la IP activada. Esto significa que la direcci\u00f3n IP del usuario es acortada por Google dentro de los estados miembros de la Uni\u00f3n Europea o en otros estados contratantes del Acuerdo sobre el Espacio Econ\u00f3mico Europeo. S\u00f3lo en casos excepcionales se transmitir\u00e1 la direcci\u00f3n IP completa a un servidor de Google en Estados Unidos y se acortar\u00e1 all\u00ed.<\/p>\n<p>La direcci\u00f3n IP transmitida por el navegador del usuario no se fusiona con otros datos de Google. Los usuarios pueden impedir el almacenamiento de las cookies configurando su software de navegaci\u00f3n en consecuencia; los usuarios tambi\u00e9n pueden impedir la recopilaci\u00f3n de los datos generados por la cookie y relacionados con su uso de la oferta en l\u00ednea a Google, as\u00ed como el tratamiento de estos datos por parte de Google, descargando e instalando el plugin del navegador disponible en el siguiente enlace:  <a href=\"http:\/\/tools.google.com\/dlpage\/gaoptout?hl=de\" target=\"_blank\" rel=\"noopener noreferrer\">http:\/\/tools.google.com\/dlpage\/gaoptout?hl=de.<\/a><\/p>\n<p>Para obtener m\u00e1s informaci\u00f3n sobre el uso de los datos por parte de Google, la configuraci\u00f3n y las opciones de exclusi\u00f3n, consulte la pol\u00edtica de privacidad de Google<a href=\"https:\/\/policies.google.com\/technologies\/ads\" target=\"_blank\" rel=\"noopener noreferrer\">(https:\/\/policies.google.com\/technologies\/ads)<\/a> y la configuraci\u00f3n para la visualizaci\u00f3n de anuncios por parte de Google<a href=\"https:\/\/adssettings.google.com\/authenticated\" target=\"_blank\" rel=\"noopener noreferrer\">(https:\/\/adssettings.google.com\/authenticated)<\/a>.<\/p>\n<p>Como alternativa al complemento del navegador o dentro de los navegadores de los dispositivos m\u00f3viles, haga clic en este enlace para evitar la recopilaci\u00f3n por parte de Google Analytics dentro de este sitio web en el futuro:<\/p>\n<h6>Exclusi\u00f3n anal\u00edtica<\/h6>\n<p>Esto coloca una cookie de exclusi\u00f3n en su dispositivo. Si borra sus cookies, deber\u00e1 hacer clic de nuevo en este enlace.<br \/>\nEl suministro de los datos personales mencionados no es obligatorio por ley ni por contrato. Sin embargo, sin estos datos no es posible el an\u00e1lisis, la optimizaci\u00f3n y el funcionamiento econ\u00f3mico de nuestra oferta en l\u00ednea.<\/p>\n<h6>Consentimiento de las cookies con Borlabs Cookie<\/h6>\n<p>Nuestro sitio web utiliza la tecnolog\u00eda de consentimiento de cookies de Borlabs Cookie para obtener su consentimiento para almacenar determinadas cookies en su navegador y documentarlo de acuerdo con la ley de protecci\u00f3n de datos. El proveedor de esta tecnolog\u00eda es Borlabs &#8211; Benjamin A. Bornschein, Georg-Wilhelm-Str. 17, 21107 Hamburgo (en adelante, Borlabs).<br \/>\nCuando entra en nuestra p\u00e1gina web, se almacena una cookie de Borlabs en su navegador, que guarda los consentimientos que ha dado o la revocaci\u00f3n de los mismos. Estos datos no se comparten con el proveedor de cookies de Borlabs.<br \/>\nLos datos recogidos se almacenar\u00e1n hasta que nos solicite su eliminaci\u00f3n o hasta que usted mismo elimine la cookie de Borlabs, o hasta que el prop\u00f3sito de almacenar los datos deje de ser aplicable. Los periodos de conservaci\u00f3n obligatorios no se ven afectados. Los detalles sobre el tratamiento de datos de la cookie de Borlabs se pueden encontrar en <a href=\"https:\/\/de.borlabs.io\/kb\/welche-daten-speichert-borlabs-cookie\/\">https:\/\/de.borlabs.io\/kb\/welche-daten-speichert-borlabs-cookie\/.<\/a><br \/>\nEl uso de la tecnolog\u00eda de consentimiento de cookies de Borlabs se realiza con el fin de obtener los consentimientos legalmente requeridos para el uso de cookies. La base legal para ello es el art. 6, p\u00e1rr. 1 S. 1 lit. c GDPR.<br \/>\n<span class=\"borlabs-cookie-open-dialog-preferences brlbs-cmpnt-container\" data-borlabs-cookie-title=\"Cambiar la configuraci\u00f3n de las cookies\" data-borlabs-cookie-type=\"button\" ><\/span><\/p>\n<h6>YouTube<\/h6>\n<p>Nuestro sitio utiliza el proveedor YouTube LLC , 901 Cherry Avenue, San Bruno, CA 94066, USA, representado por Google Inc., 1600 Amphitheatre Parkway, Mountain View, CA 94043, USA, para la integraci\u00f3n de los v\u00eddeos. Normalmente, cuando accede a una p\u00e1gina con v\u00eddeos incrustados, su direcci\u00f3n IP ya se env\u00eda a YouTube y se instalan cookies en su ordenador.<\/p>\n<p>Sin embargo, hemos incrustado nuestros v\u00eddeos de YouTube con el modo de protecci\u00f3n de datos ampliado (en este caso, YouTube sigue poni\u00e9ndose en contacto con el servicio Double Klick de Google, pero seg\u00fan la pol\u00edtica de privacidad de Google, los datos personales no se eval\u00faan en el proceso). Esto significa que YouTube ya no almacena informaci\u00f3n sobre los visitantes a menos que vean el v\u00eddeo. Cuando usted hace clic en el v\u00eddeo, su direcci\u00f3n IP se transmite a YouTube y YouTube se entera de que usted ha visto el v\u00eddeo. Si est\u00e1 conectado a YouTube, esta informaci\u00f3n tambi\u00e9n se asignar\u00e1 a su cuenta de usuario (puede evitarlo cerrando la sesi\u00f3n de YouTube antes de ver el v\u00eddeo).<\/p>\n<p>Para m\u00e1s informaci\u00f3n sobre la finalidad y el alcance de la recogida y el tratamiento de datos por parte de YouTube, consulte su pol\u00edtica de privacidad. All\u00ed tambi\u00e9n encontrar\u00e1 m\u00e1s informaci\u00f3n sobre sus derechos y opciones de configuraci\u00f3n para proteger su privacidad: <a href=\"https:\/\/www.google.de\/intl\/de\/policies\/privacy\" target=\"_blank\" rel=\"noopener noreferrer\">https:\/\/www.google.de\/intl\/de\/policies\/privacy.<\/a> Google tambi\u00e9n procesa sus datos personales en Estados Unidos y se ha sometido al Escudo de Privacidad UE-EE.UU., <a href=\"https:\/\/www.privacyshield.gov\/EU-US-Framework\" target=\"_blank\" rel=\"noopener noreferrer\">https:\/\/www.privacyshield.gov\/EU-US-Framework.\u00bb<\/a><\/p>\n<h6>Destinatarios de los datos personales<\/h6>\n<p>Seg\u00fan lo permitido por la ley, sus datos personales se comunicar\u00e1n a las siguientes empresas dentro de la UE:<br \/>\nOtras empresas de BAUHAUS<a href=\"https:\/\/www.bauhaus.info\/gesellschaften\" target=\"_blank\" rel=\"noopener noreferrer\">(https:\/\/www.bauhaus.info\/gesellschaften)<\/a> y sus procesadores de pedidos, en caso de ser necesario, para consultas posteriores, para la conclusi\u00f3n de contratos deseados o para la prestaci\u00f3n de otro servicio y procesadores de pedidos de BAUHAUS AG para servicios de TI y para la administraci\u00f3n del backend del sitio web.<\/p>\n<h6>Duraci\u00f3n del almacenamiento de datos<\/h6>\n<p>Almacenamos sus datos durante el tiempo que requiera la finalidad correspondiente:<\/p>\n<ul>\n<li>Archivos de registro del servidor: 30 d\u00edas<\/li>\n<li>Cookie de Google Analytics: 2. a\u00f1os<\/li>\n<\/ul>\n<h4>Derechos de los interesados<\/h4>\n<p>Sus derechos como interesado est\u00e1n ampliamente garantizados por las empresas de BAUHAUS.<\/p>\n<h6>Retirada del consentimiento<\/h6>\n<p>En la medida en que haya dado su consentimiento para el tratamiento de datos personales en el contexto del uso de este sitio web, puede retirar este consentimiento de acuerdo con el Art. 7 Para. 3 DSGVO en cualquier momento. La revocaci\u00f3n puede enviarse por correo electr\u00f3nico a <a href=\"mailto:datenschutz@bauhaus.info\" target=\"_blank\" rel=\"noopener noreferrer\">datenschutz@bauhaus.info<\/a> o por escrito a la direcci\u00f3n arriba indicada. Los efectos de la revocaci\u00f3n se limitan al hecho de que los datos personales en cuesti\u00f3n dejar\u00e1n de ser tratados en el futuro. Por lo tanto, dicha revocaci\u00f3n afecta a la permisibilidad del tratamiento de sus datos personales despu\u00e9s de hab\u00e9rnoslo expresado. Sin embargo, tenga en cuenta que, en este caso, puede que ya no sea posible tratar los datos en cuesti\u00f3n en el futuro.<\/p>\n<h6>Derecho a oponerse al tratamiento de acuerdo con el art. 6 p\u00e1rr. 1 S. 1 lit. f) DSGVO<\/h6>\n<p>De acuerdo con el art. 21 p\u00e1rr. 1 p. 1 DSGVO el derecho a oponerse en cualquier momento al tratamiento de sus datos personales sobre la base del art. 6 (1) DSGVO por motivos derivados de su situaci\u00f3n particular. 1 S. 1 lit. f) DSGVO.<\/p>\n<p>Si se opone, dejaremos de procesar sus datos personales, a menos que podamos demostrar que existen motivos leg\u00edtimos imperiosos para el tratamiento que prevalezcan sobre sus intereses, derechos y libertades, o que el tratamiento sirva para hacer valer, ejercer o defender reclamaciones legales.<\/p>\n<h6>Otros derechos<\/h6>\n<p>Usted tiene los siguientes derechos adicionales con respecto a sus datos personales procesados si se cumplen las respectivas condiciones espec\u00edficas frente al responsable del tratamiento:<\/p>\n<ul>\n<li>Derecho de acceso del interesado, Art. 15 GDPR;<\/li>\n<li>Derecho de rectificaci\u00f3n, Art. 16 GDPR;<\/li>\n<li>Derecho de supresi\u00f3n, Art. 17 DSGVO;<\/li>\n<li>Derecho a la restricci\u00f3n del tratamiento, art. 18 del RGPD; y<\/li>\n<li>Derecho a la portabilidad de los datos seg\u00fan el art\u00edculo 20 de la DSGVO.<\/li>\n<li>Tambi\u00e9n tiene derecho a presentar una reclamaci\u00f3n ante una autoridad de control si considera que el tratamiento de los datos personales que le conciernen infringe el RGPD.<\/li>\n<\/ul>\n<h6>Actualizaci\u00f3n y modificaci\u00f3n<\/h6>\n<p>La pol\u00edtica de privacidad debe adaptarse de vez en cuando a las circunstancias reales y a la situaci\u00f3n legal. Por favor, compruebe la declaraci\u00f3n de protecci\u00f3n de datos antes de utilizar nuestra oferta para estar al d\u00eda de posibles cambios o actualizaciones.<\/p>\n<p>Stand: 15.08.2019<\/p>\n                    <\/div>\n\n                                <\/div>\n        <\/div>\n    <\/div>\n<\/div>\n<div id=\"bdesign2022_spacer_block_630ccf3392a76\" class=\"bdesign2022_block bdesign2022_block--bdesign2022_spacer\">\n    <div class=\"bdesign2022_block--wrapper\">\n        <div class=\"spacer\" style=\"height: 100px\"><\/div>\n    <\/div>\n<\/div>\n","protected":false},"excerpt":{"rendered":"","protected":false},"author":8,"featured_media":0,"parent":13953,"menu_order":3,"comment_status":"closed","ping_status":"closed","template":"","meta":{"_acf_changed":false,"footnotes":""},"class_list":["post-14013","page","type-page","status-publish","hentry"],"acf":[],"yoast_head":"<!-- This site is optimized with the Yoast SEO plugin v24.2 - https:\/\/yoast.com\/wordpress\/plugins\/seo\/ -->\n<title>Privacidad | b!design<\/title>\n<meta name=\"description\" content=\"Protecci\u00f3n de datos: a continuaci\u00f3n le informamos sobre la recogida de datos personales al utilizar nuestro sitio web.\" \/>\n<meta name=\"robots\" content=\"index, follow, max-snippet:-1, max-image-preview:large, max-video-preview:-1\" \/>\n<link rel=\"canonical\" href=\"https:\/\/www.bdesign-floors.com\/es\/sobre-nosotros\/proteccion-de-datos\/\" \/>\n<meta property=\"og:locale\" content=\"es_ES\" \/>\n<meta property=\"og:type\" content=\"article\" \/>\n<meta property=\"og:title\" content=\"Privacidad | b!design\" \/>\n<meta property=\"og:description\" content=\"Protecci\u00f3n de datos: a continuaci\u00f3n le informamos sobre la recogida de datos personales al utilizar nuestro sitio web.\" \/>\n<meta property=\"og:url\" content=\"https:\/\/www.bdesign-floors.com\/es\/sobre-nosotros\/proteccion-de-datos\/\" \/>\n<meta property=\"og:site_name\" content=\"b!design\" \/>\n<meta property=\"article:modified_time\" content=\"2022-10-17T08:49:31+00:00\" \/>\n<meta name=\"twitter:card\" content=\"summary_large_image\" \/>\n<script type=\"application\/ld+json\" class=\"yoast-schema-graph\">{\"@context\":\"https:\/\/schema.org\",\"@graph\":[{\"@type\":\"WebPage\",\"@id\":\"https:\/\/www.bdesign-floors.com\/es\/sobre-nosotros\/proteccion-de-datos\/\",\"url\":\"https:\/\/www.bdesign-floors.com\/es\/sobre-nosotros\/proteccion-de-datos\/\",\"name\":\"Privacidad | b!design\",\"isPartOf\":{\"@id\":\"https:\/\/bdesign.wp.factory.blim-dev.com\/#website\"},\"datePublished\":\"2022-09-12T15:18:48+00:00\",\"dateModified\":\"2022-10-17T08:49:31+00:00\",\"description\":\"Protecci\u00f3n de datos: a continuaci\u00f3n le informamos sobre la recogida de datos personales al utilizar nuestro sitio web.\",\"breadcrumb\":{\"@id\":\"https:\/\/www.bdesign-floors.com\/es\/sobre-nosotros\/proteccion-de-datos\/#breadcrumb\"},\"inLanguage\":\"es\",\"potentialAction\":[{\"@type\":\"ReadAction\",\"target\":[\"https:\/\/www.bdesign-floors.com\/es\/sobre-nosotros\/proteccion-de-datos\/\"]}]},{\"@type\":\"BreadcrumbList\",\"@id\":\"https:\/\/www.bdesign-floors.com\/es\/sobre-nosotros\/proteccion-de-datos\/#breadcrumb\",\"itemListElement\":[{\"@type\":\"ListItem\",\"position\":1,\"name\":\"Home\",\"item\":\"https:\/\/www.bdesign-floors.com\/es\/\"},{\"@type\":\"ListItem\",\"position\":2,\"name\":\"Sobre nosotros\",\"item\":\"https:\/\/bdesign.wp.factory.blim-dev.com\/sobre-nosotros\/\"},{\"@type\":\"ListItem\",\"position\":3,\"name\":\"Protecci\u00f3n de datos\"}]},{\"@type\":\"WebSite\",\"@id\":\"https:\/\/bdesign.wp.factory.blim-dev.com\/#website\",\"url\":\"https:\/\/bdesign.wp.factory.blim-dev.com\/\",\"name\":\"b!design\",\"description\":\"Just another WordPress site\",\"potentialAction\":[{\"@type\":\"SearchAction\",\"target\":{\"@type\":\"EntryPoint\",\"urlTemplate\":\"https:\/\/bdesign.wp.factory.blim-dev.com\/?s={search_term_string}\"},\"query-input\":{\"@type\":\"PropertyValueSpecification\",\"valueRequired\":true,\"valueName\":\"search_term_string\"}}],\"inLanguage\":\"es\"}]}<\/script>\n<!-- \/ Yoast SEO plugin. -->","yoast_head_json":{"title":"Privacidad | b!design","description":"Protecci\u00f3n de datos: a continuaci\u00f3n le informamos sobre la recogida de datos personales al utilizar nuestro sitio web.","robots":{"index":"index","follow":"follow","max-snippet":"max-snippet:-1","max-image-preview":"max-image-preview:large","max-video-preview":"max-video-preview:-1"},"canonical":"https:\/\/www.bdesign-floors.com\/es\/sobre-nosotros\/proteccion-de-datos\/","og_locale":"es_ES","og_type":"article","og_title":"Privacidad | b!design","og_description":"Protecci\u00f3n de datos: a continuaci\u00f3n le informamos sobre la recogida de datos personales al utilizar nuestro sitio web.","og_url":"https:\/\/www.bdesign-floors.com\/es\/sobre-nosotros\/proteccion-de-datos\/","og_site_name":"b!design","article_modified_time":"2022-10-17T08:49:31+00:00","twitter_card":"summary_large_image","schema":{"@context":"https:\/\/schema.org","@graph":[{"@type":"WebPage","@id":"https:\/\/www.bdesign-floors.com\/es\/sobre-nosotros\/proteccion-de-datos\/","url":"https:\/\/www.bdesign-floors.com\/es\/sobre-nosotros\/proteccion-de-datos\/","name":"Privacidad | b!design","isPartOf":{"@id":"https:\/\/bdesign.wp.factory.blim-dev.com\/#website"},"datePublished":"2022-09-12T15:18:48+00:00","dateModified":"2022-10-17T08:49:31+00:00","description":"Protecci\u00f3n de datos: a continuaci\u00f3n le informamos sobre la recogida de datos personales al utilizar nuestro sitio web.","breadcrumb":{"@id":"https:\/\/www.bdesign-floors.com\/es\/sobre-nosotros\/proteccion-de-datos\/#breadcrumb"},"inLanguage":"es","potentialAction":[{"@type":"ReadAction","target":["https:\/\/www.bdesign-floors.com\/es\/sobre-nosotros\/proteccion-de-datos\/"]}]},{"@type":"BreadcrumbList","@id":"https:\/\/www.bdesign-floors.com\/es\/sobre-nosotros\/proteccion-de-datos\/#breadcrumb","itemListElement":[{"@type":"ListItem","position":1,"name":"Home","item":"https:\/\/www.bdesign-floors.com\/es\/"},{"@type":"ListItem","position":2,"name":"Sobre nosotros","item":"https:\/\/bdesign.wp.factory.blim-dev.com\/sobre-nosotros\/"},{"@type":"ListItem","position":3,"name":"Protecci\u00f3n de datos"}]},{"@type":"WebSite","@id":"https:\/\/bdesign.wp.factory.blim-dev.com\/#website","url":"https:\/\/bdesign.wp.factory.blim-dev.com\/","name":"b!design","description":"Just another WordPress site","potentialAction":[{"@type":"SearchAction","target":{"@type":"EntryPoint","urlTemplate":"https:\/\/bdesign.wp.factory.blim-dev.com\/?s={search_term_string}"},"query-input":{"@type":"PropertyValueSpecification","valueRequired":true,"valueName":"search_term_string"}}],"inLanguage":"es"}]}},"_links":{"self":[{"href":"https:\/\/www.bdesign-floors.com\/es\/wp-json\/wp\/v2\/pages\/14013","targetHints":{"allow":["GET"]}}],"collection":[{"href":"https:\/\/www.bdesign-floors.com\/es\/wp-json\/wp\/v2\/pages"}],"about":[{"href":"https:\/\/www.bdesign-floors.com\/es\/wp-json\/wp\/v2\/types\/page"}],"author":[{"embeddable":true,"href":"https:\/\/www.bdesign-floors.com\/es\/wp-json\/wp\/v2\/users\/8"}],"replies":[{"embeddable":true,"href":"https:\/\/www.bdesign-floors.com\/es\/wp-json\/wp\/v2\/comments?post=14013"}],"version-history":[{"count":1,"href":"https:\/\/www.bdesign-floors.com\/es\/wp-json\/wp\/v2\/pages\/14013\/revisions"}],"predecessor-version":[{"id":14014,"href":"https:\/\/www.bdesign-floors.com\/es\/wp-json\/wp\/v2\/pages\/14013\/revisions\/14014"}],"up":[{"embeddable":true,"href":"https:\/\/www.bdesign-floors.com\/es\/wp-json\/wp\/v2\/pages\/13953"}],"wp:attachment":[{"href":"https:\/\/www.bdesign-floors.com\/es\/wp-json\/wp\/v2\/media?parent=14013"}],"curies":[{"name":"wp","href":"https:\/\/api.w.org\/{rel}","templated":true}]}}