{"id":14025,"date":"2022-09-12T17:20:06","date_gmt":"2022-09-12T15:20:06","guid":{"rendered":"https:\/\/www.bdesign-floors.com\/donde-comprar\/"},"modified":"2022-09-21T13:13:38","modified_gmt":"2022-09-21T11:13:38","slug":"donde-comprar","status":"publish","type":"page","link":"https:\/\/www.bdesign-floors.com\/es\/donde-comprar\/","title":{"rendered":"D\u00f3nde comprar"},"content":{"rendered":"<div id=\"bdesign2022_pageheader_block_62eb97d8ed6a9\" class=\"bdesign2022_block bdesign2022_block--bdesign2022_pageheader\">\n    <div class=\"bdesign2022_block--wrapper\">\n                                    <div class=\"bdesign2022_ph-wrap is-single\">\n                    <div class=\"bdesign2022_ph-slide slidestyle-is-black orig-is-negro active\">\n                        <div class=\"slide-image\">\n                            <img decoding=\"async\" class=\"img-fluid logo\" src=\"https:\/\/www.bdesign-floors.com\/wp-content\/uploads\/2022\/08\/wo-kaufen-designboden-b-design.jpg\" srcset=\"https:\/\/www.bdesign-floors.com\/wp-content\/uploads\/2022\/08\/wo-kaufen-designboden-b-design.jpg 1110w, https:\/\/www.bdesign-floors.com\/wp-content\/uploads\/2022\/08\/wo-kaufen-designboden-b-design-768x521.jpg 768w, https:\/\/www.bdesign-floors.com\/wp-content\/uploads\/2022\/08\/wo-kaufen-designboden-b-design-442x300.jpg 442w\">                        <\/div>\n                        <div class=\"slide-area\">\n                            <div class=\"slide-area-wrapper\">\n                                <h1>Comprar b!design<br>wo<\/h1>\n                                <h6>Busque un centro especializado de BAUHAUS cerca de usted o pida el suelo que desee directamente en la tienda online de BAUHAUS.<\/h6>\n                                                                                            <\/div>\n                            <div class=\"slide-image-mobile d-md-none\">\n                                <img decoding=\"async\" class=\"img-fluid logo\" src=\"https:\/\/www.bdesign-floors.com\/wp-content\/uploads\/2022\/08\/wo-kaufen-designboden-b-design.jpg\" srcset=\"https:\/\/www.bdesign-floors.com\/wp-content\/uploads\/2022\/08\/wo-kaufen-designboden-b-design.jpg 1110w, https:\/\/www.bdesign-floors.com\/wp-content\/uploads\/2022\/08\/wo-kaufen-designboden-b-design-768x521.jpg 768w, https:\/\/www.bdesign-floors.com\/wp-content\/uploads\/2022\/08\/wo-kaufen-designboden-b-design-442x300.jpg 442w\">                            <\/div>\n                        <\/div>\n                    <\/div>\n                <\/div>\n                        <\/div>\n<\/div>\n<div id=\"bdesign2022_headline_block_62eb9882ed6aa\" class=\"bdesign2022_block bdesign2022_block--bdesign2022_headline\">\n    <div class=\"bdesign2022_block--wrapper\">\n        <div class=\"container my-4\">\n            \n                                    <h5 class=\"h5 texto-inicio mt-5 mb-3\">D\u00f3nde comprar<\/h5>\n                                                    <h2 class=\"h1 texto-inicio mt-2 mb-4\">Los suelos de vinilo de b!design<br>est\u00e1n disponibles exclusivamente en BAUHAUS.<\/h2>\n                                \n                        <\/div>\n    <\/div>\n<\/div>\n<div id=\"bdesign2022_2columntext_block_62eb98a2ed6ab\" class=\"bdesign2022_block bdesign2022_block--bdesign2022_2columntext\">\n    <div class=\"bdesign2022_block--wrapper\">\n        <div class=\"container my-4\">\n            <div class=\"row align-items-start\">\n                <div class=\"col-12 col-xxl-4 offset-0 offset-xxl-2 my-3\">\n                    <p>\u00bfSe ha enamorado de uno de nuestros suelos de dise\u00f1o y quiere saber cu\u00e1l es la mejor manera de introducirlo en su casa? Has venido al lugar adecuado. La marca b!design est\u00e1 disponible exclusivamente en BAUHAUS. Para usted, esto significa: Encuentre un centro especializado de BAUHAUS cerca de usted y asegure el piso de sus sue\u00f1os.<\/p>\n                <\/div>\n                <div class=\"c0l-12 col-xxl-4 xxl-3 my-3\">\n                    <p>O bien: llame a la tienda online de BAUHAUS, encuentre el suelo de sus sue\u00f1os y rec\u00edbalo c\u00f3modamente en su casa. Tanto si prefieres comprar en tu localidad como si eres m\u00e1s de comprar online, tu nuevo suelo de vinilo de dise\u00f1o b!design ya te est\u00e1 esperando.<\/p>\n                <\/div>\n            <\/div>\n        <\/div>\n    <\/div>\n<\/div>\n<div id=\"bdesign2022_imagetext_block_62eb98bded6ac\" class=\"bdesign2022_block bdesign2022_block--bdesign2022_imagetext\">\n    <div class=\"bdesign2022_block--wrapper\">\n        <div class=\"container\">\n            <div class=\"row align-items-center align-items-xxl-start align-items-xxxl-center\">\n                <div class=\"d-block d-md-block col-md-7 col-xl-4 col-xxl-5 col-xxxl-7 col-type-is-image col-count-is-1\"><img decoding=\"async\" class=\"img-fluid col-img\" src=\"https:\/\/www.bdesign-floors.com\/wp-content\/uploads\/2022\/08\/wo-kaufen-fachzentrum-b-design.jpg\" srcset=\"https:\/\/www.bdesign-floors.com\/wp-content\/uploads\/2022\/08\/wo-kaufen-fachzentrum-b-design.jpg 1110w, https:\/\/www.bdesign-floors.com\/wp-content\/uploads\/2022\/08\/wo-kaufen-fachzentrum-b-design-768x510.jpg 768w, https:\/\/www.bdesign-floors.com\/wp-content\/uploads\/2022\/08\/wo-kaufen-fachzentrum-b-design-452x300.jpg 452w\"><\/div><div class=\"col-12 col-xl-7 col-xxl-6 col-xxxl-4 col-type-is-imagetext col-count-is-2\"><h3>Directamente en el centro especializado BAUHAUS<\/h3><p>Con m\u00e1s de 150 centros especializados de BAUHAUS en toda Alemania, seguro que encontrar\u00e1 uno cerca de usted. Experimente su nuevo suelo directamente in situ, disfrute de la ventaja de saber ya c\u00f3mo se siente y reciba asesoramiento personal.<\/p>\n<a class=\"btn btn-bdesign2022 btn-pagelink\" href=\"https:\/\/www.bauhaus.info\/fachcentren\/fachcentrensuche\" target=\"En blanco\">B\u00fasqueda de centros especializados<\/a><\/div>            <\/div>\n        <\/div>\n    <\/div>\n<\/div>\n<div id=\"bdesign2022_imagetext_block_62eb98eaed6af\" class=\"bdesign2022_block bdesign2022_block--bdesign2022_imagetext\">\n    <div class=\"bdesign2022_block--wrapper\">\n        <div class=\"container\">\n            <div class=\"row align-items-center align-items-xxl-start align-items-xxxl-center\">\n                <div class=\"col-12 col-xl-7 col-xxl-6 col-xxxl-4 col-type-is-imagetext col-count-is-1\"><h3>b!design en la tienda online de BAUHAUS<\/h3><p>\u00bfPrefiere comprar por Internet? Tampoco hay problema. Nuestros suelos est\u00e1n disponibles en la tienda online de Bauhaus. S\u00f3lo tiene que elegir su favorito y pedirlo todo c\u00f3modamente en casa. Consejo: Con nuestro planificador de habitaciones, puede ver por adelantado c\u00f3mo quedar\u00e1 su nuevo suelo en su casa.<\/p>\n<a class=\"btn btn-bdesign2022 btn-pagelink\" href=\"https:\/\/www.bauhaus.info\/vinylboden\/c\/10000479?q=%3Arelevance%3Abrands%3Ab!design\" target=\"En blanco\">A la tienda online<\/a><\/div><div class=\"d-block d-md-block col-md-7 col-xl-4 col-xxl-5 col-xxxl-7 col-type-is-image col-count-is-2\"><img decoding=\"async\" class=\"img-fluid col-img\" src=\"https:\/\/www.bdesign-floors.com\/wp-content\/uploads\/2022\/08\/wo-kaufen-online-shop-b-design.jpg\" srcset=\"https:\/\/www.bdesign-floors.com\/wp-content\/uploads\/2022\/08\/wo-kaufen-online-shop-b-design.jpg 1110w, https:\/\/www.bdesign-floors.com\/wp-content\/uploads\/2022\/08\/wo-kaufen-online-shop-b-design-768x510.jpg 768w, https:\/\/www.bdesign-floors.com\/wp-content\/uploads\/2022\/08\/wo-kaufen-online-shop-b-design-452x300.jpg 452w\"><\/div>            <\/div>\n        <\/div>\n    <\/div>\n<\/div>\n<div id=\"bdesign2022_spacer_block_62eb9a2fb9748\" class=\"bdesign2022_block bdesign2022_block--bdesign2022_spacer\">\n    <div class=\"bdesign2022_block--wrapper\">\n        <div class=\"spacer\" style=\"height: 50px\"><\/div>\n    <\/div>\n<\/div>\n","protected":false},"excerpt":{"rendered":"","protected":false},"author":8,"featured_media":0,"parent":0,"menu_order":5,"comment_status":"closed","ping_status":"closed","template":"","meta":{"_acf_changed":false,"footnotes":""},"class_list":["post-14025","page","type-page","status-publish","hentry"],"acf":[],"yoast_head":"<!-- This site is optimized with the Yoast SEO plugin v24.2 - https:\/\/yoast.com\/wordpress\/plugins\/seo\/ -->\n<title>D\u00f3nde comprar b!design<\/title>\n<meta name=\"description\" content=\"\u00bfQuiere saber d\u00f3nde puede comprar suelos de vinilo de dise\u00f1o b!design? Aqu\u00ed encontrar\u00e1 toda la informaci\u00f3n, tanto para la compra en papeler\u00eda como en l\u00ednea.\" \/>\n<meta name=\"robots\" content=\"index, follow, max-snippet:-1, max-image-preview:large, max-video-preview:-1\" \/>\n<link rel=\"canonical\" href=\"https:\/\/www.bdesign-floors.com\/es\/donde-comprar\/\" \/>\n<meta property=\"og:locale\" content=\"es_ES\" \/>\n<meta property=\"og:type\" content=\"article\" \/>\n<meta property=\"og:title\" content=\"D\u00f3nde comprar b!design\" \/>\n<meta property=\"og:description\" content=\"\u00bfQuiere saber d\u00f3nde puede comprar suelos de vinilo de dise\u00f1o b!design? Aqu\u00ed encontrar\u00e1 toda la informaci\u00f3n, tanto para la compra en papeler\u00eda como en l\u00ednea.\" \/>\n<meta property=\"og:url\" content=\"https:\/\/www.bdesign-floors.com\/es\/donde-comprar\/\" \/>\n<meta property=\"og:site_name\" content=\"b!design\" \/>\n<meta property=\"article:modified_time\" content=\"2022-09-21T11:13:38+00:00\" \/>\n<meta name=\"twitter:card\" content=\"summary_large_image\" \/>\n<script type=\"application\/ld+json\" class=\"yoast-schema-graph\">{\"@context\":\"https:\/\/schema.org\",\"@graph\":[{\"@type\":\"WebPage\",\"@id\":\"https:\/\/www.bdesign-floors.com\/es\/donde-comprar\/\",\"url\":\"https:\/\/www.bdesign-floors.com\/es\/donde-comprar\/\",\"name\":\"D\u00f3nde comprar b!design\",\"isPartOf\":{\"@id\":\"https:\/\/bdesign.wp.factory.blim-dev.com\/#website\"},\"datePublished\":\"2022-09-12T15:20:06+00:00\",\"dateModified\":\"2022-09-21T11:13:38+00:00\",\"description\":\"\u00bfQuiere saber d\u00f3nde puede comprar suelos de vinilo de dise\u00f1o b!design? Aqu\u00ed encontrar\u00e1 toda la informaci\u00f3n, tanto para la compra en papeler\u00eda como en l\u00ednea.\",\"breadcrumb\":{\"@id\":\"https:\/\/www.bdesign-floors.com\/es\/donde-comprar\/#breadcrumb\"},\"inLanguage\":\"es\",\"potentialAction\":[{\"@type\":\"ReadAction\",\"target\":[\"https:\/\/www.bdesign-floors.com\/es\/donde-comprar\/\"]}]},{\"@type\":\"BreadcrumbList\",\"@id\":\"https:\/\/www.bdesign-floors.com\/es\/donde-comprar\/#breadcrumb\",\"itemListElement\":[{\"@type\":\"ListItem\",\"position\":1,\"name\":\"Home\",\"item\":\"https:\/\/www.bdesign-floors.com\/es\/\"},{\"@type\":\"ListItem\",\"position\":2,\"name\":\"D\u00f3nde comprar\"}]},{\"@type\":\"WebSite\",\"@id\":\"https:\/\/bdesign.wp.factory.blim-dev.com\/#website\",\"url\":\"https:\/\/bdesign.wp.factory.blim-dev.com\/\",\"name\":\"b!design\",\"description\":\"Just another WordPress site\",\"potentialAction\":[{\"@type\":\"SearchAction\",\"target\":{\"@type\":\"EntryPoint\",\"urlTemplate\":\"https:\/\/bdesign.wp.factory.blim-dev.com\/?s={search_term_string}\"},\"query-input\":{\"@type\":\"PropertyValueSpecification\",\"valueRequired\":true,\"valueName\":\"search_term_string\"}}],\"inLanguage\":\"es\"}]}<\/script>\n<!-- \/ Yoast SEO plugin. -->","yoast_head_json":{"title":"D\u00f3nde comprar b!design","description":"\u00bfQuiere saber d\u00f3nde puede comprar suelos de vinilo de dise\u00f1o b!design? Aqu\u00ed encontrar\u00e1 toda la informaci\u00f3n, tanto para la compra en papeler\u00eda como en l\u00ednea.","robots":{"index":"index","follow":"follow","max-snippet":"max-snippet:-1","max-image-preview":"max-image-preview:large","max-video-preview":"max-video-preview:-1"},"canonical":"https:\/\/www.bdesign-floors.com\/es\/donde-comprar\/","og_locale":"es_ES","og_type":"article","og_title":"D\u00f3nde comprar b!design","og_description":"\u00bfQuiere saber d\u00f3nde puede comprar suelos de vinilo de dise\u00f1o b!design? Aqu\u00ed encontrar\u00e1 toda la informaci\u00f3n, tanto para la compra en papeler\u00eda como en l\u00ednea.","og_url":"https:\/\/www.bdesign-floors.com\/es\/donde-comprar\/","og_site_name":"b!design","article_modified_time":"2022-09-21T11:13:38+00:00","twitter_card":"summary_large_image","schema":{"@context":"https:\/\/schema.org","@graph":[{"@type":"WebPage","@id":"https:\/\/www.bdesign-floors.com\/es\/donde-comprar\/","url":"https:\/\/www.bdesign-floors.com\/es\/donde-comprar\/","name":"D\u00f3nde comprar b!design","isPartOf":{"@id":"https:\/\/bdesign.wp.factory.blim-dev.com\/#website"},"datePublished":"2022-09-12T15:20:06+00:00","dateModified":"2022-09-21T11:13:38+00:00","description":"\u00bfQuiere saber d\u00f3nde puede comprar suelos de vinilo de dise\u00f1o b!design? Aqu\u00ed encontrar\u00e1 toda la informaci\u00f3n, tanto para la compra en papeler\u00eda como en l\u00ednea.","breadcrumb":{"@id":"https:\/\/www.bdesign-floors.com\/es\/donde-comprar\/#breadcrumb"},"inLanguage":"es","potentialAction":[{"@type":"ReadAction","target":["https:\/\/www.bdesign-floors.com\/es\/donde-comprar\/"]}]},{"@type":"BreadcrumbList","@id":"https:\/\/www.bdesign-floors.com\/es\/donde-comprar\/#breadcrumb","itemListElement":[{"@type":"ListItem","position":1,"name":"Home","item":"https:\/\/www.bdesign-floors.com\/es\/"},{"@type":"ListItem","position":2,"name":"D\u00f3nde comprar"}]},{"@type":"WebSite","@id":"https:\/\/bdesign.wp.factory.blim-dev.com\/#website","url":"https:\/\/bdesign.wp.factory.blim-dev.com\/","name":"b!design","description":"Just another WordPress site","potentialAction":[{"@type":"SearchAction","target":{"@type":"EntryPoint","urlTemplate":"https:\/\/bdesign.wp.factory.blim-dev.com\/?s={search_term_string}"},"query-input":{"@type":"PropertyValueSpecification","valueRequired":true,"valueName":"search_term_string"}}],"inLanguage":"es"}]}},"_links":{"self":[{"href":"https:\/\/www.bdesign-floors.com\/es\/wp-json\/wp\/v2\/pages\/14025","targetHints":{"allow":["GET"]}}],"collection":[{"href":"https:\/\/www.bdesign-floors.com\/es\/wp-json\/wp\/v2\/pages"}],"about":[{"href":"https:\/\/www.bdesign-floors.com\/es\/wp-json\/wp\/v2\/types\/page"}],"author":[{"embeddable":true,"href":"https:\/\/www.bdesign-floors.com\/es\/wp-json\/wp\/v2\/users\/8"}],"replies":[{"embeddable":true,"href":"https:\/\/www.bdesign-floors.com\/es\/wp-json\/wp\/v2\/comments?post=14025"}],"version-history":[{"count":3,"href":"https:\/\/www.bdesign-floors.com\/es\/wp-json\/wp\/v2\/pages\/14025\/revisions"}],"predecessor-version":[{"id":16474,"href":"https:\/\/www.bdesign-floors.com\/es\/wp-json\/wp\/v2\/pages\/14025\/revisions\/16474"}],"wp:attachment":[{"href":"https:\/\/www.bdesign-floors.com\/es\/wp-json\/wp\/v2\/media?parent=14025"}],"curies":[{"name":"wp","href":"https:\/\/api.w.org\/{rel}","templated":true}]}}