{"id":13710,"date":"2022-09-12T16:40:06","date_gmt":"2022-09-12T14:40:06","guid":{"rendered":"https:\/\/www.bdesign-floors.com\/asjad-mida-peaks-teadma\/"},"modified":"2022-09-13T15:05:36","modified_gmt":"2022-09-13T13:05:36","slug":"asjad-mida-peaks-teadma","status":"publish","type":"page","link":"https:\/\/www.bdesign-floors.com\/et\/asjad-mida-peaks-teadma\/","title":{"rendered":"Asjad, mida peaks teadma"},"content":{"rendered":"<div id=\"bdesign2022_pageheader_block_62dfd623856fa\" class=\"bdesign2022_block bdesign2022_block--bdesign2022_pageheader\">\n    <div class=\"bdesign2022_block--wrapper\">\n                                    <div class=\"bdesign2022_ph-wrap is-single\">\n                    <div class=\"bdesign2022_ph-slide slidestyle-is-black orig-is-must active\">\n                        <div class=\"slide-image\">\n                            <img decoding=\"async\" class=\"img-fluid logo\" src=\"https:\/\/www.bdesign-floors.com\/wp-content\/uploads\/2022\/08\/wissenswertes-boden-b-design.jpg\" srcset=\"https:\/\/www.bdesign-floors.com\/wp-content\/uploads\/2022\/08\/wissenswertes-boden-b-design.jpg 1110w, https:\/\/www.bdesign-floors.com\/wp-content\/uploads\/2022\/08\/wissenswertes-boden-b-design-768x521.jpg 768w, https:\/\/www.bdesign-floors.com\/wp-content\/uploads\/2022\/08\/wissenswertes-boden-b-design-442x300.jpg 442w\">                        <\/div>\n                        <div class=\"slide-area\">\n                            <div class=\"slide-area-wrapper\">\n                                <h1>Huvitavad faktid b!designi p\u00f5randate kohta<\/h1>\n                                <h6>Ela tervislikumalt &#8211; b!designi disainvin\u00fc\u00fclp\u00f5randatega<\/h6>\n                                                                                            <\/div>\n                            <div class=\"slide-image-mobile d-md-none\">\n                                <img decoding=\"async\" class=\"img-fluid logo\" src=\"https:\/\/www.bdesign-floors.com\/wp-content\/uploads\/2022\/08\/wissenswertes-boden-b-design.jpg\" srcset=\"https:\/\/www.bdesign-floors.com\/wp-content\/uploads\/2022\/08\/wissenswertes-boden-b-design.jpg 1110w, https:\/\/www.bdesign-floors.com\/wp-content\/uploads\/2022\/08\/wissenswertes-boden-b-design-768x521.jpg 768w, https:\/\/www.bdesign-floors.com\/wp-content\/uploads\/2022\/08\/wissenswertes-boden-b-design-442x300.jpg 442w\">                            <\/div>\n                        <\/div>\n                    <\/div>\n                <\/div>\n                        <\/div>\n<\/div>\n<div id=\"bdesign2022_headline_block_62e922710cc19\" class=\"bdesign2022_block bdesign2022_block--bdesign2022_headline\">\n    <div class=\"bdesign2022_block--wrapper\">\n        <div class=\"container my-4\">\n            \n                                    <h5 class=\"h5 text-start mt-5 mb-3\">Asjad, mida peaks teadma<\/h5>\n                                                    <h2 class=\"h2 text-start mt-2 mb-4\">b!design-p\u00f5randad loovad aluse muretu elamise jaoks.<\/h2>\n                                \n                        <\/div>\n    <\/div>\n<\/div>\n<div id=\"bdesign2022_2columntext_block_62e923a916b97\" class=\"bdesign2022_block bdesign2022_block--bdesign2022_2columntext\">\n    <div class=\"bdesign2022_block--wrapper\">\n        <div class=\"container my-4\">\n            <div class=\"row align-items-start\">\n                <div class=\"col-12 col-xxl-4 offset-0 offset-xxl-2 my-3\">\n                    <p>Uut p\u00f5randat ei osteta iga p\u00e4ev, see on eluaegne ost. Seep\u00e4rast m\u00f5istame t\u00e4pselt, kui raske on valida \u00f5iget. Kuid kuidas te teate, milline neist on teie jaoks \u00f5ige? Me aitame teid ja anname teile kasulikku teavet selle kohta, mida ostmisel j\u00e4lgida, kui peate oluliseks p\u00f5randa kvaliteeti, teostust ja paigaldamist. Soovitame valida b!designi p\u00f5randa,<\/p>\n                <\/div>\n                <div class=\"c0l-12 col-xxl-4 xxl-3 my-3\">\n                    <p>mis on valmistatud suures osas looduslikest materjalidest. Kvaliteetsed vin\u00fc\u00fclp\u00f5randad ei sisalda PVC-d, PCB-d, dioksiine ega muid keemilisi sideaineid, mis v\u00f5ivad eralduda. Teie jaoks t\u00e4hendab see, et te ei puutu igap\u00e4evaselt kokku saasteainetega. See on alus, mis muudab meie p\u00f5randad selleks, mis nad on: looduslikud p\u00f5randad, mis on allergias\u00f5bralikud ja h\u00fcgieenilised.<\/p>\n                <\/div>\n            <\/div>\n        <\/div>\n    <\/div>\n<\/div>\n<div id=\"bdesign2022_imagetext_block_62f63b3a5464c\" class=\"bdesign2022_block bdesign2022_block--bdesign2022_imagetext\">\n    <div class=\"bdesign2022_block--wrapper\">\n        <div class=\"container\">\n            <div class=\"row align-items-center align-items-xxl-start align-items-xxxl-center\">\n                <div class=\"col-12 col-xl-7 col-xxl-6 col-xxxl-4 col-type-is-imagetext col-count-is-1\"><h3>Korduma kippuvad k\u00fcsimused<\/h3><p>Kas teil on k\u00fcsimusi meie toodete kohta? Siit leiate vastused sageli esitatud k\u00fcsimustele b!design design vin\u00fc\u00fclp\u00f5randate kohta. Uuri n\u00fc\u00fcd!<\/p>\n<a class=\"btn btn-bdesign2022 btn-pagelink\" href=\"https:\/\/www.bdesign-floors.com\/wissenswertes\/haeufig-gestellte-fragen\/\">Korduma kippuvad k\u00fcsimused<\/a><\/div><div class=\"d-block d-md-block col-md-7 col-xl-4 col-xxl-5 col-xxxl-7 col-type-is-image col-count-is-2\"><img decoding=\"async\" class=\"img-fluid col-img\" src=\"https:\/\/www.bdesign-floors.com\/wp-content\/uploads\/2022\/08\/faq-boden-b-design.jpg\" srcset=\"https:\/\/www.bdesign-floors.com\/wp-content\/uploads\/2022\/08\/faq-boden-b-design.jpg 1110w, https:\/\/www.bdesign-floors.com\/wp-content\/uploads\/2022\/08\/faq-boden-b-design-768x510.jpg 768w, https:\/\/www.bdesign-floors.com\/wp-content\/uploads\/2022\/08\/faq-boden-b-design-452x300.jpg 452w\"><\/div>            <\/div>\n        <\/div>\n    <\/div>\n<\/div>\n<div id=\"bdesign2022_imagetext_block_62f63b855464d\" class=\"bdesign2022_block bdesign2022_block--bdesign2022_imagetext\">\n    <div class=\"bdesign2022_block--wrapper\">\n        <div class=\"container\">\n            <div class=\"row align-items-center align-items-xxl-start align-items-xxxl-center\">\n                <div class=\"d-block d-md-block col-md-7 col-xl-4 col-xxl-5 col-xxxl-7 col-type-is-image col-count-is-1\"><img decoding=\"async\" class=\"img-fluid col-img\" src=\"https:\/\/www.bdesign-floors.com\/wp-content\/uploads\/2022\/08\/sentinel-haus-zertifikat-vorteile-boden-b-design.jpg\" srcset=\"https:\/\/www.bdesign-floors.com\/wp-content\/uploads\/2022\/08\/sentinel-haus-zertifikat-vorteile-boden-b-design.jpg 1110w, https:\/\/www.bdesign-floors.com\/wp-content\/uploads\/2022\/08\/sentinel-haus-zertifikat-vorteile-boden-b-design-768x510.jpg 768w, https:\/\/www.bdesign-floors.com\/wp-content\/uploads\/2022\/08\/sentinel-haus-zertifikat-vorteile-boden-b-design-452x300.jpg 452w\"><\/div><div class=\"col-12 col-xl-7 col-xxl-6 col-xxxl-4 col-type-is-imagetext col-count-is-2\"><h3>Tervislik elu koos Sentinel Hausiga kui partneriga<\/h3><p>Sentinel Haus Institut on hoonete tervishoiu valdkonna turu- ja teadmusliider ning avaldab ainult kahjulike ainete suhtes testitud tooteid. Seep\u00e4rast oleme uhked, et saame end partneriks lugeda.<\/p>\n<a class=\"btn btn-bdesign2022 btn-pagelink\" href=\"https:\/\/www.bdesign-floors.com\/wissenswertes\/gesundes-wohnen\/\">Tervislik eluviis<\/a><\/div>            <\/div>\n        <\/div>\n    <\/div>\n<\/div>\n","protected":false},"excerpt":{"rendered":"","protected":false},"author":8,"featured_media":0,"parent":0,"menu_order":4,"comment_status":"closed","ping_status":"closed","template":"","meta":{"_acf_changed":false,"footnotes":""},"class_list":["post-13710","page","type-page","status-publish","hentry"],"acf":[],"yoast_head":"<!-- This site is optimized with the Yoast SEO plugin v24.2 - https:\/\/yoast.com\/wordpress\/plugins\/seo\/ -->\n<title>Mida peaks teadma | b!design<\/title>\n<meta name=\"description\" content=\"Meie juhistest leiate k\u00f5ik, mida peate teadma b!designi p\u00f5randakatete, puhastamise, hoolduse, paigaldamise ja muu kohta. Uuri n\u00fc\u00fcd!\" \/>\n<meta name=\"robots\" content=\"index, follow, max-snippet:-1, max-image-preview:large, max-video-preview:-1\" \/>\n<link rel=\"canonical\" href=\"https:\/\/www.bdesign-floors.com\/et\/asjad-mida-peaks-teadma\/\" \/>\n<meta property=\"og:locale\" content=\"et_EE\" \/>\n<meta property=\"og:type\" content=\"article\" \/>\n<meta property=\"og:title\" content=\"Mida peaks teadma | b!design\" \/>\n<meta property=\"og:description\" content=\"Meie juhistest leiate k\u00f5ik, mida peate teadma b!designi p\u00f5randakatete, puhastamise, hoolduse, paigaldamise ja muu kohta. Uuri n\u00fc\u00fcd!\" \/>\n<meta property=\"og:url\" content=\"https:\/\/www.bdesign-floors.com\/et\/asjad-mida-peaks-teadma\/\" \/>\n<meta property=\"og:site_name\" content=\"b!design\" \/>\n<meta property=\"article:modified_time\" content=\"2022-09-13T13:05:36+00:00\" \/>\n<meta name=\"twitter:card\" content=\"summary_large_image\" \/>\n<script type=\"application\/ld+json\" class=\"yoast-schema-graph\">{\"@context\":\"https:\/\/schema.org\",\"@graph\":[{\"@type\":\"WebPage\",\"@id\":\"https:\/\/www.bdesign-floors.com\/et\/asjad-mida-peaks-teadma\/\",\"url\":\"https:\/\/www.bdesign-floors.com\/et\/asjad-mida-peaks-teadma\/\",\"name\":\"Mida peaks teadma | b!design\",\"isPartOf\":{\"@id\":\"https:\/\/bdesign.wp.factory.blim-dev.com\/#website\"},\"datePublished\":\"2022-09-12T14:40:06+00:00\",\"dateModified\":\"2022-09-13T13:05:36+00:00\",\"description\":\"Meie juhistest leiate k\u00f5ik, mida peate teadma b!designi p\u00f5randakatete, puhastamise, hoolduse, paigaldamise ja muu kohta. Uuri n\u00fc\u00fcd!\",\"breadcrumb\":{\"@id\":\"https:\/\/www.bdesign-floors.com\/et\/asjad-mida-peaks-teadma\/#breadcrumb\"},\"inLanguage\":\"et\",\"potentialAction\":[{\"@type\":\"ReadAction\",\"target\":[\"https:\/\/www.bdesign-floors.com\/et\/asjad-mida-peaks-teadma\/\"]}]},{\"@type\":\"BreadcrumbList\",\"@id\":\"https:\/\/www.bdesign-floors.com\/et\/asjad-mida-peaks-teadma\/#breadcrumb\",\"itemListElement\":[{\"@type\":\"ListItem\",\"position\":1,\"name\":\"Home\",\"item\":\"https:\/\/www.bdesign-floors.com\/et\/\"},{\"@type\":\"ListItem\",\"position\":2,\"name\":\"Asjad, mida peaks teadma\"}]},{\"@type\":\"WebSite\",\"@id\":\"https:\/\/bdesign.wp.factory.blim-dev.com\/#website\",\"url\":\"https:\/\/bdesign.wp.factory.blim-dev.com\/\",\"name\":\"b!design\",\"description\":\"Just another WordPress site\",\"potentialAction\":[{\"@type\":\"SearchAction\",\"target\":{\"@type\":\"EntryPoint\",\"urlTemplate\":\"https:\/\/bdesign.wp.factory.blim-dev.com\/?s={search_term_string}\"},\"query-input\":{\"@type\":\"PropertyValueSpecification\",\"valueRequired\":true,\"valueName\":\"search_term_string\"}}],\"inLanguage\":\"et\"}]}<\/script>\n<!-- \/ Yoast SEO plugin. -->","yoast_head_json":{"title":"Mida peaks teadma | b!design","description":"Meie juhistest leiate k\u00f5ik, mida peate teadma b!designi p\u00f5randakatete, puhastamise, hoolduse, paigaldamise ja muu kohta. Uuri n\u00fc\u00fcd!","robots":{"index":"index","follow":"follow","max-snippet":"max-snippet:-1","max-image-preview":"max-image-preview:large","max-video-preview":"max-video-preview:-1"},"canonical":"https:\/\/www.bdesign-floors.com\/et\/asjad-mida-peaks-teadma\/","og_locale":"et_EE","og_type":"article","og_title":"Mida peaks teadma | b!design","og_description":"Meie juhistest leiate k\u00f5ik, mida peate teadma b!designi p\u00f5randakatete, puhastamise, hoolduse, paigaldamise ja muu kohta. Uuri n\u00fc\u00fcd!","og_url":"https:\/\/www.bdesign-floors.com\/et\/asjad-mida-peaks-teadma\/","og_site_name":"b!design","article_modified_time":"2022-09-13T13:05:36+00:00","twitter_card":"summary_large_image","schema":{"@context":"https:\/\/schema.org","@graph":[{"@type":"WebPage","@id":"https:\/\/www.bdesign-floors.com\/et\/asjad-mida-peaks-teadma\/","url":"https:\/\/www.bdesign-floors.com\/et\/asjad-mida-peaks-teadma\/","name":"Mida peaks teadma | b!design","isPartOf":{"@id":"https:\/\/bdesign.wp.factory.blim-dev.com\/#website"},"datePublished":"2022-09-12T14:40:06+00:00","dateModified":"2022-09-13T13:05:36+00:00","description":"Meie juhistest leiate k\u00f5ik, mida peate teadma b!designi p\u00f5randakatete, puhastamise, hoolduse, paigaldamise ja muu kohta. Uuri n\u00fc\u00fcd!","breadcrumb":{"@id":"https:\/\/www.bdesign-floors.com\/et\/asjad-mida-peaks-teadma\/#breadcrumb"},"inLanguage":"et","potentialAction":[{"@type":"ReadAction","target":["https:\/\/www.bdesign-floors.com\/et\/asjad-mida-peaks-teadma\/"]}]},{"@type":"BreadcrumbList","@id":"https:\/\/www.bdesign-floors.com\/et\/asjad-mida-peaks-teadma\/#breadcrumb","itemListElement":[{"@type":"ListItem","position":1,"name":"Home","item":"https:\/\/www.bdesign-floors.com\/et\/"},{"@type":"ListItem","position":2,"name":"Asjad, mida peaks teadma"}]},{"@type":"WebSite","@id":"https:\/\/bdesign.wp.factory.blim-dev.com\/#website","url":"https:\/\/bdesign.wp.factory.blim-dev.com\/","name":"b!design","description":"Just another WordPress site","potentialAction":[{"@type":"SearchAction","target":{"@type":"EntryPoint","urlTemplate":"https:\/\/bdesign.wp.factory.blim-dev.com\/?s={search_term_string}"},"query-input":{"@type":"PropertyValueSpecification","valueRequired":true,"valueName":"search_term_string"}}],"inLanguage":"et"}]}},"_links":{"self":[{"href":"https:\/\/www.bdesign-floors.com\/et\/wp-json\/wp\/v2\/pages\/13710","targetHints":{"allow":["GET"]}}],"collection":[{"href":"https:\/\/www.bdesign-floors.com\/et\/wp-json\/wp\/v2\/pages"}],"about":[{"href":"https:\/\/www.bdesign-floors.com\/et\/wp-json\/wp\/v2\/types\/page"}],"author":[{"embeddable":true,"href":"https:\/\/www.bdesign-floors.com\/et\/wp-json\/wp\/v2\/users\/8"}],"replies":[{"embeddable":true,"href":"https:\/\/www.bdesign-floors.com\/et\/wp-json\/wp\/v2\/comments?post=13710"}],"version-history":[{"count":2,"href":"https:\/\/www.bdesign-floors.com\/et\/wp-json\/wp\/v2\/pages\/13710\/revisions"}],"predecessor-version":[{"id":14444,"href":"https:\/\/www.bdesign-floors.com\/et\/wp-json\/wp\/v2\/pages\/13710\/revisions\/14444"}],"wp:attachment":[{"href":"https:\/\/www.bdesign-floors.com\/et\/wp-json\/wp\/v2\/media?parent=13710"}],"curies":[{"name":"wp","href":"https:\/\/api.w.org\/{rel}","templated":true}]}}