{"id":13848,"date":"2022-09-12T16:49:45","date_gmt":"2022-09-12T14:49:45","guid":{"rendered":"https:\/\/www.bdesign-floors.com\/asjad-mida-peaks-teadma\/tervislik-eluviis\/"},"modified":"2022-09-12T16:49:48","modified_gmt":"2022-09-12T14:49:48","slug":"tervislik-eluviis","status":"publish","type":"page","link":"https:\/\/www.bdesign-floors.com\/et\/asjad-mida-peaks-teadma\/tervislik-eluviis\/","title":{"rendered":"Tervislik eluviis"},"content":{"rendered":"<div id=\"bdesign2022_pageheader_block_62dfd623856fa\" class=\"bdesign2022_block bdesign2022_block--bdesign2022_pageheader\">\n    <div class=\"bdesign2022_block--wrapper\">\n                                    <div class=\"bdesign2022_ph-wrap is-single\">\n                    <div class=\"bdesign2022_ph-slide slidestyle-is-black orig-is-must active\">\n                        <div class=\"slide-image\">\n                            <img decoding=\"async\" class=\"img-fluid logo\" src=\"https:\/\/www.bdesign-floors.com\/wp-content\/uploads\/2022\/08\/sentinel-haus-zertifikat-gesund-wohnen-b-design.jpg\" srcset=\"https:\/\/www.bdesign-floors.com\/wp-content\/uploads\/2022\/08\/sentinel-haus-zertifikat-gesund-wohnen-b-design.jpg 1110w, https:\/\/www.bdesign-floors.com\/wp-content\/uploads\/2022\/08\/sentinel-haus-zertifikat-gesund-wohnen-b-design-768x521.jpg 768w, https:\/\/www.bdesign-floors.com\/wp-content\/uploads\/2022\/08\/sentinel-haus-zertifikat-gesund-wohnen-b-design-442x300.jpg 442w\">                        <\/div>\n                        <div class=\"slide-area\">\n                            <div class=\"slide-area-wrapper\">\n                                <h1>Tervislik eluviis &#8211; sertifitseeritud madala saastatuse tase<\/h1>\n                                <h6>b!design keskendub tooraine s\u00e4\u00e4stvale kasutamisele, et tagada pikemas perspektiivis tervislik keskkond, nagu on kinnitanud Sentinel Haus instituut.<\/h6>\n                                                                                            <\/div>\n                            <div class=\"slide-image-mobile d-md-none\">\n                                <img decoding=\"async\" class=\"img-fluid logo\" src=\"https:\/\/www.bdesign-floors.com\/wp-content\/uploads\/2022\/08\/sentinel-haus-zertifikat-gesund-wohnen-b-design.jpg\" srcset=\"https:\/\/www.bdesign-floors.com\/wp-content\/uploads\/2022\/08\/sentinel-haus-zertifikat-gesund-wohnen-b-design.jpg 1110w, https:\/\/www.bdesign-floors.com\/wp-content\/uploads\/2022\/08\/sentinel-haus-zertifikat-gesund-wohnen-b-design-768x521.jpg 768w, https:\/\/www.bdesign-floors.com\/wp-content\/uploads\/2022\/08\/sentinel-haus-zertifikat-gesund-wohnen-b-design-442x300.jpg 442w\">                            <\/div>\n                        <\/div>\n                    <\/div>\n                <\/div>\n                        <\/div>\n<\/div>\n<div id=\"bdesign2022_headline_block_62ea833e526c0\" class=\"bdesign2022_block bdesign2022_block--bdesign2022_headline\">\n    <div class=\"bdesign2022_block--wrapper\">\n        <div class=\"container my-4\">\n            \n                                    <h5 class=\"h5 text-start mt-5 mb-3\">Sentinel Haus Institute&#8217;i poolt soovitatud<\/h5>\n                                                    <h2 class=\"h2 text-start mt-2 mb-4\">Sentinel House: <br>Auditeeritud. Hinnatud. Avaldatud.<\/h2>\n                                \n                        <\/div>\n    <\/div>\n<\/div>\n<div id=\"bdesign2022_2columntext_block_62ea8358526c1\" class=\"bdesign2022_block bdesign2022_block--bdesign2022_2columntext\">\n    <div class=\"bdesign2022_block--wrapper\">\n        <div class=\"container my-4\">\n            <div class=\"row align-items-start\">\n                <div class=\"col-12 col-xxl-4 offset-0 offset-xxl-2 my-3\">\n                    <p>Tunnistagem, et me k\u00f5ik tahame olla ja elada tervena. Isikliku ja oma pere heaolu k\u00f5rge v\u00e4\u00e4rtus on vaieldamatu ja see on juba aastaid pidevalt kasvanud. Kuid me m\u00f5tleme eelk\u00f5ige toitumise, fitnessi ja heaolu valdkondadele. Miks mitte p\u00f5randad? Just siin tuleb m\u00e4ngu b!design: Saa tervislikku eluviisi  kujundage <a href=\"https:\/\/www.bdesign-floors.com\/et\/?page_id=13361\">p\u00f5randad<\/a> oma nelja seina &#8211; ja hingake rahulikult! b!design p\u00f5randad on meie partnerilt &#8211;<\/p>\n                <\/div>\n                <div class=\"c0l-12 col-xxl-4 xxl-3 my-3\">\n                    <p> <a href=\"https:\/\/www.sentinel-haus.de\/de\/suche?term=b!design+&amp;manufacturer%5B%5D=10819\" target=\"_blank\" rel=\"noopener\">Sentinel Haus Institut<\/a> &#8211; testitud, hinnatud ja heaks kiidetud. Instituut on ehitustervishoiu valdkonna turu- ja teadmusliider. Ja koondab siseruumide tervist k\u00e4sitlevad teaduslikud j\u00e4reldused terviklikuks v\u00f5rgustikuks. Seej\u00e4rel turustatakse neid l\u00e4bi praktilise rakendamise igasugustes hoonetes. Nii et v\u00f5ite olla kindel: Sentinel Haus Instituti poolt testitud p\u00f5randakatted sisaldavad v\u00e4he saasteaineid ja on eluterved.<\/p>\n                <\/div>\n            <\/div>\n        <\/div>\n    <\/div>\n<\/div>\n<div id=\"bdesign2022_customcontent_block_63049aa17eb90\" class=\"bdesign2022_block bdesign2022_block--bdesign2022_customcontent\">\n    <div class=\"bdesign2022_block--wrapper\">\n        <div class=\"container\">\n            <div class=\"row\">\n                \n                <div class=\"col-12 col-sm-10\" style=\"margin:0 auto;text-align: center;\">\n                    <div class=\"container-centered\">\n                        <p><img loading=\"lazy\" decoding=\"async\" class=\"size-medium wp-image-3449 aligncenter\" src=\"https:\/\/www.bdesign-floors.com\/wp-content\/uploads\/2022\/09\/sentinel-haus-logo-444x300.png\" alt=\"\" width=\"444\" height=\"300\" srcset=\"https:\/\/www.bdesign-floors.com\/wp-content\/uploads\/2022\/09\/sentinel-haus-logo-444x300.png 444w, https:\/\/www.bdesign-floors.com\/wp-content\/uploads\/2022\/09\/sentinel-haus-logo-768x519.png 768w, https:\/\/www.bdesign-floors.com\/wp-content\/uploads\/2022\/09\/sentinel-haus-logo.png 1000w\" sizes=\"auto, (max-width: 444px) 100vw, 444px\" \/><\/p>\n                    <\/div>\n                <\/div>\n\n                            <\/div>\n        <\/div>\n    <\/div>\n<\/div>\n<div id=\"bdesign2022_switchstyle_block_630db52453892\" class=\"bdesign2022_style bdesign2022_style--bdesign2022_switchstyle\" data-switchstyle=\"black\">\n<div id=\"bdesign2022_customcontent_block_630ce0eb71a71\" class=\"bdesign2022_block bdesign2022_block--bdesign2022_customcontent\">\n    <div class=\"bdesign2022_block--wrapper\">\n        <div class=\"container\">\n            <div class=\"row\">\n                \n                <div class=\"col-12 col-sm-10\" style=\"margin:0 auto;text-align: center;\">\n                    <div class=\"container-centered\">\n                        <a class=\"btn btn-bdesign2022 btn-linkcta\" href=\"https:\/\/www.sentinel-haus.de\/de\/suche?term=b%21design\" target=\"_blank\">Zum Sentinel Haus Institut<\/a>                    <\/div>\n                <\/div>\n\n                            <\/div>\n        <\/div>\n    <\/div>\n<\/div>\n<\/div>\n","protected":false},"excerpt":{"rendered":"","protected":false},"author":8,"featured_media":0,"parent":13710,"menu_order":5,"comment_status":"closed","ping_status":"closed","template":"","meta":{"_acf_changed":false,"footnotes":""},"class_list":["post-13848","page","type-page","status-publish","hentry"],"acf":[],"yoast_head":"<!-- This site is optimized with the Yoast SEO plugin v24.2 - https:\/\/yoast.com\/wordpress\/plugins\/seo\/ -->\n<title>Tervislik elu | b!design<\/title>\n<meta name=\"description\" content=\"Sentinel Haus on siseruumide tervise turu- ja teadmusliider ning avaldab ainult kahjulike ainete suhtes testitud tooteid.\" \/>\n<meta name=\"robots\" content=\"index, follow, max-snippet:-1, max-image-preview:large, max-video-preview:-1\" \/>\n<link rel=\"canonical\" href=\"https:\/\/www.bdesign-floors.com\/et\/asjad-mida-peaks-teadma\/tervislik-eluviis\/\" \/>\n<meta property=\"og:locale\" content=\"et_EE\" \/>\n<meta property=\"og:type\" content=\"article\" \/>\n<meta property=\"og:title\" content=\"Tervislik elu | b!design\" \/>\n<meta property=\"og:description\" content=\"Sentinel Haus on siseruumide tervise turu- ja teadmusliider ning avaldab ainult kahjulike ainete suhtes testitud tooteid.\" \/>\n<meta property=\"og:url\" content=\"https:\/\/www.bdesign-floors.com\/et\/asjad-mida-peaks-teadma\/tervislik-eluviis\/\" \/>\n<meta property=\"og:site_name\" content=\"b!design\" \/>\n<meta property=\"article:modified_time\" content=\"2022-09-12T14:49:48+00:00\" \/>\n<meta name=\"twitter:card\" content=\"summary_large_image\" \/>\n<script type=\"application\/ld+json\" class=\"yoast-schema-graph\">{\"@context\":\"https:\/\/schema.org\",\"@graph\":[{\"@type\":\"WebPage\",\"@id\":\"https:\/\/www.bdesign-floors.com\/et\/asjad-mida-peaks-teadma\/tervislik-eluviis\/\",\"url\":\"https:\/\/www.bdesign-floors.com\/et\/asjad-mida-peaks-teadma\/tervislik-eluviis\/\",\"name\":\"Tervislik elu | b!design\",\"isPartOf\":{\"@id\":\"https:\/\/bdesign.wp.factory.blim-dev.com\/#website\"},\"datePublished\":\"2022-09-12T14:49:45+00:00\",\"dateModified\":\"2022-09-12T14:49:48+00:00\",\"description\":\"Sentinel Haus on siseruumide tervise turu- ja teadmusliider ning avaldab ainult kahjulike ainete suhtes testitud tooteid.\",\"breadcrumb\":{\"@id\":\"https:\/\/www.bdesign-floors.com\/et\/asjad-mida-peaks-teadma\/tervislik-eluviis\/#breadcrumb\"},\"inLanguage\":\"et\",\"potentialAction\":[{\"@type\":\"ReadAction\",\"target\":[\"https:\/\/www.bdesign-floors.com\/et\/asjad-mida-peaks-teadma\/tervislik-eluviis\/\"]}]},{\"@type\":\"BreadcrumbList\",\"@id\":\"https:\/\/www.bdesign-floors.com\/et\/asjad-mida-peaks-teadma\/tervislik-eluviis\/#breadcrumb\",\"itemListElement\":[{\"@type\":\"ListItem\",\"position\":1,\"name\":\"Home\",\"item\":\"https:\/\/www.bdesign-floors.com\/et\/\"},{\"@type\":\"ListItem\",\"position\":2,\"name\":\"Asjad, mida peaks teadma\",\"item\":\"https:\/\/bdesign.wp.factory.blim-dev.com\/et\/asjad-mida-peaks-teadma\/\"},{\"@type\":\"ListItem\",\"position\":3,\"name\":\"Tervislik eluviis\"}]},{\"@type\":\"WebSite\",\"@id\":\"https:\/\/bdesign.wp.factory.blim-dev.com\/#website\",\"url\":\"https:\/\/bdesign.wp.factory.blim-dev.com\/\",\"name\":\"b!design\",\"description\":\"Just another WordPress site\",\"potentialAction\":[{\"@type\":\"SearchAction\",\"target\":{\"@type\":\"EntryPoint\",\"urlTemplate\":\"https:\/\/bdesign.wp.factory.blim-dev.com\/?s={search_term_string}\"},\"query-input\":{\"@type\":\"PropertyValueSpecification\",\"valueRequired\":true,\"valueName\":\"search_term_string\"}}],\"inLanguage\":\"et\"}]}<\/script>\n<!-- \/ Yoast SEO plugin. -->","yoast_head_json":{"title":"Tervislik elu | b!design","description":"Sentinel Haus on siseruumide tervise turu- ja teadmusliider ning avaldab ainult kahjulike ainete suhtes testitud tooteid.","robots":{"index":"index","follow":"follow","max-snippet":"max-snippet:-1","max-image-preview":"max-image-preview:large","max-video-preview":"max-video-preview:-1"},"canonical":"https:\/\/www.bdesign-floors.com\/et\/asjad-mida-peaks-teadma\/tervislik-eluviis\/","og_locale":"et_EE","og_type":"article","og_title":"Tervislik elu | b!design","og_description":"Sentinel Haus on siseruumide tervise turu- ja teadmusliider ning avaldab ainult kahjulike ainete suhtes testitud tooteid.","og_url":"https:\/\/www.bdesign-floors.com\/et\/asjad-mida-peaks-teadma\/tervislik-eluviis\/","og_site_name":"b!design","article_modified_time":"2022-09-12T14:49:48+00:00","twitter_card":"summary_large_image","schema":{"@context":"https:\/\/schema.org","@graph":[{"@type":"WebPage","@id":"https:\/\/www.bdesign-floors.com\/et\/asjad-mida-peaks-teadma\/tervislik-eluviis\/","url":"https:\/\/www.bdesign-floors.com\/et\/asjad-mida-peaks-teadma\/tervislik-eluviis\/","name":"Tervislik elu | b!design","isPartOf":{"@id":"https:\/\/bdesign.wp.factory.blim-dev.com\/#website"},"datePublished":"2022-09-12T14:49:45+00:00","dateModified":"2022-09-12T14:49:48+00:00","description":"Sentinel Haus on siseruumide tervise turu- ja teadmusliider ning avaldab ainult kahjulike ainete suhtes testitud tooteid.","breadcrumb":{"@id":"https:\/\/www.bdesign-floors.com\/et\/asjad-mida-peaks-teadma\/tervislik-eluviis\/#breadcrumb"},"inLanguage":"et","potentialAction":[{"@type":"ReadAction","target":["https:\/\/www.bdesign-floors.com\/et\/asjad-mida-peaks-teadma\/tervislik-eluviis\/"]}]},{"@type":"BreadcrumbList","@id":"https:\/\/www.bdesign-floors.com\/et\/asjad-mida-peaks-teadma\/tervislik-eluviis\/#breadcrumb","itemListElement":[{"@type":"ListItem","position":1,"name":"Home","item":"https:\/\/www.bdesign-floors.com\/et\/"},{"@type":"ListItem","position":2,"name":"Asjad, mida peaks teadma","item":"https:\/\/bdesign.wp.factory.blim-dev.com\/et\/asjad-mida-peaks-teadma\/"},{"@type":"ListItem","position":3,"name":"Tervislik eluviis"}]},{"@type":"WebSite","@id":"https:\/\/bdesign.wp.factory.blim-dev.com\/#website","url":"https:\/\/bdesign.wp.factory.blim-dev.com\/","name":"b!design","description":"Just another WordPress site","potentialAction":[{"@type":"SearchAction","target":{"@type":"EntryPoint","urlTemplate":"https:\/\/bdesign.wp.factory.blim-dev.com\/?s={search_term_string}"},"query-input":{"@type":"PropertyValueSpecification","valueRequired":true,"valueName":"search_term_string"}}],"inLanguage":"et"}]}},"_links":{"self":[{"href":"https:\/\/www.bdesign-floors.com\/et\/wp-json\/wp\/v2\/pages\/13848","targetHints":{"allow":["GET"]}}],"collection":[{"href":"https:\/\/www.bdesign-floors.com\/et\/wp-json\/wp\/v2\/pages"}],"about":[{"href":"https:\/\/www.bdesign-floors.com\/et\/wp-json\/wp\/v2\/types\/page"}],"author":[{"embeddable":true,"href":"https:\/\/www.bdesign-floors.com\/et\/wp-json\/wp\/v2\/users\/8"}],"replies":[{"embeddable":true,"href":"https:\/\/www.bdesign-floors.com\/et\/wp-json\/wp\/v2\/comments?post=13848"}],"version-history":[{"count":1,"href":"https:\/\/www.bdesign-floors.com\/et\/wp-json\/wp\/v2\/pages\/13848\/revisions"}],"predecessor-version":[{"id":13852,"href":"https:\/\/www.bdesign-floors.com\/et\/wp-json\/wp\/v2\/pages\/13848\/revisions\/13852"}],"up":[{"embeddable":true,"href":"https:\/\/www.bdesign-floors.com\/et\/wp-json\/wp\/v2\/pages\/13710"}],"wp:attachment":[{"href":"https:\/\/www.bdesign-floors.com\/et\/wp-json\/wp\/v2\/media?parent=13848"}],"curies":[{"name":"wp","href":"https:\/\/api.w.org\/{rel}","templated":true}]}}