{"id":13854,"date":"2022-09-12T16:49:46","date_gmt":"2022-09-12T14:49:46","guid":{"rendered":"https:\/\/www.bdesign-floors.com\/meie-kohta\/andmekaitse\/"},"modified":"2022-10-17T10:49:31","modified_gmt":"2022-10-17T08:49:31","slug":"andmekaitse","status":"publish","type":"page","link":"https:\/\/www.bdesign-floors.com\/et\/meie-kohta\/andmekaitse\/","title":{"rendered":"Andmekaitse"},"content":{"rendered":"<div id=\"bdesign2022_spacer_block_63061d222b814\" class=\"bdesign2022_block bdesign2022_block--bdesign2022_spacer\">\n    <div class=\"bdesign2022_block--wrapper\">\n        <div class=\"spacer\" style=\"height: 100px\"><\/div>\n    <\/div>\n<\/div>\n<div id=\"bdesign2022_customcontent_block_63061cc72b813\" class=\"bdesign2022_block bdesign2022_block--bdesign2022_customcontent\">\n    <div class=\"bdesign2022_block--wrapper\">\n        <div class=\"container\">\n            <div class=\"row\">\n                \n                    <div class=\"col-0 col-sm-2\"><\/div>\n                    <div class=\"col-12 col-sm-10 my-4\">\n                        <h1>Privaatsuspoliitika<\/h1>\n<p>Teie privaatsus on meile oluline. Me tahame, et te tunneksite end meie juures turvaliselt. Seet\u00f5ttu tagame meie ja meie andmekaitseametnik andmekaitse-eeskirjade, eelk\u00f5ige Euroopa andmekaitsem\u00e4\u00e4ruse (DSGVO) ja Saksamaa f\u00f6deraalse andmekaitseseaduse (BDSG) j\u00e4rgimise. J\u00e4rgnevalt soovime teid teavitada sellest, millistel eesm\u00e4rkidel teie andmeid t\u00f6\u00f6deldakse ja kuidas te saate oma \u00f5igusi kasutada. Andmekaitsedeklaratsioonile saab igal ajal juurde p\u00e4\u00e4seda iga lehek\u00fclje allosas oleva vahekaardi &#8220;Andmekaitse&#8221; kaudu.<\/p>\n<h4>Vastutava isiku nimi ja kontaktandmed<\/h4>\n<p>B! Disain on BAUHAUSi pakkumine. Klienditeenindust osutavad BAUHAUSi ettev\u00f5tted<a href=\"https:\/\/www.bauhaus.info\/gesellschaften\" target=\"_blank\" rel=\"noopener noreferrer\">(https:\/\/www.bauhaus.info\/gesellschaften<\/a>) \u00fchise vastutava isiku kokkuleppe alusel artikli 26 l\u00f5ike 1 t\u00e4henduses. 1 S. 1 GDPR. Klientide v\u00f5i andmesubjektide andmekaitsega seotud p\u00e4ringute keskne kontaktpunkt on<\/p>\n<p><strong>BAUHAUS AG<\/strong><br \/>\nMannheimi filiaal<br \/>\nGutenbergstra\u00dfe 21<br \/>\n68167 Mannheim<br \/>\nSaksamaa<br \/>\nTelefon: 0800 3905 000<br \/>\nE-post: <a href=\"mailto:datenschutz@bauhaus.info\">datenschutz@bauhaus.info<\/a>.<\/p>\n<p>BAUHAUS AG kohustub t\u00e4itma andmesubjekti \u00f5igusi vastavalt GDPR-le (vt allpool andmesubjekti \u00f5igused).<br \/>\nBAUHAUSi ettev\u00f5tted edastavad k\u00f5ik klientide ja kolmandate isikute andmekaitset puudutavad p\u00e4ringud BAUHAUS AG-le. Andmekaitseametnikule esitatavad otsep\u00e4ringud ei m\u00f5juta seda. \u00dchiselt vastutavate isikute kokkuleppe oluline sisu artikli 26 l\u00f5ike 1 t\u00e4henduses. 1 S. 1 DSGVO leiate aadressil: <a href=\"https:\/\/www.bauhaus.info\/gemeinsam_verantwortliche\" target=\"_blank\" rel=\"noopener noreferrer\">www.bauhaus.info\/gemeinsam_verantwortliche<\/a>.<\/p>\n<h4>Andmekaitseametniku kontaktandmed<\/h4>\n<p>Kui teil kui andmesubjektil on k\u00fcsimusi teie andmete t\u00f6\u00f6tlemise kohta vastavalt andmekaitsealastele \u00f5igusaktidele, on teil kaks v\u00f5imalust oma k\u00fcsimuste esitamiseks v\u00f5i murede esitamiseks:<\/p>\n<ul>\n<li>Andmekaitset ja andmesubjekti \u00f5iguste teostamist puudutavate \u00fcldiste p\u00e4ringute, n\u00e4iteks teaben\u00f5ude esitamiseks v\u00f5tke palun \u00fchendust BAUHAUSi andmekaitsega aadressil: datenschutz@bauhaus.info; ja<\/li>\n<li>Konkreetsete p\u00e4ringute puhul v\u00f5ite igal ajal v\u00f5tta otse \u00fchendust m\u00e4\u00e4ratud andmekaitseametnikuga aadressil: <a href=\"mailto:datenschutzbeauftragter@bauhaus.info.\">datenschutzbeauftragter@bauhaus.info<\/a>.<\/li>\n<\/ul>\n<h4>Andmete t\u00f6\u00f6tlemise eesm\u00e4rk ja \u00f5iguslik alus<\/h4>\n<h6>Serveri logifailid<\/h6>\n<p>Kui k\u00fclastate veebilehte www.bdesign-vinyl.de, salvestab veebiserver selle automaatselt niinimetatud serverilogifailidesse. Need andmed h\u00f5lmavad kasutatud veebilehitsejat, operatsioonis\u00fcsteemi ja juurdep\u00e4\u00e4su aega. Neid andmeid kasutatakse ainult statistilise hindamise eesm\u00e4rgil ja turvalisuse tagamiseks (nt kuritarvituste v\u00f5i pettuste v\u00e4ljaselgitamiseks) ning veebisaidi k\u00e4itamiseks. Andmete t\u00f6\u00f6tlemise \u00f5iguslik alus on art. 6 lg. 1 S. 1 lit. f) GDPR. Meie \u00f5igustatud huvi seisneb meie veebisaidi toimimises ja esitlemises ning selle stabiilsuse ja funktsionaalsuse parandamises.<\/p>\n<p>Eespool nimetatud isikuandmete esitamine teie poolt ei ole \u00f5iguslikult ega lepinguliselt n\u00f5utav. Kuid ilma serverilogifailide t\u00f6\u00f6tlemiseta ei ole v\u00f5imalik tagada meie veebisaidi teenust ja funktsionaalsust. Lisaks sellele ei pruugi \u00fcksikud teenused olla k\u00e4ttesaadavad v\u00f5i v\u00f5ivad olla piiratud.<\/p>\n<h6>K\u00fcpsiste kasutamine<\/h6>\n<p>K\u00fcpsised salvestatakse teie arvutisse, kui kasutate meie veebisaiti. K\u00fcpsised on v\u00e4ikesed tekstifailid, mis salvestatakse teie k\u00f5vakettale, m\u00e4\u00e4ratakse kasutatavale brauserile ja mille kaudu edastatakse teatud teave k\u00fcpsise seadistavale asutusele.<\/p>\n<p>K\u00fcpsised ei saa k\u00e4ivitada programme ega edastada teie arvutisse viiruseid. Nende eesm\u00e4rk on muuta internetipakkumine tervikuna kasutajas\u00f5bralikumaks ja t\u00f5husamaks. Sellel veebisaidil kasutatakse k\u00fcpsiseid n\u00e4iteks selleks, et hinnata k\u00fclastajate k\u00e4itumist veebisaidil. Saate oma brauseri seadeid vastavalt oma eelistustele konfigureerida ja n\u00e4iteks keelduda kolmanda osapoole k\u00fcpsiste v\u00f5i k\u00f5igi k\u00fcpsiste vastuv\u00f5tmisest. Pange t\u00e4hele, et siis ei pruugi teil olla v\u00f5imalik kasutada k\u00f5iki selle veebisaidi funktsioone.<\/p>\n<h6>Google Analytics<\/h6>\n<p>Me kasutame Google Analytics&#8217;i, veebianal\u00fc\u00fcsi teenust, mida pakub Google Ireland Limited, Gordon House, Barrow Street, Dublin 4, Iirimaa (&#8220;Google&#8221;). Google kasutab k\u00fcpsiseid. K\u00fcpsise poolt genereeritud teave veebipakkumise kasutamise kohta kasutaja poolt edastatakse tavaliselt Google&#8217;i serverisse USAs ja salvestatakse seal.<\/p>\n<p>Google on sertifitseeritud Privacy Shieldi raames ja pakub seega garantiid Euroopa andmekaitsealaste \u00f5igusaktide j\u00e4rgimise kohta<a href=\"https:\/\/www.privacyshield.gov\/participant?id=a2zt000000001L5AAI&amp;status=Active\" target=\"_blank\" rel=\"noopener noreferrer\">(https:\/\/www.privacyshield.gov\/participant?id=a2zt000000001L5AAI&amp;status=Active<\/a>).<\/p>\n<p>Google kasutab seda teavet meie nimel selleks, et hinnata teiepoolset veebisaidi kasutamist, koostada veebisaidi tegevuse kohta aruandeid veebisaidi operaatorite jaoks ning pakkuda muid veebisaidi tegevuse ja internetikasutusega seotud teenuseid. T\u00f6\u00f6deldud andmete p\u00f5hjal saab luua pseudon\u00fc\u00fcmseid kasutaja profiile. Andmete t\u00f6\u00f6tlemine p\u00f5hineb teie n\u00f5usolekul vastavalt artikli 6 l\u00f5ikele 1. 1 S. 1 lit. a) GDPR. Te v\u00f5ite oma n\u00f5usoleku igal ajal tagasi v\u00f5tta, mis kehtib ka tulevikus. J\u00e4rgnevalt kirjeldatakse teile sel eesm\u00e4rgil k\u00e4ttesaadavaid t\u00fchistamisv\u00f5imalusi.<\/p>\n<p>Me kasutame Google Analytics&#8217;i ainult aktiveeritud IP anon\u00fc\u00fcmseks muutmisega. See t\u00e4hendab, et Google l\u00fchendab kasutaja IP-aadressi Euroopa Liidu liikmesriikides v\u00f5i teistes Euroopa Majanduspiirkonna lepingu osalisriikides. Ainult erandjuhtudel edastatakse t\u00e4ielik IP-aadress Google&#8217;i USA-s asuvasse serverisse ja l\u00fchendatakse seal.<\/p>\n<p>Kasutaja brauseri poolt edastatud IP-aadressi ei liideta teiste Google&#8217;i andmetega. Kasutajad saavad v\u00e4ltida k\u00fcpsiste salvestamist, seadistades oma brauseritarkvara vastavalt; samuti saavad kasutajad takistada k\u00fcpsiste poolt genereeritud ja nende veebipakkumise kasutamisega seotud andmete kogumist Google&#8217;ile ning nende andmete t\u00f6\u00f6tlemist Google&#8217;i poolt, laadides alla ja installides j\u00e4rgmise lingi alt k\u00e4ttesaadava brauseriplugina:  <a href=\"http:\/\/tools.google.com\/dlpage\/gaoptout?hl=de\" target=\"_blank\" rel=\"noopener noreferrer\">http:\/\/tools.google.com\/dlpage\/gaoptout?hl=de<\/a>.<\/p>\n<p>Lisateavet Google&#8217;i andmete kasutamise, seadete ja loobumisv\u00f5imaluste kohta leiate Google&#8217;i privaatsuspoliitikast<a href=\"https:\/\/policies.google.com\/technologies\/ads\" target=\"_blank\" rel=\"noopener noreferrer\">(https:\/\/policies.google.com\/technologies\/ads<\/a>) ja Google&#8217;i reklaamide kuvamise seadetest<a href=\"https:\/\/adssettings.google.com\/authenticated\" target=\"_blank\" rel=\"noopener noreferrer\">(https:\/\/adssettings.google.com\/authenticated<\/a>).<\/p>\n<p>Alternatiivina brauserilisandile v\u00f5i mobiilseadmete brauserites kl\u00f5psake palun sellel lingil, et v\u00e4ltida Google Analyticsi andmete kogumist sellel veebisaidil tulevikus:<\/p>\n<h6>Anal\u00fc\u00fctika loobumine<\/h6>\n<p>See paigutab teie seadmesse loobumisk\u00fcpsise. Kui te kustutate oma k\u00fcpsised, peate kl\u00f5psama seda linki uuesti.<br \/>\nEespool nimetatud isikuandmete esitamine ei ole \u00f5iguslikult ega lepinguliselt n\u00f5utav. Ilma nende andmeteta ei ole aga v\u00f5imalik meie veebipakkumise anal\u00fc\u00fcs, optimeerimine ja majanduslik toimimine.<\/p>\n<h6>K\u00fcpsise n\u00f5usolek Borlabs k\u00fcpsisega<\/h6>\n<p>Meie veebisait kasutab Borlabs Cookie&#8217;s k\u00fcpsiste n\u00f5usoleku tehnoloogiat, et saada teie n\u00f5usolek teatud k\u00fcpsiste salvestamiseks teie brauseris ja dokumenteerida see koosk\u00f5las andmekaitseseadusega. Selle tehnoloogia pakkuja on Borlabs &#8211; Benjamin A. Bornschein, Georg-Wilhelm-Str. 17, 21107 Hamburg (edaspidi &#8220;Borlabs&#8221;).<br \/>\nKui sisenete meie veebisaidile, salvestatakse teie brauserisse Borlabs&#8217;i k\u00fcpsis, mis salvestab teie antud n\u00f5usolekuid v\u00f5i nende n\u00f5usolekute t\u00fchistamist. Neid andmeid ei jagata Borlabs&#8217;i k\u00fcpsiste pakkujaga.<br \/>\nKogutud andmeid s\u00e4ilitatakse seni, kuni taotlete nende kustutamist v\u00f5i kustutate Borlabs&#8217;i k\u00fcpsise ise v\u00f5i kuni andmete s\u00e4ilitamise eesm\u00e4rk ei ole enam asjakohane. Kohustuslikud seadusj\u00e4rgsed s\u00e4ilitamisperioodid j\u00e4\u00e4vad muutumatuks. \u00dcksikasjad Borlabs Cookie andmet\u00f6\u00f6tluse kohta on leitavad aadressil <a href=\"https:\/\/de.borlabs.io\/kb\/welche-daten-speichert-borlabs-cookie\/\">https:\/\/de.borlabs.io\/kb\/welche-daten-speichert-borlabs-cookie\/<\/a>.<br \/>\nBorlabs k\u00fcpsiste n\u00f5usoleku tehnoloogia kasutamine toimub selleks, et saada seadusega n\u00f5utud n\u00f5usolekud k\u00fcpsiste kasutamiseks. Selle \u00f5iguslik alus on artikli 6 l\u00f5ige 1. 1 S. 1 lit. c GDPR.<br \/>\n<span class=\"borlabs-cookie-open-dialog-preferences brlbs-cmpnt-container\" data-borlabs-cookie-title=\"Muuda k\u00fcpsiste seadeid\" data-borlabs-cookie-type=\"button\" ><\/span><\/p>\n<h6>YouTube<\/h6>\n<p>Meie veebileht kasutab videote integreerimiseks teenusepakkujat YouTube LLC , 901 Cherry Avenue, San Bruno, CA 94066, USA, mida esindab Google Inc., 1600 Amphitheatre Parkway, Mountain View, CA 94043, USA. Tavaliselt saadetakse teie IP-aadress juba YouTube&#8217;ile ja teie arvutisse paigaldatakse k\u00fcpsised, kui te sisenete lehele, kus on sisseehitatud videod.<\/p>\n<p>Siiski oleme oma YouTube&#8217;i videod varjanud laiendatud andmekaitsere\u017eiimiga (sellisel juhul v\u00f5tab YouTube endiselt \u00fchendust Google&#8217;i Double Klick teenusega, kuid vastavalt Google&#8217;i privaatsuspoliitikale ei hinnata selle k\u00e4igus isikuandmeid). See t\u00e4hendab, et YouTube ei salvesta enam teavet k\u00fclastajate kohta, kui nad ei vaata videot. Kui kl\u00f5psate videole, edastatakse teie IP-aadress YouTube&#8217;ile ja YouTube saab teada, et olete videot vaadanud. Kui olete YouTube&#8217;i sisse logitud, m\u00e4\u00e4ratakse see teave ka teie kasutajakontole (seda saate v\u00e4ltida, kui logite enne video vaatamist YouTube&#8217;ist v\u00e4lja).<\/p>\n<p>Lisateavet YouTube&#8217;i poolt andmete kogumise ja t\u00f6\u00f6tlemise eesm\u00e4rgi ja ulatuse kohta leiate nende privaatsuspoliitikast. Sealt leiate ka lisateavet oma \u00f5iguste ja privaatsuse kaitsmise v\u00f5imaluste kohta: <a href=\"https:\/\/www.google.de\/intl\/de\/policies\/privacy\" target=\"_blank\" rel=\"noopener noreferrer\">https:\/\/www.google.de\/intl\/de\/policies\/privacy<\/a>. Google t\u00f6\u00f6tleb teie isikuandmeid ka USAs ja on liitunud ELi-USA andmekaitsekilbiga, <a href=\"https:\/\/www.privacyshield.gov\/EU-US-Framework\" target=\"_blank\" rel=\"noopener noreferrer\">https:\/\/www.privacyshield.gov\/EU-US-Framework.&#8221;<\/a><\/p>\n<h6>Isikuandmete vastuv\u00f5tjad<\/h6>\n<p>Vastavalt seadusele avaldatakse teie isikuandmeid j\u00e4rgmistele ELi ettev\u00f5tetele:<br \/>\nteised BAUHAUSi ettev\u00f5tted<a href=\"https:\/\/www.bauhaus.info\/gesellschaften\" target=\"_blank\" rel=\"noopener noreferrer\">(https:\/\/www.bauhaus.info\/gesellschaften)<\/a> ja nende tellimuste t\u00f6\u00f6tlejad, kui see on vajalik, edasiseks konsulteerimiseks, soovitud lepingute s\u00f5lmimiseks v\u00f5i muu teenuse osutamiseks ning BAUHAUS AG tellimuste t\u00f6\u00f6tlejad IT-teenuste osutamiseks ja veebilehe backend&#8217;i haldamiseks.<\/p>\n<h6>Andmete s\u00e4ilitamise kestus<\/h6>\n<p>Me s\u00e4ilitame teie andmeid nii kaua, kui vastav eesm\u00e4rk seda n\u00f5uab:<\/p>\n<ul>\n<li>Serveri logifailid: 30 p\u00e4eva<\/li>\n<li>Google Analytics k\u00fcpsis: 2. aastat<\/li>\n<\/ul>\n<h4>Andmesubjektide \u00f5igused<\/h4>\n<p>BAUHAUSi ettev\u00f5tted tagavad teie kui andmesubjekti \u00f5igused igak\u00fclgselt.<\/p>\n<h6>N\u00f5usoleku tagasiv\u00f5tmine<\/h6>\n<p>Kui olete andnud oma n\u00f5usoleku isikuandmete t\u00f6\u00f6tlemiseks k\u00e4esoleva veebisaidi kasutamisega seoses, v\u00f5ite selle n\u00f5usoleku tagasi v\u00f5tta vastavalt artikli 7 l\u00f5ikele 1. 3 DSGVO igal ajal. Tagasiv\u00f5tmise v\u00f5ib saata e-posti aadressil <a href=\"mailto:datenschutz@bauhaus.info\" target=\"_blank\" rel=\"noopener noreferrer\">datenschutz@bauhaus.info<\/a> v\u00f5i kirjalikult eespool nimetatud aadressil. T\u00fchistamise m\u00f5ju piirdub sellega, et asjaomaseid isikuandmeid ei t\u00f6\u00f6delda enam tulevikus. Selline t\u00fchistamine m\u00f5jutab seega teie isikuandmete t\u00f6\u00f6tlemise lubatavust p\u00e4rast seda, kui olete seda meile v\u00e4ljendanud. Pange t\u00e4hele, et sellisel juhul ei pruugi asjaomaste andmete t\u00f6\u00f6tlemine tulevikus enam v\u00f5imalik olla.<\/p>\n<h6>\u00d5igus esitada vastuv\u00e4iteid t\u00f6\u00f6tlemisele vastavalt artikli 6 l\u00f5ikele 1. 1 S. 1 lit. f) DSGVO<\/h6>\n<p>Vastavalt artikli 21 l\u00f5ikele 1. 1 p. 1 DSGVO \u00f5igus esitada igal ajal vastuv\u00e4iteid teie isikuandmete t\u00f6\u00f6tlemisele DSGVO artikli 6 l\u00f5ike 1 alusel teie konkreetsest olukorrast tulenevatel p\u00f5hjustel. 1 S. 1 lit. f) DSGVO.<\/p>\n<p>Kui te esitate vastuv\u00e4ite, ei t\u00f6\u00f6tle me enam teie isikuandmeid, v\u00e4lja arvatud juhul, kui suudame t\u00f5endada, et t\u00f6\u00f6tlemiseks on kaalukad \u00f5igusp\u00e4rased p\u00f5hjused, mis kaaluvad \u00fcles teie huvid, \u00f5igused ja vabadused, v\u00f5i kui t\u00f6\u00f6tlemise eesm\u00e4rk on \u00f5igusn\u00f5uete esitamine, teostamine v\u00f5i kaitsmine.<\/p>\n<h6>Muud \u00f5igused<\/h6>\n<p>Teil on j\u00e4rgmised t\u00e4iendavad \u00f5igused seoses teie t\u00f6\u00f6deldavate isikuandmetega, kui vastavad eritingimused on vastutava t\u00f6\u00f6tleja suhtes t\u00e4idetud:<\/p>\n<ul>\n<li>Andmesubjekti juurdep\u00e4\u00e4su\u00f5igus, GDPR artikkel 15;<\/li>\n<li>\u00d5igus andmete parandamisele, GDPR artikkel 16;<\/li>\n<li>\u00d5igus andmete kustutamisele, DSGVO artikkel 17;<\/li>\n<li>\u00f5igus t\u00f6\u00f6tlemise piiramisele, GDPR artikkel 18; ja<\/li>\n<li>\u00d5igus andmete \u00fclekantavusele vastavalt DSGVO artiklile 20.<\/li>\n<li>Teil on ka \u00f5igus esitada kaebus j\u00e4relevalveasutusele, kui leiate, et teid puudutavate isikuandmete t\u00f6\u00f6tlemine rikub GDPRi.<\/li>\n<\/ul>\n<h6>Ajakohastamine ja muutmine<\/h6>\n<p>Privaatsuspoliitikat tuleb aeg-ajalt kohandada vastavalt tegelikele asjaoludele ja \u00f5iguslikule olukorrale. Palun kontrollige enne meie pakkumise kasutamist andmekaitsedeklaratsiooni, et olla kursis v\u00f5imalike muudatuste v\u00f5i uuendustega.<\/p>\n<p>Stend: 15.08.2019<\/p>\n                    <\/div>\n\n                                <\/div>\n        <\/div>\n    <\/div>\n<\/div>\n<div id=\"bdesign2022_spacer_block_630ccf3392a76\" class=\"bdesign2022_block bdesign2022_block--bdesign2022_spacer\">\n    <div class=\"bdesign2022_block--wrapper\">\n        <div class=\"spacer\" style=\"height: 100px\"><\/div>\n    <\/div>\n<\/div>\n","protected":false},"excerpt":{"rendered":"","protected":false},"author":8,"featured_media":0,"parent":13849,"menu_order":3,"comment_status":"closed","ping_status":"closed","template":"","meta":{"_acf_changed":false,"footnotes":""},"class_list":["post-13854","page","type-page","status-publish","hentry"],"acf":[],"yoast_head":"<!-- This site is optimized with the Yoast SEO plugin v24.2 - https:\/\/yoast.com\/wordpress\/plugins\/seo\/ -->\n<title>Privaatsus | b!design<\/title>\n<meta name=\"description\" content=\"Andmekaitse - j\u00e4rgnevalt teavitame teid isikuandmete kogumisest meie veebilehe kasutamisel.\" \/>\n<meta name=\"robots\" content=\"index, follow, max-snippet:-1, max-image-preview:large, max-video-preview:-1\" \/>\n<link rel=\"canonical\" href=\"https:\/\/www.bdesign-floors.com\/et\/meie-kohta\/andmekaitse\/\" \/>\n<meta property=\"og:locale\" content=\"et_EE\" \/>\n<meta property=\"og:type\" content=\"article\" \/>\n<meta property=\"og:title\" content=\"Privaatsus | b!design\" \/>\n<meta property=\"og:description\" content=\"Andmekaitse - j\u00e4rgnevalt teavitame teid isikuandmete kogumisest meie veebilehe kasutamisel.\" \/>\n<meta property=\"og:url\" content=\"https:\/\/www.bdesign-floors.com\/et\/meie-kohta\/andmekaitse\/\" \/>\n<meta property=\"og:site_name\" content=\"b!design\" \/>\n<meta property=\"article:modified_time\" content=\"2022-10-17T08:49:31+00:00\" \/>\n<meta name=\"twitter:card\" content=\"summary_large_image\" \/>\n<script type=\"application\/ld+json\" class=\"yoast-schema-graph\">{\"@context\":\"https:\/\/schema.org\",\"@graph\":[{\"@type\":\"WebPage\",\"@id\":\"https:\/\/www.bdesign-floors.com\/et\/meie-kohta\/andmekaitse\/\",\"url\":\"https:\/\/www.bdesign-floors.com\/et\/meie-kohta\/andmekaitse\/\",\"name\":\"Privaatsus | b!design\",\"isPartOf\":{\"@id\":\"https:\/\/bdesign.wp.factory.blim-dev.com\/#website\"},\"datePublished\":\"2022-09-12T14:49:46+00:00\",\"dateModified\":\"2022-10-17T08:49:31+00:00\",\"description\":\"Andmekaitse - j\u00e4rgnevalt teavitame teid isikuandmete kogumisest meie veebilehe kasutamisel.\",\"breadcrumb\":{\"@id\":\"https:\/\/www.bdesign-floors.com\/et\/meie-kohta\/andmekaitse\/#breadcrumb\"},\"inLanguage\":\"et\",\"potentialAction\":[{\"@type\":\"ReadAction\",\"target\":[\"https:\/\/www.bdesign-floors.com\/et\/meie-kohta\/andmekaitse\/\"]}]},{\"@type\":\"BreadcrumbList\",\"@id\":\"https:\/\/www.bdesign-floors.com\/et\/meie-kohta\/andmekaitse\/#breadcrumb\",\"itemListElement\":[{\"@type\":\"ListItem\",\"position\":1,\"name\":\"Home\",\"item\":\"https:\/\/www.bdesign-floors.com\/et\/\"},{\"@type\":\"ListItem\",\"position\":2,\"name\":\"Meie kohta\",\"item\":\"https:\/\/bdesign.wp.factory.blim-dev.com\/meie-kohta\/\"},{\"@type\":\"ListItem\",\"position\":3,\"name\":\"Andmekaitse\"}]},{\"@type\":\"WebSite\",\"@id\":\"https:\/\/bdesign.wp.factory.blim-dev.com\/#website\",\"url\":\"https:\/\/bdesign.wp.factory.blim-dev.com\/\",\"name\":\"b!design\",\"description\":\"Just another WordPress site\",\"potentialAction\":[{\"@type\":\"SearchAction\",\"target\":{\"@type\":\"EntryPoint\",\"urlTemplate\":\"https:\/\/bdesign.wp.factory.blim-dev.com\/?s={search_term_string}\"},\"query-input\":{\"@type\":\"PropertyValueSpecification\",\"valueRequired\":true,\"valueName\":\"search_term_string\"}}],\"inLanguage\":\"et\"}]}<\/script>\n<!-- \/ Yoast SEO plugin. -->","yoast_head_json":{"title":"Privaatsus | b!design","description":"Andmekaitse - j\u00e4rgnevalt teavitame teid isikuandmete kogumisest meie veebilehe kasutamisel.","robots":{"index":"index","follow":"follow","max-snippet":"max-snippet:-1","max-image-preview":"max-image-preview:large","max-video-preview":"max-video-preview:-1"},"canonical":"https:\/\/www.bdesign-floors.com\/et\/meie-kohta\/andmekaitse\/","og_locale":"et_EE","og_type":"article","og_title":"Privaatsus | b!design","og_description":"Andmekaitse - j\u00e4rgnevalt teavitame teid isikuandmete kogumisest meie veebilehe kasutamisel.","og_url":"https:\/\/www.bdesign-floors.com\/et\/meie-kohta\/andmekaitse\/","og_site_name":"b!design","article_modified_time":"2022-10-17T08:49:31+00:00","twitter_card":"summary_large_image","schema":{"@context":"https:\/\/schema.org","@graph":[{"@type":"WebPage","@id":"https:\/\/www.bdesign-floors.com\/et\/meie-kohta\/andmekaitse\/","url":"https:\/\/www.bdesign-floors.com\/et\/meie-kohta\/andmekaitse\/","name":"Privaatsus | b!design","isPartOf":{"@id":"https:\/\/bdesign.wp.factory.blim-dev.com\/#website"},"datePublished":"2022-09-12T14:49:46+00:00","dateModified":"2022-10-17T08:49:31+00:00","description":"Andmekaitse - j\u00e4rgnevalt teavitame teid isikuandmete kogumisest meie veebilehe kasutamisel.","breadcrumb":{"@id":"https:\/\/www.bdesign-floors.com\/et\/meie-kohta\/andmekaitse\/#breadcrumb"},"inLanguage":"et","potentialAction":[{"@type":"ReadAction","target":["https:\/\/www.bdesign-floors.com\/et\/meie-kohta\/andmekaitse\/"]}]},{"@type":"BreadcrumbList","@id":"https:\/\/www.bdesign-floors.com\/et\/meie-kohta\/andmekaitse\/#breadcrumb","itemListElement":[{"@type":"ListItem","position":1,"name":"Home","item":"https:\/\/www.bdesign-floors.com\/et\/"},{"@type":"ListItem","position":2,"name":"Meie kohta","item":"https:\/\/bdesign.wp.factory.blim-dev.com\/meie-kohta\/"},{"@type":"ListItem","position":3,"name":"Andmekaitse"}]},{"@type":"WebSite","@id":"https:\/\/bdesign.wp.factory.blim-dev.com\/#website","url":"https:\/\/bdesign.wp.factory.blim-dev.com\/","name":"b!design","description":"Just another WordPress site","potentialAction":[{"@type":"SearchAction","target":{"@type":"EntryPoint","urlTemplate":"https:\/\/bdesign.wp.factory.blim-dev.com\/?s={search_term_string}"},"query-input":{"@type":"PropertyValueSpecification","valueRequired":true,"valueName":"search_term_string"}}],"inLanguage":"et"}]}},"_links":{"self":[{"href":"https:\/\/www.bdesign-floors.com\/et\/wp-json\/wp\/v2\/pages\/13854","targetHints":{"allow":["GET"]}}],"collection":[{"href":"https:\/\/www.bdesign-floors.com\/et\/wp-json\/wp\/v2\/pages"}],"about":[{"href":"https:\/\/www.bdesign-floors.com\/et\/wp-json\/wp\/v2\/types\/page"}],"author":[{"embeddable":true,"href":"https:\/\/www.bdesign-floors.com\/et\/wp-json\/wp\/v2\/users\/8"}],"replies":[{"embeddable":true,"href":"https:\/\/www.bdesign-floors.com\/et\/wp-json\/wp\/v2\/comments?post=13854"}],"version-history":[{"count":1,"href":"https:\/\/www.bdesign-floors.com\/et\/wp-json\/wp\/v2\/pages\/13854\/revisions"}],"predecessor-version":[{"id":13857,"href":"https:\/\/www.bdesign-floors.com\/et\/wp-json\/wp\/v2\/pages\/13854\/revisions\/13857"}],"up":[{"embeddable":true,"href":"https:\/\/www.bdesign-floors.com\/et\/wp-json\/wp\/v2\/pages\/13849"}],"wp:attachment":[{"href":"https:\/\/www.bdesign-floors.com\/et\/wp-json\/wp\/v2\/media?parent=13854"}],"curies":[{"name":"wp","href":"https:\/\/api.w.org\/{rel}","templated":true}]}}