{"id":13877,"date":"2022-09-12T16:49:48","date_gmt":"2022-09-12T14:49:48","guid":{"rendered":"https:\/\/www.bdesign-floors.com\/inspiratsioon\/ruumiline-planeerija\/"},"modified":"2022-09-12T16:49:49","modified_gmt":"2022-09-12T14:49:49","slug":"ruumiline-planeerija","status":"publish","type":"page","link":"https:\/\/www.bdesign-floors.com\/et\/inspiratsioon\/ruumiline-planeerija\/","title":{"rendered":"Ruumiline planeerija"},"content":{"rendered":"<div id=\"bdesign2022_pageheader_block_62dfd623856fa\" class=\"bdesign2022_block bdesign2022_block--bdesign2022_pageheader\">\n    <div class=\"bdesign2022_block--wrapper\">\n                                    <div class=\"bdesign2022_ph-wrap is-single\">\n                    <div class=\"bdesign2022_ph-slide slidestyle-is-black orig-is-must active\">\n                        <div class=\"slide-image\">\n                            <img decoding=\"async\" class=\"img-fluid logo\" src=\"https:\/\/www.bdesign-floors.com\/wp-content\/uploads\/2022\/08\/LVT-designboden-b-design.jpg\" srcset=\"https:\/\/www.bdesign-floors.com\/wp-content\/uploads\/2022\/08\/LVT-designboden-b-design.jpg 1110w, https:\/\/www.bdesign-floors.com\/wp-content\/uploads\/2022\/08\/LVT-designboden-b-design-768x521.jpg 768w, https:\/\/www.bdesign-floors.com\/wp-content\/uploads\/2022\/08\/LVT-designboden-b-design-442x300.jpg 442w\">                        <\/div>\n                        <div class=\"slide-area\">\n                            <div class=\"slide-area-wrapper\">\n                                <h1>Praktiline b!design toaplaneerija<\/h1>\n                                <h6>Meie ruumiplaneerija abil saate h\u00f5lpsasti n\u00e4ha, kuidas teie unistuste p\u00f5rand teie kodus v\u00e4lja n\u00e4eb &#8211; juba enne ostmist.<\/h6>\n                                                                                            <\/div>\n                            <div class=\"slide-image-mobile d-md-none\">\n                                <img decoding=\"async\" class=\"img-fluid logo\" src=\"https:\/\/www.bdesign-floors.com\/wp-content\/uploads\/2022\/08\/LVT-designboden-b-design.jpg\" srcset=\"https:\/\/www.bdesign-floors.com\/wp-content\/uploads\/2022\/08\/LVT-designboden-b-design.jpg 1110w, https:\/\/www.bdesign-floors.com\/wp-content\/uploads\/2022\/08\/LVT-designboden-b-design-768x521.jpg 768w, https:\/\/www.bdesign-floors.com\/wp-content\/uploads\/2022\/08\/LVT-designboden-b-design-442x300.jpg 442w\">                            <\/div>\n                        <\/div>\n                    <\/div>\n                <\/div>\n                        <\/div>\n<\/div>\n","protected":false},"excerpt":{"rendered":"","protected":false},"author":8,"featured_media":0,"parent":13874,"menu_order":1,"comment_status":"closed","ping_status":"closed","template":"","meta":{"_acf_changed":false,"footnotes":""},"class_list":["post-13877","page","type-page","status-publish","hentry"],"acf":[],"yoast_head":"<!-- This site is optimized with the Yoast SEO plugin v24.2 - https:\/\/yoast.com\/wordpress\/plugins\/seo\/ -->\n<title>Ruumiplaneerija | b!design<\/title>\n<meta name=\"description\" content=\"Kujundage oma tuba b!designi veebip\u00f5hise ruumiplaneerijaga p\u00f5randakatete jaoks ja katsetage erinevate p\u00f5randate ruumilist m\u00f5ju.\" \/>\n<meta name=\"robots\" content=\"index, follow, max-snippet:-1, max-image-preview:large, max-video-preview:-1\" \/>\n<link rel=\"canonical\" href=\"https:\/\/www.bdesign-floors.com\/et\/inspiratsioon\/ruumiline-planeerija\/\" \/>\n<meta property=\"og:locale\" content=\"et_EE\" \/>\n<meta property=\"og:type\" content=\"article\" \/>\n<meta property=\"og:title\" content=\"Ruumiplaneerija | b!design\" \/>\n<meta property=\"og:description\" content=\"Kujundage oma tuba b!designi veebip\u00f5hise ruumiplaneerijaga p\u00f5randakatete jaoks ja katsetage erinevate p\u00f5randate ruumilist m\u00f5ju.\" \/>\n<meta property=\"og:url\" content=\"https:\/\/www.bdesign-floors.com\/et\/inspiratsioon\/ruumiline-planeerija\/\" \/>\n<meta property=\"og:site_name\" content=\"b!design\" \/>\n<meta property=\"article:modified_time\" content=\"2022-09-12T14:49:49+00:00\" \/>\n<meta name=\"twitter:card\" content=\"summary_large_image\" \/>\n<script type=\"application\/ld+json\" class=\"yoast-schema-graph\">{\"@context\":\"https:\/\/schema.org\",\"@graph\":[{\"@type\":\"WebPage\",\"@id\":\"https:\/\/www.bdesign-floors.com\/et\/inspiratsioon\/ruumiline-planeerija\/\",\"url\":\"https:\/\/www.bdesign-floors.com\/et\/inspiratsioon\/ruumiline-planeerija\/\",\"name\":\"Ruumiplaneerija | b!design\",\"isPartOf\":{\"@id\":\"https:\/\/bdesign.wp.factory.blim-dev.com\/#website\"},\"datePublished\":\"2022-09-12T14:49:48+00:00\",\"dateModified\":\"2022-09-12T14:49:49+00:00\",\"description\":\"Kujundage oma tuba b!designi veebip\u00f5hise ruumiplaneerijaga p\u00f5randakatete jaoks ja katsetage erinevate p\u00f5randate ruumilist m\u00f5ju.\",\"breadcrumb\":{\"@id\":\"https:\/\/www.bdesign-floors.com\/et\/inspiratsioon\/ruumiline-planeerija\/#breadcrumb\"},\"inLanguage\":\"et\",\"potentialAction\":[{\"@type\":\"ReadAction\",\"target\":[\"https:\/\/www.bdesign-floors.com\/et\/inspiratsioon\/ruumiline-planeerija\/\"]}]},{\"@type\":\"BreadcrumbList\",\"@id\":\"https:\/\/www.bdesign-floors.com\/et\/inspiratsioon\/ruumiline-planeerija\/#breadcrumb\",\"itemListElement\":[{\"@type\":\"ListItem\",\"position\":1,\"name\":\"Home\",\"item\":\"https:\/\/www.bdesign-floors.com\/et\/\"},{\"@type\":\"ListItem\",\"position\":2,\"name\":\"Inspiratsioon\",\"item\":\"https:\/\/bdesign.wp.factory.blim-dev.com\/inspiratsioon\/\"},{\"@type\":\"ListItem\",\"position\":3,\"name\":\"Ruumiline planeerija\"}]},{\"@type\":\"WebSite\",\"@id\":\"https:\/\/bdesign.wp.factory.blim-dev.com\/#website\",\"url\":\"https:\/\/bdesign.wp.factory.blim-dev.com\/\",\"name\":\"b!design\",\"description\":\"Just another WordPress site\",\"potentialAction\":[{\"@type\":\"SearchAction\",\"target\":{\"@type\":\"EntryPoint\",\"urlTemplate\":\"https:\/\/bdesign.wp.factory.blim-dev.com\/?s={search_term_string}\"},\"query-input\":{\"@type\":\"PropertyValueSpecification\",\"valueRequired\":true,\"valueName\":\"search_term_string\"}}],\"inLanguage\":\"et\"}]}<\/script>\n<!-- \/ Yoast SEO plugin. -->","yoast_head_json":{"title":"Ruumiplaneerija | b!design","description":"Kujundage oma tuba b!designi veebip\u00f5hise ruumiplaneerijaga p\u00f5randakatete jaoks ja katsetage erinevate p\u00f5randate ruumilist m\u00f5ju.","robots":{"index":"index","follow":"follow","max-snippet":"max-snippet:-1","max-image-preview":"max-image-preview:large","max-video-preview":"max-video-preview:-1"},"canonical":"https:\/\/www.bdesign-floors.com\/et\/inspiratsioon\/ruumiline-planeerija\/","og_locale":"et_EE","og_type":"article","og_title":"Ruumiplaneerija | b!design","og_description":"Kujundage oma tuba b!designi veebip\u00f5hise ruumiplaneerijaga p\u00f5randakatete jaoks ja katsetage erinevate p\u00f5randate ruumilist m\u00f5ju.","og_url":"https:\/\/www.bdesign-floors.com\/et\/inspiratsioon\/ruumiline-planeerija\/","og_site_name":"b!design","article_modified_time":"2022-09-12T14:49:49+00:00","twitter_card":"summary_large_image","schema":{"@context":"https:\/\/schema.org","@graph":[{"@type":"WebPage","@id":"https:\/\/www.bdesign-floors.com\/et\/inspiratsioon\/ruumiline-planeerija\/","url":"https:\/\/www.bdesign-floors.com\/et\/inspiratsioon\/ruumiline-planeerija\/","name":"Ruumiplaneerija | b!design","isPartOf":{"@id":"https:\/\/bdesign.wp.factory.blim-dev.com\/#website"},"datePublished":"2022-09-12T14:49:48+00:00","dateModified":"2022-09-12T14:49:49+00:00","description":"Kujundage oma tuba b!designi veebip\u00f5hise ruumiplaneerijaga p\u00f5randakatete jaoks ja katsetage erinevate p\u00f5randate ruumilist m\u00f5ju.","breadcrumb":{"@id":"https:\/\/www.bdesign-floors.com\/et\/inspiratsioon\/ruumiline-planeerija\/#breadcrumb"},"inLanguage":"et","potentialAction":[{"@type":"ReadAction","target":["https:\/\/www.bdesign-floors.com\/et\/inspiratsioon\/ruumiline-planeerija\/"]}]},{"@type":"BreadcrumbList","@id":"https:\/\/www.bdesign-floors.com\/et\/inspiratsioon\/ruumiline-planeerija\/#breadcrumb","itemListElement":[{"@type":"ListItem","position":1,"name":"Home","item":"https:\/\/www.bdesign-floors.com\/et\/"},{"@type":"ListItem","position":2,"name":"Inspiratsioon","item":"https:\/\/bdesign.wp.factory.blim-dev.com\/inspiratsioon\/"},{"@type":"ListItem","position":3,"name":"Ruumiline planeerija"}]},{"@type":"WebSite","@id":"https:\/\/bdesign.wp.factory.blim-dev.com\/#website","url":"https:\/\/bdesign.wp.factory.blim-dev.com\/","name":"b!design","description":"Just another WordPress site","potentialAction":[{"@type":"SearchAction","target":{"@type":"EntryPoint","urlTemplate":"https:\/\/bdesign.wp.factory.blim-dev.com\/?s={search_term_string}"},"query-input":{"@type":"PropertyValueSpecification","valueRequired":true,"valueName":"search_term_string"}}],"inLanguage":"et"}]}},"_links":{"self":[{"href":"https:\/\/www.bdesign-floors.com\/et\/wp-json\/wp\/v2\/pages\/13877","targetHints":{"allow":["GET"]}}],"collection":[{"href":"https:\/\/www.bdesign-floors.com\/et\/wp-json\/wp\/v2\/pages"}],"about":[{"href":"https:\/\/www.bdesign-floors.com\/et\/wp-json\/wp\/v2\/types\/page"}],"author":[{"embeddable":true,"href":"https:\/\/www.bdesign-floors.com\/et\/wp-json\/wp\/v2\/users\/8"}],"replies":[{"embeddable":true,"href":"https:\/\/www.bdesign-floors.com\/et\/wp-json\/wp\/v2\/comments?post=13877"}],"version-history":[{"count":1,"href":"https:\/\/www.bdesign-floors.com\/et\/wp-json\/wp\/v2\/pages\/13877\/revisions"}],"predecessor-version":[{"id":13881,"href":"https:\/\/www.bdesign-floors.com\/et\/wp-json\/wp\/v2\/pages\/13877\/revisions\/13881"}],"up":[{"embeddable":true,"href":"https:\/\/www.bdesign-floors.com\/et\/wp-json\/wp\/v2\/pages\/13874"}],"wp:attachment":[{"href":"https:\/\/www.bdesign-floors.com\/et\/wp-json\/wp\/v2\/media?parent=13877"}],"curies":[{"name":"wp","href":"https:\/\/api.w.org\/{rel}","templated":true}]}}