{"id":13689,"date":"2022-09-12T16:37:11","date_gmt":"2022-09-12T14:37:11","guid":{"rendered":"https:\/\/www.bdesign-floors.com\/tarvikkeet-hoito\/"},"modified":"2022-11-14T12:02:05","modified_gmt":"2022-11-14T10:02:05","slug":"tarvikkeet-hoito","status":"publish","type":"page","link":"https:\/\/www.bdesign-floors.com\/fi\/tarvikkeet-hoito\/","title":{"rendered":"Tarvikkeet &amp; hoito"},"content":{"rendered":"<div id=\"bdesign2022_pageheader_block_5b141341fa5e2c4a998bca60235f5a46\" class=\"bdesign2022_block bdesign2022_block--bdesign2022_pageheader\">\n    <div class=\"bdesign2022_block--wrapper\">\n                                    <div class=\"bdesign2022_ph-wrap is-single\">\n                    <div class=\"bdesign2022_ph-slide slidestyle-is-black orig-is-musta active\">\n                        <div class=\"slide-image\">\n                            <img decoding=\"async\" class=\"img-fluid logo\" src=\"https:\/\/www.bdesign-floors.com\/wp-content\/uploads\/2022\/09\/zubehoer-pflege-boden-b-design.jpg\" srcset=\"https:\/\/www.bdesign-floors.com\/wp-content\/uploads\/2022\/09\/zubehoer-pflege-boden-b-design.jpg 1110w, https:\/\/www.bdesign-floors.com\/wp-content\/uploads\/2022\/09\/zubehoer-pflege-boden-b-design-768x521.jpg 768w, https:\/\/www.bdesign-floors.com\/wp-content\/uploads\/2022\/09\/zubehoer-pflege-boden-b-design-442x300.jpg 442w\">                        <\/div>\n                        <div class=\"slide-area\">\n                            <div class=\"slide-area-wrapper\">\n                                <h1>Unelmiesi lattian suojaus ja hoito<\/h1>\n                                <h6>T\u00e4\u00e4lt\u00e4 l\u00f6yd\u00e4t laadukkaat tarvikkeet ja oikeat hoitotarvikkeet, joilla voit puhdistaa ja suojata lattiasi tehokkaasti.<\/h6>\n                                                                                            <\/div>\n                            <div class=\"slide-image-mobile d-md-none\">\n                                <img decoding=\"async\" class=\"img-fluid logo\" src=\"https:\/\/www.bdesign-floors.com\/wp-content\/uploads\/2022\/09\/zubehoer-pflege-boden-b-design.jpg\" srcset=\"https:\/\/www.bdesign-floors.com\/wp-content\/uploads\/2022\/09\/zubehoer-pflege-boden-b-design.jpg 1110w, https:\/\/www.bdesign-floors.com\/wp-content\/uploads\/2022\/09\/zubehoer-pflege-boden-b-design-768x521.jpg 768w, https:\/\/www.bdesign-floors.com\/wp-content\/uploads\/2022\/09\/zubehoer-pflege-boden-b-design-442x300.jpg 442w\">                            <\/div>\n                        <\/div>\n                    <\/div>\n                <\/div>\n                        <\/div>\n<\/div>\n\n\n<div id=\"bdesign2022_headline_block_96b362d517ff08536723adc0572be633\" class=\"bdesign2022_block bdesign2022_block--bdesign2022_headline\">\n    <div class=\"bdesign2022_block--wrapper\">\n        <div class=\"container my-4\">\n            \n                                    <h5 class=\"h5 text-start mt-5 mb-3\">Tarvikkeet &amp; hoito<\/h5>\n                                                    <h2 class=\"h2 text-start mt-2 mb-4\">Hoito ja asennustarvikkeet<\/h2>\n                                \n                        <\/div>\n    <\/div>\n<\/div>\n\n\n<div id=\"bdesign2022_2columntext_block_5c8904a03d6e01ffff61ac094976d851\" class=\"bdesign2022_block bdesign2022_block--bdesign2022_2columntext\">\n    <div class=\"bdesign2022_block--wrapper\">\n        <div class=\"container my-4\">\n            <div class=\"row align-items-start\">\n                <div class=\"col-12 col-xxl-4 offset-0 offset-xxl-2 my-3\">\n                    <p>Olipa kyse sitten alusmatoista, jalkalistoista tai puhdistusaineista &#8211; t\u00e4\u00e4lt\u00e4 l\u00f6yd\u00e4t, mik\u00e4 on hyv\u00e4ksi design-lattiallesi. T\u00e4ll\u00e4 tavoin saavutat houkuttelevamman ulkon\u00e4\u00f6n ja voit my\u00f6s s\u00e4ilytt\u00e4\u00e4 lattian arvon pitk\u00e4ll\u00e4 aikav\u00e4lill\u00e4. Yksil\u00f6llisist\u00e4 tarpeistasi riippuen voit valita korkealaatuisen ja korkealaatuisen<\/p>\n                <\/div>\n                <div class=\"c0l-12 col-xxl-4 xxl-3 my-3\">\n                    <p>Valitse useista aluskatteista ja erikoispuhdistusaineista. Voit valita peruspuhdistusaineen perushoitoon, moppihoidon lattian luonnolliseen s\u00e4ilytt\u00e4miseen ja p\u00e4ivitysaineen lattian suojaamiseen. Tutustu b!designin tarvikkeisiin ja hoitotuotteisiin nyt.<\/p>\n                <\/div>\n            <\/div>\n        <\/div>\n    <\/div>\n<\/div>\n\n\n<div id=\"bdesign2022_imagetext_block_404117f61fe2932dc528a76d8fb9c18c\" class=\"bdesign2022_block bdesign2022_block--bdesign2022_imagetext\">\n    <div class=\"bdesign2022_block--wrapper\">\n        <div class=\"container\">\n            <div class=\"row align-items-center align-items-xxl-start align-items-xxxl-center\">\n                <div class=\"d-block d-md-block col-md-7 col-xl-4 col-xxl-5 col-xxxl-7 col-type-is-image col-count-is-1\"><img decoding=\"async\" class=\"img-fluid col-img\" src=\"https:\/\/www.bdesign-floors.com\/wp-content\/uploads\/2022\/09\/unterlagsmatte-zubehoer-pflege-boden-b-design.jpg\" srcset=\"https:\/\/www.bdesign-floors.com\/wp-content\/uploads\/2022\/09\/unterlagsmatte-zubehoer-pflege-boden-b-design.jpg 1110w, https:\/\/www.bdesign-floors.com\/wp-content\/uploads\/2022\/09\/unterlagsmatte-zubehoer-pflege-boden-b-design-768x510.jpg 768w, https:\/\/www.bdesign-floors.com\/wp-content\/uploads\/2022\/09\/unterlagsmatte-zubehoer-pflege-boden-b-design-452x300.jpg 452w\"><\/div><div class=\"col-12 col-xl-7 col-xxl-6 col-xxxl-4 col-type-is-imagetext col-count-is-2\"><h3>Miksi b!design-alusmatto?<\/h3><p>b!design-alusmatto on pitk\u00e4aikaiskest\u00e4vyydelt\u00e4\u00e4n erinomainen ja sen puristuslujuus on suuri. T\u00e4m\u00e4 suojaa napsautusliitosta vaurioilta tai nivelen muodostumiselta suurissa kuormituksissa. Kelluvat lattialaudat? Toimii my\u00f6s! Alusmatto kompensoi l\u00e4mp\u00f6tilan muutoksia esteett\u00e4. Se vaimentaa \u00e4\u00e4nt\u00e4 niin, ett\u00e4 alapuolella olevien naapureiden melu v\u00e4henee ja k\u00e4velymelu huoneissasi v\u00e4henee.<\/p>\n<p>Kukaan ei halua kylm\u00e4\u00e4 lattiaa. Siksi matto est\u00e4\u00e4 my\u00f6s l\u00e4mp\u00f6energian virtaamisen pois lattialta. Sinun ei my\u00f6sk\u00e4\u00e4n tarvitse huolehtia homeesta, kiitos alusmaton, sill\u00e4 se p\u00e4\u00e4st\u00e4\u00e4 ilman kiert\u00e4m\u00e4\u00e4n suoraan kosteussulun yl\u00e4puolella.<\/p>\n<\/div>            <\/div>\n        <\/div>\n    <\/div>\n<\/div>\n\n\n<div id=\"bdesign2022_imagetext_block_27f6ba3b76b4bdf52a50d6aa962cc8a4\" class=\"bdesign2022_block bdesign2022_block--bdesign2022_imagetext\">\n    <div class=\"bdesign2022_block--wrapper\">\n        <div class=\"container\">\n            <div class=\"row align-items-center align-items-xxl-start align-items-xxxl-center\">\n                <div class=\"col-12 col-xl-7 col-xxl-6 col-xxxl-4 col-type-is-imagetext col-count-is-1\"><h3>Iskulohko vinyylilattioille, joissa on clic-liit\u00e4nt\u00e4<\/h3><p>T\u00e4m\u00e4 napautuslohko on kehitetty erityisesti Clic-liit\u00e4nn\u00e4ll\u00e4 varustettuja b!design design -lattianp\u00e4\u00e4llysteit\u00e4 varten. Sit\u00e4 voidaan k\u00e4ytt\u00e4\u00e4 yleisesti, se suojaa reunaa asennuksen aikana ja tukee t\u00e4ydellist\u00e4 asennusta. Valkoisesta muovista valmistettua lohkoa on helppo k\u00e4sitell\u00e4, ja sen avulla saat aikaan virheett\u00f6m\u00e4n ja pitk\u00e4ik\u00e4isen asennuksen.<\/p>\n<\/div><div class=\"d-block d-md-block col-md-7 col-xl-4 col-xxl-5 col-xxxl-7 col-type-is-image col-count-is-2\"><img decoding=\"async\" class=\"img-fluid col-img\" src=\"https:\/\/www.bdesign-floors.com\/wp-content\/uploads\/2022\/09\/schlagklotz-zubehoer-pflege-boden-b-design.jpg\" srcset=\"https:\/\/www.bdesign-floors.com\/wp-content\/uploads\/2022\/09\/schlagklotz-zubehoer-pflege-boden-b-design.jpg 1110w, https:\/\/www.bdesign-floors.com\/wp-content\/uploads\/2022\/09\/schlagklotz-zubehoer-pflege-boden-b-design-768x510.jpg 768w, https:\/\/www.bdesign-floors.com\/wp-content\/uploads\/2022\/09\/schlagklotz-zubehoer-pflege-boden-b-design-452x300.jpg 452w\"><\/div>            <\/div>\n        <\/div>\n    <\/div>\n<\/div>\n","protected":false},"excerpt":{"rendered":"","protected":false},"author":8,"featured_media":0,"parent":0,"menu_order":3,"comment_status":"closed","ping_status":"closed","template":"","meta":{"_acf_changed":false,"footnotes":""},"class_list":["post-13689","page","type-page","status-publish","hentry"],"acf":[],"yoast_head":"<!-- This site is optimized with the Yoast SEO plugin v24.2 - https:\/\/yoast.com\/wordpress\/plugins\/seo\/ -->\n<title>Tarvikkeet ja hoito | b!design<\/title>\n<meta name=\"description\" content=\"L\u00f6yd\u00e4t b!designista my\u00f6s oikeat puhdistus- ja hoitotuotteet uudelle lattiallesi. Tutustu laadukkaiden lis\u00e4varusteiden valikoimaamme nyt!\" \/>\n<meta name=\"robots\" content=\"index, follow, max-snippet:-1, max-image-preview:large, max-video-preview:-1\" \/>\n<link rel=\"canonical\" href=\"https:\/\/www.bdesign-floors.com\/fi\/tarvikkeet-hoito\/\" \/>\n<meta property=\"og:locale\" content=\"fi_FI\" \/>\n<meta property=\"og:type\" content=\"article\" \/>\n<meta property=\"og:title\" content=\"Tarvikkeet ja hoito | b!design\" \/>\n<meta property=\"og:description\" content=\"L\u00f6yd\u00e4t b!designista my\u00f6s oikeat puhdistus- ja hoitotuotteet uudelle lattiallesi. Tutustu laadukkaiden lis\u00e4varusteiden valikoimaamme nyt!\" \/>\n<meta property=\"og:url\" content=\"https:\/\/www.bdesign-floors.com\/fi\/tarvikkeet-hoito\/\" \/>\n<meta property=\"og:site_name\" content=\"b!design\" \/>\n<meta property=\"article:modified_time\" content=\"2022-11-14T10:02:05+00:00\" \/>\n<meta name=\"twitter:card\" content=\"summary_large_image\" \/>\n<script type=\"application\/ld+json\" class=\"yoast-schema-graph\">{\"@context\":\"https:\/\/schema.org\",\"@graph\":[{\"@type\":\"WebPage\",\"@id\":\"https:\/\/www.bdesign-floors.com\/fi\/tarvikkeet-hoito\/\",\"url\":\"https:\/\/www.bdesign-floors.com\/fi\/tarvikkeet-hoito\/\",\"name\":\"Tarvikkeet ja hoito | b!design\",\"isPartOf\":{\"@id\":\"https:\/\/bdesign.wp.factory.blim-dev.com\/#website\"},\"datePublished\":\"2022-09-12T14:37:11+00:00\",\"dateModified\":\"2022-11-14T10:02:05+00:00\",\"description\":\"L\u00f6yd\u00e4t b!designista my\u00f6s oikeat puhdistus- ja hoitotuotteet uudelle lattiallesi. Tutustu laadukkaiden lis\u00e4varusteiden valikoimaamme nyt!\",\"breadcrumb\":{\"@id\":\"https:\/\/www.bdesign-floors.com\/fi\/tarvikkeet-hoito\/#breadcrumb\"},\"inLanguage\":\"fi\",\"potentialAction\":[{\"@type\":\"ReadAction\",\"target\":[\"https:\/\/www.bdesign-floors.com\/fi\/tarvikkeet-hoito\/\"]}]},{\"@type\":\"BreadcrumbList\",\"@id\":\"https:\/\/www.bdesign-floors.com\/fi\/tarvikkeet-hoito\/#breadcrumb\",\"itemListElement\":[{\"@type\":\"ListItem\",\"position\":1,\"name\":\"Home\",\"item\":\"https:\/\/www.bdesign-floors.com\/fi\/\"},{\"@type\":\"ListItem\",\"position\":2,\"name\":\"Tarvikkeet &amp; hoito\"}]},{\"@type\":\"WebSite\",\"@id\":\"https:\/\/bdesign.wp.factory.blim-dev.com\/#website\",\"url\":\"https:\/\/bdesign.wp.factory.blim-dev.com\/\",\"name\":\"b!design\",\"description\":\"Just another WordPress site\",\"potentialAction\":[{\"@type\":\"SearchAction\",\"target\":{\"@type\":\"EntryPoint\",\"urlTemplate\":\"https:\/\/bdesign.wp.factory.blim-dev.com\/?s={search_term_string}\"},\"query-input\":{\"@type\":\"PropertyValueSpecification\",\"valueRequired\":true,\"valueName\":\"search_term_string\"}}],\"inLanguage\":\"fi\"}]}<\/script>\n<!-- \/ Yoast SEO plugin. -->","yoast_head_json":{"title":"Tarvikkeet ja hoito | b!design","description":"L\u00f6yd\u00e4t b!designista my\u00f6s oikeat puhdistus- ja hoitotuotteet uudelle lattiallesi. Tutustu laadukkaiden lis\u00e4varusteiden valikoimaamme nyt!","robots":{"index":"index","follow":"follow","max-snippet":"max-snippet:-1","max-image-preview":"max-image-preview:large","max-video-preview":"max-video-preview:-1"},"canonical":"https:\/\/www.bdesign-floors.com\/fi\/tarvikkeet-hoito\/","og_locale":"fi_FI","og_type":"article","og_title":"Tarvikkeet ja hoito | b!design","og_description":"L\u00f6yd\u00e4t b!designista my\u00f6s oikeat puhdistus- ja hoitotuotteet uudelle lattiallesi. Tutustu laadukkaiden lis\u00e4varusteiden valikoimaamme nyt!","og_url":"https:\/\/www.bdesign-floors.com\/fi\/tarvikkeet-hoito\/","og_site_name":"b!design","article_modified_time":"2022-11-14T10:02:05+00:00","twitter_card":"summary_large_image","schema":{"@context":"https:\/\/schema.org","@graph":[{"@type":"WebPage","@id":"https:\/\/www.bdesign-floors.com\/fi\/tarvikkeet-hoito\/","url":"https:\/\/www.bdesign-floors.com\/fi\/tarvikkeet-hoito\/","name":"Tarvikkeet ja hoito | b!design","isPartOf":{"@id":"https:\/\/bdesign.wp.factory.blim-dev.com\/#website"},"datePublished":"2022-09-12T14:37:11+00:00","dateModified":"2022-11-14T10:02:05+00:00","description":"L\u00f6yd\u00e4t b!designista my\u00f6s oikeat puhdistus- ja hoitotuotteet uudelle lattiallesi. Tutustu laadukkaiden lis\u00e4varusteiden valikoimaamme nyt!","breadcrumb":{"@id":"https:\/\/www.bdesign-floors.com\/fi\/tarvikkeet-hoito\/#breadcrumb"},"inLanguage":"fi","potentialAction":[{"@type":"ReadAction","target":["https:\/\/www.bdesign-floors.com\/fi\/tarvikkeet-hoito\/"]}]},{"@type":"BreadcrumbList","@id":"https:\/\/www.bdesign-floors.com\/fi\/tarvikkeet-hoito\/#breadcrumb","itemListElement":[{"@type":"ListItem","position":1,"name":"Home","item":"https:\/\/www.bdesign-floors.com\/fi\/"},{"@type":"ListItem","position":2,"name":"Tarvikkeet &amp; hoito"}]},{"@type":"WebSite","@id":"https:\/\/bdesign.wp.factory.blim-dev.com\/#website","url":"https:\/\/bdesign.wp.factory.blim-dev.com\/","name":"b!design","description":"Just another WordPress site","potentialAction":[{"@type":"SearchAction","target":{"@type":"EntryPoint","urlTemplate":"https:\/\/bdesign.wp.factory.blim-dev.com\/?s={search_term_string}"},"query-input":{"@type":"PropertyValueSpecification","valueRequired":true,"valueName":"search_term_string"}}],"inLanguage":"fi"}]}},"_links":{"self":[{"href":"https:\/\/www.bdesign-floors.com\/fi\/wp-json\/wp\/v2\/pages\/13689","targetHints":{"allow":["GET"]}}],"collection":[{"href":"https:\/\/www.bdesign-floors.com\/fi\/wp-json\/wp\/v2\/pages"}],"about":[{"href":"https:\/\/www.bdesign-floors.com\/fi\/wp-json\/wp\/v2\/types\/page"}],"author":[{"embeddable":true,"href":"https:\/\/www.bdesign-floors.com\/fi\/wp-json\/wp\/v2\/users\/8"}],"replies":[{"embeddable":true,"href":"https:\/\/www.bdesign-floors.com\/fi\/wp-json\/wp\/v2\/comments?post=13689"}],"version-history":[{"count":5,"href":"https:\/\/www.bdesign-floors.com\/fi\/wp-json\/wp\/v2\/pages\/13689\/revisions"}],"predecessor-version":[{"id":19331,"href":"https:\/\/www.bdesign-floors.com\/fi\/wp-json\/wp\/v2\/pages\/13689\/revisions\/19331"}],"wp:attachment":[{"href":"https:\/\/www.bdesign-floors.com\/fi\/wp-json\/wp\/v2\/media?parent=13689"}],"curies":[{"name":"wp","href":"https:\/\/api.w.org\/{rel}","templated":true}]}}