{"id":13772,"date":"2022-09-12T16:42:46","date_gmt":"2022-09-12T14:42:46","guid":{"rendered":"https:\/\/www.bdesign-floors.com\/asiat-jotka-on-hyvae-tietaeae\/usein-kysytyt-kysymykset\/"},"modified":"2022-09-21T10:59:58","modified_gmt":"2022-09-21T08:59:58","slug":"usein-kysytyt-kysymykset","status":"publish","type":"page","link":"https:\/\/www.bdesign-floors.com\/fi\/asiat-jotka-on-hyvae-tietaeae\/usein-kysytyt-kysymykset\/","title":{"rendered":"Usein kysytyt kysymykset"},"content":{"rendered":"<div id=\"bdesign2022_pageheader_block_62dfd623856fa\" class=\"bdesign2022_block bdesign2022_block--bdesign2022_pageheader\">\n    <div class=\"bdesign2022_block--wrapper\">\n                                    <div class=\"bdesign2022_ph-wrap is-single\">\n                    <div class=\"bdesign2022_ph-slide slidestyle-is-black orig-is-musta active\">\n                        <div class=\"slide-image\">\n                            <img decoding=\"async\" class=\"img-fluid logo\" src=\"https:\/\/www.bdesign-floors.com\/wp-content\/uploads\/2022\/08\/faq-designboden-b-design.jpg\" srcset=\"https:\/\/www.bdesign-floors.com\/wp-content\/uploads\/2022\/08\/faq-designboden-b-design.jpg 1110w, https:\/\/www.bdesign-floors.com\/wp-content\/uploads\/2022\/08\/faq-designboden-b-design-768x521.jpg 768w, https:\/\/www.bdesign-floors.com\/wp-content\/uploads\/2022\/08\/faq-designboden-b-design-442x300.jpg 442w\">                        <\/div>\n                        <div class=\"slide-area\">\n                            <div class=\"slide-area-wrapper\">\n                                <h1>Usein kysytyt kysymykset<\/h1>\n                                <h6>Onko sinulla kysytt\u00e4v\u00e4\u00e4 eri b!design-tuotteista? T\u00e4\u00e4lt\u00e4 l\u00f6yd\u00e4t vastaukset useimmin kysyttyihin kysymyksiin.<\/h6>\n                                                                                            <\/div>\n                            <div class=\"slide-image-mobile d-md-none\">\n                                <img decoding=\"async\" class=\"img-fluid logo\" src=\"https:\/\/www.bdesign-floors.com\/wp-content\/uploads\/2022\/08\/faq-designboden-b-design.jpg\" srcset=\"https:\/\/www.bdesign-floors.com\/wp-content\/uploads\/2022\/08\/faq-designboden-b-design.jpg 1110w, https:\/\/www.bdesign-floors.com\/wp-content\/uploads\/2022\/08\/faq-designboden-b-design-768x521.jpg 768w, https:\/\/www.bdesign-floors.com\/wp-content\/uploads\/2022\/08\/faq-designboden-b-design-442x300.jpg 442w\">                            <\/div>\n                        <\/div>\n                    <\/div>\n                <\/div>\n                        <\/div>\n<\/div>\n<div id=\"bdesign2022_imagetext_block_62eb9d29cd1df\" class=\"bdesign2022_block bdesign2022_block--bdesign2022_imagetext\">\n    <div class=\"bdesign2022_block--wrapper\">\n        <div class=\"container\">\n            <div class=\"row align-items-center align-items-xxl-start align-items-xxxl-center\">\n                <div class=\"d-block d-md-block col-md-7 col-xl-4 col-xxl-5 col-xxxl-7 col-type-is-image col-count-is-1\"><img decoding=\"async\" class=\"img-fluid col-img\" src=\"https:\/\/www.bdesign-floors.com\/wp-content\/uploads\/2022\/09\/lvt-designboden-faq-b-design.jpg\" srcset=\"https:\/\/www.bdesign-floors.com\/wp-content\/uploads\/2022\/09\/lvt-designboden-faq-b-design.jpg 1110w, https:\/\/www.bdesign-floors.com\/wp-content\/uploads\/2022\/09\/lvt-designboden-faq-b-design-768x510.jpg 768w, https:\/\/www.bdesign-floors.com\/wp-content\/uploads\/2022\/09\/lvt-designboden-faq-b-design-452x300.jpg 452w\"><\/div><a href=\"https:\/\/www.bdesign-floors.com\/faq-category\/allgemeine-fragen-antworten\/\" class=\"col-12 col-md-5 col-type-is-faq faq-cat-is- col-count-is-2\"><h3>Yleisi\u00e4 kysymyksi\u00e4 b!design-tuotteista<\/h3><\/a>            <\/div>\n        <\/div>\n    <\/div>\n<\/div>\n<div id=\"bdesign2022_spacer_block_62eb9b93930b4\" class=\"bdesign2022_block bdesign2022_block--bdesign2022_spacer\">\n    <div class=\"bdesign2022_block--wrapper\">\n        <div class=\"spacer\" style=\"height: 100px\"><\/div>\n    <\/div>\n<\/div>\n","protected":false},"excerpt":{"rendered":"","protected":false},"author":8,"featured_media":0,"parent":13716,"menu_order":4,"comment_status":"closed","ping_status":"closed","template":"","meta":{"_acf_changed":false,"footnotes":""},"class_list":["post-13772","page","type-page","status-publish","hentry"],"acf":[],"yoast_head":"<!-- This site is optimized with the Yoast SEO plugin v24.2 - https:\/\/yoast.com\/wordpress\/plugins\/seo\/ -->\n<title>Usein kysytyt kysymykset | b!design<\/title>\n<meta name=\"description\" content=\"Onko sinulla kysytt\u00e4v\u00e4\u00e4 eri b!design-tuotteista? T\u00e4\u00e4lt\u00e4 l\u00f6yd\u00e4t vastaukset useimmin kysyttyihin kysymyksiin.\" \/>\n<meta name=\"robots\" content=\"index, follow, max-snippet:-1, max-image-preview:large, max-video-preview:-1\" \/>\n<link rel=\"canonical\" href=\"https:\/\/www.bdesign-floors.com\/fi\/asiat-jotka-on-hyvae-tietaeae\/usein-kysytyt-kysymykset\/\" \/>\n<meta property=\"og:locale\" content=\"fi_FI\" \/>\n<meta property=\"og:type\" content=\"article\" \/>\n<meta property=\"og:title\" content=\"Usein kysytyt kysymykset | b!design\" \/>\n<meta property=\"og:description\" content=\"Onko sinulla kysytt\u00e4v\u00e4\u00e4 eri b!design-tuotteista? T\u00e4\u00e4lt\u00e4 l\u00f6yd\u00e4t vastaukset useimmin kysyttyihin kysymyksiin.\" \/>\n<meta property=\"og:url\" content=\"https:\/\/www.bdesign-floors.com\/fi\/asiat-jotka-on-hyvae-tietaeae\/usein-kysytyt-kysymykset\/\" \/>\n<meta property=\"og:site_name\" content=\"b!design\" \/>\n<meta property=\"article:modified_time\" content=\"2022-09-21T08:59:58+00:00\" \/>\n<meta name=\"twitter:card\" content=\"summary_large_image\" \/>\n<script type=\"application\/ld+json\" class=\"yoast-schema-graph\">{\"@context\":\"https:\/\/schema.org\",\"@graph\":[{\"@type\":\"WebPage\",\"@id\":\"https:\/\/www.bdesign-floors.com\/fi\/asiat-jotka-on-hyvae-tietaeae\/usein-kysytyt-kysymykset\/\",\"url\":\"https:\/\/www.bdesign-floors.com\/fi\/asiat-jotka-on-hyvae-tietaeae\/usein-kysytyt-kysymykset\/\",\"name\":\"Usein kysytyt kysymykset | b!design\",\"isPartOf\":{\"@id\":\"https:\/\/bdesign.wp.factory.blim-dev.com\/#website\"},\"datePublished\":\"2022-09-12T14:42:46+00:00\",\"dateModified\":\"2022-09-21T08:59:58+00:00\",\"description\":\"Onko sinulla kysytt\u00e4v\u00e4\u00e4 eri b!design-tuotteista? T\u00e4\u00e4lt\u00e4 l\u00f6yd\u00e4t vastaukset useimmin kysyttyihin kysymyksiin.\",\"breadcrumb\":{\"@id\":\"https:\/\/www.bdesign-floors.com\/fi\/asiat-jotka-on-hyvae-tietaeae\/usein-kysytyt-kysymykset\/#breadcrumb\"},\"inLanguage\":\"fi\",\"potentialAction\":[{\"@type\":\"ReadAction\",\"target\":[\"https:\/\/www.bdesign-floors.com\/fi\/asiat-jotka-on-hyvae-tietaeae\/usein-kysytyt-kysymykset\/\"]}]},{\"@type\":\"BreadcrumbList\",\"@id\":\"https:\/\/www.bdesign-floors.com\/fi\/asiat-jotka-on-hyvae-tietaeae\/usein-kysytyt-kysymykset\/#breadcrumb\",\"itemListElement\":[{\"@type\":\"ListItem\",\"position\":1,\"name\":\"Home\",\"item\":\"https:\/\/www.bdesign-floors.com\/fi\/\"},{\"@type\":\"ListItem\",\"position\":2,\"name\":\"Asiat, jotka on hyv\u00e4 tiet\u00e4\u00e4\",\"item\":\"https:\/\/bdesign.wp.factory.blim-dev.com\/fi\/asiat-jotka-on-hyvae-tietaeae\/\"},{\"@type\":\"ListItem\",\"position\":3,\"name\":\"Usein kysytyt kysymykset\"}]},{\"@type\":\"WebSite\",\"@id\":\"https:\/\/bdesign.wp.factory.blim-dev.com\/#website\",\"url\":\"https:\/\/bdesign.wp.factory.blim-dev.com\/\",\"name\":\"b!design\",\"description\":\"Just another WordPress site\",\"potentialAction\":[{\"@type\":\"SearchAction\",\"target\":{\"@type\":\"EntryPoint\",\"urlTemplate\":\"https:\/\/bdesign.wp.factory.blim-dev.com\/?s={search_term_string}\"},\"query-input\":{\"@type\":\"PropertyValueSpecification\",\"valueRequired\":true,\"valueName\":\"search_term_string\"}}],\"inLanguage\":\"fi\"}]}<\/script>\n<!-- \/ Yoast SEO plugin. -->","yoast_head_json":{"title":"Usein kysytyt kysymykset | b!design","description":"Onko sinulla kysytt\u00e4v\u00e4\u00e4 eri b!design-tuotteista? T\u00e4\u00e4lt\u00e4 l\u00f6yd\u00e4t vastaukset useimmin kysyttyihin kysymyksiin.","robots":{"index":"index","follow":"follow","max-snippet":"max-snippet:-1","max-image-preview":"max-image-preview:large","max-video-preview":"max-video-preview:-1"},"canonical":"https:\/\/www.bdesign-floors.com\/fi\/asiat-jotka-on-hyvae-tietaeae\/usein-kysytyt-kysymykset\/","og_locale":"fi_FI","og_type":"article","og_title":"Usein kysytyt kysymykset | b!design","og_description":"Onko sinulla kysytt\u00e4v\u00e4\u00e4 eri b!design-tuotteista? T\u00e4\u00e4lt\u00e4 l\u00f6yd\u00e4t vastaukset useimmin kysyttyihin kysymyksiin.","og_url":"https:\/\/www.bdesign-floors.com\/fi\/asiat-jotka-on-hyvae-tietaeae\/usein-kysytyt-kysymykset\/","og_site_name":"b!design","article_modified_time":"2022-09-21T08:59:58+00:00","twitter_card":"summary_large_image","schema":{"@context":"https:\/\/schema.org","@graph":[{"@type":"WebPage","@id":"https:\/\/www.bdesign-floors.com\/fi\/asiat-jotka-on-hyvae-tietaeae\/usein-kysytyt-kysymykset\/","url":"https:\/\/www.bdesign-floors.com\/fi\/asiat-jotka-on-hyvae-tietaeae\/usein-kysytyt-kysymykset\/","name":"Usein kysytyt kysymykset | b!design","isPartOf":{"@id":"https:\/\/bdesign.wp.factory.blim-dev.com\/#website"},"datePublished":"2022-09-12T14:42:46+00:00","dateModified":"2022-09-21T08:59:58+00:00","description":"Onko sinulla kysytt\u00e4v\u00e4\u00e4 eri b!design-tuotteista? T\u00e4\u00e4lt\u00e4 l\u00f6yd\u00e4t vastaukset useimmin kysyttyihin kysymyksiin.","breadcrumb":{"@id":"https:\/\/www.bdesign-floors.com\/fi\/asiat-jotka-on-hyvae-tietaeae\/usein-kysytyt-kysymykset\/#breadcrumb"},"inLanguage":"fi","potentialAction":[{"@type":"ReadAction","target":["https:\/\/www.bdesign-floors.com\/fi\/asiat-jotka-on-hyvae-tietaeae\/usein-kysytyt-kysymykset\/"]}]},{"@type":"BreadcrumbList","@id":"https:\/\/www.bdesign-floors.com\/fi\/asiat-jotka-on-hyvae-tietaeae\/usein-kysytyt-kysymykset\/#breadcrumb","itemListElement":[{"@type":"ListItem","position":1,"name":"Home","item":"https:\/\/www.bdesign-floors.com\/fi\/"},{"@type":"ListItem","position":2,"name":"Asiat, jotka on hyv\u00e4 tiet\u00e4\u00e4","item":"https:\/\/bdesign.wp.factory.blim-dev.com\/fi\/asiat-jotka-on-hyvae-tietaeae\/"},{"@type":"ListItem","position":3,"name":"Usein kysytyt kysymykset"}]},{"@type":"WebSite","@id":"https:\/\/bdesign.wp.factory.blim-dev.com\/#website","url":"https:\/\/bdesign.wp.factory.blim-dev.com\/","name":"b!design","description":"Just another WordPress site","potentialAction":[{"@type":"SearchAction","target":{"@type":"EntryPoint","urlTemplate":"https:\/\/bdesign.wp.factory.blim-dev.com\/?s={search_term_string}"},"query-input":{"@type":"PropertyValueSpecification","valueRequired":true,"valueName":"search_term_string"}}],"inLanguage":"fi"}]}},"_links":{"self":[{"href":"https:\/\/www.bdesign-floors.com\/fi\/wp-json\/wp\/v2\/pages\/13772","targetHints":{"allow":["GET"]}}],"collection":[{"href":"https:\/\/www.bdesign-floors.com\/fi\/wp-json\/wp\/v2\/pages"}],"about":[{"href":"https:\/\/www.bdesign-floors.com\/fi\/wp-json\/wp\/v2\/types\/page"}],"author":[{"embeddable":true,"href":"https:\/\/www.bdesign-floors.com\/fi\/wp-json\/wp\/v2\/users\/8"}],"replies":[{"embeddable":true,"href":"https:\/\/www.bdesign-floors.com\/fi\/wp-json\/wp\/v2\/comments?post=13772"}],"version-history":[{"count":2,"href":"https:\/\/www.bdesign-floors.com\/fi\/wp-json\/wp\/v2\/pages\/13772\/revisions"}],"predecessor-version":[{"id":16241,"href":"https:\/\/www.bdesign-floors.com\/fi\/wp-json\/wp\/v2\/pages\/13772\/revisions\/16241"}],"up":[{"embeddable":true,"href":"https:\/\/www.bdesign-floors.com\/fi\/wp-json\/wp\/v2\/pages\/13716"}],"wp:attachment":[{"href":"https:\/\/www.bdesign-floors.com\/fi\/wp-json\/wp\/v2\/media?parent=13772"}],"curies":[{"name":"wp","href":"https:\/\/api.w.org\/{rel}","templated":true}]}}