{"id":13861,"date":"2022-09-12T16:49:46","date_gmt":"2022-09-12T14:49:46","guid":{"rendered":"https:\/\/www.bdesign-floors.com\/asiat-jotka-on-hyvae-tietaeae\/terveellinen-elaemae\/"},"modified":"2022-09-12T16:49:48","modified_gmt":"2022-09-12T14:49:48","slug":"terveellinen-elaemae","status":"publish","type":"page","link":"https:\/\/www.bdesign-floors.com\/fi\/asiat-jotka-on-hyvae-tietaeae\/terveellinen-elaemae\/","title":{"rendered":"Terveellinen el\u00e4m\u00e4"},"content":{"rendered":"<div id=\"bdesign2022_pageheader_block_62dfd623856fa\" class=\"bdesign2022_block bdesign2022_block--bdesign2022_pageheader\">\n    <div class=\"bdesign2022_block--wrapper\">\n                                    <div class=\"bdesign2022_ph-wrap is-single\">\n                    <div class=\"bdesign2022_ph-slide slidestyle-is-black orig-is-musta active\">\n                        <div class=\"slide-image\">\n                            <img decoding=\"async\" class=\"img-fluid logo\" src=\"https:\/\/www.bdesign-floors.com\/wp-content\/uploads\/2022\/08\/sentinel-haus-zertifikat-gesund-wohnen-b-design.jpg\" srcset=\"https:\/\/www.bdesign-floors.com\/wp-content\/uploads\/2022\/08\/sentinel-haus-zertifikat-gesund-wohnen-b-design.jpg 1110w, https:\/\/www.bdesign-floors.com\/wp-content\/uploads\/2022\/08\/sentinel-haus-zertifikat-gesund-wohnen-b-design-768x521.jpg 768w, https:\/\/www.bdesign-floors.com\/wp-content\/uploads\/2022\/08\/sentinel-haus-zertifikat-gesund-wohnen-b-design-442x300.jpg 442w\">                        <\/div>\n                        <div class=\"slide-area\">\n                            <div class=\"slide-area-wrapper\">\n                                <h1>Terveellinen el\u00e4m\u00e4 &#8211; sertifioitu v\u00e4h\u00e4p\u00e4\u00e4st\u00f6isyys<\/h1>\n                                <h6>b!design keskittyy raaka-aineiden kest\u00e4v\u00e4\u00e4n k\u00e4ytt\u00f6\u00f6n, jotta ymp\u00e4rist\u00f6 olisi terveellinen pitk\u00e4ll\u00e4 aikav\u00e4lill\u00e4, kuten Sentinel Haus -instituutti on vahvistanut.<\/h6>\n                                                                                            <\/div>\n                            <div class=\"slide-image-mobile d-md-none\">\n                                <img decoding=\"async\" class=\"img-fluid logo\" src=\"https:\/\/www.bdesign-floors.com\/wp-content\/uploads\/2022\/08\/sentinel-haus-zertifikat-gesund-wohnen-b-design.jpg\" srcset=\"https:\/\/www.bdesign-floors.com\/wp-content\/uploads\/2022\/08\/sentinel-haus-zertifikat-gesund-wohnen-b-design.jpg 1110w, https:\/\/www.bdesign-floors.com\/wp-content\/uploads\/2022\/08\/sentinel-haus-zertifikat-gesund-wohnen-b-design-768x521.jpg 768w, https:\/\/www.bdesign-floors.com\/wp-content\/uploads\/2022\/08\/sentinel-haus-zertifikat-gesund-wohnen-b-design-442x300.jpg 442w\">                            <\/div>\n                        <\/div>\n                    <\/div>\n                <\/div>\n                        <\/div>\n<\/div>\n<div id=\"bdesign2022_headline_block_62ea833e526c0\" class=\"bdesign2022_block bdesign2022_block--bdesign2022_headline\">\n    <div class=\"bdesign2022_block--wrapper\">\n        <div class=\"container my-4\">\n            \n                                    <h5 class=\"h5 text-start mt-5 mb-3\">Sentinel Haus -instituutin suosittelema<\/h5>\n                                                    <h2 class=\"h2 text-start mt-2 mb-4\">The Sentinel House: <br>Auditoitu. Arvosteltu. Julkaistu.<\/h2>\n                                \n                        <\/div>\n    <\/div>\n<\/div>\n<div id=\"bdesign2022_2columntext_block_62ea8358526c1\" class=\"bdesign2022_block bdesign2022_block--bdesign2022_2columntext\">\n    <div class=\"bdesign2022_block--wrapper\">\n        <div class=\"container my-4\">\n            <div class=\"row align-items-start\">\n                <div class=\"col-12 col-xxl-4 offset-0 offset-xxl-2 my-3\">\n                    <p>My\u00f6nnett\u00e4k\u00f6\u00f6n &#8211; me kaikki haluamme olla ja el\u00e4\u00e4 tervein\u00e4. Henkil\u00f6kohtaisen hyvinvoinnin ja oman perheen hyvinvoinnin suuri arvo on kiistaton ja se on kasvanut jatkuvasti vuosien ajan. Ajattelemme kuitenkin ensisijaisesti ravitsemuksen, kunnon ja hyvinvoinnin aloja. Miksei lattioita? Juuri t\u00e4ss\u00e4 kohtaa b!design tulee kuvaan mukaan: Hanki terveellinen el\u00e4m\u00e4  suunnitella <a href=\"https:\/\/www.bdesign-floors.com\/fi\/?page_id=13360\">lattiat<\/a> nelj\u00e4\u00e4n sein\u00e4\u00e4n &#8211; ja hengitt\u00e4\u00e4 helposti! b!design-lattiat ovat kumppaniltamme &#8211;<\/p>\n                <\/div>\n                <div class=\"c0l-12 col-xxl-4 xxl-3 my-3\">\n                    <p> <a href=\"https:\/\/www.sentinel-haus.de\/de\/suche?term=b!design+&amp;manufacturer%5B%5D=10819\" target=\"_blank\" rel=\"noopener\">Sentinel Haus Institut<\/a> &#8211; testattu, arvioitu ja hyv\u00e4ksytty. Instituutti on markkinajohtaja ja tiet\u00e4mysjohtaja rakennusten terveyden alalla. Ja kokoaa sis\u00e4tilojen terveytt\u00e4 koskevat tieteelliset havainnot kattavaan verkkoon. Niit\u00e4 markkinoidaan sitten toteuttamalla ne k\u00e4yt\u00e4nn\u00f6ss\u00e4 kaikenlaisissa rakennuksissa. Voit siis olla varma: Sentinel Haus Institutin testaamat lattiap\u00e4\u00e4llysteet sis\u00e4lt\u00e4v\u00e4t v\u00e4h\u00e4n ep\u00e4puhtauksia ja ovat terveellisi\u00e4 asua.<\/p>\n                <\/div>\n            <\/div>\n        <\/div>\n    <\/div>\n<\/div>\n<div id=\"bdesign2022_customcontent_block_63049aa17eb90\" class=\"bdesign2022_block bdesign2022_block--bdesign2022_customcontent\">\n    <div class=\"bdesign2022_block--wrapper\">\n        <div class=\"container\">\n            <div class=\"row\">\n                \n                <div class=\"col-12 col-sm-10\" style=\"margin:0 auto;text-align: center;\">\n                    <div class=\"container-centered\">\n                        <p><img loading=\"lazy\" decoding=\"async\" class=\"size-medium wp-image-3449 aligncenter\" src=\"https:\/\/www.bdesign-floors.com\/wp-content\/uploads\/2022\/09\/sentinel-haus-logo-444x300.png\" alt=\"\" width=\"444\" height=\"300\" srcset=\"https:\/\/www.bdesign-floors.com\/wp-content\/uploads\/2022\/09\/sentinel-haus-logo-444x300.png 444w, https:\/\/www.bdesign-floors.com\/wp-content\/uploads\/2022\/09\/sentinel-haus-logo-768x519.png 768w, https:\/\/www.bdesign-floors.com\/wp-content\/uploads\/2022\/09\/sentinel-haus-logo.png 1000w\" sizes=\"auto, (max-width: 444px) 100vw, 444px\" \/><\/p>\n                    <\/div>\n                <\/div>\n\n                            <\/div>\n        <\/div>\n    <\/div>\n<\/div>\n<div id=\"bdesign2022_switchstyle_block_630db52453892\" class=\"bdesign2022_style bdesign2022_style--bdesign2022_switchstyle\" data-switchstyle=\"black\">\n<div id=\"bdesign2022_customcontent_block_630ce0eb71a71\" class=\"bdesign2022_block bdesign2022_block--bdesign2022_customcontent\">\n    <div class=\"bdesign2022_block--wrapper\">\n        <div class=\"container\">\n            <div class=\"row\">\n                \n                <div class=\"col-12 col-sm-10\" style=\"margin:0 auto;text-align: center;\">\n                    <div class=\"container-centered\">\n                        <a class=\"btn btn-bdesign2022 btn-linkcta\" href=\"https:\/\/www.sentinel-haus.de\/de\/suche?term=b%21design\" target=\"_blank\">Zum Sentinel Haus Institut<\/a>                    <\/div>\n                <\/div>\n\n                            <\/div>\n        <\/div>\n    <\/div>\n<\/div>\n<\/div>\n","protected":false},"excerpt":{"rendered":"","protected":false},"author":8,"featured_media":0,"parent":13716,"menu_order":5,"comment_status":"closed","ping_status":"closed","template":"","meta":{"_acf_changed":false,"footnotes":""},"class_list":["post-13861","page","type-page","status-publish","hentry"],"acf":[],"yoast_head":"<!-- This site is optimized with the Yoast SEO plugin v24.2 - https:\/\/yoast.com\/wordpress\/plugins\/seo\/ -->\n<title>Terveellinen el\u00e4m\u00e4 | b!design<\/title>\n<meta name=\"description\" content=\"Sentinel Haus on sis\u00e4tilojen terveellisyyden markkinajohtaja ja tiet\u00e4mysjohtaja, ja se julkaisee vain haitallisilta aineilta testattuja tuotteita.\" \/>\n<meta name=\"robots\" content=\"index, follow, max-snippet:-1, max-image-preview:large, max-video-preview:-1\" \/>\n<link rel=\"canonical\" href=\"https:\/\/www.bdesign-floors.com\/fi\/asiat-jotka-on-hyvae-tietaeae\/terveellinen-elaemae\/\" \/>\n<meta property=\"og:locale\" content=\"fi_FI\" \/>\n<meta property=\"og:type\" content=\"article\" \/>\n<meta property=\"og:title\" content=\"Terveellinen el\u00e4m\u00e4 | b!design\" \/>\n<meta property=\"og:description\" content=\"Sentinel Haus on sis\u00e4tilojen terveellisyyden markkinajohtaja ja tiet\u00e4mysjohtaja, ja se julkaisee vain haitallisilta aineilta testattuja tuotteita.\" \/>\n<meta property=\"og:url\" content=\"https:\/\/www.bdesign-floors.com\/fi\/asiat-jotka-on-hyvae-tietaeae\/terveellinen-elaemae\/\" \/>\n<meta property=\"og:site_name\" content=\"b!design\" \/>\n<meta property=\"article:modified_time\" content=\"2022-09-12T14:49:48+00:00\" \/>\n<meta name=\"twitter:card\" content=\"summary_large_image\" \/>\n<script type=\"application\/ld+json\" class=\"yoast-schema-graph\">{\"@context\":\"https:\/\/schema.org\",\"@graph\":[{\"@type\":\"WebPage\",\"@id\":\"https:\/\/www.bdesign-floors.com\/fi\/asiat-jotka-on-hyvae-tietaeae\/terveellinen-elaemae\/\",\"url\":\"https:\/\/www.bdesign-floors.com\/fi\/asiat-jotka-on-hyvae-tietaeae\/terveellinen-elaemae\/\",\"name\":\"Terveellinen el\u00e4m\u00e4 | b!design\",\"isPartOf\":{\"@id\":\"https:\/\/bdesign.wp.factory.blim-dev.com\/#website\"},\"datePublished\":\"2022-09-12T14:49:46+00:00\",\"dateModified\":\"2022-09-12T14:49:48+00:00\",\"description\":\"Sentinel Haus on sis\u00e4tilojen terveellisyyden markkinajohtaja ja tiet\u00e4mysjohtaja, ja se julkaisee vain haitallisilta aineilta testattuja tuotteita.\",\"breadcrumb\":{\"@id\":\"https:\/\/www.bdesign-floors.com\/fi\/asiat-jotka-on-hyvae-tietaeae\/terveellinen-elaemae\/#breadcrumb\"},\"inLanguage\":\"fi\",\"potentialAction\":[{\"@type\":\"ReadAction\",\"target\":[\"https:\/\/www.bdesign-floors.com\/fi\/asiat-jotka-on-hyvae-tietaeae\/terveellinen-elaemae\/\"]}]},{\"@type\":\"BreadcrumbList\",\"@id\":\"https:\/\/www.bdesign-floors.com\/fi\/asiat-jotka-on-hyvae-tietaeae\/terveellinen-elaemae\/#breadcrumb\",\"itemListElement\":[{\"@type\":\"ListItem\",\"position\":1,\"name\":\"Home\",\"item\":\"https:\/\/www.bdesign-floors.com\/fi\/\"},{\"@type\":\"ListItem\",\"position\":2,\"name\":\"Asiat, jotka on hyv\u00e4 tiet\u00e4\u00e4\",\"item\":\"https:\/\/bdesign.wp.factory.blim-dev.com\/fi\/asiat-jotka-on-hyvae-tietaeae\/\"},{\"@type\":\"ListItem\",\"position\":3,\"name\":\"Terveellinen el\u00e4m\u00e4\"}]},{\"@type\":\"WebSite\",\"@id\":\"https:\/\/bdesign.wp.factory.blim-dev.com\/#website\",\"url\":\"https:\/\/bdesign.wp.factory.blim-dev.com\/\",\"name\":\"b!design\",\"description\":\"Just another WordPress site\",\"potentialAction\":[{\"@type\":\"SearchAction\",\"target\":{\"@type\":\"EntryPoint\",\"urlTemplate\":\"https:\/\/bdesign.wp.factory.blim-dev.com\/?s={search_term_string}\"},\"query-input\":{\"@type\":\"PropertyValueSpecification\",\"valueRequired\":true,\"valueName\":\"search_term_string\"}}],\"inLanguage\":\"fi\"}]}<\/script>\n<!-- \/ Yoast SEO plugin. -->","yoast_head_json":{"title":"Terveellinen el\u00e4m\u00e4 | b!design","description":"Sentinel Haus on sis\u00e4tilojen terveellisyyden markkinajohtaja ja tiet\u00e4mysjohtaja, ja se julkaisee vain haitallisilta aineilta testattuja tuotteita.","robots":{"index":"index","follow":"follow","max-snippet":"max-snippet:-1","max-image-preview":"max-image-preview:large","max-video-preview":"max-video-preview:-1"},"canonical":"https:\/\/www.bdesign-floors.com\/fi\/asiat-jotka-on-hyvae-tietaeae\/terveellinen-elaemae\/","og_locale":"fi_FI","og_type":"article","og_title":"Terveellinen el\u00e4m\u00e4 | b!design","og_description":"Sentinel Haus on sis\u00e4tilojen terveellisyyden markkinajohtaja ja tiet\u00e4mysjohtaja, ja se julkaisee vain haitallisilta aineilta testattuja tuotteita.","og_url":"https:\/\/www.bdesign-floors.com\/fi\/asiat-jotka-on-hyvae-tietaeae\/terveellinen-elaemae\/","og_site_name":"b!design","article_modified_time":"2022-09-12T14:49:48+00:00","twitter_card":"summary_large_image","schema":{"@context":"https:\/\/schema.org","@graph":[{"@type":"WebPage","@id":"https:\/\/www.bdesign-floors.com\/fi\/asiat-jotka-on-hyvae-tietaeae\/terveellinen-elaemae\/","url":"https:\/\/www.bdesign-floors.com\/fi\/asiat-jotka-on-hyvae-tietaeae\/terveellinen-elaemae\/","name":"Terveellinen el\u00e4m\u00e4 | b!design","isPartOf":{"@id":"https:\/\/bdesign.wp.factory.blim-dev.com\/#website"},"datePublished":"2022-09-12T14:49:46+00:00","dateModified":"2022-09-12T14:49:48+00:00","description":"Sentinel Haus on sis\u00e4tilojen terveellisyyden markkinajohtaja ja tiet\u00e4mysjohtaja, ja se julkaisee vain haitallisilta aineilta testattuja tuotteita.","breadcrumb":{"@id":"https:\/\/www.bdesign-floors.com\/fi\/asiat-jotka-on-hyvae-tietaeae\/terveellinen-elaemae\/#breadcrumb"},"inLanguage":"fi","potentialAction":[{"@type":"ReadAction","target":["https:\/\/www.bdesign-floors.com\/fi\/asiat-jotka-on-hyvae-tietaeae\/terveellinen-elaemae\/"]}]},{"@type":"BreadcrumbList","@id":"https:\/\/www.bdesign-floors.com\/fi\/asiat-jotka-on-hyvae-tietaeae\/terveellinen-elaemae\/#breadcrumb","itemListElement":[{"@type":"ListItem","position":1,"name":"Home","item":"https:\/\/www.bdesign-floors.com\/fi\/"},{"@type":"ListItem","position":2,"name":"Asiat, jotka on hyv\u00e4 tiet\u00e4\u00e4","item":"https:\/\/bdesign.wp.factory.blim-dev.com\/fi\/asiat-jotka-on-hyvae-tietaeae\/"},{"@type":"ListItem","position":3,"name":"Terveellinen el\u00e4m\u00e4"}]},{"@type":"WebSite","@id":"https:\/\/bdesign.wp.factory.blim-dev.com\/#website","url":"https:\/\/bdesign.wp.factory.blim-dev.com\/","name":"b!design","description":"Just another WordPress site","potentialAction":[{"@type":"SearchAction","target":{"@type":"EntryPoint","urlTemplate":"https:\/\/bdesign.wp.factory.blim-dev.com\/?s={search_term_string}"},"query-input":{"@type":"PropertyValueSpecification","valueRequired":true,"valueName":"search_term_string"}}],"inLanguage":"fi"}]}},"_links":{"self":[{"href":"https:\/\/www.bdesign-floors.com\/fi\/wp-json\/wp\/v2\/pages\/13861","targetHints":{"allow":["GET"]}}],"collection":[{"href":"https:\/\/www.bdesign-floors.com\/fi\/wp-json\/wp\/v2\/pages"}],"about":[{"href":"https:\/\/www.bdesign-floors.com\/fi\/wp-json\/wp\/v2\/types\/page"}],"author":[{"embeddable":true,"href":"https:\/\/www.bdesign-floors.com\/fi\/wp-json\/wp\/v2\/users\/8"}],"replies":[{"embeddable":true,"href":"https:\/\/www.bdesign-floors.com\/fi\/wp-json\/wp\/v2\/comments?post=13861"}],"version-history":[{"count":1,"href":"https:\/\/www.bdesign-floors.com\/fi\/wp-json\/wp\/v2\/pages\/13861\/revisions"}],"predecessor-version":[{"id":13866,"href":"https:\/\/www.bdesign-floors.com\/fi\/wp-json\/wp\/v2\/pages\/13861\/revisions\/13866"}],"up":[{"embeddable":true,"href":"https:\/\/www.bdesign-floors.com\/fi\/wp-json\/wp\/v2\/pages\/13716"}],"wp:attachment":[{"href":"https:\/\/www.bdesign-floors.com\/fi\/wp-json\/wp\/v2\/media?parent=13861"}],"curies":[{"name":"wp","href":"https:\/\/api.w.org\/{rel}","templated":true}]}}