{"id":13876,"date":"2022-09-12T16:49:48","date_gmt":"2022-09-12T14:49:48","guid":{"rendered":"https:\/\/www.bdesign-floors.com\/mistae-ostaa\/"},"modified":"2022-09-21T13:12:13","modified_gmt":"2022-09-21T11:12:13","slug":"mistae-ostaa","status":"publish","type":"page","link":"https:\/\/www.bdesign-floors.com\/fi\/mistae-ostaa\/","title":{"rendered":"Mist\u00e4 ostaa"},"content":{"rendered":"<div id=\"bdesign2022_pageheader_block_62eb97d8ed6a9\" class=\"bdesign2022_block bdesign2022_block--bdesign2022_pageheader\">\n    <div class=\"bdesign2022_block--wrapper\">\n                                    <div class=\"bdesign2022_ph-wrap is-single\">\n                    <div class=\"bdesign2022_ph-slide slidestyle-is-black orig-is-musta active\">\n                        <div class=\"slide-image\">\n                            <img decoding=\"async\" class=\"img-fluid logo\" src=\"https:\/\/www.bdesign-floors.com\/wp-content\/uploads\/2022\/08\/wo-kaufen-designboden-b-design.jpg\" srcset=\"https:\/\/www.bdesign-floors.com\/wp-content\/uploads\/2022\/08\/wo-kaufen-designboden-b-design.jpg 1110w, https:\/\/www.bdesign-floors.com\/wp-content\/uploads\/2022\/08\/wo-kaufen-designboden-b-design-768x521.jpg 768w, https:\/\/www.bdesign-floors.com\/wp-content\/uploads\/2022\/08\/wo-kaufen-designboden-b-design-442x300.jpg 442w\">                        <\/div>\n                        <div class=\"slide-area\">\n                            <div class=\"slide-area-wrapper\">\n                                <h1>osta b!design<br>wo<\/h1>\n                                <h6>Etsi BAUHAUS-asiantuntijakeskus l\u00e4helt\u00e4si tai tilaa haluamasi lattia suoraan BAUHAUS-verkkokaupasta.<\/h6>\n                                                                                            <\/div>\n                            <div class=\"slide-image-mobile d-md-none\">\n                                <img decoding=\"async\" class=\"img-fluid logo\" src=\"https:\/\/www.bdesign-floors.com\/wp-content\/uploads\/2022\/08\/wo-kaufen-designboden-b-design.jpg\" srcset=\"https:\/\/www.bdesign-floors.com\/wp-content\/uploads\/2022\/08\/wo-kaufen-designboden-b-design.jpg 1110w, https:\/\/www.bdesign-floors.com\/wp-content\/uploads\/2022\/08\/wo-kaufen-designboden-b-design-768x521.jpg 768w, https:\/\/www.bdesign-floors.com\/wp-content\/uploads\/2022\/08\/wo-kaufen-designboden-b-design-442x300.jpg 442w\">                            <\/div>\n                        <\/div>\n                    <\/div>\n                <\/div>\n                        <\/div>\n<\/div>\n<div id=\"bdesign2022_headline_block_62eb9882ed6aa\" class=\"bdesign2022_block bdesign2022_block--bdesign2022_headline\">\n    <div class=\"bdesign2022_block--wrapper\">\n        <div class=\"container my-4\">\n            \n                                    <h5 class=\"h5 text-start mt-5 mb-3\">Mist\u00e4 ostaa<\/h5>\n                                                    <h2 class=\"h1 text-start mt-2 mb-4\">b!design design -vinyylilattia on saatavana yksinomaan BAUHAUSista.<\/h2>\n                                \n                        <\/div>\n    <\/div>\n<\/div>\n<div id=\"bdesign2022_2columntext_block_62eb98a2ed6ab\" class=\"bdesign2022_block bdesign2022_block--bdesign2022_2columntext\">\n    <div class=\"bdesign2022_block--wrapper\">\n        <div class=\"container my-4\">\n            <div class=\"row align-items-start\">\n                <div class=\"col-12 col-xxl-4 offset-0 offset-xxl-2 my-3\">\n                    <p>Olet rakastunut johonkin design-lattioistamme ja haluaisit nyt tiet\u00e4\u00e4, miten saat t\u00e4m\u00e4n lattian parhaiten kotiisi? Olet tullut oikeaan paikkaan! b!design-br\u00e4ndi on saatavilla yksinomaan BAUHAUS-myym\u00e4l\u00e4st\u00e4. Sinulle t\u00e4m\u00e4 tarkoittaa: Etsi BAUHAUS-asiantuntijakeskus l\u00e4helt\u00e4si ja varmista unelmiesi lattia.<\/p>\n                <\/div>\n                <div class=\"c0l-12 col-xxl-4 xxl-3 my-3\">\n                    <p>Tai: Soita BAUHAUS-verkkokauppaan, etsi unelmiesi lattia ja pyyd\u00e4 se k\u00e4tev\u00e4sti kotiin. Ostitpa sitten mieluummin paikallisesti tai oletko enemm\u00e4n nettikauppias &#8211; uusi b!design design vinyylilattiasi odottaa jo sinua!<\/p>\n                <\/div>\n            <\/div>\n        <\/div>\n    <\/div>\n<\/div>\n<div id=\"bdesign2022_imagetext_block_62eb98bded6ac\" class=\"bdesign2022_block bdesign2022_block--bdesign2022_imagetext\">\n    <div class=\"bdesign2022_block--wrapper\">\n        <div class=\"container\">\n            <div class=\"row align-items-center align-items-xxl-start align-items-xxxl-center\">\n                <div class=\"d-block d-md-block col-md-7 col-xl-4 col-xxl-5 col-xxxl-7 col-type-is-image col-count-is-1\"><img decoding=\"async\" class=\"img-fluid col-img\" src=\"https:\/\/www.bdesign-floors.com\/wp-content\/uploads\/2022\/08\/wo-kaufen-fachzentrum-b-design.jpg\" srcset=\"https:\/\/www.bdesign-floors.com\/wp-content\/uploads\/2022\/08\/wo-kaufen-fachzentrum-b-design.jpg 1110w, https:\/\/www.bdesign-floors.com\/wp-content\/uploads\/2022\/08\/wo-kaufen-fachzentrum-b-design-768x510.jpg 768w, https:\/\/www.bdesign-floors.com\/wp-content\/uploads\/2022\/08\/wo-kaufen-fachzentrum-b-design-452x300.jpg 452w\"><\/div><div class=\"col-12 col-xl-7 col-xxl-6 col-xxxl-4 col-type-is-imagetext col-count-is-2\"><h3>Suoraan BAUHAUSin erikoiskeskuksessa<\/h3><p>Yli 150 BAUHAUS-asiantuntijakeskusta eri puolilla Saksaa, joten l\u00f6yd\u00e4t varmasti keskuksen l\u00e4helt\u00e4si. Koe uusi lattiasi suoraan paikan p\u00e4\u00e4ll\u00e4, nauti siit\u00e4, ett\u00e4 tied\u00e4t jo, milt\u00e4 se tuntuu, ja saat henkil\u00f6kohtaisia neuvoja.<\/p>\n<a class=\"btn btn-bdesign2022 btn-pagelink\" href=\"https:\/\/www.bauhaus.info\/fachcentren\/fachcentrensuche\" target=\"_blank\">Asiantuntijakeskuksen haku<\/a><\/div>            <\/div>\n        <\/div>\n    <\/div>\n<\/div>\n<div id=\"bdesign2022_imagetext_block_62eb98eaed6af\" class=\"bdesign2022_block bdesign2022_block--bdesign2022_imagetext\">\n    <div class=\"bdesign2022_block--wrapper\">\n        <div class=\"container\">\n            <div class=\"row align-items-center align-items-xxl-start align-items-xxxl-center\">\n                <div class=\"col-12 col-xl-7 col-xxl-6 col-xxxl-4 col-type-is-imagetext col-count-is-1\"><h3>b!design BAUHAUS-verkkokaupassa<\/h3><p>Teetk\u00f6 ostoksia mieluummin verkossa? Ei my\u00f6sk\u00e4\u00e4n mik\u00e4\u00e4n ongelma! Lattiat ovat saatavilla Bauhausin verkkokaupasta. Valitse vain suosikkisi ja tilaa kaikki k\u00e4tev\u00e4sti kotiin. Vinkki: Huonesuunnittelijamme avulla n\u00e4et etuk\u00e4teen, milt\u00e4 uusi lattiasi n\u00e4ytt\u00e4\u00e4 kodissasi.<\/p>\n<a class=\"btn btn-bdesign2022 btn-pagelink\" href=\"https:\/\/www.bauhaus.info\/vinylboden\/c\/10000479?q=%3Arelevance%3Abrands%3Ab!design\" target=\"_blank\">Verkkokauppaan<\/a><\/div><div class=\"d-block d-md-block col-md-7 col-xl-4 col-xxl-5 col-xxxl-7 col-type-is-image col-count-is-2\"><img decoding=\"async\" class=\"img-fluid col-img\" src=\"https:\/\/www.bdesign-floors.com\/wp-content\/uploads\/2022\/08\/wo-kaufen-online-shop-b-design.jpg\" srcset=\"https:\/\/www.bdesign-floors.com\/wp-content\/uploads\/2022\/08\/wo-kaufen-online-shop-b-design.jpg 1110w, https:\/\/www.bdesign-floors.com\/wp-content\/uploads\/2022\/08\/wo-kaufen-online-shop-b-design-768x510.jpg 768w, https:\/\/www.bdesign-floors.com\/wp-content\/uploads\/2022\/08\/wo-kaufen-online-shop-b-design-452x300.jpg 452w\"><\/div>            <\/div>\n        <\/div>\n    <\/div>\n<\/div>\n<div id=\"bdesign2022_spacer_block_62eb9a2fb9748\" class=\"bdesign2022_block bdesign2022_block--bdesign2022_spacer\">\n    <div class=\"bdesign2022_block--wrapper\">\n        <div class=\"spacer\" style=\"height: 50px\"><\/div>\n    <\/div>\n<\/div>\n","protected":false},"excerpt":{"rendered":"","protected":false},"author":8,"featured_media":0,"parent":0,"menu_order":5,"comment_status":"closed","ping_status":"closed","template":"","meta":{"_acf_changed":false,"footnotes":""},"class_list":["post-13876","page","type-page","status-publish","hentry"],"acf":[],"yoast_head":"<!-- This site is optimized with the Yoast SEO plugin v24.2 - https:\/\/yoast.com\/wordpress\/plugins\/seo\/ -->\n<title>Mist\u00e4 ostaa | b!design<\/title>\n<meta name=\"description\" content=\"Haluatko tiet\u00e4\u00e4, mist\u00e4 voit ostaa b!design design vinyylilattioita? T\u00e4\u00e4lt\u00e4 l\u00f6yd\u00e4t kaikki tiedot - sek\u00e4 paperi- ett\u00e4 verkko-ostoksia varten.\" \/>\n<meta name=\"robots\" content=\"index, follow, max-snippet:-1, max-image-preview:large, max-video-preview:-1\" \/>\n<link rel=\"canonical\" href=\"https:\/\/www.bdesign-floors.com\/fi\/mistae-ostaa\/\" \/>\n<meta property=\"og:locale\" content=\"fi_FI\" \/>\n<meta property=\"og:type\" content=\"article\" \/>\n<meta property=\"og:title\" content=\"Mist\u00e4 ostaa | b!design\" \/>\n<meta property=\"og:description\" content=\"Haluatko tiet\u00e4\u00e4, mist\u00e4 voit ostaa b!design design vinyylilattioita? T\u00e4\u00e4lt\u00e4 l\u00f6yd\u00e4t kaikki tiedot - sek\u00e4 paperi- ett\u00e4 verkko-ostoksia varten.\" \/>\n<meta property=\"og:url\" content=\"https:\/\/www.bdesign-floors.com\/fi\/mistae-ostaa\/\" \/>\n<meta property=\"og:site_name\" content=\"b!design\" \/>\n<meta property=\"article:modified_time\" content=\"2022-09-21T11:12:13+00:00\" \/>\n<meta name=\"twitter:card\" content=\"summary_large_image\" \/>\n<script type=\"application\/ld+json\" class=\"yoast-schema-graph\">{\"@context\":\"https:\/\/schema.org\",\"@graph\":[{\"@type\":\"WebPage\",\"@id\":\"https:\/\/www.bdesign-floors.com\/fi\/mistae-ostaa\/\",\"url\":\"https:\/\/www.bdesign-floors.com\/fi\/mistae-ostaa\/\",\"name\":\"Mist\u00e4 ostaa | b!design\",\"isPartOf\":{\"@id\":\"https:\/\/bdesign.wp.factory.blim-dev.com\/#website\"},\"datePublished\":\"2022-09-12T14:49:48+00:00\",\"dateModified\":\"2022-09-21T11:12:13+00:00\",\"description\":\"Haluatko tiet\u00e4\u00e4, mist\u00e4 voit ostaa b!design design vinyylilattioita? T\u00e4\u00e4lt\u00e4 l\u00f6yd\u00e4t kaikki tiedot - sek\u00e4 paperi- ett\u00e4 verkko-ostoksia varten.\",\"breadcrumb\":{\"@id\":\"https:\/\/www.bdesign-floors.com\/fi\/mistae-ostaa\/#breadcrumb\"},\"inLanguage\":\"fi\",\"potentialAction\":[{\"@type\":\"ReadAction\",\"target\":[\"https:\/\/www.bdesign-floors.com\/fi\/mistae-ostaa\/\"]}]},{\"@type\":\"BreadcrumbList\",\"@id\":\"https:\/\/www.bdesign-floors.com\/fi\/mistae-ostaa\/#breadcrumb\",\"itemListElement\":[{\"@type\":\"ListItem\",\"position\":1,\"name\":\"Home\",\"item\":\"https:\/\/www.bdesign-floors.com\/fi\/\"},{\"@type\":\"ListItem\",\"position\":2,\"name\":\"Mist\u00e4 ostaa\"}]},{\"@type\":\"WebSite\",\"@id\":\"https:\/\/bdesign.wp.factory.blim-dev.com\/#website\",\"url\":\"https:\/\/bdesign.wp.factory.blim-dev.com\/\",\"name\":\"b!design\",\"description\":\"Just another WordPress site\",\"potentialAction\":[{\"@type\":\"SearchAction\",\"target\":{\"@type\":\"EntryPoint\",\"urlTemplate\":\"https:\/\/bdesign.wp.factory.blim-dev.com\/?s={search_term_string}\"},\"query-input\":{\"@type\":\"PropertyValueSpecification\",\"valueRequired\":true,\"valueName\":\"search_term_string\"}}],\"inLanguage\":\"fi\"}]}<\/script>\n<!-- \/ Yoast SEO plugin. -->","yoast_head_json":{"title":"Mist\u00e4 ostaa | b!design","description":"Haluatko tiet\u00e4\u00e4, mist\u00e4 voit ostaa b!design design vinyylilattioita? T\u00e4\u00e4lt\u00e4 l\u00f6yd\u00e4t kaikki tiedot - sek\u00e4 paperi- ett\u00e4 verkko-ostoksia varten.","robots":{"index":"index","follow":"follow","max-snippet":"max-snippet:-1","max-image-preview":"max-image-preview:large","max-video-preview":"max-video-preview:-1"},"canonical":"https:\/\/www.bdesign-floors.com\/fi\/mistae-ostaa\/","og_locale":"fi_FI","og_type":"article","og_title":"Mist\u00e4 ostaa | b!design","og_description":"Haluatko tiet\u00e4\u00e4, mist\u00e4 voit ostaa b!design design vinyylilattioita? T\u00e4\u00e4lt\u00e4 l\u00f6yd\u00e4t kaikki tiedot - sek\u00e4 paperi- ett\u00e4 verkko-ostoksia varten.","og_url":"https:\/\/www.bdesign-floors.com\/fi\/mistae-ostaa\/","og_site_name":"b!design","article_modified_time":"2022-09-21T11:12:13+00:00","twitter_card":"summary_large_image","schema":{"@context":"https:\/\/schema.org","@graph":[{"@type":"WebPage","@id":"https:\/\/www.bdesign-floors.com\/fi\/mistae-ostaa\/","url":"https:\/\/www.bdesign-floors.com\/fi\/mistae-ostaa\/","name":"Mist\u00e4 ostaa | b!design","isPartOf":{"@id":"https:\/\/bdesign.wp.factory.blim-dev.com\/#website"},"datePublished":"2022-09-12T14:49:48+00:00","dateModified":"2022-09-21T11:12:13+00:00","description":"Haluatko tiet\u00e4\u00e4, mist\u00e4 voit ostaa b!design design vinyylilattioita? T\u00e4\u00e4lt\u00e4 l\u00f6yd\u00e4t kaikki tiedot - sek\u00e4 paperi- ett\u00e4 verkko-ostoksia varten.","breadcrumb":{"@id":"https:\/\/www.bdesign-floors.com\/fi\/mistae-ostaa\/#breadcrumb"},"inLanguage":"fi","potentialAction":[{"@type":"ReadAction","target":["https:\/\/www.bdesign-floors.com\/fi\/mistae-ostaa\/"]}]},{"@type":"BreadcrumbList","@id":"https:\/\/www.bdesign-floors.com\/fi\/mistae-ostaa\/#breadcrumb","itemListElement":[{"@type":"ListItem","position":1,"name":"Home","item":"https:\/\/www.bdesign-floors.com\/fi\/"},{"@type":"ListItem","position":2,"name":"Mist\u00e4 ostaa"}]},{"@type":"WebSite","@id":"https:\/\/bdesign.wp.factory.blim-dev.com\/#website","url":"https:\/\/bdesign.wp.factory.blim-dev.com\/","name":"b!design","description":"Just another WordPress site","potentialAction":[{"@type":"SearchAction","target":{"@type":"EntryPoint","urlTemplate":"https:\/\/bdesign.wp.factory.blim-dev.com\/?s={search_term_string}"},"query-input":{"@type":"PropertyValueSpecification","valueRequired":true,"valueName":"search_term_string"}}],"inLanguage":"fi"}]}},"_links":{"self":[{"href":"https:\/\/www.bdesign-floors.com\/fi\/wp-json\/wp\/v2\/pages\/13876","targetHints":{"allow":["GET"]}}],"collection":[{"href":"https:\/\/www.bdesign-floors.com\/fi\/wp-json\/wp\/v2\/pages"}],"about":[{"href":"https:\/\/www.bdesign-floors.com\/fi\/wp-json\/wp\/v2\/types\/page"}],"author":[{"embeddable":true,"href":"https:\/\/www.bdesign-floors.com\/fi\/wp-json\/wp\/v2\/users\/8"}],"replies":[{"embeddable":true,"href":"https:\/\/www.bdesign-floors.com\/fi\/wp-json\/wp\/v2\/comments?post=13876"}],"version-history":[{"count":3,"href":"https:\/\/www.bdesign-floors.com\/fi\/wp-json\/wp\/v2\/pages\/13876\/revisions"}],"predecessor-version":[{"id":16445,"href":"https:\/\/www.bdesign-floors.com\/fi\/wp-json\/wp\/v2\/pages\/13876\/revisions\/16445"}],"wp:attachment":[{"href":"https:\/\/www.bdesign-floors.com\/fi\/wp-json\/wp\/v2\/media?parent=13876"}],"curies":[{"name":"wp","href":"https:\/\/api.w.org\/{rel}","templated":true}]}}