{"id":13700,"date":"2022-09-12T16:37:15","date_gmt":"2022-09-12T14:37:15","guid":{"rendered":"https:\/\/www.bdesign-floors.com\/accessoires-et-entretien\/"},"modified":"2022-09-13T16:49:37","modified_gmt":"2022-09-13T14:49:37","slug":"accessoires-et-entretien","status":"publish","type":"page","link":"https:\/\/www.bdesign-floors.com\/fr\/accessoires-et-entretien\/","title":{"rendered":"Accessoires et entretien"},"content":{"rendered":"<div id=\"bdesign2022_pageheader_block_62dfd623856fa\" class=\"bdesign2022_block bdesign2022_block--bdesign2022_pageheader\">\n    <div class=\"bdesign2022_block--wrapper\">\n                                    <div class=\"bdesign2022_ph-wrap is-single\">\n                    <div class=\"bdesign2022_ph-slide slidestyle-is-black orig-is-black active\">\n                        <div class=\"slide-image\">\n                            <img decoding=\"async\" class=\"img-fluid logo\" src=\"https:\/\/www.bdesign-floors.com\/wp-content\/uploads\/2022\/09\/zubehoer-pflege-boden-b-design.jpg\" srcset=\"https:\/\/www.bdesign-floors.com\/wp-content\/uploads\/2022\/09\/zubehoer-pflege-boden-b-design.jpg 1110w, https:\/\/www.bdesign-floors.com\/wp-content\/uploads\/2022\/09\/zubehoer-pflege-boden-b-design-768x521.jpg 768w, https:\/\/www.bdesign-floors.com\/wp-content\/uploads\/2022\/09\/zubehoer-pflege-boden-b-design-442x300.jpg 442w\">                        <\/div>\n                        <div class=\"slide-area\">\n                            <div class=\"slide-area-wrapper\">\n                                <h1>Protection et entretien pour le sol de vos r\u00eaves<\/h1>\n                                <h6>Vous trouverez ici des accessoires de qualit\u00e9 et un entretien adapt\u00e9 qui vous permettront de nettoyer et de prot\u00e9ger efficacement vos sols.<\/h6>\n                                                                                            <\/div>\n                            <div class=\"slide-image-mobile d-md-none\">\n                                <img decoding=\"async\" class=\"img-fluid logo\" src=\"https:\/\/www.bdesign-floors.com\/wp-content\/uploads\/2022\/09\/zubehoer-pflege-boden-b-design.jpg\" srcset=\"https:\/\/www.bdesign-floors.com\/wp-content\/uploads\/2022\/09\/zubehoer-pflege-boden-b-design.jpg 1110w, https:\/\/www.bdesign-floors.com\/wp-content\/uploads\/2022\/09\/zubehoer-pflege-boden-b-design-768x521.jpg 768w, https:\/\/www.bdesign-floors.com\/wp-content\/uploads\/2022\/09\/zubehoer-pflege-boden-b-design-442x300.jpg 442w\">                            <\/div>\n                        <\/div>\n                    <\/div>\n                <\/div>\n                        <\/div>\n<\/div>\n\n\n<div id=\"bdesign2022_headline_block_62ea833e526c0\" class=\"bdesign2022_block bdesign2022_block--bdesign2022_headline\">\n    <div class=\"bdesign2022_block--wrapper\">\n        <div class=\"container my-4\">\n            \n                                    <h5 class=\"h5 d\u00e9but du texte mt-5 mb-3\">Accessoires et entretien<\/h5>\n                                                    <h2 class=\"h2 d\u00e9but du texte mt-2 mb-4\">Entretien et accessoires de pose<\/h2>\n                                \n                        <\/div>\n    <\/div>\n<\/div>\n\n\n<div id=\"bdesign2022_2columntext_block_62ea8358526c1\" class=\"bdesign2022_block bdesign2022_block--bdesign2022_2columntext\">\n    <div class=\"bdesign2022_block--wrapper\">\n        <div class=\"container my-4\">\n            <div class=\"row align-items-start\">\n                <div class=\"col-12 col-xxl-4 offset-0 offset-xxl-2 my-3\">\n                    <p>Qu&rsquo;il s&rsquo;agisse de sous-couches, de plinthes ou de nettoyants, vous trouverez ici ce qui convient \u00e0 votre sol design. Vous obtiendrez ainsi non seulement un aspect plus attrayant, mais vous pourrez \u00e9galement pr\u00e9server durablement la valeur de votre sol. En fonction de vos besoins individuels, vous avez le choix entre des produits de qualit\u00e9 sup\u00e9rieure et des produits de qualit\u00e9 inf\u00e9rieure.<\/p>\n                <\/div>\n                <div class=\"c0l-12 col-xxl-4 xxl-3 my-3\">\n                    <p>et des nettoyants sp\u00e9ciaux. Vous avez le choix entre un nettoyant de base pour l&rsquo;entretien de base, un produit d&rsquo;entretien pour l&rsquo;entretien naturel de votre sol et notre produit de rafra\u00eechissement pour la protection de vos sols. D\u00e9couvrez maintenant les accessoires et les produits d&rsquo;entretien de b!design.<\/p>\n                <\/div>\n            <\/div>\n        <\/div>\n    <\/div>\n<\/div>\n\n\n<div id=\"bdesign2022_imagetext_block_62e799efe8da2\" class=\"bdesign2022_block bdesign2022_block--bdesign2022_imagetext\">\n    <div class=\"bdesign2022_block--wrapper\">\n        <div class=\"container\">\n            <div class=\"row align-items-center align-items-xxl-start align-items-xxxl-center\">\n                <div class=\"d-block d-md-block col-md-7 col-xl-4 col-xxl-5 col-xxxl-7 col-type-is-image col-count-is-1\"><img decoding=\"async\" class=\"img-fluid col-img\" src=\"https:\/\/www.bdesign-floors.com\/wp-content\/uploads\/2022\/09\/unterlagsmatte-zubehoer-pflege-boden-b-design.jpg\" srcset=\"https:\/\/www.bdesign-floors.com\/wp-content\/uploads\/2022\/09\/unterlagsmatte-zubehoer-pflege-boden-b-design.jpg 1110w, https:\/\/www.bdesign-floors.com\/wp-content\/uploads\/2022\/09\/unterlagsmatte-zubehoer-pflege-boden-b-design-768x510.jpg 768w, https:\/\/www.bdesign-floors.com\/wp-content\/uploads\/2022\/09\/unterlagsmatte-zubehoer-pflege-boden-b-design-452x300.jpg 452w\"><\/div><div class=\"col-12 col-xl-7 col-xxl-6 col-xxxl-4 col-type-is-imagetext col-count-is-2\"><h3>Pourquoi choisir la sous-couche b!design ?<\/h3><p>La sous-couche b!design dispose d&rsquo;une excellente stabilit\u00e9 \u00e0 long terme, ainsi que d&rsquo;une grande r\u00e9sistance \u00e0 la pression. Celle-ci prot\u00e8ge l&rsquo;assemblage par clic contre les dommages ou la formation de joints en cas de forte sollicitation. Poser des planches flottantes ? \u00c7a marche aussi ! La sous-couche s&rsquo;adapte aux changements de temp\u00e9rature. Elle r\u00e9duit les bruits pour les voisins du dessous et les bruits de pas dans vos pi\u00e8ces.<\/p>\n<p>Personne ne veut d&rsquo;un sol froid. C&rsquo;est pourquoi le tapis emp\u00eache \u00e9galement la dissipation de l&rsquo;\u00e9nergie thermique par le sol. Et gr\u00e2ce \u00e0 notre sous-couche, vous n&rsquo;avez pas \u00e0 vous soucier des moisissures, car elle permet \u00e0 l&rsquo;air de circuler directement au-dessus de la barri\u00e8re d&rsquo;humidit\u00e9.<\/p>\n<\/div>            <\/div>\n        <\/div>\n    <\/div>\n<\/div>\n\n\n<div id=\"bdesign2022_imagetext_block_62e79a3be8da5\" class=\"bdesign2022_block bdesign2022_block--bdesign2022_imagetext\">\n    <div class=\"bdesign2022_block--wrapper\">\n        <div class=\"container\">\n            <div class=\"row align-items-center align-items-xxl-start align-items-xxxl-center\">\n                <div class=\"col-12 col-xl-7 col-xxl-6 col-xxxl-4 col-type-is-imagetext col-count-is-1\"><h3>Cale de frappe pour sols vinyles avec raccord Clic<\/h3><p>Cette cale de frappe a \u00e9t\u00e9 sp\u00e9cialement con\u00e7ue pour les rev\u00eatements de sol design b!design avec raccord Clic. Il est universel, prot\u00e8ge le bord lors de la pose et favorise une installation parfaite. La cale en plastique blanc est facile \u00e0 manipuler et vous aide \u00e0 obtenir une installation impeccable et durable.<\/p>\n<\/div><div class=\"d-block d-md-block col-md-7 col-xl-4 col-xxl-5 col-xxxl-7 col-type-is-image col-count-is-2\"><img decoding=\"async\" class=\"img-fluid col-img\" src=\"https:\/\/www.bdesign-floors.com\/wp-content\/uploads\/2022\/09\/schlagklotz-zubehoer-pflege-boden-b-design.jpg\" srcset=\"https:\/\/www.bdesign-floors.com\/wp-content\/uploads\/2022\/09\/schlagklotz-zubehoer-pflege-boden-b-design.jpg 1110w, https:\/\/www.bdesign-floors.com\/wp-content\/uploads\/2022\/09\/schlagklotz-zubehoer-pflege-boden-b-design-768x510.jpg 768w, https:\/\/www.bdesign-floors.com\/wp-content\/uploads\/2022\/09\/schlagklotz-zubehoer-pflege-boden-b-design-452x300.jpg 452w\"><\/div>            <\/div>\n        <\/div>\n    <\/div>\n<\/div>\n\n\n<div id=\"bdesign2022_imagetext_block_63186497b5d1a\" class=\"bdesign2022_block bdesign2022_block--bdesign2022_imagetext\">\n    <div class=\"bdesign2022_block--wrapper\">\n        <div class=\"container\">\n            <div class=\"row align-items-center align-items-xxl-start align-items-xxxl-center\">\n                <div class=\"d-block d-md-block col-md-7 col-xl-4 col-xxl-5 col-xxxl-7 col-type-is-image col-count-is-1\"><img decoding=\"async\" class=\"img-fluid col-img\" src=\"https:\/\/www.bdesign-floors.com\/wp-content\/uploads\/2022\/09\/scratchfix-zubehoer-pflege-boden-b-design.jpg\" srcset=\"https:\/\/www.bdesign-floors.com\/wp-content\/uploads\/2022\/09\/scratchfix-zubehoer-pflege-boden-b-design.jpg 1110w, https:\/\/www.bdesign-floors.com\/wp-content\/uploads\/2022\/09\/scratchfix-zubehoer-pflege-boden-b-design-768x510.jpg 768w, https:\/\/www.bdesign-floors.com\/wp-content\/uploads\/2022\/09\/scratchfix-zubehoer-pflege-boden-b-design-452x300.jpg 452w\"><\/div><div class=\"col-12 col-xl-7 col-xxl-6 col-xxxl-4 col-type-is-imagetext col-count-is-2\"><h3>Kit de r\u00e9paration Dr.Schutz : ScratchFix<\/h3><p>Votre sol pr\u00e9sente-t-il quelques traces d&rsquo;usure ? Pas de probl\u00e8me : le kit Scratchfix-Floor-Repair de Dr Schutz est la solution id\u00e9ale pour la r\u00e9novation partielle des rayures et du blanc cass\u00e9 sur les sols design et autres rev\u00eatements de sol \u00e9lastiques. Il comprend le spray PU Repair pour l&rsquo;assainissement des rayures superficielles plus fines et le crayon PU Repair pour la r\u00e9paration des rayures plus profondes. Il comprend \u00e9galement un ensemble complet d&rsquo;accessoires avec des instructions de mise en \u0153uvre. Le tout parfaitement adapt\u00e9 au degr\u00e9 de brillance des sols design modernes.<\/p>\n<\/div>            <\/div>\n        <\/div>\n    <\/div>\n<\/div>\n\n\n<div id=\"bdesign2022_imagetext_block_631985a118e97\" class=\"bdesign2022_block bdesign2022_block--bdesign2022_imagetext\">\n    <div class=\"bdesign2022_block--wrapper\">\n        <div class=\"container\">\n            <div class=\"row align-items-center align-items-xxl-start align-items-xxxl-center\">\n                <div class=\"col-12 col-xl-7 col-xxl-6 col-xxxl-4 col-type-is-imagetext col-count-is-1\"><h3>Entretien : du nettoyant de base au produit de rafra\u00eechissement<\/h3><p>Gr\u00e2ce \u00e0 nos trois produits d&rsquo;entretien, votre sol retrouvera sa fra\u00eecheur et son \u00e9clat en un rien de temps : D\u00e9couvrez notre raviveur, notre produit d&rsquo;entretien pour essuyer et notre nettoyant de base.<\/p>\n<\/div><div class=\"d-block d-md-block col-md-7 col-xl-4 col-xxl-5 col-xxxl-7 col-type-is-image col-count-is-2\"><img decoding=\"async\" class=\"img-fluid col-img\" src=\"https:\/\/www.bdesign-floors.com\/wp-content\/uploads\/2022\/09\/pflegemittel-zubehoer-pflege-boden-b-design.jpg\" srcset=\"https:\/\/www.bdesign-floors.com\/wp-content\/uploads\/2022\/09\/pflegemittel-zubehoer-pflege-boden-b-design.jpg 1110w, https:\/\/www.bdesign-floors.com\/wp-content\/uploads\/2022\/09\/pflegemittel-zubehoer-pflege-boden-b-design-768x510.jpg 768w, https:\/\/www.bdesign-floors.com\/wp-content\/uploads\/2022\/09\/pflegemittel-zubehoer-pflege-boden-b-design-452x300.jpg 452w\"><\/div>            <\/div>\n        <\/div>\n    <\/div>\n<\/div>\n","protected":false},"excerpt":{"rendered":"","protected":false},"author":8,"featured_media":0,"parent":0,"menu_order":3,"comment_status":"closed","ping_status":"closed","template":"","meta":{"_acf_changed":false,"footnotes":""},"class_list":["post-13700","page","type-page","status-publish","hentry"],"acf":[],"yoast_head":"<!-- This site is optimized with the Yoast SEO plugin v24.2 - https:\/\/yoast.com\/wordpress\/plugins\/seo\/ -->\n<title>Accessoires et entretien | b!design<\/title>\n<meta name=\"description\" content=\"Vous trouverez \u00e9galement chez b!design les produits de nettoyage et d&#039;entretien adapt\u00e9s \u00e0 votre nouveau sol. D\u00e9couvrez d\u00e8s maintenant notre s\u00e9lection d&#039;accessoires de qualit\u00e9 !\" \/>\n<meta name=\"robots\" content=\"index, follow, max-snippet:-1, max-image-preview:large, max-video-preview:-1\" \/>\n<link rel=\"canonical\" href=\"https:\/\/www.bdesign-floors.com\/fr\/accessoires-et-entretien\/\" \/>\n<meta property=\"og:locale\" content=\"fr_FR\" \/>\n<meta property=\"og:type\" content=\"article\" \/>\n<meta property=\"og:title\" content=\"Accessoires et entretien | b!design\" \/>\n<meta property=\"og:description\" content=\"Vous trouverez \u00e9galement chez b!design les produits de nettoyage et d&#039;entretien adapt\u00e9s \u00e0 votre nouveau sol. D\u00e9couvrez d\u00e8s maintenant notre s\u00e9lection d&#039;accessoires de qualit\u00e9 !\" \/>\n<meta property=\"og:url\" content=\"https:\/\/www.bdesign-floors.com\/fr\/accessoires-et-entretien\/\" \/>\n<meta property=\"og:site_name\" content=\"b!design\" \/>\n<meta property=\"article:modified_time\" content=\"2022-09-13T14:49:37+00:00\" \/>\n<meta name=\"twitter:card\" content=\"summary_large_image\" \/>\n<script type=\"application\/ld+json\" class=\"yoast-schema-graph\">{\"@context\":\"https:\/\/schema.org\",\"@graph\":[{\"@type\":\"WebPage\",\"@id\":\"https:\/\/www.bdesign-floors.com\/fr\/accessoires-et-entretien\/\",\"url\":\"https:\/\/www.bdesign-floors.com\/fr\/accessoires-et-entretien\/\",\"name\":\"Accessoires et entretien | b!design\",\"isPartOf\":{\"@id\":\"https:\/\/bdesign.wp.factory.blim-dev.com\/#website\"},\"datePublished\":\"2022-09-12T14:37:15+00:00\",\"dateModified\":\"2022-09-13T14:49:37+00:00\",\"description\":\"Vous trouverez \u00e9galement chez b!design les produits de nettoyage et d'entretien adapt\u00e9s \u00e0 votre nouveau sol. D\u00e9couvrez d\u00e8s maintenant notre s\u00e9lection d'accessoires de qualit\u00e9 !\",\"breadcrumb\":{\"@id\":\"https:\/\/www.bdesign-floors.com\/fr\/accessoires-et-entretien\/#breadcrumb\"},\"inLanguage\":\"fr-FR\",\"potentialAction\":[{\"@type\":\"ReadAction\",\"target\":[\"https:\/\/www.bdesign-floors.com\/fr\/accessoires-et-entretien\/\"]}]},{\"@type\":\"BreadcrumbList\",\"@id\":\"https:\/\/www.bdesign-floors.com\/fr\/accessoires-et-entretien\/#breadcrumb\",\"itemListElement\":[{\"@type\":\"ListItem\",\"position\":1,\"name\":\"Home\",\"item\":\"https:\/\/www.bdesign-floors.com\/fr\/\"},{\"@type\":\"ListItem\",\"position\":2,\"name\":\"Accessoires et entretien\"}]},{\"@type\":\"WebSite\",\"@id\":\"https:\/\/bdesign.wp.factory.blim-dev.com\/#website\",\"url\":\"https:\/\/bdesign.wp.factory.blim-dev.com\/\",\"name\":\"b!design\",\"description\":\"Just another WordPress site\",\"potentialAction\":[{\"@type\":\"SearchAction\",\"target\":{\"@type\":\"EntryPoint\",\"urlTemplate\":\"https:\/\/bdesign.wp.factory.blim-dev.com\/?s={search_term_string}\"},\"query-input\":{\"@type\":\"PropertyValueSpecification\",\"valueRequired\":true,\"valueName\":\"search_term_string\"}}],\"inLanguage\":\"fr-FR\"}]}<\/script>\n<!-- \/ Yoast SEO plugin. -->","yoast_head_json":{"title":"Accessoires et entretien | b!design","description":"Vous trouverez \u00e9galement chez b!design les produits de nettoyage et d'entretien adapt\u00e9s \u00e0 votre nouveau sol. D\u00e9couvrez d\u00e8s maintenant notre s\u00e9lection d'accessoires de qualit\u00e9 !","robots":{"index":"index","follow":"follow","max-snippet":"max-snippet:-1","max-image-preview":"max-image-preview:large","max-video-preview":"max-video-preview:-1"},"canonical":"https:\/\/www.bdesign-floors.com\/fr\/accessoires-et-entretien\/","og_locale":"fr_FR","og_type":"article","og_title":"Accessoires et entretien | b!design","og_description":"Vous trouverez \u00e9galement chez b!design les produits de nettoyage et d'entretien adapt\u00e9s \u00e0 votre nouveau sol. D\u00e9couvrez d\u00e8s maintenant notre s\u00e9lection d'accessoires de qualit\u00e9 !","og_url":"https:\/\/www.bdesign-floors.com\/fr\/accessoires-et-entretien\/","og_site_name":"b!design","article_modified_time":"2022-09-13T14:49:37+00:00","twitter_card":"summary_large_image","schema":{"@context":"https:\/\/schema.org","@graph":[{"@type":"WebPage","@id":"https:\/\/www.bdesign-floors.com\/fr\/accessoires-et-entretien\/","url":"https:\/\/www.bdesign-floors.com\/fr\/accessoires-et-entretien\/","name":"Accessoires et entretien | b!design","isPartOf":{"@id":"https:\/\/bdesign.wp.factory.blim-dev.com\/#website"},"datePublished":"2022-09-12T14:37:15+00:00","dateModified":"2022-09-13T14:49:37+00:00","description":"Vous trouverez \u00e9galement chez b!design les produits de nettoyage et d'entretien adapt\u00e9s \u00e0 votre nouveau sol. D\u00e9couvrez d\u00e8s maintenant notre s\u00e9lection d'accessoires de qualit\u00e9 !","breadcrumb":{"@id":"https:\/\/www.bdesign-floors.com\/fr\/accessoires-et-entretien\/#breadcrumb"},"inLanguage":"fr-FR","potentialAction":[{"@type":"ReadAction","target":["https:\/\/www.bdesign-floors.com\/fr\/accessoires-et-entretien\/"]}]},{"@type":"BreadcrumbList","@id":"https:\/\/www.bdesign-floors.com\/fr\/accessoires-et-entretien\/#breadcrumb","itemListElement":[{"@type":"ListItem","position":1,"name":"Home","item":"https:\/\/www.bdesign-floors.com\/fr\/"},{"@type":"ListItem","position":2,"name":"Accessoires et entretien"}]},{"@type":"WebSite","@id":"https:\/\/bdesign.wp.factory.blim-dev.com\/#website","url":"https:\/\/bdesign.wp.factory.blim-dev.com\/","name":"b!design","description":"Just another WordPress site","potentialAction":[{"@type":"SearchAction","target":{"@type":"EntryPoint","urlTemplate":"https:\/\/bdesign.wp.factory.blim-dev.com\/?s={search_term_string}"},"query-input":{"@type":"PropertyValueSpecification","valueRequired":true,"valueName":"search_term_string"}}],"inLanguage":"fr-FR"}]}},"_links":{"self":[{"href":"https:\/\/www.bdesign-floors.com\/fr\/wp-json\/wp\/v2\/pages\/13700","targetHints":{"allow":["GET"]}}],"collection":[{"href":"https:\/\/www.bdesign-floors.com\/fr\/wp-json\/wp\/v2\/pages"}],"about":[{"href":"https:\/\/www.bdesign-floors.com\/fr\/wp-json\/wp\/v2\/types\/page"}],"author":[{"embeddable":true,"href":"https:\/\/www.bdesign-floors.com\/fr\/wp-json\/wp\/v2\/users\/8"}],"replies":[{"embeddable":true,"href":"https:\/\/www.bdesign-floors.com\/fr\/wp-json\/wp\/v2\/comments?post=13700"}],"version-history":[{"count":3,"href":"https:\/\/www.bdesign-floors.com\/fr\/wp-json\/wp\/v2\/pages\/13700\/revisions"}],"predecessor-version":[{"id":15599,"href":"https:\/\/www.bdesign-floors.com\/fr\/wp-json\/wp\/v2\/pages\/13700\/revisions\/15599"}],"wp:attachment":[{"href":"https:\/\/www.bdesign-floors.com\/fr\/wp-json\/wp\/v2\/media?parent=13700"}],"curies":[{"name":"wp","href":"https:\/\/api.w.org\/{rel}","templated":true}]}}