{"id":13709,"date":"2022-09-12T16:40:05","date_gmt":"2022-09-12T14:40:05","guid":{"rendered":"https:\/\/www.bdesign-floors.com\/ce-quil-faut-savoir\/"},"modified":"2022-09-21T13:18:59","modified_gmt":"2022-09-21T11:18:59","slug":"ce-quil-faut-savoir","status":"publish","type":"page","link":"https:\/\/www.bdesign-floors.com\/fr\/ce-quil-faut-savoir\/","title":{"rendered":"Ce qu&rsquo;il faut savoir"},"content":{"rendered":"<div id=\"bdesign2022_pageheader_block_62dfd623856fa\" class=\"bdesign2022_block bdesign2022_block--bdesign2022_pageheader\">\n    <div class=\"bdesign2022_block--wrapper\">\n                                    <div class=\"bdesign2022_ph-wrap is-single\">\n                    <div class=\"bdesign2022_ph-slide slidestyle-is-black orig-is-black active\">\n                        <div class=\"slide-image\">\n                            <img decoding=\"async\" class=\"img-fluid logo\" src=\"https:\/\/www.bdesign-floors.com\/wp-content\/uploads\/2022\/08\/wissenswertes-boden-b-design.jpg\" srcset=\"https:\/\/www.bdesign-floors.com\/wp-content\/uploads\/2022\/08\/wissenswertes-boden-b-design.jpg 1110w, https:\/\/www.bdesign-floors.com\/wp-content\/uploads\/2022\/08\/wissenswertes-boden-b-design-768x521.jpg 768w, https:\/\/www.bdesign-floors.com\/wp-content\/uploads\/2022\/08\/wissenswertes-boden-b-design-442x300.jpg 442w\">                        <\/div>\n                        <div class=\"slide-area\">\n                            <div class=\"slide-area-wrapper\">\n                                <h1>Ce qu&rsquo;il faut savoir sur les sols b!design<\/h1>\n                                <h6>Habitez plus sainement &#8211; avec les sols vinyles design de b!design<\/h6>\n                                                                                            <\/div>\n                            <div class=\"slide-image-mobile d-md-none\">\n                                <img decoding=\"async\" class=\"img-fluid logo\" src=\"https:\/\/www.bdesign-floors.com\/wp-content\/uploads\/2022\/08\/wissenswertes-boden-b-design.jpg\" srcset=\"https:\/\/www.bdesign-floors.com\/wp-content\/uploads\/2022\/08\/wissenswertes-boden-b-design.jpg 1110w, https:\/\/www.bdesign-floors.com\/wp-content\/uploads\/2022\/08\/wissenswertes-boden-b-design-768x521.jpg 768w, https:\/\/www.bdesign-floors.com\/wp-content\/uploads\/2022\/08\/wissenswertes-boden-b-design-442x300.jpg 442w\">                            <\/div>\n                        <\/div>\n                    <\/div>\n                <\/div>\n                        <\/div>\n<\/div>\n<div id=\"bdesign2022_headline_block_62e922710cc19\" class=\"bdesign2022_block bdesign2022_block--bdesign2022_headline\">\n    <div class=\"bdesign2022_block--wrapper\">\n        <div class=\"container my-4\">\n            \n                                    <h5 class=\"h5 d\u00e9but du texte mt-5 mb-3\">Ce qu&rsquo;il faut savoir<\/h5>\n                                                    <h2 class=\"h2 d\u00e9but du texte mt-2 mb-4\">Les sols b!design cr\u00e9ent la base <br>pour un habitat sans souci<\/h2>\n                                \n                        <\/div>\n    <\/div>\n<\/div>\n<div id=\"bdesign2022_2columntext_block_62e923a916b97\" class=\"bdesign2022_block bdesign2022_block--bdesign2022_2columntext\">\n    <div class=\"bdesign2022_block--wrapper\">\n        <div class=\"container my-4\">\n            <div class=\"row align-items-start\">\n                <div class=\"col-12 col-xxl-4 offset-0 offset-xxl-2 my-3\">\n                    <p>Un nouveau sol ne s&rsquo;ach\u00e8te pas tous les jours, c&rsquo;est un achat pour la vie. C&rsquo;est pourquoi nous comprenons parfaitement qu&rsquo;il est difficile de choisir le bon. Mais comment savoir lequel vous convient le mieux ? Nous vous aidons et vous donnons des informations utiles sur ce \u00e0 quoi vous devez faire attention lors de l&rsquo;achat si vous accordez une grande importance \u00e0 la qualit\u00e9, \u00e0 la finition et \u00e0 la pose du sol. Nous vous conseillons d&rsquo;opter pour un sol de b!design,<\/p>\n                <\/div>\n                <div class=\"c0l-12 col-xxl-4 xxl-3 my-3\">\n                    <p>qui est fabriqu\u00e9 \u00e0 partir d&rsquo;un pourcentage \u00e9lev\u00e9 de mat\u00e9riaux naturels. Les sols vinyles de haute qualit\u00e9 ne contiennent pas de PVC, de PCB, de dioxines ou d&rsquo;autres liants chimiques susceptibles de s&rsquo;\u00e9vaporer. Cela signifie pour vous : pas de pollution par des substances nocives dans votre logement au quotidien. C&rsquo;est la base qui fait de nos sols ce qu&rsquo;ils sont : des sols naturels, hypoallerg\u00e9niques et hygi\u00e9niques.<\/p>\n                <\/div>\n            <\/div>\n        <\/div>\n    <\/div>\n<\/div>\n<div id=\"bdesign2022_imagetext_block_62f63b3a5464c\" class=\"bdesign2022_block bdesign2022_block--bdesign2022_imagetext\">\n    <div class=\"bdesign2022_block--wrapper\">\n        <div class=\"container\">\n            <div class=\"row align-items-center align-items-xxl-start align-items-xxxl-center\">\n                <div class=\"col-12 col-xl-7 col-xxl-6 col-xxxl-4 col-type-is-imagetext col-count-is-1\"><h3>Foire aux questions<\/h3><p>Vous avez des questions sur nos produits ? Vous trouverez ici les r\u00e9ponses aux questions les plus fr\u00e9quemment pos\u00e9es sur les sols vinyles design b!design. Informez-vous d\u00e8s maintenant !<\/p>\n<a class=\"btn btn-bdesign2022 btn-pagelink\" href=\"https:\/\/www.bdesign-floors.com\/wissenswertes\/haeufig-gestellte-fragen\/\">Foire aux questions<\/a><\/div><div class=\"d-block d-md-block col-md-7 col-xl-4 col-xxl-5 col-xxxl-7 col-type-is-image col-count-is-2\"><img decoding=\"async\" class=\"img-fluid col-img\" src=\"https:\/\/www.bdesign-floors.com\/wp-content\/uploads\/2022\/08\/faq-boden-b-design.jpg\" srcset=\"https:\/\/www.bdesign-floors.com\/wp-content\/uploads\/2022\/08\/faq-boden-b-design.jpg 1110w, https:\/\/www.bdesign-floors.com\/wp-content\/uploads\/2022\/08\/faq-boden-b-design-768x510.jpg 768w, https:\/\/www.bdesign-floors.com\/wp-content\/uploads\/2022\/08\/faq-boden-b-design-452x300.jpg 452w\"><\/div>            <\/div>\n        <\/div>\n    <\/div>\n<\/div>\n<div id=\"bdesign2022_imagetext_block_62f63b855464d\" class=\"bdesign2022_block bdesign2022_block--bdesign2022_imagetext\">\n    <div class=\"bdesign2022_block--wrapper\">\n        <div class=\"container\">\n            <div class=\"row align-items-center align-items-xxl-start align-items-xxxl-center\">\n                <div class=\"d-block d-md-block col-md-7 col-xl-4 col-xxl-5 col-xxxl-7 col-type-is-image col-count-is-1\"><img decoding=\"async\" class=\"img-fluid col-img\" src=\"https:\/\/www.bdesign-floors.com\/wp-content\/uploads\/2022\/08\/sentinel-haus-zertifikat-vorteile-boden-b-design.jpg\" srcset=\"https:\/\/www.bdesign-floors.com\/wp-content\/uploads\/2022\/08\/sentinel-haus-zertifikat-vorteile-boden-b-design.jpg 1110w, https:\/\/www.bdesign-floors.com\/wp-content\/uploads\/2022\/08\/sentinel-haus-zertifikat-vorteile-boden-b-design-768x510.jpg 768w, https:\/\/www.bdesign-floors.com\/wp-content\/uploads\/2022\/08\/sentinel-haus-zertifikat-vorteile-boden-b-design-452x300.jpg 452w\"><\/div><div class=\"col-12 col-xl-7 col-xxl-6 col-xxxl-4 col-type-is-imagetext col-count-is-2\"><h3>Un habitat sain avec Sentinel Haus comme partenaire<\/h3><p>L&rsquo;institut Sentinel Haus est le leader du march\u00e9 et des connaissances en mati\u00e8re de sant\u00e9 dans les b\u00e2timents et ne publie que des produits test\u00e9s sur les substances nocives. C&rsquo;est pourquoi nous sommes fiers de pouvoir nous compter parmi les partenaires.<\/p>\n<a class=\"btn btn-bdesign2022 btn-pagelink\" href=\"https:\/\/www.bdesign-floors.com\/wissenswertes\/gesundes-wohnen\/\">Un habitat sain<\/a><\/div>            <\/div>\n        <\/div>\n    <\/div>\n<\/div>\n","protected":false},"excerpt":{"rendered":"","protected":false},"author":8,"featured_media":0,"parent":0,"menu_order":4,"comment_status":"closed","ping_status":"closed","template":"","meta":{"_acf_changed":false,"footnotes":""},"class_list":["post-13709","page","type-page","status-publish","hentry"],"acf":[],"yoast_head":"<!-- This site is optimized with the Yoast SEO plugin v24.2 - https:\/\/yoast.com\/wordpress\/plugins\/seo\/ -->\n<title>Bon \u00e0 savoir | b!design<\/title>\n<meta name=\"description\" content=\"D\u00e9couvrez dans nos guides tout ce qu&#039;il faut savoir sur les rev\u00eatements de sol de b!design ainsi que sur le nettoyage, l&#039;entretien, la pose et bien plus encore. Informez-vous maintenant !\" \/>\n<meta name=\"robots\" content=\"index, follow, max-snippet:-1, max-image-preview:large, max-video-preview:-1\" \/>\n<link rel=\"canonical\" href=\"https:\/\/www.bdesign-floors.com\/fr\/ce-quil-faut-savoir\/\" \/>\n<meta property=\"og:locale\" content=\"fr_FR\" \/>\n<meta property=\"og:type\" content=\"article\" \/>\n<meta property=\"og:title\" content=\"Bon \u00e0 savoir | b!design\" \/>\n<meta property=\"og:description\" content=\"D\u00e9couvrez dans nos guides tout ce qu&#039;il faut savoir sur les rev\u00eatements de sol de b!design ainsi que sur le nettoyage, l&#039;entretien, la pose et bien plus encore. Informez-vous maintenant !\" \/>\n<meta property=\"og:url\" content=\"https:\/\/www.bdesign-floors.com\/fr\/ce-quil-faut-savoir\/\" \/>\n<meta property=\"og:site_name\" content=\"b!design\" \/>\n<meta property=\"article:modified_time\" content=\"2022-09-21T11:18:59+00:00\" \/>\n<meta name=\"twitter:card\" content=\"summary_large_image\" \/>\n<script type=\"application\/ld+json\" class=\"yoast-schema-graph\">{\"@context\":\"https:\/\/schema.org\",\"@graph\":[{\"@type\":\"WebPage\",\"@id\":\"https:\/\/www.bdesign-floors.com\/fr\/ce-quil-faut-savoir\/\",\"url\":\"https:\/\/www.bdesign-floors.com\/fr\/ce-quil-faut-savoir\/\",\"name\":\"Bon \u00e0 savoir | b!design\",\"isPartOf\":{\"@id\":\"https:\/\/bdesign.wp.factory.blim-dev.com\/#website\"},\"datePublished\":\"2022-09-12T14:40:05+00:00\",\"dateModified\":\"2022-09-21T11:18:59+00:00\",\"description\":\"D\u00e9couvrez dans nos guides tout ce qu'il faut savoir sur les rev\u00eatements de sol de b!design ainsi que sur le nettoyage, l'entretien, la pose et bien plus encore. Informez-vous maintenant !\",\"breadcrumb\":{\"@id\":\"https:\/\/www.bdesign-floors.com\/fr\/ce-quil-faut-savoir\/#breadcrumb\"},\"inLanguage\":\"fr-FR\",\"potentialAction\":[{\"@type\":\"ReadAction\",\"target\":[\"https:\/\/www.bdesign-floors.com\/fr\/ce-quil-faut-savoir\/\"]}]},{\"@type\":\"BreadcrumbList\",\"@id\":\"https:\/\/www.bdesign-floors.com\/fr\/ce-quil-faut-savoir\/#breadcrumb\",\"itemListElement\":[{\"@type\":\"ListItem\",\"position\":1,\"name\":\"Home\",\"item\":\"https:\/\/www.bdesign-floors.com\/fr\/\"},{\"@type\":\"ListItem\",\"position\":2,\"name\":\"Ce qu&#8217;il faut savoir\"}]},{\"@type\":\"WebSite\",\"@id\":\"https:\/\/bdesign.wp.factory.blim-dev.com\/#website\",\"url\":\"https:\/\/bdesign.wp.factory.blim-dev.com\/\",\"name\":\"b!design\",\"description\":\"Just another WordPress site\",\"potentialAction\":[{\"@type\":\"SearchAction\",\"target\":{\"@type\":\"EntryPoint\",\"urlTemplate\":\"https:\/\/bdesign.wp.factory.blim-dev.com\/?s={search_term_string}\"},\"query-input\":{\"@type\":\"PropertyValueSpecification\",\"valueRequired\":true,\"valueName\":\"search_term_string\"}}],\"inLanguage\":\"fr-FR\"}]}<\/script>\n<!-- \/ Yoast SEO plugin. -->","yoast_head_json":{"title":"Bon \u00e0 savoir | b!design","description":"D\u00e9couvrez dans nos guides tout ce qu'il faut savoir sur les rev\u00eatements de sol de b!design ainsi que sur le nettoyage, l'entretien, la pose et bien plus encore. Informez-vous maintenant !","robots":{"index":"index","follow":"follow","max-snippet":"max-snippet:-1","max-image-preview":"max-image-preview:large","max-video-preview":"max-video-preview:-1"},"canonical":"https:\/\/www.bdesign-floors.com\/fr\/ce-quil-faut-savoir\/","og_locale":"fr_FR","og_type":"article","og_title":"Bon \u00e0 savoir | b!design","og_description":"D\u00e9couvrez dans nos guides tout ce qu'il faut savoir sur les rev\u00eatements de sol de b!design ainsi que sur le nettoyage, l'entretien, la pose et bien plus encore. Informez-vous maintenant !","og_url":"https:\/\/www.bdesign-floors.com\/fr\/ce-quil-faut-savoir\/","og_site_name":"b!design","article_modified_time":"2022-09-21T11:18:59+00:00","twitter_card":"summary_large_image","schema":{"@context":"https:\/\/schema.org","@graph":[{"@type":"WebPage","@id":"https:\/\/www.bdesign-floors.com\/fr\/ce-quil-faut-savoir\/","url":"https:\/\/www.bdesign-floors.com\/fr\/ce-quil-faut-savoir\/","name":"Bon \u00e0 savoir | b!design","isPartOf":{"@id":"https:\/\/bdesign.wp.factory.blim-dev.com\/#website"},"datePublished":"2022-09-12T14:40:05+00:00","dateModified":"2022-09-21T11:18:59+00:00","description":"D\u00e9couvrez dans nos guides tout ce qu'il faut savoir sur les rev\u00eatements de sol de b!design ainsi que sur le nettoyage, l'entretien, la pose et bien plus encore. Informez-vous maintenant !","breadcrumb":{"@id":"https:\/\/www.bdesign-floors.com\/fr\/ce-quil-faut-savoir\/#breadcrumb"},"inLanguage":"fr-FR","potentialAction":[{"@type":"ReadAction","target":["https:\/\/www.bdesign-floors.com\/fr\/ce-quil-faut-savoir\/"]}]},{"@type":"BreadcrumbList","@id":"https:\/\/www.bdesign-floors.com\/fr\/ce-quil-faut-savoir\/#breadcrumb","itemListElement":[{"@type":"ListItem","position":1,"name":"Home","item":"https:\/\/www.bdesign-floors.com\/fr\/"},{"@type":"ListItem","position":2,"name":"Ce qu&#8217;il faut savoir"}]},{"@type":"WebSite","@id":"https:\/\/bdesign.wp.factory.blim-dev.com\/#website","url":"https:\/\/bdesign.wp.factory.blim-dev.com\/","name":"b!design","description":"Just another WordPress site","potentialAction":[{"@type":"SearchAction","target":{"@type":"EntryPoint","urlTemplate":"https:\/\/bdesign.wp.factory.blim-dev.com\/?s={search_term_string}"},"query-input":{"@type":"PropertyValueSpecification","valueRequired":true,"valueName":"search_term_string"}}],"inLanguage":"fr-FR"}]}},"_links":{"self":[{"href":"https:\/\/www.bdesign-floors.com\/fr\/wp-json\/wp\/v2\/pages\/13709","targetHints":{"allow":["GET"]}}],"collection":[{"href":"https:\/\/www.bdesign-floors.com\/fr\/wp-json\/wp\/v2\/pages"}],"about":[{"href":"https:\/\/www.bdesign-floors.com\/fr\/wp-json\/wp\/v2\/types\/page"}],"author":[{"embeddable":true,"href":"https:\/\/www.bdesign-floors.com\/fr\/wp-json\/wp\/v2\/users\/8"}],"replies":[{"embeddable":true,"href":"https:\/\/www.bdesign-floors.com\/fr\/wp-json\/wp\/v2\/comments?post=13709"}],"version-history":[{"count":2,"href":"https:\/\/www.bdesign-floors.com\/fr\/wp-json\/wp\/v2\/pages\/13709\/revisions"}],"predecessor-version":[{"id":16505,"href":"https:\/\/www.bdesign-floors.com\/fr\/wp-json\/wp\/v2\/pages\/13709\/revisions\/16505"}],"wp:attachment":[{"href":"https:\/\/www.bdesign-floors.com\/fr\/wp-json\/wp\/v2\/media?parent=13709"}],"curies":[{"name":"wp","href":"https:\/\/api.w.org\/{rel}","templated":true}]}}