{"id":13753,"date":"2022-09-12T16:42:42","date_gmt":"2022-09-12T14:42:42","guid":{"rendered":"https:\/\/www.bdesign-floors.com\/ce-quil-faut-savoir\/foire-aux-questions\/"},"modified":"2022-09-21T10:59:58","modified_gmt":"2022-09-21T08:59:58","slug":"foire-aux-questions","status":"publish","type":"page","link":"https:\/\/www.bdesign-floors.com\/fr\/ce-quil-faut-savoir\/foire-aux-questions\/","title":{"rendered":"Foire aux questions"},"content":{"rendered":"<div id=\"bdesign2022_pageheader_block_62dfd623856fa\" class=\"bdesign2022_block bdesign2022_block--bdesign2022_pageheader\">\n    <div class=\"bdesign2022_block--wrapper\">\n                                    <div class=\"bdesign2022_ph-wrap is-single\">\n                    <div class=\"bdesign2022_ph-slide slidestyle-is-black orig-is-black active\">\n                        <div class=\"slide-image\">\n                            <img decoding=\"async\" class=\"img-fluid logo\" src=\"https:\/\/www.bdesign-floors.com\/wp-content\/uploads\/2022\/08\/faq-designboden-b-design.jpg\" srcset=\"https:\/\/www.bdesign-floors.com\/wp-content\/uploads\/2022\/08\/faq-designboden-b-design.jpg 1110w, https:\/\/www.bdesign-floors.com\/wp-content\/uploads\/2022\/08\/faq-designboden-b-design-768x521.jpg 768w, https:\/\/www.bdesign-floors.com\/wp-content\/uploads\/2022\/08\/faq-designboden-b-design-442x300.jpg 442w\">                        <\/div>\n                        <div class=\"slide-area\">\n                            <div class=\"slide-area-wrapper\">\n                                <h1>Foire aux questions<\/h1>\n                                <h6>Vous avez des questions sur les diff\u00e9rents produits b!design ? Vous trouverez ici les r\u00e9ponses aux questions les plus fr\u00e9quentes.<\/h6>\n                                                                                            <\/div>\n                            <div class=\"slide-image-mobile d-md-none\">\n                                <img decoding=\"async\" class=\"img-fluid logo\" src=\"https:\/\/www.bdesign-floors.com\/wp-content\/uploads\/2022\/08\/faq-designboden-b-design.jpg\" srcset=\"https:\/\/www.bdesign-floors.com\/wp-content\/uploads\/2022\/08\/faq-designboden-b-design.jpg 1110w, https:\/\/www.bdesign-floors.com\/wp-content\/uploads\/2022\/08\/faq-designboden-b-design-768x521.jpg 768w, https:\/\/www.bdesign-floors.com\/wp-content\/uploads\/2022\/08\/faq-designboden-b-design-442x300.jpg 442w\">                            <\/div>\n                        <\/div>\n                    <\/div>\n                <\/div>\n                        <\/div>\n<\/div>\n<div id=\"bdesign2022_imagetext_block_62eb9d29cd1df\" class=\"bdesign2022_block bdesign2022_block--bdesign2022_imagetext\">\n    <div class=\"bdesign2022_block--wrapper\">\n        <div class=\"container\">\n            <div class=\"row align-items-center align-items-xxl-start align-items-xxxl-center\">\n                <div class=\"d-block d-md-block col-md-7 col-xl-4 col-xxl-5 col-xxxl-7 col-type-is-image col-count-is-1\"><img decoding=\"async\" class=\"img-fluid col-img\" src=\"https:\/\/www.bdesign-floors.com\/wp-content\/uploads\/2022\/09\/lvt-designboden-faq-b-design.jpg\" srcset=\"https:\/\/www.bdesign-floors.com\/wp-content\/uploads\/2022\/09\/lvt-designboden-faq-b-design.jpg 1110w, https:\/\/www.bdesign-floors.com\/wp-content\/uploads\/2022\/09\/lvt-designboden-faq-b-design-768x510.jpg 768w, https:\/\/www.bdesign-floors.com\/wp-content\/uploads\/2022\/09\/lvt-designboden-faq-b-design-452x300.jpg 452w\"><\/div><a href=\"https:\/\/www.bdesign-floors.com\/faq-category\/allgemeine-fragen-antworten\/\" class=\"col-12 col-md-5 col-type-is-faq faq-cat-is- col-count-is-2\"><h3>Questions g\u00e9n\u00e9rales sur les produits b!design<\/h3><\/a>            <\/div>\n        <\/div>\n    <\/div>\n<\/div>\n<div id=\"bdesign2022_spacer_block_62eb9b93930b4\" class=\"bdesign2022_block bdesign2022_block--bdesign2022_spacer\">\n    <div class=\"bdesign2022_block--wrapper\">\n        <div class=\"spacer\" style=\"height: 100px\"><\/div>\n    <\/div>\n<\/div>\n","protected":false},"excerpt":{"rendered":"","protected":false},"author":8,"featured_media":0,"parent":13709,"menu_order":4,"comment_status":"closed","ping_status":"closed","template":"","meta":{"_acf_changed":false,"footnotes":""},"class_list":["post-13753","page","type-page","status-publish","hentry"],"acf":[],"yoast_head":"<!-- This site is optimized with the Yoast SEO plugin v24.2 - https:\/\/yoast.com\/wordpress\/plugins\/seo\/ -->\n<title>Foire aux questions | b!design<\/title>\n<meta name=\"description\" content=\"Vous avez des questions sur les diff\u00e9rents produits b!design ? Vous trouverez ici les r\u00e9ponses aux questions les plus fr\u00e9quentes.\" \/>\n<meta name=\"robots\" content=\"index, follow, max-snippet:-1, max-image-preview:large, max-video-preview:-1\" \/>\n<link rel=\"canonical\" href=\"https:\/\/www.bdesign-floors.com\/fr\/ce-quil-faut-savoir\/foire-aux-questions\/\" \/>\n<meta property=\"og:locale\" content=\"fr_FR\" \/>\n<meta property=\"og:type\" content=\"article\" \/>\n<meta property=\"og:title\" content=\"Foire aux questions | b!design\" \/>\n<meta property=\"og:description\" content=\"Vous avez des questions sur les diff\u00e9rents produits b!design ? Vous trouverez ici les r\u00e9ponses aux questions les plus fr\u00e9quentes.\" \/>\n<meta property=\"og:url\" content=\"https:\/\/www.bdesign-floors.com\/fr\/ce-quil-faut-savoir\/foire-aux-questions\/\" \/>\n<meta property=\"og:site_name\" content=\"b!design\" \/>\n<meta property=\"article:modified_time\" content=\"2022-09-21T08:59:58+00:00\" \/>\n<meta name=\"twitter:card\" content=\"summary_large_image\" \/>\n<script type=\"application\/ld+json\" class=\"yoast-schema-graph\">{\"@context\":\"https:\/\/schema.org\",\"@graph\":[{\"@type\":\"WebPage\",\"@id\":\"https:\/\/www.bdesign-floors.com\/fr\/ce-quil-faut-savoir\/foire-aux-questions\/\",\"url\":\"https:\/\/www.bdesign-floors.com\/fr\/ce-quil-faut-savoir\/foire-aux-questions\/\",\"name\":\"Foire aux questions | b!design\",\"isPartOf\":{\"@id\":\"https:\/\/bdesign.wp.factory.blim-dev.com\/#website\"},\"datePublished\":\"2022-09-12T14:42:42+00:00\",\"dateModified\":\"2022-09-21T08:59:58+00:00\",\"description\":\"Vous avez des questions sur les diff\u00e9rents produits b!design ? Vous trouverez ici les r\u00e9ponses aux questions les plus fr\u00e9quentes.\",\"breadcrumb\":{\"@id\":\"https:\/\/www.bdesign-floors.com\/fr\/ce-quil-faut-savoir\/foire-aux-questions\/#breadcrumb\"},\"inLanguage\":\"fr-FR\",\"potentialAction\":[{\"@type\":\"ReadAction\",\"target\":[\"https:\/\/www.bdesign-floors.com\/fr\/ce-quil-faut-savoir\/foire-aux-questions\/\"]}]},{\"@type\":\"BreadcrumbList\",\"@id\":\"https:\/\/www.bdesign-floors.com\/fr\/ce-quil-faut-savoir\/foire-aux-questions\/#breadcrumb\",\"itemListElement\":[{\"@type\":\"ListItem\",\"position\":1,\"name\":\"Home\",\"item\":\"https:\/\/www.bdesign-floors.com\/fr\/\"},{\"@type\":\"ListItem\",\"position\":2,\"name\":\"Ce qu&#8217;il faut savoir\",\"item\":\"https:\/\/bdesign.wp.factory.blim-dev.com\/fr\/ce-quil-faut-savoir\/\"},{\"@type\":\"ListItem\",\"position\":3,\"name\":\"Foire aux questions\"}]},{\"@type\":\"WebSite\",\"@id\":\"https:\/\/bdesign.wp.factory.blim-dev.com\/#website\",\"url\":\"https:\/\/bdesign.wp.factory.blim-dev.com\/\",\"name\":\"b!design\",\"description\":\"Just another WordPress site\",\"potentialAction\":[{\"@type\":\"SearchAction\",\"target\":{\"@type\":\"EntryPoint\",\"urlTemplate\":\"https:\/\/bdesign.wp.factory.blim-dev.com\/?s={search_term_string}\"},\"query-input\":{\"@type\":\"PropertyValueSpecification\",\"valueRequired\":true,\"valueName\":\"search_term_string\"}}],\"inLanguage\":\"fr-FR\"}]}<\/script>\n<!-- \/ Yoast SEO plugin. -->","yoast_head_json":{"title":"Foire aux questions | b!design","description":"Vous avez des questions sur les diff\u00e9rents produits b!design ? Vous trouverez ici les r\u00e9ponses aux questions les plus fr\u00e9quentes.","robots":{"index":"index","follow":"follow","max-snippet":"max-snippet:-1","max-image-preview":"max-image-preview:large","max-video-preview":"max-video-preview:-1"},"canonical":"https:\/\/www.bdesign-floors.com\/fr\/ce-quil-faut-savoir\/foire-aux-questions\/","og_locale":"fr_FR","og_type":"article","og_title":"Foire aux questions | b!design","og_description":"Vous avez des questions sur les diff\u00e9rents produits b!design ? Vous trouverez ici les r\u00e9ponses aux questions les plus fr\u00e9quentes.","og_url":"https:\/\/www.bdesign-floors.com\/fr\/ce-quil-faut-savoir\/foire-aux-questions\/","og_site_name":"b!design","article_modified_time":"2022-09-21T08:59:58+00:00","twitter_card":"summary_large_image","schema":{"@context":"https:\/\/schema.org","@graph":[{"@type":"WebPage","@id":"https:\/\/www.bdesign-floors.com\/fr\/ce-quil-faut-savoir\/foire-aux-questions\/","url":"https:\/\/www.bdesign-floors.com\/fr\/ce-quil-faut-savoir\/foire-aux-questions\/","name":"Foire aux questions | b!design","isPartOf":{"@id":"https:\/\/bdesign.wp.factory.blim-dev.com\/#website"},"datePublished":"2022-09-12T14:42:42+00:00","dateModified":"2022-09-21T08:59:58+00:00","description":"Vous avez des questions sur les diff\u00e9rents produits b!design ? Vous trouverez ici les r\u00e9ponses aux questions les plus fr\u00e9quentes.","breadcrumb":{"@id":"https:\/\/www.bdesign-floors.com\/fr\/ce-quil-faut-savoir\/foire-aux-questions\/#breadcrumb"},"inLanguage":"fr-FR","potentialAction":[{"@type":"ReadAction","target":["https:\/\/www.bdesign-floors.com\/fr\/ce-quil-faut-savoir\/foire-aux-questions\/"]}]},{"@type":"BreadcrumbList","@id":"https:\/\/www.bdesign-floors.com\/fr\/ce-quil-faut-savoir\/foire-aux-questions\/#breadcrumb","itemListElement":[{"@type":"ListItem","position":1,"name":"Home","item":"https:\/\/www.bdesign-floors.com\/fr\/"},{"@type":"ListItem","position":2,"name":"Ce qu&#8217;il faut savoir","item":"https:\/\/bdesign.wp.factory.blim-dev.com\/fr\/ce-quil-faut-savoir\/"},{"@type":"ListItem","position":3,"name":"Foire aux questions"}]},{"@type":"WebSite","@id":"https:\/\/bdesign.wp.factory.blim-dev.com\/#website","url":"https:\/\/bdesign.wp.factory.blim-dev.com\/","name":"b!design","description":"Just another WordPress site","potentialAction":[{"@type":"SearchAction","target":{"@type":"EntryPoint","urlTemplate":"https:\/\/bdesign.wp.factory.blim-dev.com\/?s={search_term_string}"},"query-input":{"@type":"PropertyValueSpecification","valueRequired":true,"valueName":"search_term_string"}}],"inLanguage":"fr-FR"}]}},"_links":{"self":[{"href":"https:\/\/www.bdesign-floors.com\/fr\/wp-json\/wp\/v2\/pages\/13753","targetHints":{"allow":["GET"]}}],"collection":[{"href":"https:\/\/www.bdesign-floors.com\/fr\/wp-json\/wp\/v2\/pages"}],"about":[{"href":"https:\/\/www.bdesign-floors.com\/fr\/wp-json\/wp\/v2\/types\/page"}],"author":[{"embeddable":true,"href":"https:\/\/www.bdesign-floors.com\/fr\/wp-json\/wp\/v2\/users\/8"}],"replies":[{"embeddable":true,"href":"https:\/\/www.bdesign-floors.com\/fr\/wp-json\/wp\/v2\/comments?post=13753"}],"version-history":[{"count":2,"href":"https:\/\/www.bdesign-floors.com\/fr\/wp-json\/wp\/v2\/pages\/13753\/revisions"}],"predecessor-version":[{"id":16251,"href":"https:\/\/www.bdesign-floors.com\/fr\/wp-json\/wp\/v2\/pages\/13753\/revisions\/16251"}],"up":[{"embeddable":true,"href":"https:\/\/www.bdesign-floors.com\/fr\/wp-json\/wp\/v2\/pages\/13709"}],"wp:attachment":[{"href":"https:\/\/www.bdesign-floors.com\/fr\/wp-json\/wp\/v2\/media?parent=13753"}],"curies":[{"name":"wp","href":"https:\/\/api.w.org\/{rel}","templated":true}]}}