{"id":13889,"date":"2022-09-12T16:52:59","date_gmt":"2022-09-12T14:52:59","guid":{"rendered":"https:\/\/www.bdesign-floors.com\/ce-quil-faut-savoir\/un-habitat-sain\/"},"modified":"2022-09-12T16:53:02","modified_gmt":"2022-09-12T14:53:02","slug":"un-habitat-sain","status":"publish","type":"page","link":"https:\/\/www.bdesign-floors.com\/fr\/ce-quil-faut-savoir\/un-habitat-sain\/","title":{"rendered":"Un habitat sain"},"content":{"rendered":"<div id=\"bdesign2022_pageheader_block_62dfd623856fa\" class=\"bdesign2022_block bdesign2022_block--bdesign2022_pageheader\">\n    <div class=\"bdesign2022_block--wrapper\">\n                                    <div class=\"bdesign2022_ph-wrap is-single\">\n                    <div class=\"bdesign2022_ph-slide slidestyle-is-black orig-is-black active\">\n                        <div class=\"slide-image\">\n                            <img decoding=\"async\" class=\"img-fluid logo\" src=\"https:\/\/www.bdesign-floors.com\/wp-content\/uploads\/2022\/08\/sentinel-haus-zertifikat-gesund-wohnen-b-design.jpg\" srcset=\"https:\/\/www.bdesign-floors.com\/wp-content\/uploads\/2022\/08\/sentinel-haus-zertifikat-gesund-wohnen-b-design.jpg 1110w, https:\/\/www.bdesign-floors.com\/wp-content\/uploads\/2022\/08\/sentinel-haus-zertifikat-gesund-wohnen-b-design-768x521.jpg 768w, https:\/\/www.bdesign-floors.com\/wp-content\/uploads\/2022\/08\/sentinel-haus-zertifikat-gesund-wohnen-b-design-442x300.jpg 442w\">                        <\/div>\n                        <div class=\"slide-area\">\n                            <div class=\"slide-area-wrapper\">\n                                <h1>Un habitat sain &#8211; certifi\u00e9 pauvre en substances nocives<\/h1>\n                                <h6>b!design mise sur l&rsquo;utilisation durable des mati\u00e8res premi\u00e8res pour un environnement sain \u00e0 long terme, ce que confirme \u00e9galement l&rsquo;institut Sentinel Haus.<\/h6>\n                                                                                            <\/div>\n                            <div class=\"slide-image-mobile d-md-none\">\n                                <img decoding=\"async\" class=\"img-fluid logo\" src=\"https:\/\/www.bdesign-floors.com\/wp-content\/uploads\/2022\/08\/sentinel-haus-zertifikat-gesund-wohnen-b-design.jpg\" srcset=\"https:\/\/www.bdesign-floors.com\/wp-content\/uploads\/2022\/08\/sentinel-haus-zertifikat-gesund-wohnen-b-design.jpg 1110w, https:\/\/www.bdesign-floors.com\/wp-content\/uploads\/2022\/08\/sentinel-haus-zertifikat-gesund-wohnen-b-design-768x521.jpg 768w, https:\/\/www.bdesign-floors.com\/wp-content\/uploads\/2022\/08\/sentinel-haus-zertifikat-gesund-wohnen-b-design-442x300.jpg 442w\">                            <\/div>\n                        <\/div>\n                    <\/div>\n                <\/div>\n                        <\/div>\n<\/div>\n<div id=\"bdesign2022_headline_block_62ea833e526c0\" class=\"bdesign2022_block bdesign2022_block--bdesign2022_headline\">\n    <div class=\"bdesign2022_block--wrapper\">\n        <div class=\"container my-4\">\n            \n                                    <h5 class=\"h5 d\u00e9but du texte mt-5 mb-3\">Recommand\u00e9 par l&rsquo;institut Sentinel Haus<\/h5>\n                                                    <h2 class=\"h2 d\u00e9but du texte mt-2 mb-4\">La maison Sentinel : <br>V\u00e9rifi\u00e9. \u00c9valu\u00e9. Valid\u00e9<\/h2>\n                                \n                        <\/div>\n    <\/div>\n<\/div>\n<div id=\"bdesign2022_2columntext_block_62ea8358526c1\" class=\"bdesign2022_block bdesign2022_block--bdesign2022_2columntext\">\n    <div class=\"bdesign2022_block--wrapper\">\n        <div class=\"container my-4\">\n            <div class=\"row align-items-start\">\n                <div class=\"col-12 col-xxl-4 offset-0 offset-xxl-2 my-3\">\n                    <p>Admettons-le &#8211; nous voulons tous \u00eatre et vivre en bonne sant\u00e9. L&rsquo;importance accord\u00e9e au bien-\u00eatre personnel et \u00e0 celui de sa famille est ind\u00e9niable et ne cesse d&rsquo;augmenter depuis des ann\u00e9es. Mais nous pensons en premier lieu aux domaines de l&rsquo;alimentation, du fitness et du bien-\u00eatre. Pourquoi ne pas penser aux sols ? C&rsquo;est pr\u00e9cis\u00e9ment l\u00e0 que b!design intervient : Obtenez un habitat sain  <a href=\"https:\/\/www.bdesign-floors.com\/fr\/?page_id=13353\">sols design<\/a> dans vos quatre murs &#8211; et respirez ! Les sols b!design sont fabriqu\u00e9s par notre partenaire &#8211;<\/p>\n                <\/div>\n                <div class=\"c0l-12 col-xxl-4 xxl-3 my-3\">\n                    <p>l&rsquo;<a href=\"https:\/\/www.sentinel-haus.de\/de\/suche?term=b!design+&amp;manufacturer%5B%5D=10819\" target=\"_blank\" rel=\"noopener\">institut Sentinel Haus<\/a> &#8211; ont \u00e9t\u00e9 contr\u00f4l\u00e9s, \u00e9valu\u00e9s et approuv\u00e9s. L&rsquo;institut est le leader du march\u00e9 et des connaissances dans le domaine de la sant\u00e9 des b\u00e2timents. Et \u00e9labore, au sein d&rsquo;un vaste r\u00e9seau, les connaissances scientifiques relatives \u00e0 la sant\u00e9 int\u00e9rieure. Ceux-ci sont ensuite commercialis\u00e9s par une mise en \u0153uvre pratique dans des b\u00e2timents de tous types. Vous pouvez donc en \u00eatre s\u00fbr : Les rev\u00eatements de sol, contr\u00f4l\u00e9s par l&rsquo;institut Sentinel Haus, sont pauvres en substances nocives et sains pour l&rsquo;habitat.<\/p>\n                <\/div>\n            <\/div>\n        <\/div>\n    <\/div>\n<\/div>\n<div id=\"bdesign2022_customcontent_block_63049aa17eb90\" class=\"bdesign2022_block bdesign2022_block--bdesign2022_customcontent\">\n    <div class=\"bdesign2022_block--wrapper\">\n        <div class=\"container\">\n            <div class=\"row\">\n                \n                <div class=\"col-12 col-sm-10\" style=\"margin:0 auto;text-align: center;\">\n                    <div class=\"container-centered\">\n                        <p><img loading=\"lazy\" decoding=\"async\" class=\"size-medium wp-image-3449 aligncenter\" src=\"https:\/\/www.bdesign-floors.com\/wp-content\/uploads\/2022\/09\/sentinel-haus-logo-444x300.png\" alt=\"\" width=\"444\" height=\"300\" srcset=\"https:\/\/www.bdesign-floors.com\/wp-content\/uploads\/2022\/09\/sentinel-haus-logo-444x300.png 444w, https:\/\/www.bdesign-floors.com\/wp-content\/uploads\/2022\/09\/sentinel-haus-logo-768x519.png 768w, https:\/\/www.bdesign-floors.com\/wp-content\/uploads\/2022\/09\/sentinel-haus-logo.png 1000w\" sizes=\"auto, (max-width: 444px) 100vw, 444px\" \/><\/p>\n                    <\/div>\n                <\/div>\n\n                            <\/div>\n        <\/div>\n    <\/div>\n<\/div>\n<div id=\"bdesign2022_switchstyle_block_630db52453892\" class=\"bdesign2022_style bdesign2022_style--bdesign2022_switchstyle\" data-switchstyle=\"black\">\n<div id=\"bdesign2022_customcontent_block_630ce0eb71a71\" class=\"bdesign2022_block bdesign2022_block--bdesign2022_customcontent\">\n    <div class=\"bdesign2022_block--wrapper\">\n        <div class=\"container\">\n            <div class=\"row\">\n                \n                <div class=\"col-12 col-sm-10\" style=\"margin:0 auto;text-align: center;\">\n                    <div class=\"container-centered\">\n                        <a class=\"btn btn-bdesign2022 btn-linkcta\" href=\"https:\/\/www.sentinel-haus.de\/de\/suche?term=b%21design\" target=\"_blank\">Zum Sentinel Haus Institut<\/a>                    <\/div>\n                <\/div>\n\n                            <\/div>\n        <\/div>\n    <\/div>\n<\/div>\n<\/div>\n","protected":false},"excerpt":{"rendered":"","protected":false},"author":8,"featured_media":0,"parent":13709,"menu_order":5,"comment_status":"closed","ping_status":"closed","template":"","meta":{"_acf_changed":false,"footnotes":""},"class_list":["post-13889","page","type-page","status-publish","hentry"],"acf":[],"yoast_head":"<!-- This site is optimized with the Yoast SEO plugin v24.2 - https:\/\/yoast.com\/wordpress\/plugins\/seo\/ -->\n<title>Habitat sain | b!design<\/title>\n<meta name=\"description\" content=\"La maison Sentinel est le leader du march\u00e9 et des connaissances en mati\u00e8re de sant\u00e9 dans les b\u00e2timents et ne publie que des produits test\u00e9s sur les substances nocives.\" \/>\n<meta name=\"robots\" content=\"index, follow, max-snippet:-1, max-image-preview:large, max-video-preview:-1\" \/>\n<link rel=\"canonical\" href=\"https:\/\/www.bdesign-floors.com\/fr\/ce-quil-faut-savoir\/un-habitat-sain\/\" \/>\n<meta property=\"og:locale\" content=\"fr_FR\" \/>\n<meta property=\"og:type\" content=\"article\" \/>\n<meta property=\"og:title\" content=\"Habitat sain | b!design\" \/>\n<meta property=\"og:description\" content=\"La maison Sentinel est le leader du march\u00e9 et des connaissances en mati\u00e8re de sant\u00e9 dans les b\u00e2timents et ne publie que des produits test\u00e9s sur les substances nocives.\" \/>\n<meta property=\"og:url\" content=\"https:\/\/www.bdesign-floors.com\/fr\/ce-quil-faut-savoir\/un-habitat-sain\/\" \/>\n<meta property=\"og:site_name\" content=\"b!design\" \/>\n<meta property=\"article:modified_time\" content=\"2022-09-12T14:53:02+00:00\" \/>\n<meta name=\"twitter:card\" content=\"summary_large_image\" \/>\n<script type=\"application\/ld+json\" class=\"yoast-schema-graph\">{\"@context\":\"https:\/\/schema.org\",\"@graph\":[{\"@type\":\"WebPage\",\"@id\":\"https:\/\/www.bdesign-floors.com\/fr\/ce-quil-faut-savoir\/un-habitat-sain\/\",\"url\":\"https:\/\/www.bdesign-floors.com\/fr\/ce-quil-faut-savoir\/un-habitat-sain\/\",\"name\":\"Habitat sain | b!design\",\"isPartOf\":{\"@id\":\"https:\/\/bdesign.wp.factory.blim-dev.com\/#website\"},\"datePublished\":\"2022-09-12T14:52:59+00:00\",\"dateModified\":\"2022-09-12T14:53:02+00:00\",\"description\":\"La maison Sentinel est le leader du march\u00e9 et des connaissances en mati\u00e8re de sant\u00e9 dans les b\u00e2timents et ne publie que des produits test\u00e9s sur les substances nocives.\",\"breadcrumb\":{\"@id\":\"https:\/\/www.bdesign-floors.com\/fr\/ce-quil-faut-savoir\/un-habitat-sain\/#breadcrumb\"},\"inLanguage\":\"fr-FR\",\"potentialAction\":[{\"@type\":\"ReadAction\",\"target\":[\"https:\/\/www.bdesign-floors.com\/fr\/ce-quil-faut-savoir\/un-habitat-sain\/\"]}]},{\"@type\":\"BreadcrumbList\",\"@id\":\"https:\/\/www.bdesign-floors.com\/fr\/ce-quil-faut-savoir\/un-habitat-sain\/#breadcrumb\",\"itemListElement\":[{\"@type\":\"ListItem\",\"position\":1,\"name\":\"Home\",\"item\":\"https:\/\/www.bdesign-floors.com\/fr\/\"},{\"@type\":\"ListItem\",\"position\":2,\"name\":\"Ce qu&#8217;il faut savoir\",\"item\":\"https:\/\/bdesign.wp.factory.blim-dev.com\/fr\/ce-quil-faut-savoir\/\"},{\"@type\":\"ListItem\",\"position\":3,\"name\":\"Un habitat sain\"}]},{\"@type\":\"WebSite\",\"@id\":\"https:\/\/bdesign.wp.factory.blim-dev.com\/#website\",\"url\":\"https:\/\/bdesign.wp.factory.blim-dev.com\/\",\"name\":\"b!design\",\"description\":\"Just another WordPress site\",\"potentialAction\":[{\"@type\":\"SearchAction\",\"target\":{\"@type\":\"EntryPoint\",\"urlTemplate\":\"https:\/\/bdesign.wp.factory.blim-dev.com\/?s={search_term_string}\"},\"query-input\":{\"@type\":\"PropertyValueSpecification\",\"valueRequired\":true,\"valueName\":\"search_term_string\"}}],\"inLanguage\":\"fr-FR\"}]}<\/script>\n<!-- \/ Yoast SEO plugin. -->","yoast_head_json":{"title":"Habitat sain | b!design","description":"La maison Sentinel est le leader du march\u00e9 et des connaissances en mati\u00e8re de sant\u00e9 dans les b\u00e2timents et ne publie que des produits test\u00e9s sur les substances nocives.","robots":{"index":"index","follow":"follow","max-snippet":"max-snippet:-1","max-image-preview":"max-image-preview:large","max-video-preview":"max-video-preview:-1"},"canonical":"https:\/\/www.bdesign-floors.com\/fr\/ce-quil-faut-savoir\/un-habitat-sain\/","og_locale":"fr_FR","og_type":"article","og_title":"Habitat sain | b!design","og_description":"La maison Sentinel est le leader du march\u00e9 et des connaissances en mati\u00e8re de sant\u00e9 dans les b\u00e2timents et ne publie que des produits test\u00e9s sur les substances nocives.","og_url":"https:\/\/www.bdesign-floors.com\/fr\/ce-quil-faut-savoir\/un-habitat-sain\/","og_site_name":"b!design","article_modified_time":"2022-09-12T14:53:02+00:00","twitter_card":"summary_large_image","schema":{"@context":"https:\/\/schema.org","@graph":[{"@type":"WebPage","@id":"https:\/\/www.bdesign-floors.com\/fr\/ce-quil-faut-savoir\/un-habitat-sain\/","url":"https:\/\/www.bdesign-floors.com\/fr\/ce-quil-faut-savoir\/un-habitat-sain\/","name":"Habitat sain | b!design","isPartOf":{"@id":"https:\/\/bdesign.wp.factory.blim-dev.com\/#website"},"datePublished":"2022-09-12T14:52:59+00:00","dateModified":"2022-09-12T14:53:02+00:00","description":"La maison Sentinel est le leader du march\u00e9 et des connaissances en mati\u00e8re de sant\u00e9 dans les b\u00e2timents et ne publie que des produits test\u00e9s sur les substances nocives.","breadcrumb":{"@id":"https:\/\/www.bdesign-floors.com\/fr\/ce-quil-faut-savoir\/un-habitat-sain\/#breadcrumb"},"inLanguage":"fr-FR","potentialAction":[{"@type":"ReadAction","target":["https:\/\/www.bdesign-floors.com\/fr\/ce-quil-faut-savoir\/un-habitat-sain\/"]}]},{"@type":"BreadcrumbList","@id":"https:\/\/www.bdesign-floors.com\/fr\/ce-quil-faut-savoir\/un-habitat-sain\/#breadcrumb","itemListElement":[{"@type":"ListItem","position":1,"name":"Home","item":"https:\/\/www.bdesign-floors.com\/fr\/"},{"@type":"ListItem","position":2,"name":"Ce qu&#8217;il faut savoir","item":"https:\/\/bdesign.wp.factory.blim-dev.com\/fr\/ce-quil-faut-savoir\/"},{"@type":"ListItem","position":3,"name":"Un habitat sain"}]},{"@type":"WebSite","@id":"https:\/\/bdesign.wp.factory.blim-dev.com\/#website","url":"https:\/\/bdesign.wp.factory.blim-dev.com\/","name":"b!design","description":"Just another WordPress site","potentialAction":[{"@type":"SearchAction","target":{"@type":"EntryPoint","urlTemplate":"https:\/\/bdesign.wp.factory.blim-dev.com\/?s={search_term_string}"},"query-input":{"@type":"PropertyValueSpecification","valueRequired":true,"valueName":"search_term_string"}}],"inLanguage":"fr-FR"}]}},"_links":{"self":[{"href":"https:\/\/www.bdesign-floors.com\/fr\/wp-json\/wp\/v2\/pages\/13889","targetHints":{"allow":["GET"]}}],"collection":[{"href":"https:\/\/www.bdesign-floors.com\/fr\/wp-json\/wp\/v2\/pages"}],"about":[{"href":"https:\/\/www.bdesign-floors.com\/fr\/wp-json\/wp\/v2\/types\/page"}],"author":[{"embeddable":true,"href":"https:\/\/www.bdesign-floors.com\/fr\/wp-json\/wp\/v2\/users\/8"}],"replies":[{"embeddable":true,"href":"https:\/\/www.bdesign-floors.com\/fr\/wp-json\/wp\/v2\/comments?post=13889"}],"version-history":[{"count":1,"href":"https:\/\/www.bdesign-floors.com\/fr\/wp-json\/wp\/v2\/pages\/13889\/revisions"}],"predecessor-version":[{"id":13892,"href":"https:\/\/www.bdesign-floors.com\/fr\/wp-json\/wp\/v2\/pages\/13889\/revisions\/13892"}],"up":[{"embeddable":true,"href":"https:\/\/www.bdesign-floors.com\/fr\/wp-json\/wp\/v2\/pages\/13709"}],"wp:attachment":[{"href":"https:\/\/www.bdesign-floors.com\/fr\/wp-json\/wp\/v2\/media?parent=13889"}],"curies":[{"name":"wp","href":"https:\/\/api.w.org\/{rel}","templated":true}]}}