{"id":13423,"date":"2022-09-12T16:23:46","date_gmt":"2022-09-12T14:23:46","guid":{"rendered":"https:\/\/www.bdesign-floors.com\/pribor-i-njega\/"},"modified":"2022-09-13T16:52:13","modified_gmt":"2022-09-13T14:52:13","slug":"pribor-i-njega","status":"publish","type":"page","link":"https:\/\/www.bdesign-floors.com\/hr\/pribor-i-njega\/","title":{"rendered":"Pribor i njega"},"content":{"rendered":"<div id=\"bdesign2022_pageheader_block_62dfd623856fa\" class=\"bdesign2022_block bdesign2022_block--bdesign2022_pageheader\">\n    <div class=\"bdesign2022_block--wrapper\">\n                                    <div class=\"bdesign2022_ph-wrap is-single\">\n                    <div class=\"bdesign2022_ph-slide slidestyle-is-black orig-is-crno active\">\n                        <div class=\"slide-image\">\n                            <img decoding=\"async\" class=\"img-fluid logo\" src=\"https:\/\/www.bdesign-floors.com\/wp-content\/uploads\/2022\/09\/zubehoer-pflege-boden-b-design.jpg\" srcset=\"https:\/\/www.bdesign-floors.com\/wp-content\/uploads\/2022\/09\/zubehoer-pflege-boden-b-design.jpg 1110w, https:\/\/www.bdesign-floors.com\/wp-content\/uploads\/2022\/09\/zubehoer-pflege-boden-b-design-768x521.jpg 768w, https:\/\/www.bdesign-floors.com\/wp-content\/uploads\/2022\/09\/zubehoer-pflege-boden-b-design-442x300.jpg 442w\">                        <\/div>\n                        <div class=\"slide-area\">\n                            <div class=\"slide-area-wrapper\">\n                                <h1>Za\u0161tita i njega va\u0161eg poda iz snova<\/h1>\n                                <h6>Ovdje \u0107ete prona\u0107i visokokvalitetne dodatke i prave proizvode za njegu s kojima mo\u017eete u\u010dinkovito o\u010distiti i za\u0161tititi svoje podove.<\/h6>\n                                                                                            <\/div>\n                            <div class=\"slide-image-mobile d-md-none\">\n                                <img decoding=\"async\" class=\"img-fluid logo\" src=\"https:\/\/www.bdesign-floors.com\/wp-content\/uploads\/2022\/09\/zubehoer-pflege-boden-b-design.jpg\" srcset=\"https:\/\/www.bdesign-floors.com\/wp-content\/uploads\/2022\/09\/zubehoer-pflege-boden-b-design.jpg 1110w, https:\/\/www.bdesign-floors.com\/wp-content\/uploads\/2022\/09\/zubehoer-pflege-boden-b-design-768x521.jpg 768w, https:\/\/www.bdesign-floors.com\/wp-content\/uploads\/2022\/09\/zubehoer-pflege-boden-b-design-442x300.jpg 442w\">                            <\/div>\n                        <\/div>\n                    <\/div>\n                <\/div>\n                        <\/div>\n<\/div>\n\n\n<div id=\"bdesign2022_headline_block_62ea833e526c0\" class=\"bdesign2022_block bdesign2022_block--bdesign2022_headline\">\n    <div class=\"bdesign2022_block--wrapper\">\n        <div class=\"container my-4\">\n            \n                                    <h5 class=\"h5 po\u010detak teksta mt-5 mb-3\">Pribor i njega<\/h5>\n                                                    <h2 class=\"h2 po\u010detak teksta mt-2 mb-4\">Njega i pribor za polaganje<\/h2>\n                                \n                        <\/div>\n    <\/div>\n<\/div>\n\n\n<div id=\"bdesign2022_2columntext_block_62ea8358526c1\" class=\"bdesign2022_block bdesign2022_block--bdesign2022_2columntext\">\n    <div class=\"bdesign2022_block--wrapper\">\n        <div class=\"container my-4\">\n            <div class=\"row align-items-start\">\n                <div class=\"col-12 col-xxl-4 offset-0 offset-xxl-2 my-3\">\n                    <p>Bilo da se radi o podlozi, lajsnama ili sredstvu za \u010di\u0161\u0107enje &#8211; ovdje \u0107ete prona\u0107i ono \u0161to je dobro za va\u0161 dizajnerski pod. Na taj na\u010din ne samo da posti\u017eete privla\u010dniji izgled, ve\u0107 mo\u017eete dugoro\u010dno odr\u017eati vrijednost va\u0161eg poda. Ovisno o va\u0161im individualnim potrebama, mo\u017eete birati izme\u0111u visokokvalitetnih<\/p>\n                <\/div>\n                <div class=\"c0l-12 col-xxl-4 xxl-3 my-3\">\n                    <p>Odaberite jastu\u010di\u0107e i posebna sredstva za \u010di\u0161\u0107enje. Mo\u017eete birati izme\u0111u osnovnog sredstva za \u010di\u0161\u0107enje kao osnovne njege, brisa\u010da za prirodno o\u010duvanje va\u0161eg poda i na\u0161eg osvje\u017eiva\u010da za za\u0161titu va\u0161ih podova. Otkrijte sada dodatke i proizvode za njegu iz b!designa.<\/p>\n                <\/div>\n            <\/div>\n        <\/div>\n    <\/div>\n<\/div>\n\n\n<div id=\"bdesign2022_imagetext_block_62e799efe8da2\" class=\"bdesign2022_block bdesign2022_block--bdesign2022_imagetext\">\n    <div class=\"bdesign2022_block--wrapper\">\n        <div class=\"container\">\n            <div class=\"row align-items-center align-items-xxl-start align-items-xxxl-center\">\n                <div class=\"d-block d-md-block col-md-7 col-xl-4 col-xxl-5 col-xxxl-7 col-type-is-image col-count-is-1\"><img decoding=\"async\" class=\"img-fluid col-img\" src=\"https:\/\/www.bdesign-floors.com\/wp-content\/uploads\/2022\/09\/unterlagsmatte-zubehoer-pflege-boden-b-design.jpg\" srcset=\"https:\/\/www.bdesign-floors.com\/wp-content\/uploads\/2022\/09\/unterlagsmatte-zubehoer-pflege-boden-b-design.jpg 1110w, https:\/\/www.bdesign-floors.com\/wp-content\/uploads\/2022\/09\/unterlagsmatte-zubehoer-pflege-boden-b-design-768x510.jpg 768w, https:\/\/www.bdesign-floors.com\/wp-content\/uploads\/2022\/09\/unterlagsmatte-zubehoer-pflege-boden-b-design-452x300.jpg 452w\"><\/div><div class=\"col-12 col-xl-7 col-xxl-6 col-xxxl-4 col-type-is-imagetext col-count-is-2\"><h3>Za\u0161to b!design podloga?<\/h3><p>Podloga b!design ima izvrsnu dugotrajnu stabilnost i visoku tla\u010dnu \u010dvrsto\u0107u. Ovo \u0161titi klik spoj od o\u0161te\u0107enja ili stvaranja pukotina pod velikim optere\u0107enjem. Postaviti plutaju\u0107e podne plo\u010de? Tako\u0111er radi! Podloga nesmetano kompenzira temperaturne promjene. Smanjuje zvuk kako bi smanjio buku za susjede ispod vas i smanjio buku hodanja u va\u0161im sobama.<\/p>\n<p>Nitko ne \u017eeli hladan pod. Stoga prostirka tako\u0111er sprje\u010dava rasipanje toplinske energije kroz pod. A ne morate brinuti ni o plijesni zahvaljuju\u0107i na\u0161oj podlozi koja omogu\u0107uje cirkuliranje zraka izravno preko barijere za vlagu.<\/p>\n<\/div>            <\/div>\n        <\/div>\n    <\/div>\n<\/div>\n\n\n<div id=\"bdesign2022_imagetext_block_62e79a3be8da5\" class=\"bdesign2022_block bdesign2022_block--bdesign2022_imagetext\">\n    <div class=\"bdesign2022_block--wrapper\">\n        <div class=\"container\">\n            <div class=\"row align-items-center align-items-xxl-start align-items-xxxl-center\">\n                <div class=\"col-12 col-xl-7 col-xxl-6 col-xxxl-4 col-type-is-imagetext col-count-is-1\"><h3>Navojni blok za vinilne podove s priklju\u010dkom na klik<\/h3><p>Ovaj blok za navoje posebno je razvijen za b!design dizajn podne obloge sa spojem na klik. Mo\u017ee se koristiti univerzalno, \u0161titi rub pri polaganju i podr\u017eava savr\u0161enu instalaciju. Bijeli plasti\u010dni blok jednostavan je za rukovanje i pomo\u0107i \u0107e vam da postignete besprijekornu i dugotrajnu monta\u017eu.<\/p>\n<\/div><div class=\"d-block d-md-block col-md-7 col-xl-4 col-xxl-5 col-xxxl-7 col-type-is-image col-count-is-2\"><img decoding=\"async\" class=\"img-fluid col-img\" src=\"https:\/\/www.bdesign-floors.com\/wp-content\/uploads\/2022\/09\/schlagklotz-zubehoer-pflege-boden-b-design.jpg\" srcset=\"https:\/\/www.bdesign-floors.com\/wp-content\/uploads\/2022\/09\/schlagklotz-zubehoer-pflege-boden-b-design.jpg 1110w, https:\/\/www.bdesign-floors.com\/wp-content\/uploads\/2022\/09\/schlagklotz-zubehoer-pflege-boden-b-design-768x510.jpg 768w, https:\/\/www.bdesign-floors.com\/wp-content\/uploads\/2022\/09\/schlagklotz-zubehoer-pflege-boden-b-design-452x300.jpg 452w\"><\/div>            <\/div>\n        <\/div>\n    <\/div>\n<\/div>\n\n\n<div id=\"bdesign2022_imagetext_block_63186497b5d1a\" class=\"bdesign2022_block bdesign2022_block--bdesign2022_imagetext\">\n    <div class=\"bdesign2022_block--wrapper\">\n        <div class=\"container\">\n            <div class=\"row align-items-center align-items-xxl-start align-items-xxxl-center\">\n                <div class=\"d-block d-md-block col-md-7 col-xl-4 col-xxl-5 col-xxxl-7 col-type-is-image col-count-is-1\"><img decoding=\"async\" class=\"img-fluid col-img\" src=\"https:\/\/www.bdesign-floors.com\/wp-content\/uploads\/2022\/09\/scratchfix-zubehoer-pflege-boden-b-design.jpg\" srcset=\"https:\/\/www.bdesign-floors.com\/wp-content\/uploads\/2022\/09\/scratchfix-zubehoer-pflege-boden-b-design.jpg 1110w, https:\/\/www.bdesign-floors.com\/wp-content\/uploads\/2022\/09\/scratchfix-zubehoer-pflege-boden-b-design-768x510.jpg 768w, https:\/\/www.bdesign-floors.com\/wp-content\/uploads\/2022\/09\/scratchfix-zubehoer-pflege-boden-b-design-452x300.jpg 452w\"><\/div><div class=\"col-12 col-xl-7 col-xxl-6 col-xxxl-4 col-type-is-imagetext col-count-is-2\"><h3>Dr.Schutz set za popravak: ScratchFix<\/h3><p>Ima li va\u0161 pod neke znakove istro\u0161enosti? Nema problema: set za popravak poda Scratchfix tvrtke Dr. Schutz je idealno rje\u0161enje za djelomi\u010dni popravak ogrebotina i izbjeljivanje naprezanja na dizajnerskim podovima i drugim elasti\u010dnim podnim oblogama. Uklju\u010duje PU Repair Spray za popravak sitnijih povr\u0161inskih ogrebotina i PU Repair Stick za popravak dubljih ogrebotina. Tako\u0111er uklju\u010duje kompletan paket dodatne opreme s uputama za obradu. Sve optimalno uskla\u0111eno u pogledu sjaja na podove modernog dizajna.<\/p>\n<\/div>            <\/div>\n        <\/div>\n    <\/div>\n<\/div>\n\n\n<div id=\"bdesign2022_imagetext_block_631985a118e97\" class=\"bdesign2022_block bdesign2022_block--bdesign2022_imagetext\">\n    <div class=\"bdesign2022_block--wrapper\">\n        <div class=\"container\">\n            <div class=\"row align-items-center align-items-xxl-start align-items-xxxl-center\">\n                <div class=\"col-12 col-xl-7 col-xxl-6 col-xxxl-4 col-type-is-imagetext col-count-is-1\"><h3>Njega: Od osnovnog sredstva za \u010di\u0161\u0107enje do osvje\u017eiva\u010da<\/h3><p>Uz na\u0161a tri proizvoda za njegu, va\u0161 \u0107e pod vrlo brzo ponovno izgledati svje\u017ee i blistavo: otkrijte na\u0161e osvje\u017eiva\u010de, brisa\u010de i osnovno sredstvo za \u010di\u0161\u0107enje.<\/p>\n<\/div><div class=\"d-block d-md-block col-md-7 col-xl-4 col-xxl-5 col-xxxl-7 col-type-is-image col-count-is-2\"><img decoding=\"async\" class=\"img-fluid col-img\" src=\"https:\/\/www.bdesign-floors.com\/wp-content\/uploads\/2022\/09\/pflegemittel-zubehoer-pflege-boden-b-design.jpg\" srcset=\"https:\/\/www.bdesign-floors.com\/wp-content\/uploads\/2022\/09\/pflegemittel-zubehoer-pflege-boden-b-design.jpg 1110w, https:\/\/www.bdesign-floors.com\/wp-content\/uploads\/2022\/09\/pflegemittel-zubehoer-pflege-boden-b-design-768x510.jpg 768w, https:\/\/www.bdesign-floors.com\/wp-content\/uploads\/2022\/09\/pflegemittel-zubehoer-pflege-boden-b-design-452x300.jpg 452w\"><\/div>            <\/div>\n        <\/div>\n    <\/div>\n<\/div>\n","protected":false},"excerpt":{"rendered":"","protected":false},"author":8,"featured_media":0,"parent":0,"menu_order":3,"comment_status":"closed","ping_status":"closed","template":"","meta":{"_acf_changed":false,"footnotes":""},"class_list":["post-13423","page","type-page","status-publish","hentry"],"acf":[],"yoast_head":"<!-- This site is optimized with the Yoast SEO plugin v24.2 - https:\/\/yoast.com\/wordpress\/plugins\/seo\/ -->\n<title>Pribor i njega | b!dizajn<\/title>\n<meta name=\"description\" content=\"U b!designu tako\u0111er mo\u017eete prona\u0107i odgovaraju\u0107e proizvode za \u010di\u0161\u0107enje i njegu va\u0161eg novog poda. Sada otkrijte na\u0161 izbor visokokvalitetnih dodataka!\" \/>\n<meta name=\"robots\" content=\"index, follow, max-snippet:-1, max-image-preview:large, max-video-preview:-1\" \/>\n<link rel=\"canonical\" href=\"https:\/\/www.bdesign-floors.com\/hr\/pribor-i-njega\/\" \/>\n<meta property=\"og:locale\" content=\"hr_HR\" \/>\n<meta property=\"og:type\" content=\"article\" \/>\n<meta property=\"og:title\" content=\"Pribor i njega | b!dizajn\" \/>\n<meta property=\"og:description\" content=\"U b!designu tako\u0111er mo\u017eete prona\u0107i odgovaraju\u0107e proizvode za \u010di\u0161\u0107enje i njegu va\u0161eg novog poda. Sada otkrijte na\u0161 izbor visokokvalitetnih dodataka!\" \/>\n<meta property=\"og:url\" content=\"https:\/\/www.bdesign-floors.com\/hr\/pribor-i-njega\/\" \/>\n<meta property=\"og:site_name\" content=\"b!design\" \/>\n<meta property=\"article:modified_time\" content=\"2022-09-13T14:52:13+00:00\" \/>\n<meta name=\"twitter:card\" content=\"summary_large_image\" \/>\n<script type=\"application\/ld+json\" class=\"yoast-schema-graph\">{\"@context\":\"https:\/\/schema.org\",\"@graph\":[{\"@type\":\"WebPage\",\"@id\":\"https:\/\/www.bdesign-floors.com\/hr\/pribor-i-njega\/\",\"url\":\"https:\/\/www.bdesign-floors.com\/hr\/pribor-i-njega\/\",\"name\":\"Pribor i njega | b!dizajn\",\"isPartOf\":{\"@id\":\"https:\/\/bdesign.wp.factory.blim-dev.com\/#website\"},\"datePublished\":\"2022-09-12T14:23:46+00:00\",\"dateModified\":\"2022-09-13T14:52:13+00:00\",\"description\":\"U b!designu tako\u0111er mo\u017eete prona\u0107i odgovaraju\u0107e proizvode za \u010di\u0161\u0107enje i njegu va\u0161eg novog poda. Sada otkrijte na\u0161 izbor visokokvalitetnih dodataka!\",\"breadcrumb\":{\"@id\":\"https:\/\/www.bdesign-floors.com\/hr\/pribor-i-njega\/#breadcrumb\"},\"inLanguage\":\"hr\",\"potentialAction\":[{\"@type\":\"ReadAction\",\"target\":[\"https:\/\/www.bdesign-floors.com\/hr\/pribor-i-njega\/\"]}]},{\"@type\":\"BreadcrumbList\",\"@id\":\"https:\/\/www.bdesign-floors.com\/hr\/pribor-i-njega\/#breadcrumb\",\"itemListElement\":[{\"@type\":\"ListItem\",\"position\":1,\"name\":\"Home\",\"item\":\"https:\/\/www.bdesign-floors.com\/hr\/\"},{\"@type\":\"ListItem\",\"position\":2,\"name\":\"Pribor i njega\"}]},{\"@type\":\"WebSite\",\"@id\":\"https:\/\/bdesign.wp.factory.blim-dev.com\/#website\",\"url\":\"https:\/\/bdesign.wp.factory.blim-dev.com\/\",\"name\":\"b!design\",\"description\":\"Just another WordPress site\",\"potentialAction\":[{\"@type\":\"SearchAction\",\"target\":{\"@type\":\"EntryPoint\",\"urlTemplate\":\"https:\/\/bdesign.wp.factory.blim-dev.com\/?s={search_term_string}\"},\"query-input\":{\"@type\":\"PropertyValueSpecification\",\"valueRequired\":true,\"valueName\":\"search_term_string\"}}],\"inLanguage\":\"hr\"}]}<\/script>\n<!-- \/ Yoast SEO plugin. -->","yoast_head_json":{"title":"Pribor i njega | b!dizajn","description":"U b!designu tako\u0111er mo\u017eete prona\u0107i odgovaraju\u0107e proizvode za \u010di\u0161\u0107enje i njegu va\u0161eg novog poda. Sada otkrijte na\u0161 izbor visokokvalitetnih dodataka!","robots":{"index":"index","follow":"follow","max-snippet":"max-snippet:-1","max-image-preview":"max-image-preview:large","max-video-preview":"max-video-preview:-1"},"canonical":"https:\/\/www.bdesign-floors.com\/hr\/pribor-i-njega\/","og_locale":"hr_HR","og_type":"article","og_title":"Pribor i njega | b!dizajn","og_description":"U b!designu tako\u0111er mo\u017eete prona\u0107i odgovaraju\u0107e proizvode za \u010di\u0161\u0107enje i njegu va\u0161eg novog poda. Sada otkrijte na\u0161 izbor visokokvalitetnih dodataka!","og_url":"https:\/\/www.bdesign-floors.com\/hr\/pribor-i-njega\/","og_site_name":"b!design","article_modified_time":"2022-09-13T14:52:13+00:00","twitter_card":"summary_large_image","schema":{"@context":"https:\/\/schema.org","@graph":[{"@type":"WebPage","@id":"https:\/\/www.bdesign-floors.com\/hr\/pribor-i-njega\/","url":"https:\/\/www.bdesign-floors.com\/hr\/pribor-i-njega\/","name":"Pribor i njega | b!dizajn","isPartOf":{"@id":"https:\/\/bdesign.wp.factory.blim-dev.com\/#website"},"datePublished":"2022-09-12T14:23:46+00:00","dateModified":"2022-09-13T14:52:13+00:00","description":"U b!designu tako\u0111er mo\u017eete prona\u0107i odgovaraju\u0107e proizvode za \u010di\u0161\u0107enje i njegu va\u0161eg novog poda. Sada otkrijte na\u0161 izbor visokokvalitetnih dodataka!","breadcrumb":{"@id":"https:\/\/www.bdesign-floors.com\/hr\/pribor-i-njega\/#breadcrumb"},"inLanguage":"hr","potentialAction":[{"@type":"ReadAction","target":["https:\/\/www.bdesign-floors.com\/hr\/pribor-i-njega\/"]}]},{"@type":"BreadcrumbList","@id":"https:\/\/www.bdesign-floors.com\/hr\/pribor-i-njega\/#breadcrumb","itemListElement":[{"@type":"ListItem","position":1,"name":"Home","item":"https:\/\/www.bdesign-floors.com\/hr\/"},{"@type":"ListItem","position":2,"name":"Pribor i njega"}]},{"@type":"WebSite","@id":"https:\/\/bdesign.wp.factory.blim-dev.com\/#website","url":"https:\/\/bdesign.wp.factory.blim-dev.com\/","name":"b!design","description":"Just another WordPress site","potentialAction":[{"@type":"SearchAction","target":{"@type":"EntryPoint","urlTemplate":"https:\/\/bdesign.wp.factory.blim-dev.com\/?s={search_term_string}"},"query-input":{"@type":"PropertyValueSpecification","valueRequired":true,"valueName":"search_term_string"}}],"inLanguage":"hr"}]}},"_links":{"self":[{"href":"https:\/\/www.bdesign-floors.com\/hr\/wp-json\/wp\/v2\/pages\/13423","targetHints":{"allow":["GET"]}}],"collection":[{"href":"https:\/\/www.bdesign-floors.com\/hr\/wp-json\/wp\/v2\/pages"}],"about":[{"href":"https:\/\/www.bdesign-floors.com\/hr\/wp-json\/wp\/v2\/types\/page"}],"author":[{"embeddable":true,"href":"https:\/\/www.bdesign-floors.com\/hr\/wp-json\/wp\/v2\/users\/8"}],"replies":[{"embeddable":true,"href":"https:\/\/www.bdesign-floors.com\/hr\/wp-json\/wp\/v2\/comments?post=13423"}],"version-history":[{"count":3,"href":"https:\/\/www.bdesign-floors.com\/hr\/wp-json\/wp\/v2\/pages\/13423\/revisions"}],"predecessor-version":[{"id":15605,"href":"https:\/\/www.bdesign-floors.com\/hr\/wp-json\/wp\/v2\/pages\/13423\/revisions\/15605"}],"wp:attachment":[{"href":"https:\/\/www.bdesign-floors.com\/hr\/wp-json\/wp\/v2\/media?parent=13423"}],"curies":[{"name":"wp","href":"https:\/\/api.w.org\/{rel}","templated":true}]}}