{"id":13535,"date":"2022-09-12T16:29:11","date_gmt":"2022-09-12T14:29:11","guid":{"rendered":"https:\/\/www.bdesign-floors.com\/gdje-kupiti\/"},"modified":"2022-09-21T13:11:32","modified_gmt":"2022-09-21T11:11:32","slug":"gdje-kupiti","status":"publish","type":"page","link":"https:\/\/www.bdesign-floors.com\/hr\/gdje-kupiti\/","title":{"rendered":"Gdje kupiti"},"content":{"rendered":"<div id=\"bdesign2022_pageheader_block_62eb97d8ed6a9\" class=\"bdesign2022_block bdesign2022_block--bdesign2022_pageheader\">\n    <div class=\"bdesign2022_block--wrapper\">\n                                    <div class=\"bdesign2022_ph-wrap is-single\">\n                    <div class=\"bdesign2022_ph-slide slidestyle-is-black orig-is-crno active\">\n                        <div class=\"slide-image\">\n                            <img decoding=\"async\" class=\"img-fluid logo\" src=\"https:\/\/www.bdesign-floors.com\/wp-content\/uploads\/2022\/08\/wo-kaufen-designboden-b-design.jpg\" srcset=\"https:\/\/www.bdesign-floors.com\/wp-content\/uploads\/2022\/08\/wo-kaufen-designboden-b-design.jpg 1110w, https:\/\/www.bdesign-floors.com\/wp-content\/uploads\/2022\/08\/wo-kaufen-designboden-b-design-768x521.jpg 768w, https:\/\/www.bdesign-floors.com\/wp-content\/uploads\/2022\/08\/wo-kaufen-designboden-b-design-442x300.jpg 442w\">                        <\/div>\n                        <div class=\"slide-area\">\n                            <div class=\"slide-area-wrapper\">\n                                <h1>b!design<br>gdje kupiti<\/h1>\n                                <h6>Potra\u017eite specijalizirani centar BAUHAUS-a u svom podru\u010dju ili naru\u010dite podne obloge koje \u017eelite izravno u BAUHAUS online trgovini.<\/h6>\n                                                                                            <\/div>\n                            <div class=\"slide-image-mobile d-md-none\">\n                                <img decoding=\"async\" class=\"img-fluid logo\" src=\"https:\/\/www.bdesign-floors.com\/wp-content\/uploads\/2022\/08\/wo-kaufen-designboden-b-design.jpg\" srcset=\"https:\/\/www.bdesign-floors.com\/wp-content\/uploads\/2022\/08\/wo-kaufen-designboden-b-design.jpg 1110w, https:\/\/www.bdesign-floors.com\/wp-content\/uploads\/2022\/08\/wo-kaufen-designboden-b-design-768x521.jpg 768w, https:\/\/www.bdesign-floors.com\/wp-content\/uploads\/2022\/08\/wo-kaufen-designboden-b-design-442x300.jpg 442w\">                            <\/div>\n                        <\/div>\n                    <\/div>\n                <\/div>\n                        <\/div>\n<\/div>\n<div id=\"bdesign2022_headline_block_62eb9882ed6aa\" class=\"bdesign2022_block bdesign2022_block--bdesign2022_headline\">\n    <div class=\"bdesign2022_block--wrapper\">\n        <div class=\"container my-4\">\n            \n                                    <h5 class=\"h5 po\u010detak teksta mt-5 mb-3\">Gdje kupiti<\/h5>\n                                                    <h2 class=\"h1 po\u010detak teksta mt-2 mb-4\">b!design design vinilni podovi<br>dostupni su isklju\u010divo u BAUHAUSU.<\/h2>\n                                \n                        <\/div>\n    <\/div>\n<\/div>\n<div id=\"bdesign2022_2columntext_block_62eb98a2ed6ab\" class=\"bdesign2022_block bdesign2022_block--bdesign2022_2columntext\">\n    <div class=\"bdesign2022_block--wrapper\">\n        <div class=\"container my-4\">\n            <div class=\"row align-items-start\">\n                <div class=\"col-12 col-xxl-4 offset-0 offset-xxl-2 my-3\">\n                    <p>Jeste li se zaljubili u jedan od na\u0161ih dizajnerskih podova i sada \u017eelite znati koji je najbolji na\u010din da ovaj pod unesete u svoj dom? Ovdje ste! Brend b!design ekskluzivno vam je dostupan u BAUHAUSU. Za vas to zna\u010di: Prona\u0111ite BAUHAUS specijalizirani centar u va\u0161em podru\u010dju i osigurajte svoj pod iz snova.<\/p>\n                <\/div>\n                <div class=\"c0l-12 col-xxl-4 xxl-3 my-3\">\n                    <p>Ili: posjetite BAUHAUS online shop, prona\u0111ite svoj pod iz snova i povoljno ga dostavite na ku\u0107nu adresu. Nije va\u017eno kupujete li radije lokalno ili ste vi\u0161e online kupac &#8211; va\u0161 novi b!design vinilni pod ve\u0107 vas \u010deka!<\/p>\n                <\/div>\n            <\/div>\n        <\/div>\n    <\/div>\n<\/div>\n<div id=\"bdesign2022_imagetext_block_62eb98bded6ac\" class=\"bdesign2022_block bdesign2022_block--bdesign2022_imagetext\">\n    <div class=\"bdesign2022_block--wrapper\">\n        <div class=\"container\">\n            <div class=\"row align-items-center align-items-xxl-start align-items-xxxl-center\">\n                <div class=\"d-block d-md-block col-md-7 col-xl-4 col-xxl-5 col-xxxl-7 col-type-is-image col-count-is-1\"><img decoding=\"async\" class=\"img-fluid col-img\" src=\"https:\/\/www.bdesign-floors.com\/wp-content\/uploads\/2022\/08\/wo-kaufen-fachzentrum-b-design.jpg\" srcset=\"https:\/\/www.bdesign-floors.com\/wp-content\/uploads\/2022\/08\/wo-kaufen-fachzentrum-b-design.jpg 1110w, https:\/\/www.bdesign-floors.com\/wp-content\/uploads\/2022\/08\/wo-kaufen-fachzentrum-b-design-768x510.jpg 768w, https:\/\/www.bdesign-floors.com\/wp-content\/uploads\/2022\/08\/wo-kaufen-fachzentrum-b-design-452x300.jpg 452w\"><\/div><div class=\"col-12 col-xl-7 col-xxl-6 col-xxxl-4 col-type-is-imagetext col-count-is-2\"><h3>Direktno u specijalisti\u010dkom centru BAUHAUS<\/h3><p>S vi\u0161e od 150 BAUHAUS specijaliziranih centara diljem Njema\u010dke, sigurno \u0107ete prona\u0107i jedan u svojoj blizini. Do\u017eivite svoj novi pod na licu mjesta, u\u017eivajte u prednosti saznanja kako se sada osje\u0107ate i dobiti osobni savjet.<\/p>\n<a class=\"btn btn-bdesign2022 btn-pagelink\" href=\"https:\/\/www.bauhaus.info\/fachcentren\/fachcentrensuche\" target=\"_prazan\">Pretraga specijalisti\u010dkog centra<\/a><\/div>            <\/div>\n        <\/div>\n    <\/div>\n<\/div>\n<div id=\"bdesign2022_imagetext_block_62eb98eaed6af\" class=\"bdesign2022_block bdesign2022_block--bdesign2022_imagetext\">\n    <div class=\"bdesign2022_block--wrapper\">\n        <div class=\"container\">\n            <div class=\"row align-items-center align-items-xxl-start align-items-xxxl-center\">\n                <div class=\"col-12 col-xl-7 col-xxl-6 col-xxxl-4 col-type-is-imagetext col-count-is-1\"><h3>b!design u BAUHAUS online shopu<\/h3><p>Radije kupujete online? Tako\u0111er nema problema! Na\u0161i podovi dostupni su u Bauhaus online trgovini. Jednostavno odaberite svoje favorite i naru\u010dite sve udobno kod ku\u0107e. Savjet: s na\u0161im prostornim planerom mo\u017eete unaprijed vidjeti kako \u0107e izgledati va\u0161 novi pod u va\u0161em domu.<\/p>\n<a class=\"btn btn-bdesign2022 btn-pagelink\" href=\"https:\/\/www.bauhaus.info\/vinylboden\/c\/10000479?q=%3Arelevance%3Abrands%3Ab!design\" target=\"_prazan\">U Online trgovinu<\/a><\/div><div class=\"d-block d-md-block col-md-7 col-xl-4 col-xxl-5 col-xxxl-7 col-type-is-image col-count-is-2\"><img decoding=\"async\" class=\"img-fluid col-img\" src=\"https:\/\/www.bdesign-floors.com\/wp-content\/uploads\/2022\/08\/wo-kaufen-online-shop-b-design.jpg\" srcset=\"https:\/\/www.bdesign-floors.com\/wp-content\/uploads\/2022\/08\/wo-kaufen-online-shop-b-design.jpg 1110w, https:\/\/www.bdesign-floors.com\/wp-content\/uploads\/2022\/08\/wo-kaufen-online-shop-b-design-768x510.jpg 768w, https:\/\/www.bdesign-floors.com\/wp-content\/uploads\/2022\/08\/wo-kaufen-online-shop-b-design-452x300.jpg 452w\"><\/div>            <\/div>\n        <\/div>\n    <\/div>\n<\/div>\n<div id=\"bdesign2022_spacer_block_62eb9a2fb9748\" class=\"bdesign2022_block bdesign2022_block--bdesign2022_spacer\">\n    <div class=\"bdesign2022_block--wrapper\">\n        <div class=\"spacer\" style=\"height: 50px\"><\/div>\n    <\/div>\n<\/div>\n","protected":false},"excerpt":{"rendered":"","protected":false},"author":8,"featured_media":0,"parent":0,"menu_order":5,"comment_status":"closed","ping_status":"closed","template":"","meta":{"_acf_changed":false,"footnotes":""},"class_list":["post-13535","page","type-page","status-publish","hentry"],"acf":[],"yoast_head":"<!-- This site is optimized with the Yoast SEO plugin v24.2 - https:\/\/yoast.com\/wordpress\/plugins\/seo\/ -->\n<title>Gdje kupiti | b!dizajn<\/title>\n<meta name=\"description\" content=\"\u017delite li znati gdje mo\u017eete kupiti b!design design vinilne podove? Ovdje \u0107ete prona\u0107i sve informacije \u2013 kako za stacionarnu tako i za online kupnju.\" \/>\n<meta name=\"robots\" content=\"index, follow, max-snippet:-1, max-image-preview:large, max-video-preview:-1\" \/>\n<link rel=\"canonical\" href=\"https:\/\/www.bdesign-floors.com\/hr\/gdje-kupiti\/\" \/>\n<meta property=\"og:locale\" content=\"hr_HR\" \/>\n<meta property=\"og:type\" content=\"article\" \/>\n<meta property=\"og:title\" content=\"Gdje kupiti | b!dizajn\" \/>\n<meta property=\"og:description\" content=\"\u017delite li znati gdje mo\u017eete kupiti b!design design vinilne podove? Ovdje \u0107ete prona\u0107i sve informacije \u2013 kako za stacionarnu tako i za online kupnju.\" \/>\n<meta property=\"og:url\" content=\"https:\/\/www.bdesign-floors.com\/hr\/gdje-kupiti\/\" \/>\n<meta property=\"og:site_name\" content=\"b!design\" \/>\n<meta property=\"article:modified_time\" content=\"2022-09-21T11:11:32+00:00\" \/>\n<meta name=\"twitter:card\" content=\"summary_large_image\" \/>\n<script type=\"application\/ld+json\" class=\"yoast-schema-graph\">{\"@context\":\"https:\/\/schema.org\",\"@graph\":[{\"@type\":\"WebPage\",\"@id\":\"https:\/\/www.bdesign-floors.com\/hr\/gdje-kupiti\/\",\"url\":\"https:\/\/www.bdesign-floors.com\/hr\/gdje-kupiti\/\",\"name\":\"Gdje kupiti | b!dizajn\",\"isPartOf\":{\"@id\":\"https:\/\/bdesign.wp.factory.blim-dev.com\/#website\"},\"datePublished\":\"2022-09-12T14:29:11+00:00\",\"dateModified\":\"2022-09-21T11:11:32+00:00\",\"description\":\"\u017delite li znati gdje mo\u017eete kupiti b!design design vinilne podove? Ovdje \u0107ete prona\u0107i sve informacije \u2013 kako za stacionarnu tako i za online kupnju.\",\"breadcrumb\":{\"@id\":\"https:\/\/www.bdesign-floors.com\/hr\/gdje-kupiti\/#breadcrumb\"},\"inLanguage\":\"hr\",\"potentialAction\":[{\"@type\":\"ReadAction\",\"target\":[\"https:\/\/www.bdesign-floors.com\/hr\/gdje-kupiti\/\"]}]},{\"@type\":\"BreadcrumbList\",\"@id\":\"https:\/\/www.bdesign-floors.com\/hr\/gdje-kupiti\/#breadcrumb\",\"itemListElement\":[{\"@type\":\"ListItem\",\"position\":1,\"name\":\"Home\",\"item\":\"https:\/\/www.bdesign-floors.com\/hr\/\"},{\"@type\":\"ListItem\",\"position\":2,\"name\":\"Gdje kupiti\"}]},{\"@type\":\"WebSite\",\"@id\":\"https:\/\/bdesign.wp.factory.blim-dev.com\/#website\",\"url\":\"https:\/\/bdesign.wp.factory.blim-dev.com\/\",\"name\":\"b!design\",\"description\":\"Just another WordPress site\",\"potentialAction\":[{\"@type\":\"SearchAction\",\"target\":{\"@type\":\"EntryPoint\",\"urlTemplate\":\"https:\/\/bdesign.wp.factory.blim-dev.com\/?s={search_term_string}\"},\"query-input\":{\"@type\":\"PropertyValueSpecification\",\"valueRequired\":true,\"valueName\":\"search_term_string\"}}],\"inLanguage\":\"hr\"}]}<\/script>\n<!-- \/ Yoast SEO plugin. -->","yoast_head_json":{"title":"Gdje kupiti | b!dizajn","description":"\u017delite li znati gdje mo\u017eete kupiti b!design design vinilne podove? Ovdje \u0107ete prona\u0107i sve informacije \u2013 kako za stacionarnu tako i za online kupnju.","robots":{"index":"index","follow":"follow","max-snippet":"max-snippet:-1","max-image-preview":"max-image-preview:large","max-video-preview":"max-video-preview:-1"},"canonical":"https:\/\/www.bdesign-floors.com\/hr\/gdje-kupiti\/","og_locale":"hr_HR","og_type":"article","og_title":"Gdje kupiti | b!dizajn","og_description":"\u017delite li znati gdje mo\u017eete kupiti b!design design vinilne podove? Ovdje \u0107ete prona\u0107i sve informacije \u2013 kako za stacionarnu tako i za online kupnju.","og_url":"https:\/\/www.bdesign-floors.com\/hr\/gdje-kupiti\/","og_site_name":"b!design","article_modified_time":"2022-09-21T11:11:32+00:00","twitter_card":"summary_large_image","schema":{"@context":"https:\/\/schema.org","@graph":[{"@type":"WebPage","@id":"https:\/\/www.bdesign-floors.com\/hr\/gdje-kupiti\/","url":"https:\/\/www.bdesign-floors.com\/hr\/gdje-kupiti\/","name":"Gdje kupiti | b!dizajn","isPartOf":{"@id":"https:\/\/bdesign.wp.factory.blim-dev.com\/#website"},"datePublished":"2022-09-12T14:29:11+00:00","dateModified":"2022-09-21T11:11:32+00:00","description":"\u017delite li znati gdje mo\u017eete kupiti b!design design vinilne podove? Ovdje \u0107ete prona\u0107i sve informacije \u2013 kako za stacionarnu tako i za online kupnju.","breadcrumb":{"@id":"https:\/\/www.bdesign-floors.com\/hr\/gdje-kupiti\/#breadcrumb"},"inLanguage":"hr","potentialAction":[{"@type":"ReadAction","target":["https:\/\/www.bdesign-floors.com\/hr\/gdje-kupiti\/"]}]},{"@type":"BreadcrumbList","@id":"https:\/\/www.bdesign-floors.com\/hr\/gdje-kupiti\/#breadcrumb","itemListElement":[{"@type":"ListItem","position":1,"name":"Home","item":"https:\/\/www.bdesign-floors.com\/hr\/"},{"@type":"ListItem","position":2,"name":"Gdje kupiti"}]},{"@type":"WebSite","@id":"https:\/\/bdesign.wp.factory.blim-dev.com\/#website","url":"https:\/\/bdesign.wp.factory.blim-dev.com\/","name":"b!design","description":"Just another WordPress site","potentialAction":[{"@type":"SearchAction","target":{"@type":"EntryPoint","urlTemplate":"https:\/\/bdesign.wp.factory.blim-dev.com\/?s={search_term_string}"},"query-input":{"@type":"PropertyValueSpecification","valueRequired":true,"valueName":"search_term_string"}}],"inLanguage":"hr"}]}},"_links":{"self":[{"href":"https:\/\/www.bdesign-floors.com\/hr\/wp-json\/wp\/v2\/pages\/13535","targetHints":{"allow":["GET"]}}],"collection":[{"href":"https:\/\/www.bdesign-floors.com\/hr\/wp-json\/wp\/v2\/pages"}],"about":[{"href":"https:\/\/www.bdesign-floors.com\/hr\/wp-json\/wp\/v2\/types\/page"}],"author":[{"embeddable":true,"href":"https:\/\/www.bdesign-floors.com\/hr\/wp-json\/wp\/v2\/users\/8"}],"replies":[{"embeddable":true,"href":"https:\/\/www.bdesign-floors.com\/hr\/wp-json\/wp\/v2\/comments?post=13535"}],"version-history":[{"count":3,"href":"https:\/\/www.bdesign-floors.com\/hr\/wp-json\/wp\/v2\/pages\/13535\/revisions"}],"predecessor-version":[{"id":16401,"href":"https:\/\/www.bdesign-floors.com\/hr\/wp-json\/wp\/v2\/pages\/13535\/revisions\/16401"}],"wp:attachment":[{"href":"https:\/\/www.bdesign-floors.com\/hr\/wp-json\/wp\/v2\/media?parent=13535"}],"curies":[{"name":"wp","href":"https:\/\/api.w.org\/{rel}","templated":true}]}}