{"id":13537,"date":"2022-09-12T16:29:12","date_gmt":"2022-09-12T14:29:12","guid":{"rendered":"https:\/\/www.bdesign-floors.com\/inspiracija\/planer-prostorija\/"},"modified":"2022-09-12T16:29:12","modified_gmt":"2022-09-12T14:29:12","slug":"planer-prostorija","status":"publish","type":"page","link":"https:\/\/www.bdesign-floors.com\/hr\/inspiracija\/planer-prostorija\/","title":{"rendered":"planer prostorija"},"content":{"rendered":"<div id=\"bdesign2022_pageheader_block_62dfd623856fa\" class=\"bdesign2022_block bdesign2022_block--bdesign2022_pageheader\">\n    <div class=\"bdesign2022_block--wrapper\">\n                                    <div class=\"bdesign2022_ph-wrap is-single\">\n                    <div class=\"bdesign2022_ph-slide slidestyle-is-black orig-is-crno active\">\n                        <div class=\"slide-image\">\n                            <img decoding=\"async\" class=\"img-fluid logo\" src=\"https:\/\/www.bdesign-floors.com\/wp-content\/uploads\/2022\/08\/LVT-designboden-b-design.jpg\" srcset=\"https:\/\/www.bdesign-floors.com\/wp-content\/uploads\/2022\/08\/LVT-designboden-b-design.jpg 1110w, https:\/\/www.bdesign-floors.com\/wp-content\/uploads\/2022\/08\/LVT-designboden-b-design-768x521.jpg 768w, https:\/\/www.bdesign-floors.com\/wp-content\/uploads\/2022\/08\/LVT-designboden-b-design-442x300.jpg 442w\">                        <\/div>\n                        <div class=\"slide-area\">\n                            <div class=\"slide-area-wrapper\">\n                                <h1>Prakti\u010dni b!design prostorni planer<\/h1>\n                                <h6>S na\u0161im prostornim planerom mo\u017eete jednostavno vidjeti kako \u0107e va\u0161 pod iz snova izgledati u va\u0161em domu &#8211; \u010dak i prije nego \u0161to ga kupite.<\/h6>\n                                                                                            <\/div>\n                            <div class=\"slide-image-mobile d-md-none\">\n                                <img decoding=\"async\" class=\"img-fluid logo\" src=\"https:\/\/www.bdesign-floors.com\/wp-content\/uploads\/2022\/08\/LVT-designboden-b-design.jpg\" srcset=\"https:\/\/www.bdesign-floors.com\/wp-content\/uploads\/2022\/08\/LVT-designboden-b-design.jpg 1110w, https:\/\/www.bdesign-floors.com\/wp-content\/uploads\/2022\/08\/LVT-designboden-b-design-768x521.jpg 768w, https:\/\/www.bdesign-floors.com\/wp-content\/uploads\/2022\/08\/LVT-designboden-b-design-442x300.jpg 442w\">                            <\/div>\n                        <\/div>\n                    <\/div>\n                <\/div>\n                        <\/div>\n<\/div>\n","protected":false},"excerpt":{"rendered":"","protected":false},"author":8,"featured_media":0,"parent":13534,"menu_order":1,"comment_status":"closed","ping_status":"closed","template":"","meta":{"_acf_changed":false,"footnotes":""},"class_list":["post-13537","page","type-page","status-publish","hentry"],"acf":[],"yoast_head":"<!-- This site is optimized with the Yoast SEO plugin v24.2 - https:\/\/yoast.com\/wordpress\/plugins\/seo\/ -->\n<title>planer prostorija | b!dizajn<\/title>\n<meta name=\"description\" content=\"Dizajnirajte svoju sobu s b!design online planerom prostorija za podne obloge i testirajte razli\u010dite podove u njihovom prostornom u\u010dinku.\" \/>\n<meta name=\"robots\" content=\"index, follow, max-snippet:-1, max-image-preview:large, max-video-preview:-1\" \/>\n<link rel=\"canonical\" href=\"https:\/\/www.bdesign-floors.com\/hr\/inspiracija\/planer-prostorija\/\" \/>\n<meta property=\"og:locale\" content=\"hr_HR\" \/>\n<meta property=\"og:type\" content=\"article\" \/>\n<meta property=\"og:title\" content=\"planer prostorija | b!dizajn\" \/>\n<meta property=\"og:description\" content=\"Dizajnirajte svoju sobu s b!design online planerom prostorija za podne obloge i testirajte razli\u010dite podove u njihovom prostornom u\u010dinku.\" \/>\n<meta property=\"og:url\" content=\"https:\/\/www.bdesign-floors.com\/hr\/inspiracija\/planer-prostorija\/\" \/>\n<meta property=\"og:site_name\" content=\"b!design\" \/>\n<meta name=\"twitter:card\" content=\"summary_large_image\" \/>\n<script type=\"application\/ld+json\" class=\"yoast-schema-graph\">{\"@context\":\"https:\/\/schema.org\",\"@graph\":[{\"@type\":\"WebPage\",\"@id\":\"https:\/\/www.bdesign-floors.com\/hr\/inspiracija\/planer-prostorija\/\",\"url\":\"https:\/\/www.bdesign-floors.com\/hr\/inspiracija\/planer-prostorija\/\",\"name\":\"planer prostorija | b!dizajn\",\"isPartOf\":{\"@id\":\"https:\/\/bdesign.wp.factory.blim-dev.com\/#website\"},\"datePublished\":\"2022-09-12T14:29:12+00:00\",\"dateModified\":\"2022-09-12T14:29:12+00:00\",\"description\":\"Dizajnirajte svoju sobu s b!design online planerom prostorija za podne obloge i testirajte razli\u010dite podove u njihovom prostornom u\u010dinku.\",\"breadcrumb\":{\"@id\":\"https:\/\/www.bdesign-floors.com\/hr\/inspiracija\/planer-prostorija\/#breadcrumb\"},\"inLanguage\":\"hr\",\"potentialAction\":[{\"@type\":\"ReadAction\",\"target\":[\"https:\/\/www.bdesign-floors.com\/hr\/inspiracija\/planer-prostorija\/\"]}]},{\"@type\":\"BreadcrumbList\",\"@id\":\"https:\/\/www.bdesign-floors.com\/hr\/inspiracija\/planer-prostorija\/#breadcrumb\",\"itemListElement\":[{\"@type\":\"ListItem\",\"position\":1,\"name\":\"Home\",\"item\":\"https:\/\/www.bdesign-floors.com\/hr\/\"},{\"@type\":\"ListItem\",\"position\":2,\"name\":\"inspiracija\",\"item\":\"https:\/\/bdesign.wp.factory.blim-dev.com\/inspiracija\/\"},{\"@type\":\"ListItem\",\"position\":3,\"name\":\"planer prostorija\"}]},{\"@type\":\"WebSite\",\"@id\":\"https:\/\/bdesign.wp.factory.blim-dev.com\/#website\",\"url\":\"https:\/\/bdesign.wp.factory.blim-dev.com\/\",\"name\":\"b!design\",\"description\":\"Just another WordPress site\",\"potentialAction\":[{\"@type\":\"SearchAction\",\"target\":{\"@type\":\"EntryPoint\",\"urlTemplate\":\"https:\/\/bdesign.wp.factory.blim-dev.com\/?s={search_term_string}\"},\"query-input\":{\"@type\":\"PropertyValueSpecification\",\"valueRequired\":true,\"valueName\":\"search_term_string\"}}],\"inLanguage\":\"hr\"}]}<\/script>\n<!-- \/ Yoast SEO plugin. -->","yoast_head_json":{"title":"planer prostorija | b!dizajn","description":"Dizajnirajte svoju sobu s b!design online planerom prostorija za podne obloge i testirajte razli\u010dite podove u njihovom prostornom u\u010dinku.","robots":{"index":"index","follow":"follow","max-snippet":"max-snippet:-1","max-image-preview":"max-image-preview:large","max-video-preview":"max-video-preview:-1"},"canonical":"https:\/\/www.bdesign-floors.com\/hr\/inspiracija\/planer-prostorija\/","og_locale":"hr_HR","og_type":"article","og_title":"planer prostorija | b!dizajn","og_description":"Dizajnirajte svoju sobu s b!design online planerom prostorija za podne obloge i testirajte razli\u010dite podove u njihovom prostornom u\u010dinku.","og_url":"https:\/\/www.bdesign-floors.com\/hr\/inspiracija\/planer-prostorija\/","og_site_name":"b!design","twitter_card":"summary_large_image","schema":{"@context":"https:\/\/schema.org","@graph":[{"@type":"WebPage","@id":"https:\/\/www.bdesign-floors.com\/hr\/inspiracija\/planer-prostorija\/","url":"https:\/\/www.bdesign-floors.com\/hr\/inspiracija\/planer-prostorija\/","name":"planer prostorija | b!dizajn","isPartOf":{"@id":"https:\/\/bdesign.wp.factory.blim-dev.com\/#website"},"datePublished":"2022-09-12T14:29:12+00:00","dateModified":"2022-09-12T14:29:12+00:00","description":"Dizajnirajte svoju sobu s b!design online planerom prostorija za podne obloge i testirajte razli\u010dite podove u njihovom prostornom u\u010dinku.","breadcrumb":{"@id":"https:\/\/www.bdesign-floors.com\/hr\/inspiracija\/planer-prostorija\/#breadcrumb"},"inLanguage":"hr","potentialAction":[{"@type":"ReadAction","target":["https:\/\/www.bdesign-floors.com\/hr\/inspiracija\/planer-prostorija\/"]}]},{"@type":"BreadcrumbList","@id":"https:\/\/www.bdesign-floors.com\/hr\/inspiracija\/planer-prostorija\/#breadcrumb","itemListElement":[{"@type":"ListItem","position":1,"name":"Home","item":"https:\/\/www.bdesign-floors.com\/hr\/"},{"@type":"ListItem","position":2,"name":"inspiracija","item":"https:\/\/bdesign.wp.factory.blim-dev.com\/inspiracija\/"},{"@type":"ListItem","position":3,"name":"planer prostorija"}]},{"@type":"WebSite","@id":"https:\/\/bdesign.wp.factory.blim-dev.com\/#website","url":"https:\/\/bdesign.wp.factory.blim-dev.com\/","name":"b!design","description":"Just another WordPress site","potentialAction":[{"@type":"SearchAction","target":{"@type":"EntryPoint","urlTemplate":"https:\/\/bdesign.wp.factory.blim-dev.com\/?s={search_term_string}"},"query-input":{"@type":"PropertyValueSpecification","valueRequired":true,"valueName":"search_term_string"}}],"inLanguage":"hr"}]}},"_links":{"self":[{"href":"https:\/\/www.bdesign-floors.com\/hr\/wp-json\/wp\/v2\/pages\/13537","targetHints":{"allow":["GET"]}}],"collection":[{"href":"https:\/\/www.bdesign-floors.com\/hr\/wp-json\/wp\/v2\/pages"}],"about":[{"href":"https:\/\/www.bdesign-floors.com\/hr\/wp-json\/wp\/v2\/types\/page"}],"author":[{"embeddable":true,"href":"https:\/\/www.bdesign-floors.com\/hr\/wp-json\/wp\/v2\/users\/8"}],"replies":[{"embeddable":true,"href":"https:\/\/www.bdesign-floors.com\/hr\/wp-json\/wp\/v2\/comments?post=13537"}],"version-history":[{"count":1,"href":"https:\/\/www.bdesign-floors.com\/hr\/wp-json\/wp\/v2\/pages\/13537\/revisions"}],"predecessor-version":[{"id":13540,"href":"https:\/\/www.bdesign-floors.com\/hr\/wp-json\/wp\/v2\/pages\/13537\/revisions\/13540"}],"up":[{"embeddable":true,"href":"https:\/\/www.bdesign-floors.com\/hr\/wp-json\/wp\/v2\/pages\/13534"}],"wp:attachment":[{"href":"https:\/\/www.bdesign-floors.com\/hr\/wp-json\/wp\/v2\/media?parent=13537"}],"curies":[{"name":"wp","href":"https:\/\/api.w.org\/{rel}","templated":true}]}}