{"id":13570,"date":"2022-09-12T16:31:54","date_gmt":"2022-09-12T14:31:54","guid":{"rendered":"https:\/\/www.bdesign-floors.com\/o-nama\/privatnost\/"},"modified":"2022-10-17T10:49:32","modified_gmt":"2022-10-17T08:49:32","slug":"privatnost","status":"publish","type":"page","link":"https:\/\/www.bdesign-floors.com\/hr\/o-nama\/privatnost\/","title":{"rendered":"privatnost"},"content":{"rendered":"<div id=\"bdesign2022_spacer_block_63061d222b814\" class=\"bdesign2022_block bdesign2022_block--bdesign2022_spacer\">\n    <div class=\"bdesign2022_block--wrapper\">\n        <div class=\"spacer\" style=\"height: 100px\"><\/div>\n    <\/div>\n<\/div>\n<div id=\"bdesign2022_customcontent_block_63061cc72b813\" class=\"bdesign2022_block bdesign2022_block--bdesign2022_customcontent\">\n    <div class=\"bdesign2022_block--wrapper\">\n        <div class=\"container\">\n            <div class=\"row\">\n                \n                    <div class=\"col-0 col-sm-2\"><\/div>\n                    <div class=\"col-12 col-sm-10 my-4\">\n                        <h1>Za\u0161tita podataka<\/h1>\n<p>Va\u0161a privatnost nam je va\u017ena. Trebali biste se osje\u0107ati sigurno s nama. Stoga mi i na\u0161 slu\u017ebenik za za\u0161titu podataka osiguravamo uskla\u0111enost s propisima o za\u0161titi podataka, posebno s Europskom op\u0107om uredbom o za\u0161titi podataka (GDPR) i Saveznim zakonom o za\u0161titi podataka (BDSG). U nastavku vas \u017eelimo obavijestiti o tome u koje se svrhe obra\u0111uju va\u0161i podaci i kako mo\u017eete ostvariti svoja prava. Izjavu o za\u0161titi podataka mo\u017eete pozvati u bilo kojem trenutku putem kartice &#8220;Za\u0161tita podataka&#8221; na dnu svake stranice.<\/p>\n<h4>Ime i kontakt podaci odgovorne osobe<\/h4>\n<p>B! Dizajn je ponuda BAUHAUS-a. Podr\u0161ku kupcima pru\u017eaju tvrtke BAUHAUS ( <a href=\"https:\/\/www.bauhaus.info\/gesellschaften\" target=\"_blank\" rel=\"noopener noreferrer\">https:\/\/www.bauhaus.info\/gesellschaft<\/a> ) na temelju ugovora o zajedni\u010dkoj odgovornosti tj. s.d. \u010dl.26 st. 1 re\u010denica 1 GDPR. Sredi\u0161nja to\u010dka kontakta za upite kupaca ili ispitanika o za\u0161titi podataka je<\/p>\n<p><strong>BAUHAUS AG<\/strong><br \/>\nPodru\u017enica u Mannheimu<br \/>\nGutenbergstrasse 21<br \/>\n68167 Mannheim<br \/>\nNjema\u010dka<br \/>\nTelefon: 0800 3905 000<br \/>\nE-po\u0161ta: <a href=\"mailto:datenschutz@bauhaus.info\">datenschutz@bauhaus.info<\/a> .<\/p>\n<p>BAUHAUS AG preuzima ispunjavanje prava nositelja podataka u skladu s GDPR (vidi dolje: prava ispitanika).<br \/>\nTvrtke BAUHAUS proslje\u0111uju sve upite kupaca i tre\u0107ih osoba u vezi sa za\u0161titom podataka BAUHAUS AG. Izravni upiti slu\u017ebeniku za za\u0161titu podataka ostaju nepromijenjeni. Bitni sadr\u017eaj sporazuma zajedni\u010dkih voditelja i. s.d. \u010dl.26 st. 1 S. 1 GDPR mo\u017eete prona\u0107i na: <a href=\"https:\/\/www.bauhaus.info\/gemeinsam_verantwortliche\" target=\"_blank\" rel=\"noopener noreferrer\">www.bauhaus.info\/gemeinsam_behinderte<\/a> .<\/p>\n<h4>Kontakt podaci slu\u017ebenika za za\u0161titu podataka<\/h4>\n<p>Ako vi, kao nositelj podataka, imate pitanja o tome kako se s va\u0161im podacima postupa u skladu sa zakonom o za\u0161titi podataka, imate dva na\u010dina postavljanja pitanja ili podno\u0161enja zahtjeva:<\/p>\n<ul>\n<li>Za op\u0107enite upite o za\u0161titi podataka i ostvarivanju prava nositelja podataka, kao \u0161to su B. zahtjev za informacijama, obratite se BAUHAUS za\u0161titi podataka na: datenschutz@bauhaus.info, navode\u0107i svoj zahtjev i svoju kontakt adresu; i<\/li>\n<li>Za posebne upite slobodno se u bilo kojem trenutku mo\u017eete izravno obratiti imenovanom slu\u017ebeniku za za\u0161titu podataka na: <a href=\"mailto:datenschutzbeauftragter@bauhaus.info.\">datenschutzbeauftragter@bauhaus.info.<\/a><\/li>\n<\/ul>\n<h4>Svrha i pravni temelj obrade podataka<\/h4>\n<h6>log datoteke poslu\u017eitelja<\/h6>\n<p>Kada posjetite web stranicu www.bdesign-vinyl.de, web poslu\u017eitelj to automatski bilje\u017ei u takozvane datoteke poslu\u017eitelja. Ovi podaci uklju\u010duju kori\u0161teni preglednik, operativni sustav i vrijeme pristupa. Ovi se podaci koriste samo u svrhu statisti\u010dke procjene i sigurnosnih razloga (npr. za razja\u0161njenje djela zlouporabe ili prijevare) i za rad web stranice. Pravna osnova za obradu podataka je \u010dl.6.st. 1 str. 1 lit. f) GDPR. Na\u0161 legitimni interes je rad, prezentacija i pobolj\u0161anje stabilnosti i funkcionalnosti na\u0161e web stranice.<\/p>\n<p>Va\u0161e dostavljanje gore navedenih osobnih podataka nije ni zakonski ni ugovorno potrebno. Me\u0111utim, bez obrade log datoteka poslu\u017eitelja ne mo\u017ee se jam\u010diti usluga i funkcionalnost na\u0161e web stranice. Osim toga, pojedina\u010dne usluge mo\u017eda ne\u0107e biti dostupne ili mogu biti ograni\u010dene.<\/p>\n<h6>Kori\u0161tenje kola\u010di\u0107a<\/h6>\n<p>Kada koristite na\u0161u web stranicu, kola\u010di\u0107i se spremaju na va\u0161e ra\u010dunalo. Kola\u010di\u0107i su male tekstualne datoteke koje su pohranjene na va\u0161em tvrdom disku, dodijeljene pregledniku koji koristite i kroz koje odre\u0111ene informacije teku do mjesta koje postavlja kola\u010di\u0107.<\/p>\n<p>Kola\u010di\u0107i ne mogu pokretati programe niti prenositi viruse na va\u0161e ra\u010dunalo. Oni slu\u017ee kako bi internetsku ponudu u\u010dinili korisnijom i op\u0107enito u\u010dinkovitijom. Kola\u010di\u0107i se koriste na ovoj web stranici, na primjer, kako bi mogli procijeniti pona\u0161anje posjetitelja na web stranici. Postavke preglednika mo\u017eete konfigurirati prema svojim \u017eeljama i npr. B. odbiti prihva\u0107anje kola\u010di\u0107a tre\u0107ih strana ili svih kola\u010di\u0107a. \u017deljeli bismo istaknuti da tada mo\u017eda ne\u0107ete mo\u0107i koristiti sve funkcije ove web stranice.<\/p>\n<h6>Google Analytics<\/h6>\n<p>Koristimo Google Analytics, uslugu web analitike koju pru\u017ea Google Ireland Limited, Gordon House, Barrow Street, Dublin 4, Irska (&#8220;Google&#8221;). Google koristi kola\u010di\u0107e. Podaci koje generira kola\u010di\u0107 o kori\u0161tenju online ponude od strane korisnika obi\u010dno se prenose na Google poslu\u017eitelj u SAD-u i tamo se pohranjuju.<\/p>\n<p>Google je certificiran prema Privacy Shieldu i stoga nudi jamstvo uskla\u0111enosti s europskim zakonom o za\u0161titi podataka ( <a href=\"https:\/\/www.privacyshield.gov\/participant?id=a2zt000000001L5AAI&amp;status=Active\" target=\"_blank\" rel=\"noopener noreferrer\">https:\/\/www.privacyshield.gov\/participant?id=a2zt000000001L5AAI&amp;status=Active<\/a> ).<\/p>\n<p>Google \u0107e koristiti ove informacije u na\u0161e ime za procjenu kori\u0161tenja na\u0161e online ponude od strane posjetitelja, za sastavljanje izvje\u0161\u0107a o aktivnostima unutar ove online ponude i za pru\u017eanje drugih usluga vezanih uz kori\u0161tenje ove online ponude i kori\u0161tenja interneta. Iz obra\u0111enih podataka mogu se izraditi pseudonimni korisni\u010dki profili. Obrada podataka odvija se na temelju va\u0161e privole u skladu s \u010dl.6.st. 1 str. 1 lit. a) GDPR. Svoj pristanak na ovo mo\u017eete opozvati u bilo kojem trenutku s u\u010dinkom za budu\u0107nost. U nastavku se nalazi opis opcija otkazivanja koje su vam dostupne.<\/p>\n<p>Koristimo samo Google Analytics s aktiviranom IP anonimizacijom. To zna\u010di da IP adresu korisnika skra\u0107uje Google unutar dr\u017eava \u010dlanica Europske unije ili u drugim dr\u017eavama ugovornicama Ugovora o Europskom gospodarskom prostoru. Samo u iznimnim slu\u010dajevima puna IP adresa bit \u0107e poslana Google poslu\u017eitelju u SAD-u i tamo skra\u0107ena.<\/p>\n<p>IP adresa koju prenosi korisni\u010dki preglednik ne spaja se s drugim Google podacima. Korisnici mogu sprije\u010diti pohranjivanje kola\u010di\u0107a odgovaraju\u0107im pode\u0161avanjem softvera preglednika; Osim toga, korisnici mogu sprije\u010diti prikupljanje podataka koje generira kola\u010di\u0107 i koji se odnose na njihovu upotrebu online ponude od strane Googlea i obradu tih podataka od strane Googlea preuzimanjem i instaliranjem dodatka za preglednik dostupnog na sljede\u0107oj poveznici: <a href=\"http:\/\/tools.google.com\/dlpage\/gaoptout?hl=de\" target=\"_blank\" rel=\"noopener noreferrer\">http:\/\/tools.google.com\/dlpage\/gaoptout?hl=de<\/a> .<\/p>\n<p>Vi\u0161e informacija o kori\u0161tenju podataka od strane Googlea, postavkama i mogu\u0107nostima prigovora mo\u017eete prona\u0107i u Googleovoj izjavi o za\u0161titi podataka ( <a href=\"https:\/\/policies.google.com\/technologies\/ads\" target=\"_blank\" rel=\"noopener noreferrer\">https:\/\/policies.google.com\/technologies\/ads<\/a> ) i u postavkama za Googleov prikaz oglasa ( <a href=\"https:\/\/adssettings.google.com\/authenticated\" target=\"_blank\" rel=\"noopener noreferrer\">https:\/ \/ adssettings.google.com\/authenticated<\/a> ).<\/p>\n<p>Kao alternativu dodatku pregledniku ili unutar preglednika na mobilnim ure\u0111ajima, kliknite ovu poveznicu kako biste sprije\u010dili budu\u0107e otkrivanje Google Analyticsa na ovoj web stranici:<\/p>\n<h6>Isklju\u010divanje analitike<\/h6>\n<p>Kola\u010di\u0107 za isklju\u010divanje pohranjen je na va\u0161em ure\u0111aju. Ako izbri\u0161ete svoje kola\u010di\u0107e, morate ponovo kliknuti ovu poveznicu.<br \/>\nDavanje gore navedenih osobnih podataka nije propisano niti zakonom niti ugovorom. Bez ovih podataka, me\u0111utim, nije mogu\u0107a analiza, optimizacija i ekonomi\u010dan rad na\u0161e online ponude.<\/p>\n<h6>Suglasnost za kola\u010di\u0107e s Borlabsovim kola\u010di\u0107ima<\/h6>\n<p>Na\u0161a web stranica koristi tehnologiju pristanka na kola\u010di\u0107e Borlabs Cookie za dobivanje va\u0161eg pristanka na pohranjivanje odre\u0111enih kola\u010di\u0107a u va\u0161em pregledniku i dokumentiranje toga u skladu s propisima o za\u0161titi podataka. Dobavlja\u010d ove tehnologije je Borlabs &#8211; Benjamin A. Bornschein, Georg-Wilhelm-Str. 17, 21107 Hamburg (u daljnjem tekstu Borlabs).<br \/>\nKada u\u0111ete na na\u0161u web stranicu, Borlabs kola\u010di\u0107 se pohranjuje u va\u0161 preglednik, koji pohranjuje privolu koju ste dali ili povla\u010denje te privole. Ovi se podaci ne proslje\u0111uju pru\u017eatelju Borlabsovih kola\u010di\u0107a.<br \/>\nPrikupljeni podaci pohranjuju se sve dok ne zatra\u017eite da ih izbri\u0161emo ili sami izbri\u0161ete Borlabs kola\u010di\u0107 ili vi\u0161e ne vrijedi svrha pohranjivanja podataka. Obvezna zakonska razdoblja \u010duvanja ostaju nepromijenjena. Pojedinosti o obradi podataka pomo\u0107u Borlabs Cookie mogu se prona\u0107i na <a href=\"https:\/\/de.borlabs.io\/kb\/welche-daten-speichert-borlabs-cookie\/\">https:\/\/de.borlabs.io\/kb\/which-data-stores-borlabs-cookie\/<\/a><br \/>\nBorlabsova tehnologija suglasnosti za kola\u010di\u0107e koristi se za dobivanje zakonski potrebne suglasnosti za kori\u0161tenje kola\u010di\u0107a. Pravna osnova za to je \u010dl.6.st. 1 str. 1 lit. c GDPR.<br \/>\n<span class=\"borlabs-cookie-open-dialog-preferences brlbs-cmpnt-container\" data-borlabs-cookie-title=\"Promijenite postavke kola\u010di\u0107a\" data-borlabs-cookie-type=\"button\" ><\/span><\/p>\n<h6>YouTube<\/h6>\n<p>Na\u0161a stranica koristi pru\u017eatelja usluga YouTube LLC, 901 Cherry Avenue, San Bruno, CA 94066, SAD, kojeg zastupa Google Inc., 1600 Amphitheatre Parkway, Mountain View, CA 94043, SAD za integraciju video zapisa. Obi\u010dno, kada pozovete stranicu s ugra\u0111enim videozapisima, va\u0161a se IP adresa \u0161alje YouTubeu, a kola\u010di\u0107i se instaliraju na va\u0161e ra\u010dunalo.<\/p>\n<p>Me\u0111utim, integrirali smo na\u0161e YouTube videozapise s pro\u0161irenim na\u010dinom za\u0161tite podataka (u ovom slu\u010daju YouTube i dalje kontaktira Googleovu uslugu DoubleClick, ali prema Googleovoj izjavi o za\u0161titi podataka osobni podaci se ne procjenjuju). Kao rezultat toga, YouTube vi\u0161e ne pohranjuje nikakve podatke o posjetiteljima osim ako pogledaju video. Ako kliknete na video, va\u0161a IP adresa \u0107e biti poslana na YouTube i YouTube \u0107e znati da ste pogledali video. Ako ste prijavljeni na YouTube, ove informacije tako\u0111er \u0107e biti dodijeljene va\u0161em korisni\u010dkom ra\u010dunu (to mo\u017eete sprije\u010diti tako da se odjavite s YouTubea prije gledanja videa).<\/p>\n<p>Dodatne informacije o svrsi i opsegu prikupljanja podataka i njihovoj obradi od strane YouTubea mo\u017eete prona\u0107i u njihovoj izjavi o za\u0161titi podataka. Tamo \u0107ete tako\u0111er prona\u0107i dodatne informacije o svojim pravima i opcijama postavki za za\u0161titu va\u0161e privatnosti: <a href=\"https:\/\/www.google.de\/intl\/de\/policies\/privacy\" target=\"_blank\" rel=\"noopener noreferrer\">https:\/\/www.google.de\/intl\/de\/policies\/privacy<\/a> . Google tako\u0111er obra\u0111uje va\u0161e osobne podatke u SAD-u i podvrgnut je EU-US Privacy Shieldu, <a href=\"https:\/\/www.privacyshield.gov\/EU-US-Framework\" target=\"_blank\" rel=\"noopener noreferrer\">https:\/\/www.privacyshield.gov\/EU-US-Framework<\/a> .&#8221;<\/p>\n<h6>Primatelji osobnih podataka<\/h6>\n<p>Va\u0161i osobni podaci bit \u0107e otkriveni sljede\u0107im tvrtkama unutar EU u okviru zakonskih ovlasti:<br \/>\nDruge tvrtke BAUHAUS ( <a href=\"https:\/\/www.bauhaus.info\/gesellschaften\" target=\"_blank\" rel=\"noopener noreferrer\">https:\/\/www.bauhaus.info\/gesellschaft<\/a> ) i njihovi procesori, ako je potrebno, za daljnje savjete, sklapanje \u017eeljenih ugovora ili pru\u017eanje drugih usluga i procesora BAUHAUS AG za IT usluge i za administraciju pozadina web stranice.<\/p>\n<h6>Trajanje pohrane podataka<\/h6>\n<p>Va\u0161e podatke \u010duvamo onoliko dugo koliko to zahtijeva odgovaraju\u0107a svrha:<\/p>\n<ul>\n<li>Dnevnici poslu\u017eitelja: 30 dana<\/li>\n<li>Google Analytics kola\u010di\u0107: 2. godina<\/li>\n<\/ul>\n<h4>prava nositelja podataka<\/h4>\n<p>Va\u0161a prava kao nositelja podataka sveobuhvatno jam\u010de tvrtke BAUHAUS.<\/p>\n<h6>opoziv pristanka<\/h6>\n<p>Ako ste prilikom kori\u0161tenja ove web stranice dali privolu za obradu osobnih podataka, tu privolu mo\u017eete opozvati sukladno \u010dl.7.st. 3 GDPR opozvan u bilo kojem trenutku. Opoziv se mo\u017ee poslati e-po\u0161tom na <a href=\"mailto:datenschutz@bauhaus.info\" target=\"_blank\" rel=\"noopener noreferrer\">datenschutz@bauhaus.info<\/a> ili pisanim putem na gore navedenu adresu. U\u010dinci opoziva ograni\u010deni su na \u010dinjenicu da se predmetni osobni podaci vi\u0161e ne\u0107e obra\u0111ivati u budu\u0107nosti. Takav opoziv stoga utje\u010de na dopu\u0161tenost obrade va\u0161ih osobnih podataka nakon \u0161to ste nam ih dali. Imajte na umu da u tom slu\u010daju mo\u017eda vi\u0161e ne\u0107e biti mogu\u0107e obraditi doti\u010dne podatke u budu\u0107nosti.<\/p>\n<h6>Pravo na prigovor na obradu prema \u010dl.6 st. 1 str. 1 lit. f) GDPR<\/h6>\n<p>Prema \u010dl.21.st. 1. re\u010denica 1. GDPR-a, imate pravo prigovora na obradu va\u0161ih osobnih podataka u bilo kojem trenutku iz razloga koji proizlaze iz va\u0161e posebne situacije na temelju \u010dlanka 6. st. 1 str. 1 lit. f) GDPR.<\/p>\n<p>Ako ulo\u017eite prigovor, vi\u0161e ne\u0107emo obra\u0111ivati va\u0161e osobne podatke osim ako ne mo\u017eemo dokazati uvjerljive legitimne razloge za obradu koji prevladavaju nad va\u0161im interesima, pravima i slobodama ili obrada slu\u017ei za utvr\u0111ivanje, ostvarivanje ili obranu pravnih zahtjeva.<\/p>\n<h6>Ostala prava<\/h6>\n<p>Imate sljede\u0107a dodatna prava u vezi s va\u0161im obra\u0111enim osobnim podacima ako odgovorna osoba ispunjava odgovaraju\u0107e posebne zahtjeve:<\/p>\n<ul>\n<li>Pravo na pristup subjekta podataka, \u010dlanak 15. GDPR-a;<\/li>\n<li>Pravo na ispravak, \u010dlanak 16. GDPR-a;<\/li>\n<li>Pravo na brisanje, \u010dlanak 17. GDPR-a;<\/li>\n<li>Pravo na ograni\u010denje obrade, \u010dlanak 18. GDPR-a; i<\/li>\n<li>Pravo na prenosivost podataka prema \u010dlanku 20. GDPR-a.<\/li>\n<li>Tako\u0111er imate pravo podnijeti pritu\u017ebu nadzornom tijelu ako smatrate da obrada Va\u0161ih osobnih podataka kr\u0161i GDPR.<\/li>\n<\/ul>\n<h6>a\u017eurirati i promijeniti<\/h6>\n<p>Izjava o za\u0161titi podataka mora se s vremena na vrijeme prilagoditi stvarnim okolnostima i pravnoj situaciji. Molimo provjerite izjavu o za\u0161titi podataka u svakom slu\u010daju prije kori\u0161tenja na\u0161e ponude kako biste bili u tijeku s mogu\u0107im promjenama ili a\u017euriranjima.<\/p>\n<p>Status: 15.08.2019<\/p>\n                    <\/div>\n\n                                <\/div>\n        <\/div>\n    <\/div>\n<\/div>\n<div id=\"bdesign2022_spacer_block_630ccf3392a76\" class=\"bdesign2022_block bdesign2022_block--bdesign2022_spacer\">\n    <div class=\"bdesign2022_block--wrapper\">\n        <div class=\"spacer\" style=\"height: 100px\"><\/div>\n    <\/div>\n<\/div>\n","protected":false},"excerpt":{"rendered":"","protected":false},"author":8,"featured_media":0,"parent":13569,"menu_order":3,"comment_status":"closed","ping_status":"closed","template":"","meta":{"_acf_changed":false,"footnotes":""},"class_list":["post-13570","page","type-page","status-publish","hentry"],"acf":[],"yoast_head":"<!-- This site is optimized with the Yoast SEO plugin v24.2 - https:\/\/yoast.com\/wordpress\/plugins\/seo\/ -->\n<title>Politika privatnosti | b!dizajn<\/title>\n<meta name=\"description\" content=\"Za\u0161tita podataka - u nastavku vas obavje\u0161tavamo o prikupljanju osobnih podataka prilikom kori\u0161tenja na\u0161e web stranice.\" \/>\n<meta name=\"robots\" content=\"index, follow, max-snippet:-1, max-image-preview:large, max-video-preview:-1\" \/>\n<link rel=\"canonical\" href=\"https:\/\/www.bdesign-floors.com\/hr\/o-nama\/privatnost\/\" \/>\n<meta property=\"og:locale\" content=\"hr_HR\" \/>\n<meta property=\"og:type\" content=\"article\" \/>\n<meta property=\"og:title\" content=\"Politika privatnosti | b!dizajn\" \/>\n<meta property=\"og:description\" content=\"Za\u0161tita podataka - u nastavku vas obavje\u0161tavamo o prikupljanju osobnih podataka prilikom kori\u0161tenja na\u0161e web stranice.\" \/>\n<meta property=\"og:url\" content=\"https:\/\/www.bdesign-floors.com\/hr\/o-nama\/privatnost\/\" \/>\n<meta property=\"og:site_name\" content=\"b!design\" \/>\n<meta property=\"article:modified_time\" content=\"2022-10-17T08:49:32+00:00\" \/>\n<meta name=\"twitter:card\" content=\"summary_large_image\" \/>\n<script type=\"application\/ld+json\" class=\"yoast-schema-graph\">{\"@context\":\"https:\/\/schema.org\",\"@graph\":[{\"@type\":\"WebPage\",\"@id\":\"https:\/\/www.bdesign-floors.com\/hr\/o-nama\/privatnost\/\",\"url\":\"https:\/\/www.bdesign-floors.com\/hr\/o-nama\/privatnost\/\",\"name\":\"Politika privatnosti | b!dizajn\",\"isPartOf\":{\"@id\":\"https:\/\/bdesign.wp.factory.blim-dev.com\/#website\"},\"datePublished\":\"2022-09-12T14:31:54+00:00\",\"dateModified\":\"2022-10-17T08:49:32+00:00\",\"description\":\"Za\u0161tita podataka - u nastavku vas obavje\u0161tavamo o prikupljanju osobnih podataka prilikom kori\u0161tenja na\u0161e web stranice.\",\"breadcrumb\":{\"@id\":\"https:\/\/www.bdesign-floors.com\/hr\/o-nama\/privatnost\/#breadcrumb\"},\"inLanguage\":\"hr\",\"potentialAction\":[{\"@type\":\"ReadAction\",\"target\":[\"https:\/\/www.bdesign-floors.com\/hr\/o-nama\/privatnost\/\"]}]},{\"@type\":\"BreadcrumbList\",\"@id\":\"https:\/\/www.bdesign-floors.com\/hr\/o-nama\/privatnost\/#breadcrumb\",\"itemListElement\":[{\"@type\":\"ListItem\",\"position\":1,\"name\":\"Home\",\"item\":\"https:\/\/www.bdesign-floors.com\/hr\/\"},{\"@type\":\"ListItem\",\"position\":2,\"name\":\"o nama\",\"item\":\"https:\/\/bdesign.wp.factory.blim-dev.com\/o-nama\/\"},{\"@type\":\"ListItem\",\"position\":3,\"name\":\"privatnost\"}]},{\"@type\":\"WebSite\",\"@id\":\"https:\/\/bdesign.wp.factory.blim-dev.com\/#website\",\"url\":\"https:\/\/bdesign.wp.factory.blim-dev.com\/\",\"name\":\"b!design\",\"description\":\"Just another WordPress site\",\"potentialAction\":[{\"@type\":\"SearchAction\",\"target\":{\"@type\":\"EntryPoint\",\"urlTemplate\":\"https:\/\/bdesign.wp.factory.blim-dev.com\/?s={search_term_string}\"},\"query-input\":{\"@type\":\"PropertyValueSpecification\",\"valueRequired\":true,\"valueName\":\"search_term_string\"}}],\"inLanguage\":\"hr\"}]}<\/script>\n<!-- \/ Yoast SEO plugin. -->","yoast_head_json":{"title":"Politika privatnosti | b!dizajn","description":"Za\u0161tita podataka - u nastavku vas obavje\u0161tavamo o prikupljanju osobnih podataka prilikom kori\u0161tenja na\u0161e web stranice.","robots":{"index":"index","follow":"follow","max-snippet":"max-snippet:-1","max-image-preview":"max-image-preview:large","max-video-preview":"max-video-preview:-1"},"canonical":"https:\/\/www.bdesign-floors.com\/hr\/o-nama\/privatnost\/","og_locale":"hr_HR","og_type":"article","og_title":"Politika privatnosti | b!dizajn","og_description":"Za\u0161tita podataka - u nastavku vas obavje\u0161tavamo o prikupljanju osobnih podataka prilikom kori\u0161tenja na\u0161e web stranice.","og_url":"https:\/\/www.bdesign-floors.com\/hr\/o-nama\/privatnost\/","og_site_name":"b!design","article_modified_time":"2022-10-17T08:49:32+00:00","twitter_card":"summary_large_image","schema":{"@context":"https:\/\/schema.org","@graph":[{"@type":"WebPage","@id":"https:\/\/www.bdesign-floors.com\/hr\/o-nama\/privatnost\/","url":"https:\/\/www.bdesign-floors.com\/hr\/o-nama\/privatnost\/","name":"Politika privatnosti | b!dizajn","isPartOf":{"@id":"https:\/\/bdesign.wp.factory.blim-dev.com\/#website"},"datePublished":"2022-09-12T14:31:54+00:00","dateModified":"2022-10-17T08:49:32+00:00","description":"Za\u0161tita podataka - u nastavku vas obavje\u0161tavamo o prikupljanju osobnih podataka prilikom kori\u0161tenja na\u0161e web stranice.","breadcrumb":{"@id":"https:\/\/www.bdesign-floors.com\/hr\/o-nama\/privatnost\/#breadcrumb"},"inLanguage":"hr","potentialAction":[{"@type":"ReadAction","target":["https:\/\/www.bdesign-floors.com\/hr\/o-nama\/privatnost\/"]}]},{"@type":"BreadcrumbList","@id":"https:\/\/www.bdesign-floors.com\/hr\/o-nama\/privatnost\/#breadcrumb","itemListElement":[{"@type":"ListItem","position":1,"name":"Home","item":"https:\/\/www.bdesign-floors.com\/hr\/"},{"@type":"ListItem","position":2,"name":"o nama","item":"https:\/\/bdesign.wp.factory.blim-dev.com\/o-nama\/"},{"@type":"ListItem","position":3,"name":"privatnost"}]},{"@type":"WebSite","@id":"https:\/\/bdesign.wp.factory.blim-dev.com\/#website","url":"https:\/\/bdesign.wp.factory.blim-dev.com\/","name":"b!design","description":"Just another WordPress site","potentialAction":[{"@type":"SearchAction","target":{"@type":"EntryPoint","urlTemplate":"https:\/\/bdesign.wp.factory.blim-dev.com\/?s={search_term_string}"},"query-input":{"@type":"PropertyValueSpecification","valueRequired":true,"valueName":"search_term_string"}}],"inLanguage":"hr"}]}},"_links":{"self":[{"href":"https:\/\/www.bdesign-floors.com\/hr\/wp-json\/wp\/v2\/pages\/13570","targetHints":{"allow":["GET"]}}],"collection":[{"href":"https:\/\/www.bdesign-floors.com\/hr\/wp-json\/wp\/v2\/pages"}],"about":[{"href":"https:\/\/www.bdesign-floors.com\/hr\/wp-json\/wp\/v2\/types\/page"}],"author":[{"embeddable":true,"href":"https:\/\/www.bdesign-floors.com\/hr\/wp-json\/wp\/v2\/users\/8"}],"replies":[{"embeddable":true,"href":"https:\/\/www.bdesign-floors.com\/hr\/wp-json\/wp\/v2\/comments?post=13570"}],"version-history":[{"count":1,"href":"https:\/\/www.bdesign-floors.com\/hr\/wp-json\/wp\/v2\/pages\/13570\/revisions"}],"predecessor-version":[{"id":13572,"href":"https:\/\/www.bdesign-floors.com\/hr\/wp-json\/wp\/v2\/pages\/13570\/revisions\/13572"}],"up":[{"embeddable":true,"href":"https:\/\/www.bdesign-floors.com\/hr\/wp-json\/wp\/v2\/pages\/13569"}],"wp:attachment":[{"href":"https:\/\/www.bdesign-floors.com\/hr\/wp-json\/wp\/v2\/media?parent=13570"}],"curies":[{"name":"wp","href":"https:\/\/api.w.org\/{rel}","templated":true}]}}