{"id":13587,"date":"2022-09-12T16:31:57","date_gmt":"2022-09-12T14:31:57","guid":{"rendered":"https:\/\/www.bdesign-floors.com\/o-nama\/otisak\/"},"modified":"2022-09-12T16:31:59","modified_gmt":"2022-09-12T14:31:59","slug":"otisak","status":"publish","type":"page","link":"https:\/\/www.bdesign-floors.com\/hr\/o-nama\/otisak\/","title":{"rendered":"otisak"},"content":{"rendered":"<div id=\"bdesign2022_spacer_block_63061d222b814\" class=\"bdesign2022_block bdesign2022_block--bdesign2022_spacer\">\n    <div class=\"bdesign2022_block--wrapper\">\n        <div class=\"spacer\" style=\"height: 100px\"><\/div>\n    <\/div>\n<\/div>\n<div id=\"bdesign2022_customcontent_block_63061cc72b813\" class=\"bdesign2022_block bdesign2022_block--bdesign2022_customcontent\">\n    <div class=\"bdesign2022_block--wrapper\">\n        <div class=\"container\">\n            <div class=\"row\">\n                \n                    <div class=\"col-0 col-sm-2\"><\/div>\n                    <div class=\"col-12 col-sm-10 my-4\">\n                        <h1>otisak<\/h1>\n<p><strong>Operater ove web stranice je<\/strong><\/p>\n<p>BAUHAUS E-Business GmbH &amp; Co. KG<br \/>\nGutenbergstrasse 21<br \/>\nD-68167 Mannheim<\/p>\n<p>ID br. PDV-a: DE 156673152<br \/>\nOkru\u017eni sud u Mannheimu: HRA 3983<\/p>\n<p>Telefon: <a href=\"tel:8003905000\">+49 800 3905 000<\/a><br \/>\nE-mail: <a href=\"mailto:service@bauhaus.info\">service@bauhaus.info<\/a><\/p>\n<h2>Osobno odgovoran partner<\/h2>\n<p>Werkhaus GmbH<br \/>\nSjedi\u0161te: Mannheim<br \/>\nOkru\u017eni sud u Mannheimu HRB 6426<br \/>\nDirektori: Bernd Baus, Lutz Fiedler<\/p>\n<h2>Odricanje<\/h2>\n<p>Unato\u010d pa\u017eljivoj kontroli sadr\u017eaja, ne preuzimamo nikakvu odgovornost za sadr\u017eaj vanjskih poveznica. Za njihov sadr\u017eaj odgovorni su isklju\u010divo operateri povezanih stranica.<\/p>\n<h2>Odricanje<\/h2>\n<p>Ne jam\u010dimo ispravnost bilo kojeg sadr\u017eaja. Doprinosi se temelje na izvorima koje smatramo pouzdanima. Stoga se ne mo\u017ee preuzeti odgovornost niti jamstvo za aktualnost, to\u010dnost i potpunost danih informacija.<br \/>\nKomercijalno kori\u0161tenje i\/ili \u0161irenje sadr\u017eaja ove web stranice zahtijeva pisani pristanak.<br \/>\nInformacije na na\u0161oj web stranici kreirane su pa\u017eljivo i temeljene na trenutnom stanju znanosti i tehnologije. Razina znanja i iskustva stalno se razvija. Stoga vas molimo da uvijek provjerite najnoviju verziju web stranice prije izvo\u0111enja radova. Imajte na umu da svoju odgovornost za informacije na ovim stranicama moramo ograni\u010diti na namjeru, grubi nemar i kr\u0161enje bitnih obveza. Opisane primjene proizvoda ne mogu uzeti u obzir posebne okolnosti pojedina\u010dnog slu\u010daja. Stoga provjerite jesu li kori\u0161teni proizvodi prikladni za konkretnu primjenu i uvijek uzmite u obzir upute za uporabu i podatke proizvo\u0111a\u010da.<\/p>\n<h2>foto kredit<\/h2>\n<p>\u00a9 Shutterstock ( <a href=\"https:\/\/www.shutterstock.com\/de\/\" target=\"_blank\" rel=\"noopener\">shutterstock.com<\/a> )<\/p>\n                    <\/div>\n\n                                <\/div>\n        <\/div>\n    <\/div>\n<\/div>\n<div id=\"bdesign2022_spacer_block_63061d3a2b815\" class=\"bdesign2022_block bdesign2022_block--bdesign2022_spacer\">\n    <div class=\"bdesign2022_block--wrapper\">\n        <div class=\"spacer\" style=\"height: 100px\"><\/div>\n    <\/div>\n<\/div>\n","protected":false},"excerpt":{"rendered":"","protected":false},"author":8,"featured_media":0,"parent":13569,"menu_order":4,"comment_status":"closed","ping_status":"closed","template":"","meta":{"_acf_changed":false,"footnotes":""},"class_list":["post-13587","page","type-page","status-publish","hentry"],"acf":[],"yoast_head":"<!-- This site is optimized with the Yoast SEO plugin v24.2 - https:\/\/yoast.com\/wordpress\/plugins\/seo\/ -->\n<title>otisak - b!design<\/title>\n<meta name=\"robots\" content=\"index, follow, max-snippet:-1, max-image-preview:large, max-video-preview:-1\" \/>\n<link rel=\"canonical\" href=\"https:\/\/www.bdesign-floors.com\/hr\/o-nama\/otisak\/\" \/>\n<meta property=\"og:locale\" content=\"hr_HR\" \/>\n<meta property=\"og:type\" content=\"article\" \/>\n<meta property=\"og:title\" content=\"otisak - b!design\" \/>\n<meta property=\"og:url\" content=\"https:\/\/www.bdesign-floors.com\/hr\/o-nama\/otisak\/\" \/>\n<meta property=\"og:site_name\" content=\"b!design\" \/>\n<meta property=\"article:modified_time\" content=\"2022-09-12T14:31:59+00:00\" \/>\n<meta name=\"twitter:card\" content=\"summary_large_image\" \/>\n<script type=\"application\/ld+json\" class=\"yoast-schema-graph\">{\"@context\":\"https:\/\/schema.org\",\"@graph\":[{\"@type\":\"WebPage\",\"@id\":\"https:\/\/www.bdesign-floors.com\/hr\/o-nama\/otisak\/\",\"url\":\"https:\/\/www.bdesign-floors.com\/hr\/o-nama\/otisak\/\",\"name\":\"otisak - b!design\",\"isPartOf\":{\"@id\":\"https:\/\/bdesign.wp.factory.blim-dev.com\/#website\"},\"datePublished\":\"2022-09-12T14:31:57+00:00\",\"dateModified\":\"2022-09-12T14:31:59+00:00\",\"breadcrumb\":{\"@id\":\"https:\/\/www.bdesign-floors.com\/hr\/o-nama\/otisak\/#breadcrumb\"},\"inLanguage\":\"hr\",\"potentialAction\":[{\"@type\":\"ReadAction\",\"target\":[\"https:\/\/www.bdesign-floors.com\/hr\/o-nama\/otisak\/\"]}]},{\"@type\":\"BreadcrumbList\",\"@id\":\"https:\/\/www.bdesign-floors.com\/hr\/o-nama\/otisak\/#breadcrumb\",\"itemListElement\":[{\"@type\":\"ListItem\",\"position\":1,\"name\":\"Home\",\"item\":\"https:\/\/www.bdesign-floors.com\/hr\/\"},{\"@type\":\"ListItem\",\"position\":2,\"name\":\"o nama\",\"item\":\"https:\/\/bdesign.wp.factory.blim-dev.com\/o-nama\/\"},{\"@type\":\"ListItem\",\"position\":3,\"name\":\"otisak\"}]},{\"@type\":\"WebSite\",\"@id\":\"https:\/\/bdesign.wp.factory.blim-dev.com\/#website\",\"url\":\"https:\/\/bdesign.wp.factory.blim-dev.com\/\",\"name\":\"b!design\",\"description\":\"Just another WordPress site\",\"potentialAction\":[{\"@type\":\"SearchAction\",\"target\":{\"@type\":\"EntryPoint\",\"urlTemplate\":\"https:\/\/bdesign.wp.factory.blim-dev.com\/?s={search_term_string}\"},\"query-input\":{\"@type\":\"PropertyValueSpecification\",\"valueRequired\":true,\"valueName\":\"search_term_string\"}}],\"inLanguage\":\"hr\"}]}<\/script>\n<!-- \/ Yoast SEO plugin. -->","yoast_head_json":{"title":"otisak - b!design","robots":{"index":"index","follow":"follow","max-snippet":"max-snippet:-1","max-image-preview":"max-image-preview:large","max-video-preview":"max-video-preview:-1"},"canonical":"https:\/\/www.bdesign-floors.com\/hr\/o-nama\/otisak\/","og_locale":"hr_HR","og_type":"article","og_title":"otisak - b!design","og_url":"https:\/\/www.bdesign-floors.com\/hr\/o-nama\/otisak\/","og_site_name":"b!design","article_modified_time":"2022-09-12T14:31:59+00:00","twitter_card":"summary_large_image","schema":{"@context":"https:\/\/schema.org","@graph":[{"@type":"WebPage","@id":"https:\/\/www.bdesign-floors.com\/hr\/o-nama\/otisak\/","url":"https:\/\/www.bdesign-floors.com\/hr\/o-nama\/otisak\/","name":"otisak - b!design","isPartOf":{"@id":"https:\/\/bdesign.wp.factory.blim-dev.com\/#website"},"datePublished":"2022-09-12T14:31:57+00:00","dateModified":"2022-09-12T14:31:59+00:00","breadcrumb":{"@id":"https:\/\/www.bdesign-floors.com\/hr\/o-nama\/otisak\/#breadcrumb"},"inLanguage":"hr","potentialAction":[{"@type":"ReadAction","target":["https:\/\/www.bdesign-floors.com\/hr\/o-nama\/otisak\/"]}]},{"@type":"BreadcrumbList","@id":"https:\/\/www.bdesign-floors.com\/hr\/o-nama\/otisak\/#breadcrumb","itemListElement":[{"@type":"ListItem","position":1,"name":"Home","item":"https:\/\/www.bdesign-floors.com\/hr\/"},{"@type":"ListItem","position":2,"name":"o nama","item":"https:\/\/bdesign.wp.factory.blim-dev.com\/o-nama\/"},{"@type":"ListItem","position":3,"name":"otisak"}]},{"@type":"WebSite","@id":"https:\/\/bdesign.wp.factory.blim-dev.com\/#website","url":"https:\/\/bdesign.wp.factory.blim-dev.com\/","name":"b!design","description":"Just another WordPress site","potentialAction":[{"@type":"SearchAction","target":{"@type":"EntryPoint","urlTemplate":"https:\/\/bdesign.wp.factory.blim-dev.com\/?s={search_term_string}"},"query-input":{"@type":"PropertyValueSpecification","valueRequired":true,"valueName":"search_term_string"}}],"inLanguage":"hr"}]}},"_links":{"self":[{"href":"https:\/\/www.bdesign-floors.com\/hr\/wp-json\/wp\/v2\/pages\/13587","targetHints":{"allow":["GET"]}}],"collection":[{"href":"https:\/\/www.bdesign-floors.com\/hr\/wp-json\/wp\/v2\/pages"}],"about":[{"href":"https:\/\/www.bdesign-floors.com\/hr\/wp-json\/wp\/v2\/types\/page"}],"author":[{"embeddable":true,"href":"https:\/\/www.bdesign-floors.com\/hr\/wp-json\/wp\/v2\/users\/8"}],"replies":[{"embeddable":true,"href":"https:\/\/www.bdesign-floors.com\/hr\/wp-json\/wp\/v2\/comments?post=13587"}],"version-history":[{"count":1,"href":"https:\/\/www.bdesign-floors.com\/hr\/wp-json\/wp\/v2\/pages\/13587\/revisions"}],"predecessor-version":[{"id":13588,"href":"https:\/\/www.bdesign-floors.com\/hr\/wp-json\/wp\/v2\/pages\/13587\/revisions\/13588"}],"up":[{"embeddable":true,"href":"https:\/\/www.bdesign-floors.com\/hr\/wp-json\/wp\/v2\/pages\/13569"}],"wp:attachment":[{"href":"https:\/\/www.bdesign-floors.com\/hr\/wp-json\/wp\/v2\/media?parent=13587"}],"curies":[{"name":"wp","href":"https:\/\/api.w.org\/{rel}","templated":true}]}}