{"id":13696,"date":"2022-09-12T16:37:13","date_gmt":"2022-09-12T14:37:13","guid":{"rendered":"https:\/\/www.bdesign-floors.com\/tartozekok-es-apolas\/"},"modified":"2022-09-13T16:54:49","modified_gmt":"2022-09-13T14:54:49","slug":"tartozekok-es-apolas","status":"publish","type":"page","link":"https:\/\/www.bdesign-floors.com\/hu\/tartozekok-es-apolas\/","title":{"rendered":"Tartoz\u00e9kok \u00e9s \u00e1pol\u00e1s"},"content":{"rendered":"<div id=\"bdesign2022_pageheader_block_62dfd623856fa\" class=\"bdesign2022_block bdesign2022_block--bdesign2022_pageheader\">\n    <div class=\"bdesign2022_block--wrapper\">\n                                    <div class=\"bdesign2022_ph-wrap is-single\">\n                    <div class=\"bdesign2022_ph-slide slidestyle-is-black orig-is-fekete active\">\n                        <div class=\"slide-image\">\n                            <img decoding=\"async\" class=\"img-fluid logo\" src=\"https:\/\/www.bdesign-floors.com\/wp-content\/uploads\/2022\/09\/zubehoer-pflege-boden-b-design.jpg\" srcset=\"https:\/\/www.bdesign-floors.com\/wp-content\/uploads\/2022\/09\/zubehoer-pflege-boden-b-design.jpg 1110w, https:\/\/www.bdesign-floors.com\/wp-content\/uploads\/2022\/09\/zubehoer-pflege-boden-b-design-768x521.jpg 768w, https:\/\/www.bdesign-floors.com\/wp-content\/uploads\/2022\/09\/zubehoer-pflege-boden-b-design-442x300.jpg 442w\">                        <\/div>\n                        <div class=\"slide-area\">\n                            <div class=\"slide-area-wrapper\">\n                                <h1>V\u00e9delem \u00e9s gondoskod\u00e1s \u00e1lmai padl\u00f3j\u00e1nak<\/h1>\n                                <h6>Itt kiv\u00e1l\u00f3 min\u0151s\u00e9g\u0171 tartoz\u00e9kokat \u00e9s a megfelel\u0151 \u00e1pol\u00e1st tal\u00e1l, amellyel hat\u00e9konyan tiszt\u00edthatja \u00e9s v\u00e9dheti padl\u00f3j\u00e1t.<\/h6>\n                                                                                            <\/div>\n                            <div class=\"slide-image-mobile d-md-none\">\n                                <img decoding=\"async\" class=\"img-fluid logo\" src=\"https:\/\/www.bdesign-floors.com\/wp-content\/uploads\/2022\/09\/zubehoer-pflege-boden-b-design.jpg\" srcset=\"https:\/\/www.bdesign-floors.com\/wp-content\/uploads\/2022\/09\/zubehoer-pflege-boden-b-design.jpg 1110w, https:\/\/www.bdesign-floors.com\/wp-content\/uploads\/2022\/09\/zubehoer-pflege-boden-b-design-768x521.jpg 768w, https:\/\/www.bdesign-floors.com\/wp-content\/uploads\/2022\/09\/zubehoer-pflege-boden-b-design-442x300.jpg 442w\">                            <\/div>\n                        <\/div>\n                    <\/div>\n                <\/div>\n                        <\/div>\n<\/div>\n\n\n<div id=\"bdesign2022_headline_block_62ea833e526c0\" class=\"bdesign2022_block bdesign2022_block--bdesign2022_headline\">\n    <div class=\"bdesign2022_block--wrapper\">\n        <div class=\"container my-4\">\n            \n                                    <h5 class=\"h5 text-start mt-5 mb-3\">Tartoz\u00e9kok \u00e9s \u00e1pol\u00e1s<\/h5>\n                                                    <h2 class=\"h2 text-start mt-2 mb-4\">\u00c1pol\u00e1s \u00e9s szerel\u00e9si tartoz\u00e9kok<\/h2>\n                                \n                        <\/div>\n    <\/div>\n<\/div>\n\n\n<div id=\"bdesign2022_2columntext_block_62ea8358526c1\" class=\"bdesign2022_block bdesign2022_block--bdesign2022_2columntext\">\n    <div class=\"bdesign2022_block--wrapper\">\n        <div class=\"container my-4\">\n            <div class=\"row align-items-start\">\n                <div class=\"col-12 col-xxl-4 offset-0 offset-xxl-2 my-3\">\n                    <p>Legyen sz\u00f3 al\u00e1t\u00e9tsz\u0151nyegr\u0151l, szeg\u00e9lyl\u00e9cr\u0151l vagy tiszt\u00edt\u00f3szerr\u0151l &#8211; itt megtal\u00e1lja, mi a j\u00f3 a design padl\u00f3hoz. \u00cdgy nemcsak vonz\u00f3bb megjelen\u00e9st \u00e9rhet el, hanem hossz\u00fa t\u00e1von meg\u0151rizheti a padl\u00f3 \u00e9rt\u00e9k\u00e9t is. Egy\u00e9ni ig\u00e9nyeit\u0151l f\u00fcgg\u0151en v\u00e1laszthat a kiv\u00e1l\u00f3 min\u0151s\u00e9g\u0171<\/p>\n                <\/div>\n                <div class=\"c0l-12 col-xxl-4 xxl-3 my-3\">\n                    <p>al\u00e1t\u00e9tek \u00e9s speci\u00e1lis tiszt\u00edt\u00f3szerek. V\u00e1laszthat az alapvet\u0151 tiszt\u00edt\u00f3szerb\u0151l az alap\u00e1pol\u00e1shoz, a felmos\u00f3\u00e1pol\u00e1sb\u00f3l a padl\u00f3 term\u00e9szetes meg\u0151rz\u00e9s\u00e9hez \u00e9s a friss\u00edt\u0151nkb\u0151l a padl\u00f3 v\u00e9delm\u00e9hez. Fedezze fel a b!design kieg\u00e9sz\u00edt\u0151it \u00e9s \u00e1pol\u00f3term\u00e9keit most.<\/p>\n                <\/div>\n            <\/div>\n        <\/div>\n    <\/div>\n<\/div>\n\n\n<div id=\"bdesign2022_imagetext_block_62e799efe8da2\" class=\"bdesign2022_block bdesign2022_block--bdesign2022_imagetext\">\n    <div class=\"bdesign2022_block--wrapper\">\n        <div class=\"container\">\n            <div class=\"row align-items-center align-items-xxl-start align-items-xxxl-center\">\n                <div class=\"d-block d-md-block col-md-7 col-xl-4 col-xxl-5 col-xxxl-7 col-type-is-image col-count-is-1\"><img decoding=\"async\" class=\"img-fluid col-img\" src=\"https:\/\/www.bdesign-floors.com\/wp-content\/uploads\/2022\/09\/unterlagsmatte-zubehoer-pflege-boden-b-design.jpg\" srcset=\"https:\/\/www.bdesign-floors.com\/wp-content\/uploads\/2022\/09\/unterlagsmatte-zubehoer-pflege-boden-b-design.jpg 1110w, https:\/\/www.bdesign-floors.com\/wp-content\/uploads\/2022\/09\/unterlagsmatte-zubehoer-pflege-boden-b-design-768x510.jpg 768w, https:\/\/www.bdesign-floors.com\/wp-content\/uploads\/2022\/09\/unterlagsmatte-zubehoer-pflege-boden-b-design-452x300.jpg 452w\"><\/div><div class=\"col-12 col-xl-7 col-xxl-6 col-xxxl-4 col-type-is-imagetext col-count-is-2\"><h3>Mi\u00e9rt a b!design al\u00e1t\u00e9t sz\u0151nyeg?<\/h3><p>A b!design aljzatsz\u0151nyeg kiv\u00e1l\u00f3 hossz\u00fa t\u00e1v\u00fa stabilit\u00e1ssal \u00e9s nagy nyom\u00f3szil\u00e1rds\u00e1ggal rendelkezik. Ez megv\u00e9di a kattan\u00f3csatlakoz\u00e1st a s\u00e9r\u00fcl\u00e9st\u0151l vagy az illeszt\u00e9s kialakul\u00e1s\u00e1t\u00f3l nagy terhel\u00e9s eset\u00e9n. Lebeg\u0151 padl\u00f3deszk\u00e1k? M\u0171k\u00f6dik is! Az aljzatsz\u0151nyeg akad\u00e1lymentesen kompenz\u00e1lja a h\u0151m\u00e9rs\u00e9kletv\u00e1ltoz\u00e1sokat. Cs\u00f6kkenti a hangot, \u00edgy az \u00d6n alatti szomsz\u00e9dok zaja cs\u00f6kken, \u00e9s a szob\u00e1kban a j\u00e1r\u00e1s zaja is m\u00e9rs\u00e9kl\u0151dik.<\/p>\n<p>Senki sem akar hideg padl\u00f3t. Ez\u00e9rt a sz\u0151nyeg megakad\u00e1lyozza azt is, hogy a h\u0151energia elfolyjon a padl\u00f3r\u00f3l. \u00c9s a pen\u00e9sz miatt sem kell agg\u00f3dnia, k\u00f6sz\u00f6nhet\u0151en az aljzatsz\u0151nyeg\u00fcnknek, mivel lehet\u0151v\u00e9 teszi a leveg\u0151 kering\u00e9s\u00e9t k\u00f6zvetlen\u00fcl a nedvess\u00e9gz\u00e1r\u00f3 r\u00e9teg felett.<\/p>\n<\/div>            <\/div>\n        <\/div>\n    <\/div>\n<\/div>\n\n\n<div id=\"bdesign2022_imagetext_block_62e79a3be8da5\" class=\"bdesign2022_block bdesign2022_block--bdesign2022_imagetext\">\n    <div class=\"bdesign2022_block--wrapper\">\n        <div class=\"container\">\n            <div class=\"row align-items-center align-items-xxl-start align-items-xxxl-center\">\n                <div class=\"col-12 col-xl-7 col-xxl-6 col-xxxl-4 col-type-is-imagetext col-count-is-1\"><h3>\u00dct\u0151t\u00f6mb vinilpadl\u00f3khoz clic csatlakoz\u00e1ssal<\/h3><p>Ezt a csapol\u00f3blokkot kifejezetten a Clic csatlakoz\u00e1ssal ell\u00e1tott b!design design padl\u00f3burkolatokhoz fejlesztett\u00e9k ki. Univerz\u00e1lisan haszn\u00e1lhat\u00f3, v\u00e9di a peremet a be\u00e9p\u00edt\u00e9s sor\u00e1n, \u00e9s t\u00e1mogatja a t\u00f6k\u00e9letes be\u00e9p\u00edt\u00e9st. A feh\u00e9r m\u0171anyagb\u00f3l k\u00e9sz\u00fclt blokk k\u00f6nnyen kezelhet\u0151, \u00e9s seg\u00edt a hib\u00e1tlan \u00e9s tart\u00f3s telep\u00edt\u00e9sben.<\/p>\n<\/div><div class=\"d-block d-md-block col-md-7 col-xl-4 col-xxl-5 col-xxxl-7 col-type-is-image col-count-is-2\"><img decoding=\"async\" class=\"img-fluid col-img\" src=\"https:\/\/www.bdesign-floors.com\/wp-content\/uploads\/2022\/09\/schlagklotz-zubehoer-pflege-boden-b-design.jpg\" srcset=\"https:\/\/www.bdesign-floors.com\/wp-content\/uploads\/2022\/09\/schlagklotz-zubehoer-pflege-boden-b-design.jpg 1110w, https:\/\/www.bdesign-floors.com\/wp-content\/uploads\/2022\/09\/schlagklotz-zubehoer-pflege-boden-b-design-768x510.jpg 768w, https:\/\/www.bdesign-floors.com\/wp-content\/uploads\/2022\/09\/schlagklotz-zubehoer-pflege-boden-b-design-452x300.jpg 452w\"><\/div>            <\/div>\n        <\/div>\n    <\/div>\n<\/div>\n\n\n<div id=\"bdesign2022_imagetext_block_63186497b5d1a\" class=\"bdesign2022_block bdesign2022_block--bdesign2022_imagetext\">\n    <div class=\"bdesign2022_block--wrapper\">\n        <div class=\"container\">\n            <div class=\"row align-items-center align-items-xxl-start align-items-xxxl-center\">\n                <div class=\"d-block d-md-block col-md-7 col-xl-4 col-xxl-5 col-xxxl-7 col-type-is-image col-count-is-1\"><img decoding=\"async\" class=\"img-fluid col-img\" src=\"https:\/\/www.bdesign-floors.com\/wp-content\/uploads\/2022\/09\/scratchfix-zubehoer-pflege-boden-b-design.jpg\" srcset=\"https:\/\/www.bdesign-floors.com\/wp-content\/uploads\/2022\/09\/scratchfix-zubehoer-pflege-boden-b-design.jpg 1110w, https:\/\/www.bdesign-floors.com\/wp-content\/uploads\/2022\/09\/scratchfix-zubehoer-pflege-boden-b-design-768x510.jpg 768w, https:\/\/www.bdesign-floors.com\/wp-content\/uploads\/2022\/09\/scratchfix-zubehoer-pflege-boden-b-design-452x300.jpg 452w\"><\/div><div class=\"col-12 col-xl-7 col-xxl-6 col-xxxl-4 col-type-is-imagetext col-count-is-2\"><h3>Dr.Schutz jav\u00edt\u00f3k\u00e9szlet: ScratchFix<\/h3><p>Van a padl\u00f3j\u00e1n n\u00e9h\u00e1ny haszn\u00e1latra utal\u00f3 jel? Nem probl\u00e9ma: a Dr. Schutz Scratchfix padl\u00f3jav\u00edt\u00f3 k\u00e9szlet ide\u00e1lis megold\u00e1s a designpadl\u00f3k \u00e9s m\u00e1s rugalmas padl\u00f3burkolatok karcol\u00e1sainak \u00e9s feh\u00e9r t\u00f6r\u00e9seinek r\u00e9szleges helyre\u00e1ll\u00edt\u00e1s\u00e1ra. Tartalmazza a PU Repair Spray-t a finomabb fel\u00fcleti karcol\u00e1sok jav\u00edt\u00e1s\u00e1hoz \u00e9s a PU Repair Pen-t a m\u00e9lyebb karcol\u00e1sok jav\u00edt\u00e1s\u00e1hoz. Tartalmaz egy teljes tartoz\u00e9kcsomagot is, feldolgoz\u00e1si utas\u00edt\u00e1sokkal. Mindegyik optim\u00e1lisan illeszkedik a modern designpadl\u00f3k f\u00e9nyess\u00e9g\u00e9hez.<\/p>\n<\/div>            <\/div>\n        <\/div>\n    <\/div>\n<\/div>\n\n\n<div id=\"bdesign2022_imagetext_block_631985a118e97\" class=\"bdesign2022_block bdesign2022_block--bdesign2022_imagetext\">\n    <div class=\"bdesign2022_block--wrapper\">\n        <div class=\"container\">\n            <div class=\"row align-items-center align-items-xxl-start align-items-xxxl-center\">\n                <div class=\"col-12 col-xl-7 col-xxl-6 col-xxxl-4 col-type-is-imagetext col-count-is-1\"><h3>\u00c1pol\u00e1s: Az alaptiszt\u00edt\u00f3t\u00f3l a felfriss\u00edt\u0151ig<\/h3><p>H\u00e1rom \u00e1pol\u00f3szer\u00fcnkkel padl\u00f3ja pillanatok alatt \u00fajra friss \u00e9s ragyog\u00f3 lesz: Fedezze fel friss\u00edt\u0151, felmos\u00f3szer-\u00e1pol\u00f3 \u00e9s alaptiszt\u00edt\u00f3szer\u00fcnket.<\/p>\n<\/div><div class=\"d-block d-md-block col-md-7 col-xl-4 col-xxl-5 col-xxxl-7 col-type-is-image col-count-is-2\"><img decoding=\"async\" class=\"img-fluid col-img\" src=\"https:\/\/www.bdesign-floors.com\/wp-content\/uploads\/2022\/09\/pflegemittel-zubehoer-pflege-boden-b-design.jpg\" srcset=\"https:\/\/www.bdesign-floors.com\/wp-content\/uploads\/2022\/09\/pflegemittel-zubehoer-pflege-boden-b-design.jpg 1110w, https:\/\/www.bdesign-floors.com\/wp-content\/uploads\/2022\/09\/pflegemittel-zubehoer-pflege-boden-b-design-768x510.jpg 768w, https:\/\/www.bdesign-floors.com\/wp-content\/uploads\/2022\/09\/pflegemittel-zubehoer-pflege-boden-b-design-452x300.jpg 452w\"><\/div>            <\/div>\n        <\/div>\n    <\/div>\n<\/div>\n","protected":false},"excerpt":{"rendered":"","protected":false},"author":8,"featured_media":0,"parent":0,"menu_order":3,"comment_status":"closed","ping_status":"closed","template":"","meta":{"_acf_changed":false,"footnotes":""},"class_list":["post-13696","page","type-page","status-publish","hentry"],"acf":[],"yoast_head":"<!-- This site is optimized with the Yoast SEO plugin v24.2 - https:\/\/yoast.com\/wordpress\/plugins\/seo\/ -->\n<title>Tartoz\u00e9kok \u00e9s \u00e1pol\u00e1s | b!design<\/title>\n<meta name=\"description\" content=\"A b!designn\u00e1l megtal\u00e1lhatja az \u00faj padl\u00f3hoz sz\u00fcks\u00e9ges tiszt\u00edt\u00f3- \u00e9s \u00e1pol\u00f3szereket is. Fedezze fel kiv\u00e1l\u00f3 min\u0151s\u00e9g\u0171 tartoz\u00e9kok v\u00e1laszt\u00e9k\u00e1t most!\" \/>\n<meta name=\"robots\" content=\"index, follow, max-snippet:-1, max-image-preview:large, max-video-preview:-1\" \/>\n<link rel=\"canonical\" href=\"https:\/\/www.bdesign-floors.com\/hu\/tartozekok-es-apolas\/\" \/>\n<meta property=\"og:locale\" content=\"hu_HU\" \/>\n<meta property=\"og:type\" content=\"article\" \/>\n<meta property=\"og:title\" content=\"Tartoz\u00e9kok \u00e9s \u00e1pol\u00e1s | b!design\" \/>\n<meta property=\"og:description\" content=\"A b!designn\u00e1l megtal\u00e1lhatja az \u00faj padl\u00f3hoz sz\u00fcks\u00e9ges tiszt\u00edt\u00f3- \u00e9s \u00e1pol\u00f3szereket is. Fedezze fel kiv\u00e1l\u00f3 min\u0151s\u00e9g\u0171 tartoz\u00e9kok v\u00e1laszt\u00e9k\u00e1t most!\" \/>\n<meta property=\"og:url\" content=\"https:\/\/www.bdesign-floors.com\/hu\/tartozekok-es-apolas\/\" \/>\n<meta property=\"og:site_name\" content=\"b!design\" \/>\n<meta property=\"article:modified_time\" content=\"2022-09-13T14:54:49+00:00\" \/>\n<meta name=\"twitter:card\" content=\"summary_large_image\" \/>\n<script type=\"application\/ld+json\" class=\"yoast-schema-graph\">{\"@context\":\"https:\/\/schema.org\",\"@graph\":[{\"@type\":\"WebPage\",\"@id\":\"https:\/\/www.bdesign-floors.com\/hu\/tartozekok-es-apolas\/\",\"url\":\"https:\/\/www.bdesign-floors.com\/hu\/tartozekok-es-apolas\/\",\"name\":\"Tartoz\u00e9kok \u00e9s \u00e1pol\u00e1s | b!design\",\"isPartOf\":{\"@id\":\"https:\/\/bdesign.wp.factory.blim-dev.com\/#website\"},\"datePublished\":\"2022-09-12T14:37:13+00:00\",\"dateModified\":\"2022-09-13T14:54:49+00:00\",\"description\":\"A b!designn\u00e1l megtal\u00e1lhatja az \u00faj padl\u00f3hoz sz\u00fcks\u00e9ges tiszt\u00edt\u00f3- \u00e9s \u00e1pol\u00f3szereket is. Fedezze fel kiv\u00e1l\u00f3 min\u0151s\u00e9g\u0171 tartoz\u00e9kok v\u00e1laszt\u00e9k\u00e1t most!\",\"breadcrumb\":{\"@id\":\"https:\/\/www.bdesign-floors.com\/hu\/tartozekok-es-apolas\/#breadcrumb\"},\"inLanguage\":\"hu\",\"potentialAction\":[{\"@type\":\"ReadAction\",\"target\":[\"https:\/\/www.bdesign-floors.com\/hu\/tartozekok-es-apolas\/\"]}]},{\"@type\":\"BreadcrumbList\",\"@id\":\"https:\/\/www.bdesign-floors.com\/hu\/tartozekok-es-apolas\/#breadcrumb\",\"itemListElement\":[{\"@type\":\"ListItem\",\"position\":1,\"name\":\"Home\",\"item\":\"https:\/\/www.bdesign-floors.com\/hu\/\"},{\"@type\":\"ListItem\",\"position\":2,\"name\":\"Tartoz\u00e9kok \u00e9s \u00e1pol\u00e1s\"}]},{\"@type\":\"WebSite\",\"@id\":\"https:\/\/bdesign.wp.factory.blim-dev.com\/#website\",\"url\":\"https:\/\/bdesign.wp.factory.blim-dev.com\/\",\"name\":\"b!design\",\"description\":\"Just another WordPress site\",\"potentialAction\":[{\"@type\":\"SearchAction\",\"target\":{\"@type\":\"EntryPoint\",\"urlTemplate\":\"https:\/\/bdesign.wp.factory.blim-dev.com\/?s={search_term_string}\"},\"query-input\":{\"@type\":\"PropertyValueSpecification\",\"valueRequired\":true,\"valueName\":\"search_term_string\"}}],\"inLanguage\":\"hu\"}]}<\/script>\n<!-- \/ Yoast SEO plugin. -->","yoast_head_json":{"title":"Tartoz\u00e9kok \u00e9s \u00e1pol\u00e1s | b!design","description":"A b!designn\u00e1l megtal\u00e1lhatja az \u00faj padl\u00f3hoz sz\u00fcks\u00e9ges tiszt\u00edt\u00f3- \u00e9s \u00e1pol\u00f3szereket is. Fedezze fel kiv\u00e1l\u00f3 min\u0151s\u00e9g\u0171 tartoz\u00e9kok v\u00e1laszt\u00e9k\u00e1t most!","robots":{"index":"index","follow":"follow","max-snippet":"max-snippet:-1","max-image-preview":"max-image-preview:large","max-video-preview":"max-video-preview:-1"},"canonical":"https:\/\/www.bdesign-floors.com\/hu\/tartozekok-es-apolas\/","og_locale":"hu_HU","og_type":"article","og_title":"Tartoz\u00e9kok \u00e9s \u00e1pol\u00e1s | b!design","og_description":"A b!designn\u00e1l megtal\u00e1lhatja az \u00faj padl\u00f3hoz sz\u00fcks\u00e9ges tiszt\u00edt\u00f3- \u00e9s \u00e1pol\u00f3szereket is. Fedezze fel kiv\u00e1l\u00f3 min\u0151s\u00e9g\u0171 tartoz\u00e9kok v\u00e1laszt\u00e9k\u00e1t most!","og_url":"https:\/\/www.bdesign-floors.com\/hu\/tartozekok-es-apolas\/","og_site_name":"b!design","article_modified_time":"2022-09-13T14:54:49+00:00","twitter_card":"summary_large_image","schema":{"@context":"https:\/\/schema.org","@graph":[{"@type":"WebPage","@id":"https:\/\/www.bdesign-floors.com\/hu\/tartozekok-es-apolas\/","url":"https:\/\/www.bdesign-floors.com\/hu\/tartozekok-es-apolas\/","name":"Tartoz\u00e9kok \u00e9s \u00e1pol\u00e1s | b!design","isPartOf":{"@id":"https:\/\/bdesign.wp.factory.blim-dev.com\/#website"},"datePublished":"2022-09-12T14:37:13+00:00","dateModified":"2022-09-13T14:54:49+00:00","description":"A b!designn\u00e1l megtal\u00e1lhatja az \u00faj padl\u00f3hoz sz\u00fcks\u00e9ges tiszt\u00edt\u00f3- \u00e9s \u00e1pol\u00f3szereket is. Fedezze fel kiv\u00e1l\u00f3 min\u0151s\u00e9g\u0171 tartoz\u00e9kok v\u00e1laszt\u00e9k\u00e1t most!","breadcrumb":{"@id":"https:\/\/www.bdesign-floors.com\/hu\/tartozekok-es-apolas\/#breadcrumb"},"inLanguage":"hu","potentialAction":[{"@type":"ReadAction","target":["https:\/\/www.bdesign-floors.com\/hu\/tartozekok-es-apolas\/"]}]},{"@type":"BreadcrumbList","@id":"https:\/\/www.bdesign-floors.com\/hu\/tartozekok-es-apolas\/#breadcrumb","itemListElement":[{"@type":"ListItem","position":1,"name":"Home","item":"https:\/\/www.bdesign-floors.com\/hu\/"},{"@type":"ListItem","position":2,"name":"Tartoz\u00e9kok \u00e9s \u00e1pol\u00e1s"}]},{"@type":"WebSite","@id":"https:\/\/bdesign.wp.factory.blim-dev.com\/#website","url":"https:\/\/bdesign.wp.factory.blim-dev.com\/","name":"b!design","description":"Just another WordPress site","potentialAction":[{"@type":"SearchAction","target":{"@type":"EntryPoint","urlTemplate":"https:\/\/bdesign.wp.factory.blim-dev.com\/?s={search_term_string}"},"query-input":{"@type":"PropertyValueSpecification","valueRequired":true,"valueName":"search_term_string"}}],"inLanguage":"hu"}]}},"_links":{"self":[{"href":"https:\/\/www.bdesign-floors.com\/hu\/wp-json\/wp\/v2\/pages\/13696","targetHints":{"allow":["GET"]}}],"collection":[{"href":"https:\/\/www.bdesign-floors.com\/hu\/wp-json\/wp\/v2\/pages"}],"about":[{"href":"https:\/\/www.bdesign-floors.com\/hu\/wp-json\/wp\/v2\/types\/page"}],"author":[{"embeddable":true,"href":"https:\/\/www.bdesign-floors.com\/hu\/wp-json\/wp\/v2\/users\/8"}],"replies":[{"embeddable":true,"href":"https:\/\/www.bdesign-floors.com\/hu\/wp-json\/wp\/v2\/comments?post=13696"}],"version-history":[{"count":3,"href":"https:\/\/www.bdesign-floors.com\/hu\/wp-json\/wp\/v2\/pages\/13696\/revisions"}],"predecessor-version":[{"id":15618,"href":"https:\/\/www.bdesign-floors.com\/hu\/wp-json\/wp\/v2\/pages\/13696\/revisions\/15618"}],"wp:attachment":[{"href":"https:\/\/www.bdesign-floors.com\/hu\/wp-json\/wp\/v2\/media?parent=13696"}],"curies":[{"name":"wp","href":"https:\/\/api.w.org\/{rel}","templated":true}]}}