{"id":13795,"date":"2022-09-12T16:42:50","date_gmt":"2022-09-12T14:42:50","guid":{"rendered":"https:\/\/www.bdesign-floors.com\/tudnivalok\/gyakran-ismetelt-kerdesek\/"},"modified":"2022-09-21T10:59:58","modified_gmt":"2022-09-21T08:59:58","slug":"gyakran-ismetelt-kerdesek","status":"publish","type":"page","link":"https:\/\/www.bdesign-floors.com\/hu\/tudnivalok\/gyakran-ismetelt-kerdesek\/","title":{"rendered":"Gyakran ism\u00e9telt k\u00e9rd\u00e9sek"},"content":{"rendered":"<div id=\"bdesign2022_pageheader_block_62dfd623856fa\" class=\"bdesign2022_block bdesign2022_block--bdesign2022_pageheader\">\n    <div class=\"bdesign2022_block--wrapper\">\n                                    <div class=\"bdesign2022_ph-wrap is-single\">\n                    <div class=\"bdesign2022_ph-slide slidestyle-is-black orig-is-fekete active\">\n                        <div class=\"slide-image\">\n                            <img decoding=\"async\" class=\"img-fluid logo\" src=\"https:\/\/www.bdesign-floors.com\/wp-content\/uploads\/2022\/08\/faq-designboden-b-design.jpg\" srcset=\"https:\/\/www.bdesign-floors.com\/wp-content\/uploads\/2022\/08\/faq-designboden-b-design.jpg 1110w, https:\/\/www.bdesign-floors.com\/wp-content\/uploads\/2022\/08\/faq-designboden-b-design-768x521.jpg 768w, https:\/\/www.bdesign-floors.com\/wp-content\/uploads\/2022\/08\/faq-designboden-b-design-442x300.jpg 442w\">                        <\/div>\n                        <div class=\"slide-area\">\n                            <div class=\"slide-area-wrapper\">\n                                <h1>Gyakran ism\u00e9telt k\u00e9rd\u00e9sek<\/h1>\n                                <h6>K\u00e9rd\u00e9se van a k\u00fcl\u00f6nb\u00f6z\u0151 b!design term\u00e9kekkel kapcsolatban? Itt megtal\u00e1lja a leggyakrabban feltett k\u00e9rd\u00e9sekre adott v\u00e1laszokat.<\/h6>\n                                                                                            <\/div>\n                            <div class=\"slide-image-mobile d-md-none\">\n                                <img decoding=\"async\" class=\"img-fluid logo\" src=\"https:\/\/www.bdesign-floors.com\/wp-content\/uploads\/2022\/08\/faq-designboden-b-design.jpg\" srcset=\"https:\/\/www.bdesign-floors.com\/wp-content\/uploads\/2022\/08\/faq-designboden-b-design.jpg 1110w, https:\/\/www.bdesign-floors.com\/wp-content\/uploads\/2022\/08\/faq-designboden-b-design-768x521.jpg 768w, https:\/\/www.bdesign-floors.com\/wp-content\/uploads\/2022\/08\/faq-designboden-b-design-442x300.jpg 442w\">                            <\/div>\n                        <\/div>\n                    <\/div>\n                <\/div>\n                        <\/div>\n<\/div>\n<div id=\"bdesign2022_imagetext_block_62eb9d29cd1df\" class=\"bdesign2022_block bdesign2022_block--bdesign2022_imagetext\">\n    <div class=\"bdesign2022_block--wrapper\">\n        <div class=\"container\">\n            <div class=\"row align-items-center align-items-xxl-start align-items-xxxl-center\">\n                <div class=\"d-block d-md-block col-md-7 col-xl-4 col-xxl-5 col-xxxl-7 col-type-is-image col-count-is-1\"><img decoding=\"async\" class=\"img-fluid col-img\" src=\"https:\/\/www.bdesign-floors.com\/wp-content\/uploads\/2022\/09\/lvt-designboden-faq-b-design.jpg\" srcset=\"https:\/\/www.bdesign-floors.com\/wp-content\/uploads\/2022\/09\/lvt-designboden-faq-b-design.jpg 1110w, https:\/\/www.bdesign-floors.com\/wp-content\/uploads\/2022\/09\/lvt-designboden-faq-b-design-768x510.jpg 768w, https:\/\/www.bdesign-floors.com\/wp-content\/uploads\/2022\/09\/lvt-designboden-faq-b-design-452x300.jpg 452w\"><\/div><a href=\"https:\/\/www.bdesign-floors.com\/faq-category\/allgemeine-fragen-antworten\/\" class=\"col-12 col-md-5 col-type-is-faq faq-cat-is- col-count-is-2\"><h3>\u00c1ltal\u00e1nos k\u00e9rd\u00e9sek a b!design term\u00e9kekkel kapcsolatban<\/h3><\/a>            <\/div>\n        <\/div>\n    <\/div>\n<\/div>\n<div id=\"bdesign2022_spacer_block_62eb9b93930b4\" class=\"bdesign2022_block bdesign2022_block--bdesign2022_spacer\">\n    <div class=\"bdesign2022_block--wrapper\">\n        <div class=\"spacer\" style=\"height: 100px\"><\/div>\n    <\/div>\n<\/div>\n","protected":false},"excerpt":{"rendered":"","protected":false},"author":8,"featured_media":0,"parent":13722,"menu_order":4,"comment_status":"closed","ping_status":"closed","template":"","meta":{"_acf_changed":false,"footnotes":""},"class_list":["post-13795","page","type-page","status-publish","hentry"],"acf":[],"yoast_head":"<!-- This site is optimized with the Yoast SEO plugin v24.2 - https:\/\/yoast.com\/wordpress\/plugins\/seo\/ -->\n<title>Gyakran ism\u00e9telt k\u00e9rd\u00e9sek | b!design<\/title>\n<meta name=\"description\" content=\"K\u00e9rd\u00e9se van a k\u00fcl\u00f6nb\u00f6z\u0151 b!design term\u00e9kekkel kapcsolatban? Itt megtal\u00e1lja a leggyakrabban feltett k\u00e9rd\u00e9sekre adott v\u00e1laszokat.\" \/>\n<meta name=\"robots\" content=\"index, follow, max-snippet:-1, max-image-preview:large, max-video-preview:-1\" \/>\n<link rel=\"canonical\" href=\"https:\/\/www.bdesign-floors.com\/hu\/tudnivalok\/gyakran-ismetelt-kerdesek\/\" \/>\n<meta property=\"og:locale\" content=\"hu_HU\" \/>\n<meta property=\"og:type\" content=\"article\" \/>\n<meta property=\"og:title\" content=\"Gyakran ism\u00e9telt k\u00e9rd\u00e9sek | b!design\" \/>\n<meta property=\"og:description\" content=\"K\u00e9rd\u00e9se van a k\u00fcl\u00f6nb\u00f6z\u0151 b!design term\u00e9kekkel kapcsolatban? Itt megtal\u00e1lja a leggyakrabban feltett k\u00e9rd\u00e9sekre adott v\u00e1laszokat.\" \/>\n<meta property=\"og:url\" content=\"https:\/\/www.bdesign-floors.com\/hu\/tudnivalok\/gyakran-ismetelt-kerdesek\/\" \/>\n<meta property=\"og:site_name\" content=\"b!design\" \/>\n<meta property=\"article:modified_time\" content=\"2022-09-21T08:59:58+00:00\" \/>\n<meta name=\"twitter:card\" content=\"summary_large_image\" \/>\n<script type=\"application\/ld+json\" class=\"yoast-schema-graph\">{\"@context\":\"https:\/\/schema.org\",\"@graph\":[{\"@type\":\"WebPage\",\"@id\":\"https:\/\/www.bdesign-floors.com\/hu\/tudnivalok\/gyakran-ismetelt-kerdesek\/\",\"url\":\"https:\/\/www.bdesign-floors.com\/hu\/tudnivalok\/gyakran-ismetelt-kerdesek\/\",\"name\":\"Gyakran ism\u00e9telt k\u00e9rd\u00e9sek | b!design\",\"isPartOf\":{\"@id\":\"https:\/\/bdesign.wp.factory.blim-dev.com\/#website\"},\"datePublished\":\"2022-09-12T14:42:50+00:00\",\"dateModified\":\"2022-09-21T08:59:58+00:00\",\"description\":\"K\u00e9rd\u00e9se van a k\u00fcl\u00f6nb\u00f6z\u0151 b!design term\u00e9kekkel kapcsolatban? Itt megtal\u00e1lja a leggyakrabban feltett k\u00e9rd\u00e9sekre adott v\u00e1laszokat.\",\"breadcrumb\":{\"@id\":\"https:\/\/www.bdesign-floors.com\/hu\/tudnivalok\/gyakran-ismetelt-kerdesek\/#breadcrumb\"},\"inLanguage\":\"hu\",\"potentialAction\":[{\"@type\":\"ReadAction\",\"target\":[\"https:\/\/www.bdesign-floors.com\/hu\/tudnivalok\/gyakran-ismetelt-kerdesek\/\"]}]},{\"@type\":\"BreadcrumbList\",\"@id\":\"https:\/\/www.bdesign-floors.com\/hu\/tudnivalok\/gyakran-ismetelt-kerdesek\/#breadcrumb\",\"itemListElement\":[{\"@type\":\"ListItem\",\"position\":1,\"name\":\"Home\",\"item\":\"https:\/\/www.bdesign-floors.com\/hu\/\"},{\"@type\":\"ListItem\",\"position\":2,\"name\":\"Tudnival\u00f3k\",\"item\":\"https:\/\/bdesign.wp.factory.blim-dev.com\/hu\/tudnivalok\/\"},{\"@type\":\"ListItem\",\"position\":3,\"name\":\"Gyakran ism\u00e9telt k\u00e9rd\u00e9sek\"}]},{\"@type\":\"WebSite\",\"@id\":\"https:\/\/bdesign.wp.factory.blim-dev.com\/#website\",\"url\":\"https:\/\/bdesign.wp.factory.blim-dev.com\/\",\"name\":\"b!design\",\"description\":\"Just another WordPress site\",\"potentialAction\":[{\"@type\":\"SearchAction\",\"target\":{\"@type\":\"EntryPoint\",\"urlTemplate\":\"https:\/\/bdesign.wp.factory.blim-dev.com\/?s={search_term_string}\"},\"query-input\":{\"@type\":\"PropertyValueSpecification\",\"valueRequired\":true,\"valueName\":\"search_term_string\"}}],\"inLanguage\":\"hu\"}]}<\/script>\n<!-- \/ Yoast SEO plugin. -->","yoast_head_json":{"title":"Gyakran ism\u00e9telt k\u00e9rd\u00e9sek | b!design","description":"K\u00e9rd\u00e9se van a k\u00fcl\u00f6nb\u00f6z\u0151 b!design term\u00e9kekkel kapcsolatban? Itt megtal\u00e1lja a leggyakrabban feltett k\u00e9rd\u00e9sekre adott v\u00e1laszokat.","robots":{"index":"index","follow":"follow","max-snippet":"max-snippet:-1","max-image-preview":"max-image-preview:large","max-video-preview":"max-video-preview:-1"},"canonical":"https:\/\/www.bdesign-floors.com\/hu\/tudnivalok\/gyakran-ismetelt-kerdesek\/","og_locale":"hu_HU","og_type":"article","og_title":"Gyakran ism\u00e9telt k\u00e9rd\u00e9sek | b!design","og_description":"K\u00e9rd\u00e9se van a k\u00fcl\u00f6nb\u00f6z\u0151 b!design term\u00e9kekkel kapcsolatban? Itt megtal\u00e1lja a leggyakrabban feltett k\u00e9rd\u00e9sekre adott v\u00e1laszokat.","og_url":"https:\/\/www.bdesign-floors.com\/hu\/tudnivalok\/gyakran-ismetelt-kerdesek\/","og_site_name":"b!design","article_modified_time":"2022-09-21T08:59:58+00:00","twitter_card":"summary_large_image","schema":{"@context":"https:\/\/schema.org","@graph":[{"@type":"WebPage","@id":"https:\/\/www.bdesign-floors.com\/hu\/tudnivalok\/gyakran-ismetelt-kerdesek\/","url":"https:\/\/www.bdesign-floors.com\/hu\/tudnivalok\/gyakran-ismetelt-kerdesek\/","name":"Gyakran ism\u00e9telt k\u00e9rd\u00e9sek | b!design","isPartOf":{"@id":"https:\/\/bdesign.wp.factory.blim-dev.com\/#website"},"datePublished":"2022-09-12T14:42:50+00:00","dateModified":"2022-09-21T08:59:58+00:00","description":"K\u00e9rd\u00e9se van a k\u00fcl\u00f6nb\u00f6z\u0151 b!design term\u00e9kekkel kapcsolatban? Itt megtal\u00e1lja a leggyakrabban feltett k\u00e9rd\u00e9sekre adott v\u00e1laszokat.","breadcrumb":{"@id":"https:\/\/www.bdesign-floors.com\/hu\/tudnivalok\/gyakran-ismetelt-kerdesek\/#breadcrumb"},"inLanguage":"hu","potentialAction":[{"@type":"ReadAction","target":["https:\/\/www.bdesign-floors.com\/hu\/tudnivalok\/gyakran-ismetelt-kerdesek\/"]}]},{"@type":"BreadcrumbList","@id":"https:\/\/www.bdesign-floors.com\/hu\/tudnivalok\/gyakran-ismetelt-kerdesek\/#breadcrumb","itemListElement":[{"@type":"ListItem","position":1,"name":"Home","item":"https:\/\/www.bdesign-floors.com\/hu\/"},{"@type":"ListItem","position":2,"name":"Tudnival\u00f3k","item":"https:\/\/bdesign.wp.factory.blim-dev.com\/hu\/tudnivalok\/"},{"@type":"ListItem","position":3,"name":"Gyakran ism\u00e9telt k\u00e9rd\u00e9sek"}]},{"@type":"WebSite","@id":"https:\/\/bdesign.wp.factory.blim-dev.com\/#website","url":"https:\/\/bdesign.wp.factory.blim-dev.com\/","name":"b!design","description":"Just another WordPress site","potentialAction":[{"@type":"SearchAction","target":{"@type":"EntryPoint","urlTemplate":"https:\/\/bdesign.wp.factory.blim-dev.com\/?s={search_term_string}"},"query-input":{"@type":"PropertyValueSpecification","valueRequired":true,"valueName":"search_term_string"}}],"inLanguage":"hu"}]}},"_links":{"self":[{"href":"https:\/\/www.bdesign-floors.com\/hu\/wp-json\/wp\/v2\/pages\/13795","targetHints":{"allow":["GET"]}}],"collection":[{"href":"https:\/\/www.bdesign-floors.com\/hu\/wp-json\/wp\/v2\/pages"}],"about":[{"href":"https:\/\/www.bdesign-floors.com\/hu\/wp-json\/wp\/v2\/types\/page"}],"author":[{"embeddable":true,"href":"https:\/\/www.bdesign-floors.com\/hu\/wp-json\/wp\/v2\/users\/8"}],"replies":[{"embeddable":true,"href":"https:\/\/www.bdesign-floors.com\/hu\/wp-json\/wp\/v2\/comments?post=13795"}],"version-history":[{"count":2,"href":"https:\/\/www.bdesign-floors.com\/hu\/wp-json\/wp\/v2\/pages\/13795\/revisions"}],"predecessor-version":[{"id":16246,"href":"https:\/\/www.bdesign-floors.com\/hu\/wp-json\/wp\/v2\/pages\/13795\/revisions\/16246"}],"up":[{"embeddable":true,"href":"https:\/\/www.bdesign-floors.com\/hu\/wp-json\/wp\/v2\/pages\/13722"}],"wp:attachment":[{"href":"https:\/\/www.bdesign-floors.com\/hu\/wp-json\/wp\/v2\/media?parent=13795"}],"curies":[{"name":"wp","href":"https:\/\/api.w.org\/{rel}","templated":true}]}}