{"id":13891,"date":"2022-09-12T16:52:59","date_gmt":"2022-09-12T14:52:59","guid":{"rendered":"https:\/\/www.bdesign-floors.com\/rolunk\/impresszum\/"},"modified":"2022-09-12T16:53:01","modified_gmt":"2022-09-12T14:53:01","slug":"impresszum","status":"publish","type":"page","link":"https:\/\/www.bdesign-floors.com\/hu\/rolunk\/impresszum\/","title":{"rendered":"Impresszum"},"content":{"rendered":"<div id=\"bdesign2022_spacer_block_63061d222b814\" class=\"bdesign2022_block bdesign2022_block--bdesign2022_spacer\">\n    <div class=\"bdesign2022_block--wrapper\">\n        <div class=\"spacer\" style=\"height: 100px\"><\/div>\n    <\/div>\n<\/div>\n<div id=\"bdesign2022_customcontent_block_63061cc72b813\" class=\"bdesign2022_block bdesign2022_block--bdesign2022_customcontent\">\n    <div class=\"bdesign2022_block--wrapper\">\n        <div class=\"container\">\n            <div class=\"row\">\n                \n                    <div class=\"col-0 col-sm-2\"><\/div>\n                    <div class=\"col-12 col-sm-10 my-4\">\n                        <h1>Impresszum<\/h1>\n<p><strong>Ezen internetes oldalak \u00fczemeltet\u0151je a<\/strong><\/p>\n<p>BAUHAUS E-Business GmbH &amp; Co KG<br \/>\nGutenbergstra\u00dfe 21<br \/>\nD-68167 Mannheim<\/p>\n<p>H\u00c9A-azonos\u00edt\u00f3sz\u00e1m: DE 156673152<br \/>\nHelyi b\u00edr\u00f3s\u00e1g Mannheim: HRA 3983<\/p>\n<p>Telefon: <a href=\"tel:8003905000\">+49 800 3905 000<\/a><br \/>\nE-mail: <a href=\"mailto:service@bauhaus.info\">service@bauhaus.info<\/a><\/p>\n<h2>Szem\u00e9lyesen felel\u0151s partner<\/h2>\n<p>Werkhaus GmbH<br \/>\nSz\u00e9khely: Mannheim<br \/>\nHelyi b\u00edr\u00f3s\u00e1g Mannheim HRB 6426<br \/>\n\u00dcgyvezet\u0151 igazgat\u00f3k: Bernd Baus, Lutz Fiedler<\/p>\n<h2>Felel\u0151ss\u00e9gi nyilatkozat<\/h2>\n<p>A tartalom gondos ellen\u0151rz\u00e9se ellen\u00e9re nem v\u00e1llalunk felel\u0151ss\u00e9get a k\u00fcls\u0151 linkek tartalm\u00e1\u00e9rt. A hivatkozott oldalak tartalm\u00e1\u00e9rt kiz\u00e1r\u00f3lag a hivatkozott oldalak \u00fczemeltet\u0151i felel\u0151sek.<\/p>\n<h2>Felel\u0151ss\u00e9gi nyilatkozat<\/h2>\n<p>Nem garant\u00e1ljuk a tartalom pontoss\u00e1g\u00e1t. A hozz\u00e1j\u00e1rul\u00e1sok olyan forr\u00e1sokon alapulnak, amelyeket megb\u00edzhat\u00f3nak tartunk. Ez\u00e9rt nem v\u00e1llalhat\u00f3 felel\u0151ss\u00e9g vagy garancia a k\u00f6z\u00f6lt inform\u00e1ci\u00f3k aktualit\u00e1s\u00e1\u00e9rt, helyess\u00e9g\u00e9\u00e9rt \u00e9s teljess\u00e9g\u00e9\u00e9rt.<br \/>\nAz internetes oldalak tartalm\u00e1nak kereskedelmi felhaszn\u00e1l\u00e1s\u00e1hoz \u00e9s\/vagy tov\u00e1bbi terjeszt\u00e9s\u00e9hez \u00edr\u00e1sos enged\u00e9ly sz\u00fcks\u00e9ges.<br \/>\nA honlapunkon tal\u00e1lhat\u00f3 inform\u00e1ci\u00f3kat gondosan, a tudom\u00e1ny \u00e9s a technol\u00f3gia jelenlegi \u00e1ll\u00e1s\u00e1nak megfelel\u0151en \u00e1ll\u00edtottuk \u00f6ssze. A tud\u00e1s \u00e9s a tapasztalat szintje folyamatosan fejl\u0151dik. Ez\u00e9rt k\u00e9rj\u00fck, gy\u0151z\u0151dj\u00f6n meg r\u00f3la, hogy mindig ellen\u0151rizze a weboldal aktu\u00e1lis \u00e1llapot\u00e1t, miel\u0151tt b\u00e1rmilyen munk\u00e1t elv\u00e9gezne. K\u00e9rj\u00fck, \u00e9rtse meg, hogy az ezen oldalakon tal\u00e1lhat\u00f3 inform\u00e1ci\u00f3k\u00e9rt val\u00f3 felel\u0151ss\u00e9g\u00fcnket a sz\u00e1nd\u00e9koss\u00e1gra, a s\u00falyos gondatlans\u00e1gra \u00e9s a l\u00e9nyeges k\u00f6telezetts\u00e9gek megszeg\u00e9s\u00e9re kell korl\u00e1toznunk. A le\u00edrt term\u00e9kalkalmaz\u00e1sok nem tudj\u00e1k figyelembe venni az egyedi eset k\u00fcl\u00f6nleges k\u00f6r\u00fclm\u00e9nyeit. Ez\u00e9rt ellen\u0151rizze a felhaszn\u00e1lt term\u00e9kek alkalmass\u00e1g\u00e1t az adott alkalmaz\u00e1shoz, \u00e9s mindig vegye figyelembe a haszn\u00e1lati utas\u00edt\u00e1st \u00e9s a gy\u00e1rt\u00f3i inform\u00e1ci\u00f3kat.<\/p>\n<h2>K\u00e9p kreditpontok<\/h2>\n<p>\u00a9 Shutterstock<a href=\"https:\/\/www.shutterstock.com\/de\/\" target=\"_blank\" rel=\"noopener\">(shutterstock.com<\/a>)<\/p>\n                    <\/div>\n\n                                <\/div>\n        <\/div>\n    <\/div>\n<\/div>\n<div id=\"bdesign2022_spacer_block_63061d3a2b815\" class=\"bdesign2022_block bdesign2022_block--bdesign2022_spacer\">\n    <div class=\"bdesign2022_block--wrapper\">\n        <div class=\"spacer\" style=\"height: 100px\"><\/div>\n    <\/div>\n<\/div>\n","protected":false},"excerpt":{"rendered":"","protected":false},"author":8,"featured_media":0,"parent":13887,"menu_order":4,"comment_status":"closed","ping_status":"closed","template":"","meta":{"_acf_changed":false,"footnotes":""},"class_list":["post-13891","page","type-page","status-publish","hentry"],"acf":[],"yoast_head":"<!-- This site is optimized with the Yoast SEO plugin v24.2 - https:\/\/yoast.com\/wordpress\/plugins\/seo\/ -->\n<title>Impresszum - b!design<\/title>\n<meta name=\"robots\" content=\"index, follow, max-snippet:-1, max-image-preview:large, max-video-preview:-1\" \/>\n<link rel=\"canonical\" href=\"https:\/\/www.bdesign-floors.com\/hu\/rolunk\/impresszum\/\" \/>\n<meta property=\"og:locale\" content=\"hu_HU\" \/>\n<meta property=\"og:type\" content=\"article\" \/>\n<meta property=\"og:title\" content=\"Impresszum - b!design\" \/>\n<meta property=\"og:url\" content=\"https:\/\/www.bdesign-floors.com\/hu\/rolunk\/impresszum\/\" \/>\n<meta property=\"og:site_name\" content=\"b!design\" \/>\n<meta property=\"article:modified_time\" content=\"2022-09-12T14:53:01+00:00\" \/>\n<meta name=\"twitter:card\" content=\"summary_large_image\" \/>\n<script type=\"application\/ld+json\" class=\"yoast-schema-graph\">{\"@context\":\"https:\/\/schema.org\",\"@graph\":[{\"@type\":\"WebPage\",\"@id\":\"https:\/\/www.bdesign-floors.com\/hu\/rolunk\/impresszum\/\",\"url\":\"https:\/\/www.bdesign-floors.com\/hu\/rolunk\/impresszum\/\",\"name\":\"Impresszum - b!design\",\"isPartOf\":{\"@id\":\"https:\/\/bdesign.wp.factory.blim-dev.com\/#website\"},\"datePublished\":\"2022-09-12T14:52:59+00:00\",\"dateModified\":\"2022-09-12T14:53:01+00:00\",\"breadcrumb\":{\"@id\":\"https:\/\/www.bdesign-floors.com\/hu\/rolunk\/impresszum\/#breadcrumb\"},\"inLanguage\":\"hu\",\"potentialAction\":[{\"@type\":\"ReadAction\",\"target\":[\"https:\/\/www.bdesign-floors.com\/hu\/rolunk\/impresszum\/\"]}]},{\"@type\":\"BreadcrumbList\",\"@id\":\"https:\/\/www.bdesign-floors.com\/hu\/rolunk\/impresszum\/#breadcrumb\",\"itemListElement\":[{\"@type\":\"ListItem\",\"position\":1,\"name\":\"Home\",\"item\":\"https:\/\/www.bdesign-floors.com\/hu\/\"},{\"@type\":\"ListItem\",\"position\":2,\"name\":\"R\u00f3lunk\",\"item\":\"https:\/\/bdesign.wp.factory.blim-dev.com\/rolunk\/\"},{\"@type\":\"ListItem\",\"position\":3,\"name\":\"Impresszum\"}]},{\"@type\":\"WebSite\",\"@id\":\"https:\/\/bdesign.wp.factory.blim-dev.com\/#website\",\"url\":\"https:\/\/bdesign.wp.factory.blim-dev.com\/\",\"name\":\"b!design\",\"description\":\"Just another WordPress site\",\"potentialAction\":[{\"@type\":\"SearchAction\",\"target\":{\"@type\":\"EntryPoint\",\"urlTemplate\":\"https:\/\/bdesign.wp.factory.blim-dev.com\/?s={search_term_string}\"},\"query-input\":{\"@type\":\"PropertyValueSpecification\",\"valueRequired\":true,\"valueName\":\"search_term_string\"}}],\"inLanguage\":\"hu\"}]}<\/script>\n<!-- \/ Yoast SEO plugin. -->","yoast_head_json":{"title":"Impresszum - b!design","robots":{"index":"index","follow":"follow","max-snippet":"max-snippet:-1","max-image-preview":"max-image-preview:large","max-video-preview":"max-video-preview:-1"},"canonical":"https:\/\/www.bdesign-floors.com\/hu\/rolunk\/impresszum\/","og_locale":"hu_HU","og_type":"article","og_title":"Impresszum - b!design","og_url":"https:\/\/www.bdesign-floors.com\/hu\/rolunk\/impresszum\/","og_site_name":"b!design","article_modified_time":"2022-09-12T14:53:01+00:00","twitter_card":"summary_large_image","schema":{"@context":"https:\/\/schema.org","@graph":[{"@type":"WebPage","@id":"https:\/\/www.bdesign-floors.com\/hu\/rolunk\/impresszum\/","url":"https:\/\/www.bdesign-floors.com\/hu\/rolunk\/impresszum\/","name":"Impresszum - b!design","isPartOf":{"@id":"https:\/\/bdesign.wp.factory.blim-dev.com\/#website"},"datePublished":"2022-09-12T14:52:59+00:00","dateModified":"2022-09-12T14:53:01+00:00","breadcrumb":{"@id":"https:\/\/www.bdesign-floors.com\/hu\/rolunk\/impresszum\/#breadcrumb"},"inLanguage":"hu","potentialAction":[{"@type":"ReadAction","target":["https:\/\/www.bdesign-floors.com\/hu\/rolunk\/impresszum\/"]}]},{"@type":"BreadcrumbList","@id":"https:\/\/www.bdesign-floors.com\/hu\/rolunk\/impresszum\/#breadcrumb","itemListElement":[{"@type":"ListItem","position":1,"name":"Home","item":"https:\/\/www.bdesign-floors.com\/hu\/"},{"@type":"ListItem","position":2,"name":"R\u00f3lunk","item":"https:\/\/bdesign.wp.factory.blim-dev.com\/rolunk\/"},{"@type":"ListItem","position":3,"name":"Impresszum"}]},{"@type":"WebSite","@id":"https:\/\/bdesign.wp.factory.blim-dev.com\/#website","url":"https:\/\/bdesign.wp.factory.blim-dev.com\/","name":"b!design","description":"Just another WordPress site","potentialAction":[{"@type":"SearchAction","target":{"@type":"EntryPoint","urlTemplate":"https:\/\/bdesign.wp.factory.blim-dev.com\/?s={search_term_string}"},"query-input":{"@type":"PropertyValueSpecification","valueRequired":true,"valueName":"search_term_string"}}],"inLanguage":"hu"}]}},"_links":{"self":[{"href":"https:\/\/www.bdesign-floors.com\/hu\/wp-json\/wp\/v2\/pages\/13891","targetHints":{"allow":["GET"]}}],"collection":[{"href":"https:\/\/www.bdesign-floors.com\/hu\/wp-json\/wp\/v2\/pages"}],"about":[{"href":"https:\/\/www.bdesign-floors.com\/hu\/wp-json\/wp\/v2\/types\/page"}],"author":[{"embeddable":true,"href":"https:\/\/www.bdesign-floors.com\/hu\/wp-json\/wp\/v2\/users\/8"}],"replies":[{"embeddable":true,"href":"https:\/\/www.bdesign-floors.com\/hu\/wp-json\/wp\/v2\/comments?post=13891"}],"version-history":[{"count":1,"href":"https:\/\/www.bdesign-floors.com\/hu\/wp-json\/wp\/v2\/pages\/13891\/revisions"}],"predecessor-version":[{"id":13894,"href":"https:\/\/www.bdesign-floors.com\/hu\/wp-json\/wp\/v2\/pages\/13891\/revisions\/13894"}],"up":[{"embeddable":true,"href":"https:\/\/www.bdesign-floors.com\/hu\/wp-json\/wp\/v2\/pages\/13887"}],"wp:attachment":[{"href":"https:\/\/www.bdesign-floors.com\/hu\/wp-json\/wp\/v2\/media?parent=13891"}],"curies":[{"name":"wp","href":"https:\/\/api.w.org\/{rel}","templated":true}]}}