{"id":13893,"date":"2022-09-12T16:53:00","date_gmt":"2022-09-12T14:53:00","guid":{"rendered":"https:\/\/www.bdesign-floors.com\/terbeli-tervezo\/"},"modified":"2022-09-12T16:53:02","modified_gmt":"2022-09-12T14:53:02","slug":"terbeli-tervezo","status":"publish","type":"page","link":"https:\/\/www.bdesign-floors.com\/hu\/inspiracio\/terbeli-tervezo\/","title":{"rendered":"T\u00e9rbeli tervez\u0151"},"content":{"rendered":"<div id=\"bdesign2022_pageheader_block_62dfd623856fa\" class=\"bdesign2022_block bdesign2022_block--bdesign2022_pageheader\">\n    <div class=\"bdesign2022_block--wrapper\">\n                                    <div class=\"bdesign2022_ph-wrap is-single\">\n                    <div class=\"bdesign2022_ph-slide slidestyle-is-black orig-is-fekete active\">\n                        <div class=\"slide-image\">\n                            <img decoding=\"async\" class=\"img-fluid logo\" src=\"https:\/\/www.bdesign-floors.com\/wp-content\/uploads\/2022\/08\/LVT-designboden-b-design.jpg\" srcset=\"https:\/\/www.bdesign-floors.com\/wp-content\/uploads\/2022\/08\/LVT-designboden-b-design.jpg 1110w, https:\/\/www.bdesign-floors.com\/wp-content\/uploads\/2022\/08\/LVT-designboden-b-design-768x521.jpg 768w, https:\/\/www.bdesign-floors.com\/wp-content\/uploads\/2022\/08\/LVT-designboden-b-design-442x300.jpg 442w\">                        <\/div>\n                        <div class=\"slide-area\">\n                            <div class=\"slide-area-wrapper\">\n                                <h1>A praktikus b!design szobatervez\u0151<\/h1>\n                                <h6>Szobatervez\u0151nk seg\u00edts\u00e9g\u00e9vel k\u00f6nnyed\u00e9n megn\u00e9zheti, hogyan fog kin\u00e9zni \u00e1lmai padl\u00f3ja otthon\u00e1ban &#8211; m\u00e9g a v\u00e1s\u00e1rl\u00e1s el\u0151tt.<\/h6>\n                                                                                            <\/div>\n                            <div class=\"slide-image-mobile d-md-none\">\n                                <img decoding=\"async\" class=\"img-fluid logo\" src=\"https:\/\/www.bdesign-floors.com\/wp-content\/uploads\/2022\/08\/LVT-designboden-b-design.jpg\" srcset=\"https:\/\/www.bdesign-floors.com\/wp-content\/uploads\/2022\/08\/LVT-designboden-b-design.jpg 1110w, https:\/\/www.bdesign-floors.com\/wp-content\/uploads\/2022\/08\/LVT-designboden-b-design-768x521.jpg 768w, https:\/\/www.bdesign-floors.com\/wp-content\/uploads\/2022\/08\/LVT-designboden-b-design-442x300.jpg 442w\">                            <\/div>\n                        <\/div>\n                    <\/div>\n                <\/div>\n                        <\/div>\n<\/div>\n","protected":false},"excerpt":{"rendered":"","protected":false},"author":8,"featured_media":0,"parent":13920,"menu_order":1,"comment_status":"closed","ping_status":"closed","template":"","meta":{"_acf_changed":false,"footnotes":""},"class_list":["post-13893","page","type-page","status-publish","hentry"],"acf":[],"yoast_head":"<!-- This site is optimized with the Yoast SEO plugin v24.2 - https:\/\/yoast.com\/wordpress\/plugins\/seo\/ -->\n<title>Szobatervez\u0151 | b!design<\/title>\n<meta name=\"description\" content=\"Tervezze meg helyis\u00e9g\u00e9t a b!design online padl\u00f3burkolat tervez\u0151vel, \u00e9s tesztelje a k\u00fcl\u00f6nb\u00f6z\u0151 padl\u00f3burkolatok t\u00e9rhat\u00e1s\u00e1t.\" \/>\n<meta name=\"robots\" content=\"index, follow, max-snippet:-1, max-image-preview:large, max-video-preview:-1\" \/>\n<link rel=\"canonical\" href=\"https:\/\/www.bdesign-floors.com\/hu\/inspiracio\/terbeli-tervezo\/\" \/>\n<meta property=\"og:locale\" content=\"hu_HU\" \/>\n<meta property=\"og:type\" content=\"article\" \/>\n<meta property=\"og:title\" content=\"Szobatervez\u0151 | b!design\" \/>\n<meta property=\"og:description\" content=\"Tervezze meg helyis\u00e9g\u00e9t a b!design online padl\u00f3burkolat tervez\u0151vel, \u00e9s tesztelje a k\u00fcl\u00f6nb\u00f6z\u0151 padl\u00f3burkolatok t\u00e9rhat\u00e1s\u00e1t.\" \/>\n<meta property=\"og:url\" content=\"https:\/\/www.bdesign-floors.com\/hu\/inspiracio\/terbeli-tervezo\/\" \/>\n<meta property=\"og:site_name\" content=\"b!design\" \/>\n<meta property=\"article:modified_time\" content=\"2022-09-12T14:53:02+00:00\" \/>\n<meta name=\"twitter:card\" content=\"summary_large_image\" \/>\n<script type=\"application\/ld+json\" class=\"yoast-schema-graph\">{\"@context\":\"https:\/\/schema.org\",\"@graph\":[{\"@type\":\"WebPage\",\"@id\":\"https:\/\/www.bdesign-floors.com\/hu\/inspiracio\/terbeli-tervezo\/\",\"url\":\"https:\/\/www.bdesign-floors.com\/hu\/inspiracio\/terbeli-tervezo\/\",\"name\":\"Szobatervez\u0151 | b!design\",\"isPartOf\":{\"@id\":\"https:\/\/bdesign.wp.factory.blim-dev.com\/#website\"},\"datePublished\":\"2022-09-12T14:53:00+00:00\",\"dateModified\":\"2022-09-12T14:53:02+00:00\",\"description\":\"Tervezze meg helyis\u00e9g\u00e9t a b!design online padl\u00f3burkolat tervez\u0151vel, \u00e9s tesztelje a k\u00fcl\u00f6nb\u00f6z\u0151 padl\u00f3burkolatok t\u00e9rhat\u00e1s\u00e1t.\",\"breadcrumb\":{\"@id\":\"https:\/\/www.bdesign-floors.com\/hu\/inspiracio\/terbeli-tervezo\/#breadcrumb\"},\"inLanguage\":\"hu\",\"potentialAction\":[{\"@type\":\"ReadAction\",\"target\":[\"https:\/\/www.bdesign-floors.com\/hu\/inspiracio\/terbeli-tervezo\/\"]}]},{\"@type\":\"BreadcrumbList\",\"@id\":\"https:\/\/www.bdesign-floors.com\/hu\/inspiracio\/terbeli-tervezo\/#breadcrumb\",\"itemListElement\":[{\"@type\":\"ListItem\",\"position\":1,\"name\":\"Home\",\"item\":\"https:\/\/www.bdesign-floors.com\/hu\/\"},{\"@type\":\"ListItem\",\"position\":2,\"name\":\"T\u00e9rbeli tervez\u0151\"}]},{\"@type\":\"WebSite\",\"@id\":\"https:\/\/bdesign.wp.factory.blim-dev.com\/#website\",\"url\":\"https:\/\/bdesign.wp.factory.blim-dev.com\/\",\"name\":\"b!design\",\"description\":\"Just another WordPress site\",\"potentialAction\":[{\"@type\":\"SearchAction\",\"target\":{\"@type\":\"EntryPoint\",\"urlTemplate\":\"https:\/\/bdesign.wp.factory.blim-dev.com\/?s={search_term_string}\"},\"query-input\":{\"@type\":\"PropertyValueSpecification\",\"valueRequired\":true,\"valueName\":\"search_term_string\"}}],\"inLanguage\":\"hu\"}]}<\/script>\n<!-- \/ Yoast SEO plugin. -->","yoast_head_json":{"title":"Szobatervez\u0151 | b!design","description":"Tervezze meg helyis\u00e9g\u00e9t a b!design online padl\u00f3burkolat tervez\u0151vel, \u00e9s tesztelje a k\u00fcl\u00f6nb\u00f6z\u0151 padl\u00f3burkolatok t\u00e9rhat\u00e1s\u00e1t.","robots":{"index":"index","follow":"follow","max-snippet":"max-snippet:-1","max-image-preview":"max-image-preview:large","max-video-preview":"max-video-preview:-1"},"canonical":"https:\/\/www.bdesign-floors.com\/hu\/inspiracio\/terbeli-tervezo\/","og_locale":"hu_HU","og_type":"article","og_title":"Szobatervez\u0151 | b!design","og_description":"Tervezze meg helyis\u00e9g\u00e9t a b!design online padl\u00f3burkolat tervez\u0151vel, \u00e9s tesztelje a k\u00fcl\u00f6nb\u00f6z\u0151 padl\u00f3burkolatok t\u00e9rhat\u00e1s\u00e1t.","og_url":"https:\/\/www.bdesign-floors.com\/hu\/inspiracio\/terbeli-tervezo\/","og_site_name":"b!design","article_modified_time":"2022-09-12T14:53:02+00:00","twitter_card":"summary_large_image","schema":{"@context":"https:\/\/schema.org","@graph":[{"@type":"WebPage","@id":"https:\/\/www.bdesign-floors.com\/hu\/inspiracio\/terbeli-tervezo\/","url":"https:\/\/www.bdesign-floors.com\/hu\/inspiracio\/terbeli-tervezo\/","name":"Szobatervez\u0151 | b!design","isPartOf":{"@id":"https:\/\/bdesign.wp.factory.blim-dev.com\/#website"},"datePublished":"2022-09-12T14:53:00+00:00","dateModified":"2022-09-12T14:53:02+00:00","description":"Tervezze meg helyis\u00e9g\u00e9t a b!design online padl\u00f3burkolat tervez\u0151vel, \u00e9s tesztelje a k\u00fcl\u00f6nb\u00f6z\u0151 padl\u00f3burkolatok t\u00e9rhat\u00e1s\u00e1t.","breadcrumb":{"@id":"https:\/\/www.bdesign-floors.com\/hu\/inspiracio\/terbeli-tervezo\/#breadcrumb"},"inLanguage":"hu","potentialAction":[{"@type":"ReadAction","target":["https:\/\/www.bdesign-floors.com\/hu\/inspiracio\/terbeli-tervezo\/"]}]},{"@type":"BreadcrumbList","@id":"https:\/\/www.bdesign-floors.com\/hu\/inspiracio\/terbeli-tervezo\/#breadcrumb","itemListElement":[{"@type":"ListItem","position":1,"name":"Home","item":"https:\/\/www.bdesign-floors.com\/hu\/"},{"@type":"ListItem","position":2,"name":"T\u00e9rbeli tervez\u0151"}]},{"@type":"WebSite","@id":"https:\/\/bdesign.wp.factory.blim-dev.com\/#website","url":"https:\/\/bdesign.wp.factory.blim-dev.com\/","name":"b!design","description":"Just another WordPress site","potentialAction":[{"@type":"SearchAction","target":{"@type":"EntryPoint","urlTemplate":"https:\/\/bdesign.wp.factory.blim-dev.com\/?s={search_term_string}"},"query-input":{"@type":"PropertyValueSpecification","valueRequired":true,"valueName":"search_term_string"}}],"inLanguage":"hu"}]}},"_links":{"self":[{"href":"https:\/\/www.bdesign-floors.com\/hu\/wp-json\/wp\/v2\/pages\/13893","targetHints":{"allow":["GET"]}}],"collection":[{"href":"https:\/\/www.bdesign-floors.com\/hu\/wp-json\/wp\/v2\/pages"}],"about":[{"href":"https:\/\/www.bdesign-floors.com\/hu\/wp-json\/wp\/v2\/types\/page"}],"author":[{"embeddable":true,"href":"https:\/\/www.bdesign-floors.com\/hu\/wp-json\/wp\/v2\/users\/8"}],"replies":[{"embeddable":true,"href":"https:\/\/www.bdesign-floors.com\/hu\/wp-json\/wp\/v2\/comments?post=13893"}],"version-history":[{"count":1,"href":"https:\/\/www.bdesign-floors.com\/hu\/wp-json\/wp\/v2\/pages\/13893\/revisions"}],"predecessor-version":[{"id":13895,"href":"https:\/\/www.bdesign-floors.com\/hu\/wp-json\/wp\/v2\/pages\/13893\/revisions\/13895"}],"up":[{"embeddable":true,"href":"https:\/\/www.bdesign-floors.com\/hu\/wp-json\/wp\/v2\/pages\/13920"}],"wp:attachment":[{"href":"https:\/\/www.bdesign-floors.com\/hu\/wp-json\/wp\/v2\/media?parent=13893"}],"curies":[{"name":"wp","href":"https:\/\/api.w.org\/{rel}","templated":true}]}}