{"id":13912,"date":"2022-09-12T16:53:01","date_gmt":"2022-09-12T14:53:01","guid":{"rendered":"https:\/\/www.bdesign-floors.com\/hol-lehet-megvasarolni\/"},"modified":"2022-09-21T13:12:13","modified_gmt":"2022-09-21T11:12:13","slug":"hol-lehet-megvasarolni","status":"publish","type":"page","link":"https:\/\/www.bdesign-floors.com\/hu\/hol-lehet-megvasarolni\/","title":{"rendered":"Hol lehet megv\u00e1s\u00e1rolni"},"content":{"rendered":"<div id=\"bdesign2022_pageheader_block_62eb97d8ed6a9\" class=\"bdesign2022_block bdesign2022_block--bdesign2022_pageheader\">\n    <div class=\"bdesign2022_block--wrapper\">\n                                    <div class=\"bdesign2022_ph-wrap is-single\">\n                    <div class=\"bdesign2022_ph-slide slidestyle-is-black orig-is-fekete active\">\n                        <div class=\"slide-image\">\n                            <img decoding=\"async\" class=\"img-fluid logo\" src=\"https:\/\/www.bdesign-floors.com\/wp-content\/uploads\/2022\/08\/wo-kaufen-designboden-b-design.jpg\" srcset=\"https:\/\/www.bdesign-floors.com\/wp-content\/uploads\/2022\/08\/wo-kaufen-designboden-b-design.jpg 1110w, https:\/\/www.bdesign-floors.com\/wp-content\/uploads\/2022\/08\/wo-kaufen-designboden-b-design-768x521.jpg 768w, https:\/\/www.bdesign-floors.com\/wp-content\/uploads\/2022\/08\/wo-kaufen-designboden-b-design-442x300.jpg 442w\">                        <\/div>\n                        <div class=\"slide-area\">\n                            <div class=\"slide-area-wrapper\">\n                                <h1>v\u00e1s\u00e1rolni b!design<br>wo<\/h1>\n                                <h6>Keressen egy BAUHAUS szak\u00fczletet az \u00d6n k\u00f6zel\u00e9ben, vagy rendelje meg a k\u00edv\u00e1nt padl\u00f3t k\u00f6zvetlen\u00fcl a BAUHAUS web\u00e1ruh\u00e1zb\u00f3l.<\/h6>\n                                                                                            <\/div>\n                            <div class=\"slide-image-mobile d-md-none\">\n                                <img decoding=\"async\" class=\"img-fluid logo\" src=\"https:\/\/www.bdesign-floors.com\/wp-content\/uploads\/2022\/08\/wo-kaufen-designboden-b-design.jpg\" srcset=\"https:\/\/www.bdesign-floors.com\/wp-content\/uploads\/2022\/08\/wo-kaufen-designboden-b-design.jpg 1110w, https:\/\/www.bdesign-floors.com\/wp-content\/uploads\/2022\/08\/wo-kaufen-designboden-b-design-768x521.jpg 768w, https:\/\/www.bdesign-floors.com\/wp-content\/uploads\/2022\/08\/wo-kaufen-designboden-b-design-442x300.jpg 442w\">                            <\/div>\n                        <\/div>\n                    <\/div>\n                <\/div>\n                        <\/div>\n<\/div>\n<div id=\"bdesign2022_headline_block_62eb9882ed6aa\" class=\"bdesign2022_block bdesign2022_block--bdesign2022_headline\">\n    <div class=\"bdesign2022_block--wrapper\">\n        <div class=\"container my-4\">\n            \n                                    <h5 class=\"h5 text-start mt-5 mb-3\">Hol lehet megv\u00e1s\u00e1rolni<\/h5>\n                                                    <h2 class=\"h1 text-start mt-2 mb-4\">A b!design design vinil padl\u00f3burkolat kiz\u00e1r\u00f3lag a BAUHAUS-n\u00e1l kaphat\u00f3.<\/h2>\n                                \n                        <\/div>\n    <\/div>\n<\/div>\n<div id=\"bdesign2022_2columntext_block_62eb98a2ed6ab\" class=\"bdesign2022_block bdesign2022_block--bdesign2022_2columntext\">\n    <div class=\"bdesign2022_block--wrapper\">\n        <div class=\"container my-4\">\n            <div class=\"row align-items-start\">\n                <div class=\"col-12 col-xxl-4 offset-0 offset-xxl-2 my-3\">\n                    <p>Beleszeretett valamelyik designpadl\u00f3ba, \u00e9s most szeretn\u00e9 tudni, hogyan lehet ezt a padl\u00f3t a legjobban elhelyezni otthon\u00e1ban? A legjobb helyre j\u00f6tt\u00e9l! A b!design m\u00e1rka kiz\u00e1r\u00f3lag a BAUHAUS-ban kaphat\u00f3. Ez az \u00d6n sz\u00e1m\u00e1ra azt jelenti: Keressen egy BAUHAUS szakk\u00f6zpontot az \u00d6n k\u00f6zel\u00e9ben, \u00e9s biztos\u00edtsa \u00e1lmai padl\u00f3j\u00e1t.<\/p>\n                <\/div>\n                <div class=\"c0l-12 col-xxl-4 xxl-3 my-3\">\n                    <p>Vagy: H\u00edvja fel a BAUHAUS web\u00e1ruh\u00e1zat, keresse meg \u00e1lmai padl\u00f3j\u00e1t, \u00e9s k\u00e9nyelmesen sz\u00e1ll\u00edttassa ki otthon\u00e1ba. Ak\u00e1r helyben szeretne v\u00e1s\u00e1rolni, ak\u00e1r ink\u00e1bb online v\u00e1s\u00e1rol &#8211; az \u00faj b!design design vinil padl\u00f3 m\u00e1r v\u00e1rja \u00d6nt!<\/p>\n                <\/div>\n            <\/div>\n        <\/div>\n    <\/div>\n<\/div>\n<div id=\"bdesign2022_imagetext_block_62eb98bded6ac\" class=\"bdesign2022_block bdesign2022_block--bdesign2022_imagetext\">\n    <div class=\"bdesign2022_block--wrapper\">\n        <div class=\"container\">\n            <div class=\"row align-items-center align-items-xxl-start align-items-xxxl-center\">\n                <div class=\"d-block d-md-block col-md-7 col-xl-4 col-xxl-5 col-xxxl-7 col-type-is-image col-count-is-1\"><img decoding=\"async\" class=\"img-fluid col-img\" src=\"https:\/\/www.bdesign-floors.com\/wp-content\/uploads\/2022\/08\/wo-kaufen-fachzentrum-b-design.jpg\" srcset=\"https:\/\/www.bdesign-floors.com\/wp-content\/uploads\/2022\/08\/wo-kaufen-fachzentrum-b-design.jpg 1110w, https:\/\/www.bdesign-floors.com\/wp-content\/uploads\/2022\/08\/wo-kaufen-fachzentrum-b-design-768x510.jpg 768w, https:\/\/www.bdesign-floors.com\/wp-content\/uploads\/2022\/08\/wo-kaufen-fachzentrum-b-design-452x300.jpg 452w\"><\/div><div class=\"col-12 col-xl-7 col-xxl-6 col-xxxl-4 col-type-is-imagetext col-count-is-2\"><h3>K\u00f6zvetlen\u00fcl a BAUHAUS szakk\u00f6zpontban<\/h3><p>N\u00e9metorsz\u00e1gban t\u00f6bb mint 150 BAUHAUS szakk\u00f6zpont van, \u00edgy biztosan tal\u00e1l egyet az \u00d6n k\u00f6zel\u00e9ben. Tapasztalja meg \u00faj padl\u00f3j\u00e1t k\u00f6zvetlen\u00fcl a helysz\u00ednen, \u00e9lvezze az el\u0151ny\u00e9t annak, hogy m\u00e1r tudja, milyen \u00e9rz\u00e9s, \u00e9s kapjon szem\u00e9lyes tan\u00e1csokat.<\/p>\n<a class=\"btn btn-bdesign2022 btn-pagelink\" href=\"https:\/\/www.bauhaus.info\/fachcentren\/fachcentrensuche\" target=\"_blank\">Szak\u00e9rt\u0151i k\u00f6zpont keres\u00e9s<\/a><\/div>            <\/div>\n        <\/div>\n    <\/div>\n<\/div>\n<div id=\"bdesign2022_imagetext_block_62eb98eaed6af\" class=\"bdesign2022_block bdesign2022_block--bdesign2022_imagetext\">\n    <div class=\"bdesign2022_block--wrapper\">\n        <div class=\"container\">\n            <div class=\"row align-items-center align-items-xxl-start align-items-xxxl-center\">\n                <div class=\"col-12 col-xl-7 col-xxl-6 col-xxxl-4 col-type-is-imagetext col-count-is-1\"><h3>b!design a BAUHAUS web\u00e1ruh\u00e1zban<\/h3><p>Ink\u00e1bb online v\u00e1s\u00e1rol? Semmi gond! Padl\u00f3ink a Bauhaus web\u00e1ruh\u00e1zban kaphat\u00f3k. Egyszer\u0171en v\u00e1lassza ki a kedvenc\u00e9t, \u00e9s rendeljen mindent k\u00e9nyelmesen otthonr\u00f3l. Tipp: Szobatervez\u0151nk seg\u00edts\u00e9g\u00e9vel el\u0151re l\u00e1thatja, hogyan fog kin\u00e9zni az \u00faj padl\u00f3 az otthon\u00e1ban.<\/p>\n<a class=\"btn btn-bdesign2022 btn-pagelink\" href=\"https:\/\/www.bauhaus.info\/vinylboden\/c\/10000479?q=%3Arelevance%3Abrands%3Ab!design\" target=\"_blank\">Az online boltba<\/a><\/div><div class=\"d-block d-md-block col-md-7 col-xl-4 col-xxl-5 col-xxxl-7 col-type-is-image col-count-is-2\"><img decoding=\"async\" class=\"img-fluid col-img\" src=\"https:\/\/www.bdesign-floors.com\/wp-content\/uploads\/2022\/08\/wo-kaufen-online-shop-b-design.jpg\" srcset=\"https:\/\/www.bdesign-floors.com\/wp-content\/uploads\/2022\/08\/wo-kaufen-online-shop-b-design.jpg 1110w, https:\/\/www.bdesign-floors.com\/wp-content\/uploads\/2022\/08\/wo-kaufen-online-shop-b-design-768x510.jpg 768w, https:\/\/www.bdesign-floors.com\/wp-content\/uploads\/2022\/08\/wo-kaufen-online-shop-b-design-452x300.jpg 452w\"><\/div>            <\/div>\n        <\/div>\n    <\/div>\n<\/div>\n<div id=\"bdesign2022_spacer_block_62eb9a2fb9748\" class=\"bdesign2022_block bdesign2022_block--bdesign2022_spacer\">\n    <div class=\"bdesign2022_block--wrapper\">\n        <div class=\"spacer\" style=\"height: 50px\"><\/div>\n    <\/div>\n<\/div>\n","protected":false},"excerpt":{"rendered":"","protected":false},"author":8,"featured_media":0,"parent":0,"menu_order":5,"comment_status":"closed","ping_status":"closed","template":"","meta":{"_acf_changed":false,"footnotes":""},"class_list":["post-13912","page","type-page","status-publish","hentry"],"acf":[],"yoast_head":"<!-- This site is optimized with the Yoast SEO plugin v24.2 - https:\/\/yoast.com\/wordpress\/plugins\/seo\/ -->\n<title>Hol lehet megv\u00e1s\u00e1rolni | b!design<\/title>\n<meta name=\"description\" content=\"Szeretn\u00e9 tudni, hogy hol v\u00e1s\u00e1rolhat b!design design vinil padl\u00f3t? Itt minden inform\u00e1ci\u00f3t megtal\u00e1l - mind a helyhez k\u00f6t\u00f6tt, mind az online v\u00e1s\u00e1rl\u00e1shoz.\" \/>\n<meta name=\"robots\" content=\"index, follow, max-snippet:-1, max-image-preview:large, max-video-preview:-1\" \/>\n<link rel=\"canonical\" href=\"https:\/\/www.bdesign-floors.com\/hu\/hol-lehet-megvasarolni\/\" \/>\n<meta property=\"og:locale\" content=\"hu_HU\" \/>\n<meta property=\"og:type\" content=\"article\" \/>\n<meta property=\"og:title\" content=\"Hol lehet megv\u00e1s\u00e1rolni | b!design\" \/>\n<meta property=\"og:description\" content=\"Szeretn\u00e9 tudni, hogy hol v\u00e1s\u00e1rolhat b!design design vinil padl\u00f3t? Itt minden inform\u00e1ci\u00f3t megtal\u00e1l - mind a helyhez k\u00f6t\u00f6tt, mind az online v\u00e1s\u00e1rl\u00e1shoz.\" \/>\n<meta property=\"og:url\" content=\"https:\/\/www.bdesign-floors.com\/hu\/hol-lehet-megvasarolni\/\" \/>\n<meta property=\"og:site_name\" content=\"b!design\" \/>\n<meta property=\"article:modified_time\" content=\"2022-09-21T11:12:13+00:00\" \/>\n<meta name=\"twitter:card\" content=\"summary_large_image\" \/>\n<script type=\"application\/ld+json\" class=\"yoast-schema-graph\">{\"@context\":\"https:\/\/schema.org\",\"@graph\":[{\"@type\":\"WebPage\",\"@id\":\"https:\/\/www.bdesign-floors.com\/hu\/hol-lehet-megvasarolni\/\",\"url\":\"https:\/\/www.bdesign-floors.com\/hu\/hol-lehet-megvasarolni\/\",\"name\":\"Hol lehet megv\u00e1s\u00e1rolni | b!design\",\"isPartOf\":{\"@id\":\"https:\/\/bdesign.wp.factory.blim-dev.com\/#website\"},\"datePublished\":\"2022-09-12T14:53:01+00:00\",\"dateModified\":\"2022-09-21T11:12:13+00:00\",\"description\":\"Szeretn\u00e9 tudni, hogy hol v\u00e1s\u00e1rolhat b!design design vinil padl\u00f3t? Itt minden inform\u00e1ci\u00f3t megtal\u00e1l - mind a helyhez k\u00f6t\u00f6tt, mind az online v\u00e1s\u00e1rl\u00e1shoz.\",\"breadcrumb\":{\"@id\":\"https:\/\/www.bdesign-floors.com\/hu\/hol-lehet-megvasarolni\/#breadcrumb\"},\"inLanguage\":\"hu\",\"potentialAction\":[{\"@type\":\"ReadAction\",\"target\":[\"https:\/\/www.bdesign-floors.com\/hu\/hol-lehet-megvasarolni\/\"]}]},{\"@type\":\"BreadcrumbList\",\"@id\":\"https:\/\/www.bdesign-floors.com\/hu\/hol-lehet-megvasarolni\/#breadcrumb\",\"itemListElement\":[{\"@type\":\"ListItem\",\"position\":1,\"name\":\"Home\",\"item\":\"https:\/\/www.bdesign-floors.com\/hu\/\"},{\"@type\":\"ListItem\",\"position\":2,\"name\":\"Hol lehet megv\u00e1s\u00e1rolni\"}]},{\"@type\":\"WebSite\",\"@id\":\"https:\/\/bdesign.wp.factory.blim-dev.com\/#website\",\"url\":\"https:\/\/bdesign.wp.factory.blim-dev.com\/\",\"name\":\"b!design\",\"description\":\"Just another WordPress site\",\"potentialAction\":[{\"@type\":\"SearchAction\",\"target\":{\"@type\":\"EntryPoint\",\"urlTemplate\":\"https:\/\/bdesign.wp.factory.blim-dev.com\/?s={search_term_string}\"},\"query-input\":{\"@type\":\"PropertyValueSpecification\",\"valueRequired\":true,\"valueName\":\"search_term_string\"}}],\"inLanguage\":\"hu\"}]}<\/script>\n<!-- \/ Yoast SEO plugin. -->","yoast_head_json":{"title":"Hol lehet megv\u00e1s\u00e1rolni | b!design","description":"Szeretn\u00e9 tudni, hogy hol v\u00e1s\u00e1rolhat b!design design vinil padl\u00f3t? Itt minden inform\u00e1ci\u00f3t megtal\u00e1l - mind a helyhez k\u00f6t\u00f6tt, mind az online v\u00e1s\u00e1rl\u00e1shoz.","robots":{"index":"index","follow":"follow","max-snippet":"max-snippet:-1","max-image-preview":"max-image-preview:large","max-video-preview":"max-video-preview:-1"},"canonical":"https:\/\/www.bdesign-floors.com\/hu\/hol-lehet-megvasarolni\/","og_locale":"hu_HU","og_type":"article","og_title":"Hol lehet megv\u00e1s\u00e1rolni | b!design","og_description":"Szeretn\u00e9 tudni, hogy hol v\u00e1s\u00e1rolhat b!design design vinil padl\u00f3t? Itt minden inform\u00e1ci\u00f3t megtal\u00e1l - mind a helyhez k\u00f6t\u00f6tt, mind az online v\u00e1s\u00e1rl\u00e1shoz.","og_url":"https:\/\/www.bdesign-floors.com\/hu\/hol-lehet-megvasarolni\/","og_site_name":"b!design","article_modified_time":"2022-09-21T11:12:13+00:00","twitter_card":"summary_large_image","schema":{"@context":"https:\/\/schema.org","@graph":[{"@type":"WebPage","@id":"https:\/\/www.bdesign-floors.com\/hu\/hol-lehet-megvasarolni\/","url":"https:\/\/www.bdesign-floors.com\/hu\/hol-lehet-megvasarolni\/","name":"Hol lehet megv\u00e1s\u00e1rolni | b!design","isPartOf":{"@id":"https:\/\/bdesign.wp.factory.blim-dev.com\/#website"},"datePublished":"2022-09-12T14:53:01+00:00","dateModified":"2022-09-21T11:12:13+00:00","description":"Szeretn\u00e9 tudni, hogy hol v\u00e1s\u00e1rolhat b!design design vinil padl\u00f3t? Itt minden inform\u00e1ci\u00f3t megtal\u00e1l - mind a helyhez k\u00f6t\u00f6tt, mind az online v\u00e1s\u00e1rl\u00e1shoz.","breadcrumb":{"@id":"https:\/\/www.bdesign-floors.com\/hu\/hol-lehet-megvasarolni\/#breadcrumb"},"inLanguage":"hu","potentialAction":[{"@type":"ReadAction","target":["https:\/\/www.bdesign-floors.com\/hu\/hol-lehet-megvasarolni\/"]}]},{"@type":"BreadcrumbList","@id":"https:\/\/www.bdesign-floors.com\/hu\/hol-lehet-megvasarolni\/#breadcrumb","itemListElement":[{"@type":"ListItem","position":1,"name":"Home","item":"https:\/\/www.bdesign-floors.com\/hu\/"},{"@type":"ListItem","position":2,"name":"Hol lehet megv\u00e1s\u00e1rolni"}]},{"@type":"WebSite","@id":"https:\/\/bdesign.wp.factory.blim-dev.com\/#website","url":"https:\/\/bdesign.wp.factory.blim-dev.com\/","name":"b!design","description":"Just another WordPress site","potentialAction":[{"@type":"SearchAction","target":{"@type":"EntryPoint","urlTemplate":"https:\/\/bdesign.wp.factory.blim-dev.com\/?s={search_term_string}"},"query-input":{"@type":"PropertyValueSpecification","valueRequired":true,"valueName":"search_term_string"}}],"inLanguage":"hu"}]}},"_links":{"self":[{"href":"https:\/\/www.bdesign-floors.com\/hu\/wp-json\/wp\/v2\/pages\/13912","targetHints":{"allow":["GET"]}}],"collection":[{"href":"https:\/\/www.bdesign-floors.com\/hu\/wp-json\/wp\/v2\/pages"}],"about":[{"href":"https:\/\/www.bdesign-floors.com\/hu\/wp-json\/wp\/v2\/types\/page"}],"author":[{"embeddable":true,"href":"https:\/\/www.bdesign-floors.com\/hu\/wp-json\/wp\/v2\/users\/8"}],"replies":[{"embeddable":true,"href":"https:\/\/www.bdesign-floors.com\/hu\/wp-json\/wp\/v2\/comments?post=13912"}],"version-history":[{"count":3,"href":"https:\/\/www.bdesign-floors.com\/hu\/wp-json\/wp\/v2\/pages\/13912\/revisions"}],"predecessor-version":[{"id":16452,"href":"https:\/\/www.bdesign-floors.com\/hu\/wp-json\/wp\/v2\/pages\/13912\/revisions\/16452"}],"wp:attachment":[{"href":"https:\/\/www.bdesign-floors.com\/hu\/wp-json\/wp\/v2\/media?parent=13912"}],"curies":[{"name":"wp","href":"https:\/\/api.w.org\/{rel}","templated":true}]}}