{"id":13913,"date":"2022-09-12T16:53:02","date_gmt":"2022-09-12T14:53:02","guid":{"rendered":"https:\/\/www.bdesign-floors.com\/tudnivalok\/egeszseges-eletmod\/"},"modified":"2022-09-12T16:53:03","modified_gmt":"2022-09-12T14:53:03","slug":"egeszseges-eletmod","status":"publish","type":"page","link":"https:\/\/www.bdesign-floors.com\/hu\/tudnivalok\/egeszseges-eletmod\/","title":{"rendered":"Eg\u00e9szs\u00e9ges \u00e9letm\u00f3d"},"content":{"rendered":"<div id=\"bdesign2022_pageheader_block_62dfd623856fa\" class=\"bdesign2022_block bdesign2022_block--bdesign2022_pageheader\">\n    <div class=\"bdesign2022_block--wrapper\">\n                                    <div class=\"bdesign2022_ph-wrap is-single\">\n                    <div class=\"bdesign2022_ph-slide slidestyle-is-black orig-is-fekete active\">\n                        <div class=\"slide-image\">\n                            <img decoding=\"async\" class=\"img-fluid logo\" src=\"https:\/\/www.bdesign-floors.com\/wp-content\/uploads\/2022\/08\/sentinel-haus-zertifikat-gesund-wohnen-b-design.jpg\" srcset=\"https:\/\/www.bdesign-floors.com\/wp-content\/uploads\/2022\/08\/sentinel-haus-zertifikat-gesund-wohnen-b-design.jpg 1110w, https:\/\/www.bdesign-floors.com\/wp-content\/uploads\/2022\/08\/sentinel-haus-zertifikat-gesund-wohnen-b-design-768x521.jpg 768w, https:\/\/www.bdesign-floors.com\/wp-content\/uploads\/2022\/08\/sentinel-haus-zertifikat-gesund-wohnen-b-design-442x300.jpg 442w\">                        <\/div>\n                        <div class=\"slide-area\">\n                            <div class=\"slide-area-wrapper\">\n                                <h1>Eg\u00e9szs\u00e9ges \u00e9letm\u00f3d &#8211; tan\u00fas\u00edtottan alacsony szennyez\u0151anyag-kibocs\u00e1t\u00e1s<\/h1>\n                                <h6>A b!design a nyersanyagok fenntarthat\u00f3 felhaszn\u00e1l\u00e1s\u00e1ra \u00f6sszpontos\u00edt, hogy hossz\u00fa t\u00e1von eg\u00e9szs\u00e9ges k\u00f6rnyezetet biztos\u00edtson, amint azt a Sentinel Haus Int\u00e9zet is meger\u0151s\u00edtette.<\/h6>\n                                                                                            <\/div>\n                            <div class=\"slide-image-mobile d-md-none\">\n                                <img decoding=\"async\" class=\"img-fluid logo\" src=\"https:\/\/www.bdesign-floors.com\/wp-content\/uploads\/2022\/08\/sentinel-haus-zertifikat-gesund-wohnen-b-design.jpg\" srcset=\"https:\/\/www.bdesign-floors.com\/wp-content\/uploads\/2022\/08\/sentinel-haus-zertifikat-gesund-wohnen-b-design.jpg 1110w, https:\/\/www.bdesign-floors.com\/wp-content\/uploads\/2022\/08\/sentinel-haus-zertifikat-gesund-wohnen-b-design-768x521.jpg 768w, https:\/\/www.bdesign-floors.com\/wp-content\/uploads\/2022\/08\/sentinel-haus-zertifikat-gesund-wohnen-b-design-442x300.jpg 442w\">                            <\/div>\n                        <\/div>\n                    <\/div>\n                <\/div>\n                        <\/div>\n<\/div>\n<div id=\"bdesign2022_headline_block_62ea833e526c0\" class=\"bdesign2022_block bdesign2022_block--bdesign2022_headline\">\n    <div class=\"bdesign2022_block--wrapper\">\n        <div class=\"container my-4\">\n            \n                                    <h5 class=\"h5 text-start mt-5 mb-3\">A Sentinel Haus Int\u00e9zet aj\u00e1nl\u00e1sa<\/h5>\n                                                    <h2 class=\"h2 text-start mt-2 mb-4\">The Sentinel House: <br>Audit\u00e1lt. \u00c9rt\u00e9kel\u00e9s. Megjelent.<\/h2>\n                                \n                        <\/div>\n    <\/div>\n<\/div>\n<div id=\"bdesign2022_2columntext_block_62ea8358526c1\" class=\"bdesign2022_block bdesign2022_block--bdesign2022_2columntext\">\n    <div class=\"bdesign2022_block--wrapper\">\n        <div class=\"container my-4\">\n            <div class=\"row align-items-start\">\n                <div class=\"col-12 col-xxl-4 offset-0 offset-xxl-2 my-3\">\n                    <p>Valljuk be &#8211; mindannyian szeretn\u00e9nk eg\u00e9szs\u00e9gesek lenni \u00e9s \u00e9lni. A szem\u00e9lyes \u00e9s a saj\u00e1t csal\u00e1d j\u00f3l\u00e9t\u00e9nek magas \u00e9rt\u00e9ke vitathatatlan, \u00e9s \u00e9vek \u00f3ta folyamatosan n\u00f6vekszik. Mi azonban els\u0151sorban a t\u00e1pl\u00e1lkoz\u00e1s, a fitnesz \u00e9s a wellness ter\u00fclet\u00e9re gondolunk. Mi\u00e9rt nem a padl\u00f3? Pontosan itt j\u00f6n a k\u00e9pbe a b!design: Eg\u00e9szs\u00e9ges \u00e9letm\u00f3d  tervezzen <a href=\"https:\/\/www.bdesign-floors.com\/hu\/?page_id=13346\">padl\u00f3t<\/a> a n\u00e9gy fal\u00e1ba &#8211; \u00e9s l\u00e9legezzen fel! A b!design padl\u00f3k partner\u00fcnkt\u0151l sz\u00e1rmaznak &#8211;<\/p>\n                <\/div>\n                <div class=\"c0l-12 col-xxl-4 xxl-3 my-3\">\n                    <p>a <a href=\"https:\/\/www.sentinel-haus.de\/de\/suche?term=b!design+&amp;manufacturer%5B%5D=10819\" target=\"_blank\" rel=\"noopener\">Sentinel Haus Institut<\/a> &#8211; tesztelve, \u00e9rt\u00e9kelve \u00e9s j\u00f3v\u00e1hagyva. Az int\u00e9zet piac- \u00e9s tud\u00e1svezet\u0151 az \u00e9p\u00fcletenergetika ter\u00fclet\u00e9n. \u00c9s egy \u00e1tfog\u00f3 h\u00e1l\u00f3zatba foglalja a belt\u00e9ri eg\u00e9szs\u00e9ggel kapcsolatos tudom\u00e1nyos eredm\u00e9nyeket. Ezeket azt\u00e1n a k\u00fcl\u00f6nb\u00f6z\u0151 \u00e9p\u00fcletekben t\u00f6rt\u00e9n\u0151 gyakorlati megval\u00f3s\u00edt\u00e1s r\u00e9v\u00e9n \u00e9rt\u00e9kes\u00edtik. \u00cdgy biztos lehetsz benne: A Sentinel Haus Institut \u00e1ltal vizsg\u00e1lt padl\u00f3burkolatok alacsony szennyez\u0151anyag-tartalm\u00faak \u00e9s eg\u00e9szs\u00e9gesek.<\/p>\n                <\/div>\n            <\/div>\n        <\/div>\n    <\/div>\n<\/div>\n<div id=\"bdesign2022_customcontent_block_63049aa17eb90\" class=\"bdesign2022_block bdesign2022_block--bdesign2022_customcontent\">\n    <div class=\"bdesign2022_block--wrapper\">\n        <div class=\"container\">\n            <div class=\"row\">\n                \n                <div class=\"col-12 col-sm-10\" style=\"margin:0 auto;text-align: center;\">\n                    <div class=\"container-centered\">\n                        <p><img loading=\"lazy\" decoding=\"async\" class=\"size-medium wp-image-3449 aligncenter\" src=\"https:\/\/www.bdesign-floors.com\/wp-content\/uploads\/2022\/09\/sentinel-haus-logo-444x300.png\" alt=\"\" width=\"444\" height=\"300\" srcset=\"https:\/\/www.bdesign-floors.com\/wp-content\/uploads\/2022\/09\/sentinel-haus-logo-444x300.png 444w, https:\/\/www.bdesign-floors.com\/wp-content\/uploads\/2022\/09\/sentinel-haus-logo-768x519.png 768w, https:\/\/www.bdesign-floors.com\/wp-content\/uploads\/2022\/09\/sentinel-haus-logo.png 1000w\" sizes=\"auto, (max-width: 444px) 100vw, 444px\" \/><\/p>\n                    <\/div>\n                <\/div>\n\n                            <\/div>\n        <\/div>\n    <\/div>\n<\/div>\n<div id=\"bdesign2022_switchstyle_block_630db52453892\" class=\"bdesign2022_style bdesign2022_style--bdesign2022_switchstyle\" data-switchstyle=\"black\">\n<div id=\"bdesign2022_customcontent_block_630ce0eb71a71\" class=\"bdesign2022_block bdesign2022_block--bdesign2022_customcontent\">\n    <div class=\"bdesign2022_block--wrapper\">\n        <div class=\"container\">\n            <div class=\"row\">\n                \n                <div class=\"col-12 col-sm-10\" style=\"margin:0 auto;text-align: center;\">\n                    <div class=\"container-centered\">\n                        <a class=\"btn btn-bdesign2022 btn-linkcta\" href=\"https:\/\/www.sentinel-haus.de\/de\/suche?term=b%21design\" target=\"_blank\">Zum Sentinel Haus Institut<\/a>                    <\/div>\n                <\/div>\n\n                            <\/div>\n        <\/div>\n    <\/div>\n<\/div>\n<\/div>\n","protected":false},"excerpt":{"rendered":"","protected":false},"author":8,"featured_media":0,"parent":13722,"menu_order":5,"comment_status":"closed","ping_status":"closed","template":"","meta":{"_acf_changed":false,"footnotes":""},"class_list":["post-13913","page","type-page","status-publish","hentry"],"acf":[],"yoast_head":"<!-- This site is optimized with the Yoast SEO plugin v24.2 - https:\/\/yoast.com\/wordpress\/plugins\/seo\/ -->\n<title>Eg\u00e9szs\u00e9ges \u00e9let | b!design<\/title>\n<meta name=\"description\" content=\"A Sentinel Haus piac- \u00e9s tud\u00e1svezet\u0151 a belt\u00e9ri eg\u00e9szs\u00e9gv\u00e9delem ter\u00fclet\u00e9n, \u00e9s csak k\u00e1ros anyagokra tesztelt term\u00e9keket tesz k\u00f6zz\u00e9.\" \/>\n<meta name=\"robots\" content=\"index, follow, max-snippet:-1, max-image-preview:large, max-video-preview:-1\" \/>\n<link rel=\"canonical\" href=\"https:\/\/www.bdesign-floors.com\/hu\/tudnivalok\/egeszseges-eletmod\/\" \/>\n<meta property=\"og:locale\" content=\"hu_HU\" \/>\n<meta property=\"og:type\" content=\"article\" \/>\n<meta property=\"og:title\" content=\"Eg\u00e9szs\u00e9ges \u00e9let | b!design\" \/>\n<meta property=\"og:description\" content=\"A Sentinel Haus piac- \u00e9s tud\u00e1svezet\u0151 a belt\u00e9ri eg\u00e9szs\u00e9gv\u00e9delem ter\u00fclet\u00e9n, \u00e9s csak k\u00e1ros anyagokra tesztelt term\u00e9keket tesz k\u00f6zz\u00e9.\" \/>\n<meta property=\"og:url\" content=\"https:\/\/www.bdesign-floors.com\/hu\/tudnivalok\/egeszseges-eletmod\/\" \/>\n<meta property=\"og:site_name\" content=\"b!design\" \/>\n<meta property=\"article:modified_time\" content=\"2022-09-12T14:53:03+00:00\" \/>\n<meta name=\"twitter:card\" content=\"summary_large_image\" \/>\n<script type=\"application\/ld+json\" class=\"yoast-schema-graph\">{\"@context\":\"https:\/\/schema.org\",\"@graph\":[{\"@type\":\"WebPage\",\"@id\":\"https:\/\/www.bdesign-floors.com\/hu\/tudnivalok\/egeszseges-eletmod\/\",\"url\":\"https:\/\/www.bdesign-floors.com\/hu\/tudnivalok\/egeszseges-eletmod\/\",\"name\":\"Eg\u00e9szs\u00e9ges \u00e9let | b!design\",\"isPartOf\":{\"@id\":\"https:\/\/bdesign.wp.factory.blim-dev.com\/#website\"},\"datePublished\":\"2022-09-12T14:53:02+00:00\",\"dateModified\":\"2022-09-12T14:53:03+00:00\",\"description\":\"A Sentinel Haus piac- \u00e9s tud\u00e1svezet\u0151 a belt\u00e9ri eg\u00e9szs\u00e9gv\u00e9delem ter\u00fclet\u00e9n, \u00e9s csak k\u00e1ros anyagokra tesztelt term\u00e9keket tesz k\u00f6zz\u00e9.\",\"breadcrumb\":{\"@id\":\"https:\/\/www.bdesign-floors.com\/hu\/tudnivalok\/egeszseges-eletmod\/#breadcrumb\"},\"inLanguage\":\"hu\",\"potentialAction\":[{\"@type\":\"ReadAction\",\"target\":[\"https:\/\/www.bdesign-floors.com\/hu\/tudnivalok\/egeszseges-eletmod\/\"]}]},{\"@type\":\"BreadcrumbList\",\"@id\":\"https:\/\/www.bdesign-floors.com\/hu\/tudnivalok\/egeszseges-eletmod\/#breadcrumb\",\"itemListElement\":[{\"@type\":\"ListItem\",\"position\":1,\"name\":\"Home\",\"item\":\"https:\/\/www.bdesign-floors.com\/hu\/\"},{\"@type\":\"ListItem\",\"position\":2,\"name\":\"Tudnival\u00f3k\",\"item\":\"https:\/\/bdesign.wp.factory.blim-dev.com\/hu\/tudnivalok\/\"},{\"@type\":\"ListItem\",\"position\":3,\"name\":\"Eg\u00e9szs\u00e9ges \u00e9letm\u00f3d\"}]},{\"@type\":\"WebSite\",\"@id\":\"https:\/\/bdesign.wp.factory.blim-dev.com\/#website\",\"url\":\"https:\/\/bdesign.wp.factory.blim-dev.com\/\",\"name\":\"b!design\",\"description\":\"Just another WordPress site\",\"potentialAction\":[{\"@type\":\"SearchAction\",\"target\":{\"@type\":\"EntryPoint\",\"urlTemplate\":\"https:\/\/bdesign.wp.factory.blim-dev.com\/?s={search_term_string}\"},\"query-input\":{\"@type\":\"PropertyValueSpecification\",\"valueRequired\":true,\"valueName\":\"search_term_string\"}}],\"inLanguage\":\"hu\"}]}<\/script>\n<!-- \/ Yoast SEO plugin. -->","yoast_head_json":{"title":"Eg\u00e9szs\u00e9ges \u00e9let | b!design","description":"A Sentinel Haus piac- \u00e9s tud\u00e1svezet\u0151 a belt\u00e9ri eg\u00e9szs\u00e9gv\u00e9delem ter\u00fclet\u00e9n, \u00e9s csak k\u00e1ros anyagokra tesztelt term\u00e9keket tesz k\u00f6zz\u00e9.","robots":{"index":"index","follow":"follow","max-snippet":"max-snippet:-1","max-image-preview":"max-image-preview:large","max-video-preview":"max-video-preview:-1"},"canonical":"https:\/\/www.bdesign-floors.com\/hu\/tudnivalok\/egeszseges-eletmod\/","og_locale":"hu_HU","og_type":"article","og_title":"Eg\u00e9szs\u00e9ges \u00e9let | b!design","og_description":"A Sentinel Haus piac- \u00e9s tud\u00e1svezet\u0151 a belt\u00e9ri eg\u00e9szs\u00e9gv\u00e9delem ter\u00fclet\u00e9n, \u00e9s csak k\u00e1ros anyagokra tesztelt term\u00e9keket tesz k\u00f6zz\u00e9.","og_url":"https:\/\/www.bdesign-floors.com\/hu\/tudnivalok\/egeszseges-eletmod\/","og_site_name":"b!design","article_modified_time":"2022-09-12T14:53:03+00:00","twitter_card":"summary_large_image","schema":{"@context":"https:\/\/schema.org","@graph":[{"@type":"WebPage","@id":"https:\/\/www.bdesign-floors.com\/hu\/tudnivalok\/egeszseges-eletmod\/","url":"https:\/\/www.bdesign-floors.com\/hu\/tudnivalok\/egeszseges-eletmod\/","name":"Eg\u00e9szs\u00e9ges \u00e9let | b!design","isPartOf":{"@id":"https:\/\/bdesign.wp.factory.blim-dev.com\/#website"},"datePublished":"2022-09-12T14:53:02+00:00","dateModified":"2022-09-12T14:53:03+00:00","description":"A Sentinel Haus piac- \u00e9s tud\u00e1svezet\u0151 a belt\u00e9ri eg\u00e9szs\u00e9gv\u00e9delem ter\u00fclet\u00e9n, \u00e9s csak k\u00e1ros anyagokra tesztelt term\u00e9keket tesz k\u00f6zz\u00e9.","breadcrumb":{"@id":"https:\/\/www.bdesign-floors.com\/hu\/tudnivalok\/egeszseges-eletmod\/#breadcrumb"},"inLanguage":"hu","potentialAction":[{"@type":"ReadAction","target":["https:\/\/www.bdesign-floors.com\/hu\/tudnivalok\/egeszseges-eletmod\/"]}]},{"@type":"BreadcrumbList","@id":"https:\/\/www.bdesign-floors.com\/hu\/tudnivalok\/egeszseges-eletmod\/#breadcrumb","itemListElement":[{"@type":"ListItem","position":1,"name":"Home","item":"https:\/\/www.bdesign-floors.com\/hu\/"},{"@type":"ListItem","position":2,"name":"Tudnival\u00f3k","item":"https:\/\/bdesign.wp.factory.blim-dev.com\/hu\/tudnivalok\/"},{"@type":"ListItem","position":3,"name":"Eg\u00e9szs\u00e9ges \u00e9letm\u00f3d"}]},{"@type":"WebSite","@id":"https:\/\/bdesign.wp.factory.blim-dev.com\/#website","url":"https:\/\/bdesign.wp.factory.blim-dev.com\/","name":"b!design","description":"Just another WordPress site","potentialAction":[{"@type":"SearchAction","target":{"@type":"EntryPoint","urlTemplate":"https:\/\/bdesign.wp.factory.blim-dev.com\/?s={search_term_string}"},"query-input":{"@type":"PropertyValueSpecification","valueRequired":true,"valueName":"search_term_string"}}],"inLanguage":"hu"}]}},"_links":{"self":[{"href":"https:\/\/www.bdesign-floors.com\/hu\/wp-json\/wp\/v2\/pages\/13913","targetHints":{"allow":["GET"]}}],"collection":[{"href":"https:\/\/www.bdesign-floors.com\/hu\/wp-json\/wp\/v2\/pages"}],"about":[{"href":"https:\/\/www.bdesign-floors.com\/hu\/wp-json\/wp\/v2\/types\/page"}],"author":[{"embeddable":true,"href":"https:\/\/www.bdesign-floors.com\/hu\/wp-json\/wp\/v2\/users\/8"}],"replies":[{"embeddable":true,"href":"https:\/\/www.bdesign-floors.com\/hu\/wp-json\/wp\/v2\/comments?post=13913"}],"version-history":[{"count":1,"href":"https:\/\/www.bdesign-floors.com\/hu\/wp-json\/wp\/v2\/pages\/13913\/revisions"}],"predecessor-version":[{"id":13918,"href":"https:\/\/www.bdesign-floors.com\/hu\/wp-json\/wp\/v2\/pages\/13913\/revisions\/13918"}],"up":[{"embeddable":true,"href":"https:\/\/www.bdesign-floors.com\/hu\/wp-json\/wp\/v2\/pages\/13722"}],"wp:attachment":[{"href":"https:\/\/www.bdesign-floors.com\/hu\/wp-json\/wp\/v2\/media?parent=13913"}],"curies":[{"name":"wp","href":"https:\/\/api.w.org\/{rel}","templated":true}]}}