{"id":13676,"date":"2022-09-12T16:37:07","date_gmt":"2022-09-12T14:37:07","guid":{"rendered":"https:\/\/www.bdesign-floors.com\/aukabunadur-og-umhirda\/"},"modified":"2022-09-13T16:55:44","modified_gmt":"2022-09-13T14:55:44","slug":"aukabunadur-og-umhirda","status":"publish","type":"page","link":"https:\/\/www.bdesign-floors.com\/is\/aukabunadur-og-umhirda\/","title":{"rendered":"Aukab\u00fana\u00f0ur og umhir\u00f0a"},"content":{"rendered":"<div id=\"bdesign2022_pageheader_block_62dfd623856fa\" class=\"bdesign2022_block bdesign2022_block--bdesign2022_pageheader\">\n    <div class=\"bdesign2022_block--wrapper\">\n                                    <div class=\"bdesign2022_ph-wrap is-single\">\n                    <div class=\"bdesign2022_ph-slide slidestyle-is-black orig-is-svartur active\">\n                        <div class=\"slide-image\">\n                            <img decoding=\"async\" class=\"img-fluid logo\" src=\"https:\/\/www.bdesign-floors.com\/wp-content\/uploads\/2022\/09\/zubehoer-pflege-boden-b-design.jpg\" srcset=\"https:\/\/www.bdesign-floors.com\/wp-content\/uploads\/2022\/09\/zubehoer-pflege-boden-b-design.jpg 1110w, https:\/\/www.bdesign-floors.com\/wp-content\/uploads\/2022\/09\/zubehoer-pflege-boden-b-design-768x521.jpg 768w, https:\/\/www.bdesign-floors.com\/wp-content\/uploads\/2022\/09\/zubehoer-pflege-boden-b-design-442x300.jpg 442w\">                        <\/div>\n                        <div class=\"slide-area\">\n                            <div class=\"slide-area-wrapper\">\n                                <h1>Verndun og umhyggja fyrir draumag\u00f3lfi\u00f0 \u00feitt<\/h1>\n                                <h6>H\u00e9r finnur \u00fe\u00fa h\u00e1g\u00e6\u00f0a fylgihluti og r\u00e9ttu umhir\u00f0uv\u00f6rur sem \u00fe\u00fa getur hreinsa\u00f0 og vernda\u00f0 g\u00f3lfin \u00fe\u00edn me\u00f0.<\/h6>\n                                                                                            <\/div>\n                            <div class=\"slide-image-mobile d-md-none\">\n                                <img decoding=\"async\" class=\"img-fluid logo\" src=\"https:\/\/www.bdesign-floors.com\/wp-content\/uploads\/2022\/09\/zubehoer-pflege-boden-b-design.jpg\" srcset=\"https:\/\/www.bdesign-floors.com\/wp-content\/uploads\/2022\/09\/zubehoer-pflege-boden-b-design.jpg 1110w, https:\/\/www.bdesign-floors.com\/wp-content\/uploads\/2022\/09\/zubehoer-pflege-boden-b-design-768x521.jpg 768w, https:\/\/www.bdesign-floors.com\/wp-content\/uploads\/2022\/09\/zubehoer-pflege-boden-b-design-442x300.jpg 442w\">                            <\/div>\n                        <\/div>\n                    <\/div>\n                <\/div>\n                        <\/div>\n<\/div>\n\n\n<div id=\"bdesign2022_headline_block_62ea833e526c0\" class=\"bdesign2022_block bdesign2022_block--bdesign2022_headline\">\n    <div class=\"bdesign2022_block--wrapper\">\n        <div class=\"container my-4\">\n            \n                                    <h5 class=\"h5 texta-byrjun mt-5 mb-3\">Aukab\u00fana\u00f0ur og umhir\u00f0a<\/h5>\n                                                    <h2 class=\"h2 texta-byrjun mt-2 mb-4\">Umhir\u00f0a og fylgihlutir til lagningar<\/h2>\n                                \n                        <\/div>\n    <\/div>\n<\/div>\n\n\n<div id=\"bdesign2022_2columntext_block_62ea8358526c1\" class=\"bdesign2022_block bdesign2022_block--bdesign2022_2columntext\">\n    <div class=\"bdesign2022_block--wrapper\">\n        <div class=\"container my-4\">\n            <div class=\"row align-items-start\">\n                <div class=\"col-12 col-xxl-4 offset-0 offset-xxl-2 my-3\">\n                    <p>Hvort sem \u00fea\u00f0 er undirlagsmotta, g\u00f3lfbor\u00f0 e\u00f0a hreinsiefni &#8211; h\u00e9r finnur \u00fe\u00fa \u00fea\u00f0 sem er gott fyrir h\u00f6nnunarg\u00f3lfi\u00f0 \u00feitt. \u00deannig n\u00e6r\u00f0u ekki a\u00f0eins meira a\u00f0la\u00f0andi \u00fatliti heldur getur\u00f0u einnig vi\u00f0haldi\u00f0 gildi g\u00f3lfsins til lengri t\u00edma liti\u00f0. \u00dea\u00f0 fer eftir \u00fe\u00f6rfum hvers og eins, \u00fe\u00fa getur vali\u00f0 \u00e1 milli h\u00e1g\u00e6\u00f0a<\/p>\n                <\/div>\n                <div class=\"c0l-12 col-xxl-4 xxl-3 my-3\">\n                    <p>Veldu p\u00fa\u00f0a og s\u00e9rst\u00f6k hreinsiefni. \u00de\u00fa getur vali\u00f0 \u00e1 milli grunnhreinsiefnis sem grunnumhir\u00f0u, \u00feurrkunar fyrir n\u00e1tt\u00farulega var\u00f0veislu g\u00f3lfsins \u00fe\u00edns og hressingarefni okkar til a\u00f0 vernda g\u00f3lfin \u00fe\u00edn. Uppg\u00f6tva\u00f0u fylgihluti og umhir\u00f0uv\u00f6rur fr\u00e1 b!design n\u00fana.<\/p>\n                <\/div>\n            <\/div>\n        <\/div>\n    <\/div>\n<\/div>\n\n\n<div id=\"bdesign2022_imagetext_block_62e799efe8da2\" class=\"bdesign2022_block bdesign2022_block--bdesign2022_imagetext\">\n    <div class=\"bdesign2022_block--wrapper\">\n        <div class=\"container\">\n            <div class=\"row align-items-center align-items-xxl-start align-items-xxxl-center\">\n                <div class=\"d-block d-md-block col-md-7 col-xl-4 col-xxl-5 col-xxxl-7 col-type-is-image col-count-is-1\"><img decoding=\"async\" class=\"img-fluid col-img\" src=\"https:\/\/www.bdesign-floors.com\/wp-content\/uploads\/2022\/09\/unterlagsmatte-zubehoer-pflege-boden-b-design.jpg\" srcset=\"https:\/\/www.bdesign-floors.com\/wp-content\/uploads\/2022\/09\/unterlagsmatte-zubehoer-pflege-boden-b-design.jpg 1110w, https:\/\/www.bdesign-floors.com\/wp-content\/uploads\/2022\/09\/unterlagsmatte-zubehoer-pflege-boden-b-design-768x510.jpg 768w, https:\/\/www.bdesign-floors.com\/wp-content\/uploads\/2022\/09\/unterlagsmatte-zubehoer-pflege-boden-b-design-452x300.jpg 452w\"><\/div><div class=\"col-12 col-xl-7 col-xxl-6 col-xxxl-4 col-type-is-imagetext col-count-is-2\"><h3>Hvers vegna b!design undirlagi\u00f0?<\/h3><p>B!design undirlagi\u00f0 hefur fram\u00farskarandi langt\u00edmast\u00f6\u00f0ugleika og mikinn \u00fer\u00fdstistyrk. \u00deetta verndar smelltenginguna fyrir skemmdum e\u00f0a bilun vi\u00f0 miki\u00f0 \u00e1lag. Leggja g\u00f3lfpl\u00f6tur flj\u00f3tandi? Virkar l\u00edka! Undirlagi\u00f0 b\u00e6tir \u00f3hindra\u00f0 upp hitabreytingar. \u00dea\u00f0 dregur \u00far hlj\u00f3\u00f0i til a\u00f0 draga \u00far h\u00e1va\u00f0a fyrir n\u00e1granna fyrir ne\u00f0an \u00feig og draga \u00far g\u00f6nguh\u00e1va\u00f0a \u00ed herbergjunum \u00fe\u00ednum.<\/p>\n<p>Enginn vill hafa kalt g\u00f3lf. \u00deess vegna kemur mottan einnig \u00ed veg fyrir a\u00f0 varmaorka berist \u00ed gegnum g\u00f3lfi\u00f0. Og \u00fe\u00fa \u00fearft ekki a\u00f0 hafa \u00e1hyggjur af myglu heldur \u00fe\u00f6kk s\u00e9 undirlagsmottunni okkar, sem gerir lofti kleift a\u00f0 streyma beint yfir rakahindrunina.<\/p>\n<\/div>            <\/div>\n        <\/div>\n    <\/div>\n<\/div>\n\n\n<div id=\"bdesign2022_imagetext_block_62e79a3be8da5\" class=\"bdesign2022_block bdesign2022_block--bdesign2022_imagetext\">\n    <div class=\"bdesign2022_block--wrapper\">\n        <div class=\"container\">\n            <div class=\"row align-items-center align-items-xxl-start align-items-xxxl-center\">\n                <div class=\"col-12 col-xl-7 col-xxl-6 col-xxxl-4 col-type-is-imagetext col-count-is-1\"><h3>Slagkubbur fyrir vinylg\u00f3lf me\u00f0 smellutengingu<\/h3><p>\u00deessi sl\u00e1kubbur var s\u00e9rstaklega \u00fer\u00f3a\u00f0ur fyrir b!design h\u00f6nnunarg\u00f3lfefni me\u00f0 smellutengingu. \u00dea\u00f0 er h\u00e6gt a\u00f0 nota almennt, verndar br\u00fanina vi\u00f0 lagningu og sty\u00f0ur fullkomna uppsetningu. Hv\u00edti plastkubburinn er au\u00f0veldur \u00ed me\u00f0f\u00f6rum og mun hj\u00e1lpa \u00fe\u00e9r a\u00f0 n\u00e1 gallalausri og langvarandi samsetningu.<\/p>\n<\/div><div class=\"d-block d-md-block col-md-7 col-xl-4 col-xxl-5 col-xxxl-7 col-type-is-image col-count-is-2\"><img decoding=\"async\" class=\"img-fluid col-img\" src=\"https:\/\/www.bdesign-floors.com\/wp-content\/uploads\/2022\/09\/schlagklotz-zubehoer-pflege-boden-b-design.jpg\" srcset=\"https:\/\/www.bdesign-floors.com\/wp-content\/uploads\/2022\/09\/schlagklotz-zubehoer-pflege-boden-b-design.jpg 1110w, https:\/\/www.bdesign-floors.com\/wp-content\/uploads\/2022\/09\/schlagklotz-zubehoer-pflege-boden-b-design-768x510.jpg 768w, https:\/\/www.bdesign-floors.com\/wp-content\/uploads\/2022\/09\/schlagklotz-zubehoer-pflege-boden-b-design-452x300.jpg 452w\"><\/div>            <\/div>\n        <\/div>\n    <\/div>\n<\/div>\n\n\n<div id=\"bdesign2022_imagetext_block_63186497b5d1a\" class=\"bdesign2022_block bdesign2022_block--bdesign2022_imagetext\">\n    <div class=\"bdesign2022_block--wrapper\">\n        <div class=\"container\">\n            <div class=\"row align-items-center align-items-xxl-start align-items-xxxl-center\">\n                <div class=\"d-block d-md-block col-md-7 col-xl-4 col-xxl-5 col-xxxl-7 col-type-is-image col-count-is-1\"><img decoding=\"async\" class=\"img-fluid col-img\" src=\"https:\/\/www.bdesign-floors.com\/wp-content\/uploads\/2022\/09\/scratchfix-zubehoer-pflege-boden-b-design.jpg\" srcset=\"https:\/\/www.bdesign-floors.com\/wp-content\/uploads\/2022\/09\/scratchfix-zubehoer-pflege-boden-b-design.jpg 1110w, https:\/\/www.bdesign-floors.com\/wp-content\/uploads\/2022\/09\/scratchfix-zubehoer-pflege-boden-b-design-768x510.jpg 768w, https:\/\/www.bdesign-floors.com\/wp-content\/uploads\/2022\/09\/scratchfix-zubehoer-pflege-boden-b-design-452x300.jpg 452w\"><\/div><div class=\"col-12 col-xl-7 col-xxl-6 col-xxxl-4 col-type-is-imagetext col-count-is-2\"><h3>Dr.Schutz vi\u00f0ger\u00f0arsett: ScratchFix<\/h3><p>Er g\u00f3lfi\u00f0 \u00feitt me\u00f0 einhver merki um slit? Ekkert m\u00e1l: Scratchfix g\u00f3lfvi\u00f0ger\u00f0arsetti\u00f0 fr\u00e1 Dr. Schutz er tilvalin lausn fyrir vi\u00f0ger\u00f0ir \u00e1 rispum a\u00f0 hluta og streituhv\u00edttun \u00e1 h\u00f6nnunarg\u00f3lfum og \u00f6\u00f0rum fja\u00f0randi g\u00f3lfefnum. \u00dea\u00f0 inniheldur PU Repair Spray til a\u00f0 gera vi\u00f0 f\u00ednni yfirbor\u00f0s rispur og PU Repair Stick til a\u00f0 gera vi\u00f0 d\u00fdpri rispur. \u00dea\u00f0 inniheldur einnig fullkominn aukab\u00fana\u00f0arpakka me\u00f0 vinnslulei\u00f0beiningum. Allt passa\u00f0i best hva\u00f0 var\u00f0ar glj\u00e1a vi\u00f0 n\u00fat\u00edma h\u00f6nnunarg\u00f3lf.<\/p>\n<\/div>            <\/div>\n        <\/div>\n    <\/div>\n<\/div>\n\n\n<div id=\"bdesign2022_imagetext_block_631985a118e97\" class=\"bdesign2022_block bdesign2022_block--bdesign2022_imagetext\">\n    <div class=\"bdesign2022_block--wrapper\">\n        <div class=\"container\">\n            <div class=\"row align-items-center align-items-xxl-start align-items-xxxl-center\">\n                <div class=\"col-12 col-xl-7 col-xxl-6 col-xxxl-4 col-type-is-imagetext col-count-is-1\"><h3>Umhir\u00f0a: Allt fr\u00e1 grunnhreinsi til upprifjunar<\/h3><p>Me\u00f0 \u00feremur umhir\u00f0uv\u00f6rum okkar mun g\u00f3lfi\u00f0 \u00feitt l\u00edta ferskt og lj\u00f3mandi \u00fat aftur \u00e1 sk\u00f6mmum t\u00edma: uppg\u00f6tva\u00f0u hressingu okkar, \u00feurrkuumhir\u00f0u og grunnhreinsiefni.<\/p>\n<\/div><div class=\"d-block d-md-block col-md-7 col-xl-4 col-xxl-5 col-xxxl-7 col-type-is-image col-count-is-2\"><img decoding=\"async\" class=\"img-fluid col-img\" src=\"https:\/\/www.bdesign-floors.com\/wp-content\/uploads\/2022\/09\/pflegemittel-zubehoer-pflege-boden-b-design.jpg\" srcset=\"https:\/\/www.bdesign-floors.com\/wp-content\/uploads\/2022\/09\/pflegemittel-zubehoer-pflege-boden-b-design.jpg 1110w, https:\/\/www.bdesign-floors.com\/wp-content\/uploads\/2022\/09\/pflegemittel-zubehoer-pflege-boden-b-design-768x510.jpg 768w, https:\/\/www.bdesign-floors.com\/wp-content\/uploads\/2022\/09\/pflegemittel-zubehoer-pflege-boden-b-design-452x300.jpg 452w\"><\/div>            <\/div>\n        <\/div>\n    <\/div>\n<\/div>\n","protected":false},"excerpt":{"rendered":"","protected":false},"author":8,"featured_media":0,"parent":0,"menu_order":3,"comment_status":"closed","ping_status":"closed","template":"","meta":{"_acf_changed":false,"footnotes":""},"class_list":["post-13676","page","type-page","status-publish","hentry"],"acf":[],"yoast_head":"<!-- This site is optimized with the Yoast SEO plugin v24.2 - https:\/\/yoast.com\/wordpress\/plugins\/seo\/ -->\n<title>Aukab\u00fana\u00f0ur og umhir\u00f0a | b!h\u00f6nnun<\/title>\n<meta name=\"description\" content=\"\u00de\u00fa getur l\u00edka fundi\u00f0 r\u00e9ttu hreinsi- og umhir\u00f0uv\u00f6rurnar fyrir n\u00fdja g\u00f3lfi\u00f0 \u00feitt hj\u00e1 b!design. Uppg\u00f6tva\u00f0u \u00farval okkar af h\u00e1g\u00e6\u00f0a fylgihlutum n\u00fana!\" \/>\n<meta name=\"robots\" content=\"index, follow, max-snippet:-1, max-image-preview:large, max-video-preview:-1\" \/>\n<link rel=\"canonical\" href=\"https:\/\/www.bdesign-floors.com\/is\/aukabunadur-og-umhirda\/\" \/>\n<meta property=\"og:locale\" content=\"is_IS\" \/>\n<meta property=\"og:type\" content=\"article\" \/>\n<meta property=\"og:title\" content=\"Aukab\u00fana\u00f0ur og umhir\u00f0a | b!h\u00f6nnun\" \/>\n<meta property=\"og:description\" content=\"\u00de\u00fa getur l\u00edka fundi\u00f0 r\u00e9ttu hreinsi- og umhir\u00f0uv\u00f6rurnar fyrir n\u00fdja g\u00f3lfi\u00f0 \u00feitt hj\u00e1 b!design. Uppg\u00f6tva\u00f0u \u00farval okkar af h\u00e1g\u00e6\u00f0a fylgihlutum n\u00fana!\" \/>\n<meta property=\"og:url\" content=\"https:\/\/www.bdesign-floors.com\/is\/aukabunadur-og-umhirda\/\" \/>\n<meta property=\"og:site_name\" content=\"b!design\" \/>\n<meta property=\"article:modified_time\" content=\"2022-09-13T14:55:44+00:00\" \/>\n<meta name=\"twitter:card\" content=\"summary_large_image\" \/>\n<script type=\"application\/ld+json\" class=\"yoast-schema-graph\">{\"@context\":\"https:\/\/schema.org\",\"@graph\":[{\"@type\":\"WebPage\",\"@id\":\"https:\/\/www.bdesign-floors.com\/is\/aukabunadur-og-umhirda\/\",\"url\":\"https:\/\/www.bdesign-floors.com\/is\/aukabunadur-og-umhirda\/\",\"name\":\"Aukab\u00fana\u00f0ur og umhir\u00f0a | b!h\u00f6nnun\",\"isPartOf\":{\"@id\":\"https:\/\/bdesign.wp.factory.blim-dev.com\/#website\"},\"datePublished\":\"2022-09-12T14:37:07+00:00\",\"dateModified\":\"2022-09-13T14:55:44+00:00\",\"description\":\"\u00de\u00fa getur l\u00edka fundi\u00f0 r\u00e9ttu hreinsi- og umhir\u00f0uv\u00f6rurnar fyrir n\u00fdja g\u00f3lfi\u00f0 \u00feitt hj\u00e1 b!design. Uppg\u00f6tva\u00f0u \u00farval okkar af h\u00e1g\u00e6\u00f0a fylgihlutum n\u00fana!\",\"breadcrumb\":{\"@id\":\"https:\/\/www.bdesign-floors.com\/is\/aukabunadur-og-umhirda\/#breadcrumb\"},\"inLanguage\":\"is\",\"potentialAction\":[{\"@type\":\"ReadAction\",\"target\":[\"https:\/\/www.bdesign-floors.com\/is\/aukabunadur-og-umhirda\/\"]}]},{\"@type\":\"BreadcrumbList\",\"@id\":\"https:\/\/www.bdesign-floors.com\/is\/aukabunadur-og-umhirda\/#breadcrumb\",\"itemListElement\":[{\"@type\":\"ListItem\",\"position\":1,\"name\":\"Home\",\"item\":\"https:\/\/www.bdesign-floors.com\/is\/\"},{\"@type\":\"ListItem\",\"position\":2,\"name\":\"Aukab\u00fana\u00f0ur og umhir\u00f0a\"}]},{\"@type\":\"WebSite\",\"@id\":\"https:\/\/bdesign.wp.factory.blim-dev.com\/#website\",\"url\":\"https:\/\/bdesign.wp.factory.blim-dev.com\/\",\"name\":\"b!design\",\"description\":\"Just another WordPress site\",\"potentialAction\":[{\"@type\":\"SearchAction\",\"target\":{\"@type\":\"EntryPoint\",\"urlTemplate\":\"https:\/\/bdesign.wp.factory.blim-dev.com\/?s={search_term_string}\"},\"query-input\":{\"@type\":\"PropertyValueSpecification\",\"valueRequired\":true,\"valueName\":\"search_term_string\"}}],\"inLanguage\":\"is\"}]}<\/script>\n<!-- \/ Yoast SEO plugin. -->","yoast_head_json":{"title":"Aukab\u00fana\u00f0ur og umhir\u00f0a | b!h\u00f6nnun","description":"\u00de\u00fa getur l\u00edka fundi\u00f0 r\u00e9ttu hreinsi- og umhir\u00f0uv\u00f6rurnar fyrir n\u00fdja g\u00f3lfi\u00f0 \u00feitt hj\u00e1 b!design. Uppg\u00f6tva\u00f0u \u00farval okkar af h\u00e1g\u00e6\u00f0a fylgihlutum n\u00fana!","robots":{"index":"index","follow":"follow","max-snippet":"max-snippet:-1","max-image-preview":"max-image-preview:large","max-video-preview":"max-video-preview:-1"},"canonical":"https:\/\/www.bdesign-floors.com\/is\/aukabunadur-og-umhirda\/","og_locale":"is_IS","og_type":"article","og_title":"Aukab\u00fana\u00f0ur og umhir\u00f0a | b!h\u00f6nnun","og_description":"\u00de\u00fa getur l\u00edka fundi\u00f0 r\u00e9ttu hreinsi- og umhir\u00f0uv\u00f6rurnar fyrir n\u00fdja g\u00f3lfi\u00f0 \u00feitt hj\u00e1 b!design. Uppg\u00f6tva\u00f0u \u00farval okkar af h\u00e1g\u00e6\u00f0a fylgihlutum n\u00fana!","og_url":"https:\/\/www.bdesign-floors.com\/is\/aukabunadur-og-umhirda\/","og_site_name":"b!design","article_modified_time":"2022-09-13T14:55:44+00:00","twitter_card":"summary_large_image","schema":{"@context":"https:\/\/schema.org","@graph":[{"@type":"WebPage","@id":"https:\/\/www.bdesign-floors.com\/is\/aukabunadur-og-umhirda\/","url":"https:\/\/www.bdesign-floors.com\/is\/aukabunadur-og-umhirda\/","name":"Aukab\u00fana\u00f0ur og umhir\u00f0a | b!h\u00f6nnun","isPartOf":{"@id":"https:\/\/bdesign.wp.factory.blim-dev.com\/#website"},"datePublished":"2022-09-12T14:37:07+00:00","dateModified":"2022-09-13T14:55:44+00:00","description":"\u00de\u00fa getur l\u00edka fundi\u00f0 r\u00e9ttu hreinsi- og umhir\u00f0uv\u00f6rurnar fyrir n\u00fdja g\u00f3lfi\u00f0 \u00feitt hj\u00e1 b!design. Uppg\u00f6tva\u00f0u \u00farval okkar af h\u00e1g\u00e6\u00f0a fylgihlutum n\u00fana!","breadcrumb":{"@id":"https:\/\/www.bdesign-floors.com\/is\/aukabunadur-og-umhirda\/#breadcrumb"},"inLanguage":"is","potentialAction":[{"@type":"ReadAction","target":["https:\/\/www.bdesign-floors.com\/is\/aukabunadur-og-umhirda\/"]}]},{"@type":"BreadcrumbList","@id":"https:\/\/www.bdesign-floors.com\/is\/aukabunadur-og-umhirda\/#breadcrumb","itemListElement":[{"@type":"ListItem","position":1,"name":"Home","item":"https:\/\/www.bdesign-floors.com\/is\/"},{"@type":"ListItem","position":2,"name":"Aukab\u00fana\u00f0ur og umhir\u00f0a"}]},{"@type":"WebSite","@id":"https:\/\/bdesign.wp.factory.blim-dev.com\/#website","url":"https:\/\/bdesign.wp.factory.blim-dev.com\/","name":"b!design","description":"Just another WordPress site","potentialAction":[{"@type":"SearchAction","target":{"@type":"EntryPoint","urlTemplate":"https:\/\/bdesign.wp.factory.blim-dev.com\/?s={search_term_string}"},"query-input":{"@type":"PropertyValueSpecification","valueRequired":true,"valueName":"search_term_string"}}],"inLanguage":"is"}]}},"_links":{"self":[{"href":"https:\/\/www.bdesign-floors.com\/is\/wp-json\/wp\/v2\/pages\/13676","targetHints":{"allow":["GET"]}}],"collection":[{"href":"https:\/\/www.bdesign-floors.com\/is\/wp-json\/wp\/v2\/pages"}],"about":[{"href":"https:\/\/www.bdesign-floors.com\/is\/wp-json\/wp\/v2\/types\/page"}],"author":[{"embeddable":true,"href":"https:\/\/www.bdesign-floors.com\/is\/wp-json\/wp\/v2\/users\/8"}],"replies":[{"embeddable":true,"href":"https:\/\/www.bdesign-floors.com\/is\/wp-json\/wp\/v2\/comments?post=13676"}],"version-history":[{"count":3,"href":"https:\/\/www.bdesign-floors.com\/is\/wp-json\/wp\/v2\/pages\/13676\/revisions"}],"predecessor-version":[{"id":15623,"href":"https:\/\/www.bdesign-floors.com\/is\/wp-json\/wp\/v2\/pages\/13676\/revisions\/15623"}],"wp:attachment":[{"href":"https:\/\/www.bdesign-floors.com\/is\/wp-json\/wp\/v2\/media?parent=13676"}],"curies":[{"name":"wp","href":"https:\/\/api.w.org\/{rel}","templated":true}]}}