{"id":13727,"date":"2022-09-12T16:40:10","date_gmt":"2022-09-12T14:40:10","guid":{"rendered":"https:\/\/www.bdesign-floors.com\/gagnlegar-upplysingar\/"},"modified":"2022-09-21T13:18:59","modified_gmt":"2022-09-21T11:18:59","slug":"gagnlegar-upplysingar","status":"publish","type":"page","link":"https:\/\/www.bdesign-floors.com\/is\/gagnlegar-upplysingar\/","title":{"rendered":"gagnlegar uppl\u00fdsingar"},"content":{"rendered":"<div id=\"bdesign2022_pageheader_block_62dfd623856fa\" class=\"bdesign2022_block bdesign2022_block--bdesign2022_pageheader\">\n    <div class=\"bdesign2022_block--wrapper\">\n                                    <div class=\"bdesign2022_ph-wrap is-single\">\n                    <div class=\"bdesign2022_ph-slide slidestyle-is-black orig-is-svartur active\">\n                        <div class=\"slide-image\">\n                            <img decoding=\"async\" class=\"img-fluid logo\" src=\"https:\/\/www.bdesign-floors.com\/wp-content\/uploads\/2022\/08\/wissenswertes-boden-b-design.jpg\" srcset=\"https:\/\/www.bdesign-floors.com\/wp-content\/uploads\/2022\/08\/wissenswertes-boden-b-design.jpg 1110w, https:\/\/www.bdesign-floors.com\/wp-content\/uploads\/2022\/08\/wissenswertes-boden-b-design-768x521.jpg 768w, https:\/\/www.bdesign-floors.com\/wp-content\/uploads\/2022\/08\/wissenswertes-boden-b-design-442x300.jpg 442w\">                        <\/div>\n                        <div class=\"slide-area\">\n                            <div class=\"slide-area-wrapper\">\n                                <h1>Hlutir sem vert er a\u00f0 vita um b!design g\u00f3lf<\/h1>\n                                <h6>Lif\u00f0u heilbrig\u00f0ara &#8211; me\u00f0 h\u00f6nnunarv\u00ednylg\u00f3lfunum fr\u00e1 b!design<\/h6>\n                                                                                            <\/div>\n                            <div class=\"slide-image-mobile d-md-none\">\n                                <img decoding=\"async\" class=\"img-fluid logo\" src=\"https:\/\/www.bdesign-floors.com\/wp-content\/uploads\/2022\/08\/wissenswertes-boden-b-design.jpg\" srcset=\"https:\/\/www.bdesign-floors.com\/wp-content\/uploads\/2022\/08\/wissenswertes-boden-b-design.jpg 1110w, https:\/\/www.bdesign-floors.com\/wp-content\/uploads\/2022\/08\/wissenswertes-boden-b-design-768x521.jpg 768w, https:\/\/www.bdesign-floors.com\/wp-content\/uploads\/2022\/08\/wissenswertes-boden-b-design-442x300.jpg 442w\">                            <\/div>\n                        <\/div>\n                    <\/div>\n                <\/div>\n                        <\/div>\n<\/div>\n<div id=\"bdesign2022_headline_block_62e922710cc19\" class=\"bdesign2022_block bdesign2022_block--bdesign2022_headline\">\n    <div class=\"bdesign2022_block--wrapper\">\n        <div class=\"container my-4\">\n            \n                                    <h5 class=\"h5 texta-byrjun mt-5 mb-3\">gagnlegar uppl\u00fdsingar<\/h5>\n                                                    <h2 class=\"h2 texta-byrjun mt-2 mb-4\">B!h\u00f6nnunarg\u00f3lfin skapa grunninn fyrir \u00e1hyggjulausu l\u00edfi<\/h2>\n                                \n                        <\/div>\n    <\/div>\n<\/div>\n<div id=\"bdesign2022_2columntext_block_62e923a916b97\" class=\"bdesign2022_block bdesign2022_block--bdesign2022_2columntext\">\n    <div class=\"bdesign2022_block--wrapper\">\n        <div class=\"container my-4\">\n            <div class=\"row align-items-start\">\n                <div class=\"col-12 col-xxl-4 offset-0 offset-xxl-2 my-3\">\n                    <p>\u00de\u00fa kaupir ekki n\u00fdtt g\u00f3lf \u00e1 hverjum degi, \u00fea\u00f0 er eign fyrir l\u00edfi\u00f0. \u00deess vegna skiljum vi\u00f0 n\u00e1kv\u00e6mlega hversu erfitt \u00fea\u00f0 er a\u00f0 velja \u00feann r\u00e9tta. En hvernig veistu hver er r\u00e9ttur fyrir \u00feig? Vi\u00f0 a\u00f0sto\u00f0um \u00feig og veitum \u00fe\u00e9r gagnlegar uppl\u00fdsingar um hva\u00f0 \u00fe\u00fa \u00e6ttir a\u00f0 varast vi\u00f0 kaup ef \u00fe\u00fa leggur miki\u00f0 upp \u00far g\u00e6\u00f0um, vinnu og uppsetningu g\u00f3lfsins. Vi\u00f0 m\u00e6lum me\u00f0 b!design g\u00f3lfi,<\/p>\n                <\/div>\n                <div class=\"c0l-12 col-xxl-4 xxl-3 my-3\">\n                    <p>\u00far h\u00e1u hlutfalli n\u00e1tt\u00farulegra efna. H\u00e1g\u00e6\u00f0a v\u00ednylg\u00f3lfin innihalda hvorki PVC, PCB, d\u00edox\u00edn n\u00e9 \u00f6nnur efnabindiefni sem geta gufa\u00f0 upp. \u00deetta \u00fe\u00fd\u00f0ir fyrir \u00feig: engin \u00fatsetning fyrir mengunarefnum \u00ed daglegu l\u00edfi. \u00deetta er grunnurinn sem gerir g\u00f3lfin okkar a\u00f0 \u00fev\u00ed sem \u00feau eru: n\u00e1tt\u00faruleg g\u00f3lf sem eru ofn\u00e6misv\u00e6n og hreinl\u00e6tisleg.<\/p>\n                <\/div>\n            <\/div>\n        <\/div>\n    <\/div>\n<\/div>\n<div id=\"bdesign2022_imagetext_block_62f63b3a5464c\" class=\"bdesign2022_block bdesign2022_block--bdesign2022_imagetext\">\n    <div class=\"bdesign2022_block--wrapper\">\n        <div class=\"container\">\n            <div class=\"row align-items-center align-items-xxl-start align-items-xxxl-center\">\n                <div class=\"col-12 col-xl-7 col-xxl-6 col-xxxl-4 col-type-is-imagetext col-count-is-1\"><h3>algengar spurningar<\/h3><p>Hefur \u00fe\u00fa einhverjar spurningar um v\u00f6rur okkar? H\u00e9r finnur \u00fe\u00fa sv\u00f6r vi\u00f0 algengum spurningum um b!design design vinylg\u00f3lf. Finndu \u00fat n\u00fana!<\/p>\n<a class=\"btn btn-bdesign2022 btn-pagelink\" href=\"https:\/\/www.bdesign-floors.com\/wissenswertes\/haeufig-gestellte-fragen\/\">algengar spurningar<\/a><\/div><div class=\"d-block d-md-block col-md-7 col-xl-4 col-xxl-5 col-xxxl-7 col-type-is-image col-count-is-2\"><img decoding=\"async\" class=\"img-fluid col-img\" src=\"https:\/\/www.bdesign-floors.com\/wp-content\/uploads\/2022\/08\/faq-boden-b-design.jpg\" srcset=\"https:\/\/www.bdesign-floors.com\/wp-content\/uploads\/2022\/08\/faq-boden-b-design.jpg 1110w, https:\/\/www.bdesign-floors.com\/wp-content\/uploads\/2022\/08\/faq-boden-b-design-768x510.jpg 768w, https:\/\/www.bdesign-floors.com\/wp-content\/uploads\/2022\/08\/faq-boden-b-design-452x300.jpg 452w\"><\/div>            <\/div>\n        <\/div>\n    <\/div>\n<\/div>\n<div id=\"bdesign2022_imagetext_block_62f63b855464d\" class=\"bdesign2022_block bdesign2022_block--bdesign2022_imagetext\">\n    <div class=\"bdesign2022_block--wrapper\">\n        <div class=\"container\">\n            <div class=\"row align-items-center align-items-xxl-start align-items-xxxl-center\">\n                <div class=\"d-block d-md-block col-md-7 col-xl-4 col-xxl-5 col-xxxl-7 col-type-is-image col-count-is-1\"><img decoding=\"async\" class=\"img-fluid col-img\" src=\"https:\/\/www.bdesign-floors.com\/wp-content\/uploads\/2022\/08\/sentinel-haus-zertifikat-vorteile-boden-b-design.jpg\" srcset=\"https:\/\/www.bdesign-floors.com\/wp-content\/uploads\/2022\/08\/sentinel-haus-zertifikat-vorteile-boden-b-design.jpg 1110w, https:\/\/www.bdesign-floors.com\/wp-content\/uploads\/2022\/08\/sentinel-haus-zertifikat-vorteile-boden-b-design-768x510.jpg 768w, https:\/\/www.bdesign-floors.com\/wp-content\/uploads\/2022\/08\/sentinel-haus-zertifikat-vorteile-boden-b-design-452x300.jpg 452w\"><\/div><div class=\"col-12 col-xl-7 col-xxl-6 col-xxxl-4 col-type-is-imagetext col-count-is-2\"><h3>Heilbrigt l\u00edf me\u00f0 Sentinel House sem samstarfsa\u00f0ila<\/h3><p>Sentinel Haus Institut er marka\u00f0s- og \u00feekkingarlei\u00f0togi fyrir heilsu \u00ed byggingum og gefur eing\u00f6ngu \u00fat v\u00f6rur sem hafa veri\u00f0 pr\u00f3fa\u00f0ar fyrir ska\u00f0legum efnum. \u00deess vegna erum vi\u00f0 stolt af \u00fev\u00ed a\u00f0 telja okkur sj\u00e1lf sem samstarfsa\u00f0ila.<\/p>\n<a class=\"btn btn-bdesign2022 btn-pagelink\" href=\"https:\/\/www.bdesign-floors.com\/wissenswertes\/gesundes-wohnen\/\">Heilbrig\u00f0ur l\u00edfst\u00edll<\/a><\/div>            <\/div>\n        <\/div>\n    <\/div>\n<\/div>\n","protected":false},"excerpt":{"rendered":"","protected":false},"author":8,"featured_media":0,"parent":0,"menu_order":4,"comment_status":"closed","ping_status":"closed","template":"","meta":{"_acf_changed":false,"footnotes":""},"class_list":["post-13727","page","type-page","status-publish","hentry"],"acf":[],"yoast_head":"<!-- This site is optimized with the Yoast SEO plugin v24.2 - https:\/\/yoast.com\/wordpress\/plugins\/seo\/ -->\n<title>Vert a\u00f0 vita | b!h\u00f6nnun<\/title>\n<meta name=\"description\" content=\"Kynntu \u00fe\u00e9r allt sem \u00fe\u00fa \u00fearft a\u00f0 vita um b!design g\u00f3lfefni sem og \u00ferif, umhir\u00f0u, uppsetningu og fleira \u00ed lei\u00f0beiningunum okkar. L\u00e1ttu vita n\u00fana!\" \/>\n<meta name=\"robots\" content=\"index, follow, max-snippet:-1, max-image-preview:large, max-video-preview:-1\" \/>\n<link rel=\"canonical\" href=\"https:\/\/www.bdesign-floors.com\/is\/gagnlegar-upplysingar\/\" \/>\n<meta property=\"og:locale\" content=\"is_IS\" \/>\n<meta property=\"og:type\" content=\"article\" \/>\n<meta property=\"og:title\" content=\"Vert a\u00f0 vita | b!h\u00f6nnun\" \/>\n<meta property=\"og:description\" content=\"Kynntu \u00fe\u00e9r allt sem \u00fe\u00fa \u00fearft a\u00f0 vita um b!design g\u00f3lfefni sem og \u00ferif, umhir\u00f0u, uppsetningu og fleira \u00ed lei\u00f0beiningunum okkar. L\u00e1ttu vita n\u00fana!\" \/>\n<meta property=\"og:url\" content=\"https:\/\/www.bdesign-floors.com\/is\/gagnlegar-upplysingar\/\" \/>\n<meta property=\"og:site_name\" content=\"b!design\" \/>\n<meta property=\"article:modified_time\" content=\"2022-09-21T11:18:59+00:00\" \/>\n<meta name=\"twitter:card\" content=\"summary_large_image\" \/>\n<script type=\"application\/ld+json\" class=\"yoast-schema-graph\">{\"@context\":\"https:\/\/schema.org\",\"@graph\":[{\"@type\":\"WebPage\",\"@id\":\"https:\/\/www.bdesign-floors.com\/is\/gagnlegar-upplysingar\/\",\"url\":\"https:\/\/www.bdesign-floors.com\/is\/gagnlegar-upplysingar\/\",\"name\":\"Vert a\u00f0 vita | b!h\u00f6nnun\",\"isPartOf\":{\"@id\":\"https:\/\/bdesign.wp.factory.blim-dev.com\/#website\"},\"datePublished\":\"2022-09-12T14:40:10+00:00\",\"dateModified\":\"2022-09-21T11:18:59+00:00\",\"description\":\"Kynntu \u00fe\u00e9r allt sem \u00fe\u00fa \u00fearft a\u00f0 vita um b!design g\u00f3lfefni sem og \u00ferif, umhir\u00f0u, uppsetningu og fleira \u00ed lei\u00f0beiningunum okkar. L\u00e1ttu vita n\u00fana!\",\"breadcrumb\":{\"@id\":\"https:\/\/www.bdesign-floors.com\/is\/gagnlegar-upplysingar\/#breadcrumb\"},\"inLanguage\":\"is\",\"potentialAction\":[{\"@type\":\"ReadAction\",\"target\":[\"https:\/\/www.bdesign-floors.com\/is\/gagnlegar-upplysingar\/\"]}]},{\"@type\":\"BreadcrumbList\",\"@id\":\"https:\/\/www.bdesign-floors.com\/is\/gagnlegar-upplysingar\/#breadcrumb\",\"itemListElement\":[{\"@type\":\"ListItem\",\"position\":1,\"name\":\"Home\",\"item\":\"https:\/\/www.bdesign-floors.com\/is\/\"},{\"@type\":\"ListItem\",\"position\":2,\"name\":\"gagnlegar uppl\u00fdsingar\"}]},{\"@type\":\"WebSite\",\"@id\":\"https:\/\/bdesign.wp.factory.blim-dev.com\/#website\",\"url\":\"https:\/\/bdesign.wp.factory.blim-dev.com\/\",\"name\":\"b!design\",\"description\":\"Just another WordPress site\",\"potentialAction\":[{\"@type\":\"SearchAction\",\"target\":{\"@type\":\"EntryPoint\",\"urlTemplate\":\"https:\/\/bdesign.wp.factory.blim-dev.com\/?s={search_term_string}\"},\"query-input\":{\"@type\":\"PropertyValueSpecification\",\"valueRequired\":true,\"valueName\":\"search_term_string\"}}],\"inLanguage\":\"is\"}]}<\/script>\n<!-- \/ Yoast SEO plugin. -->","yoast_head_json":{"title":"Vert a\u00f0 vita | b!h\u00f6nnun","description":"Kynntu \u00fe\u00e9r allt sem \u00fe\u00fa \u00fearft a\u00f0 vita um b!design g\u00f3lfefni sem og \u00ferif, umhir\u00f0u, uppsetningu og fleira \u00ed lei\u00f0beiningunum okkar. L\u00e1ttu vita n\u00fana!","robots":{"index":"index","follow":"follow","max-snippet":"max-snippet:-1","max-image-preview":"max-image-preview:large","max-video-preview":"max-video-preview:-1"},"canonical":"https:\/\/www.bdesign-floors.com\/is\/gagnlegar-upplysingar\/","og_locale":"is_IS","og_type":"article","og_title":"Vert a\u00f0 vita | b!h\u00f6nnun","og_description":"Kynntu \u00fe\u00e9r allt sem \u00fe\u00fa \u00fearft a\u00f0 vita um b!design g\u00f3lfefni sem og \u00ferif, umhir\u00f0u, uppsetningu og fleira \u00ed lei\u00f0beiningunum okkar. L\u00e1ttu vita n\u00fana!","og_url":"https:\/\/www.bdesign-floors.com\/is\/gagnlegar-upplysingar\/","og_site_name":"b!design","article_modified_time":"2022-09-21T11:18:59+00:00","twitter_card":"summary_large_image","schema":{"@context":"https:\/\/schema.org","@graph":[{"@type":"WebPage","@id":"https:\/\/www.bdesign-floors.com\/is\/gagnlegar-upplysingar\/","url":"https:\/\/www.bdesign-floors.com\/is\/gagnlegar-upplysingar\/","name":"Vert a\u00f0 vita | b!h\u00f6nnun","isPartOf":{"@id":"https:\/\/bdesign.wp.factory.blim-dev.com\/#website"},"datePublished":"2022-09-12T14:40:10+00:00","dateModified":"2022-09-21T11:18:59+00:00","description":"Kynntu \u00fe\u00e9r allt sem \u00fe\u00fa \u00fearft a\u00f0 vita um b!design g\u00f3lfefni sem og \u00ferif, umhir\u00f0u, uppsetningu og fleira \u00ed lei\u00f0beiningunum okkar. L\u00e1ttu vita n\u00fana!","breadcrumb":{"@id":"https:\/\/www.bdesign-floors.com\/is\/gagnlegar-upplysingar\/#breadcrumb"},"inLanguage":"is","potentialAction":[{"@type":"ReadAction","target":["https:\/\/www.bdesign-floors.com\/is\/gagnlegar-upplysingar\/"]}]},{"@type":"BreadcrumbList","@id":"https:\/\/www.bdesign-floors.com\/is\/gagnlegar-upplysingar\/#breadcrumb","itemListElement":[{"@type":"ListItem","position":1,"name":"Home","item":"https:\/\/www.bdesign-floors.com\/is\/"},{"@type":"ListItem","position":2,"name":"gagnlegar uppl\u00fdsingar"}]},{"@type":"WebSite","@id":"https:\/\/bdesign.wp.factory.blim-dev.com\/#website","url":"https:\/\/bdesign.wp.factory.blim-dev.com\/","name":"b!design","description":"Just another WordPress site","potentialAction":[{"@type":"SearchAction","target":{"@type":"EntryPoint","urlTemplate":"https:\/\/bdesign.wp.factory.blim-dev.com\/?s={search_term_string}"},"query-input":{"@type":"PropertyValueSpecification","valueRequired":true,"valueName":"search_term_string"}}],"inLanguage":"is"}]}},"_links":{"self":[{"href":"https:\/\/www.bdesign-floors.com\/is\/wp-json\/wp\/v2\/pages\/13727","targetHints":{"allow":["GET"]}}],"collection":[{"href":"https:\/\/www.bdesign-floors.com\/is\/wp-json\/wp\/v2\/pages"}],"about":[{"href":"https:\/\/www.bdesign-floors.com\/is\/wp-json\/wp\/v2\/types\/page"}],"author":[{"embeddable":true,"href":"https:\/\/www.bdesign-floors.com\/is\/wp-json\/wp\/v2\/users\/8"}],"replies":[{"embeddable":true,"href":"https:\/\/www.bdesign-floors.com\/is\/wp-json\/wp\/v2\/comments?post=13727"}],"version-history":[{"count":2,"href":"https:\/\/www.bdesign-floors.com\/is\/wp-json\/wp\/v2\/pages\/13727\/revisions"}],"predecessor-version":[{"id":16498,"href":"https:\/\/www.bdesign-floors.com\/is\/wp-json\/wp\/v2\/pages\/13727\/revisions\/16498"}],"wp:attachment":[{"href":"https:\/\/www.bdesign-floors.com\/is\/wp-json\/wp\/v2\/media?parent=13727"}],"curies":[{"name":"wp","href":"https:\/\/api.w.org\/{rel}","templated":true}]}}