{"id":13788,"date":"2022-09-12T16:42:48","date_gmt":"2022-09-12T14:42:48","guid":{"rendered":"https:\/\/www.bdesign-floors.com\/gagnlegar-upplysingar\/algengar-spurningar\/"},"modified":"2022-09-21T10:59:59","modified_gmt":"2022-09-21T08:59:59","slug":"algengar-spurningar","status":"publish","type":"page","link":"https:\/\/www.bdesign-floors.com\/is\/gagnlegar-upplysingar\/algengar-spurningar\/","title":{"rendered":"algengar spurningar"},"content":{"rendered":"<div id=\"bdesign2022_pageheader_block_62dfd623856fa\" class=\"bdesign2022_block bdesign2022_block--bdesign2022_pageheader\">\n    <div class=\"bdesign2022_block--wrapper\">\n                                    <div class=\"bdesign2022_ph-wrap is-single\">\n                    <div class=\"bdesign2022_ph-slide slidestyle-is-black orig-is-svartur active\">\n                        <div class=\"slide-image\">\n                            <img decoding=\"async\" class=\"img-fluid logo\" src=\"https:\/\/www.bdesign-floors.com\/wp-content\/uploads\/2022\/08\/faq-designboden-b-design.jpg\" srcset=\"https:\/\/www.bdesign-floors.com\/wp-content\/uploads\/2022\/08\/faq-designboden-b-design.jpg 1110w, https:\/\/www.bdesign-floors.com\/wp-content\/uploads\/2022\/08\/faq-designboden-b-design-768x521.jpg 768w, https:\/\/www.bdesign-floors.com\/wp-content\/uploads\/2022\/08\/faq-designboden-b-design-442x300.jpg 442w\">                        <\/div>\n                        <div class=\"slide-area\">\n                            <div class=\"slide-area-wrapper\">\n                                <h1>algengar spurningar<\/h1>\n                                <h6>Hefur \u00fe\u00fa spurningar um hinar \u00fdmsu b!design v\u00f6rur? H\u00e9r finnur \u00fe\u00fa sv\u00f6r vi\u00f0 algengustu spurningunum.<\/h6>\n                                                                                            <\/div>\n                            <div class=\"slide-image-mobile d-md-none\">\n                                <img decoding=\"async\" class=\"img-fluid logo\" src=\"https:\/\/www.bdesign-floors.com\/wp-content\/uploads\/2022\/08\/faq-designboden-b-design.jpg\" srcset=\"https:\/\/www.bdesign-floors.com\/wp-content\/uploads\/2022\/08\/faq-designboden-b-design.jpg 1110w, https:\/\/www.bdesign-floors.com\/wp-content\/uploads\/2022\/08\/faq-designboden-b-design-768x521.jpg 768w, https:\/\/www.bdesign-floors.com\/wp-content\/uploads\/2022\/08\/faq-designboden-b-design-442x300.jpg 442w\">                            <\/div>\n                        <\/div>\n                    <\/div>\n                <\/div>\n                        <\/div>\n<\/div>\n<div id=\"bdesign2022_imagetext_block_62eb9d29cd1df\" class=\"bdesign2022_block bdesign2022_block--bdesign2022_imagetext\">\n    <div class=\"bdesign2022_block--wrapper\">\n        <div class=\"container\">\n            <div class=\"row align-items-center align-items-xxl-start align-items-xxxl-center\">\n                <div class=\"d-block d-md-block col-md-7 col-xl-4 col-xxl-5 col-xxxl-7 col-type-is-image col-count-is-1\"><img decoding=\"async\" class=\"img-fluid col-img\" src=\"https:\/\/www.bdesign-floors.com\/wp-content\/uploads\/2022\/09\/lvt-designboden-faq-b-design.jpg\" srcset=\"https:\/\/www.bdesign-floors.com\/wp-content\/uploads\/2022\/09\/lvt-designboden-faq-b-design.jpg 1110w, https:\/\/www.bdesign-floors.com\/wp-content\/uploads\/2022\/09\/lvt-designboden-faq-b-design-768x510.jpg 768w, https:\/\/www.bdesign-floors.com\/wp-content\/uploads\/2022\/09\/lvt-designboden-faq-b-design-452x300.jpg 452w\"><\/div><a href=\"https:\/\/www.bdesign-floors.com\/faq-category\/allgemeine-fragen-antworten\/\" class=\"col-12 col-md-5 col-type-is-faq faq-cat-is- col-count-is-2\"><h3>Almennar spurningar um b!design v\u00f6rurnar<\/h3><\/a>            <\/div>\n        <\/div>\n    <\/div>\n<\/div>\n<div id=\"bdesign2022_spacer_block_62eb9b93930b4\" class=\"bdesign2022_block bdesign2022_block--bdesign2022_spacer\">\n    <div class=\"bdesign2022_block--wrapper\">\n        <div class=\"spacer\" style=\"height: 100px\"><\/div>\n    <\/div>\n<\/div>\n","protected":false},"excerpt":{"rendered":"","protected":false},"author":8,"featured_media":0,"parent":13727,"menu_order":4,"comment_status":"closed","ping_status":"closed","template":"","meta":{"_acf_changed":false,"footnotes":""},"class_list":["post-13788","page","type-page","status-publish","hentry"],"acf":[],"yoast_head":"<!-- This site is optimized with the Yoast SEO plugin v24.2 - https:\/\/yoast.com\/wordpress\/plugins\/seo\/ -->\n<title>Algengar spurningar | b!h\u00f6nnun<\/title>\n<meta name=\"description\" content=\"Hefur \u00fe\u00fa spurningar um hinar \u00fdmsu b!design v\u00f6rur? H\u00e9r finnur \u00fe\u00fa sv\u00f6r vi\u00f0 algengustu spurningunum.\" \/>\n<meta name=\"robots\" content=\"index, follow, max-snippet:-1, max-image-preview:large, max-video-preview:-1\" \/>\n<link rel=\"canonical\" href=\"https:\/\/www.bdesign-floors.com\/is\/gagnlegar-upplysingar\/algengar-spurningar\/\" \/>\n<meta property=\"og:locale\" content=\"is_IS\" \/>\n<meta property=\"og:type\" content=\"article\" \/>\n<meta property=\"og:title\" content=\"Algengar spurningar | b!h\u00f6nnun\" \/>\n<meta property=\"og:description\" content=\"Hefur \u00fe\u00fa spurningar um hinar \u00fdmsu b!design v\u00f6rur? H\u00e9r finnur \u00fe\u00fa sv\u00f6r vi\u00f0 algengustu spurningunum.\" \/>\n<meta property=\"og:url\" content=\"https:\/\/www.bdesign-floors.com\/is\/gagnlegar-upplysingar\/algengar-spurningar\/\" \/>\n<meta property=\"og:site_name\" content=\"b!design\" \/>\n<meta property=\"article:modified_time\" content=\"2022-09-21T08:59:59+00:00\" \/>\n<meta name=\"twitter:card\" content=\"summary_large_image\" \/>\n<script type=\"application\/ld+json\" class=\"yoast-schema-graph\">{\"@context\":\"https:\/\/schema.org\",\"@graph\":[{\"@type\":\"WebPage\",\"@id\":\"https:\/\/www.bdesign-floors.com\/is\/gagnlegar-upplysingar\/algengar-spurningar\/\",\"url\":\"https:\/\/www.bdesign-floors.com\/is\/gagnlegar-upplysingar\/algengar-spurningar\/\",\"name\":\"Algengar spurningar | b!h\u00f6nnun\",\"isPartOf\":{\"@id\":\"https:\/\/bdesign.wp.factory.blim-dev.com\/#website\"},\"datePublished\":\"2022-09-12T14:42:48+00:00\",\"dateModified\":\"2022-09-21T08:59:59+00:00\",\"description\":\"Hefur \u00fe\u00fa spurningar um hinar \u00fdmsu b!design v\u00f6rur? H\u00e9r finnur \u00fe\u00fa sv\u00f6r vi\u00f0 algengustu spurningunum.\",\"breadcrumb\":{\"@id\":\"https:\/\/www.bdesign-floors.com\/is\/gagnlegar-upplysingar\/algengar-spurningar\/#breadcrumb\"},\"inLanguage\":\"is\",\"potentialAction\":[{\"@type\":\"ReadAction\",\"target\":[\"https:\/\/www.bdesign-floors.com\/is\/gagnlegar-upplysingar\/algengar-spurningar\/\"]}]},{\"@type\":\"BreadcrumbList\",\"@id\":\"https:\/\/www.bdesign-floors.com\/is\/gagnlegar-upplysingar\/algengar-spurningar\/#breadcrumb\",\"itemListElement\":[{\"@type\":\"ListItem\",\"position\":1,\"name\":\"Home\",\"item\":\"https:\/\/www.bdesign-floors.com\/is\/\"},{\"@type\":\"ListItem\",\"position\":2,\"name\":\"gagnlegar uppl\u00fdsingar\",\"item\":\"https:\/\/bdesign.wp.factory.blim-dev.com\/is\/gagnlegar-upplysingar\/\"},{\"@type\":\"ListItem\",\"position\":3,\"name\":\"algengar spurningar\"}]},{\"@type\":\"WebSite\",\"@id\":\"https:\/\/bdesign.wp.factory.blim-dev.com\/#website\",\"url\":\"https:\/\/bdesign.wp.factory.blim-dev.com\/\",\"name\":\"b!design\",\"description\":\"Just another WordPress site\",\"potentialAction\":[{\"@type\":\"SearchAction\",\"target\":{\"@type\":\"EntryPoint\",\"urlTemplate\":\"https:\/\/bdesign.wp.factory.blim-dev.com\/?s={search_term_string}\"},\"query-input\":{\"@type\":\"PropertyValueSpecification\",\"valueRequired\":true,\"valueName\":\"search_term_string\"}}],\"inLanguage\":\"is\"}]}<\/script>\n<!-- \/ Yoast SEO plugin. -->","yoast_head_json":{"title":"Algengar spurningar | b!h\u00f6nnun","description":"Hefur \u00fe\u00fa spurningar um hinar \u00fdmsu b!design v\u00f6rur? H\u00e9r finnur \u00fe\u00fa sv\u00f6r vi\u00f0 algengustu spurningunum.","robots":{"index":"index","follow":"follow","max-snippet":"max-snippet:-1","max-image-preview":"max-image-preview:large","max-video-preview":"max-video-preview:-1"},"canonical":"https:\/\/www.bdesign-floors.com\/is\/gagnlegar-upplysingar\/algengar-spurningar\/","og_locale":"is_IS","og_type":"article","og_title":"Algengar spurningar | b!h\u00f6nnun","og_description":"Hefur \u00fe\u00fa spurningar um hinar \u00fdmsu b!design v\u00f6rur? H\u00e9r finnur \u00fe\u00fa sv\u00f6r vi\u00f0 algengustu spurningunum.","og_url":"https:\/\/www.bdesign-floors.com\/is\/gagnlegar-upplysingar\/algengar-spurningar\/","og_site_name":"b!design","article_modified_time":"2022-09-21T08:59:59+00:00","twitter_card":"summary_large_image","schema":{"@context":"https:\/\/schema.org","@graph":[{"@type":"WebPage","@id":"https:\/\/www.bdesign-floors.com\/is\/gagnlegar-upplysingar\/algengar-spurningar\/","url":"https:\/\/www.bdesign-floors.com\/is\/gagnlegar-upplysingar\/algengar-spurningar\/","name":"Algengar spurningar | b!h\u00f6nnun","isPartOf":{"@id":"https:\/\/bdesign.wp.factory.blim-dev.com\/#website"},"datePublished":"2022-09-12T14:42:48+00:00","dateModified":"2022-09-21T08:59:59+00:00","description":"Hefur \u00fe\u00fa spurningar um hinar \u00fdmsu b!design v\u00f6rur? H\u00e9r finnur \u00fe\u00fa sv\u00f6r vi\u00f0 algengustu spurningunum.","breadcrumb":{"@id":"https:\/\/www.bdesign-floors.com\/is\/gagnlegar-upplysingar\/algengar-spurningar\/#breadcrumb"},"inLanguage":"is","potentialAction":[{"@type":"ReadAction","target":["https:\/\/www.bdesign-floors.com\/is\/gagnlegar-upplysingar\/algengar-spurningar\/"]}]},{"@type":"BreadcrumbList","@id":"https:\/\/www.bdesign-floors.com\/is\/gagnlegar-upplysingar\/algengar-spurningar\/#breadcrumb","itemListElement":[{"@type":"ListItem","position":1,"name":"Home","item":"https:\/\/www.bdesign-floors.com\/is\/"},{"@type":"ListItem","position":2,"name":"gagnlegar uppl\u00fdsingar","item":"https:\/\/bdesign.wp.factory.blim-dev.com\/is\/gagnlegar-upplysingar\/"},{"@type":"ListItem","position":3,"name":"algengar spurningar"}]},{"@type":"WebSite","@id":"https:\/\/bdesign.wp.factory.blim-dev.com\/#website","url":"https:\/\/bdesign.wp.factory.blim-dev.com\/","name":"b!design","description":"Just another WordPress site","potentialAction":[{"@type":"SearchAction","target":{"@type":"EntryPoint","urlTemplate":"https:\/\/bdesign.wp.factory.blim-dev.com\/?s={search_term_string}"},"query-input":{"@type":"PropertyValueSpecification","valueRequired":true,"valueName":"search_term_string"}}],"inLanguage":"is"}]}},"_links":{"self":[{"href":"https:\/\/www.bdesign-floors.com\/is\/wp-json\/wp\/v2\/pages\/13788","targetHints":{"allow":["GET"]}}],"collection":[{"href":"https:\/\/www.bdesign-floors.com\/is\/wp-json\/wp\/v2\/pages"}],"about":[{"href":"https:\/\/www.bdesign-floors.com\/is\/wp-json\/wp\/v2\/types\/page"}],"author":[{"embeddable":true,"href":"https:\/\/www.bdesign-floors.com\/is\/wp-json\/wp\/v2\/users\/8"}],"replies":[{"embeddable":true,"href":"https:\/\/www.bdesign-floors.com\/is\/wp-json\/wp\/v2\/comments?post=13788"}],"version-history":[{"count":2,"href":"https:\/\/www.bdesign-floors.com\/is\/wp-json\/wp\/v2\/pages\/13788\/revisions"}],"predecessor-version":[{"id":16247,"href":"https:\/\/www.bdesign-floors.com\/is\/wp-json\/wp\/v2\/pages\/13788\/revisions\/16247"}],"up":[{"embeddable":true,"href":"https:\/\/www.bdesign-floors.com\/is\/wp-json\/wp\/v2\/pages\/13727"}],"wp:attachment":[{"href":"https:\/\/www.bdesign-floors.com\/is\/wp-json\/wp\/v2\/media?parent=13788"}],"curies":[{"name":"wp","href":"https:\/\/api.w.org\/{rel}","templated":true}]}}