{"id":13941,"date":"2022-09-12T16:54:25","date_gmt":"2022-09-12T14:54:25","guid":{"rendered":"https:\/\/www.bdesign-floors.com\/aletrun\/"},"modified":"2022-09-12T16:54:25","modified_gmt":"2022-09-12T14:54:25","slug":"aletrun","status":"publish","type":"page","link":"https:\/\/www.bdesign-floors.com\/is\/um-okkur\/aletrun\/","title":{"rendered":"\u00e1letrun"},"content":{"rendered":"<div id=\"bdesign2022_spacer_block_63061d222b814\" class=\"bdesign2022_block bdesign2022_block--bdesign2022_spacer\">\n    <div class=\"bdesign2022_block--wrapper\">\n        <div class=\"spacer\" style=\"height: 100px\"><\/div>\n    <\/div>\n<\/div>\n<div id=\"bdesign2022_customcontent_block_63061cc72b813\" class=\"bdesign2022_block bdesign2022_block--bdesign2022_customcontent\">\n    <div class=\"bdesign2022_block--wrapper\">\n        <div class=\"container\">\n            <div class=\"row\">\n                \n                    <div class=\"col-0 col-sm-2\"><\/div>\n                    <div class=\"col-12 col-sm-10 my-4\">\n                        <h1>\u00e1letrun<\/h1>\n<p><strong>Rekstrara\u00f0ili \u00feessarar vefs\u00ed\u00f0u er<\/strong><\/p>\n<p>BAUHAUS E-Business GmbH &amp; Co. KG<br \/>\nGutenbergstrasse 21<br \/>\nD-68167 Mannheim<\/p>\n<p>VSK-n\u00famer: DE 156673152<br \/>\nH\u00e9ra\u00f0sd\u00f3mur Mannheims: HRA 3983<\/p>\n<p>S\u00edmi: <a href=\"tel:8003905000\">+49 800 3905 000<\/a><br \/>\nNetfang: <a href=\"mailto:service@bauhaus.info\">service@bauhaus.info<\/a><\/p>\n<h2>Pers\u00f3nulega \u00e1byrg\u00f0ara\u00f0ili<\/h2>\n<p>Werkhaus GmbH<br \/>\nH\u00f6fu\u00f0st\u00f6\u00f0var: Mannheim<br \/>\nH\u00e9ra\u00f0sd\u00f3mur Mannheims HRB 6426<br \/>\nFramkv\u00e6mdastj\u00f3rar: Bernd Baus, Lutz Fiedler<\/p>\n<h2>Fyrirvari<\/h2>\n<p>\u00der\u00e1tt fyrir vanda\u00f0 efniseftirlit t\u00f6kum vi\u00f0 enga \u00e1byrg\u00f0 \u00e1 innihaldi ytri tengla. Rekstrara\u00f0ilar tengdra s\u00ed\u00f0na bera einir \u00e1byrg\u00f0 \u00e1 innihaldi \u00feeirra.<\/p>\n<h2>Fyrirvari<\/h2>\n<p>Vi\u00f0 \u00e1byrgjumst ekki r\u00e9ttm\u00e6ti hvers efnis. Framl\u00f6gin eru bygg\u00f0 \u00e1 heimildum sem vi\u00f0 teljum vera \u00e1rei\u00f0anlegar. \u00dev\u00ed er ekki h\u00e6gt a\u00f0 gera r\u00e1\u00f0 fyrir \u00e1byrg\u00f0 e\u00f0a \u00e1byrg\u00f0 \u00e1 m\u00e1lefnaleika, r\u00e9ttm\u00e6ti og heilleika veittra uppl\u00fdsinga.<br \/>\nTil notkunar og\/e\u00f0a mi\u00f0lunar \u00e1 efni \u00feessarar vefs\u00ed\u00f0u \u00ed atvinnuskyni \u00fearf skriflegt sam\u00feykki.<br \/>\nUppl\u00fdsingarnar \u00e1 vefs\u00ed\u00f0unni okkar voru b\u00fanar til af vandvirkni og bygg\u00f0ar \u00e1 n\u00faverandi t\u00e6kni \u00ed v\u00edsindum og t\u00e6kni. \u00deekkingarstig og reynslu er \u00ed st\u00f6\u00f0ugri \u00fer\u00f3un. \u00deess vegna skaltu ganga \u00far skugga um a\u00f0 \u00fe\u00fa sko\u00f0ir alltaf n\u00fdjustu \u00fatg\u00e1funa af vefs\u00ed\u00f0unni \u00e1\u00f0ur en \u00fe\u00fa framkv\u00e6mir verki\u00f0. Vinsamlegast skili\u00f0 a\u00f0 vi\u00f0 ver\u00f0um a\u00f0 takmarka \u00e1byrg\u00f0 okkar \u00e1 uppl\u00fdsingum \u00e1 \u00feessum s\u00ed\u00f0um vi\u00f0 \u00e1setning, st\u00f3rkostlegt g\u00e1leysi og brot \u00e1 nau\u00f0synlegum skyldum. V\u00f6ruums\u00f3knirnar sem l\u00fdst er geta ekki teki\u00f0 tillit til s\u00e9rstakra a\u00f0st\u00e6\u00f0na einstakra tilvika. Athuga\u00f0u \u00fev\u00ed v\u00f6rurnar sem nota\u00f0ar eru me\u00f0 tilliti til \u00feess a\u00f0 \u00fe\u00e6r henti fyrir tiltekna notkun og taktu alltaf tillit til notkunarlei\u00f0beininganna og framlei\u00f0anda.<\/p>\n<h2>myndainneign<\/h2>\n<p>\u00a9 Shutterstock ( <a href=\"https:\/\/www.shutterstock.com\/de\/\" target=\"_blank\" rel=\"noopener\">shutterstock.com<\/a> )<\/p>\n                    <\/div>\n\n                                <\/div>\n        <\/div>\n    <\/div>\n<\/div>\n<div id=\"bdesign2022_spacer_block_63061d3a2b815\" class=\"bdesign2022_block bdesign2022_block--bdesign2022_spacer\">\n    <div class=\"bdesign2022_block--wrapper\">\n        <div class=\"spacer\" style=\"height: 100px\"><\/div>\n    <\/div>\n<\/div>\n","protected":false},"excerpt":{"rendered":"","protected":false},"author":8,"featured_media":0,"parent":13955,"menu_order":4,"comment_status":"closed","ping_status":"closed","template":"","meta":{"_acf_changed":false,"footnotes":""},"class_list":["post-13941","page","type-page","status-publish","hentry"],"acf":[],"yoast_head":"<!-- This site is optimized with the Yoast SEO plugin v24.2 - https:\/\/yoast.com\/wordpress\/plugins\/seo\/ -->\n<title>\u00e1letrun - b!design<\/title>\n<meta name=\"robots\" content=\"index, follow, max-snippet:-1, max-image-preview:large, max-video-preview:-1\" \/>\n<link rel=\"canonical\" href=\"https:\/\/www.bdesign-floors.com\/is\/um-okkur\/aletrun\/\" \/>\n<meta property=\"og:locale\" content=\"is_IS\" \/>\n<meta property=\"og:type\" content=\"article\" \/>\n<meta property=\"og:title\" content=\"\u00e1letrun - b!design\" \/>\n<meta property=\"og:url\" content=\"https:\/\/www.bdesign-floors.com\/is\/um-okkur\/aletrun\/\" \/>\n<meta property=\"og:site_name\" content=\"b!design\" \/>\n<meta name=\"twitter:card\" content=\"summary_large_image\" \/>\n<script type=\"application\/ld+json\" class=\"yoast-schema-graph\">{\"@context\":\"https:\/\/schema.org\",\"@graph\":[{\"@type\":\"WebPage\",\"@id\":\"https:\/\/www.bdesign-floors.com\/is\/um-okkur\/aletrun\/\",\"url\":\"https:\/\/www.bdesign-floors.com\/is\/um-okkur\/aletrun\/\",\"name\":\"\u00e1letrun - b!design\",\"isPartOf\":{\"@id\":\"https:\/\/bdesign.wp.factory.blim-dev.com\/#website\"},\"datePublished\":\"2022-09-12T14:54:25+00:00\",\"dateModified\":\"2022-09-12T14:54:25+00:00\",\"breadcrumb\":{\"@id\":\"https:\/\/www.bdesign-floors.com\/is\/um-okkur\/aletrun\/#breadcrumb\"},\"inLanguage\":\"is\",\"potentialAction\":[{\"@type\":\"ReadAction\",\"target\":[\"https:\/\/www.bdesign-floors.com\/is\/um-okkur\/aletrun\/\"]}]},{\"@type\":\"BreadcrumbList\",\"@id\":\"https:\/\/www.bdesign-floors.com\/is\/um-okkur\/aletrun\/#breadcrumb\",\"itemListElement\":[{\"@type\":\"ListItem\",\"position\":1,\"name\":\"Home\",\"item\":\"https:\/\/www.bdesign-floors.com\/is\/\"},{\"@type\":\"ListItem\",\"position\":2,\"name\":\"\u00e1letrun\"}]},{\"@type\":\"WebSite\",\"@id\":\"https:\/\/bdesign.wp.factory.blim-dev.com\/#website\",\"url\":\"https:\/\/bdesign.wp.factory.blim-dev.com\/\",\"name\":\"b!design\",\"description\":\"Just another WordPress site\",\"potentialAction\":[{\"@type\":\"SearchAction\",\"target\":{\"@type\":\"EntryPoint\",\"urlTemplate\":\"https:\/\/bdesign.wp.factory.blim-dev.com\/?s={search_term_string}\"},\"query-input\":{\"@type\":\"PropertyValueSpecification\",\"valueRequired\":true,\"valueName\":\"search_term_string\"}}],\"inLanguage\":\"is\"}]}<\/script>\n<!-- \/ Yoast SEO plugin. -->","yoast_head_json":{"title":"\u00e1letrun - b!design","robots":{"index":"index","follow":"follow","max-snippet":"max-snippet:-1","max-image-preview":"max-image-preview:large","max-video-preview":"max-video-preview:-1"},"canonical":"https:\/\/www.bdesign-floors.com\/is\/um-okkur\/aletrun\/","og_locale":"is_IS","og_type":"article","og_title":"\u00e1letrun - b!design","og_url":"https:\/\/www.bdesign-floors.com\/is\/um-okkur\/aletrun\/","og_site_name":"b!design","twitter_card":"summary_large_image","schema":{"@context":"https:\/\/schema.org","@graph":[{"@type":"WebPage","@id":"https:\/\/www.bdesign-floors.com\/is\/um-okkur\/aletrun\/","url":"https:\/\/www.bdesign-floors.com\/is\/um-okkur\/aletrun\/","name":"\u00e1letrun - b!design","isPartOf":{"@id":"https:\/\/bdesign.wp.factory.blim-dev.com\/#website"},"datePublished":"2022-09-12T14:54:25+00:00","dateModified":"2022-09-12T14:54:25+00:00","breadcrumb":{"@id":"https:\/\/www.bdesign-floors.com\/is\/um-okkur\/aletrun\/#breadcrumb"},"inLanguage":"is","potentialAction":[{"@type":"ReadAction","target":["https:\/\/www.bdesign-floors.com\/is\/um-okkur\/aletrun\/"]}]},{"@type":"BreadcrumbList","@id":"https:\/\/www.bdesign-floors.com\/is\/um-okkur\/aletrun\/#breadcrumb","itemListElement":[{"@type":"ListItem","position":1,"name":"Home","item":"https:\/\/www.bdesign-floors.com\/is\/"},{"@type":"ListItem","position":2,"name":"\u00e1letrun"}]},{"@type":"WebSite","@id":"https:\/\/bdesign.wp.factory.blim-dev.com\/#website","url":"https:\/\/bdesign.wp.factory.blim-dev.com\/","name":"b!design","description":"Just another WordPress site","potentialAction":[{"@type":"SearchAction","target":{"@type":"EntryPoint","urlTemplate":"https:\/\/bdesign.wp.factory.blim-dev.com\/?s={search_term_string}"},"query-input":{"@type":"PropertyValueSpecification","valueRequired":true,"valueName":"search_term_string"}}],"inLanguage":"is"}]}},"_links":{"self":[{"href":"https:\/\/www.bdesign-floors.com\/is\/wp-json\/wp\/v2\/pages\/13941","targetHints":{"allow":["GET"]}}],"collection":[{"href":"https:\/\/www.bdesign-floors.com\/is\/wp-json\/wp\/v2\/pages"}],"about":[{"href":"https:\/\/www.bdesign-floors.com\/is\/wp-json\/wp\/v2\/types\/page"}],"author":[{"embeddable":true,"href":"https:\/\/www.bdesign-floors.com\/is\/wp-json\/wp\/v2\/users\/8"}],"replies":[{"embeddable":true,"href":"https:\/\/www.bdesign-floors.com\/is\/wp-json\/wp\/v2\/comments?post=13941"}],"version-history":[{"count":1,"href":"https:\/\/www.bdesign-floors.com\/is\/wp-json\/wp\/v2\/pages\/13941\/revisions"}],"predecessor-version":[{"id":13943,"href":"https:\/\/www.bdesign-floors.com\/is\/wp-json\/wp\/v2\/pages\/13941\/revisions\/13943"}],"up":[{"embeddable":true,"href":"https:\/\/www.bdesign-floors.com\/is\/wp-json\/wp\/v2\/pages\/13955"}],"wp:attachment":[{"href":"https:\/\/www.bdesign-floors.com\/is\/wp-json\/wp\/v2\/media?parent=13941"}],"curies":[{"name":"wp","href":"https:\/\/api.w.org\/{rel}","templated":true}]}}